{"id":1092,"date":"2021-04-19T13:26:39","date_gmt":"2021-04-19T13:26:39","guid":{"rendered":"https:\/\/211md.org\/?page_id=1092"},"modified":"2025-10-09T11:21:56","modified_gmt":"2025-10-09T15:21:56","slug":"veterano-financeira-ajuda","status":"publish","type":"page","link":"https:\/\/211md.org\/pt\/resources\/veterans\/veteran-financial-help\/","title":{"rendered":"Ajuda financeira para veteranos"},"content":{"rendered":"<img decoding=\"async\" src=\"https:\/\/stg-maryland211-staging.kinsta.cloud\/wp-content\/uploads\/2025\/08\/5-1-scaled.png\" alt=\"5\" itemprop=\"image\" height=\"692\" width=\"2560\" title=\"5\" onerror=\"this.style.display='none'\" loading=\"lazy\" \/>\n\t\t<p>Organiza\u00e7\u00f5es de veteranos podem fornecer apoio financeiro para aqueles que precisam. <\/p>\n<p>Disque 211 para falar com um especialista em informa\u00e7\u00f5es e refer\u00eancias 24\/7\/365. <\/p>\n<p>Continue lendo sobre organiza\u00e7\u00f5es de apoio a veteranos que podem ajudar com empr\u00e9stimos, subs\u00eddios e pagamentos financeiros.<\/p>\n\t\t\t<a href=\"#start\" target=\"_self\">\n\t\t\t\t\t\tCome\u00e7ar\n\t\t\t\t\t<\/a>\n\t\t\t\t<img decoding=\"async\" src=\"https:\/\/211md.org\/wp-content\/plugins\/bb-plugin\/img\/pixel.png\" alt=\"\" itemprop=\"image\" onerror=\"this.style.display='none'\" loading=\"lazy\" \/>\n\t\t\t\t<img decoding=\"async\" src=\"https:\/\/stg-maryland211-staging.kinsta.cloud\/wp-content\/uploads\/2025\/08\/16.png\" alt=\"16\" itemprop=\"image\" height=\"1000\" width=\"1000\" title=\"16\" onerror=\"this.style.display='none'\" loading=\"lazy\" \/>\n\t<h2 aria-level=\"3\"><b>Empr\u00e9stimos e Subs\u00eddios\u00a0<\/b>\u00a0<\/h2>\n<p>o\u00a0<b><a href=\"https:\/\/veterans.maryland.gov\/maryland-department-of-veterans-affairs-veterans-trust-fund\/\" target=\"_blank\" rel=\"noopener\">Fundo dos Veteranos de Maryland<\/a>\u202f\u00a0<\/b>fornece subs\u00eddios e empr\u00e9stimos para veteranos em dificuldades. O objetivo \u00e9 ajudar os veteranos que ser\u00e3o autossuficientes ap\u00f3s receberem assist\u00eancia. \u00a0<\/p>\n<p>Veteranos de Guerras Estrangeiras (VFW) fornece suporte para situa\u00e7\u00f5es financeiras inesperadas resultantes de implanta\u00e7\u00e3o ou outras atividades ou ferimentos militares. Subs\u00eddios de at\u00e9 $1.500 est\u00e3o dispon\u00edveis para ajudar nas necessidades b\u00e1sicas da vida. O reembolso n\u00e3o \u00e9 necess\u00e1rio.\u00a0<\/p>\n<p>As despesas eleg\u00edveis incluem aluguel, hipoteca, reparos residenciais, seguros, despesas com ve\u00edculos, servi\u00e7os p\u00fablicos, alimenta\u00e7\u00e3o, roupas, despesas com crian\u00e7as e cuidados m\u00e9dicos de emerg\u00eancia. Saiba mais sobre o\u00a0<a href=\"https:\/\/www.vfw.org\/assistance\/financial-grants\" target=\"_blank\" rel=\"noopener\">Programa de necessidades n\u00e3o atendidas da VFW<\/a>.\u00a0<\/p>\n<h3>Empr\u00e9stimos de curto prazo por meio das For\u00e7as Armadas<\/h3>\n<p>A maioria das for\u00e7as armadas tamb\u00e9m oferece assist\u00eancia por meio de empr\u00e9stimos de curto prazo sem juros, aux\u00edlios financeiros, encaminhamentos e outros meios relacionados. Esses empr\u00e9stimos e aux\u00edlios geralmente s\u00e3o para emerg\u00eancias imprevistas. S\u00e3o concedidos caso a caso. Entre em contato com a organiza\u00e7\u00e3o da sua for\u00e7a para verificar se voc\u00ea se qualifica.\u00a0<\/p>\n<ul>\n<li><b>For\u00e7a A\u00e9rea: <\/b>800-769-8951\u00a0<\/li>\n<li><b>Funda\u00e7\u00e3o das For\u00e7as Armadas: <\/b>202-547-4713\u00a0<\/li>\n<li><b>Ajuda de emerg\u00eancia do Ex\u00e9rcito: <\/b>1-866-878-6378<\/li>\n<li><b>Assist\u00eancia M\u00fatua da Guarda Costeira: <\/b>410-636-4078\u00a0<\/li>\n<li><b>Sociedade de Socorro da Marinha e do Corpo de Fuzileiros Navais: <\/b>703-696-4904\u00a0<\/li>\n<\/ul>\n\t\t\t\t<img decoding=\"async\" src=\"http:\/\/211md.org\/wp-content\/uploads\/2025\/06\/Hopeful-looking-Veteran.jpg\" alt=\"Veterano esperan\u00e7oso\" itemprop=\"image\" title=\"Veterano de apar\u00eancia esperan\u00e7osa\" onerror=\"this.style.display='none'\" loading=\"lazy\" \/>\n\t<h2 aria-level=\"3\">Ajuda Tempor\u00e1ria da Legi\u00e3o Americana<\/h2>\n<p>A Legi\u00e3o Americana pode fornecer Assist\u00eancia Financeira Tempor\u00e1ria (TFA) a filhos menores do servi\u00e7o ativo atual ou a membros da Legi\u00e3o Americana. O dinheiro apoia necessidades b\u00e1sicas, como abrigo, alimenta\u00e7\u00e3o, servi\u00e7os p\u00fablicos e despesas de sa\u00fade.\u00a0<a href=\"https:\/\/www.legion.org\/financialassistance\/about\" target=\"_blank\" rel=\"noopener\">Saiba mais sobre as diretrizes de elegibilidade<\/a>. Entre em contato com seu\u00a0<a href=\"http:\/\/www.mdlegion.org\/\" target=\"_blank\" rel=\"noopener\"><b>Posto local da Legi\u00e3o Americana<\/b><\/a>\u00a0para solicitar ajuda.\u00a0\u00a0<\/p>\n<p>A Opera\u00e7\u00e3o Homefront tamb\u00e9m possui um programa de Assist\u00eancia Financeira Cr\u00edtica. Ele ap\u00f3ia o servi\u00e7o ativo eleg\u00edvel, destacado, um veterano, ou um membro do servi\u00e7o ferido, doente ou ferido ou um veterano com um ferimento, doen\u00e7a ou les\u00e3o relacionada ao servi\u00e7o.\u00a0<a href=\"https:\/\/operationhomefront.org\/critical-financial-assistance\/\" target=\"_blank\" rel=\"noopener\">Veja se voc\u00ea se qualifica para receber ajuda.<\/a>\u00a0<\/p>\n\t\t\t\t<a href=\"https:\/\/search.211md.org\/\" target=\"_blank\" rel=\"noopener\" itemprop=\"url\">\n\t\t\t\t<img decoding=\"async\" src=\"https:\/\/stg-maryland211-staging.kinsta.cloud\/wp-content\/uploads\/2025\/08\/2025_MdInfoNet_Icon-Sets-white_Locate.png\" alt=\"\" itemprop=\"image\" onerror=\"this.style.display='none'\" loading=\"lazy\" \/>\n\t\t\t\t<\/a>\n<h2><a href=\"https:\/\/search.211md.org\/\" target=\"_blank\" rel=\"noopener\">Encontre recursos agora<\/a><\/h2><p>Encontrar <strong>recursos da comunidade <\/strong>para alimenta\u00e7\u00e3o, sa\u00fade, moradia e muito mais em nosso banco de dados. Pesquise por CEP.<\/p>\n\t\t\t<a href=\"https:\/\/search.211md.org\/\" target=\"_blank\" rel=\"noopener\">\n\t\t\t\t\t\t\tProcure agora\n\t\t\t<\/a>\n<h2>\n\t\t\tInforma\u00e7\u00f5es relacionadas a veteranos\t<\/h2>\n\t\t\t\t<img decoding=\"async\" src=\"https:\/\/211md.org\/wp-content\/plugins\/bb-plugin\/img\/pixel.png\" alt=\"\" itemprop=\"image\" onerror=\"this.style.display='none'\" loading=\"lazy\" \/>\n\t\t\t\t<img decoding=\"async\" src=\"https:\/\/211md.org\/wp-content\/uploads\/bb-plugin\/cache\/Call-center-specialst-circle-eeffe277a2415307db9e1df3ed658a58-.jpg\" alt=\"Especialista em call center\" itemprop=\"image\" height=\"800\" width=\"1200\" title=\"Especialista em call center\" onerror=\"this.style.display='none'\" loading=\"lazy\" \/>\n<h2>Disque 211<\/h2><p>Organiza\u00e7\u00f5es sem fins lucrativos e grupos comunit\u00e1rios locais tamb\u00e9m ajudam veteranos. Ligue para 211 e entre em contato com o recurso para veteranos mais pr\u00f3ximo.<\/p>\n\t\t\t<a href=\"tel:%20+211\" target=\"_blank\" rel=\"noopener\">\n\t\t\t\t\t\tLigue para 211 (celular)\n\t\t\t\t\t<\/a>\n\t\t<h4><a href=\"\/pt\/recursos\/envelhecimento-incapacidade\/?utm_source=Home&#038;utm_medium=Referral&#038;utm_campaign=211Resources&#038;utm_content=Aging\" target=\"_self\">Envelhecimento e Defici\u00eancia<\/a><\/h4>\n\t\t\t\t<a href=\"\/pt\/recursos\/envelhecimento-incapacidade\/?utm_source=Home&#038;utm_medium=Referral&#038;utm_campaign=211Resources&#038;utm_content=Aging\"  target=\"_self\" itemprop=\"url\">\n\t\t\t\t<img decoding=\"async\" src=\"https:\/\/211md.org\/wp-content\/uploads\/bb-plugin\/cache\/2025_MdInfoNet_Icon-Sets_Aging-disability-square-c466727102cae71e5f27b8539bb51945-.png\" alt=\"\" itemprop=\"image\" onerror=\"this.style.display='none'\" loading=\"lazy\" \/>\n\t\t\t\t<\/a>\n\t\t<h4><a href=\"\/pt\/recursos\/criancas-familias\/?utm_source=Home&#038;utm_medium=Referral&#038;utm_campaign=211Resources&#038;utm_content=Children\" target=\"_self\">Crian\u00e7as e Fam\u00edlias<\/a><\/h4>\n\t\t\t\t<a href=\"\/pt\/recursos\/criancas-familias\/?utm_source=Home&#038;utm_medium=Referral&#038;utm_campaign=211Resources&#038;utm_content=Children\"  target=\"_self\" itemprop=\"url\">\n\t\t\t\t<img decoding=\"async\" src=\"https:\/\/211md.org\/wp-content\/uploads\/bb-plugin\/cache\/2025_211_Icon-Sets_Child-care-square-f3b0d4edab3dcc467fadb5f55f4064c6-.png\" alt=\"2025_211_Conjuntos de \u00edcones_Cuidados infantis\" itemprop=\"image\" height=\"417\" width=\"417\" title=\"2025_211_Conjuntos de \u00edcones_Cuidados infantis\" onerror=\"this.style.display='none'\" loading=\"lazy\" \/>\n\t\t\t\t<\/a>\n\t\t<h4><a href=\"\/pt\/recursos\/violencia-domestica-familiar\/?utm_source=Home&#038;utm_medium=Referral&#038;utm_campaign=211Resources&#038;utm_content=Domestic\" target=\"_self\">Viol\u00eancia dom\u00e9stica<\/a><\/h4>\n\t\t\t\t<a href=\"\/pt\/recursos\/violencia-domestica-familiar\/?utm_source=Home&#038;utm_medium=Referral&#038;utm_campaign=211Resources&#038;utm_content=Domestic\"  target=\"_self\" itemprop=\"url\">\n\t\t\t\t<img decoding=\"async\" src=\"https:\/\/211md.org\/wp-content\/uploads\/bb-plugin\/cache\/2025_211_Icon-Sets_Domestic-Violence-square-7b597694a6f05fe90cdc376aa573bc63-.png\" alt=\"\u00cdcone de viol\u00eancia dom\u00e9stica\" itemprop=\"image\" height=\"417\" width=\"417\" title=\"2025_211_Conjuntos de \u00edcones_Viol\u00eancia dom\u00e9stica\" onerror=\"this.style.display='none'\" loading=\"lazy\" \/>\n\t\t\t\t<\/a>\n\t\t<h4><a href=\"\/pt\/recursos\/procura-de-emprego\/?utm_source=Home&#038;utm_medium=Referral&#038;utm_campaign=211Resources&#038;utm_content=Employment\" target=\"_self\">Emprego<\/a><\/h4>\n\t\t\t\t<a href=\"\/pt\/recursos\/procura-de-emprego\/?utm_source=Home&#038;utm_medium=Referral&#038;utm_campaign=211Resources&#038;utm_content=Employment\"  target=\"_self\" itemprop=\"url\">\n\t\t\t\t<img decoding=\"async\" src=\"https:\/\/211md.org\/wp-content\/uploads\/bb-plugin\/cache\/2025_MdInfoNet_Icon-Sets_Employment-square-44707bd410e4df10a470bf130ebcea86-.png\" alt=\"\" itemprop=\"image\" onerror=\"this.style.display='none'\" loading=\"lazy\" \/>\n\t\t\t\t<\/a>\n\t\t<h4><a href=\"\/pt\/recursos\/cuidados-de-saude\/?utm_source=Home&#038;utm_medium=Referral&#038;utm_campaign=211Resources&#038;utm_content=Health%20Care\" target=\"_self\">Cuidados de sa\u00fade<\/a><\/h4>\n\t\t\t\t<a href=\"\/pt\/recursos\/cuidados-de-saude\/?utm_source=Home&#038;utm_medium=Referral&#038;utm_campaign=211Resources&#038;utm_content=Health%20Care\"  target=\"_self\" itemprop=\"url\">\n\t\t\t\t<img decoding=\"async\" src=\"https:\/\/211md.org\/wp-content\/uploads\/bb-plugin\/cache\/2025_MdInfoNet_Icon-Sets_Health-Care-square-dee98a0060cbe0e7f27eda253fc12679-.png\" alt=\"\" itemprop=\"image\" onerror=\"this.style.display='none'\" loading=\"lazy\" \/>\n\t\t\t\t<\/a>\n\t\t<h4><a href=\"\/pt\/recursos\/criancas-familias\/cuidados-de-parentesco\/?utm_source=Home&#038;utm_medium=Referral&#038;utm_campaign=211Resources&#038;utm_content=Kinship\" target=\"_self\">Parentesco<\/a><\/h4>\n\t\t\t\t<a href=\"\/pt\/recursos\/criancas-familias\/cuidados-de-parentesco\/?utm_source=Home&#038;utm_medium=Referral&#038;utm_campaign=211Resources&#038;utm_content=Kinship\"  target=\"_self\" itemprop=\"url\">\n\t\t\t\t<img decoding=\"async\" src=\"https:\/\/211md.org\/wp-content\/uploads\/bb-plugin\/cache\/2025_211_Icon-Sets_Kinship-square-45bdf872866f5735f842c32071109267-.png\" alt=\"\u00cdcone de parentesco\" itemprop=\"image\" height=\"417\" width=\"417\" title=\"2025_211_Conjuntos de \u00edcones_Parentesco\" onerror=\"this.style.display='none'\" loading=\"lazy\" \/>\n\t\t\t\t<\/a>\n\t\t<h4><a href=\"\/pt\/recursos\/servicos-legais\/?utm_source=Home&#038;utm_medium=Referral&#038;utm_campaign=211Resources&#038;utm_content=Legal\" target=\"_self\">Servi\u00e7os legais<\/a><\/h4>\n\t\t\t\t<a href=\"\/pt\/recursos\/servicos-legais\/?utm_source=Home&#038;utm_medium=Referral&#038;utm_campaign=211Resources&#038;utm_content=Legal\"  target=\"_self\" itemprop=\"url\">\n\t\t\t\t<img decoding=\"async\" src=\"https:\/\/211md.org\/wp-content\/uploads\/bb-plugin\/cache\/2025_MdInfoNet_Icon-Sets_Legal-square-18fdf438feb8435588174d9046463257-.png\" alt=\"\" itemprop=\"image\" onerror=\"this.style.display='none'\" loading=\"lazy\" \/>\n\t\t\t\t<\/a>\n\t\t<h4><a href=\"\/pt\/recursos\/saude-mental\/?utm_source=Home&#038;utm_medium=Referral&#038;utm_campaign=211Resources&#038;utm_content=Mental\" target=\"_self\">Sa\u00fade mental<\/a><\/h4>\n\t\t\t\t<a href=\"\/pt\/recursos\/saude-mental\/?utm_source=Home&#038;utm_medium=Referral&#038;utm_campaign=211Resources&#038;utm_content=Mental\"  target=\"_self\" itemprop=\"url\">\n\t\t\t\t<img decoding=\"async\" src=\"https:\/\/211md.org\/wp-content\/uploads\/bb-plugin\/cache\/2025_MdInfoNet_Icon-Sets_Mental-Health-square-c59b38c4a993a947d4c9280fbe2d2fee-.png\" alt=\"\" itemprop=\"image\" onerror=\"this.style.display='none'\" loading=\"lazy\" \/>\n\t\t\t\t<\/a>\n\t\t<h4><a href=\"\/pt\/recursos\/mdreentry\/?utm_source=Home&#038;utm_medium=Referral&#038;utm_campaign=211Resources&#038;utm_content=Reentry\" target=\"_self\">Reentrada<\/a><\/h4>\n\t\t\t\t<a href=\"\/pt\/recursos\/mdreentry\/?utm_source=Home&#038;utm_medium=Referral&#038;utm_campaign=211Resources&#038;utm_content=Reentry\"  target=\"_self\" itemprop=\"url\">\n\t\t\t\t<img decoding=\"async\" src=\"https:\/\/211md.org\/wp-content\/uploads\/bb-plugin\/cache\/2025_211_Icon-Sets_Reentry-square-8676fea38abd920a832f45642fe31cca-.png\" alt=\"\u00cdcone de reentrada\" itemprop=\"image\" height=\"417\" width=\"417\" title=\"2025_211_Conjuntos de \u00edcones_Reentrada\" onerror=\"this.style.display='none'\" loading=\"lazy\" \/>\n\t\t\t\t<\/a>\n\t\t<h4><a href=\"\/pt\/recursos\/uso-de-substancias\/?utm_source=Home&#038;utm_medium=Referral&#038;utm_campaign=211Resources&#038;utm_content=Substance\" target=\"_self\">Uso de subst\u00e2ncias<\/a><\/h4>\n\t\t\t\t<a href=\"\/pt\/recursos\/uso-de-substancias\/?utm_source=Home&#038;utm_medium=Referral&#038;utm_campaign=211Resources&#038;utm_content=Substance\"  target=\"_self\" itemprop=\"url\">\n\t\t\t\t<img decoding=\"async\" src=\"https:\/\/211md.org\/wp-content\/uploads\/bb-plugin\/cache\/2025_MdInfoNet_Icon-Sets_Substance-Abuse-square-9022fec9d18a64118ad685c101885b55-.png\" alt=\"\" itemprop=\"image\" onerror=\"this.style.display='none'\" loading=\"lazy\" \/>\n\t\t\t\t<\/a>\n\t\t<h4><a href=\"\/pt\/recursos\/veteranos\/?utm_source=Home&#038;utm_medium=Referral&#038;utm_campaign=211Resources&#038;utm_content=Veterans\" target=\"_self\">veteranos<\/a><\/h4>\n\t\t\t\t<a href=\"\/pt\/recursos\/veteranos\/?utm_source=Home&#038;utm_medium=Referral&#038;utm_campaign=211Resources&#038;utm_content=Veterans\"  target=\"_self\" itemprop=\"url\">\n\t\t\t\t<img decoding=\"async\" src=\"https:\/\/211md.org\/wp-content\/uploads\/bb-plugin\/cache\/2025_MdInfoNet_Icon-Sets_Rating-square-6e60d00cce4faa8e0a6d4ad7366aa733-.png\" alt=\"\" itemprop=\"image\" onerror=\"this.style.display='none'\" loading=\"lazy\" \/>\n\t\t\t\t<\/a>","protected":false},"excerpt":{"rendered":"<p>Organiza\u00e7\u00f5es de veteranos podem fornecer apoio financeiro a quem precisa. Ligue para 211 para falar com um especialista em informa\u00e7\u00f5es e encaminhamentos 24 horas por dia, 7 dias por semana, 365 dias por ano. Continue lendo sobre organiza\u00e7\u00f5es de apoio a veteranos que podem ajudar com empr\u00e9stimos, subs\u00eddios e pagamentos financeiros. Comece agora: Empr\u00e9stimos e Subs\u00eddios. O Maryland Veterans Trust oferece subs\u00eddios e empr\u00e9stimos a veteranos em dificuldades. O objetivo \u00e9\u2026<\/p>","protected":false},"author":8,"featured_media":2063,"parent":958,"menu_order":0,"comment_status":"closed","ping_status":"closed","template":"","meta":{"footnotes":""},"class_list":["post-1092","page","type-page","status-publish","has-post-thumbnail","hentry"],"_links":{"self":[{"href":"https:\/\/211md.org\/pt\/wp-json\/wp\/v2\/pages\/1092","targetHints":{"allow":["GET"]}}],"collection":[{"href":"https:\/\/211md.org\/pt\/wp-json\/wp\/v2\/pages"}],"about":[{"href":"https:\/\/211md.org\/pt\/wp-json\/wp\/v2\/types\/page"}],"author":[{"embeddable":true,"href":"https:\/\/211md.org\/pt\/wp-json\/wp\/v2\/users\/8"}],"replies":[{"embeddable":true,"href":"https:\/\/211md.org\/pt\/wp-json\/wp\/v2\/comments?post=1092"}],"version-history":[{"count":5,"href":"https:\/\/211md.org\/pt\/wp-json\/wp\/v2\/pages\/1092\/revisions"}],"predecessor-version":[{"id":33949,"href":"https:\/\/211md.org\/pt\/wp-json\/wp\/v2\/pages\/1092\/revisions\/33949"}],"up":[{"embeddable":true,"href":"https:\/\/211md.org\/pt\/wp-json\/wp\/v2\/pages\/958"}],"wp:featuredmedia":[{"embeddable":true,"href":"https:\/\/211md.org\/pt\/wp-json\/wp\/v2\/media\/2063"}],"wp:attachment":[{"href":"https:\/\/211md.org\/pt\/wp-json\/wp\/v2\/media?parent=1092"}],"curies":[{"name":"wp","href":"https:\/\/api.w.org\/{rel}","templated":true}]}}