{"id":1101,"date":"2021-04-19T13:44:38","date_gmt":"2021-04-19T13:44:38","guid":{"rendered":"https:\/\/211md.org\/?page_id=1101"},"modified":"2025-11-11T11:55:57","modified_gmt":"2025-11-11T16:55:57","slug":"va-medico-beneficios","status":"publish","type":"page","link":"https:\/\/211md.org\/pt\/resources\/veterans\/va-medical-benefits\/","title":{"rendered":"VA benef\u00edcios m\u00e9dicos"},"content":{"rendered":"<img decoding=\"async\" src=\"https:\/\/stg-maryland211-staging.kinsta.cloud\/wp-content\/uploads\/2025\/08\/5-1-scaled.png\" alt=\"5\" itemprop=\"image\" height=\"692\" width=\"2560\" title=\"5\" onerror=\"this.style.display='none'\" loading=\"lazy\" \/>\n\t\t<p>Many Veterans are eligible to have some or all of their health care provided through the VA system. <\/p>\n<p>Muitos fatores determinam a elegibilidade de algu\u00e9m para os benef\u00edcios de sa\u00fade do VA. <\/p>\n<p>Aprenda sobre os recursos dispon\u00edveis para ajudar as pessoas nesse processo.\u00a0<\/p>\n<p>Dial 211 to connect with someone who can find Veteran resources in your community.<\/p>\n\t\t\t<a href=\"#start\" target=\"_self\">\n\t\t\t\t\t\tCome\u00e7ar\n\t\t\t\t\t<\/a>\n\t\t\t\t<img decoding=\"async\" src=\"https:\/\/211md.org\/wp-content\/plugins\/bb-plugin\/img\/pixel.png\" alt=\"\" itemprop=\"image\" onerror=\"this.style.display='none'\" loading=\"lazy\" \/>\n\t\t\t\t<img decoding=\"async\" src=\"https:\/\/stg-maryland211-staging.kinsta.cloud\/wp-content\/uploads\/2025\/08\/16.png\" alt=\"16\" itemprop=\"image\" height=\"1000\" width=\"1000\" title=\"16\" onerror=\"this.style.display='none'\" loading=\"lazy\" \/>\n\t\t\t\t<img decoding=\"async\" src=\"http:\/\/211md.org\/wp-content\/uploads\/2021\/05\/Veterans-Signing-Papers.png\" alt=\"Veterano escrevendo em um peda\u00e7o de papel\" itemprop=\"image\" title=\"Veteranos assinando pap\u00e9is\" onerror=\"this.style.display='none'\" loading=\"lazy\" \/>\n\t<h2>O que o VA oferece<\/h2>\n<p>O VA possui uma rede de cl\u00ednicas ambulatoriais convenientes baseadas na comunidade, projetadas para fornecer v\u00e1rios servi\u00e7os de sa\u00fade aos veteranos. Muitas dessas cl\u00ednicas oferecem servi\u00e7os de aten\u00e7\u00e3o prim\u00e1ria, sa\u00fade preventiva, educa\u00e7\u00e3o em sa\u00fade, exames m\u00e9dicos e encaminhamentos para pacientes internados e cuidados especializados.\u00a0<\/p>\n<p>Embora os benef\u00edcios possam diferir dependendo de v\u00e1rios fatores, alguns dos servi\u00e7os gerais de sa\u00fade geralmente fornecidos pelo VA incluem:\u00a0<\/p>\n<ul>\n<li>Atendimento hospitalar\u00a0<\/li>\n<li>Servi\u00e7os de emerg\u00eancia\u00a0<\/li>\n<li>Servi\u00e7os ambulatoriais hospitalares e m\u00e9dicos\u00a0<\/li>\n<li>Servi\u00e7os de sa\u00fade mental e uso indevido de subst\u00e2ncias\u00a0<\/li>\n<li>Cuidados preventivos e exames m\u00e9dicos\u00a0<\/li>\n<li>Suprimentos m\u00e9dicos\u00a0<\/li>\n<li>medicamentos prescritos\u00a0<\/li>\n<\/ul>\n\t<h2><b>Encontre uma unidade de sa\u00fade VA<\/b>\u00a0<\/h2>\n<p>Veteranos de Maryland podem acessar<a href=\"https:\/\/va.gov\/directory\/guide\/state.asp?dnum=ALL&amp;STATE=MD\" target=\"_blank\" rel=\"noopener\">Unidades de sa\u00fade VA<\/a>ou ligue para um dos seguintes n\u00fameros para elegibilidade e inscri\u00e7\u00e3o, dependendo de onde voc\u00ea mora:\u00a0<\/p>\n<p>Para obter informa\u00e7\u00f5es sobre inscri\u00e7\u00e3o e elegibilidade para cuidados de sa\u00fade do VA dos EUA, entre em contato com:\u00a0<\/p>\n<ul>\n<li data-leveltext=\"\uf0b7\" data-font=\"Symbol\" data-listid=\"1\" aria-setsize=\"-1\" data-aria-posinset=\"1\" data-aria-level=\"1\">Centro de Maryland\/costa leste:\u00a0<a href=\"https:\/\/www.maryland.va.gov\/\" target=\"_blank\" rel=\"noopener\">VA Maryland Health Care System<\/a>\u00a0(Baltimore, Perry Point, Loch Raven), Elegibilidade e Inscri\u00e7\u00e3o, 1-800-463-6295, ext. 7324\u00a0<\/li>\n<li data-leveltext=\"\uf0b7\" data-font=\"Symbol\" data-listid=\"1\" aria-setsize=\"-1\" data-aria-posinset=\"2\" data-aria-level=\"1\">Oeste de Maryland:\u00a0<a href=\"https:\/\/www.martinsburg.va.gov\/\" target=\"_blank\" rel=\"noopener\">Centro M\u00e9dico Martinsburg VA<\/a>, Elegibilidade e Inscri\u00e7\u00e3o, 304-263-0811, ramal 3758 ou 800-817-3807\u00a0<\/li>\n<li data-leveltext=\"\uf0b7\" data-font=\"Symbol\" data-listid=\"1\" aria-setsize=\"-1\" data-aria-posinset=\"3\" data-aria-level=\"1\">Condado de Montgomery e condado de Prince George\/sul de Maryland\u00a0<a href=\"https:\/\/www.washingtondc.va.gov\/\" target=\"_blank\" rel=\"noopener\">Washington DC VA Medical Center<\/a>, Elegibilidade e Inscri\u00e7\u00e3o, 202-745-8251\u00a0<\/li>\n<\/ul>\n<p>Voc\u00ea tamb\u00e9m pode encontrar cl\u00ednicas ambulatoriais para veteranos no banco de dados 211.\u00a0<a href=\"https:\/\/search.211md.org\/search?query=LN-9000&amp;query_type=taxonomy&amp;query_label=&amp;query_language=en\" target=\"_blank\" rel=\"noopener\">Encontre um perto de voc\u00ea<\/a>.\u00a0<\/p>\n<h2>\n\t\t\tinforma\u00e7\u00f5es relacionadas a veteranos\t<\/h2>\n\t\t\t\t<img decoding=\"async\" src=\"https:\/\/211md.org\/wp-content\/plugins\/bb-plugin\/img\/pixel.png\" alt=\"\" itemprop=\"image\" onerror=\"this.style.display='none'\" loading=\"lazy\" \/>\n\t\t\t\t<img decoding=\"async\" src=\"https:\/\/211md.org\/wp-content\/uploads\/bb-plugin\/cache\/Call-center-specialst-circle-4e9ecd7b3425be4576416abc911049bb-.jpg\" alt=\"Especialista em call center\" itemprop=\"image\" title=\"Especialista em call center\" onerror=\"this.style.display='none'\" loading=\"lazy\" \/>\n<h2>Disque 211<\/h2><p>Converse com uma pessoa atenciosa e compassiva 24 horas por dia, 7 dias por semana. Ela tamb\u00e9m pode conectar voc\u00ea a recursos.\u00a0<\/p>\n\t\t\t<a href=\"tel:%20+211\" target=\"_blank\" rel=\"noopener\">\n\t\t\t\t\t\tLigue para 211 (celular)\n\t\t\t\t\t<\/a>\n\t\t<h4><a href=\"\/pt\/recursos\/envelhecimento-incapacidade\/?utm_source=Home&#038;utm_medium=Referral&#038;utm_campaign=211Resources&#038;utm_content=Aging\" target=\"_self\">Envelhecimento e Defici\u00eancia<\/a><\/h4>\n\t\t\t\t<a href=\"\/pt\/recursos\/envelhecimento-incapacidade\/?utm_source=Home&#038;utm_medium=Referral&#038;utm_campaign=211Resources&#038;utm_content=Aging\"  target=\"_self\" itemprop=\"url\">\n\t\t\t\t<img decoding=\"async\" src=\"https:\/\/211md.org\/wp-content\/uploads\/bb-plugin\/cache\/2025_MdInfoNet_Icon-Sets_Aging-disability-square-c466727102cae71e5f27b8539bb51945-.png\" alt=\"\" itemprop=\"image\" onerror=\"this.style.display='none'\" loading=\"lazy\" \/>\n\t\t\t\t<\/a>\n\t\t<h4><a href=\"\/pt\/recursos\/criancas-familias\/?utm_source=Home&#038;utm_medium=Referral&#038;utm_campaign=211Resources&#038;utm_content=Children\" target=\"_self\">Crian\u00e7as e Fam\u00edlias<\/a><\/h4>\n\t\t\t\t<a href=\"\/pt\/recursos\/criancas-familias\/?utm_source=Home&#038;utm_medium=Referral&#038;utm_campaign=211Resources&#038;utm_content=Children\"  target=\"_self\" itemprop=\"url\">\n\t\t\t\t<img decoding=\"async\" src=\"https:\/\/211md.org\/wp-content\/uploads\/bb-plugin\/cache\/2025_211_Icon-Sets_Child-care-square-f3b0d4edab3dcc467fadb5f55f4064c6-.png\" alt=\"2025_211_Conjuntos de \u00edcones_Cuidados infantis\" itemprop=\"image\" height=\"417\" width=\"417\" title=\"2025_211_Conjuntos de \u00edcones_Cuidados infantis\" onerror=\"this.style.display='none'\" loading=\"lazy\" \/>\n\t\t\t\t<\/a>\n\t\t<h4><a href=\"\/pt\/recursos\/violencia-domestica-familiar\/?utm_source=Home&#038;utm_medium=Referral&#038;utm_campaign=211Resources&#038;utm_content=Domestic\" target=\"_self\">Viol\u00eancia dom\u00e9stica<\/a><\/h4>\n\t\t\t\t<a href=\"\/pt\/recursos\/violencia-domestica-familiar\/?utm_source=Home&#038;utm_medium=Referral&#038;utm_campaign=211Resources&#038;utm_content=Domestic\"  target=\"_self\" itemprop=\"url\">\n\t\t\t\t<img decoding=\"async\" src=\"https:\/\/211md.org\/wp-content\/uploads\/bb-plugin\/cache\/2025_211_Icon-Sets_Domestic-Violence-square-7b597694a6f05fe90cdc376aa573bc63-.png\" alt=\"\u00cdcone de viol\u00eancia dom\u00e9stica\" itemprop=\"image\" height=\"417\" width=\"417\" title=\"2025_211_Conjuntos de \u00edcones_Viol\u00eancia dom\u00e9stica\" onerror=\"this.style.display='none'\" loading=\"lazy\" \/>\n\t\t\t\t<\/a>\n\t\t<h4><a href=\"\/pt\/recursos\/procura-de-emprego\/?utm_source=Home&#038;utm_medium=Referral&#038;utm_campaign=211Resources&#038;utm_content=Employment\" target=\"_self\">Emprego<\/a><\/h4>\n\t\t\t\t<a href=\"\/pt\/recursos\/procura-de-emprego\/?utm_source=Home&#038;utm_medium=Referral&#038;utm_campaign=211Resources&#038;utm_content=Employment\"  target=\"_self\" itemprop=\"url\">\n\t\t\t\t<img decoding=\"async\" src=\"https:\/\/211md.org\/wp-content\/uploads\/bb-plugin\/cache\/2025_MdInfoNet_Icon-Sets_Employment-square-44707bd410e4df10a470bf130ebcea86-.png\" alt=\"\" itemprop=\"image\" onerror=\"this.style.display='none'\" loading=\"lazy\" \/>\n\t\t\t\t<\/a>\n\t\t<h4><a href=\"\/pt\/recursos\/cuidados-de-saude\/?utm_source=Home&#038;utm_medium=Referral&#038;utm_campaign=211Resources&#038;utm_content=Health%20Care\" target=\"_self\">Cuidados de sa\u00fade<\/a><\/h4>\n\t\t\t\t<a href=\"\/pt\/recursos\/cuidados-de-saude\/?utm_source=Home&#038;utm_medium=Referral&#038;utm_campaign=211Resources&#038;utm_content=Health%20Care\"  target=\"_self\" itemprop=\"url\">\n\t\t\t\t<img decoding=\"async\" src=\"https:\/\/211md.org\/wp-content\/uploads\/bb-plugin\/cache\/2025_MdInfoNet_Icon-Sets_Health-Care-square-dee98a0060cbe0e7f27eda253fc12679-.png\" alt=\"\" itemprop=\"image\" onerror=\"this.style.display='none'\" loading=\"lazy\" \/>\n\t\t\t\t<\/a>\n\t\t<h4><a href=\"\/pt\/recursos\/criancas-familias\/cuidados-de-parentesco\/?utm_source=Home&#038;utm_medium=Referral&#038;utm_campaign=211Resources&#038;utm_content=Kinship\" target=\"_self\">Parentesco<\/a><\/h4>\n\t\t\t\t<a href=\"\/pt\/recursos\/criancas-familias\/cuidados-de-parentesco\/?utm_source=Home&#038;utm_medium=Referral&#038;utm_campaign=211Resources&#038;utm_content=Kinship\"  target=\"_self\" itemprop=\"url\">\n\t\t\t\t<img decoding=\"async\" src=\"https:\/\/211md.org\/wp-content\/uploads\/bb-plugin\/cache\/2025_211_Icon-Sets_Kinship-square-45bdf872866f5735f842c32071109267-.png\" alt=\"\u00cdcone de parentesco\" itemprop=\"image\" height=\"417\" width=\"417\" title=\"2025_211_Conjuntos de \u00edcones_Parentesco\" onerror=\"this.style.display='none'\" loading=\"lazy\" \/>\n\t\t\t\t<\/a>\n\t\t<h4><a href=\"\/pt\/recursos\/servicos-legais\/?utm_source=Home&#038;utm_medium=Referral&#038;utm_campaign=211Resources&#038;utm_content=Legal\" target=\"_self\">Servi\u00e7os legais<\/a><\/h4>\n\t\t\t\t<a href=\"\/pt\/recursos\/servicos-legais\/?utm_source=Home&#038;utm_medium=Referral&#038;utm_campaign=211Resources&#038;utm_content=Legal\"  target=\"_self\" itemprop=\"url\">\n\t\t\t\t<img decoding=\"async\" src=\"https:\/\/211md.org\/wp-content\/uploads\/bb-plugin\/cache\/2025_MdInfoNet_Icon-Sets_Legal-square-18fdf438feb8435588174d9046463257-.png\" alt=\"\" itemprop=\"image\" onerror=\"this.style.display='none'\" loading=\"lazy\" \/>\n\t\t\t\t<\/a>\n\t\t<h4><a href=\"\/pt\/recursos\/saude-mental\/?utm_source=Home&#038;utm_medium=Referral&#038;utm_campaign=211Resources&#038;utm_content=Mental\" target=\"_self\">Sa\u00fade mental<\/a><\/h4>\n\t\t\t\t<a href=\"\/pt\/recursos\/saude-mental\/?utm_source=Home&#038;utm_medium=Referral&#038;utm_campaign=211Resources&#038;utm_content=Mental\"  target=\"_self\" itemprop=\"url\">\n\t\t\t\t<img decoding=\"async\" src=\"https:\/\/211md.org\/wp-content\/uploads\/bb-plugin\/cache\/2025_MdInfoNet_Icon-Sets_Mental-Health-square-c59b38c4a993a947d4c9280fbe2d2fee-.png\" alt=\"\" itemprop=\"image\" onerror=\"this.style.display='none'\" loading=\"lazy\" \/>\n\t\t\t\t<\/a>\n\t\t<h4><a href=\"\/pt\/recursos\/mdreentry\/?utm_source=Home&#038;utm_medium=Referral&#038;utm_campaign=211Resources&#038;utm_content=Reentry\" target=\"_self\">Reentrada<\/a><\/h4>\n\t\t\t\t<a href=\"\/pt\/recursos\/mdreentry\/?utm_source=Home&#038;utm_medium=Referral&#038;utm_campaign=211Resources&#038;utm_content=Reentry\"  target=\"_self\" itemprop=\"url\">\n\t\t\t\t<img decoding=\"async\" src=\"https:\/\/211md.org\/wp-content\/uploads\/bb-plugin\/cache\/2025_211_Icon-Sets_Reentry-square-8676fea38abd920a832f45642fe31cca-.png\" alt=\"\u00cdcone de reentrada\" itemprop=\"image\" height=\"417\" width=\"417\" title=\"2025_211_Conjuntos de \u00edcones_Reentrada\" onerror=\"this.style.display='none'\" loading=\"lazy\" \/>\n\t\t\t\t<\/a>\n\t\t<h4><a href=\"\/pt\/recursos\/uso-de-substancias\/?utm_source=Home&#038;utm_medium=Referral&#038;utm_campaign=211Resources&#038;utm_content=Substance\" target=\"_self\">Uso de subst\u00e2ncias<\/a><\/h4>\n\t\t\t\t<a href=\"\/pt\/recursos\/uso-de-substancias\/?utm_source=Home&#038;utm_medium=Referral&#038;utm_campaign=211Resources&#038;utm_content=Substance\"  target=\"_self\" itemprop=\"url\">\n\t\t\t\t<img decoding=\"async\" src=\"https:\/\/211md.org\/wp-content\/uploads\/bb-plugin\/cache\/2025_MdInfoNet_Icon-Sets_Substance-Abuse-square-9022fec9d18a64118ad685c101885b55-.png\" alt=\"\" itemprop=\"image\" onerror=\"this.style.display='none'\" loading=\"lazy\" \/>\n\t\t\t\t<\/a>\n\t\t<h4><a href=\"\/pt\/recursos\/veteranos\/?utm_source=Home&#038;utm_medium=Referral&#038;utm_campaign=211Resources&#038;utm_content=Veterans\" target=\"_self\">veteranos<\/a><\/h4>\n\t\t\t\t<a href=\"\/pt\/recursos\/veteranos\/?utm_source=Home&#038;utm_medium=Referral&#038;utm_campaign=211Resources&#038;utm_content=Veterans\"  target=\"_self\" itemprop=\"url\">\n\t\t\t\t<img decoding=\"async\" src=\"https:\/\/211md.org\/wp-content\/uploads\/bb-plugin\/cache\/2025_MdInfoNet_Icon-Sets_Rating-square-6e60d00cce4faa8e0a6d4ad7366aa733-.png\" alt=\"\" itemprop=\"image\" onerror=\"this.style.display='none'\" loading=\"lazy\" \/>\n\t\t\t\t<\/a>","protected":false},"excerpt":{"rendered":"<p>Many Veterans are eligible to have some or all of their health care provided through the VA system. Many factors go into determining someone&#8217;s eligibility for VA health benefits. Learn about the resources available to help people in that process.\u00a0 Dial 211 to connect with someone who can find Veteran resources in your community. Get&hellip;<\/p>","protected":false},"author":8,"featured_media":2066,"parent":958,"menu_order":0,"comment_status":"closed","ping_status":"closed","template":"","meta":{"footnotes":""},"class_list":["post-1101","page","type-page","status-publish","has-post-thumbnail","hentry"],"_links":{"self":[{"href":"https:\/\/211md.org\/pt\/wp-json\/wp\/v2\/pages\/1101","targetHints":{"allow":["GET"]}}],"collection":[{"href":"https:\/\/211md.org\/pt\/wp-json\/wp\/v2\/pages"}],"about":[{"href":"https:\/\/211md.org\/pt\/wp-json\/wp\/v2\/types\/page"}],"author":[{"embeddable":true,"href":"https:\/\/211md.org\/pt\/wp-json\/wp\/v2\/users\/8"}],"replies":[{"embeddable":true,"href":"https:\/\/211md.org\/pt\/wp-json\/wp\/v2\/comments?post=1101"}],"version-history":[{"count":4,"href":"https:\/\/211md.org\/pt\/wp-json\/wp\/v2\/pages\/1101\/revisions"}],"predecessor-version":[{"id":34224,"href":"https:\/\/211md.org\/pt\/wp-json\/wp\/v2\/pages\/1101\/revisions\/34224"}],"up":[{"embeddable":true,"href":"https:\/\/211md.org\/pt\/wp-json\/wp\/v2\/pages\/958"}],"wp:featuredmedia":[{"embeddable":true,"href":"https:\/\/211md.org\/pt\/wp-json\/wp\/v2\/media\/2066"}],"wp:attachment":[{"href":"https:\/\/211md.org\/pt\/wp-json\/wp\/v2\/media?parent=1101"}],"curies":[{"name":"wp","href":"https:\/\/api.w.org\/{rel}","templated":true}]}}