{"id":1104,"date":"2021-04-19T14:40:22","date_gmt":"2021-04-19T14:40:22","guid":{"rendered":"https:\/\/211md.org\/?page_id=1104"},"modified":"2026-04-28T11:44:08","modified_gmt":"2026-04-28T15:44:08","slug":"assistencia-despesas-medicas","status":"publish","type":"page","link":"https:\/\/211md.org\/pt\/resources\/health-care\/medical-expense-assistance\/","title":{"rendered":"Obtenha ajuda com contas e despesas m\u00e9dicas"},"content":{"rendered":"<figure data-animation-delay=\"0\" data-animation-duration=\"1\" itemscope itemtype=\"https:\/\/schema.org\/ImageObject\">\n\t\t\t\t<img decoding=\"async\" src=\"https:\/\/stg-maryland211-staging.kinsta.cloud\/wp-content\/uploads\/2025\/08\/5-1-scaled.png\" alt=\"5\" height=\"692\" width=\"2560\" title=\"5\" onerror=\"this.style.display='none'\" loading=\"lazy\" \/>\n\t<\/figure>\n\t\t<p>Voc\u00ea tem uma despesa m\u00e9dica que n\u00e3o pode pagar? Voc\u00ea n\u00e3o est\u00e1 sozinho. Maryland e organiza\u00e7\u00f5es nacionais podem ajudar a compensar alguns de seus custos m\u00e9dicos, mediar disputas de cobran\u00e7a ou recusa de atendimento, ou fornecer equipamento m\u00e9dico gratuito.<\/p>\n\t\t\t<a href=\"#start\"  target=\"_self\">\n\t\t\t\t\t\tCome\u00e7ar\n\t\t\t\t\t<\/a>\n<figure data-animation-delay=\"0\" data-animation-duration=\"1\" itemscope itemtype=\"https:\/\/schema.org\/ImageObject\">\n\t\t\t\t<img decoding=\"async\" src=\"https:\/\/211md.org\/wp-content\/plugins\/bb-plugin\/img\/pixel.png\" alt=\"\" onerror=\"this.style.display='none'\" loading=\"lazy\" \/>\n\t<\/figure>\n<figure data-animation-delay=\"0\" data-animation-duration=\"1.3\" itemscope itemtype=\"https:\/\/schema.org\/ImageObject\">\n\t\t\t\t<img decoding=\"async\" src=\"https:\/\/stg-maryland211-staging.kinsta.cloud\/wp-content\/uploads\/2025\/08\/16.png\" alt=\"16\" height=\"1000\" width=\"1000\" title=\"16\" onerror=\"this.style.display='none'\" loading=\"lazy\" \/>\n\t<\/figure>\n\t<h3>Talk to Your Provider about Your Bill<\/h3>\n<p>Talk with your healthcare provider about financial assistance programs. Many hospitals have patient programs to help reduce medical bills. Ask about the provider&#8217;s financial assistance policy to learn about the details and eligibility requirements for care.<\/p>\n<p>Por exemplo, o <a href=\"https:\/\/www.umms.org\/ummc\/patients-visitors\/for-patients\/financial-assistance\" target=\"_blank\" rel=\"noopener\">Centro M\u00e9dico da Universidade de Maryland<\/a> pode ajudar os pacientes a obter servi\u00e7os gratuitos ou de custo mais baixo se n\u00e3o puderem pagar a totalidade ou parte dos cuidados hospitalares.<\/p>\n<p>The hospital considers your ability to pay for care, including household income and family size. Also, the provider may also be able to help you apply for coverage through Medicaid or <a href=\"https:\/\/211md.org\/pt\/recursos\/cuidados-de-saude\/plano-de-saude\/\">Conex\u00e3o de sa\u00fade de Maryland.<\/a><\/p>\n<figure itemscope itemtype=\"https:\/\/schema.org\/ImageObject\">\n\t\t\t\t<img decoding=\"async\" src=\"http:\/\/211md.org\/wp-content\/uploads\/2026\/04\/patient-at-doctors-office-paying-bill-with-receptionist.jpg\" alt=\"patient paying doctor\" title=\"patient at doctors office paying bill with receptionist\" onerror=\"this.style.display='none'\" loading=\"lazy\" \/>\n\t<\/figure>\n\t<h3>Prescri\u00e7\u00f5es<\/h3>\n<p>Al\u00e9m das contas m\u00e9dicas, os medicamentos prescritos tamb\u00e9m podem ser caros. Se o seu m\u00e9dico prescrever um medicamento que voc\u00ea n\u00e3o pode pagar, existem <a href=\"https:\/\/211md.org\/pt\/recursos\/cuidados-de-saude\/prescricoes\/\">prescription drug programs <\/a>available at participating Maryland pharmacies.<\/p>\n<p>Voc\u00ea tamb\u00e9m pode pesquisar no banco de dados de recursos 211 programas e organiza\u00e7\u00f5es locais que podem ajudar.<\/p>\n\t\t\t<a href=\"https:\/\/search.211md.org\/search?query=Medical%20Bill%20Assistance&#038;query_type=text\" target=\"_blank\" rel=\"noopener\">\n\t\t\t\t\t\tMedical bill help\n\t\t\t\t\t<\/a>\n\t\t\t<a href=\"https:\/\/search.211md.org\/search?query=LH-5100.6500&#038;query_type=taxonomy&#038;query_label=\" target=\"_blank\" rel=\"noopener\">\n\t\t\t\t\t\tPrescription drug help\n\t\t\t\t\t<\/a>\n<figure itemscope itemtype=\"https:\/\/schema.org\/ImageObject\">\n\t\t\t\t<img decoding=\"async\" src=\"https:\/\/211md.org\/wp-content\/uploads\/2026\/04\/someone-with-a-broken-arm-signing-legal-papers.jpg\" alt=\"injured person signing legal papers\" height=\"1500\" width=\"2000\" title=\"someone with a broken arm signing legal papers\" onerror=\"this.style.display='none'\" loading=\"lazy\" \/>\n\t<\/figure>\n\t\t<h2>Mediate a Medical Bill<\/h2>\n\t\t<p>Se voc\u00ea n\u00e3o conseguir resolver a conta m\u00e9dica com seu provedor ou tiver outro problema m\u00e9dico, a Unidade de Educa\u00e7\u00e3o e Advocacia em Sa\u00fade (HEAU) do Procurador-Geral de Maryland poder\u00e1 mediar a situa\u00e7\u00e3o gratuitamente. Eles podem ajudar com:<\/p>\n<ul>\n<li>disputas de faturamento m\u00e9dico<\/li>\n<li>conta m\u00e9dica surpresa de uma instala\u00e7\u00e3o de atendimento de emerg\u00eancia fora da rede ou provedor em um hospital ou centro cir\u00fargico da rede<\/li>\n<li>recebeu uma fatura maior do que a estimativa de boa f\u00e9<\/li>\n<li>cobrado por uma taxa de atendimento ambulatorial por um hospital de Maryland, mas n\u00e3o recebeu divulga\u00e7\u00e3o sobre a taxa antes da consulta m\u00e9dica<\/li>\n<li>disputas de equipamentos m\u00e9dicos<\/li>\n<li>incapacidade de obter registros m\u00e9dicos ou c\u00f3pias deles<\/li>\n<li>nega\u00e7\u00e3o de cobertura de plano de sa\u00fade privado para todo ou parte do atendimento<\/li>\n<li>navegando no programa de assist\u00eancia financeira de um hospital<\/li>\n<li>negado assist\u00eancia financeira ou op\u00e7\u00f5es razo\u00e1veis de pagamento de um hospital de Maryland<\/li>\n<li>rescis\u00e3o de plano de sa\u00fade privado<\/li>\n<li>inscri\u00e7\u00e3o negada em um plano de sa\u00fade qualificado ou cr\u00e9ditos fiscais avan\u00e7ados avan\u00e7ados ou redu\u00e7\u00f5es de compartilhamento de custos negados pela Maryland Health Connection<\/li>\n<\/ul>\n\t\t\t<a href=\"https:\/\/www.marylandattorneygeneral.gov\/Pages\/CPD\/HEAU\/default.aspx\" target=\"_blank\" rel=\"noopener\">\n\t\t\t\t\t\tLearn about mediation\n\t\t\t\t\t<\/a>\n\t<h3>Ajuda financeira para doen\u00e7as cr\u00f4nicas e raras<\/h3>\n<p>Se voc\u00ea espera incorrer em despesas m\u00e9dicas cont\u00ednuas devido a uma doen\u00e7a cr\u00f4nica ou rara, pode solicitar assist\u00eancia por meio de seu provedor e tamb\u00e9m entrar em contato com organiza\u00e7\u00f5es nacionais sem fins lucrativos que podem ajudar.<\/p>\n<p>o <a href=\"https:\/\/www.panfoundation.org\/about-pan\/\" target=\"_blank\" rel=\"noopener\">Funda\u00e7\u00e3o PAN<\/a> ajuda os pacientes com seguro federal e comercial a obter a medica\u00e7\u00e3o e os cuidados de que precisam para doen\u00e7as raras, cr\u00f4nicas e com risco de vida. A organiza\u00e7\u00e3o ajuda com os custos de medicamentos prescritos e tamb\u00e9m tratamentos.<\/p>\n<p>Desde 2004, forneceram $4 mil milh\u00f5es em assist\u00eancia financeira a mais de um milh\u00e3o de pacientes com seguro insuficiente.<\/p>\n<p>o <a href=\"https:\/\/www.healthwellfoundation.org\/patients\/\" target=\"_blank\" rel=\"noopener\">Funda\u00e7\u00e3o HealthWell<\/a> tamb\u00e9m pode ajudar indiv\u00edduos qualificados com copagamentos, pr\u00eamios, franquias e outros custos diretos para cirurgias, suplementos e suprimentos. A organiza\u00e7\u00e3o possui uma s\u00e9rie de <a href=\"https:\/\/www.healthwellfoundation.org\/disease-funds\/\" target=\"_blank\" rel=\"noopener\">Fundos de Doen\u00e7a<\/a> que apoiam indiv\u00edduos com certas doen\u00e7as.<\/p>\n<p><a href=\"https:\/\/www.cancercare.org\/financial_assistance\" target=\"_blank\" rel=\"noopener\">C\u00e2ncer<em>Cuidado<\/em><\/a> tamb\u00e9m fornece assist\u00eancia financeira e trabalha com organiza\u00e7\u00f5es em todo o pa\u00eds que podem ajudar com os custos do tratamento do c\u00e2ncer. <a href=\"https:\/\/www.cancercare.org\/financial\" target=\"_blank\" rel=\"noopener\">Programas financeiros<\/a> variam de acordo com o tipo de c\u00e2ncer que voc\u00ea tem e por regi\u00e3o. O <a href=\"https:\/\/www.cancercare.org\/copayfoundation\" target=\"_blank\" rel=\"noopener\">programa de assist\u00eancia de co-pagamento<\/a> cobre certos diagn\u00f3sticos de c\u00e2ncer.<\/p>\n<p>Voc\u00ea tamb\u00e9m pode perguntar ao seu provedor se ele tem uma pol\u00edtica de assist\u00eancia financeira para cobrir os custos de cuidados cont\u00ednuos.<\/p>\n\t\t<h2>Equipamento m\u00e9dico gratuito<\/h2>\n\t\t<p>Durable medical equipment can be expensive if you have to buy it.\u00a0When medical equipment is needed long-term, Medicare, Medicaid, or your insurer should help offset the cost.<\/p>\n<p>Se n\u00e3o for esse o caso, voc\u00ea pode adquirir equipamentos m\u00e9dicos usados e recondicionados atrav\u00e9s do <a href=\"https:\/\/aging.maryland.gov\/pages\/DME.aspx\" target=\"_blank\" rel=\"noopener\">Programa de Reutiliza\u00e7\u00e3o de Equipamentos M\u00e9dicos Dur\u00e1veis de Maryland<\/a> (DME). \u00c9 administrado pelo Departamento de Envelhecimento, mas est\u00e1 dispon\u00edvel para todos em Maryland, independentemente da idade.<\/p>\n<p>You can request equipment such as canes, crutches, walkers, bed rails, shower chairs, wheelchairs, mechanical lifts, power scooters, and hospital beds. Inventory varies, so you have to submit a request.<\/p>\n<p>The agency said it uses occupational and physical therapists to properly match equipment to an individual. They ensure the size is proper for an individual based on their need, height, weight, and any other factors. That helps ensure safety.<\/p>\n<p>O Departamento de Envelhecimento de Maryland discutiu como esse programa funciona em <a href=\"https:\/\/211md.org\/pt\/episodio-16-md-departamento-de-envelhecimento\/\">Epis\u00f3dio 16 de Qual \u00e9 o 211? podcast<\/a>.<\/p>\n\t\t\t<a href=\"\"  target=\"_blank\" rel=\"noopener\">\n\t\t\t\t\t\tFind a DME location\n\t\t\t\t\t<\/a>\n\t<h3>Arm\u00e1rios de empr\u00e9stimo de Maryland<\/h3>\n<p>Voc\u00ea tamb\u00e9m pode obter equipamentos m\u00e9dicos ou tecnologia assistiva temporariamente, por meio de um arm\u00e1rio de empr\u00e9stimos comunit\u00e1rios.<\/p>\n<p>Voc\u00ea pode encontrar cadeiras de rodas, camas hospitalares, cadeiras de banho, elevadores de banheiro, grades de cama, andadores, muletas, bengalas e outros equipamentos m\u00e9dicos dur\u00e1veis que voc\u00ea possa precisar.<\/p>\n<p>Os itens variam e a maioria \u00e9 fornecida gratuitamente ou emprestada com um dep\u00f3sito reembols\u00e1vel.<\/p>\n<p>Por exemplo, em\u00a0<a href=\"https:\/\/www.charlescountymd.gov\/services\/aging-and-senior-services\/loan-closet-for-durable-medical-equipment\" target=\"_blank\" rel=\"noopener\">Condado de Charles<\/a>, o arm\u00e1rio de empr\u00e9stimo permite que pessoas f\u00edsicas emprestem equipamentos por 90 dias. As extens\u00f5es s\u00e3o dadas caso a caso, dependendo do invent\u00e1rio do arm\u00e1rio de empr\u00e9stimo.<\/p>\n<p>No\u00a0<a href=\"https:\/\/www.howardcountymd.gov\/disability-services\" target=\"_blank\" rel=\"noopener\">Condado de Howard<\/a>, the Maryland Department of Aging is providing hospital beds and motorized chairs through the Howard County loan closet. The equipment is also accessible to residents of other counties, including Anne Arundel, Baltimore, Carroll, Frederick, Montgomery, and Prince George&#8217;s County.<\/p>\n<p>Caso n\u00e3o possa retirar o equipamento, a entrega gratuita est\u00e1 dispon\u00edvel atrav\u00e9s\u00a0<a href=\"https:\/\/www.howardcountymd.gov\/News051822d\" target=\"_blank\" rel=\"noopener\">passeio vizinho<\/a> no Condado de Howard.<\/p>\n<p>Desde que o Howard County Loan Closet foi inaugurado em 2004, j\u00e1 distribuiu mais de 35.000 equipamentos.\u00a0<a href=\"https:\/\/www.howardcountymd.gov\/disability-services\/loan-closet-equipment\" target=\"_blank\" rel=\"noopener\">View the current medical equipment<\/a> in the Howard County Loan Closet.<\/p>\n<p>Find a local provider by searching the 211 database.<\/p>\n\t\t\t<a href=\"https:\/\/search.211md.org\/search?query=Medical%20Equipment%20Supplies&#038;query_type=text\" target=\"_blank\" rel=\"noopener\">\n\t\t\t\t\t\tMedical equipment\/supplies\n\t\t\t\t\t<\/a>\n\t\t\t<a href=\"https:\/\/search.211md.org\/search?query=Loan%20Closet&#038;query_type=text\" target=\"_blank\" rel=\"noopener\">\n\t\t\t\t\t\tBorrow equipment\n\t\t\t\t\t<\/a>\n\t<h3>Doe equipamentos m\u00e9dicos<\/h3>\n<p>Se um membro da fam\u00edlia n\u00e3o precisar mais de equipamento m\u00e9dico dur\u00e1vel, como bengala, muletas ou andador, voc\u00ea pode do\u00e1-lo para ajudar outra pessoa necessitada. Doe para um arm\u00e1rio de empr\u00e9stimos comunit\u00e1rios ou para o Programa de Reutiliza\u00e7\u00e3o de Equipamentos M\u00e9dicos Dur\u00e1veis de Maryland (DME) por meio do Departamento de Envelhecimento.<\/p>\n<p>Once the Department of Aging receives a donation, the equipment is sanitized, repaired, and redistributed.<\/p>\n\t\t<figure itemscope itemtype=\"https:\/\/schema.org\/ImageObject\">\n\t\t\t\t<a href=\"https:\/\/search.211md.org\/\" target=\"_blank\" rel=\"noopener\" itemprop=\"url\">\n\t\t\t\t<img decoding=\"async\" src=\"https:\/\/stg-maryland211-staging.kinsta.cloud\/wp-content\/uploads\/2025\/08\/2025_MdInfoNet_Icon-Sets-white_Locate.png\" alt=\"\" onerror=\"this.style.display='none'\" loading=\"lazy\" \/>\n\t\t\t\t<\/a>\n\t<\/figure>\n<h2><a href=\"https:\/\/search.211md.org\/\" target=\"_blank\" rel=\"noopener\">Encontre recursos agora<\/a><\/h2><p>Encontrar <strong>recursos da comunidade <\/strong>para alimenta\u00e7\u00e3o, sa\u00fade, moradia e muito mais em nosso banco de dados. Pesquise por CEP.<\/p>\n\t\t\t<a href=\"https:\/\/search.211md.org\/\" target=\"_blank\" rel=\"noopener\">\n\t\t\t\t\t\t\tProcure agora\n\t\t\t<\/a>\n<h2>\n\t\t\tOther health related information\t<\/h2>\n\t\t<h4><a href=\"\/pt\/recursos\/envelhecimento-incapacidade\/?utm_source=Home&#038;utm_medium=Referral&#038;utm_campaign=211Resources&#038;utm_content=Aging\" target=\"_self\">Envelhecimento e Defici\u00eancia<\/a><\/h4><figure itemscope itemtype=\"https:\/\/schema.org\/ImageObject\">\n\t\t\t\t<a href=\"\/pt\/recursos\/envelhecimento-incapacidade\/?utm_source=Home&#038;utm_medium=Referral&#038;utm_campaign=211Resources&#038;utm_content=Aging\"  target=\"_self\" itemprop=\"url\">\n\t\t\t\t<img decoding=\"async\" src=\"https:\/\/211md.org\/wp-content\/uploads\/bb-plugin\/cache\/2025_MdInfoNet_Icon-Sets_Aging-disability-square-c466727102cae71e5f27b8539bb51945-.png\" alt=\"\" onerror=\"this.style.display='none'\" loading=\"lazy\" \/>\n\t\t\t\t<\/a>\n\t<\/figure>\n\t\t<h4><a href=\"\/pt\/recursos\/criancas-familias\/?utm_source=Home&#038;utm_medium=Referral&#038;utm_campaign=211Resources&#038;utm_content=Children\" target=\"_self\">Crian\u00e7as e Fam\u00edlias<\/a><\/h4><figure itemscope itemtype=\"https:\/\/schema.org\/ImageObject\">\n\t\t\t\t<a href=\"\/pt\/recursos\/criancas-familias\/?utm_source=Home&#038;utm_medium=Referral&#038;utm_campaign=211Resources&#038;utm_content=Children\"  target=\"_self\" itemprop=\"url\">\n\t\t\t\t<img decoding=\"async\" src=\"https:\/\/211md.org\/wp-content\/uploads\/bb-plugin\/cache\/2025_211_Icon-Sets_Child-care-square-f3b0d4edab3dcc467fadb5f55f4064c6-.png\" alt=\"parent and child icon for child care\" height=\"417\" width=\"417\" title=\"2025_211_Conjuntos de \u00edcones_Cuidados infantis\" onerror=\"this.style.display='none'\" loading=\"lazy\" \/>\n\t\t\t\t<\/a>\n\t<\/figure>\n\t\t<h4><a href=\"\/pt\/recursos\/violencia-domestica-familiar\/?utm_source=Home&#038;utm_medium=Referral&#038;utm_campaign=211Resources&#038;utm_content=Domestic\" target=\"_self\">Viol\u00eancia dom\u00e9stica<\/a><\/h4><figure itemscope itemtype=\"https:\/\/schema.org\/ImageObject\">\n\t\t\t\t<a href=\"\/pt\/recursos\/violencia-domestica-familiar\/?utm_source=Home&#038;utm_medium=Referral&#038;utm_campaign=211Resources&#038;utm_content=Domestic\"  target=\"_self\" itemprop=\"url\">\n\t\t\t\t<img decoding=\"async\" src=\"https:\/\/211md.org\/wp-content\/uploads\/bb-plugin\/cache\/2025_211_Icon-Sets_Domestic-Violence-square-7b597694a6f05fe90cdc376aa573bc63-.png\" alt=\"House with a heart in the middle icon\" height=\"417\" width=\"417\" title=\"2025_211_Conjuntos de \u00edcones_Viol\u00eancia dom\u00e9stica\" onerror=\"this.style.display='none'\" loading=\"lazy\" \/>\n\t\t\t\t<\/a>\n\t<\/figure>\n\t\t<h4><a href=\"\/pt\/recursos\/procura-de-emprego\/?utm_source=Home&#038;utm_medium=Referral&#038;utm_campaign=211Resources&#038;utm_content=Employment\" target=\"_self\">Emprego<\/a><\/h4><figure itemscope itemtype=\"https:\/\/schema.org\/ImageObject\">\n\t\t\t\t<a href=\"\/pt\/recursos\/procura-de-emprego\/?utm_source=Home&#038;utm_medium=Referral&#038;utm_campaign=211Resources&#038;utm_content=Employment\"  target=\"_self\" itemprop=\"url\">\n\t\t\t\t<img decoding=\"async\" src=\"https:\/\/211md.org\/wp-content\/uploads\/bb-plugin\/cache\/2025_MdInfoNet_Icon-Sets_Employment-square-44707bd410e4df10a470bf130ebcea86-.png\" alt=\"\" onerror=\"this.style.display='none'\" loading=\"lazy\" \/>\n\t\t\t\t<\/a>\n\t<\/figure>\n\t\t<h4><a href=\"\/pt\/recursos\/cuidados-de-saude\/?utm_source=Home&#038;utm_medium=Referral&#038;utm_campaign=211Resources&#038;utm_content=Health%20Care\" target=\"_self\">Cuidados de sa\u00fade<\/a><\/h4><figure itemscope itemtype=\"https:\/\/schema.org\/ImageObject\">\n\t\t\t\t<a href=\"\/pt\/recursos\/cuidados-de-saude\/?utm_source=Home&#038;utm_medium=Referral&#038;utm_campaign=211Resources&#038;utm_content=Health%20Care\"  target=\"_self\" itemprop=\"url\">\n\t\t\t\t<img decoding=\"async\" src=\"https:\/\/211md.org\/wp-content\/uploads\/bb-plugin\/cache\/2025_MdInfoNet_Icon-Sets_Health-Care-square-dee98a0060cbe0e7f27eda253fc12679-.png\" alt=\"\" onerror=\"this.style.display='none'\" loading=\"lazy\" \/>\n\t\t\t\t<\/a>\n\t<\/figure>\n\t\t<h4><a href=\"\/pt\/recursos\/novo-para-nos-e-marilandia\/?utm_source=Home&#038;utm_medium=Referral&#038;utm_campaign=211Resources&#038;utm_content=Immigration\" target=\"_self\">Imigra\u00e7\u00e3o<\/a><\/h4><figure itemscope itemtype=\"https:\/\/schema.org\/ImageObject\">\n\t\t\t\t<a href=\"\/pt\/recursos\/novo-para-nos-e-marilandia\/?utm_source=Home&#038;utm_medium=Referral&#038;utm_campaign=211Resources&#038;utm_content=Immigration\"  target=\"_self\" itemprop=\"url\">\n\t\t\t\t<img decoding=\"async\" src=\"https:\/\/211md.org\/wp-content\/uploads\/bb-plugin\/cache\/2025_MdInfoNet_Icon-Sets_Immigration-square-8b97b7fdfe5e6071405e216855065118-.png\" alt=\"\u00edcone de imigra\u00e7\u00e3o\" title=\"2025_MdInfoNet_Icon-Sets_Immigration\" onerror=\"this.style.display='none'\" loading=\"lazy\" \/>\n\t\t\t\t<\/a>\n\t<\/figure>\n\t\t<h4><a href=\"\/pt\/recursos\/criancas-familias\/cuidados-de-parentesco\/?utm_source=Home&#038;utm_medium=Referral&#038;utm_campaign=211Resources&#038;utm_content=Kinship\" target=\"_self\">Parentesco<\/a><\/h4><figure itemscope itemtype=\"https:\/\/schema.org\/ImageObject\">\n\t\t\t\t<a href=\"\/pt\/recursos\/criancas-familias\/cuidados-de-parentesco\/?utm_source=Home&#038;utm_medium=Referral&#038;utm_campaign=211Resources&#038;utm_content=Kinship\"  target=\"_self\" itemprop=\"url\">\n\t\t\t\t<img decoding=\"async\" src=\"https:\/\/211md.org\/wp-content\/uploads\/bb-plugin\/cache\/2025_211_Icon-Sets_Kinship-square-45bdf872866f5735f842c32071109267-.png\" alt=\"\u00cdcone de parentesco\" height=\"417\" width=\"417\" title=\"2025_211_Conjuntos de \u00edcones_Parentesco\" onerror=\"this.style.display='none'\" loading=\"lazy\" \/>\n\t\t\t\t<\/a>\n\t<\/figure>\n\t\t<h4><a href=\"\/pt\/recursos\/servicos-legais\/?utm_source=Home&#038;utm_medium=Referral&#038;utm_campaign=211Resources&#038;utm_content=Legal\" target=\"_self\">Servi\u00e7os legais<\/a><\/h4><figure itemscope itemtype=\"https:\/\/schema.org\/ImageObject\">\n\t\t\t\t<a href=\"\/pt\/recursos\/servicos-legais\/?utm_source=Home&#038;utm_medium=Referral&#038;utm_campaign=211Resources&#038;utm_content=Legal\"  target=\"_self\" itemprop=\"url\">\n\t\t\t\t<img decoding=\"async\" src=\"https:\/\/211md.org\/wp-content\/uploads\/bb-plugin\/cache\/2025_MdInfoNet_Icon-Sets_Legal-square-18fdf438feb8435588174d9046463257-.png\" alt=\"\" onerror=\"this.style.display='none'\" loading=\"lazy\" \/>\n\t\t\t\t<\/a>\n\t<\/figure>\n\t\t<h4><a href=\"\/pt\/recursos\/saude-mental\/?utm_source=Home&#038;utm_medium=Referral&#038;utm_campaign=211Resources&#038;utm_content=Mental\" target=\"_self\">Sa\u00fade mental<\/a><\/h4><figure itemscope itemtype=\"https:\/\/schema.org\/ImageObject\">\n\t\t\t\t<a href=\"\/pt\/recursos\/saude-mental\/?utm_source=Home&#038;utm_medium=Referral&#038;utm_campaign=211Resources&#038;utm_content=Mental\"  target=\"_self\" itemprop=\"url\">\n\t\t\t\t<img decoding=\"async\" src=\"https:\/\/211md.org\/wp-content\/uploads\/bb-plugin\/cache\/2025_MdInfoNet_Icon-Sets_Mental-Health-square-c59b38c4a993a947d4c9280fbe2d2fee-.png\" alt=\"\" onerror=\"this.style.display='none'\" loading=\"lazy\" \/>\n\t\t\t\t<\/a>\n\t<\/figure>\n\t\t<h4><a href=\"\/pt\/recursos\/mdreentry\/?utm_source=Home&#038;utm_medium=Referral&#038;utm_campaign=211Resources&#038;utm_content=Reentry\" target=\"_self\">Reentrada<\/a><\/h4><figure itemscope itemtype=\"https:\/\/schema.org\/ImageObject\">\n\t\t\t\t<a href=\"\/pt\/recursos\/mdreentry\/?utm_source=Home&#038;utm_medium=Referral&#038;utm_campaign=211Resources&#038;utm_content=Reentry\"  target=\"_self\" itemprop=\"url\">\n\t\t\t\t<img decoding=\"async\" src=\"https:\/\/211md.org\/wp-content\/uploads\/bb-plugin\/cache\/2025_211_Icon-Sets_Reentry-square-8676fea38abd920a832f45642fe31cca-.png\" alt=\"\u00cdcone de reentrada\" height=\"417\" width=\"417\" title=\"2025_211_Conjuntos de \u00edcones_Reentrada\" onerror=\"this.style.display='none'\" loading=\"lazy\" \/>\n\t\t\t\t<\/a>\n\t<\/figure>\n\t\t<h4><a href=\"\/pt\/recursos\/uso-de-substancias\/?utm_source=Home&#038;utm_medium=Referral&#038;utm_campaign=211Resources&#038;utm_content=Substance\" target=\"_self\">Uso de subst\u00e2ncias<\/a><\/h4><figure itemscope itemtype=\"https:\/\/schema.org\/ImageObject\">\n\t\t\t\t<a href=\"\/pt\/recursos\/uso-de-substancias\/?utm_source=Home&#038;utm_medium=Referral&#038;utm_campaign=211Resources&#038;utm_content=Substance\"  target=\"_self\" itemprop=\"url\">\n\t\t\t\t<img decoding=\"async\" src=\"https:\/\/211md.org\/wp-content\/uploads\/bb-plugin\/cache\/2025_MdInfoNet_Icon-Sets_Substance-Abuse-square-4f414f085e657267739c181957754f48-.png\" alt=\"Pills for substance Use icon\" title=\"2025_MdInfoNet_Icon-Sets_Substance-Abuse\" onerror=\"this.style.display='none'\" loading=\"lazy\" \/>\n\t\t\t\t<\/a>\n\t<\/figure>\n\t\t<h4><a href=\"\/pt\/recursos\/veteranos\/?utm_source=Home&#038;utm_medium=Referral&#038;utm_campaign=211Resources&#038;utm_content=Veterans\" target=\"_self\">veteranos<\/a><\/h4><figure itemscope itemtype=\"https:\/\/schema.org\/ImageObject\">\n\t\t\t\t<a href=\"\/pt\/recursos\/veteranos\/?utm_source=Home&#038;utm_medium=Referral&#038;utm_campaign=211Resources&#038;utm_content=Veterans\"  target=\"_self\" itemprop=\"url\">\n\t\t\t\t<img decoding=\"async\" src=\"https:\/\/211md.org\/wp-content\/uploads\/bb-plugin\/cache\/2025_MdInfoNet_Icon-Sets_Rating-square-6e60d00cce4faa8e0a6d4ad7366aa733-.png\" alt=\"\" onerror=\"this.style.display='none'\" loading=\"lazy\" \/>\n\t\t\t\t<\/a>\n\t<\/figure>\n\t<h2>Encontre os recursos certos<\/h2>\n<p>Em que podemos ajudar voc\u00ea hoje?<\/p>\n\t<meta name=\"algolia-site-verification\"  content=\"577A0FE2E1B79863\" \/>","protected":false},"excerpt":{"rendered":"<p>Do you have a medical expense that you can&#8217;t afford? You are not alone. Maryland and national organizations may be able to help offset some of your medical costs, mediate billing disputes or care denial, or provide free medical equipment. Get Started Talk to Your Provider about Your Bill Talk with your healthcare provider about&hellip;<\/p>","protected":false},"author":8,"featured_media":2079,"parent":838,"menu_order":0,"comment_status":"closed","ping_status":"closed","template":"","meta":{"footnotes":""},"group":[],"class_list":["post-1104","page","type-page","status-publish","has-post-thumbnail","hentry"],"_links":{"self":[{"href":"https:\/\/211md.org\/pt\/wp-json\/wp\/v2\/pages\/1104","targetHints":{"allow":["GET"]}}],"collection":[{"href":"https:\/\/211md.org\/pt\/wp-json\/wp\/v2\/pages"}],"about":[{"href":"https:\/\/211md.org\/pt\/wp-json\/wp\/v2\/types\/page"}],"author":[{"embeddable":true,"href":"https:\/\/211md.org\/pt\/wp-json\/wp\/v2\/users\/8"}],"replies":[{"embeddable":true,"href":"https:\/\/211md.org\/pt\/wp-json\/wp\/v2\/comments?post=1104"}],"version-history":[{"count":11,"href":"https:\/\/211md.org\/pt\/wp-json\/wp\/v2\/pages\/1104\/revisions"}],"predecessor-version":[{"id":34610,"href":"https:\/\/211md.org\/pt\/wp-json\/wp\/v2\/pages\/1104\/revisions\/34610"}],"up":[{"embeddable":true,"href":"https:\/\/211md.org\/pt\/wp-json\/wp\/v2\/pages\/838"}],"wp:featuredmedia":[{"embeddable":true,"href":"https:\/\/211md.org\/pt\/wp-json\/wp\/v2\/media\/2079"}],"wp:attachment":[{"href":"https:\/\/211md.org\/pt\/wp-json\/wp\/v2\/media?parent=1104"}],"wp:term":[{"taxonomy":"group","embeddable":true,"href":"https:\/\/211md.org\/pt\/wp-json\/wp\/v2\/group?post=1104"}],"curies":[{"name":"wp","href":"https:\/\/api.w.org\/{rel}","templated":true}]}}