{"id":1105,"date":"2021-04-19T14:42:46","date_gmt":"2021-04-19T14:42:46","guid":{"rendered":"https:\/\/211md.org\/?page_id=1105"},"modified":"2025-10-03T22:52:11","modified_gmt":"2025-10-04T02:52:11","slug":"prescricoes","status":"publish","type":"page","link":"https:\/\/211md.org\/pt\/resources\/health-care\/prescriptions\/","title":{"rendered":"Prescri\u00e7\u00f5es"},"content":{"rendered":"<p>Se precisar de ajuda para preencher uma receita, existem programas estaduais de assist\u00eancia farmac\u00eautica a pacientes e grupos locais sem fins lucrativos que podem reduzir o custo da medica\u00e7\u00e3o. Disque 211 para encontrar o melhor recurso para sua situa\u00e7\u00e3o.<\/p>\n<p>Voc\u00ea tamb\u00e9m pode&nbsp;<a href=\"https:\/\/search.211md.org\/search?query=prescription+medication&amp;query_type=text&amp;query_language=en\" target=\"_blank\" rel=\"noopener\">encontre programas de assist\u00eancia a medicamentos prescritos no banco de dados 211<\/a>.<\/p>\n\t<h3><b>Descontos em Medicamentos<\/b><\/h3>\n<p>O Maryland Rx Card \u00e9 um programa de desconto gratuito que oferece descontos em medicamentos nas farm\u00e1cias participantes.<\/p>\n<p>N\u00e3o h\u00e1 taxas de inscri\u00e7\u00e3o, requisitos de elegibilidade e nenhum formul\u00e1rio para preencher. Imprima, envie uma mensagem de texto ou envie os cart\u00f5es por e-mail para voc\u00ea mesmo.&nbsp;<a href=\"https:\/\/marylandrxcard.com\/create\" target=\"_blank\" rel=\"noopener\">Obter um cart\u00e3o Maryland Rx<\/a>.<\/p>\n<p>H\u00e1 tamb\u00e9m outros cart\u00f5es de desconto para medicamentos prescritos dispon\u00edveis em Maryland. Fale com o seu m\u00e9dico, farmac\u00eautico ou&nbsp;<a href=\"https:\/\/search.211md.org\/search?query=prescription+medication&amp;query_type=text&amp;query_language=en\" target=\"_blank\" rel=\"noopener\">pesquise o banco de dados 211 Maryland para encontrar outros programas<\/a>.<\/p>\n<p>Se voc\u00ea for idoso, o Programa de Assist\u00eancia a Medicamentos Prescritos para Idosos (SPDAP) \u00e9 um subs\u00eddio oferecido a residentes de Maryland de renda moderada eleg\u00edveis para o Medicare e inscritos em um plano de medicamentos prescritos.&nbsp;<a href=\"http:\/\/marylandspdap.com\/\" target=\"_blank\" rel=\"noopener\">Saber mais<\/a>&nbsp;sobre as diretrizes de qualifica\u00e7\u00e3o para este programa.<\/p>\n\t\t\t\t<img loading=\"lazy\" decoding=\"async\" src=\"https:\/\/211md.org\/wp-content\/uploads\/2021\/05\/Pharmacist.png\" alt=\"Farmac\u00eautico segurando medicamentos e um telefone\" itemprop=\"image\" height=\"348\" width=\"460\" title=\"farmac\u00eautico\" onerror=\"this.style.display='none'\">\n\t<h3><b>Encontre Programas de Assist\u00eancia ao Paciente&nbsp;<\/b><\/h3>\n<p>Para conhecer outros programas assistenciais p\u00fablicos e privados, pesquise no&nbsp;<a href=\"https:\/\/medicineassistancetool.org\/\" target=\"_blank\" rel=\"noopener\">Ferramenta de Assist\u00eancia a Medicamentos<\/a>&nbsp;(ESTEIRA). A ferramenta combina pacientes com recursos e programas de compartilhamento de custos que podem reduzir os custos diretos, mesmo se voc\u00ea tiver seguro.<\/p>\n<p>Muitas empresas farmac\u00eauticas oferecem medicamentos gratuitos ou de baixo custo para indiv\u00edduos n\u00e3o segurados que n\u00e3o podem pagar pelos seus medicamentos. Voc\u00ea precisar\u00e1 entrar em contato com cada Programa de Assist\u00eancia ao Paciente para obter diretrizes de qualifica\u00e7\u00e3o.<\/p>\n<p>&nbsp;<\/p>\n<h3><b>Ajuda financeira para prescri\u00e7\u00f5es<\/b><\/h3>\n<p>Igrejas locais e grupos sem fins lucrativos tamb\u00e9m podem fornecer assist\u00eancia financeira para compensar os custos de medicamentos. Disque 211 para encontrar um programa local ou <a href=\"https:\/\/search.211md.org\/search?query=Financial%20Assistance%20Health%20Conditions&amp;query_type=text&amp;query_language=en\" target=\"_blank\" rel=\"noopener\">pesquisar no banco de dados.<\/a><\/p>\n<h2>Informa\u00e7\u00e3o relacionada<\/h2>\n<p><a href=\"\/pt\/recursos\/cuidados-de-saude\/assistencia-medica\/\">Medicare<\/a><\/p>\n<p><a href=\"\/pt\/recursos\/cuidados-de-saude\/descarte-de-drogas\/\">Descarte de medicamentos prescritos em Maryland<\/a><\/p>\n<p><a title=\"Cuidado dental\" href=\"\/pt\/recursos\/cuidados-de-saude\/cuidado-dental\/\">Cuidado dental<\/a><\/p>\n<p><a title=\"Prescri\u00e7\u00f5es\" href=\"\/pt\/recursos\/cuidados-de-saude\/prescricoes\/\">Prescri\u00e7\u00f5es<\/a><\/p>\n<p><a href=\"\/pt\/recursos\/cuidados-de-saude\/medicaid\/\">Medicaid<\/a><\/p>\n<p><a title=\"Plano de sa\u00fade\" href=\"\/pt\/recursos\/cuidados-de-saude\/plano-de-saude\/\">Plano de sa\u00fade<\/a><\/p>\n<p><a title=\"Assist\u00eancia para Despesas M\u00e9dicas\" href=\"\/pt\/recursos\/cuidados-de-saude\/assistencia-despesas-medicas\/\">Assist\u00eancia para Despesas M\u00e9dicas<\/a><\/p>\n<h2>\n\t\tEncontrar recursos\n\t<\/h2>\n\t\t\t\t<a href=\"\/pt\/recursos\/envelhecimento-incapacidade\/\" target=\"_self\" itemprop=\"url\" rel=\"noopener\">\n\t\t\t\t<img loading=\"lazy\" decoding=\"async\" src=\"https:\/\/211md.org\/wp-content\/uploads\/bb-plugin\/cache\/Mask-Group-41@2x-circle-73eaadba4cad8269faa4720e25cf1c85-.png\" alt=\"Os p\u00e9s de uma mulher mais velha e uma mulher mais jovem caminhando juntos\" itemprop=\"image\" height=\"500\" width=\"500\" title=\"Servi\u00e7os para deficientes\" onerror=\"this.style.display='none'\">\n\t\t\t\t<\/a>\n\t\t<h3><a href=\"\/pt\/recursos\/envelhecimento-incapacidade\/\" target=\"_self\" rel=\"noopener\">Envelhecimento e Defici\u00eancia<\/a><\/h3>\t\t\n\t\t\t\t<a href=\"\/pt\/recursos\/criancas-familias\/\" target=\"_self\" itemprop=\"url\" rel=\"noopener\">\n\t\t\t\t<img loading=\"lazy\" decoding=\"async\" src=\"https:\/\/211md.org\/wp-content\/uploads\/bb-plugin\/cache\/Mask-Group-38@2x-circle-ac40d46265fbec62083cd27f6dcf23b0-.png\" alt=\"Um menino e uma menina sorrindo e olhando para a c\u00e2mera\" itemprop=\"image\" height=\"500\" width=\"500\" title=\"Grupo de m\u00e1scara 38@2x\" onerror=\"this.style.display='none'\">\n\t\t\t\t<\/a>\n\t\t<h3><a href=\"\/pt\/recursos\/criancas-familias\/\" target=\"_self\" rel=\"noopener\">Crian\u00e7as e Fam\u00edlias<\/a><\/h3>\t\t\n\t\t\t\t<a href=\"\/pt\/recursos\/covid-19-resource-center\/\" target=\"_self\" itemprop=\"url\" rel=\"noopener\">\n\t\t\t\t<img loading=\"lazy\" decoding=\"async\" src=\"https:\/\/211md.org\/wp-content\/uploads\/bb-plugin\/cache\/Mask-Group-35-circle-1d65595bca7a4e0f07d3d14ca4f42835-.png\" alt=\"Um cotovelo de homem e mulher batendo\" itemprop=\"image\" height=\"500\" width=\"500\" title=\"Grupo de m\u00e1scara 35\" onerror=\"this.style.display='none'\">\n\t\t\t\t<\/a>\n\t\t<h3><a href=\"\/pt\/recursos\/covid-19-resource-center\/\" target=\"_self\" rel=\"noopener\">Recursos COVID-19<\/a><\/h3>\t\t\n\t\t\t\t<a href=\"\/pt\/recursos\/violencia-domestica-familiar\/\" target=\"_self\" itemprop=\"url\" rel=\"noopener\">\n\t\t\t\t<img loading=\"lazy\" decoding=\"async\" src=\"https:\/\/211md.org\/wp-content\/uploads\/bb-plugin\/cache\/Mask-Group-39@2x-circle-b2589197a13c791d910f46dd10b27a87-.png\" alt=\"Dois pares de m\u00e3os segurando um ao outro\" itemprop=\"image\" height=\"500\" width=\"500\" title=\"Grupo de m\u00e1scara 39@2x\" onerror=\"this.style.display='none'\">\n\t\t\t\t<\/a>\n\t\t<h3><a href=\"\/pt\/recursos\/violencia-domestica-familiar\/\" target=\"_self\" rel=\"noopener\">Viol\u00eancia Dom\u00e9stica\/Familiar<\/a><\/h3>\t\t\n\t\t\t\t<a href=\"\/pt\/recursos\/procura-de-emprego\/\" target=\"_self\" itemprop=\"url\" rel=\"noopener\">\n\t\t\t\t<img loading=\"lazy\" decoding=\"async\" src=\"https:\/\/211md.org\/wp-content\/uploads\/bb-plugin\/cache\/Employment-circle-bf72562329e950df948954f5d3f44b2e-.png\" alt=\"um mec\u00e2nico de autom\u00f3veis\" itemprop=\"image\" height=\"500\" width=\"500\" title=\"Emprego\" onerror=\"this.style.display='none'\">\n\t\t\t\t<\/a>\n\t\t<h3><a href=\"\/pt\/recursos\/procura-de-emprego\/\" target=\"_self\" rel=\"noopener\">Emprego<\/a><\/h3>\t\t\n\t\t\t\t<a href=\"\/pt\/recursos\/cuidados-de-saude\/\" target=\"_self\" itemprop=\"url\" rel=\"noopener\">\n\t\t\t\t<img loading=\"lazy\" decoding=\"async\" src=\"https:\/\/211md.org\/wp-content\/uploads\/bb-plugin\/cache\/Mask-Group-35@2x-circle-94be10c13e4adae1683b4589dc2f5b2f-.png\" alt=\"Doutor olhando para a perna de meninos\" itemprop=\"image\" height=\"500\" width=\"500\" title=\"Grupo de m\u00e1scara 35@2x\" onerror=\"this.style.display='none'\">\n\t\t\t\t<\/a>\n\t\t<h3><a href=\"\/pt\/recursos\/cuidados-de-saude\/\" target=\"_self\" rel=\"noopener\">Cuidados de sa\u00fade<\/a><\/h3>\t\t\n\t\t\t\t<a href=\"\/pt\/recursos\/comida\/\" target=\"_self\" itemprop=\"url\" rel=\"noopener\">\n\t\t\t\t<img loading=\"lazy\" decoding=\"async\" src=\"https:\/\/211md.org\/wp-content\/uploads\/bb-plugin\/cache\/Mask-Group-32@2x-circle-1c6d647dcaf998fa079d26735cedc92b-.png\" alt=\"Vegetais frescos\" itemprop=\"image\" height=\"500\" width=\"500\" title=\"Grupo de m\u00e1scara 32@2x\" onerror=\"this.style.display='none'\">\n\t\t\t\t<\/a>\n\t\t<h3><a href=\"\/pt\/recursos\/comida\/\" target=\"_self\" rel=\"noopener\">Comida<\/a><\/h3>\t\t\n\t\t\t\t<a href=\"\/pt\/recursos\/casa-abrigo\/\" target=\"_self\" itemprop=\"url\" rel=\"noopener\">\n\t\t\t\t<img loading=\"lazy\" decoding=\"async\" src=\"https:\/\/211md.org\/wp-content\/uploads\/bb-plugin\/cache\/Mask-Group-34@2x-circle-b99c55fc16ef21f35e2f2a1f7cc37b9a-.png\" alt=\"Varanda do complexo de apartamentos\" itemprop=\"image\" height=\"500\" width=\"500\" title=\"Complexo de apartamentos\" onerror=\"this.style.display='none'\">\n\t\t\t\t<\/a>\n\t\t<h3><a href=\"\/pt\/recursos\/casa-abrigo\/\" target=\"_self\" rel=\"noopener\">Habita\u00e7\u00e3o e Abrigo<\/a><\/h3>\t\t\n\t\t\t\t<a href=\"\/pt\/novo-para-nos-e-marilandia\/\" target=\"_self\" itemprop=\"url\" rel=\"noopener\">\n\t\t\t\t<img loading=\"lazy\" decoding=\"async\" src=\"https:\/\/211md.org\/wp-content\/uploads\/bb-plugin\/cache\/American-flag-circle-0016cc327e27ef7aeb080f1da6c6e98b-.jpg\" alt=\"bandeira americana\" itemprop=\"image\" height=\"364\" width=\"1366\" title=\"Bandeira americana\" onerror=\"this.style.display='none'\">\n\t\t\t\t<\/a>\n\t\t<h3><a href=\"\/pt\/novo-para-nos-e-marilandia\/\" target=\"_self\" rel=\"noopener\">Imigra\u00e7\u00e3o<\/a><\/h3>\t\t\n\t\t\t\t<a href=\"\/pt\/recursos\/servicos-legais\/\" target=\"_self\" itemprop=\"url\" rel=\"noopener\">\n\t\t\t\t<img loading=\"lazy\" decoding=\"async\" src=\"https:\/\/211md.org\/wp-content\/uploads\/bb-plugin\/cache\/Housing-Legal-circle-9a8f3c1c72c54b6e1ce612d2993c1ad4-.png\" alt=\"Gavel legal com um modelo de pl\u00e1stico de uma casa ao lado\" itemprop=\"image\" height=\"348\" width=\"460\" title=\"Habita\u00e7\u00e3o Legal\" onerror=\"this.style.display='none'\">\n\t\t\t\t<\/a>\n\t\t<h3><a href=\"\/pt\/recursos\/servicos-legais\/\" target=\"_self\" rel=\"noopener\">Servi\u00e7os legais<\/a><\/h3>\t\t\n\t\t\t\t<a href=\"\/pt\/recursos\/saude-mental\/\" target=\"_self\" itemprop=\"url\" rel=\"noopener\">\n\t\t\t\t<img loading=\"lazy\" decoding=\"async\" src=\"https:\/\/211md.org\/wp-content\/uploads\/bb-plugin\/cache\/Mask-Group-40@2x-circle-7bd9426367852fb3d841bc4bdc57a550-.png\" alt=\"Os perfis de um homem e uma mulher\" itemprop=\"image\" height=\"500\" width=\"500\" title=\"Grupo de m\u00e1scara 40@2x\" onerror=\"this.style.display='none'\">\n\t\t\t\t<\/a>\n\t\t<h3><a href=\"\/pt\/recursos\/saude-mental\/\" target=\"_self\" rel=\"noopener\">Sa\u00fade mental<\/a><\/h3>\t\t\n\t\t\t\t<a href=\"\/pt\/stophate\/\" target=\"_self\" itemprop=\"url\" rel=\"noopener\">\n\t\t\t\t<img loading=\"lazy\" decoding=\"async\" src=\"https:\/\/211md.org\/wp-content\/uploads\/bb-plugin\/cache\/Background-section-MDStophate-circle-08e2bae1cf9f2ad6cc83e01e23da8cb9-.jpg\" alt=\"Background-section-MDStophate\" itemprop=\"image\" height=\"768\" width=\"1366\" title=\"Background-section-MDStophate\" onerror=\"this.style.display='none'\">\n\t\t\t\t<\/a>\n\t\t<h3><a href=\"\/pt\/stophate\/\" target=\"_self\" rel=\"noopener\">Pare de odiar<\/a><\/h3>\t\t\n\t\t\t\t<a href=\"\/pt\/recursos\/uso-de-substancias\/\" target=\"_self\" itemprop=\"url\" rel=\"noopener\">\n\t\t\t\t<img loading=\"lazy\" decoding=\"async\" src=\"https:\/\/211md.org\/wp-content\/uploads\/bb-plugin\/cache\/Substance-Use-circle-ad2d564932dc31267e0c32a6fb2d915c-.png\" alt=\"P\u00edlulas para esmagar as m\u00e3os\" itemprop=\"image\" height=\"500\" width=\"500\" title=\"Uso de subst\u00e2ncias\" onerror=\"this.style.display='none'\">\n\t\t\t\t<\/a>\n\t\t<h3><a href=\"\/pt\/recursos\/uso-de-substancias\/\" target=\"_self\" rel=\"noopener\">Uso de subst\u00e2ncias<\/a><\/h3>\t\t\n\t\t\t\t<a href=\"\/pt\/recursos\/servicos-fiscais\/\" target=\"_self\" itemprop=\"url\" rel=\"noopener\">\n\t\t\t\t<img loading=\"lazy\" decoding=\"async\" src=\"https:\/\/211md.org\/wp-content\/uploads\/bb-plugin\/cache\/Mask-Group-34-circle-166a606e37e61188c9a17d5e634cda3c-.png\" alt=\"Pessoa preenchendo a papelada do imposto de renda\" itemprop=\"image\" height=\"500\" width=\"500\" title=\"Grupo de m\u00e1scara 34\" onerror=\"this.style.display='none'\">\n\t\t\t\t<\/a>\n\t\t<h3><a href=\"\/pt\/recursos\/servicos-fiscais\/\" target=\"_self\" rel=\"noopener\">Servi\u00e7os fiscais<\/a><\/h3>\t\t\n\t\t\t\t<a href=\"\/pt\/recursos\/utilitario-assistencia\/\" target=\"_self\" itemprop=\"url\" rel=\"noopener\">\n\t\t\t\t<img loading=\"lazy\" decoding=\"async\" src=\"https:\/\/211md.org\/wp-content\/uploads\/bb-plugin\/cache\/Mask-Group-37@2x-circle-9661a11b9c4082079c9a1f06bc539567-.png\" alt=\"Uma l\u00e2mpada acesa\" itemprop=\"image\" height=\"500\" width=\"500\" title=\"Grupo de m\u00e1scara 37@2x\" onerror=\"this.style.display='none'\">\n\t\t\t\t<\/a>\n\t\t<h3><a href=\"\/pt\/recursos\/utilitario-assistencia\/\" target=\"_self\" rel=\"noopener\">Assist\u00eancia de utilidade<\/a><\/h3>\t\t\n\t\t\t\t<a href=\"\/pt\/recursos\/veteranos\/\" target=\"_self\" itemprop=\"url\" rel=\"noopener\">\n\t\t\t\t<img loading=\"lazy\" decoding=\"async\" src=\"https:\/\/211md.org\/wp-content\/uploads\/bb-plugin\/cache\/Veterans-circle-b5b2b017288a5af0f61a41d0f31d0f82-.png\" alt=\"Um soldado apertando a m\u00e3o de algu\u00e9m e sorrindo\" itemprop=\"image\" height=\"500\" width=\"500\" title=\"veteranos\" onerror=\"this.style.display='none'\">\n\t\t\t\t<\/a>\n\t\t<h3><a href=\"\/pt\/recursos\/veteranos\/\" target=\"_self\" rel=\"noopener\">veteranos<\/a><\/h3>","protected":false},"excerpt":{"rendered":"<p>Se precisar de ajuda para preencher uma receita, existem programas estaduais de assist\u00eancia farmac\u00eautica a pacientes e grupos locais sem fins lucrativos que podem reduzir o custo da medica\u00e7\u00e3o. Disque 211 para encontrar o melhor recurso para sua situa\u00e7\u00e3o. Voc\u00ea tamb\u00e9m pode encontrar programas de assist\u00eancia a medicamentos prescritos no banco de dados 211. Descontos em medicamentos O Maryland Rx Card \u00e9 um\u2026<\/p>","protected":false},"author":8,"featured_media":1119,"parent":838,"menu_order":0,"comment_status":"closed","ping_status":"closed","template":"","meta":{"footnotes":""},"class_list":["post-1105","page","type-page","status-publish","has-post-thumbnail","hentry"],"_links":{"self":[{"href":"https:\/\/211md.org\/pt\/wp-json\/wp\/v2\/pages\/1105","targetHints":{"allow":["GET"]}}],"collection":[{"href":"https:\/\/211md.org\/pt\/wp-json\/wp\/v2\/pages"}],"about":[{"href":"https:\/\/211md.org\/pt\/wp-json\/wp\/v2\/types\/page"}],"author":[{"embeddable":true,"href":"https:\/\/211md.org\/pt\/wp-json\/wp\/v2\/users\/8"}],"replies":[{"embeddable":true,"href":"https:\/\/211md.org\/pt\/wp-json\/wp\/v2\/comments?post=1105"}],"version-history":[{"count":1,"href":"https:\/\/211md.org\/pt\/wp-json\/wp\/v2\/pages\/1105\/revisions"}],"predecessor-version":[{"id":33910,"href":"https:\/\/211md.org\/pt\/wp-json\/wp\/v2\/pages\/1105\/revisions\/33910"}],"up":[{"embeddable":true,"href":"https:\/\/211md.org\/pt\/wp-json\/wp\/v2\/pages\/838"}],"wp:featuredmedia":[{"embeddable":true,"href":"https:\/\/211md.org\/pt\/wp-json\/wp\/v2\/media\/1119"}],"wp:attachment":[{"href":"https:\/\/211md.org\/pt\/wp-json\/wp\/v2\/media?parent=1105"}],"curies":[{"name":"wp","href":"https:\/\/api.w.org\/{rel}","templated":true}]}}