{"id":1115,"date":"2021-04-19T16:17:02","date_gmt":"2021-04-19T16:17:02","guid":{"rendered":"https:\/\/211md.org\/?page_id=1115"},"modified":"2024-12-20T12:32:06","modified_gmt":"2024-12-20T17:32:06","slug":"direitos-dos-inquilinos","status":"publish","type":"page","link":"https:\/\/211md.org\/pt\/resources\/legal-services\/tenants-rights\/","title":{"rendered":"Como os inquilinos\/inquilinos podem obter ajuda com disputas com propriet\u00e1rios"},"content":{"rendered":"<img loading=\"lazy\" decoding=\"async\" src=\"https:\/\/211md.org\/wp-content\/uploads\/2021\/05\/Key-Handoff.png\" alt=\"Propriet\u00e1rio entregando as chaves ao inquilino\" itemprop=\"image\" height=\"348\" width=\"460\" title=\"Transfer\u00eancia de chave\" onerror=\"this.style.display='none'\"  \/>\n\t<p>As disputas entre propriet\u00e1rios e inquilinos s\u00e3o uma das reclama\u00e7\u00f5es mais comuns ao Gabinete do Procurador-Geral de Maryland. Como locat\u00e1rio, voc\u00ea tem certos direitos, obriga\u00e7\u00f5es e recursos dispon\u00edveis de acordo com a lei de Maryland. Tamb\u00e9m pode haver prote\u00e7\u00f5es locais dispon\u00edveis ou processos ligeiramente diferentes para resolver uma disputa entre propriet\u00e1rios.<\/p>\n<h2>Disputas comuns entre senhorio e inquilino<\/h2>\n<p>Inquilinos e propriet\u00e1rios podem discordar sobre:<\/p>\n<ul>\n<li>taxas de inscri\u00e7\u00e3o<\/li>\n<li>arrendamentos<\/li>\n<li>aluguel<\/li>\n<li>dep\u00f3sitos de seguran\u00e7a<\/li>\n<li>o direito de tomar posse<\/li>\n<li>renova\u00e7\u00f5es de arrendamento<\/li>\n<li>quebra de contrato de arrendamento<\/li>\n<li>aluguel cau\u00e7\u00e3o<\/li>\n<li>falha em fazer reparos<\/li>\n<li>retalia\u00e7\u00e3o do senhorio<\/li>\n<li>perigos da tinta \u00e0 base de chumbo<\/li>\n<li>despejo<\/li>\n<\/ul>\n<p><a href=\"https:\/\/www.marylandattorneygeneral.gov\/CPD%20Documents\/Tips-Publications\/landlordTenantPDF.pdf\" target=\"_blank\" rel=\"noopener\"><strong>Este guia do procurador-geral<\/strong><\/a> oferece dicas para evitar e gerenciar disputas comuns. Inclui cen\u00e1rios comuns e oferece maneiras potenciais de lidar com a situa\u00e7\u00e3o.<\/p>\n<h2>Como lidar com reparos inseguros em moradias e alugu\u00e9is<\/h2>\n<p>Se voc\u00ea tiver um defeito s\u00e9rio ou perigoso em seu apartamento ou pr\u00e9dio alugado, os inquilinos t\u00eam certos direitos porque os propriet\u00e1rios t\u00eam certas obriga\u00e7\u00f5es perante a lei.<\/p>\n<p>Voc\u00ea pode ser capaz de:<\/p>\n<ul>\n<li>Use uma conta de cust\u00f3dia se ela for estabelecida pelo Tribunal Distrital.<\/li>\n<li>Obtenha uma liminar.<\/li>\n<\/ul>\n<h4>Conta de cust\u00f3dia<\/h4>\n<p>Se o Tribunal Distrital estabelecer uma conta de cust\u00f3dia, voc\u00ea deposita o dinheiro do aluguel em vez de pagar o aluguel ao locador todo m\u00eas. No entanto, h\u00e1 condi\u00e7\u00f5es espec\u00edficas e requisitos de notifica\u00e7\u00e3o para os quais voc\u00ea pode usar a conta de cust\u00f3dia.<\/p>\n<p>Embora o tribunal decida se uma situa\u00e7\u00e3o justifica uma conta de cust\u00f3dia, ela \u00e9 normalmente usada para defeitos s\u00e9rios e perigosos. Isso pode incluir, mas n\u00e3o est\u00e1 limitado a:<\/p>\n<ul>\n<li>infesta\u00e7\u00e3o de roedores em duas ou mais unidades<\/li>\n<li>perigo de tinta \u00e0 base de chumbo<\/li>\n<li>falta de tratamento adequado de esgoto<\/li>\n<li>falta de aquecimento, luz, eletricidade ou \u00e1gua, caso o propriet\u00e1rio seja respons\u00e1vel por mant\u00ea-los.<\/li>\n<\/ul>\n<p>N\u00e3o cobre falta de ar condicionado, desgaste normal ou outras viola\u00e7\u00f5es n\u00e3o perigosas do c\u00f3digo habitacional.<\/p>\n<h4>Injun\u00e7\u00e3o<\/h4>\n<p>Uma liminar pode ser outra op\u00e7\u00e3o. Essa \u00e9 uma peti\u00e7\u00e3o para que o tribunal ordene ao propriet\u00e1rio que repare ou conserte as condi\u00e7\u00f5es relacionadas.<\/p>\n<p>Para obter mais informa\u00e7\u00f5es, incluindo o processo detalhado de notifica\u00e7\u00e3o e apresenta\u00e7\u00e3o ao tribunal, consulte o\u00a0<a href=\"https:\/\/mvlslaw.org\/wp-content\/uploads\/2018\/09\/Unsafe-Housing-Conditions-Remedies.pdf\" target=\"_blank\" rel=\"noopener\">Servi\u00e7o de advogados volunt\u00e1rios de Maryland<\/a>\u00a0folha de fatos.<\/p>\n<h2><b>Obtendo ajuda<\/b><\/h2>\n<p>Em geral, coloque as disputas por escrito e tire fotos sempre que poss\u00edvel para ter um rastro em papel.<\/p>\n<p>o\u00a0<a href=\"https:\/\/www.peoples-law.org\/cat\/landlord-tenant\" target=\"_blank\" rel=\"noopener\">Biblioteca de Direito Popular de Maryland<\/a>\u00a0tamb\u00e9m tem v\u00e1rios guias para propriet\u00e1rios\/inquilinos e informa\u00e7\u00f5es sobre dep\u00f3sitos de seguran\u00e7a, despejos e falta de pagamento de aluguel, servi\u00e7os p\u00fablicos e prote\u00e7\u00f5es de moradia para <a href=\"https:\/\/211md.org\/pt\/recursos\/violencia-domestica-familiar\/\">v\u00edtimas de viol\u00eancia dom\u00e9stica<\/a>.<\/p>\n<p>Voc\u00ea tamb\u00e9m pode conversar com um advogado sobre sua quest\u00e3o legal civil sem nenhum custo por meio do Centro de Ajuda do Tribunal de Maryland. Ligue para 410-260-1392 durante o hor\u00e1rio comercial. Voc\u00ea pode encontrar mais informa\u00e7\u00f5es sobre este recurso em\u00a0<a href=\"https:\/\/www.peoples-law.org\/\" target=\"_blank\" rel=\"noopener\">Biblioteca de Direito Popular de Maryland<\/a>.<\/p>\n<p>Se voc\u00ea estiver tendo uma disputa, poder\u00e1 obter assist\u00eancia da Unidade de Media\u00e7\u00e3o do Gabinete do Procurador-Geral de Maryland. Eles ajudar\u00e3o a resolver disputas entre o propriet\u00e1rio e o inquilino. Voc\u00ea pode registrar um\u00a0<a href=\"https:\/\/web.oag.state.md.us\/editor\/customer\/onlineformhelpers\/formviewer.aspx?filename=landlordtenant.htm\" target=\"_blank\" rel=\"noopener\">queixa de senhorio\/inquilino online<\/a>\u00a0ou\u00a0<a href=\"https:\/\/www.marylandattorneygeneral.gov\/Pages\/contactus.aspx\" target=\"_blank\" rel=\"noopener\">ligue para o procurador-geral de Maryland.<\/a><\/p>\n<p>O mencionado acima n\u00e3o \u00e9 um conselho legal, e voc\u00ea deve consultar um advogado para obter ajuda em rela\u00e7\u00e3o \u00e0 sua disputa espec\u00edfica entre propriet\u00e1rio\/inquilino.<\/p>\n<h2>Informa\u00e7\u00e3o relacionada<\/h2>\n<p><a title=\"Ser um senhorio\" href=\"https:\/\/211md.org\/pt\/recursos\/servicos-legais\/ser-proprietario\/\">Ser um senhorio<\/a><\/p>\n<p><a title=\"Pens\u00e3o aliment\u00edcia\" href=\"https:\/\/211md.org\/pt\/recursos\/servicos-legais\/pensao-alimenticia\/\">Pens\u00e3o aliment\u00edcia<\/a><\/p>\n<p><a title=\"Direitos do Inquilino\" href=\"https:\/\/211md.org\/pt\/recursos\/servicos-legais\/direitos-dos-inquilinos\/\">Direitos do Inquilino<\/a><\/p>\n<h2>\n\t\tEncontrar recursos\n\t<\/h2>\n\t\t\t\t<a href=\"\/pt\/recursos\/envelhecimento-incapacidade\/\" target=\"_self\" itemprop=\"url\">\n\t\t\t\t<img loading=\"lazy\" decoding=\"async\" src=\"https:\/\/211md.org\/wp-content\/uploads\/bb-plugin\/cache\/Mask-Group-41@2x-circle-73eaadba4cad8269faa4720e25cf1c85-.png\" alt=\"Os p\u00e9s de uma mulher mais velha e uma mulher mais jovem caminhando juntos\" itemprop=\"image\" height=\"500\" width=\"500\" title=\"Servi\u00e7os para deficientes\" onerror=\"this.style.display='none'\"  \/>\n\t\t\t\t<\/a>\n\t\t<h3><a href=\"\/pt\/recursos\/envelhecimento-incapacidade\/\" target=\"_self\">Envelhecimento e Defici\u00eancia<\/a><\/h3>\t\n\t\t\t\t<a href=\"\/pt\/recursos\/criancas-familias\/\" target=\"_self\" itemprop=\"url\">\n\t\t\t\t<img loading=\"lazy\" decoding=\"async\" src=\"https:\/\/211md.org\/wp-content\/uploads\/bb-plugin\/cache\/Mask-Group-38@2x-circle-ac40d46265fbec62083cd27f6dcf23b0-.png\" alt=\"Um menino e uma menina sorrindo e olhando para a c\u00e2mera\" itemprop=\"image\" height=\"500\" width=\"500\" title=\"Grupo de m\u00e1scara 38@2x\" onerror=\"this.style.display='none'\"  \/>\n\t\t\t\t<\/a>\n\t\t<h3><a href=\"\/pt\/recursos\/criancas-familias\/\" target=\"_self\">Crian\u00e7as e Fam\u00edlias<\/a><\/h3>\t\n\t\t\t\t<a href=\"\/pt\/recursos\/covid-19-resource-center\/\" target=\"_self\" itemprop=\"url\">\n\t\t\t\t<img decoding=\"async\" src=\"https:\/\/211md.org\/wp-content\/uploads\/bb-plugin\/cache\/Data-Post-Image-COVID-circle-abdf7e097c6f7781a4f84df775b7857e-.png\" alt=\"Uma c\u00e9lula COVID-19\" itemprop=\"image\" title=\"Imagem de postagem de dados - COVID\" onerror=\"this.style.display='none'\"  \/>\n\t\t\t\t<\/a>\n\t\t<h3><a href=\"\/pt\/recursos\/covid-19-resource-center\/\" target=\"_self\">COVID<\/a><\/h3>\t\n\t\t\t\t<a href=\"\/pt\/recursos\/violencia-domestica-familiar\/\" target=\"_self\" itemprop=\"url\">\n\t\t\t\t<img loading=\"lazy\" decoding=\"async\" src=\"https:\/\/211md.org\/wp-content\/uploads\/bb-plugin\/cache\/Mask-Group-39@2x-circle-b2589197a13c791d910f46dd10b27a87-.png\" alt=\"Dois pares de m\u00e3os segurando um ao outro\" itemprop=\"image\" height=\"500\" width=\"500\" title=\"Grupo de m\u00e1scara 39@2x\" onerror=\"this.style.display='none'\"  \/>\n\t\t\t\t<\/a>\n\t\t<h3><a href=\"\/pt\/recursos\/violencia-domestica-familiar\/\" target=\"_self\">Viol\u00eancia Dom\u00e9stica\/Familiar<\/a><\/h3>\t\n\t\t\t\t<a href=\"\/pt\/recursos\/procura-de-emprego\/\" target=\"_self\" itemprop=\"url\">\n\t\t\t\t<img loading=\"lazy\" decoding=\"async\" src=\"https:\/\/211md.org\/wp-content\/uploads\/bb-plugin\/cache\/Employment-circle-bf72562329e950df948954f5d3f44b2e-.png\" alt=\"um mec\u00e2nico de autom\u00f3veis\" itemprop=\"image\" height=\"500\" width=\"500\" title=\"Emprego\" onerror=\"this.style.display='none'\"  \/>\n\t\t\t\t<\/a>\n\t\t<h3><a href=\"\/pt\/recursos\/procura-de-emprego\/\" target=\"_self\">Emprego<\/a><\/h3>\t\n\t\t\t\t<a href=\"\/pt\/recursos\/cuidados-de-saude\/\" target=\"_self\" itemprop=\"url\">\n\t\t\t\t<img loading=\"lazy\" decoding=\"async\" src=\"https:\/\/211md.org\/wp-content\/uploads\/bb-plugin\/cache\/Mask-Group-35@2x-circle-94be10c13e4adae1683b4589dc2f5b2f-.png\" alt=\"Doutor olhando para a perna de meninos\" itemprop=\"image\" height=\"500\" width=\"500\" title=\"Grupo de m\u00e1scara 35@2x\" onerror=\"this.style.display='none'\"  \/>\n\t\t\t\t<\/a>\n\t\t<h3><a href=\"\/pt\/recursos\/cuidados-de-saude\/\" target=\"_self\">Cuidados de sa\u00fade<\/a><\/h3>\t\n\t\t\t\t<a href=\"\/pt\/recursos\/comida\/\" target=\"_self\" itemprop=\"url\">\n\t\t\t\t<img loading=\"lazy\" decoding=\"async\" src=\"https:\/\/211md.org\/wp-content\/uploads\/bb-plugin\/cache\/Mask-Group-32@2x-circle-1c6d647dcaf998fa079d26735cedc92b-.png\" alt=\"Vegetais frescos\" itemprop=\"image\" height=\"500\" width=\"500\" title=\"Grupo de m\u00e1scara 32@2x\" onerror=\"this.style.display='none'\"  \/>\n\t\t\t\t<\/a>\n\t\t<h3><a href=\"\/pt\/recursos\/comida\/\" target=\"_self\">Comida<\/a><\/h3>\t\n\t\t\t\t<a href=\"\/pt\/recursos\/casa-abrigo\/\" target=\"_self\" itemprop=\"url\">\n\t\t\t\t<img loading=\"lazy\" decoding=\"async\" src=\"https:\/\/211md.org\/wp-content\/uploads\/bb-plugin\/cache\/Mask-Group-34@2x-circle-b99c55fc16ef21f35e2f2a1f7cc37b9a-.png\" alt=\"Varanda do complexo de apartamentos\" itemprop=\"image\" height=\"500\" width=\"500\" title=\"Complexo de apartamentos\" onerror=\"this.style.display='none'\"  \/>\n\t\t\t\t<\/a>\n\t\t<h3><a href=\"\/pt\/recursos\/casa-abrigo\/\" target=\"_self\">Habita\u00e7\u00e3o e Abrigo<\/a><\/h3>\t\n\t\t\t\t<a href=\"\/pt\/recursos\/novo-para-nos-e-marilandia\/\" target=\"_self\" itemprop=\"url\">\n\t\t\t\t<img loading=\"lazy\" decoding=\"async\" src=\"https:\/\/211md.org\/wp-content\/uploads\/bb-plugin\/cache\/American-flag-circle-0016cc327e27ef7aeb080f1da6c6e98b-.jpg\" alt=\"novidade nos estados unidos\" itemprop=\"image\" height=\"364\" width=\"1366\" title=\"Bandeira americana\" onerror=\"this.style.display='none'\"  \/>\n\t\t\t\t<\/a>\n\t\t<h3><a href=\"\/pt\/recursos\/novo-para-nos-e-marilandia\/\" target=\"_self\">Imigra\u00e7\u00e3o<\/a><\/h3>\t\n\t\t\t\t<a href=\"\/pt\/recursos\/criancas-familias\/cuidados-de-parentesco\/\" target=\"_self\" itemprop=\"url\">\n\t\t\t\t<img decoding=\"async\" src=\"https:\/\/211md.org\/wp-content\/uploads\/bb-plugin\/cache\/kinship-family-navigating-a-computer-circle-045fee9d587aefb20221bfea41a2cf9b-.png\" alt=\"fam\u00edlia de parentesco navegando em um computador\" itemprop=\"image\" title=\"fam\u00edlia de parentesco navegando em um computador\" onerror=\"this.style.display='none'\"  \/>\n\t\t\t\t<\/a>\n\t\t<h3><a href=\"\/pt\/recursos\/criancas-familias\/cuidados-de-parentesco\/\" target=\"_self\">Parentesco<\/a><\/h3>\t\n\t\t\t\t<a href=\"\/pt\/recursos\/servicos-legais\/\" target=\"_self\" itemprop=\"url\">\n\t\t\t\t<img loading=\"lazy\" decoding=\"async\" src=\"https:\/\/211md.org\/wp-content\/uploads\/bb-plugin\/cache\/Housing-Legal-circle-9a8f3c1c72c54b6e1ce612d2993c1ad4-.png\" alt=\"Gavel legal com um modelo de pl\u00e1stico de uma casa ao lado\" itemprop=\"image\" height=\"348\" width=\"460\" title=\"Habita\u00e7\u00e3o Legal\" onerror=\"this.style.display='none'\"  \/>\n\t\t\t\t<\/a>\n\t\t<h3><a href=\"\/pt\/recursos\/servicos-legais\/\" target=\"_self\">Servi\u00e7os legais<\/a><\/h3>\t\n\t\t\t\t<a href=\"\/pt\/recursos\/saude-mental\/\" target=\"_self\" itemprop=\"url\">\n\t\t\t\t<img loading=\"lazy\" decoding=\"async\" src=\"https:\/\/211md.org\/wp-content\/uploads\/bb-plugin\/cache\/Mask-Group-40@2x-circle-7bd9426367852fb3d841bc4bdc57a550-.png\" alt=\"Os perfis de um homem e uma mulher\" itemprop=\"image\" height=\"500\" width=\"500\" title=\"Grupo de m\u00e1scara 40@2x\" onerror=\"this.style.display='none'\"  \/>\n\t\t\t\t<\/a>\n\t\t<h3><a href=\"\/pt\/recursos\/saude-mental\/\" target=\"_self\">Sa\u00fade mental<\/a><\/h3>\t\n\t\t\t\t<a href=\"\/pt\/recursos\/mdreentry\/\" target=\"_self\" itemprop=\"url\">\n\t\t\t\t<img loading=\"lazy\" decoding=\"async\" src=\"https:\/\/211md.org\/wp-content\/uploads\/bb-plugin\/cache\/Diverse-group-of-community-members-circle-4457c114cd48613bc79a0fb50060319c-.jpg\" alt=\"Grupo diversificado de membros da comunidade\" itemprop=\"image\" height=\"800\" width=\"1200\" title=\"Grupo diversificado de membros da comunidade\" onerror=\"this.style.display='none'\"  \/>\n\t\t\t\t<\/a>\n\t\t<h3><a href=\"\/pt\/recursos\/mdreentry\/\" target=\"_self\">Reentrada<\/a><\/h3>\t\n\t\t\t\t<a href=\"\/pt\/stophate\/\" target=\"_self\" itemprop=\"url\">\n\t\t\t\t<img loading=\"lazy\" decoding=\"async\" src=\"https:\/\/211md.org\/wp-content\/uploads\/bb-plugin\/cache\/Background-section-MDStophate-circle-08e2bae1cf9f2ad6cc83e01e23da8cb9-.jpg\" alt=\"Background-section-MDStophate\" itemprop=\"image\" height=\"768\" width=\"1366\" title=\"Background-section-MDStophate\" onerror=\"this.style.display='none'\"  \/>\n\t\t\t\t<\/a>\n\t\t<h3><a href=\"\/pt\/stophate\/\" target=\"_self\">Pare de odiar<\/a><\/h3>\t\n\t\t\t\t<a href=\"\/pt\/recursos\/uso-de-substancias\/\" target=\"_self\" itemprop=\"url\">\n\t\t\t\t<img loading=\"lazy\" decoding=\"async\" src=\"https:\/\/211md.org\/wp-content\/uploads\/bb-plugin\/cache\/Substance-Use-circle-ad2d564932dc31267e0c32a6fb2d915c-.png\" alt=\"P\u00edlulas para esmagar as m\u00e3os\" itemprop=\"image\" height=\"500\" width=\"500\" title=\"Uso de subst\u00e2ncias\" onerror=\"this.style.display='none'\"  \/>\n\t\t\t\t<\/a>\n\t\t<h3><a href=\"\/pt\/recursos\/uso-de-substancias\/\" target=\"_self\">Uso de subst\u00e2ncias<\/a><\/h3>\t\n\t\t\t\t<a href=\"\/pt\/recursos\/servicos-fiscais\/\" target=\"_self\" itemprop=\"url\">\n\t\t\t\t<img loading=\"lazy\" decoding=\"async\" src=\"https:\/\/211md.org\/wp-content\/uploads\/bb-plugin\/cache\/Mask-Group-34-circle-166a606e37e61188c9a17d5e634cda3c-.png\" alt=\"Pessoa preenchendo a papelada do imposto de renda\" itemprop=\"image\" height=\"500\" width=\"500\" title=\"Grupo de m\u00e1scara 34\" onerror=\"this.style.display='none'\"  \/>\n\t\t\t\t<\/a>\n\t\t<h3><a href=\"\/pt\/recursos\/servicos-fiscais\/\" target=\"_self\">Servi\u00e7os fiscais<\/a><\/h3>\t\n\t\t\t\t<a href=\"\/pt\/recursos\/utilitario-assistencia\/\" target=\"_self\" itemprop=\"url\">\n\t\t\t\t<img loading=\"lazy\" decoding=\"async\" src=\"https:\/\/211md.org\/wp-content\/uploads\/bb-plugin\/cache\/Mask-Group-37@2x-circle-9661a11b9c4082079c9a1f06bc539567-.png\" alt=\"Uma l\u00e2mpada acesa\" itemprop=\"image\" height=\"500\" width=\"500\" title=\"Grupo de m\u00e1scara 37@2x\" onerror=\"this.style.display='none'\"  \/>\n\t\t\t\t<\/a>\n\t\t<h3><a href=\"\/pt\/recursos\/utilitario-assistencia\/\" target=\"_self\">Assist\u00eancia de utilidade<\/a><\/h3>\t\n\t\t\t\t<a href=\"\/pt\/recursos\/veteranos\/\" target=\"_self\" itemprop=\"url\">\n\t\t\t\t<img decoding=\"async\" src=\"https:\/\/211md.org\/wp-content\/uploads\/bb-plugin\/cache\/Veterans-circle-7c6972a59826c74f1f658f61df785fc3-.png\" alt=\"Um soldado apertando a m\u00e3o de algu\u00e9m e sorrindo\" itemprop=\"image\" title=\"veteranos\" onerror=\"this.style.display='none'\"  \/>\n\t\t\t\t<\/a>\n\t\t<h3><a href=\"\/pt\/recursos\/veteranos\/\" target=\"_self\">veteranos<\/a><\/h3>","protected":false},"excerpt":{"rendered":"<p>Disputas entre locador e inquilino s\u00e3o uma das reclama\u00e7\u00f5es mais comuns ao Gabinete do Procurador-Geral de Maryland. Como locat\u00e1rio, voc\u00ea tem certos direitos, obriga\u00e7\u00f5es e recursos dispon\u00edveis sob a lei de Maryland. Tamb\u00e9m pode haver prote\u00e7\u00f5es locais dispon\u00edveis ou processos ligeiramente diferentes para resolver uma disputa entre locador e inquilino. Disputas comuns entre locador e inquilino Inquilinos e locadores podem discordar sobre: aplica\u00e7\u00e3o\u2026<\/p>","protected":false},"author":8,"featured_media":1905,"parent":928,"menu_order":0,"comment_status":"closed","ping_status":"closed","template":"","meta":{"footnotes":""},"class_list":["post-1115","page","type-page","status-publish","has-post-thumbnail","hentry"],"_links":{"self":[{"href":"https:\/\/211md.org\/pt\/wp-json\/wp\/v2\/pages\/1115","targetHints":{"allow":["GET"]}}],"collection":[{"href":"https:\/\/211md.org\/pt\/wp-json\/wp\/v2\/pages"}],"about":[{"href":"https:\/\/211md.org\/pt\/wp-json\/wp\/v2\/types\/page"}],"author":[{"embeddable":true,"href":"https:\/\/211md.org\/pt\/wp-json\/wp\/v2\/users\/8"}],"replies":[{"embeddable":true,"href":"https:\/\/211md.org\/pt\/wp-json\/wp\/v2\/comments?post=1115"}],"version-history":[{"count":0,"href":"https:\/\/211md.org\/pt\/wp-json\/wp\/v2\/pages\/1115\/revisions"}],"up":[{"embeddable":true,"href":"https:\/\/211md.org\/pt\/wp-json\/wp\/v2\/pages\/928"}],"wp:featuredmedia":[{"embeddable":true,"href":"https:\/\/211md.org\/pt\/wp-json\/wp\/v2\/media\/1905"}],"wp:attachment":[{"href":"https:\/\/211md.org\/pt\/wp-json\/wp\/v2\/media?parent=1115"}],"curies":[{"name":"wp","href":"https:\/\/api.w.org\/{rel}","templated":true}]}}