{"id":1116,"date":"2021-04-19T16:19:54","date_gmt":"2021-04-19T16:19:54","guid":{"rendered":"https:\/\/211md.org\/?page_id=1116"},"modified":"2026-04-28T11:56:26","modified_gmt":"2026-04-28T15:56:26","slug":"descarte-de-drogas","status":"publish","type":"page","link":"https:\/\/211md.org\/pt\/resources\/substance-use\/drug-disposal\/","title":{"rendered":"O que fazer com medicamentos prescritos antigos"},"content":{"rendered":"<figure data-animation-delay=\"0\" data-animation-duration=\"1\" itemscope itemtype=\"https:\/\/schema.org\/ImageObject\">\n\t\t\t\t<img decoding=\"async\" src=\"https:\/\/stg-maryland211-staging.kinsta.cloud\/wp-content\/uploads\/2025\/08\/5-1-scaled.png\" alt=\"5\" height=\"692\" width=\"2560\" title=\"5\" onerror=\"this.style.display='none'\" loading=\"lazy\" \/>\n\t<\/figure>\n\t\t<h1><a href=\"#start\" target=\"_self\">Cabe\u00e7alho de p\u00e1gina padr\u00e3o<\/a><\/h1><p>Voc\u00ea tem receitas ou medicamentos de venda livre velhos, vencidos, indesejados ou n\u00e3o utilizados no seu arm\u00e1rio de rem\u00e9dios?<\/p>\n<p>O descarte seguro de medicamentos pode ajudar a prevenir o uso de opioides.<\/p>\n<p>Os medicamentos tamb\u00e9m podem causar problemas ambientais quando descartados incorretamente no lixo ou no vaso sanit\u00e1rio.<\/p>\n<p>Aprenda maneiras de descartar medicamentos corretamente.<\/p>\n\t\t\t<a href=\"#start\"  target=\"_self\">\n\t\t\t\t\t\tCome\u00e7ar\n\t\t\t\t\t<\/a>\n<figure data-animation-delay=\"0\" data-animation-duration=\"1\" itemscope itemtype=\"https:\/\/schema.org\/ImageObject\">\n\t\t\t\t<img decoding=\"async\" src=\"https:\/\/211md.org\/wp-content\/plugins\/bb-plugin\/img\/pixel.png\" alt=\"\" onerror=\"this.style.display='none'\" loading=\"lazy\" \/>\n\t<\/figure>\n<figure data-animation-delay=\"0\" data-animation-duration=\"1.3\" itemscope itemtype=\"https:\/\/schema.org\/ImageObject\">\n\t\t\t\t<img decoding=\"async\" src=\"https:\/\/stg-maryland211-staging.kinsta.cloud\/wp-content\/uploads\/2025\/08\/16.png\" alt=\"16\" height=\"1000\" width=\"1000\" title=\"16\" onerror=\"this.style.display='none'\" loading=\"lazy\" \/>\n\t<\/figure>\n<figure data-animation-delay=\"0\" data-animation-duration=\"1\" itemscope itemtype=\"https:\/\/schema.org\/ImageObject\">\n\t\t\t\t<img decoding=\"async\" src=\"http:\/\/211md.org\/wp-content\/uploads\/2021\/04\/safely-get-rid-of-prescription-medicine-in-maryland.jpg\" alt=\"Comprimidos rosa, azuis e verdes saindo de frascos de comprimidos\" title=\"livrar-se com seguran\u00e7a de medicamentos prescritos em maryland\" onerror=\"this.style.display='none'\" loading=\"lazy\" \/>\n\t<\/figure>\n\t<h2>Por que voc\u00ea precisa descartar medicamentos?<\/h2>\n<p>Impedir que o uso indevido de drogas aconte\u00e7a \u00e9 uma das melhores maneiras de fazer a diferen\u00e7a na epidemia de opioides.<\/p>\n<p>Properly disposing of medications helps:<\/p>\n<ul>\n<li>Keeps drugs out of the hands of teenagers or adults.<\/li>\n<li>Prevents them from being stolen or sold illegally.<\/li>\n<li>Prevents poisoning of children and pets.<\/li>\n<li>Protects the environment.<\/li>\n<\/ul>\n<p>Quer voc\u00ea tenha medicamentos antigos (prescri\u00e7\u00e3o ou venda livre) em sua casa ou um membro da fam\u00edlia que morreu tenha medicamentos em casa, existem maneiras gratuitas de descart\u00e1-los sem jog\u00e1-los no lixo.<\/p>\n<h3>Obtenha uma sacola gratuita para descarte de medicamentos<\/h3>\n<p>Voc\u00ea pode descartar medicamentos prescritos em casa tomando certas precau\u00e7\u00f5es, por meio de um programa de coleta de medicamentos de farm\u00e1cia ou com uma bolsa de descarte.<\/p>\n<p>Encha a bolsa sel\u00e1vel com o medicamento, adicione um pouco de \u00e1gua, agite e jogue a bolsa fora.<\/p>\n<p>O saco cont\u00e9m carbono, que desativa o medicamento, tornando-o seguro para ser jogado no lixo.<\/p>\n\t<h3>Dia de Devolu\u00e7\u00e3o de Medicamentos<\/h3>\n<p>Todos os anos, h\u00e1 eventos de devolu\u00e7\u00e3o de medicamentos onde voc\u00ea pode deixar seus medicamentos prescritos para que sejam descartados com seguran\u00e7a. Eles acontecem a cada outono e primavera.<\/p>\n<p><a href=\"https:\/\/apps2.deadiversion.usdoj.gov\/NTBI\/NTBI-PUB.pub;jsessionid=eok_7496ISLHX1XN6KwiBJs1LFug_LlU3VoWHx7U.web1?_flowExecutionKey=_c8710170A-AC86-0E50-1E2F-F12DE4152607_k050F69E5-77E8-5CE1-21C4-8AF29D72BB29\" target=\"_blank\" rel=\"noopener\">Pesquise o banco de dados da Drug Enforcement Agency<\/a>\u00a0pelo c\u00f3digo postal para encontrar um local de devolu\u00e7\u00e3o de medicamentos em Maryland.<\/p>\n<h3>Medication Dropoff Boxes<\/h3>\n<p>Algumas farm\u00e1cias e departamentos de pol\u00edcia t\u00eam caixas de descarte de comprimidos que voc\u00ea pode usar a qualquer momento durante o ano.<\/p>\n<p>o\u00a0<a href=\"https:\/\/safe.pharmacy\/drug-disposal\/results\/?address=21601&amp;distance=100\" target=\"_blank\" rel=\"noopener\">Associa\u00e7\u00e3o Nacional dos Conselhos de Farm\u00e1cia<\/a>\u00a0tem uma pesquisa de CEP para encontrar uma caixa de descarte local que esteja sempre dispon\u00edvel.<\/p>\n<p><a href=\"https:\/\/www.walgreens.com\/storelocator\/find.jsp?RxDisposal=true\" target=\"_blank\" rel=\"noopener\">Walgreens tamb\u00e9m tem sua pr\u00f3pria busca por quiosques de drogas<\/a>\u00a0que est\u00e3o dispon\u00edveis durante o hor\u00e1rio da farm\u00e1cia.<\/p>\n<p>V\u00e1rios departamentos de pol\u00edcia de Maryland t\u00eam caixas de drogas que permitem que um indiv\u00edduo entre e descarte os medicamentos a qualquer momento.\u00a0<a href=\"https:\/\/www.rxdrugdropbox.org\/loc\/maryland\/page\/2\/\" target=\"_blank\" rel=\"noopener\">Procure por uma caixa de drogas em Maryland<\/a>.<\/p>\n<p>Voc\u00ea tamb\u00e9m pode\u00a0<a href=\"https:\/\/apps.deadiversion.usdoj.gov\/pubdispsearch\/spring\/main;jsessionid=fq7vl3mOzhqOw4Y5iIIJPgoCw7tEg_83X0rygMp5.web1?execution=e1s1\" target=\"_blank\" rel=\"noopener\">pesquisar o banco de dados de descarte p\u00fablico de subst\u00e2ncias controladas<\/a>\u00a0para encontrar um local perto de voc\u00ea que aceite medicamentos prescritos.<\/p>\n<figure itemscope itemtype=\"https:\/\/schema.org\/ImageObject\">\n\t\t\t\t<img decoding=\"async\" src=\"http:\/\/211md.org\/wp-content\/uploads\/2025\/09\/man-looking-at-old-medications-in-medicine-cabinet.jpg\" alt=\"man looking at old medication in medicine cabinet\" title=\"man looking at old medications in medicine cabinet\" onerror=\"this.style.display='none'\" loading=\"lazy\" \/>\n\t<\/figure>\n<figure itemscope itemtype=\"https:\/\/schema.org\/ImageObject\">\n\t\t\t\t<img decoding=\"async\" src=\"https:\/\/211md.org\/wp-content\/plugins\/bb-plugin\/img\/pixel.png\" alt=\"\" onerror=\"this.style.display='none'\" loading=\"lazy\" \/>\n\t<\/figure>\n\t<h3>Como jogar fora rem\u00e9dios antigos<\/h3>\n<p>Se voc\u00ea n\u00e3o conseguir encontrar um local de descarte de medicamentos perto de voc\u00ea, n\u00e3o puder esperar pelo pr\u00f3ximo dia de devolu\u00e7\u00e3o e n\u00e3o tiver acesso a uma bolsa para descarte de medicamentos \u2013 voc\u00ea pode jogar alguns medicamentos no vaso sanit\u00e1rio ou jog\u00e1-los no lixo.<\/p>\n<p>Novamente, \u00e9 melhor descart\u00e1-los adequadamente, se poss\u00edvel.<\/p>\n<p>As drogas v\u00e3o para uma esta\u00e7\u00e3o de tratamento de \u00e1guas residuais quando despejadas na pia ou jogadas no vaso sanit\u00e1rio. Essas plantas n\u00e3o s\u00e3o projetadas para remover medicamentos rotineiramente. Como resultado, a medicina pode vazar para as \u00e1guas subterr\u00e2neas, rios e c\u00f3rregos, atingindo fontes de \u00e1gua pot\u00e1vel.<\/p>\n<h3>Lista de descarga da FDA<\/h3>\n<p>Algumas drogas s\u00e3o t\u00e3o perigosas quando nas m\u00e3os erradas e t\u00e3o comumente mal utilizadas que a Food and Drug Administration criou um\u00a0<a href=\"https:\/\/www.fda.gov\/drugs\/disposal-unused-medicines-what-you-should-know\/drug-disposal-fdas-flush-list-certain-medicines#FlushList\" target=\"_blank\" rel=\"noopener\">lista de descarga aprovada<\/a>. Apenas lave os medicamentos desta lista se nenhuma outra op\u00e7\u00e3o estiver dispon\u00edvel.<\/p>\n<p>Esses medicamentos podem causar a morte com uma dose se tomados de forma inadequada. A FDA acredita que o risco de exposi\u00e7\u00e3o acidental supera em muito as preocupa\u00e7\u00f5es ambientais para certos medicamentos. Portanto, \u00e9 melhor dar descarga nesses medicamentos do que esperar pelo dia da devolu\u00e7\u00e3o.<\/p>\n<p>A outra op\u00e7\u00e3o \u00e9 misturar o medicamento com areia de gato ou borra de caf\u00e9 e lacr\u00e1-lo em um recipiente descart\u00e1vel. Pode ser um recipiente de iogurte vazio ou um saco lacrado. Remova o adesivo do frasco de medicamento ou use um marcador permanente para remover informa\u00e7\u00f5es identific\u00e1veis e jogue o frasco vazio separadamente.<\/p>\n<p>&nbsp;<\/p>\n<p>&nbsp;<\/p>\n<h2>Precisa de algo mais?<\/h2>\n<p>O 211 oferece milhares de recursos para outras necessidades essenciais. Obtenha ajuda com alimenta\u00e7\u00e3o, moradia, aux\u00edlio para servi\u00e7os p\u00fablicos e muito mais!<\/p>\n<p>&nbsp;<\/p>\n\t\t\t<a href=\"\/pt\/recursos\/comida\/\"  target=\"_self\">\n\t\t\t\t\t\tencontrar comida\n\t\t\t\t\t<\/a>\n\t\t\t<a href=\"\/pt\/recursos\/casa-abrigo\/\"  target=\"_self\">\n\t\t\t\t\t\tencontrar moradia\n\t\t\t\t\t<\/a>\n\t\t\t<a href=\"\/pt\/recursos\/utilities\/\"  target=\"_self\">\n\t\t\t\t\t\tobter assist\u00eancia de servi\u00e7os p\u00fablicos\n\t\t\t\t\t<\/a>\n\t\t\t<a href=\"\/pt\/recursos-por-condado\/\"  target=\"_self\">\n\t\t\t\t\t\trecursos por condado\n\t\t\t\t\t<\/a>\n<h2>\n\t\t\tOther Articles You May Like\t<\/h2>\n\t\t<h4><a href=\"\/pt\/recursos\/envelhecimento-incapacidade\/?utm_source=Home&#038;utm_medium=Referral&#038;utm_campaign=211Resources&#038;utm_content=Aging\" target=\"_self\">Envelhecimento e Defici\u00eancia<\/a><\/h4><figure itemscope itemtype=\"https:\/\/schema.org\/ImageObject\">\n\t\t\t\t<a href=\"\/pt\/recursos\/envelhecimento-incapacidade\/?utm_source=Home&#038;utm_medium=Referral&#038;utm_campaign=211Resources&#038;utm_content=Aging\"  target=\"_self\" itemprop=\"url\">\n\t\t\t\t<img decoding=\"async\" src=\"https:\/\/211md.org\/wp-content\/uploads\/bb-plugin\/cache\/2025_MdInfoNet_Icon-Sets_Aging-disability-square-c466727102cae71e5f27b8539bb51945-.png\" alt=\"\" onerror=\"this.style.display='none'\" loading=\"lazy\" \/>\n\t\t\t\t<\/a>\n\t<\/figure>\n\t\t<h4><a href=\"\/pt\/recursos\/criancas-familias\/?utm_source=Home&#038;utm_medium=Referral&#038;utm_campaign=211Resources&#038;utm_content=Children\" target=\"_self\">Crian\u00e7as e Fam\u00edlias<\/a><\/h4><figure itemscope itemtype=\"https:\/\/schema.org\/ImageObject\">\n\t\t\t\t<a href=\"\/pt\/recursos\/criancas-familias\/?utm_source=Home&#038;utm_medium=Referral&#038;utm_campaign=211Resources&#038;utm_content=Children\"  target=\"_self\" itemprop=\"url\">\n\t\t\t\t<img decoding=\"async\" src=\"https:\/\/211md.org\/wp-content\/uploads\/bb-plugin\/cache\/2025_211_Icon-Sets_Child-care-square-f3b0d4edab3dcc467fadb5f55f4064c6-.png\" alt=\"parent and child icon for child care\" height=\"417\" width=\"417\" title=\"2025_211_Conjuntos de \u00edcones_Cuidados infantis\" onerror=\"this.style.display='none'\" loading=\"lazy\" \/>\n\t\t\t\t<\/a>\n\t<\/figure>\n\t\t<h4><a href=\"\/pt\/recursos\/violencia-domestica-familiar\/?utm_source=Home&#038;utm_medium=Referral&#038;utm_campaign=211Resources&#038;utm_content=Domestic\" target=\"_self\">Viol\u00eancia dom\u00e9stica<\/a><\/h4><figure itemscope itemtype=\"https:\/\/schema.org\/ImageObject\">\n\t\t\t\t<a href=\"\/pt\/recursos\/violencia-domestica-familiar\/?utm_source=Home&#038;utm_medium=Referral&#038;utm_campaign=211Resources&#038;utm_content=Domestic\"  target=\"_self\" itemprop=\"url\">\n\t\t\t\t<img decoding=\"async\" src=\"https:\/\/211md.org\/wp-content\/uploads\/bb-plugin\/cache\/2025_211_Icon-Sets_Domestic-Violence-square-7b597694a6f05fe90cdc376aa573bc63-.png\" alt=\"House with a heart in the middle icon\" height=\"417\" width=\"417\" title=\"2025_211_Conjuntos de \u00edcones_Viol\u00eancia dom\u00e9stica\" onerror=\"this.style.display='none'\" loading=\"lazy\" \/>\n\t\t\t\t<\/a>\n\t<\/figure>\n\t\t<h4><a href=\"\/pt\/recursos\/procura-de-emprego\/?utm_source=Home&#038;utm_medium=Referral&#038;utm_campaign=211Resources&#038;utm_content=Employment\" target=\"_self\">Emprego<\/a><\/h4><figure itemscope itemtype=\"https:\/\/schema.org\/ImageObject\">\n\t\t\t\t<a href=\"\/pt\/recursos\/procura-de-emprego\/?utm_source=Home&#038;utm_medium=Referral&#038;utm_campaign=211Resources&#038;utm_content=Employment\"  target=\"_self\" itemprop=\"url\">\n\t\t\t\t<img decoding=\"async\" src=\"https:\/\/211md.org\/wp-content\/uploads\/bb-plugin\/cache\/2025_MdInfoNet_Icon-Sets_Employment-square-44707bd410e4df10a470bf130ebcea86-.png\" alt=\"\" onerror=\"this.style.display='none'\" loading=\"lazy\" \/>\n\t\t\t\t<\/a>\n\t<\/figure>\n\t\t<h4><a href=\"\/pt\/recursos\/cuidados-de-saude\/?utm_source=Home&#038;utm_medium=Referral&#038;utm_campaign=211Resources&#038;utm_content=Health%20Care\" target=\"_self\">Cuidados de sa\u00fade<\/a><\/h4><figure itemscope itemtype=\"https:\/\/schema.org\/ImageObject\">\n\t\t\t\t<a href=\"\/pt\/recursos\/cuidados-de-saude\/?utm_source=Home&#038;utm_medium=Referral&#038;utm_campaign=211Resources&#038;utm_content=Health%20Care\"  target=\"_self\" itemprop=\"url\">\n\t\t\t\t<img decoding=\"async\" src=\"https:\/\/211md.org\/wp-content\/uploads\/bb-plugin\/cache\/2025_MdInfoNet_Icon-Sets_Health-Care-square-dee98a0060cbe0e7f27eda253fc12679-.png\" alt=\"\" onerror=\"this.style.display='none'\" loading=\"lazy\" \/>\n\t\t\t\t<\/a>\n\t<\/figure>\n\t\t<h4><a href=\"\/pt\/recursos\/novo-para-nos-e-marilandia\/?utm_source=Home&#038;utm_medium=Referral&#038;utm_campaign=211Resources&#038;utm_content=Immigration\" target=\"_self\">Imigra\u00e7\u00e3o<\/a><\/h4><figure itemscope itemtype=\"https:\/\/schema.org\/ImageObject\">\n\t\t\t\t<a href=\"\/pt\/recursos\/novo-para-nos-e-marilandia\/?utm_source=Home&#038;utm_medium=Referral&#038;utm_campaign=211Resources&#038;utm_content=Immigration\"  target=\"_self\" itemprop=\"url\">\n\t\t\t\t<img decoding=\"async\" src=\"https:\/\/211md.org\/wp-content\/uploads\/bb-plugin\/cache\/2025_MdInfoNet_Icon-Sets_Immigration-square-8b97b7fdfe5e6071405e216855065118-.png\" alt=\"\u00edcone de imigra\u00e7\u00e3o\" title=\"2025_MdInfoNet_Icon-Sets_Immigration\" onerror=\"this.style.display='none'\" loading=\"lazy\" \/>\n\t\t\t\t<\/a>\n\t<\/figure>\n\t\t<h4><a href=\"\/pt\/recursos\/criancas-familias\/cuidados-de-parentesco\/?utm_source=Home&#038;utm_medium=Referral&#038;utm_campaign=211Resources&#038;utm_content=Kinship\" target=\"_self\">Parentesco<\/a><\/h4><figure itemscope itemtype=\"https:\/\/schema.org\/ImageObject\">\n\t\t\t\t<a href=\"\/pt\/recursos\/criancas-familias\/cuidados-de-parentesco\/?utm_source=Home&#038;utm_medium=Referral&#038;utm_campaign=211Resources&#038;utm_content=Kinship\"  target=\"_self\" itemprop=\"url\">\n\t\t\t\t<img decoding=\"async\" src=\"https:\/\/211md.org\/wp-content\/uploads\/bb-plugin\/cache\/2025_211_Icon-Sets_Kinship-square-45bdf872866f5735f842c32071109267-.png\" alt=\"\u00cdcone de parentesco\" height=\"417\" width=\"417\" title=\"2025_211_Conjuntos de \u00edcones_Parentesco\" onerror=\"this.style.display='none'\" loading=\"lazy\" \/>\n\t\t\t\t<\/a>\n\t<\/figure>\n\t\t<h4><a href=\"\/pt\/recursos\/servicos-legais\/?utm_source=Home&#038;utm_medium=Referral&#038;utm_campaign=211Resources&#038;utm_content=Legal\" target=\"_self\">Servi\u00e7os legais<\/a><\/h4><figure itemscope itemtype=\"https:\/\/schema.org\/ImageObject\">\n\t\t\t\t<a href=\"\/pt\/recursos\/servicos-legais\/?utm_source=Home&#038;utm_medium=Referral&#038;utm_campaign=211Resources&#038;utm_content=Legal\"  target=\"_self\" itemprop=\"url\">\n\t\t\t\t<img decoding=\"async\" src=\"https:\/\/211md.org\/wp-content\/uploads\/bb-plugin\/cache\/2025_MdInfoNet_Icon-Sets_Legal-square-18fdf438feb8435588174d9046463257-.png\" alt=\"\" onerror=\"this.style.display='none'\" loading=\"lazy\" \/>\n\t\t\t\t<\/a>\n\t<\/figure>\n\t\t<h4><a href=\"\/pt\/recursos\/saude-mental\/?utm_source=Home&#038;utm_medium=Referral&#038;utm_campaign=211Resources&#038;utm_content=Mental\" target=\"_self\">Sa\u00fade mental<\/a><\/h4><figure itemscope itemtype=\"https:\/\/schema.org\/ImageObject\">\n\t\t\t\t<a href=\"\/pt\/recursos\/saude-mental\/?utm_source=Home&#038;utm_medium=Referral&#038;utm_campaign=211Resources&#038;utm_content=Mental\"  target=\"_self\" itemprop=\"url\">\n\t\t\t\t<img decoding=\"async\" src=\"https:\/\/211md.org\/wp-content\/uploads\/bb-plugin\/cache\/2025_MdInfoNet_Icon-Sets_Mental-Health-square-c59b38c4a993a947d4c9280fbe2d2fee-.png\" alt=\"\" onerror=\"this.style.display='none'\" loading=\"lazy\" \/>\n\t\t\t\t<\/a>\n\t<\/figure>\n\t\t<h4><a href=\"\/pt\/recursos\/mdreentry\/?utm_source=Home&#038;utm_medium=Referral&#038;utm_campaign=211Resources&#038;utm_content=Reentry\" target=\"_self\">Reentrada<\/a><\/h4><figure itemscope itemtype=\"https:\/\/schema.org\/ImageObject\">\n\t\t\t\t<a href=\"\/pt\/recursos\/mdreentry\/?utm_source=Home&#038;utm_medium=Referral&#038;utm_campaign=211Resources&#038;utm_content=Reentry\"  target=\"_self\" itemprop=\"url\">\n\t\t\t\t<img decoding=\"async\" src=\"https:\/\/211md.org\/wp-content\/uploads\/bb-plugin\/cache\/2025_211_Icon-Sets_Reentry-square-8676fea38abd920a832f45642fe31cca-.png\" alt=\"\u00cdcone de reentrada\" height=\"417\" width=\"417\" title=\"2025_211_Conjuntos de \u00edcones_Reentrada\" onerror=\"this.style.display='none'\" loading=\"lazy\" \/>\n\t\t\t\t<\/a>\n\t<\/figure>\n\t\t<h4><a href=\"\/pt\/recursos\/uso-de-substancias\/?utm_source=Home&#038;utm_medium=Referral&#038;utm_campaign=211Resources&#038;utm_content=Substance\" target=\"_self\">Uso de subst\u00e2ncias<\/a><\/h4><figure itemscope itemtype=\"https:\/\/schema.org\/ImageObject\">\n\t\t\t\t<a href=\"\/pt\/recursos\/uso-de-substancias\/?utm_source=Home&#038;utm_medium=Referral&#038;utm_campaign=211Resources&#038;utm_content=Substance\"  target=\"_self\" itemprop=\"url\">\n\t\t\t\t<img decoding=\"async\" src=\"https:\/\/211md.org\/wp-content\/uploads\/bb-plugin\/cache\/2025_MdInfoNet_Icon-Sets_Substance-Abuse-square-4f414f085e657267739c181957754f48-.png\" alt=\"Pills for substance Use icon\" title=\"2025_MdInfoNet_Icon-Sets_Substance-Abuse\" onerror=\"this.style.display='none'\" loading=\"lazy\" \/>\n\t\t\t\t<\/a>\n\t<\/figure>\n\t\t<h4><a href=\"\/pt\/recursos\/veteranos\/?utm_source=Home&#038;utm_medium=Referral&#038;utm_campaign=211Resources&#038;utm_content=Veterans\" target=\"_self\">veteranos<\/a><\/h4><figure itemscope itemtype=\"https:\/\/schema.org\/ImageObject\">\n\t\t\t\t<a href=\"\/pt\/recursos\/veteranos\/?utm_source=Home&#038;utm_medium=Referral&#038;utm_campaign=211Resources&#038;utm_content=Veterans\"  target=\"_self\" itemprop=\"url\">\n\t\t\t\t<img decoding=\"async\" src=\"https:\/\/211md.org\/wp-content\/uploads\/bb-plugin\/cache\/2025_MdInfoNet_Icon-Sets_Rating-square-6e60d00cce4faa8e0a6d4ad7366aa733-.png\" alt=\"\" onerror=\"this.style.display='none'\" loading=\"lazy\" \/>\n\t\t\t\t<\/a>\n\t<\/figure>","protected":false},"excerpt":{"rendered":"<p>Default Page Heading Do you have old, expired, unwanted, or unused prescriptions or over-the-counter drugs in your medicine cabinet? Safe disposal of medications can help prevent opiod use. Medication can also cause environmental problems when improperly disposed of in the trash or flushed down the toilet. Learn about ways to properly dispose of medications. Get&hellip;<\/p>","protected":false},"author":8,"featured_media":4027,"parent":837,"menu_order":0,"comment_status":"closed","ping_status":"closed","template":"","meta":{"footnotes":""},"class_list":["post-1116","page","type-page","status-publish","has-post-thumbnail","hentry"],"_links":{"self":[{"href":"https:\/\/211md.org\/pt\/wp-json\/wp\/v2\/pages\/1116","targetHints":{"allow":["GET"]}}],"collection":[{"href":"https:\/\/211md.org\/pt\/wp-json\/wp\/v2\/pages"}],"about":[{"href":"https:\/\/211md.org\/pt\/wp-json\/wp\/v2\/types\/page"}],"author":[{"embeddable":true,"href":"https:\/\/211md.org\/pt\/wp-json\/wp\/v2\/users\/8"}],"replies":[{"embeddable":true,"href":"https:\/\/211md.org\/pt\/wp-json\/wp\/v2\/comments?post=1116"}],"version-history":[{"count":7,"href":"https:\/\/211md.org\/pt\/wp-json\/wp\/v2\/pages\/1116\/revisions"}],"predecessor-version":[{"id":34612,"href":"https:\/\/211md.org\/pt\/wp-json\/wp\/v2\/pages\/1116\/revisions\/34612"}],"up":[{"embeddable":true,"href":"https:\/\/211md.org\/pt\/wp-json\/wp\/v2\/pages\/837"}],"wp:featuredmedia":[{"embeddable":true,"href":"https:\/\/211md.org\/pt\/wp-json\/wp\/v2\/media\/4027"}],"wp:attachment":[{"href":"https:\/\/211md.org\/pt\/wp-json\/wp\/v2\/media?parent=1116"}],"curies":[{"name":"wp","href":"https:\/\/api.w.org\/{rel}","templated":true}]}}