{"id":1120,"date":"2021-04-19T16:31:34","date_gmt":"2021-04-19T16:31:34","guid":{"rendered":"https:\/\/211md.org\/?page_id=1120"},"modified":"2023-10-31T16:07:47","modified_gmt":"2023-10-31T20:07:47","slug":"ser-proprietario","status":"publish","type":"page","link":"https:\/\/211md.org\/pt\/resources\/legal-services\/being-a-landlord\/","title":{"rendered":"Ser propriet\u00e1rio"},"content":{"rendered":"<p>O neg\u00f3cio de possuir e administrar im\u00f3veis residenciais para aluguel \u00e9 muito parecido com qualquer neg\u00f3cio. \u00c9 preciso pesquisa, planejamento e conhecimento. Como propriet\u00e1rio de um im\u00f3vel em Maryland, \u00e9 importante que voc\u00ea conhe\u00e7a as leis federais, estaduais e locais que regem a rela\u00e7\u00e3o entre propriet\u00e1rio e inquilino. Aqui est\u00e3o alguns recursos que podem ajud\u00e1-lo como propriet\u00e1rio.<\/p>\n<p>o&nbsp;<a href=\"https:\/\/peoples-law.org\/being-landlord\" target=\"_blank\" rel=\"noreferrer noopener\">A Biblioteca de Direito Popular de Maryland possui recursos e documentos<\/a>&nbsp;que pode informar sobre seus direitos e responsabilidades como propriet\u00e1rio.<\/p>\n<h2>Informa\u00e7\u00e3o relacionada<\/h2>\n<p><a title=\"Direitos do Inquilino\" href=\"https:\/\/211md.org\/pt\/recursos\/servicos-legais\/direitos-dos-inquilinos\/\">Direitos do Inquilino<\/a><\/p>\n<p><a href=\"https:\/\/211md.org\/pt\/recursos\/casa-abrigo\/\">Habita\u00e7\u00e3o<\/a><\/p>\n<h2>\n\t\tEncontrar recursos\n\t<\/h2>\n\t\t\t\t<a href=\"\/pt\/recursos\/envelhecimento-incapacidade\/\" target=\"_self\" itemprop=\"url\" rel=\"noopener\">\n\t\t\t\t<img loading=\"lazy\" decoding=\"async\" src=\"https:\/\/211md.org\/wp-content\/uploads\/bb-plugin\/cache\/Mask-Group-41@2x-circle.png\" alt=\"Os p\u00e9s de uma mulher mais velha e uma mulher mais jovem caminhando juntos\" itemprop=\"image\" height=\"500\" width=\"500\" title=\"Servi\u00e7os para deficientes\" onerror=\"this.style.display='none'\">\n\t\t\t\t<\/a>\n\t\t<h3><a href=\"\/pt\/recursos\/envelhecimento-incapacidade\/\" target=\"_self\" rel=\"noopener\">Envelhecimento e Defici\u00eancia<\/a><\/h3>\t\t\n\t\t\t\t<a href=\"\/pt\/recursos\/criancas-familias\/\" target=\"_self\" itemprop=\"url\" rel=\"noopener\">\n\t\t\t\t<img loading=\"lazy\" decoding=\"async\" src=\"https:\/\/211md.org\/wp-content\/uploads\/bb-plugin\/cache\/Mask-Group-38@2x-circle.png\" alt=\"Um menino e uma menina sorrindo e olhando para a c\u00e2mera\" itemprop=\"image\" height=\"500\" width=\"500\" title=\"Grupo de m\u00e1scara 38@2x\" onerror=\"this.style.display='none'\">\n\t\t\t\t<\/a>\n\t\t<h3><a href=\"\/pt\/recursos\/criancas-familias\/\" target=\"_self\" rel=\"noopener\">Crian\u00e7as e Fam\u00edlias<\/a><\/h3>\t\t\n\t\t\t\t<a href=\"\/pt\/recursos\/covid-19-resource-center\/\" target=\"_self\" itemprop=\"url\" rel=\"noopener\">\n\t\t\t\t<img loading=\"lazy\" decoding=\"async\" src=\"https:\/\/211md.org\/wp-content\/uploads\/bb-plugin\/cache\/Mask-Group-35-circle.png\" alt=\"Um cotovelo de homem e mulher batendo\" itemprop=\"image\" height=\"500\" width=\"500\" title=\"Grupo de m\u00e1scara 35\" onerror=\"this.style.display='none'\">\n\t\t\t\t<\/a>\n\t\t<h3><a href=\"\/pt\/recursos\/covid-19-resource-center\/\" target=\"_self\" rel=\"noopener\">Recursos COVID-19<\/a><\/h3>\t\t\n\t\t\t\t<a href=\"\/pt\/recursos\/violencia-domestica-familiar\/\" target=\"_self\" itemprop=\"url\" rel=\"noopener\">\n\t\t\t\t<img loading=\"lazy\" decoding=\"async\" src=\"https:\/\/211md.org\/wp-content\/uploads\/bb-plugin\/cache\/Mask-Group-39@2x-circle.png\" alt=\"Dois pares de m\u00e3os segurando um ao outro\" itemprop=\"image\" height=\"500\" width=\"500\" title=\"Grupo de m\u00e1scara 39@2x\" onerror=\"this.style.display='none'\">\n\t\t\t\t<\/a>\n\t\t<h3><a href=\"\/pt\/recursos\/violencia-domestica-familiar\/\" target=\"_self\" rel=\"noopener\">Viol\u00eancia Dom\u00e9stica\/Familiar<\/a><\/h3>\t\t\n\t\t\t\t<a href=\"\/pt\/recursos\/procura-de-emprego\/\" target=\"_self\" itemprop=\"url\" rel=\"noopener\">\n\t\t\t\t<img loading=\"lazy\" decoding=\"async\" src=\"https:\/\/211md.org\/wp-content\/uploads\/bb-plugin\/cache\/Employment-circle.png\" alt=\"um mec\u00e2nico de autom\u00f3veis\" itemprop=\"image\" height=\"500\" width=\"500\" title=\"Emprego\" onerror=\"this.style.display='none'\">\n\t\t\t\t<\/a>\n\t\t<h3><a href=\"\/pt\/recursos\/procura-de-emprego\/\" target=\"_self\" rel=\"noopener\">Emprego<\/a><\/h3>\t\t\n\t\t\t\t<a href=\"\/pt\/recursos\/cuidados-de-saude\/\" target=\"_self\" itemprop=\"url\" rel=\"noopener\">\n\t\t\t\t<img loading=\"lazy\" decoding=\"async\" src=\"https:\/\/211md.org\/wp-content\/uploads\/bb-plugin\/cache\/Mask-Group-35@2x-circle.png\" alt=\"Doutor olhando para a perna de meninos\" itemprop=\"image\" height=\"500\" width=\"500\" title=\"Grupo de m\u00e1scara 35@2x\" onerror=\"this.style.display='none'\">\n\t\t\t\t<\/a>\n\t\t<h3><a href=\"\/pt\/recursos\/cuidados-de-saude\/\" target=\"_self\" rel=\"noopener\">Cuidados de sa\u00fade<\/a><\/h3>\t\t\n\t\t\t\t<a href=\"\/pt\/recursos\/comida\/\" target=\"_self\" itemprop=\"url\" rel=\"noopener\">\n\t\t\t\t<img loading=\"lazy\" decoding=\"async\" src=\"https:\/\/211md.org\/wp-content\/uploads\/bb-plugin\/cache\/Mask-Group-32@2x-circle.png\" alt=\"Vegetais frescos\" itemprop=\"image\" height=\"500\" width=\"500\" title=\"Grupo de m\u00e1scara 32@2x\" onerror=\"this.style.display='none'\">\n\t\t\t\t<\/a>\n\t\t<h3><a href=\"\/pt\/recursos\/comida\/\" target=\"_self\" rel=\"noopener\">Comida<\/a><\/h3>\t\t\n\t\t\t\t<a href=\"\/pt\/recursos\/casa-abrigo\/\" target=\"_self\" itemprop=\"url\" rel=\"noopener\">\n\t\t\t\t<img loading=\"lazy\" decoding=\"async\" src=\"https:\/\/211md.org\/wp-content\/uploads\/bb-plugin\/cache\/Mask-Group-34@2x-circle.png\" alt=\"Varanda do complexo de apartamentos\" itemprop=\"image\" height=\"500\" width=\"500\" title=\"Complexo de apartamentos\" onerror=\"this.style.display='none'\">\n\t\t\t\t<\/a>\n\t\t<h3><a href=\"\/pt\/recursos\/casa-abrigo\/\" target=\"_self\" rel=\"noopener\">Habita\u00e7\u00e3o e Abrigo<\/a><\/h3>\t\t\n\t\t\t\t<a href=\"\/pt\/novo-para-nos-e-marilandia\/\" target=\"_self\" itemprop=\"url\" rel=\"noopener\">\n\t\t\t\t<img loading=\"lazy\" decoding=\"async\" src=\"https:\/\/211md.org\/wp-content\/uploads\/bb-plugin\/cache\/American-flag-circle.jpg\" alt=\"bandeira americana\" itemprop=\"image\" height=\"364\" width=\"1366\" title=\"Bandeira americana\" onerror=\"this.style.display='none'\">\n\t\t\t\t<\/a>\n\t\t<h3><a href=\"\/pt\/novo-para-nos-e-marilandia\/\" target=\"_self\" rel=\"noopener\">Imigra\u00e7\u00e3o<\/a><\/h3>\t\t\n\t\t\t\t<a href=\"\/pt\/recursos\/servicos-legais\/\" target=\"_self\" itemprop=\"url\" rel=\"noopener\">\n\t\t\t\t<img loading=\"lazy\" decoding=\"async\" src=\"https:\/\/211md.org\/wp-content\/uploads\/bb-plugin\/cache\/Housing-Legal-circle.png\" alt=\"Gavel legal com um modelo de pl\u00e1stico de uma casa ao lado\" itemprop=\"image\" height=\"348\" width=\"460\" title=\"Habita\u00e7\u00e3o Legal\" onerror=\"this.style.display='none'\">\n\t\t\t\t<\/a>\n\t\t<h3><a href=\"\/pt\/recursos\/servicos-legais\/\" target=\"_self\" rel=\"noopener\">Servi\u00e7os legais<\/a><\/h3>\t\t\n\t\t\t\t<a href=\"\/pt\/recursos\/saude-mental\/\" target=\"_self\" itemprop=\"url\" rel=\"noopener\">\n\t\t\t\t<img loading=\"lazy\" decoding=\"async\" src=\"https:\/\/211md.org\/wp-content\/uploads\/bb-plugin\/cache\/Mask-Group-40@2x-circle.png\" alt=\"Os perfis de um homem e uma mulher\" itemprop=\"image\" height=\"500\" width=\"500\" title=\"Grupo de m\u00e1scara 40@2x\" onerror=\"this.style.display='none'\">\n\t\t\t\t<\/a>\n\t\t<h3><a href=\"\/pt\/recursos\/saude-mental\/\" target=\"_self\" rel=\"noopener\">Sa\u00fade mental<\/a><\/h3>\t\t\n\t\t\t\t<a href=\"\/pt\/stophate\/\" target=\"_self\" itemprop=\"url\" rel=\"noopener\">\n\t\t\t\t<img loading=\"lazy\" decoding=\"async\" src=\"https:\/\/211md.org\/wp-content\/uploads\/bb-plugin\/cache\/Background-section-MDStophate-circle.jpg\" alt=\"Background-section-MDStophate\" itemprop=\"image\" height=\"768\" width=\"1366\" title=\"Background-section-MDStophate\" onerror=\"this.style.display='none'\">\n\t\t\t\t<\/a>\n\t\t<h3><a href=\"\/pt\/stophate\/\" target=\"_self\" rel=\"noopener\">Pare de odiar<\/a><\/h3>\t\t\n\t\t\t\t<a href=\"\/pt\/recursos\/uso-de-substancias\/\" target=\"_self\" itemprop=\"url\" rel=\"noopener\">\n\t\t\t\t<img loading=\"lazy\" decoding=\"async\" src=\"https:\/\/211md.org\/wp-content\/uploads\/bb-plugin\/cache\/Substance-Use-circle.png\" alt=\"P\u00edlulas para esmagar as m\u00e3os\" itemprop=\"image\" height=\"500\" width=\"500\" title=\"Uso de subst\u00e2ncias\" onerror=\"this.style.display='none'\">\n\t\t\t\t<\/a>\n\t\t<h3><a href=\"\/pt\/recursos\/uso-de-substancias\/\" target=\"_self\" rel=\"noopener\">Uso de subst\u00e2ncias<\/a><\/h3>\t\t\n\t\t\t\t<a href=\"\/pt\/recursos\/servicos-fiscais\/\" target=\"_self\" itemprop=\"url\" rel=\"noopener\">\n\t\t\t\t<img loading=\"lazy\" decoding=\"async\" src=\"https:\/\/211md.org\/wp-content\/uploads\/bb-plugin\/cache\/Mask-Group-34-circle.png\" alt=\"Pessoa preenchendo a papelada do imposto de renda\" itemprop=\"image\" height=\"500\" width=\"500\" title=\"Grupo de m\u00e1scara 34\" onerror=\"this.style.display='none'\">\n\t\t\t\t<\/a>\n\t\t<h3><a href=\"\/pt\/recursos\/servicos-fiscais\/\" target=\"_self\" rel=\"noopener\">Servi\u00e7os fiscais<\/a><\/h3>\t\t\n\t\t\t\t<a href=\"\/pt\/recursos\/utilitario-assistencia\/\" target=\"_self\" itemprop=\"url\" rel=\"noopener\">\n\t\t\t\t<img loading=\"lazy\" decoding=\"async\" src=\"https:\/\/211md.org\/wp-content\/uploads\/bb-plugin\/cache\/Mask-Group-37@2x-circle.png\" alt=\"Uma l\u00e2mpada acesa\" itemprop=\"image\" height=\"500\" width=\"500\" title=\"Grupo de m\u00e1scara 37@2x\" onerror=\"this.style.display='none'\">\n\t\t\t\t<\/a>\n\t\t<h3><a href=\"\/pt\/recursos\/utilitario-assistencia\/\" target=\"_self\" rel=\"noopener\">Assist\u00eancia de utilidade<\/a><\/h3>\t\t\n\t\t\t\t<a href=\"\/pt\/recursos\/veteranos\/\" target=\"_self\" itemprop=\"url\" rel=\"noopener\">\n\t\t\t\t<img loading=\"lazy\" decoding=\"async\" src=\"https:\/\/211md.org\/wp-content\/uploads\/bb-plugin\/cache\/Veterans-circle.png\" alt=\"Um soldado apertando a m\u00e3o de algu\u00e9m e sorrindo\" itemprop=\"image\" height=\"500\" width=\"500\" title=\"veteranos\" onerror=\"this.style.display='none'\">\n\t\t\t\t<\/a>\n\t\t<h3><a href=\"\/pt\/recursos\/veteranos\/\" target=\"_self\" rel=\"noopener\">veteranos<\/a><\/h3>","protected":false},"excerpt":{"rendered":"<p>O neg\u00f3cio de possuir e administrar im\u00f3veis para aluguel residencial \u00e9 muito parecido com qualquer neg\u00f3cio. \u00c9 preciso pesquisa, planejamento e conhecimento. Como propriet\u00e1rio de Maryland, \u00e9 importante que voc\u00ea conhe\u00e7a as leis federais, estaduais e locais que regem a rela\u00e7\u00e3o entre propriet\u00e1rio e inquilino. Aqui est\u00e3o alguns recursos que podem ajud\u00e1-lo como propriet\u00e1rio. A Biblioteca de Direito Popular\u2026<\/p>","protected":false},"author":8,"featured_media":1905,"parent":928,"menu_order":0,"comment_status":"closed","ping_status":"closed","template":"","meta":{"footnotes":""},"class_list":["post-1120","page","type-page","status-publish","has-post-thumbnail","hentry"],"_links":{"self":[{"href":"https:\/\/211md.org\/pt\/wp-json\/wp\/v2\/pages\/1120","targetHints":{"allow":["GET"]}}],"collection":[{"href":"https:\/\/211md.org\/pt\/wp-json\/wp\/v2\/pages"}],"about":[{"href":"https:\/\/211md.org\/pt\/wp-json\/wp\/v2\/types\/page"}],"author":[{"embeddable":true,"href":"https:\/\/211md.org\/pt\/wp-json\/wp\/v2\/users\/8"}],"replies":[{"embeddable":true,"href":"https:\/\/211md.org\/pt\/wp-json\/wp\/v2\/comments?post=1120"}],"version-history":[{"count":0,"href":"https:\/\/211md.org\/pt\/wp-json\/wp\/v2\/pages\/1120\/revisions"}],"up":[{"embeddable":true,"href":"https:\/\/211md.org\/pt\/wp-json\/wp\/v2\/pages\/928"}],"wp:featuredmedia":[{"embeddable":true,"href":"https:\/\/211md.org\/pt\/wp-json\/wp\/v2\/media\/1905"}],"wp:attachment":[{"href":"https:\/\/211md.org\/pt\/wp-json\/wp\/v2\/media?parent=1120"}],"curies":[{"name":"wp","href":"https:\/\/api.w.org\/{rel}","templated":true}]}}