{"id":1130,"date":"2021-04-19T16:48:43","date_gmt":"2021-04-19T16:48:43","guid":{"rendered":"https:\/\/211md.org\/?page_id=1130"},"modified":"2025-09-10T12:47:04","modified_gmt":"2025-09-10T16:47:04","slug":"prevencao-do-suicidio","status":"publish","type":"page","link":"https:\/\/211md.org\/pt\/resources\/mental-health\/suicide-prevention\/","title":{"rendered":"Como prevenir o suic\u00eddio falando sobre isso com adolescentes e adultos"},"content":{"rendered":"<img decoding=\"async\" src=\"https:\/\/stg-maryland211-staging.kinsta.cloud\/wp-content\/uploads\/2025\/08\/5-1-scaled.png\" alt=\"5\" itemprop=\"image\" height=\"692\" width=\"2560\" title=\"5\" onerror=\"this.style.display='none'\" loading=\"lazy\" \/>\n\t\t<h1><a href=\"#start\" target=\"_self\">Cabe\u00e7alho de p\u00e1gina padr\u00e3o<\/a><\/h1><p>Conversas francas podem ajudar a prevenir o suic\u00eddio. Falar sobre isso ajuda a quebrar estigmas e barreiras em rela\u00e7\u00e3o \u00e0 sa\u00fade mental.<\/p>\n<p>Aprenda as perguntas a fazer e, se algu\u00e9m precisar de ajuda imediata, ligue para 988 para falar com algu\u00e9m 24 horas por dia, 7 dias por semana.<\/p>\n\t\t\t<a href=\"#start\" target=\"_self\">\n\t\t\t\t\t\tCome\u00e7ar\n\t\t\t\t\t<\/a>\n\t\t\t\t<img decoding=\"async\" src=\"https:\/\/211md.org\/wp-content\/plugins\/bb-plugin\/img\/pixel.png\" alt=\"\" itemprop=\"image\" onerror=\"this.style.display='none'\" loading=\"lazy\" \/>\n\t\t\t\t<img decoding=\"async\" src=\"https:\/\/stg-maryland211-staging.kinsta.cloud\/wp-content\/uploads\/2025\/08\/16.png\" alt=\"16\" itemprop=\"image\" height=\"1000\" width=\"1000\" title=\"16\" onerror=\"this.style.display='none'\" loading=\"lazy\" \/>\n\t\t\t\t<img decoding=\"async\" src=\"http:\/\/211md.org\/wp-content\/uploads\/2023\/09\/Mom-comforting-daughter-struggling-with-mental-health.jpg\" alt=\"M\u00e3e confortando filha lutando com sa\u00fade mental\" itemprop=\"image\" title=\"M\u00e3e consola filha com problemas de sa\u00fade mental\" onerror=\"this.style.display='none'\" loading=\"lazy\" \/>\n\t<h2>Falando sobre suic\u00eddio<\/h2>\n<p>Pode parecer dif\u00edcil falar sobre suic\u00eddio, mas conversar pode preveni-lo.<\/p>\n<p>Inicie uma conversa com qualquer pessoa que pare\u00e7a:<\/p>\n<ul>\n<li>abaixo<\/li>\n<li>triste<\/li>\n<li>sozinho<\/li>\n<li>desinteressado em atividades normais ou encontros<\/li>\n<\/ul>\n<p>Entre em contato com eles e pergunte como est\u00e3o.<\/p>\n<p>Em \u201cQual \u00e9 o 211?\u201d podcast, Brandon Johnson, MSH,\u00a0<a href=\"https:\/\/211md.org\/pt\/podcast\/black-mental-wellness-lounge\/\" target=\"_blank\" rel=\"noopener\">apresentador do The Black Mental Wellness Lounge no YouTube<\/a>, falou sobre a relut\u00e2ncia em falar sobre suic\u00eddio.<\/p>\n<blockquote><p>\u201cO suic\u00eddio \u00e9 um tema muito complexo. Eu entendo perfeitamente, mas, como vemos nossas taxas em comunidades espec\u00edficas aumentando continuamente, \u00e9 importante entendermos que a idea\u00e7\u00e3o suicida \u00e9 real.\u201d<\/p><\/blockquote>\n\t<p>Ao falar sobre suic\u00eddio, escolha as palavras com cuidado. Mudando a linguagem, podemos garantir que as pessoas se sintam confort\u00e1veis ao discutir o assunto e se sintam esperan\u00e7osas.<\/p>\n<blockquote><p>\u201c\u2026queremos mudar a linguagem. Para que as pessoas sintam que podem ter as conversas em um espa\u00e7o seguro e n\u00e3o sejam prejudicadas, inicialmente apenas pela linguagem, antes mesmo de terem a oportunidade de vivenciar o potencial de esperan\u00e7a e recupera\u00e7\u00e3o\u201d, explicou Johnson.<\/p><\/blockquote>\n<p>Al\u00e9m disso, evite caracteriza\u00e7\u00f5es generalizadas de pessoas e evite g\u00edrias. Johnson explicou:<\/p>\n<blockquote><p>Ent\u00e3o, podemos dizer que essa pessoa tem TOC, ou que essa pessoa est\u00e1 agindo como bipolar, ou que essa pessoa \u00e9 esquizofr\u00eanica, sem realmente levar em considera\u00e7\u00e3o o que isso realmente significa e o qu\u00e3o estigmatizante isso \u00e9 para uma pessoa que pode ser bipolar, certo? Que pode ser esquizofr\u00eanica, que pode ter TOC. Ao banalizar suas experi\u00eancias para um termo de g\u00edria, geralmente interrogativo para outra pessoa, \u00e9 algo que pode ser prejudicial, at\u00e9 mesmo para idea\u00e7\u00e3o suicida.<\/p><\/blockquote>\n\t<h2>Precisa conversar?\u00a0<\/h2>\n<p>&nbsp;<\/p>\n\t<h3><img loading=\"lazy\" decoding=\"async\" src=\"http:\/\/211md.org\/wp-content\/uploads\/2025\/08\/2025_MdInfoNet_Icon-Sets-white_Phone-150x150.png\" alt=\"\" width=\"150\" height=\"150\" \/>Ligue ou envie uma mensagem de texto para 988<\/h3>\n\t\t\t<a href=\"https:\/\/988lifeline.org\/chat\/\" target=\"_blank\" rel=\"noopener\">\n\t\t\t\t\t\t\tConverse agora (ingl\u00eas)\n\t\t\t\t\t<\/a>\n\t\t\t<a href=\"https:\/\/988lifeline.org\/es\/chat\/\" target=\"_blank\" rel=\"noopener\">\n\t\t\t\t\t\t\tChatea Ahora (Espanhol)\n\t\t\t\t\t<\/a>\n\t<p>Qualquer pessoa que precise de assist\u00eancia com sa\u00fade mental ou necessidades relacionadas ao uso de subst\u00e2ncias pode ligar para 988. <a href=\"https:\/\/health.maryland.gov\/bha\/Pages\/988md.aspx\" target=\"_blank\" rel=\"noopener\">Saiba mais sobre 988 em Maryland<\/a>.<\/p>\n\t<h2>Conversando com adolescentes<\/h2>\n<p>Pode ser desafiador conversar com um adolescente, pois ele est\u00e1 passando por muitas dificuldades sociais, emocionais e mentais.<\/p>\n<p>Se eles est\u00e3o tendo dificuldades com o que sentem sobre si mesmos, pode ser ainda mais dif\u00edcil ter essas conversas.<\/p>\n<p><a href=\"https:\/\/211md.org\/pt\/blog\/episodio-11-prevencao-suicidio-com-a-liveforthomas-foundation\/\" target=\"_blank\" rel=\"noopener\">Amy Ocasio da Funda\u00e7\u00e3o LIVEFORTHOMAS<\/a> falou sobre a dificuldade de falar com seus filhos.<\/p>\n<blockquote><p>Ent\u00e3o, eu definitivamente tive dificuldades para encontrar esse equil\u00edbrio, porque com meus dois filhos, aprendi que, se eu os deixasse vir at\u00e9 mim, eles conversariam. Se eu come\u00e7asse a fazer perguntas, eles simplesmente se fechavam.<\/p>\n<p>Ent\u00e3o, a quest\u00e3o era encontrar o equil\u00edbrio entre o quanto eu devo for\u00e7ar? Quando devo recuar?<\/p><\/blockquote>\n<p>Ela enfatizou a import\u00e2ncia da linguagem e da empatia como m\u00e3e. Disse que achou importante n\u00e3o ignorar, minimizar ou minimizar o que seu filho estava dizendo. \u00c0s vezes, o que pode parecer trivial para um adulto, \u00e9 monumental para uma crian\u00e7a.<\/p>\n<blockquote><p>\u201cVoc\u00ea sabe, apenas ou\u00e7a. Voc\u00ea nem precisa entender, ok, n\u00e3o entendo por que isso \u00e9 importante, mas voc\u00ea sabe que \u00e9 para meu filho. Ent\u00e3o, deixe-me saber mais sobre o que est\u00e1 acontecendo e perguntar a eles, voc\u00ea sabe, o que voc\u00ea precisa de mim? Por exemplo, o que ser\u00e1 \u00fatil para voc\u00ea nesta situa\u00e7\u00e3o? Oc\u00e1sio explicou.<\/p><\/blockquote>\n<p>A adolesc\u00eancia \u00e9 uma fase de riscos e oportunidades. O suic\u00eddio \u00e9 um desses riscos. \u00c9 a segunda principal causa de morte em jovens entre 10 e 24 anos, de acordo com os Centros de Controle e Preven\u00e7\u00e3o de Doen\u00e7as (CDC).<\/p>\n<p>Uma crian\u00e7a que nunca lidou com sua sa\u00fade mental antes pode enfrentar desafios na adolesc\u00eancia. Press\u00f5es sociais, bullying e sexualidade s\u00e3o alguns dos motivos.<\/p>\n<p>Converse com seus filhos adolescentes sobre a sa\u00fade mental deles e procure por sinais de alerta de problemas de sa\u00fade comportamental.<\/p>\n<p>Se precisarem de ajuda, ligue para o 988.<\/p>\n\t\t\t\t<a href=\"https:\/\/search.988.mdinfonet.org\/\" target=\"_blank\" rel=\"noopener\" itemprop=\"url\">\n\t\t\t\t<img decoding=\"async\" src=\"https:\/\/stg-maryland211-staging.kinsta.cloud\/wp-content\/uploads\/2025\/08\/2025_MdInfoNet_Icon-Sets-white_Locate.png\" alt=\"\" itemprop=\"image\" onerror=\"this.style.display='none'\" loading=\"lazy\" \/>\n\t\t\t\t<\/a>\n<h2><a href=\"https:\/\/search.988.mdinfonet.org\/\" target=\"_blank\" rel=\"noopener\">Encontre recursos de sa\u00fade mental<\/a><\/h2><p>Pesquise no banco de dados de recursos de sa\u00fade comportamental mais abrangente do estado, que apresenta filtros dispon\u00edveis por tipo de pagamento, idade, tipo de suporte e idioma.<\/p>\n\t\t\t<a href=\"https:\/\/search.988.mdinfonet.org\/\" target=\"_blank\" rel=\"noopener\">\n\t\t\t\t\t\t\tProcure agora\n\t\t\t<\/a>\n<h2>Perguntas sobre sa\u00fade mental para fazer<\/h2>\n<p>Antes de come\u00e7ar a conversa, crie um espa\u00e7o seguro para discuss\u00e3o e esteja pronto para ouvir.<\/p>\n<p>Fa\u00e7a perguntas abertas e comece a conversa com uma frase como &quot;Eu percebi&quot;.<\/p>\n<p>O Departamento de Sa\u00fade de Maryland e o Escrit\u00f3rio de Preven\u00e7\u00e3o do Suic\u00eddio de Maryland recomendam frases como estas:<\/p>\n<ul>\n<li>Faz um tempo que n\u00e3o conversamos. Como vai voc\u00ea?<\/li>\n<li>Voc\u00ea parece deprimido ultimamente. O que est\u00e1 acontecendo?<\/li>\n<li>Estou preocupado com voc\u00ea. Algo est\u00e1 errado? Eu quero estar l\u00e1 para voc\u00ea.<\/li>\n<li>Voc\u00ea n\u00e3o tem sido voc\u00ea mesmo ultimamente. Voc\u00ea est\u00e1 bem?<\/li>\n<li>H\u00e1 algo que voc\u00ea queira falar?<\/li>\n<\/ul>\n<p>\u00c9 essencial ouvir e mostrar que voc\u00ea se importa. Apoie seu familiar ou amigo reunindo-se com eles ou verificando como eles est\u00e3o.<\/p>\n<p>N\u00e3o se espera que voc\u00ea d\u00ea conselhos, mas voc\u00ea pode encaminh\u00e1-los a profissionais ou recursos gratuitos e confidenciais como o 988.<\/p>\n<p>&nbsp;<\/p>\n\t\t\t\t<img decoding=\"async\" src=\"http:\/\/211md.org\/wp-content\/uploads\/2025\/06\/Dad-talking-and-supporting-his-teen.jpg\" alt=\"Pai conversando e apoiando seu filho adolescente\" itemprop=\"image\" title=\"Pai conversando e apoiando seu filho adolescente\" onerror=\"this.style.display='none'\" loading=\"lazy\" \/>\n\t\t\t\t<img decoding=\"async\" src=\"http:\/\/211md.org\/wp-content\/uploads\/2025\/09\/Diverse-and-LGBTQ-teens.jpg\" alt=\"Adolescentes diversos e LGBTQ\" itemprop=\"image\" title=\"Adolescentes diversos e LGBTQ\" onerror=\"this.style.display='none'\" loading=\"lazy\" \/>\n\t<h3>Como falar com jovens LGBTQ+<\/h3>\n<p>Pelo menos um jovem LGBTQ+ entre 13 e 24 anos tenta o suic\u00eddio a cada 45 segundos nos Estados Unidos.<\/p>\n<p>Quando algu\u00e9m se assumir para voc\u00ea, apoie o indiv\u00edduo, demonstre amor e esteja presente.<\/p>\n<p>O Departamento de Sa\u00fade de Maryland, Escrit\u00f3rio de Preven\u00e7\u00e3o do Suic\u00eddio, sugere frases de apoio como:<\/p>\n<ul>\n<li>\u201cObrigado por compartilhar comigo. O que sua identidade significa para voc\u00ea?<\/li>\n<li>\u201cEstou t\u00e3o feliz que voc\u00ea me contou e quero que saiba que isso n\u00e3o mudar\u00e1 nosso relacionamento de forma alguma.\u201d<\/li>\n<li>\u201cEstou muito animado por voc\u00ea.\u201d<\/li>\n<\/ul>\n<p>Certifique-se de enviar apoio, em vez de negar o que o indiv\u00edduo disse a voc\u00ea. N\u00e3o se refira a isso como uma fase. Mostre apoio e ou\u00e7a.<\/p>\n<p>Al\u00e9m disso, use uma linguagem afirmativa LGBTQ+ em conversas com outras pessoas. Elimine a linguagem de g\u00eanero como \u201cvoc\u00eas\u201d e substitua-a por \u201ctodos voc\u00eas\u201d.<\/p>\n\t<h3>Obtenha ajuda de terapeutas profissionais<\/h3>\n<p>Embora seja essencial se conectar com amigos e verificar a sa\u00fade mental deles, consulte um especialista se tiver alguma preocupa\u00e7\u00e3o.<\/p>\n<p>A psicoterapia, ou \u201cterapia da conversa\u201d, pode efetivamente reduzir o risco de suic\u00eddio. Um tipo \u00e9 chamado de terapia cognitivo-comportamental (TCC). A TCC pode ajudar as pessoas a aprender novas maneiras de lidar com experi\u00eancias estressantes, treinando-as para considerar a\u00e7\u00f5es alternativas quando surgirem pensamentos suicidas.<\/p>\n<p>Outro tipo de psicoterapia, chamada terapia comportamental dial\u00e9tica (TCD), demonstrou reduzir a taxa de suic\u00eddio entre pessoas com transtorno de personalidade lim\u00edtrofe, uma doen\u00e7a mental grave caracterizada por humor, relacionamentos, autoimagem e comportamento inst\u00e1veis.<\/p>\n<p>Um terapeuta treinado em DBT ajuda uma pessoa a reconhecer quando seus sentimentos ou a\u00e7\u00f5es s\u00e3o perturbadores ou prejudiciais e ensina as habilidades necess\u00e1rias para lidar melhor com situa\u00e7\u00f5es perturbadoras.<\/p>\n<p>&nbsp;<\/p>\n<h2>Tem outra preocupa\u00e7\u00e3o?<\/h2>\n<p>O 211 oferece informa\u00e7\u00f5es e encaminhamentos para outros problemas de sa\u00fade mental e necessidades essenciais. Saiba mais sobre esses outros programas de assist\u00eancia.<\/p>\n<p>&nbsp;<\/p>\n\t\t\t<a href=\"\/pt\/recursos\/uso-de-substancias\/\" target=\"_self\">\n\t\t\t\t\t\tUso de subst\u00e2ncias\n\t\t\t\t\t<\/a>\n\t\t\t<a href=\"\/pt\/recursos\/saude-mental\/depressao\/\" target=\"_self\">\n\t\t\t\t\t\tInforma\u00e7\u00f5es sobre depress\u00e3o\n\t\t\t\t\t<\/a>\n\t\t\t<a href=\"\/pt\/recursos\/veteranos\/saude-mental-para-veteranos\/\" target=\"_self\">\n\t\t\t\t\t\tSa\u00fade Mental de Veteranos \n\t\t\t\t\t<\/a>\n\t\t\t<a href=\"\/pt\/recursos\/comida\/\" target=\"_self\">\n\t\t\t\t\t\tComida\n\t\t\t\t\t<\/a>\n\t\t\t<a href=\"\/pt\/recursos\/casa-abrigo\/\" target=\"_self\">\n\t\t\t\t\t\tHabita\u00e7\u00e3o\n\t\t\t\t\t<\/a>\n<h2>Encontrando apoio para sa\u00fade mental<\/h2>\n<p>Ligue ou envie uma mensagem de texto para 988 para obter suporte imediato.<\/p>\n<p>Voc\u00ea tamb\u00e9m pode encontrar suporte profissional de sa\u00fade mental nas proximidades pesquisando no banco de dados de recursos de sa\u00fade comportamental 988, fornecido pela Maryland Information Network.<\/p>\n\t\t\t<a href=\"https:\/\/search.988.mdinfonet.org\/\" target=\"_blank\" rel=\"noopener\">\n\t\t\t\t\t\tPesquise recursos de sa\u00fade mental\n\t\t\t\t\t<\/a>\n\t\t\t\t<img decoding=\"async\" src=\"http:\/\/211md.org\/wp-content\/uploads\/2023\/07\/Black-man-talking-to-a-mental-health-counselor.jpg\" alt=\"Homem negro conversando com um conselheiro de sa\u00fade mental\" itemprop=\"image\" title=\"Homem negro conversando com um conselheiro de sa\u00fade mental\" onerror=\"this.style.display='none'\" loading=\"lazy\" \/>\n\t\t\t\t<img decoding=\"async\" src=\"http:\/\/211md.org\/wp-content\/uploads\/2025\/09\/Teen-texting.jpg\" alt=\"Adolescentes enviando mensagens de texto\" itemprop=\"image\" title=\"Adolescentes enviando mensagens de texto\" onerror=\"this.style.display='none'\" loading=\"lazy\" \/>\n<h3>Suporte cont\u00ednuo<\/h3>\n<p>Os jovens podem encontrar apoio em uma sa\u00fade comportamental geral ou <a href=\"https:\/\/211md.org\/pt\/healthcheck\/\">programa de preven\u00e7\u00e3o ao suic\u00eddio<\/a>\u00a0ou por meio de um programa voltado para adolescentes, como MDYoungMinds ou Taking Flight.<\/p>\n<h3>Juventude<\/h3>\n<p><a href=\"https:\/\/211md.org\/pt\/about\/mensagens-de-texto\/mentes-jovens\/\">MDYoungMinds<\/a> \u00e9 um programa de suporte de texto atrav\u00e9s do 211 e do Departamento de Sa\u00fade de Maryland, Escrit\u00f3rio de Preven\u00e7\u00e3o do Suic\u00eddio. Ele envia mensagens de texto de apoio focadas em preocupa\u00e7\u00f5es e estressores de sa\u00fade mental de adolescentes e adolescentes.<\/p>\n<p><a href=\"https:\/\/www.mdcoalition.org\/who-we-help\/youth-helping-youth\/\" target=\"_blank\" rel=\"noopener\">voando<\/a> \u00e9 um programa de apoio de pares com l\u00edderes adultos jovens (de 18 a 26 anos) que t\u00eam experi\u00eancia pessoal com problemas de sa\u00fade comportamental ou traumas. Eles capacitam jovens adultos com encontros virtuais semanais e <a href=\"https:\/\/www.facebook.com\/TakingFlightMD\/\" target=\"_blank\" rel=\"noopener\">suporte de m\u00eddia social<\/a>.<\/p>\n<h3>Adultos<\/h3>\n<p><a href=\"https:\/\/211md.org\/pt\/about\/mensagens-de-texto\/md-mindhealth\/\">MDMindHealth<\/a> envia mensagens motivacionais e recursos para servi\u00e7os de sa\u00fade mental. As mensagens de texto tamb\u00e9m est\u00e3o dispon\u00edveis em espanhol no MDSaludMental.<\/p>\n<p>No celular, voc\u00ea pode clicar nos bot\u00f5es abaixo para se inscrever.<\/p>\n<p><em>Ao enviar uma mensagem de texto com MDMindHealth para 898-211, voc\u00ea concorda em receber mensagens automatizadas recorrentes.<\/em><\/p>\n\t\t\t<a href=\"sms:\/\/898-211;?&#038;body=MDMINDHEALTH\" target=\"_blank\" rel=\"noopener\">\n\t\t\t\t\t\t\tTexto MDMindHealth\n\t\t\t\t\t<\/a>\n\t\t\t<a href=\"sms:\/\/898-211;?&#038;body=MDSALUDMENTAL\" target=\"_blank\" rel=\"noopener\">\n\t\t\t\t\t\t\tTexto MDSALUDMENTAL\n\t\t\t\t\t<\/a>\n<h3>Aprenda com especialistas<\/h3>\n<p>Al\u00e9m disso, consulte outros recursos para ideias sobre sa\u00fade mental e suic\u00eddio, como discuss\u00f5es de especialistas em sa\u00fade mental como Johnson. Ele tem um<a href=\"https:\/\/www.youtube.com\/watch?v=TFt9EvzgB_4&amp;list=PLtVQyUpVKidoX87oH35VxHwUqOH5X6aeY\" target=\"_blank\" rel=\"noopener\">\u00a0s\u00e9rie de discuss\u00f5es com conselheiros escolares<\/a>, um psiquiatra infantil e outros especialistas que abordam t\u00f3picos como apoiar um membro da fam\u00edlia com sua sa\u00fade mental, usar a medita\u00e7\u00e3o mindfulness para apoiar seu bem-estar mental, trauma racial e transformar sua dor em paix\u00e3o.<\/p>\n\t\t<iframe loading=\"lazy\" width=\"560\" height=\"315\" src=\"https:\/\/www.youtube.com\/embed\/TFt9EvzgB_4\" title=\"Leitor de v\u00eddeo do YouTube\" frameborder=\"0\" allow=\"accelerometer; autoplay; clipboard-write; encrypted-media; gyroscope; picture-in-picture\" allowfullscreen><\/iframe>\t\n<h2>\n\t\t\tInforma\u00e7\u00e3o relacionada\t<\/h2>\n\t\t<h4><a href=\"\/pt\/recursos\/envelhecimento-incapacidade\/\" target=\"_self\">Envelhecimento e Defici\u00eancia<\/a><\/h4>\n\t\t\t\t<a href=\"\/pt\/recursos\/envelhecimento-incapacidade\/\"  target=\"_self\" itemprop=\"url\">\n\t\t\t\t<img decoding=\"async\" src=\"https:\/\/211md.org\/wp-content\/uploads\/bb-plugin\/cache\/2025_MdInfoNet_Icon-Sets_Aging-disability-square-c466727102cae71e5f27b8539bb51945-.png\" alt=\"2025_MdInfoNet_Conjuntos de \u00edcones_Envelhecimento-defici\u00eancia\" itemprop=\"image\" title=\"2025_MdInfoNet_Conjuntos de \u00edcones_Envelhecimento-defici\u00eancia\" onerror=\"this.style.display='none'\" loading=\"lazy\" \/>\n\t\t\t\t<\/a>\n\t\t<h4><a href=\"https:\/\/211md.org\/pt\/recursos\/criancas-familias\/\" target=\"_blank\" rel=\"noopener\">Crian\u00e7as e Fam\u00edlias<\/a><\/h4>\n\t\t\t\t<a href=\"https:\/\/211md.org\/pt\/recursos\/criancas-familias\/\" target=\"_blank\" rel=\"noopener\" itemprop=\"url\">\n\t\t\t\t<img decoding=\"async\" src=\"https:\/\/211md.org\/wp-content\/uploads\/bb-plugin\/cache\/2025_211_Icon-Sets_Child-care-square-a8953c7678f51ed443764342b64ee948-.png\" alt=\"2025_211_Conjuntos de \u00edcones_Cuidados infantis\" itemprop=\"image\" title=\"2025_211_Conjuntos de \u00edcones_Cuidados infantis\" onerror=\"this.style.display='none'\" loading=\"lazy\" \/>\n\t\t\t\t<\/a>\n\t\t<h4><a href=\"\/pt\/recursos\/violencia-domestica-familiar\/\" target=\"_self\">Viol\u00eancia dom\u00e9stica<\/a><\/h4>\n\t\t\t\t<a href=\"\/pt\/recursos\/violencia-domestica-familiar\/\"  target=\"_self\" itemprop=\"url\">\n\t\t\t\t<img decoding=\"async\" src=\"https:\/\/211md.org\/wp-content\/uploads\/bb-plugin\/cache\/2025_211_Icon-Sets_Domestic-Violence-square-e6e48b12d9d44dadd394e0d40debfd96-.png\" alt=\"\u00cdcone de viol\u00eancia dom\u00e9stica\" itemprop=\"image\" title=\"2025_211_Conjuntos de \u00edcones_Viol\u00eancia dom\u00e9stica\" onerror=\"this.style.display='none'\" loading=\"lazy\" \/>\n\t\t\t\t<\/a>\n\t\t<h4><a href=\"\/pt\/recursos\/procura-de-emprego\/\" target=\"_self\">Emprego<\/a><\/h4>\n\t\t\t\t<a href=\"\/pt\/recursos\/procura-de-emprego\/\"  target=\"_self\" itemprop=\"url\">\n\t\t\t\t<img decoding=\"async\" src=\"https:\/\/211md.org\/wp-content\/uploads\/bb-plugin\/cache\/2025_MdInfoNet_Icon-Sets_Employment-square-44707bd410e4df10a470bf130ebcea86-.png\" alt=\"2025_MdInfoNet_Conjuntos de \u00edcones_Emprego\" itemprop=\"image\" title=\"2025_MdInfoNet_Conjuntos de \u00edcones_Emprego\" onerror=\"this.style.display='none'\" loading=\"lazy\" \/>\n\t\t\t\t<\/a>\n\t\t<h4><a href=\"\/pt\/recursos\/cuidados-de-saude\/\" target=\"_self\">Cuidados de sa\u00fade<\/a><\/h4>\n\t\t\t\t<a href=\"\/pt\/recursos\/cuidados-de-saude\/\"  target=\"_self\" itemprop=\"url\">\n\t\t\t\t<img decoding=\"async\" src=\"https:\/\/211md.org\/wp-content\/uploads\/bb-plugin\/cache\/2025_MdInfoNet_Icon-Sets_Health-Care-square-dee98a0060cbe0e7f27eda253fc12679-.png\" alt=\"2025_MdInfoNet_Conjuntos de \u00edcones_Cuidados de sa\u00fade\" itemprop=\"image\" title=\"2025_MdInfoNet_Conjuntos de \u00edcones_Cuidados de sa\u00fade\" onerror=\"this.style.display='none'\" loading=\"lazy\" \/>\n\t\t\t\t<\/a>\n\t\t<h4><a href=\"\/pt\/recursos\/criancas-familias\/cuidados-de-parentesco\/\" target=\"_self\">Parentesco<\/a><\/h4>\n\t\t\t\t<a href=\"\/pt\/recursos\/criancas-familias\/cuidados-de-parentesco\/\"  target=\"_self\" itemprop=\"url\">\n\t\t\t\t<img decoding=\"async\" src=\"https:\/\/211md.org\/wp-content\/uploads\/bb-plugin\/cache\/2025_211_Icon-Sets_Kinship-square-21d4c353354c53c083c80118abb066f2-.png\" alt=\"\u00cdcone de parentesco\" itemprop=\"image\" title=\"2025_211_Conjuntos de \u00edcones_Parentesco\" onerror=\"this.style.display='none'\" loading=\"lazy\" \/>\n\t\t\t\t<\/a>\n\t\t<h4><a href=\"\/pt\/recursos\/servicos-legais\/\" target=\"_self\">Servi\u00e7os legais<\/a><\/h4>\n\t\t\t\t<a href=\"\/pt\/recursos\/servicos-legais\/\"  target=\"_self\" itemprop=\"url\">\n\t\t\t\t<img decoding=\"async\" src=\"https:\/\/211md.org\/wp-content\/uploads\/bb-plugin\/cache\/2025_MdInfoNet_Icon-Sets_Legal-square-18fdf438feb8435588174d9046463257-.png\" alt=\"2025_MdInfoNet_Conjuntos de \u00edcones_Legal\" itemprop=\"image\" title=\"2025_MdInfoNet_Conjuntos de \u00edcones_Legal\" onerror=\"this.style.display='none'\" loading=\"lazy\" \/>\n\t\t\t\t<\/a>\n\t\t<h4><a href=\"\/pt\/recursos\/saude-mental\/\" target=\"_self\">Sa\u00fade mental<\/a><\/h4>\n\t\t\t\t<a href=\"\/pt\/recursos\/saude-mental\/\"  target=\"_self\" itemprop=\"url\">\n\t\t\t\t<img decoding=\"async\" src=\"https:\/\/211md.org\/wp-content\/uploads\/bb-plugin\/cache\/2025_MdInfoNet_Icon-Sets_Mental-Health-square-c59b38c4a993a947d4c9280fbe2d2fee-.png\" alt=\"2025_MdInfoNet_Conjuntos de \u00edcones_Sa\u00fade mental\" itemprop=\"image\" title=\"2025_MdInfoNet_Conjuntos de \u00edcones_Sa\u00fade mental\" onerror=\"this.style.display='none'\" loading=\"lazy\" \/>\n\t\t\t\t<\/a>\n\t\t<h4><a href=\"\/pt\/recursos\/mdreentry\/\" target=\"_self\">Reentrada<\/a><\/h4>\n\t\t\t\t<a href=\"\/pt\/recursos\/mdreentry\/\"  target=\"_self\" itemprop=\"url\">\n\t\t\t\t<img decoding=\"async\" src=\"https:\/\/211md.org\/wp-content\/uploads\/bb-plugin\/cache\/2025_211_Icon-Sets_Reentry-square-f36b65d903a62fd4c3819ff05988ca60-.png\" alt=\"\u00cdcone de reentrada\" itemprop=\"image\" title=\"2025_211_Conjuntos de \u00edcones_Reentrada\" onerror=\"this.style.display='none'\" loading=\"lazy\" \/>\n\t\t\t\t<\/a>\n\t\t<h4><a href=\"\/pt\/recursos\/uso-de-substancias\/\" target=\"_self\">Uso de subst\u00e2ncias<\/a><\/h4>\n\t\t\t\t<a href=\"\/pt\/recursos\/uso-de-substancias\/\"  target=\"_self\" itemprop=\"url\">\n\t\t\t\t<img decoding=\"async\" src=\"https:\/\/211md.org\/wp-content\/uploads\/bb-plugin\/cache\/2025_MdInfoNet_Icon-Sets_Substance-Abuse-square-9022fec9d18a64118ad685c101885b55-.png\" alt=\"2025_MdInfoNet_Conjuntos de \u00edcones_Abuso de subst\u00e2ncias\" itemprop=\"image\" title=\"2025_MdInfoNet_Conjuntos de \u00edcones_Abuso de subst\u00e2ncias\" onerror=\"this.style.display='none'\" loading=\"lazy\" \/>\n\t\t\t\t<\/a>\n\t\t<h4><a href=\"\/pt\/recursos\/veteranos\/\" target=\"_self\">veteranos<\/a><\/h4>\n\t\t\t\t<a href=\"\/pt\/recursos\/veteranos\/\"  target=\"_self\" itemprop=\"url\">\n\t\t\t\t<img decoding=\"async\" src=\"https:\/\/211md.org\/wp-content\/uploads\/bb-plugin\/cache\/2025_MdInfoNet_Icon-Sets_Rating-square-6e60d00cce4faa8e0a6d4ad7366aa733-.png\" alt=\"2025_MdInfoNet_Conjuntos de \u00edcones_Classifica\u00e7\u00e3o\" itemprop=\"image\" title=\"2025_MdInfoNet_Conjuntos de \u00edcones_Classifica\u00e7\u00e3o\" onerror=\"this.style.display='none'\" loading=\"lazy\" \/>\n\t\t\t\t<\/a>","protected":false},"excerpt":{"rendered":"<p>Cabe\u00e7alho padr\u00e3o da p\u00e1gina Conversas francas podem ajudar a prevenir o suic\u00eddio. Falar sobre o assunto ajuda a quebrar estigmas e barreiras em rela\u00e7\u00e3o \u00e0 sa\u00fade mental. Aprenda as perguntas a fazer e, se algu\u00e9m precisar de ajuda imediata, ligue para 988 para falar com algu\u00e9m 24 horas por dia, 7 dias por semana. Comece a falar sobre suic\u00eddio. Pode parecer dif\u00edcil falar sobre suic\u00eddio, mas conversar pode prevenir...<\/p>","protected":false},"author":8,"featured_media":4020,"parent":836,"menu_order":0,"comment_status":"closed","ping_status":"closed","template":"","meta":{"footnotes":""},"class_list":["post-1130","page","type-page","status-publish","has-post-thumbnail","hentry"],"_links":{"self":[{"href":"https:\/\/211md.org\/pt\/wp-json\/wp\/v2\/pages\/1130","targetHints":{"allow":["GET"]}}],"collection":[{"href":"https:\/\/211md.org\/pt\/wp-json\/wp\/v2\/pages"}],"about":[{"href":"https:\/\/211md.org\/pt\/wp-json\/wp\/v2\/types\/page"}],"author":[{"embeddable":true,"href":"https:\/\/211md.org\/pt\/wp-json\/wp\/v2\/users\/8"}],"replies":[{"embeddable":true,"href":"https:\/\/211md.org\/pt\/wp-json\/wp\/v2\/comments?post=1130"}],"version-history":[{"count":9,"href":"https:\/\/211md.org\/pt\/wp-json\/wp\/v2\/pages\/1130\/revisions"}],"predecessor-version":[{"id":33825,"href":"https:\/\/211md.org\/pt\/wp-json\/wp\/v2\/pages\/1130\/revisions\/33825"}],"up":[{"embeddable":true,"href":"https:\/\/211md.org\/pt\/wp-json\/wp\/v2\/pages\/836"}],"wp:featuredmedia":[{"embeddable":true,"href":"https:\/\/211md.org\/pt\/wp-json\/wp\/v2\/media\/4020"}],"wp:attachment":[{"href":"https:\/\/211md.org\/pt\/wp-json\/wp\/v2\/media?parent=1130"}],"curies":[{"name":"wp","href":"https:\/\/api.w.org\/{rel}","templated":true}]}}