{"id":1133,"date":"2021-04-19T16:54:37","date_gmt":"2021-04-19T16:54:37","guid":{"rendered":"https:\/\/211md.org\/?page_id=1133"},"modified":"2025-09-11T08:50:21","modified_gmt":"2025-09-11T12:50:21","slug":"depressao","status":"publish","type":"page","link":"https:\/\/211md.org\/pt\/resources\/mental-health\/depression\/","title":{"rendered":"Depress\u00e3o em adultos e adolescentes: sinais, sintomas e suporte"},"content":{"rendered":"<img decoding=\"async\" src=\"https:\/\/stg-maryland211-staging.kinsta.cloud\/wp-content\/uploads\/2025\/08\/5-1-scaled.png\" alt=\"5\" itemprop=\"image\" height=\"692\" width=\"2560\" title=\"5\" onerror=\"this.style.display='none'\" loading=\"lazy\" \/>\n\t\t<h1><a href=\"#start\" target=\"_self\">Cabe\u00e7alho de p\u00e1gina padr\u00e3o<\/a><\/h1><p>Como voc\u00ea est\u00e1 se sentindo? Seja honesto com voc\u00ea mesmo. Voc\u00ea se sente \u201cazul\u201d, deprimido ou triste \u00e0s vezes? \u00c9 normal sentir uma s\u00e9rie de emo\u00e7\u00f5es, mas quando esses sentimentos afetam a sua vida di\u00e1ria, pode ser um sinal de uma condi\u00e7\u00e3o mais grave conhecida como depress\u00e3o.<\/p>\n<p>Aprenda sobre os sinais de alerta e como obter ajuda.<\/p>\n<p>Ligue para 988 para obter suporte imediato.<\/p>\n\t\t\t<a href=\"#start\" target=\"_self\">\n\t\t\t\t\t\tCome\u00e7ar\n\t\t\t\t\t<\/a>\n\t\t\t\t<img decoding=\"async\" src=\"https:\/\/211md.org\/wp-content\/plugins\/bb-plugin\/img\/pixel.png\" alt=\"\" itemprop=\"image\" onerror=\"this.style.display='none'\" loading=\"lazy\" \/>\n\t\t\t\t<img decoding=\"async\" src=\"https:\/\/stg-maryland211-staging.kinsta.cloud\/wp-content\/uploads\/2025\/08\/16.png\" alt=\"16\" itemprop=\"image\" height=\"1000\" width=\"1000\" title=\"16\" onerror=\"this.style.display='none'\" loading=\"lazy\" \/>\n\t\t\t\t<img decoding=\"async\" src=\"http:\/\/211md.org\/wp-content\/uploads\/2025\/09\/Man-looking-out-window-thinking.jpg\" alt=\"Homem olhando pela janela pensando\" itemprop=\"image\" title=\"Homem olhando pela janela pensando\" onerror=\"this.style.display='none'\" loading=\"lazy\" \/>\n\t<h2>Depress\u00e3o 101<\/h2>\n<p>A depress\u00e3o pode afetar qualquer pessoa e pode ter um aspecto diferente em crian\u00e7as, adolescentes, jovens e adultos. Pode ocorrer isoladamente ou em combina\u00e7\u00e3o com outras condi\u00e7\u00f5es de sa\u00fade mental e doen\u00e7as cr\u00f4nicas. Por exemplo, um diagn\u00f3stico ou batalha contra o c\u00e2ncer, diabetes ou doen\u00e7a card\u00edaca pode desencadear a depress\u00e3o.<\/p>\n<p>Eventos da vida tamb\u00e9m podem desencadear sintomas. Por exemplo, a gravidez pode trazer sintomas de depress\u00e3o durante e depois da gravidez.<\/p>\n<p>As esta\u00e7\u00f5es podem fazer voc\u00ea se sentir triste, especialmente durante um inverno longo e frio. Tamb\u00e9m pode acontecer em qualquer \u00e9poca do ano.<\/p>\n\t<h3>Eu Tenho Depress\u00e3o?<\/h3>\n<p>Existem v\u00e1rios sinais e sintomas de depress\u00e3o e podem variar dependendo da idade. Embora sentir-se triste seja um sintoma da depress\u00e3o, \u00e9 mais do que isso. Tamb\u00e9m \u00e9 uma sensa\u00e7\u00e3o de desesperan\u00e7a e in\u00fatil por mais de duas semanas, junto com uma mudan\u00e7a em fazer coisas que voc\u00ea gostava.<\/p>\n<p>o\u00a0<a href=\"https:\/\/www.nimh.nih.gov\/health\/publications\/depression\" target=\"_blank\" rel=\"noopener\">Instituto Nacional de Sa\u00fade Mental<\/a>\u00a0sugere fazer a si mesmo essas perguntas.<\/p>\n<p>Eu sinto\u2026.?<\/p>\n<ul>\n<li>Consistentemente triste, ansioso, in\u00fatil ou \u201cvazio\u201d?<\/li>\n<li>Sem esperan\u00e7a ou pessimista?<\/li>\n<li>Facilmente frustrado, zangado, irrit\u00e1vel ou inquieto?<\/li>\n<li>N\u00e3o est\u00e1 interessado em hobbies ou atividades que antes gostava?<\/li>\n<li>Estou me afastando de amigos e familiares?<\/li>\n<li>Sentindo-se culpado, in\u00fatil ou desamparado?<\/li>\n<li>\u00c9 mais dif\u00edcil tomar decis\u00f5es, lembrar ou concentrar-se?<\/li>\n<li>Meus h\u00e1bitos di\u00e1rios de alimenta\u00e7\u00e3o e sono mudaram?<\/li>\n<li>Cansado, fatigado ou com perda de mem\u00f3ria?<\/li>\n<li>Dores, dores de cabe\u00e7a, c\u00f3licas ou problemas digestivos que n\u00e3o t\u00eam causa ou n\u00e3o param com o tratamento.<\/li>\n<li>Como me machucar ou cometer suic\u00eddio?<\/li>\n<\/ul>\n<p>Os adultos tamb\u00e9m podem apresentar outros sintomas como ins\u00f4nia no meio da noite, diminui\u00e7\u00e3o da libido, sintomas gastrointestinais, tristeza ou pesar.<\/p>\n<p>Seus sintomas podem variar dos sintomas de um amigo ou familiar.<\/p>\n<p>Os adolescentes\/adolescentes tamb\u00e9m devem se perguntar se sentem\u2026?<\/p>\n<ul>\n<li>Que eles n\u00e3o est\u00e3o indo t\u00e3o bem na escola?<\/li>\n<\/ul>\n<p>Embora os sintomas da depress\u00e3o sejam semelhantes em adolescentes e adultos, existem algumas diferen\u00e7as. Conhe\u00e7a os sinais de alerta de depress\u00e3o e outras condi\u00e7\u00f5es de sa\u00fade mental em adolescentes e <a href=\"https:\/\/211md.org\/pt\/recursos\/saude-mental\/apoio-a-adolescentes\/\" rel=\"noopener\">como conseguir apoio para adolescentes<\/a>. Voc\u00ea n\u00e3o est\u00e1 sozinho. A ajuda est\u00e1 dispon\u00edvel.<\/p>\n<h3>Como a depress\u00e3o \u00e9 diagnosticada?<\/h3>\n<p>A depress\u00e3o \u00e9 diagnosticada pelo n\u00famero de sintomas que voc\u00ea tem a cada dia. Se voc\u00ea tiver cinco sintomas de depress\u00e3o diariamente, quase o dia todo, e esse padr\u00e3o persistir por pelo menos duas semanas, voc\u00ea pode ter depress\u00e3o. O Instituto Nacional de Sa\u00fade Mental diz que um dos sintomas deve ser um humor deprimido ou uma perda de interesse em quase todas as atividades.<\/p>\n<p>Um especialista em sa\u00fade comportamental pode diagnosticar sua condi\u00e7\u00e3o e fornecer suporte e tratamento. Se n\u00e3o conseguir marcar uma consulta, tamb\u00e9m pode obter ajuda e apoio do seu prestador de cuidados prim\u00e1rios.<\/p>\n\t<h2>Precisa conversar?\u00a0<\/h2>\n<p><strong>Ligue ou envie uma mensagem de texto para 988<\/strong><\/p>\n<p>&nbsp;<\/p>\n\t\t\t<a href=\"https:\/\/988lifeline.org\/chat\/\" target=\"_blank\" rel=\"noopener\">\n\t\t\t\t\t\t\tConverse agora (ingl\u00eas)\n\t\t\t\t\t<\/a>\n\t\t\t<a href=\"https:\/\/988lifeline.org\/es\/chat\/\" target=\"_blank\" rel=\"noopener\">\n\t\t\t\t\t\t\tChatea Ahora (Espanhol)\n\t\t\t\t\t<\/a>\n\t<p>Qualquer pessoa que precise de assist\u00eancia com sa\u00fade mental ou necessidades relacionadas ao uso de subst\u00e2ncias pode ligar para 988. <a href=\"https:\/\/health.maryland.gov\/bha\/Pages\/988md.aspx\" target=\"_blank\" rel=\"noopener\">Saiba mais sobre 988 em Maryland<\/a>.<\/p>\n<h2>Ajuda para sa\u00fade mental<\/h2>\n<p>Se voc\u00ea est\u00e1 se sentindo deprimido e isso est\u00e1 afetando sua vida di\u00e1ria, procure a ajuda de um profissional de sa\u00fade comportamental. Se precisar de ajuda para encontrar um:<\/p>\n<ul>\n<li>Disque 211<\/li>\n<li>procure um recurso de sa\u00fade mental perto de voc\u00ea no banco de dados mais abrangente de Maryland sobre recursos locais de sa\u00fade comportamental, fornecido pela Maryland Information Network.<\/li>\n<\/ul>\n\t\t\t<a href=\"https:\/\/search.988.mdinfonet.org\/\" target=\"_blank\" rel=\"noopener\">\n\t\t\t\t\t\t\tProcure provedores de sa\u00fade mental\n\t\t\t\t\t<\/a>\n\t<p>Se voc\u00ea \u00e9 um pai ou cuidador, saiba mais sobre <a href=\"https:\/\/211md.org\/pt\/recursos\/saude-mental\/apoio-a-adolescentes\/\">programas de sa\u00fade mental projetados especificamente para adolescentes<\/a>.<\/p>\n<p>Se precisar de suporte imediato, ligue para 988 e fale com um profissional treinado.<\/p>\n\t\t\t\t<img decoding=\"async\" src=\"https:\/\/211md.org\/wp-content\/uploads\/2023\/04\/Woman-in-wheelchair-getting-mental-health-support.jpg\" alt=\"Mulher em cadeira de rodas recebendo apoio de sa\u00fade mental\" itemprop=\"image\" height=\"800\" width=\"1200\" title=\"Mulher em cadeira de rodas recebendo apoio de sa\u00fade mental\" onerror=\"this.style.display='none'\" loading=\"lazy\" \/>\n<h3>Encontrando um terapeuta<\/h3>\n<p>211 entende que \u00e9 dif\u00edcil conseguir uma consulta de sa\u00fade comportamental e, \u00e0s vezes, quando voc\u00ea consegue essa consulta, n\u00e3o \u00e9 com uma pessoa com quem voc\u00ea clica ou se sente confort\u00e1vel em compartilhar como voc\u00ea realmente se sente.<\/p>\n<p>Durante um <a href=\"https:\/\/211md.org\/pt\/metas-de-saude-mental\/\" target=\"_blank\" rel=\"noopener\">discuss\u00e3o<\/a> Com o 92Q e profissionais de sa\u00fade mental sobre o estabelecimento de metas de sa\u00fade mental, o 211 e outros painelistas compartilharam a dificuldade de encontrar um terapeuta que seja uma pessoa n\u00e3o branca ou algu\u00e9m que o compreenda. Se voc\u00ea n\u00e3o se sentir confort\u00e1vel com a pessoa, pode se sentir menos inclinado a compartilhar tudo.<\/p>\n<p>No entanto, n\u00e3o espere para encontrar o terapeuta perfeito.<\/p>\n<p>Se voc\u00ea n\u00e3o conseguir marcar uma consulta com o seu terapeuta favorito, considere entrar na lista de espera e agendar uma consulta com outra pessoa. Comece a conversa com algu\u00e9m e, eventualmente, voc\u00ea chegar\u00e1 ao terapeuta com quem realmente se conecta.<\/p>\n<p>Al\u00e9m do desafio de conseguir uma consulta, pode ser uma tentativa e erro encontrar uma conex\u00e3o. Se voc\u00ea encontrar algu\u00e9m com quem n\u00e3o se conecta, est\u00e1 tudo bem. Procure outra pessoa.<\/p>\n<p>A 211 est\u00e1 sempre aqui para ajudar. Nossos programas s\u00e3o gratuitos e confidenciais, e conectam voc\u00ea a um profissional treinado, atencioso e compassivo.<\/p>\n<h3>Suporte de texto livre<\/h3>\n<p>MDMindHealth\/MDSaludMental oferece suporte por meio de mensagens de texto inspiradoras e motivacionais para adultos. Dispon\u00edvel em ingl\u00eas e espanhol.<\/p>\n<p>Ambos os programas est\u00e3o dispon\u00edveis quando voc\u00ea precisar deles.<\/p>\n<p>Voc\u00ea n\u00e3o est\u00e1 sozinho! Ajuda gratuita e confidencial est\u00e1 dispon\u00edvel.<\/p>\n\t\t\t<a href=\"https:\/\/211md.org\/pt\/about\/mensagens-de-texto\/md-mindhealth\/\" target=\"_blank\" rel=\"noopener\">\n\t\t\t\t\t\t\tSaber mais\n\t\t\t\t\t<\/a>\n\t<h3>Apoio \u00e0 sa\u00fade mental para jovens<\/h3>\n<p>Lembre-se de que a sa\u00fade mental pode ser diferente em crian\u00e7as, adolescentes e jovens adultos. Conhe\u00e7a os sinais de alerta e busque ajuda em programas de sa\u00fade mental espec\u00edficos para adolescentes em Maryland.<\/p>\n<p>O 211 oferece um sistema gratuito de mensagens de texto com foco em jovens. Adolescentes podem se inscrever no MDYoungMinds. Ele oferece mensagens de texto de apoio. Essas mensagens podem incluir recursos sobre depress\u00e3o, sa\u00fade mental de adolescentes e programas de apoio.<\/p>\n\t\t\t<a href=\"https:\/\/211md.org\/pt\/about\/mensagens-de-texto\/mentes-jovens\/\" target=\"_self\">\n\t\t\t\t\t\t\tSaiba mais sobre mdyoungminds\n\t\t\t\t\t<\/a>\n\t<p>Os adolescentes tamb\u00e9m podem se conectar com colegas que passaram por problemas de sa\u00fade mental ou traumas por meio do\u00a0<a href=\"https:\/\/www.mdcoalition.org\/who-we-help\/youth-helping-youth\/\" target=\"_blank\" rel=\"noopener\">Programa Voando<\/a>.<\/p>\n<p>Voc\u00ea tamb\u00e9m pode\u00a0<a href=\"https:\/\/www.childrensmentalhealthmatters.org\/files\/2021\/03\/CMHM-Family-Resource-Kit-2021.pdf\" target=\"_blank\" rel=\"noopener\">baixe o Kit de Recursos Familiares para Assuntos de Sa\u00fade Infantil<\/a>. \u00c9 um guia completo sobre sintomas e sinais de sa\u00fade mental, ao mesmo tempo que fornece op\u00e7\u00f5es de tratamento e suporte em Maryland.<\/p>\n\t\t\t\t<img decoding=\"async\" src=\"http:\/\/211md.org\/wp-content\/uploads\/2025\/09\/teenage-skateboarder-thinking.jpg\" alt=\"skatista adolescente pensando\" itemprop=\"image\" title=\"skatista adolescente pensando\" onerror=\"this.style.display='none'\" loading=\"lazy\" \/>\n<h2>Maneiras de melhorar a sa\u00fade mental<\/h2>\n<p>Al\u00e9m desses programas gratuitos e confidenciais, voc\u00ea pode apoiar sua sa\u00fade mental conversando com um adulto de confian\u00e7a. Pode ser um profissional treinado, pai, membro da fam\u00edlia, tutor, professor, conselheiro escolar ou m\u00e9dico, incluindo pediatras.<\/p>\n<p>Al\u00e9m de contar com a ajuda de profissionais, \u00e9 importante passar tempo com amigos e familiares e manter-se ativo, seguindo uma rotina regular de sono e comendo alimentos saud\u00e1veis.<\/p>\n<h3><strong>Evite o suic\u00eddio com aten\u00e7\u00e3o plena<\/strong><\/h3>\n<p>Voc\u00ea tamb\u00e9m pode tentar exerc\u00edcios mente-corpo, como aten\u00e7\u00e3o plena, para ajud\u00e1-lo a buscar apoio e ajuda quando estiver tendo pensamentos suicidas ou se sentindo deprimido. Estes s\u00e3o v\u00eddeos instrutivos de mindfulness de\u00a0<a href=\"https:\/\/nowmattersnow.org\/skill\/mindfulness\" target=\"_blank\" rel=\"noopener\">Agora importa agora<\/a>, uma cole\u00e7\u00e3o de recursos focados na preven\u00e7\u00e3o do suic\u00eddio com pesquisa, recursos e relatos em primeira m\u00e3o de pensamentos suicidas.<\/p>\n<p>Now Matters Now fornece habilidades de aten\u00e7\u00e3o plena e destaca que a pr\u00e1tica de aten\u00e7\u00e3o plena \u00e9 \u201cseu pior inimigo\u201d quando voc\u00ea tem pensamentos suicidas.<\/p>\n<p>Lembre-se de que o apoio individual \u00e0 sa\u00fade mental tamb\u00e9m est\u00e1 sempre dispon\u00edvel ligando ou enviando uma mensagem de texto para 988.<\/p>\n\t\t<iframe loading=\"lazy\" src=\"https:\/\/player.vimeo.com\/video\/101372253?h=961480ee68&#038;title=0&#038;byline=0\" width=\"640\" height=\"360\" frameborder=\"0\" allow=\"autoplay; fullscreen; picture-in-picture\" allowfullscreen><\/iframe>\t\n<h2>\n\t\t\tInforma\u00e7\u00e3o relacionada\t<\/h2>\n\t\t<h4><a href=\"\/pt\/recursos\/envelhecimento-incapacidade\/\" target=\"_self\">Envelhecimento e Defici\u00eancia<\/a><\/h4>\n\t\t\t\t<a href=\"\/pt\/recursos\/envelhecimento-incapacidade\/\"  target=\"_self\" itemprop=\"url\">\n\t\t\t\t<img decoding=\"async\" src=\"https:\/\/211md.org\/wp-content\/uploads\/bb-plugin\/cache\/2025_MdInfoNet_Icon-Sets_Aging-disability-square-c466727102cae71e5f27b8539bb51945-.png\" alt=\"2025_MdInfoNet_Conjuntos de \u00edcones_Envelhecimento-defici\u00eancia\" itemprop=\"image\" title=\"2025_MdInfoNet_Conjuntos de \u00edcones_Envelhecimento-defici\u00eancia\" onerror=\"this.style.display='none'\" loading=\"lazy\" \/>\n\t\t\t\t<\/a>\n\t\t<h4><a href=\"https:\/\/211md.org\/pt\/recursos\/criancas-familias\/\" target=\"_blank\" rel=\"noopener\">Crian\u00e7as e Fam\u00edlias<\/a><\/h4>\n\t\t\t\t<a href=\"https:\/\/211md.org\/pt\/recursos\/criancas-familias\/\" target=\"_blank\" rel=\"noopener\" itemprop=\"url\">\n\t\t\t\t<img decoding=\"async\" src=\"https:\/\/211md.org\/wp-content\/uploads\/bb-plugin\/cache\/2025_211_Icon-Sets_Child-care-square-a8953c7678f51ed443764342b64ee948-.png\" alt=\"2025_211_Conjuntos de \u00edcones_Cuidados infantis\" itemprop=\"image\" title=\"2025_211_Conjuntos de \u00edcones_Cuidados infantis\" onerror=\"this.style.display='none'\" loading=\"lazy\" \/>\n\t\t\t\t<\/a>\n\t\t<h4><a href=\"\/pt\/recursos\/violencia-domestica-familiar\/\" target=\"_self\">Viol\u00eancia dom\u00e9stica<\/a><\/h4>\n\t\t\t\t<a href=\"\/pt\/recursos\/violencia-domestica-familiar\/\"  target=\"_self\" itemprop=\"url\">\n\t\t\t\t<img decoding=\"async\" src=\"https:\/\/211md.org\/wp-content\/uploads\/bb-plugin\/cache\/2025_211_Icon-Sets_Domestic-Violence-square-e6e48b12d9d44dadd394e0d40debfd96-.png\" alt=\"\u00cdcone de viol\u00eancia dom\u00e9stica\" itemprop=\"image\" title=\"2025_211_Conjuntos de \u00edcones_Viol\u00eancia dom\u00e9stica\" onerror=\"this.style.display='none'\" loading=\"lazy\" \/>\n\t\t\t\t<\/a>\n\t\t<h4><a href=\"\/pt\/recursos\/procura-de-emprego\/\" target=\"_self\">Emprego<\/a><\/h4>\n\t\t\t\t<a href=\"\/pt\/recursos\/procura-de-emprego\/\"  target=\"_self\" itemprop=\"url\">\n\t\t\t\t<img decoding=\"async\" src=\"https:\/\/211md.org\/wp-content\/uploads\/bb-plugin\/cache\/2025_MdInfoNet_Icon-Sets_Employment-square-44707bd410e4df10a470bf130ebcea86-.png\" alt=\"2025_MdInfoNet_Conjuntos de \u00edcones_Emprego\" itemprop=\"image\" title=\"2025_MdInfoNet_Conjuntos de \u00edcones_Emprego\" onerror=\"this.style.display='none'\" loading=\"lazy\" \/>\n\t\t\t\t<\/a>\n\t\t<h4><a href=\"\/pt\/recursos\/cuidados-de-saude\/\" target=\"_self\">Cuidados de sa\u00fade<\/a><\/h4>\n\t\t\t\t<a href=\"\/pt\/recursos\/cuidados-de-saude\/\"  target=\"_self\" itemprop=\"url\">\n\t\t\t\t<img decoding=\"async\" src=\"https:\/\/211md.org\/wp-content\/uploads\/bb-plugin\/cache\/2025_MdInfoNet_Icon-Sets_Health-Care-square-dee98a0060cbe0e7f27eda253fc12679-.png\" alt=\"2025_MdInfoNet_Conjuntos de \u00edcones_Cuidados de sa\u00fade\" itemprop=\"image\" title=\"2025_MdInfoNet_Conjuntos de \u00edcones_Cuidados de sa\u00fade\" onerror=\"this.style.display='none'\" loading=\"lazy\" \/>\n\t\t\t\t<\/a>\n\t\t<h4><a href=\"\/pt\/recursos\/criancas-familias\/cuidados-de-parentesco\/\" target=\"_self\">Parentesco<\/a><\/h4>\n\t\t\t\t<a href=\"\/pt\/recursos\/criancas-familias\/cuidados-de-parentesco\/\"  target=\"_self\" itemprop=\"url\">\n\t\t\t\t<img decoding=\"async\" src=\"https:\/\/211md.org\/wp-content\/uploads\/bb-plugin\/cache\/2025_211_Icon-Sets_Kinship-square-21d4c353354c53c083c80118abb066f2-.png\" alt=\"\u00cdcone de parentesco\" itemprop=\"image\" title=\"2025_211_Conjuntos de \u00edcones_Parentesco\" onerror=\"this.style.display='none'\" loading=\"lazy\" \/>\n\t\t\t\t<\/a>\n\t\t<h4><a href=\"\/pt\/recursos\/servicos-legais\/\" target=\"_self\">Servi\u00e7os legais<\/a><\/h4>\n\t\t\t\t<a href=\"\/pt\/recursos\/servicos-legais\/\"  target=\"_self\" itemprop=\"url\">\n\t\t\t\t<img decoding=\"async\" src=\"https:\/\/211md.org\/wp-content\/uploads\/bb-plugin\/cache\/2025_MdInfoNet_Icon-Sets_Legal-square-18fdf438feb8435588174d9046463257-.png\" alt=\"2025_MdInfoNet_Conjuntos de \u00edcones_Legal\" itemprop=\"image\" title=\"2025_MdInfoNet_Conjuntos de \u00edcones_Legal\" onerror=\"this.style.display='none'\" loading=\"lazy\" \/>\n\t\t\t\t<\/a>\n\t\t<h4><a href=\"\/pt\/recursos\/saude-mental\/\" target=\"_self\">Sa\u00fade mental<\/a><\/h4>\n\t\t\t\t<a href=\"\/pt\/recursos\/saude-mental\/\"  target=\"_self\" itemprop=\"url\">\n\t\t\t\t<img decoding=\"async\" src=\"https:\/\/211md.org\/wp-content\/uploads\/bb-plugin\/cache\/2025_MdInfoNet_Icon-Sets_Mental-Health-square-c59b38c4a993a947d4c9280fbe2d2fee-.png\" alt=\"2025_MdInfoNet_Conjuntos de \u00edcones_Sa\u00fade mental\" itemprop=\"image\" title=\"2025_MdInfoNet_Conjuntos de \u00edcones_Sa\u00fade mental\" onerror=\"this.style.display='none'\" loading=\"lazy\" \/>\n\t\t\t\t<\/a>\n\t\t<h4><a href=\"\/pt\/recursos\/mdreentry\/\" target=\"_self\">Reentrada<\/a><\/h4>\n\t\t\t\t<a href=\"\/pt\/recursos\/mdreentry\/\"  target=\"_self\" itemprop=\"url\">\n\t\t\t\t<img decoding=\"async\" src=\"https:\/\/211md.org\/wp-content\/uploads\/bb-plugin\/cache\/2025_211_Icon-Sets_Reentry-square-f36b65d903a62fd4c3819ff05988ca60-.png\" alt=\"\u00cdcone de reentrada\" itemprop=\"image\" title=\"2025_211_Conjuntos de \u00edcones_Reentrada\" onerror=\"this.style.display='none'\" loading=\"lazy\" \/>\n\t\t\t\t<\/a>\n\t\t<h4><a href=\"\/pt\/recursos\/uso-de-substancias\/\" target=\"_self\">Uso de subst\u00e2ncias<\/a><\/h4>\n\t\t\t\t<a href=\"\/pt\/recursos\/uso-de-substancias\/\"  target=\"_self\" itemprop=\"url\">\n\t\t\t\t<img decoding=\"async\" src=\"https:\/\/211md.org\/wp-content\/uploads\/bb-plugin\/cache\/2025_MdInfoNet_Icon-Sets_Substance-Abuse-square-9022fec9d18a64118ad685c101885b55-.png\" alt=\"2025_MdInfoNet_Conjuntos de \u00edcones_Abuso de subst\u00e2ncias\" itemprop=\"image\" title=\"2025_MdInfoNet_Conjuntos de \u00edcones_Abuso de subst\u00e2ncias\" onerror=\"this.style.display='none'\" loading=\"lazy\" \/>\n\t\t\t\t<\/a>\n\t\t<h4><a href=\"\/pt\/recursos\/veteranos\/\" target=\"_self\">veteranos<\/a><\/h4>\n\t\t\t\t<a href=\"\/pt\/recursos\/veteranos\/\"  target=\"_self\" itemprop=\"url\">\n\t\t\t\t<img decoding=\"async\" src=\"https:\/\/211md.org\/wp-content\/uploads\/bb-plugin\/cache\/2025_MdInfoNet_Icon-Sets_Rating-square-6e60d00cce4faa8e0a6d4ad7366aa733-.png\" alt=\"2025_MdInfoNet_Conjuntos de \u00edcones_Classifica\u00e7\u00e3o\" itemprop=\"image\" title=\"2025_MdInfoNet_Conjuntos de \u00edcones_Classifica\u00e7\u00e3o\" onerror=\"this.style.display='none'\" loading=\"lazy\" \/>\n\t\t\t\t<\/a>","protected":false},"excerpt":{"rendered":"<p>T\u00edtulo da p\u00e1gina padr\u00e3o Como voc\u00ea est\u00e1 se sentindo? Seja honesto consigo mesmo. Voc\u00ea se sente &quot;para baixo&quot;, desanimado ou triste \u00e0s vezes? \u00c9 normal sentir uma variedade de emo\u00e7\u00f5es, mas quando esses sentimentos afetam sua vida di\u00e1ria, podem ser um sinal de uma condi\u00e7\u00e3o mais grave, conhecida como depress\u00e3o. Aprenda sobre os sinais de alerta e como...<\/p>","protected":false},"author":8,"featured_media":3766,"parent":836,"menu_order":0,"comment_status":"closed","ping_status":"closed","template":"","meta":{"footnotes":""},"class_list":["post-1133","page","type-page","status-publish","has-post-thumbnail","hentry"],"_links":{"self":[{"href":"https:\/\/211md.org\/pt\/wp-json\/wp\/v2\/pages\/1133","targetHints":{"allow":["GET"]}}],"collection":[{"href":"https:\/\/211md.org\/pt\/wp-json\/wp\/v2\/pages"}],"about":[{"href":"https:\/\/211md.org\/pt\/wp-json\/wp\/v2\/types\/page"}],"author":[{"embeddable":true,"href":"https:\/\/211md.org\/pt\/wp-json\/wp\/v2\/users\/8"}],"replies":[{"embeddable":true,"href":"https:\/\/211md.org\/pt\/wp-json\/wp\/v2\/comments?post=1133"}],"version-history":[{"count":9,"href":"https:\/\/211md.org\/pt\/wp-json\/wp\/v2\/pages\/1133\/revisions"}],"predecessor-version":[{"id":33830,"href":"https:\/\/211md.org\/pt\/wp-json\/wp\/v2\/pages\/1133\/revisions\/33830"}],"up":[{"embeddable":true,"href":"https:\/\/211md.org\/pt\/wp-json\/wp\/v2\/pages\/836"}],"wp:featuredmedia":[{"embeddable":true,"href":"https:\/\/211md.org\/pt\/wp-json\/wp\/v2\/media\/3766"}],"wp:attachment":[{"href":"https:\/\/211md.org\/pt\/wp-json\/wp\/v2\/media?parent=1133"}],"curies":[{"name":"wp","href":"https:\/\/api.w.org\/{rel}","templated":true}]}}