{"id":1142,"date":"2021-04-19T17:38:06","date_gmt":"2021-04-19T17:38:06","guid":{"rendered":"https:\/\/211md.org\/?page_id=1142"},"modified":"2026-04-28T17:45:00","modified_gmt":"2026-04-28T21:45:00","slug":"preparacao-para-desastres","status":"publish","type":"page","link":"https:\/\/211md.org\/pt\/disaster-preparedness\/","title":{"rendered":"Prepara\u00e7\u00e3o para Desastres"},"content":{"rendered":"<p>Se voc\u00ea estiver em perigo imediato, ligue para 9-1-1.<\/p>\n<p>2-1-1 pode ajud\u00e1-lo a encontrar recursos para se preparar para desastres. <a href=\"https:\/\/search.211md.org\/\" target=\"_blank\" rel=\"noopener\">Pesquise no banco de dados 2-1-1<\/a> para encontrar recursos para prepara\u00e7\u00e3o para desastres ou assist\u00eancia em caso de desastres. Voc\u00ea pode pesquisar coisas como servi\u00e7os de alimenta\u00e7\u00e3o p\u00f3s-desastre, transporte, doa\u00e7\u00f5es, empr\u00e9stimos para desastres, doa\u00e7\u00f5es em dinheiro, organiza\u00e7\u00f5es de recupera\u00e7\u00e3o e muito mais.<\/p>\n<p>O 211 tamb\u00e9m possui o MdReady\/MdListo, um programa de mensagens de texto em ingl\u00eas e espanhol com o Departamento de Gerenciamento de Emerg\u00eancias de Maryland, para alert\u00e1-lo antes, durante e depois de uma crise. <a href=\"https:\/\/211md.org\/pt\/about\/mensagens-de-texto\/estou-com-medo\/\">Qualquer pessoa pode se inscrever para alertas MdReady\/MdListo<\/a>.<\/p>\n<p>Conhe\u00e7a as amea\u00e7as:<\/p>\n<ul>\n<li><a href=\"https:\/\/mdready.maryland.gov\/know-the-threats\/Pages\/COVID-19.aspx\" target=\"_blank\" rel=\"noopener\">COVID-19<\/a><\/li>\n<li><a href=\"https:\/\/mdready.maryland.gov\/know-the-threats\/Pages\/floods.aspx\" target=\"_blank\" rel=\"noopener\">Inunda\u00e7\u00f5es<\/a><\/li>\n<li><a href=\"https:\/\/mdready.maryland.gov\/know-the-threats\/Pages\/heat-drought.aspx\" target=\"_blank\" rel=\"noopener\">Calor e seca<\/a><\/li>\n<li><a href=\"https:\/\/mdready.maryland.gov\/know-the-threats\/Pages\/hurricanes.aspx\" target=\"_blank\" rel=\"noopener\">furac\u00f5es<\/a><\/li>\n<li><a href=\"https:\/\/mdready.maryland.gov\/know-the-threats\/Pages\/thunder-and-lightning.aspx\" target=\"_blank\" rel=\"noopener\">Trov\u00e3o e rel\u00e2mpago<\/a><\/li>\n<li><a href=\"https:\/\/mdready.maryland.gov\/know-the-threats\/Pages\/winter-storms.aspx\" target=\"_blank\" rel=\"noopener\">Tempestades de inverno<\/a> (<a href=\"https:\/\/health.maryland.gov\/preparedness\/Pages\/resources_cold.aspx\" target=\"_blank\" rel=\"noopener\">frio extremo<\/a>)<\/li>\n<li><a href=\"https:\/\/mdready.maryland.gov\/know-the-threats\/Pages\/tornadoes.aspx\" target=\"_blank\" rel=\"noopener\">Tornados<\/a><\/li>\n<li><a href=\"https:\/\/mdready.maryland.gov\/know-the-threats\/Pages\/earthquakes.aspx\" target=\"_blank\" rel=\"noopener\">Terremotos<\/a><\/li>\n<li><a href=\"https:\/\/mdready.maryland.gov\/know-the-threats\/technology-disasters\/Pages\/default.aspx\" target=\"_blank\" rel=\"noopener\">Desastres tecnol\u00f3gicos<\/a><\/li>\n<li><a href=\"https:\/\/mdready.maryland.gov\/know-the-threats\/Pages\/landslides-and-mudslides.aspx\" target=\"_blank\" rel=\"noopener\">Deslizamentos de terra e deslizamentos de terra<\/a><\/li>\n<li><a href=\"https:\/\/mdready.maryland.gov\/know-the-threats\/Pages\/public-health-events.aspx\" target=\"_blank\" rel=\"noopener\">Eventos de sa\u00fade p\u00fablica<\/a><\/li>\n<li><a href=\"https:\/\/mdready.maryland.gov\/know-the-threats\/Pages\/wildfires.aspx\" target=\"_blank\" rel=\"noopener\">inc\u00eandios florestais<\/a><\/li>\n<li><a href=\"https:\/\/mdready.maryland.gov\/know-the-threats\/Pages\/Terrorism.aspx\" target=\"_blank\" rel=\"noopener\">Terrorismo&nbsp;<\/a><\/li>\n<\/ul>\n<p>Para acessar dicas e informa\u00e7\u00f5es de prepara\u00e7\u00e3o, instale o aplicativo da Web MdReady visitando&nbsp;<a href=\"http:\/\/mdready.maryland.gov\/\" target=\"_blank\" rel=\"noopener\">MdReady.Maryland.gov<\/a>&nbsp;no navegador da web do seu dispositivo m\u00f3vel. Para receber alertas de texto, dicas e recursos relacionados a amea\u00e7as e perigos que podem afetar Maryland, envie uma mensagem de texto \u201cMdReady\u201d para 211-631 ou \u201cMdListo\u201d para receber textos em espanhol.<\/p>\n<h2>Papel do 211 durante desastres<\/h2>\n<p>Se voc\u00ea foi afetado por um desastre, pode ligar para 2-1-1 para encontrar informa\u00e7\u00f5es e recursos atualizados relacionados a desastres em sua comunidade.<\/p>\n<p>211MD fornece controle de rumores e oferece informa\u00e7\u00f5es atualizadas sobre recursos relacionados a desastres em constante mudan\u00e7a. Estabelecemos contatos para obter as informa\u00e7\u00f5es mais recentes sobre planos de evacua\u00e7\u00e3o, abrigos tempor\u00e1rios, locais de alimenta\u00e7\u00e3o, caminh\u00f5es-pipa, atendimento m\u00e9dico, etc. Tamb\u00e9m podemos fornecer informa\u00e7\u00f5es sobre quais provedores de servi\u00e7os locais ainda podem oferecer seus servi\u00e7os t\u00edpicos.<\/p>\n<p>Fornecer essas informa\u00e7\u00f5es essenciais pode liberar os socorristas para fazer o trabalho que eles s\u00e3o mais adequados para a comunidade. Tentamos descomplicar o sistema 911, deixando-o livre para emerg\u00eancias reais.<\/p>","protected":false},"excerpt":{"rendered":"<p>Se voc\u00ea estiver em perigo imediato, ligue para 9-1-1. O 2-1-1 pode ajud\u00e1-lo a encontrar recursos para se preparar para desastres. Pesquise no banco de dados 2-1-1 para encontrar recursos para Prepara\u00e7\u00e3o para Desastres ou Assist\u00eancia em Desastres. Voc\u00ea pode pesquisar itens como servi\u00e7os de alimenta\u00e7\u00e3o p\u00f3s-desastre, transporte, doa\u00e7\u00f5es, empr\u00e9stimos para desastres, doa\u00e7\u00f5es em dinheiro, organiza\u00e7\u00f5es de recupera\u00e7\u00e3o e muito mais. 211 tamb\u00e9m possui MdReady\/MdListo,\u2026<\/p>","protected":false},"author":8,"featured_media":0,"parent":0,"menu_order":0,"comment_status":"closed","ping_status":"closed","template":"","meta":{"footnotes":""},"class_list":["post-1142","page","type-page","status-publish","hentry"],"_links":{"self":[{"href":"https:\/\/211md.org\/pt\/wp-json\/wp\/v2\/pages\/1142","targetHints":{"allow":["GET"]}}],"collection":[{"href":"https:\/\/211md.org\/pt\/wp-json\/wp\/v2\/pages"}],"about":[{"href":"https:\/\/211md.org\/pt\/wp-json\/wp\/v2\/types\/page"}],"author":[{"embeddable":true,"href":"https:\/\/211md.org\/pt\/wp-json\/wp\/v2\/users\/8"}],"replies":[{"embeddable":true,"href":"https:\/\/211md.org\/pt\/wp-json\/wp\/v2\/comments?post=1142"}],"version-history":[{"count":1,"href":"https:\/\/211md.org\/pt\/wp-json\/wp\/v2\/pages\/1142\/revisions"}],"predecessor-version":[{"id":34615,"href":"https:\/\/211md.org\/pt\/wp-json\/wp\/v2\/pages\/1142\/revisions\/34615"}],"wp:attachment":[{"href":"https:\/\/211md.org\/pt\/wp-json\/wp\/v2\/media?parent=1142"}],"curies":[{"name":"wp","href":"https:\/\/api.w.org\/{rel}","templated":true}]}}