{"id":1143,"date":"2021-04-19T17:49:39","date_gmt":"2021-04-19T17:49:39","guid":{"rendered":"https:\/\/211md.org\/?page_id=1143"},"modified":"2024-12-10T09:08:43","modified_gmt":"2024-12-10T14:08:43","slug":"podcast","status":"publish","type":"page","link":"https:\/\/211md.org\/pt\/podcast\/","title":{"rendered":"Podcast"},"content":{"rendered":"<h2>\n\t\tPodcasts com 211 Maryland\n\t<\/h2>\n\t<p>Ou\u00e7a o podcast What&#039;s the 211? ou podcast onde 211 Maryland \u00e9 convidado.<\/p>\n<p>Saiba mais sobre 211 programas e servi\u00e7os de Maryland e os programas oferecidos por parceiros da comunidade.<\/p>\n<h2>\n\t\tEpis\u00f3dios\n\t<\/h2>\n<h2>\n\t\tBaixe este Podcast\n\t<\/h2>\n\t\t\t\t<a href=\"https:\/\/apps.apple.com\/app\/apple-store\/id973361050\" target=\"_blank\" rel=\"noopener\" itemprop=\"url\">\n\t\t\t\t<img loading=\"lazy\" decoding=\"async\" src=\"https:\/\/211md.org\/wp-content\/uploads\/2022\/11\/app-store-download.png\" alt=\"app-store-download\" itemprop=\"image\" height=\"414\" width=\"1200\" title=\"app-store-download\" onerror=\"this.style.display='none'\"  \/>\n\t\t\t\t<\/a>\n\t\t\t\t<a href=\"https:\/\/play.google.com\/store\/apps\/details?id=com.podbean.app.podcast&#038;referrer=utm_source%3Dpodbean_web%26utm_campaign%3Dpb_usersite\" target=\"_blank\" rel=\"noopener\" itemprop=\"url\">\n\t\t\t\t<img loading=\"lazy\" decoding=\"async\" src=\"https:\/\/211md.org\/wp-content\/uploads\/2022\/11\/get-it-on-google-play.png\" alt=\"obt\u00ea-lo no Google Play\" itemprop=\"image\" height=\"250\" width=\"646\" title=\"obt\u00ea-lo no Google Play\" onerror=\"this.style.display='none'\"  \/>\n\t\t\t\t<\/a>\n<h2>Informa\u00e7\u00e3o relacionada<\/h2>\n<p><a title=\"Podcast: O que \u00e9 o 211? \" href=\"\/pt\/podcast\/\">Podcast: O que \u00e9 o 211?<\/a><\/p>\n<p><a href=\"\/pt\/podcast\/nami-podcast\/\" rel=\"noopener\">Podcast NAMI<\/a><\/p>\n<p><a title=\"211 kit de ferramentas de Maryland\" href=\"\/pt\/kit-de-ferramentas-de-marketing\/\">211 kit de ferramentas de Maryland<\/a><\/p>\n<p><a title=\"Campanha de educa\u00e7\u00e3o sobre opioides &quot;Stop the Stigma&quot;\" href=\"\/pt\/acabar-com-o-estigma\/\">Campanha de educa\u00e7\u00e3o sobre opioides \u201cStop the Stigma\u201d<\/a><\/p>","protected":false},"excerpt":{"rendered":"<p>Podcasts Apresentando 211 Maryland Ou\u00e7a o podcast What&#039;s the 211? ou podcast onde 211 Maryland \u00e9 um convidado. Saiba mais sobre os programas e servi\u00e7os de 211 Maryland e os programas oferecidos por parceiros da comunidade. Epis\u00f3dios Baixe este podcast Informa\u00e7\u00f5es relacionadas Podcast: What&#039;s The 211? Podcast NAMI Kit de ferramentas 211 Maryland \u201cPare o estigma\u201d Campanha de educa\u00e7\u00e3o sobre opioides<\/p>","protected":false},"author":8,"featured_media":2104,"parent":0,"menu_order":0,"comment_status":"closed","ping_status":"closed","template":"","meta":{"footnotes":""},"class_list":["post-1143","page","type-page","status-publish","has-post-thumbnail","hentry"],"_links":{"self":[{"href":"https:\/\/211md.org\/pt\/wp-json\/wp\/v2\/pages\/1143","targetHints":{"allow":["GET"]}}],"collection":[{"href":"https:\/\/211md.org\/pt\/wp-json\/wp\/v2\/pages"}],"about":[{"href":"https:\/\/211md.org\/pt\/wp-json\/wp\/v2\/types\/page"}],"author":[{"embeddable":true,"href":"https:\/\/211md.org\/pt\/wp-json\/wp\/v2\/users\/8"}],"replies":[{"embeddable":true,"href":"https:\/\/211md.org\/pt\/wp-json\/wp\/v2\/comments?post=1143"}],"version-history":[{"count":0,"href":"https:\/\/211md.org\/pt\/wp-json\/wp\/v2\/pages\/1143\/revisions"}],"wp:featuredmedia":[{"embeddable":true,"href":"https:\/\/211md.org\/pt\/wp-json\/wp\/v2\/media\/2104"}],"wp:attachment":[{"href":"https:\/\/211md.org\/pt\/wp-json\/wp\/v2\/media?parent=1143"}],"curies":[{"name":"wp","href":"https:\/\/api.w.org\/{rel}","templated":true}]}}