{"id":1168,"date":"2021-04-19T21:42:40","date_gmt":"2021-04-19T21:42:40","guid":{"rendered":"https:\/\/211md.org\/?page_id=1168"},"modified":"2025-10-03T16:21:59","modified_gmt":"2025-10-03T20:21:59","slug":"pensao-alimenticia","status":"publish","type":"page","link":"https:\/\/211md.org\/pt\/resources\/legal-services\/child-support\/","title":{"rendered":"Pens\u00e3o aliment\u00edcia"},"content":{"rendered":"<p>Em Maryland, ambos os pais t\u00eam o dever legal de sustentar seus filhos com base em sua capacidade de fornecer esse sustento.<\/p>\n<h3><b>Calculadora de pens\u00e3o aliment\u00edcia\u00a0<\/b><\/h3>\n<p>As diretrizes de pens\u00e3o aliment\u00edcia de Maryland baseiam a pens\u00e3o aliment\u00edcia em uma propor\u00e7\u00e3o da renda bruta de cada pai.<\/p>\n<p>O Departamento de Recursos Humanos tem um\u00a0<a href=\"https:\/\/mydhrbenefits.dhr.state.md.us\/dashboardclient\/#\/csocDisclaimer\" target=\"_blank\" rel=\"noopener\">calculadora de pens\u00e3o aliment\u00edcia gratuita<\/a>\u00a0para ajudar a estimar o valor da pens\u00e3o aliment\u00edcia que um tribunal pode aprovar.<\/p>\n<p>&nbsp;<\/p>\n<h3><b>Ajuda Jur\u00eddica\u00a0<\/b><\/h3>\n<p>o\u00a0<a href=\"https:\/\/peoples-law.org\/\" target=\"_blank\" rel=\"noopener\">Biblioteca de Direito Popular de Maryland<\/a>\u00a0tamb\u00e9m fornece um\u00a0<a href=\"https:\/\/peoples-law.org\/node\/258\" target=\"_blank\" rel=\"noopener\">vis\u00e3o geral legal da lei de pens\u00e3o aliment\u00edcia em Maryland<\/a>.<\/p>\n<p>Se voc\u00ea precisar alterar um pedido que j\u00e1 est\u00e1 em vigor,\u00a0<a href=\"https:\/\/mvlslaw.org\/wp-content\/uploads\/2021\/03\/Child-Support.pdf\" target=\"_blank\" rel=\"noopener\">Servi\u00e7o de advogados volunt\u00e1rios de Maryland<\/a> fornece informa\u00e7\u00f5es gerais sobre o processo de pens\u00e3o aliment\u00edcia.<\/p>\n<p>Para falar com um advogado sobre sua situa\u00e7\u00e3o, ligue para a Linha Direta de Direito de Fam\u00edlia no n\u00famero 1-800-845-8550.<\/p>\n<p>Se voc\u00ea precisa de um advogado Pro Bono ou de baixo custo,\u00a0<a href=\"https:\/\/search.211md.org\/search?query=FT-3200&amp;query_type=taxonomy&amp;query_label=&amp;query_language=en\" target=\"_blank\" rel=\"noopener\">voc\u00ea pode encontrar organiza\u00e7\u00f5es que oferecem servi\u00e7os jur\u00eddicos no banco de dados 211<\/a>. Pode haver requisitos de elegibilidade de renda, geogr\u00e1ficos e de tipo de caso.<\/p>\n<p>Para mais informa\u00e7\u00f5es sobre esses programas, ligue para 211.<\/p>\n\t\t\t\t<img decoding=\"async\" src=\"https:\/\/211md.org\/wp-content\/uploads\/2021\/05\/Children-With-Rainbow.png\" alt=\"Duas crian\u00e7as olhando pela janela com um arco-\u00edris pintado na janela acima delas\" itemprop=\"image\" height=\"348\" width=\"460\" title=\"Crian\u00e7as com arco-\u00edris\" onerror=\"this.style.display='none'\" loading=\"lazy\" \/>\n<h2>Informa\u00e7\u00e3o relacionada<\/h2>\n<a href=\"https:\/\/211md.org\/pt\/recursos\/servicos-legais\/\">Ajuda Jur\u00eddica<\/a>\n<p><a href=\"https:\/\/211md.org\/pt\/recursos\/servicos-legais\/direitos-dos-inquilinos\/\">Disputas entre propriet\u00e1rios<\/a><\/p>\n<a href=\"https:\/\/211md.org\/pt\/recursos\/criancas-familias\/\">Apoio a Crian\u00e7as e Fam\u00edlias<\/a>","protected":false},"excerpt":{"rendered":"<p>Em Maryland, ambos os pais t\u00eam o dever legal de apoiar o filho com base na sua capacidade de fornecer esse apoio. Calculadora de pens\u00e3o aliment\u00edcia As diretrizes de pens\u00e3o aliment\u00edcia de Maryland baseiam a pens\u00e3o aliment\u00edcia em uma propor\u00e7\u00e3o da renda bruta de cada pai. O Departamento de Recursos Humanos tem uma calculadora gratuita de pens\u00e3o aliment\u00edcia para ajudar a estimar o valor da pens\u00e3o aliment\u00edcia\u2026<\/p>","protected":false},"author":8,"featured_media":1905,"parent":928,"menu_order":0,"comment_status":"closed","ping_status":"closed","template":"","meta":{"footnotes":""},"class_list":["post-1168","page","type-page","status-publish","has-post-thumbnail","hentry"],"_links":{"self":[{"href":"https:\/\/211md.org\/pt\/wp-json\/wp\/v2\/pages\/1168","targetHints":{"allow":["GET"]}}],"collection":[{"href":"https:\/\/211md.org\/pt\/wp-json\/wp\/v2\/pages"}],"about":[{"href":"https:\/\/211md.org\/pt\/wp-json\/wp\/v2\/types\/page"}],"author":[{"embeddable":true,"href":"https:\/\/211md.org\/pt\/wp-json\/wp\/v2\/users\/8"}],"replies":[{"embeddable":true,"href":"https:\/\/211md.org\/pt\/wp-json\/wp\/v2\/comments?post=1168"}],"version-history":[{"count":3,"href":"https:\/\/211md.org\/pt\/wp-json\/wp\/v2\/pages\/1168\/revisions"}],"predecessor-version":[{"id":33887,"href":"https:\/\/211md.org\/pt\/wp-json\/wp\/v2\/pages\/1168\/revisions\/33887"}],"up":[{"embeddable":true,"href":"https:\/\/211md.org\/pt\/wp-json\/wp\/v2\/pages\/928"}],"wp:featuredmedia":[{"embeddable":true,"href":"https:\/\/211md.org\/pt\/wp-json\/wp\/v2\/media\/1905"}],"wp:attachment":[{"href":"https:\/\/211md.org\/pt\/wp-json\/wp\/v2\/media?parent=1168"}],"curies":[{"name":"wp","href":"https:\/\/api.w.org\/{rel}","templated":true}]}}