{"id":1176,"date":"2021-04-19T22:49:37","date_gmt":"2021-04-19T22:49:37","guid":{"rendered":"https:\/\/211md.org\/?page_id=1176"},"modified":"2025-05-01T10:01:31","modified_gmt":"2025-05-01T14:01:31","slug":"md-esperanca","status":"publish","type":"page","link":"https:\/\/211md.org\/pt\/about\/text-messages\/md-hope\/","title":{"rendered":"MDHope: suporte a mensagens de texto relacionadas a opioides"},"content":{"rendered":"<h2><strong>O que \u00e9 MDHope?<\/strong><\/h2>\n<p>MDHope \u00e9 um novo programa de mensagens de texto sobre opioides que conecta fam\u00edlias de Maryland com recursos essenciais relacionados a opioides, incluindo provedores de tratamento, descarte seguro de medicamentos e mensagens de apoio. Indiv\u00edduos, familiares, amigos e profissionais podem usar o programa de mensagens de texto para receber informa\u00e7\u00f5es sob demanda. Afirma\u00e7\u00f5es cont\u00ednuas de apoio tamb\u00e9m s\u00e3o oferecidas para apoiar um indiv\u00edduo no caminho da recupera\u00e7\u00e3o.<\/p>\n<p><strong>Envie MDHope para 898-211<\/strong><\/p>\n<p><em>211 Maryland oferece programas de alerta de mensagem de texto que fornecem informa\u00e7\u00f5es de recursos espec\u00edficos da regi\u00e3o ou fornecem alertas de desastres. Envie STOP para o mesmo n\u00famero para cancelar a assinatura. Termos completos de SMS em <a href=\"https:\/\/211md.org\/pt\/sms\/\">https:\/\/211md.org\/sms\/<\/a> tamb\u00e9m se aplicar\u00e1.<\/em><\/p>\n<h3>Como o MDHope ajuda no uso de opioides<\/h3>\n<p>Ao enviar uma mensagem de texto MDHope para 898-211, ser\u00e3o feitas perguntas ao indiv\u00edduo para orient\u00e1-lo sobre os melhores recursos para uma determinada situa\u00e7\u00e3o.<\/p>\n<p>As informa\u00e7\u00f5es s\u00e3o oferecidas a qualquer pessoa em Maryland com preocupa\u00e7\u00f5es sobre o uso de opioides, incluindo familiares, amigos, profissionais e prestadores de servi\u00e7os.<\/p>\n<p>As mensagens de texto podem incluir:<\/p>\n<ul>\n<li>Informa\u00e7\u00f5es sobre medica\u00e7\u00e3o de revers\u00e3o de overdose.<\/li>\n<li>Dicas de preven\u00e7\u00e3o de overdose.<\/li>\n<li>Informa\u00e7\u00f5es gerais sobre o uso de opioides.<\/li>\n<li>Op\u00e7\u00f5es de tratamento.<\/li>\n<li>Sinais de overdose.<\/li>\n<li>Descarte seguro de medicamentos prescritos.<\/li>\n<li>Apoio quinzenal e afirma\u00e7\u00f5es.<\/li>\n<\/ul>\n<p>O indiv\u00edduo pode falar imediatamente com um profissional treinado a qualquer momento, ligando para 988. Voc\u00ea falar\u00e1 com o Suicide &amp; Crisis Lifeline, que oferece suporte para sa\u00fade mental e uso de subst\u00e2ncias. <a href=\"https:\/\/health.maryland.gov\/bha\/Pages\/988md.aspx\" target=\"_blank\" rel=\"noopener\">Saiba mais sobre 988 em Maryland<\/a>.<\/p>\n<p>Voc\u00ea pode aprender sobre as outras maneiras pelas quais o 211 Maryland est\u00e1 ajudando\u00a0<a href=\"https:\/\/211md.org\/pt\/acabar-com-o-estigma\/\" target=\"_blank\" rel=\"noopener\">parar o estigma<\/a>.<\/p>\n\t<h2>Descarte seguro de medicamentos prescritos<\/h2>\n<p>Voc\u00ea n\u00e3o precisa conhecer algu\u00e9m que luta contra o v\u00edcio para fazer a diferen\u00e7a em sua comunidade. O descarte seguro de medicamentos prescritos evita o uso indevido e protege o meio ambiente. Duas vezes por ano, os habitantes de Maryland podem participar da Iniciativa de Retoma de Medicamentos Prescritos. Eles s\u00e3o realizados na primavera e no outono. Este evento de um dia permite que os residentes de Maryland descartem medicamentos indesejados com seguran\u00e7a.<\/p>\n<p>RALI Maryland doou\u00a0<a href=\"https:\/\/www.ralimd.org\/safedisposal\" target=\"_blank\" rel=\"noopener\">kits de elimina\u00e7\u00e3o de drogas<\/a>\u00a0que facilitam a elimina\u00e7\u00e3o de medicamentos antigos. Voc\u00ea simplesmente coloca o medicamento na bolsa, adiciona \u00e1gua, fecha e joga fora.<\/p>\n<p>Encontre um\u00a0<a href=\"https:\/\/211md.org\/pt\/descarte-de-drogas\/\">Site de devolu\u00e7\u00e3o de medicamentos perto de voc\u00ea ou procure um local de descarte de medicamentos 24 horas por dia, 7 dias por semana, 365 dias por ano<\/a>.<\/p>\n<p>&nbsp;<\/p>\n<h2>Como voc\u00ea pode ajudar a interromper o uso de opi\u00f3ides<\/h2>\n<p>Compartilhe os detalhes do programa com familiares, amigos ou algu\u00e9m sob seus cuidados. Baixe o folheto abaixo ou compartilhe os v\u00eddeos de legisladores estaduais conhecidos.<\/p>\n<p>V\u00e1rios legisladores do estado de Maryland est\u00e3o compartilhando esta mensagem de esperan\u00e7a. Delegados\u00a0<a href=\"https:\/\/msa.maryland.gov\/msa\/mdmanual\/06hse\/html\/msa14629.html\" target=\"_blank\" rel=\"noopener\">Joseline Pe\u00f1a-Melnyk<\/a>,\u00a0<a href=\"https:\/\/msa.maryland.gov\/msa\/mdmanual\/06hse\/html\/msa15452.html\" target=\"_blank\" rel=\"noopener\">bonnie cullison<\/a>,\u00a0<a href=\"https:\/\/msa.maryland.gov\/msa\/mdmanual\/06hse\/html\/msa18109.html\" target=\"_blank\" rel=\"noopener\">Shaneka Henson<\/a>, e\u00a0<a href=\"https:\/\/msa.maryland.gov\/msa\/mdmanual\/06hse\/html\/msa18011.html\" target=\"_blank\" rel=\"noopener\">Ken Kerr<\/a>\u00a0assim como\u00a0<a href=\"https:\/\/msa.maryland.gov\/msa\/mdmanual\/05sen\/html\/msa12255.html\" target=\"_blank\" rel=\"noopener\">Senadora Kathy Klausmeier<\/a>\u00a0est\u00e3o encorajando os habitantes de Maryland a enviar mensagens de texto MDHope para 898-211.<\/p>\n<p>A ajuda est\u00e1 a apenas um texto de dist\u00e2ncia.<\/p>\n\t<iframe loading=\"lazy\" frameborder=\"0\" width=\"560\" height=\"314\" scrolling=\"no\" src=\"https:\/\/video.wixstatic.com\/video\/a0c76e_6223838a57fd4401a54771ed041a8f95\/720p\/mp4\/file.mp4\" sandbox><\/iframe>","protected":false},"excerpt":{"rendered":"<p>O que \u00e9 MDHope? MDHope \u00e9 um novo programa de mensagens de texto sobre opioides que conecta fam\u00edlias de Maryland a recursos essenciais relacionados aos opioides, incluindo prestadores de tratamento, descarte seguro de medicamentos e mensagens de apoio. Indiv\u00edduos, familiares, amigos e profissionais podem usar o programa de mensagens de texto para receber informa\u00e7\u00f5es sob demanda. Afirma\u00e7\u00f5es de apoio cont\u00ednuas tamb\u00e9m s\u00e3o oferecidas para apoiar um indiv\u00edduo no caminho da recupera\u00e7\u00e3o.\u2026<\/p>","protected":false},"author":8,"featured_media":1925,"parent":962,"menu_order":0,"comment_status":"closed","ping_status":"closed","template":"","meta":{"footnotes":""},"class_list":["post-1176","page","type-page","status-publish","has-post-thumbnail","hentry"],"_links":{"self":[{"href":"https:\/\/211md.org\/pt\/wp-json\/wp\/v2\/pages\/1176","targetHints":{"allow":["GET"]}}],"collection":[{"href":"https:\/\/211md.org\/pt\/wp-json\/wp\/v2\/pages"}],"about":[{"href":"https:\/\/211md.org\/pt\/wp-json\/wp\/v2\/types\/page"}],"author":[{"embeddable":true,"href":"https:\/\/211md.org\/pt\/wp-json\/wp\/v2\/users\/8"}],"replies":[{"embeddable":true,"href":"https:\/\/211md.org\/pt\/wp-json\/wp\/v2\/comments?post=1176"}],"version-history":[{"count":2,"href":"https:\/\/211md.org\/pt\/wp-json\/wp\/v2\/pages\/1176\/revisions"}],"predecessor-version":[{"id":4426,"href":"https:\/\/211md.org\/pt\/wp-json\/wp\/v2\/pages\/1176\/revisions\/4426"}],"up":[{"embeddable":true,"href":"https:\/\/211md.org\/pt\/wp-json\/wp\/v2\/pages\/962"}],"wp:featuredmedia":[{"embeddable":true,"href":"https:\/\/211md.org\/pt\/wp-json\/wp\/v2\/media\/1925"}],"wp:attachment":[{"href":"https:\/\/211md.org\/pt\/wp-json\/wp\/v2\/media?parent=1176"}],"curies":[{"name":"wp","href":"https:\/\/api.w.org\/{rel}","templated":true}]}}