{"id":1178,"date":"2021-04-19T23:08:12","date_gmt":"2021-04-20T03:08:12","guid":{"rendered":"https:\/\/211md.org\/?page_id=1178"},"modified":"2024-07-26T12:02:07","modified_gmt":"2024-07-26T16:02:07","slug":"programa-de-mensagens-de-texto-opioides-2","status":"publish","type":"page","link":"https:\/\/211md.org\/pt\/newsroom\/opioid-texting-program\/","title":{"rendered":"Novo programa de mensagens de texto ajuda no v\u00edcio em opi\u00e1ceos"},"content":{"rendered":"<strong>211 Maryland e RALI Maryland lan\u00e7am novo programa de mensagens de texto para moradores de Maryland que sofrem de depend\u00eancia de opi\u00e1ceos<\/strong>\n<strong><em>O acesso r\u00e1pido a recursos locais e ajuda agora est\u00e1 dispon\u00edvel por<br \/>\nEnviando mensagem de texto \u201cMDHope\u201d para 898-211<\/em><\/strong>\n\t<p><strong>BALTIMORE (20 de outubro de 2020)<\/strong>\u00a0&#8211;\u00a0<a href=\"https:\/\/211md.org\/pt\/\" target=\"_blank\" rel=\"noreferrer noopener\">211 Maryland<\/a>, uma organiza\u00e7\u00e3o sem fins lucrativos dedicada a conectar servi\u00e7os de sa\u00fade e humanos a residentes em todo o estado de Maryland, est\u00e1 fazendo parceria com a Rx Abuse Leadership Initiative (<a href=\"https:\/\/www.ralimd.org\/\" target=\"_blank\" rel=\"noreferrer noopener\">RALI Maryland<\/a>), uma organiza\u00e7\u00e3o comprometida em encontrar solu\u00e7\u00f5es para ajudar a acabar com a crise dos opi\u00e1ceos em Maryland, para lan\u00e7ar o Programa de Mensagens de Texto MDHope para apoiar aqueles com depend\u00eancia de opi\u00e1ceos. Os moradores de Maryland que sofrem de depend\u00eancia de opi\u00e1ceos e seus familiares e amigos agora podem enviar uma mensagem de texto \u201cMDHope\u201d para 898-211 para receber informa\u00e7\u00f5es sobre o uso indevido de opi\u00e1ceos e os servi\u00e7os de que mais precisam.<\/p>\n<p>\u201cNa minha fun\u00e7\u00e3o como legislador, ouvi em primeira m\u00e3o o impacto horr\u00edvel da crise dos opi\u00e1ceos sobre os nossos residentes e fam\u00edlias em Maryland, por isso estou entusiasmado e grato por ver o RALI e o 211Maryland a trabalharem juntos para tornar mais f\u00e1cil para aqueles que sofrem com depend\u00eancia de opioides para obter a ajuda de que precisam\u201d, disse a Delegada Bonnie Cullison, Distrito 19 do condado de Montgomery. \u201cEstou otimista de que o novo Programa de Mensagens de Texto MDHope unir\u00e1 provedores de servi\u00e7os e recursos em todo o estado sob uma plataforma de mensagens de texto 898-2-1-1. Estou ansioso para apoiar o novo Programa de Mensagens de Texto MDHope de todas as maneiras que puder e difundir a conscientiza\u00e7\u00e3o sobre este recurso que salva vidas.\u201d<\/p>\n<p>o\u00a0<a href=\"https:\/\/211md.org\/pt\/md-esperanca\/\" target=\"_blank\" rel=\"noreferrer noopener\">Programa de mensagens de texto MDHope<\/a>\u00a0permite que algu\u00e9m busque anonimamente informa\u00e7\u00f5es e recursos enviando uma mensagem de texto \u201cMDHope\u201d para 898-211. As op\u00e7\u00f5es de servi\u00e7o incluir\u00e3o:<\/p>\n<ul>\n<li>Informa\u00e7\u00f5es gerais sobre o uso de opioides<\/li>\n<li>Recursos para uma pessoa preocupada com algu\u00e9m usando opioides<\/li>\n<li>Recursos para algu\u00e9m viciado em opioides<\/li>\n<li>Op\u00e7\u00e3o para profissionais e prestadores de servi\u00e7o<\/li>\n<\/ul>\n<p>\u201cDurante a atual pandemia, vimos um aumento no n\u00famero de mortes por opi\u00e1ceos em Maryland, ent\u00e3o esta \u00e9 uma maneira de fornecer acesso r\u00e1pido e f\u00e1cil para ajudar aqueles que sofrem com o v\u00edcio em opi\u00e1ceos e as fam\u00edlias e amigos que ajudam a cuidar para esses indiv\u00edduos\u201d, disse Quinton Askew, presidente e CEO da 211 Maryland. \u201cEstamos ansiosos por nossa nova parceria com a RALI Maryland para garantir que os servi\u00e7os de opioides sejam acess\u00edveis e que as pessoas saibam onde procurar ajuda. Continuaremos a combater a crise dos opi\u00e1ceos em Maryland com o objetivo de salvar vidas.\u201d<\/p>\n<p>Al\u00e9m de enviar informa\u00e7\u00f5es vitais, o programa de mensagens de texto MDHope oferece aos indiv\u00edduos 130 dias de apoio cont\u00ednuo e afirma\u00e7\u00f5es \u00e0 medida que avan\u00e7am em dire\u00e7\u00e3o \u00e0 recupera\u00e7\u00e3o.<\/p>\n<p>\u201cTodas as comunidades est\u00e3o vendo os efeitos da epidemia de opioides. Agora, com a COVID-19 a devastar o nosso estado, as nossas comunidades est\u00e3o a assistir a aumentos at\u00edpicos de overdoses e mortes devido ao uso indevido de subst\u00e2ncias\u201d, disse Virgil Boysaw, diretor executivo da Drug Free Cecil e parceiro da RALI Maryland. \u201cEste programa de mensagens de texto \u00e9 uma oportunidade nova e \u00fanica de fornecer ajuda e informa\u00e7\u00f5es \u00e0queles que de outra forma n\u00e3o teriam entrado em contato. Os moradores necessitados de Maryland, bem como amigos e familiares, n\u00e3o devem hesitar em utilizar esta ferramenta.\u201d<\/p>\n<h2>\n\t\tApoio ao Legislador\n\t<\/h2>\n\t<p>V\u00e1rios legisladores do estado de Maryland est\u00e3o incentivando aqueles que precisam de ajuda com o v\u00edcio em opi\u00e1ceos a enviar uma mensagem de texto \u201cMDHope\u201d para 898-211 por meio de an\u00fancios de servi\u00e7o p\u00fablico (PSAs) que ser\u00e3o apresentados nas redes sociais e esta\u00e7\u00f5es de r\u00e1dio em todo o estado. Os legisladores que est\u00e3o ampliando a conscientiza\u00e7\u00e3o sobre o novo Programa de Mensagens de Texto MDHope incluem as Delegadas Joseline Pe\u00f1a-Melnyk, Bonnie Cullison, Shaneka Henson e Ken Kerr, bem como a Senadora Kathy Klausmeier.<\/p>\n<p>\u201cA ajuda fornecida aos habitantes de Maryland pelo Maryland 211 \u00e9 um apoio fundamental. Abrir a linha de recursos para comunica\u00e7\u00e3o de texto \u00e9 um passo em frente que certamente salvar\u00e1 vidas\u201d, comentou Del. Shaneka Henson, Distrito 30A do condado de Anne Arundel.<\/p>\n<p>Para saber mais sobre o programa MDHope Texting e ver os PSAs, visite\u00a0<a href=\"https:\/\/211md.org\/pt\/md-esperanca\/\" target=\"_blank\" rel=\"noreferrer noopener\">www.211md.org\/md-hope<\/a>\u00a0ou\u00a0<a href=\"http:\/\/www.ralimd.org\/\" target=\"_blank\" rel=\"noreferrer noopener\">www.RALImd.org<\/a>.<\/p>\n<h2>\n\t\t211 Maryland\n\t<\/h2>\n\t<p><a href=\"https:\/\/www.ralimd.org\/\" target=\"_blank\" rel=\"noreferrer noopener\">211 Maryland<\/a> \u00e9 o conector central para os servi\u00e7os humanos e de sa\u00fade do estado de Maryland, capacitando indiv\u00edduos e comunidades a prosperarem, conectando aqueles com necessidades n\u00e3o atendidas a recursos essenciais. Como ponto de acesso 24 horas por dia, 7 dias por semana, 365 dias por ano, a recursos vitais que ajudam indiv\u00edduos e comunidades a prosperar, o 211 Maryland conecta os necessitados por meio de call center, web, texto e chat para apoiar servi\u00e7os em caso de desastres naturais e provocados pelo homem, habita\u00e7\u00e3o, alimenta\u00e7\u00e3o, servi\u00e7os dom\u00e9sticos viol\u00eancia, envelhecimento e defici\u00eancia, impostos e servi\u00e7os p\u00fablicos, emprego, acesso a cuidados de sa\u00fade e assuntos de veteranos.<\/p>\n<p>A Maryland Information Network \u00e9 uma organiza\u00e7\u00e3o sem fins lucrativos registrada 501(c)(3) que alimenta 211. Para se conectar ou doar, visite <a href=\"https:\/\/211md.org\/pt\/\" target=\"_blank\" rel=\"noreferrer noopener\">www.211md.org<\/a>.<\/p>\n<h2>\n\t\tRALI Maryland\n\t<\/h2>\n\t<p><a href=\"https:\/\/www.ralimd.org\/\" target=\"_blank\" rel=\"noreferrer noopener\">A Rx Abuse Leadership Initiative (RALI) de Maryland<\/a>\u00a0\u00e9 uma alian\u00e7a diversificada de mais de duas d\u00fazias de organiza\u00e7\u00f5es locais, estaduais e nacionais comprometidas em encontrar solu\u00e7\u00f5es para ajudar a acabar com a crise dos opi\u00e1ceos em Maryland. A organiza\u00e7\u00e3o est\u00e1 a reunir pessoas e organiza\u00e7\u00f5es para partilhar, aprender e trabalhar al\u00e9m das fronteiras da comunidade para ajudar a salvar vidas, mobilizar as partes interessadas e fornecer recursos. Mais informa\u00e7\u00f5es est\u00e3o dispon\u00edveis em\u00a0<a href=\"http:\/\/www.ralimd.org\/\" target=\"_blank\" rel=\"noreferrer noopener\">www.RALImd.org<\/a>. Os parceiros da RALI Maryland incluem:<\/p>\n<ul>\n<li>Amada Corpora\u00e7\u00e3o de Servi\u00e7os Comunit\u00e1rios<\/li>\n<li>Coaliz\u00e3o Comunit\u00e1ria Contra Drogas do Condado de Cecil<\/li>\n<li>Coaliz\u00f5es Comunit\u00e1rias Antidrogas da Am\u00e9rica<\/li>\n<li>Hospice &amp; Rede de Cuidados Paliativos de Maryland<\/li>\n<li>Associa\u00e7\u00e3o de Redes de Drogarias de Maryland<\/li>\n<li>C\u00e2mara de Com\u00e9rcio de Maryland<\/li>\n<li>Ordem Fraterna da Pol\u00edcia de Maryland<\/li>\n<li>Associa\u00e7\u00e3o Hospitalar de Maryland<\/li>\n<li>Centro de Seguran\u00e7a do Paciente de Maryland<\/li>\n<li>Associa\u00e7\u00e3o de Farmac\u00eauticos de Maryland<\/li>\n<li>Corretores de Im\u00f3veis de Maryland<\/li>\n<li>Associa\u00e7\u00e3o Rural de Sa\u00fade de Maryland<\/li>\n<li>Associa\u00e7\u00e3o dos Xerifes de Maryland\/Chefes de Pol\u00edcia de Maryland<\/li>\n<li>Granja do estado de Maryland<\/li>\n<li>MedChi, a Sociedade M\u00e9dica do Estado de Maryland<\/li>\n<li>Alian\u00e7a Nacional sobre Doen\u00e7as Mentais Maryland<\/li>\n<li>Associa\u00e7\u00e3o Nacional de Enfermeiras Negras<\/li>\n<li>Liga Nacional do Consumidor<\/li>\n<li>Associa\u00e7\u00e3o Nacional dos Xerifes<\/li>\n<li>Pesquisa Farmac\u00eautica e Fabricantes da Am\u00e9rica<\/li>\n<li>Bombeiros Profissionais de Maryland<\/li>\n<li>Igreja Batista Uni\u00e3o<\/li>\n<li>Centro de Sa\u00fade e Seguran\u00e7a Interna da Universidade de Maryland<\/li>\n<li>Conselho de Sa\u00fade dos Veteranos<\/li>\n<li>Veterin\u00e1rios Contra Drogas<\/li>\n<li>Veteranos do Vietn\u00e3 da Am\u00e9rica<\/li>\n<li>Worcester fica roxo<\/li>\n<\/ul>","protected":false},"excerpt":{"rendered":"<p>211 Maryland e RALI Maryland lan\u00e7am novo programa de mensagens de texto para moradores de Maryland que sofrem de depend\u00eancia de opi\u00f3ides. O acesso r\u00e1pido a recursos locais e ajuda agora est\u00e1 dispon\u00edvel enviando uma mensagem de texto \u201cMDHope\u201d para 898-211 BALTIMORE (20 de outubro de 2020) \u2013 211 Maryland, uma organiza\u00e7\u00e3o sem fins lucrativos dedicada a conectar servi\u00e7os humanos e de sa\u00fade para residentes em todo o estado de Maryland, est\u00e1 fazendo parceria com\u2026<\/p>","protected":false},"author":8,"featured_media":0,"parent":813,"menu_order":0,"comment_status":"closed","ping_status":"closed","template":"","meta":{"footnotes":""},"class_list":["post-1178","page","type-page","status-publish","hentry"],"_links":{"self":[{"href":"https:\/\/211md.org\/pt\/wp-json\/wp\/v2\/pages\/1178","targetHints":{"allow":["GET"]}}],"collection":[{"href":"https:\/\/211md.org\/pt\/wp-json\/wp\/v2\/pages"}],"about":[{"href":"https:\/\/211md.org\/pt\/wp-json\/wp\/v2\/types\/page"}],"author":[{"embeddable":true,"href":"https:\/\/211md.org\/pt\/wp-json\/wp\/v2\/users\/8"}],"replies":[{"embeddable":true,"href":"https:\/\/211md.org\/pt\/wp-json\/wp\/v2\/comments?post=1178"}],"version-history":[{"count":0,"href":"https:\/\/211md.org\/pt\/wp-json\/wp\/v2\/pages\/1178\/revisions"}],"up":[{"embeddable":true,"href":"https:\/\/211md.org\/pt\/wp-json\/wp\/v2\/pages\/813"}],"wp:attachment":[{"href":"https:\/\/211md.org\/pt\/wp-json\/wp\/v2\/media?parent=1178"}],"curies":[{"name":"wp","href":"https:\/\/api.w.org\/{rel}","templated":true}]}}