{"id":1181,"date":"2021-04-19T23:31:12","date_gmt":"2021-04-19T23:31:12","guid":{"rendered":"https:\/\/211md.org\/?page_id=1181"},"modified":"2024-11-14T16:00:10","modified_gmt":"2024-11-14T21:00:10","slug":"estou-com-medo","status":"publish","type":"page","link":"https:\/\/211md.org\/pt\/about\/text-messages\/mdready\/","title":{"rendered":"MdReady: Alertas de texto personalizados em Maryland"},"content":{"rendered":"<h2>Alertas de texto de emerg\u00eancia de Maryland<\/h2>\n<p>A tecnologia aprimorada da MdReady fornece alertas extremamente r\u00e1pidos para clima severo, inunda\u00e7\u00f5es, inc\u00eandios florestais e amea\u00e7as \u00e0 sa\u00fade p\u00fablica. Receba alertas para sua(s) localiza\u00e7\u00e3o(\u00f5es) e no seu idioma preferido.<\/p>\n<p>Esta parceria entre 211 Maryland e o <a href=\"https:\/\/mdready.maryland.gov\/Pages\/default.aspx\" target=\"_blank\" rel=\"noopener\">Departamento de Gerenciamento de Emerg\u00eancias de Maryland<\/a> mant\u00e9m voc\u00ea informado para que voc\u00ea possa planejar e se preparar.<\/p>\n<p><img loading=\"lazy\" decoding=\"async\" src=\"http:\/\/211md.org\/wp-content\/uploads\/2024\/07\/MdReady-Color-Logo-400x148.png\" alt=\"Logotipo colorido MdReady\" width=\"400\" height=\"148\" \/><\/p>\n\n<h4><strong>Personalize seus alertas<\/strong><\/h4>\n<p><em>211 Maryland oferece programas de alerta de mensagem de texto que fornecem informa\u00e7\u00f5es de recursos espec\u00edficos da regi\u00e3o ou fornecem alertas de desastres. Podem ser aplicadas taxas de mensagem e dados. A frequ\u00eancia da mensagem pode variar. Texto <strong>PARE<\/strong> para o mesmo n\u00famero para cancelar a assinatura. Para obter ajuda, envie uma mensagem de texto <strong>AJUDA<\/strong>. Termos completos de SMS em\u00a0<a href=\"https:\/\/211md.org\/pt\/sms\/\">https:\/\/211md.org\/sms\/<\/a>\u00a0e\u00a0<a href=\"https:\/\/211md.org\/pt\/politica-de-privacidade\/\">pol\u00edtica de Privacidade<\/a>\u00a0tamb\u00e9m se aplicar\u00e1.\u00a0<\/em><\/p>\n<p>Caso tenha alguma d\u00favida ao atualizar suas prefer\u00eancias, envie um e-mail para info@211md.org.<\/p>\n\t<h2>Sobre MdReady<\/h2>\n<p>Desde fevereiro de 2020, a 211 fez parceria com a MDEM para entregar alertas de texto antes, durante e depois de uma crise. Quase 200.000 pessoas assinaram esses alertas.<\/p>\n<p>Essa nova tecnologia nos permite alcan\u00e7ar assinantes em pouco mais de seis minutos.<\/p>\n<p>Ao escolher seu idioma e local(is) preferidos, os usu\u00e1rios podem receber alertas mais personalizados. A tradu\u00e7\u00e3o est\u00e1 dispon\u00edvel em 185 idiomas.<\/p>\n<p>Em uma emerg\u00eancia como uma enchente repentina, os n\u00edveis de \u00e1gua podem subir v\u00e1rios metros em quest\u00e3o de minutos, ent\u00e3o cada segundo conta.<\/p>\n<p>MdReady\/MdListo est\u00e1 sempre pronto para ajudar Maryland a se preparar, se manter informado e se recuperar.<\/p>\n<p>Para acessar dicas e informa\u00e7\u00f5es de prepara\u00e7\u00e3o, instale o aplicativo da Web MdReady visitando\u00a0<a href=\"http:\/\/mdready.maryland.gov\/\" target=\"_blank\" rel=\"noopener\">MdReady.Maryland.gov<\/a> no navegador do seu dispositivo m\u00f3vel.<\/p>","protected":false},"excerpt":{"rendered":"<p>Alertas de texto de emerg\u00eancia de Maryland A tecnologia aprimorada da MdReady fornece alertas r\u00e1pidos como um raio para condi\u00e7\u00f5es clim\u00e1ticas severas, inunda\u00e7\u00f5es, inc\u00eandios florestais e amea\u00e7as \u00e0 sa\u00fade p\u00fablica. Receba alertas para sua(s) localiza\u00e7\u00e3o(\u00f5es) e no seu idioma preferido. Esta parceria entre a 211 Maryland e o Departamento de Gerenciamento de Emerg\u00eancias de Maryland mant\u00e9m voc\u00ea informado para que voc\u00ea possa planejar e se preparar. Personalize seus alertas 211 Maryland\u2026<\/p>","protected":false},"author":8,"featured_media":1925,"parent":962,"menu_order":0,"comment_status":"closed","ping_status":"closed","template":"","meta":{"footnotes":""},"class_list":["post-1181","page","type-page","status-publish","has-post-thumbnail","hentry"],"_links":{"self":[{"href":"https:\/\/211md.org\/pt\/wp-json\/wp\/v2\/pages\/1181","targetHints":{"allow":["GET"]}}],"collection":[{"href":"https:\/\/211md.org\/pt\/wp-json\/wp\/v2\/pages"}],"about":[{"href":"https:\/\/211md.org\/pt\/wp-json\/wp\/v2\/types\/page"}],"author":[{"embeddable":true,"href":"https:\/\/211md.org\/pt\/wp-json\/wp\/v2\/users\/8"}],"replies":[{"embeddable":true,"href":"https:\/\/211md.org\/pt\/wp-json\/wp\/v2\/comments?post=1181"}],"version-history":[{"count":0,"href":"https:\/\/211md.org\/pt\/wp-json\/wp\/v2\/pages\/1181\/revisions"}],"up":[{"embeddable":true,"href":"https:\/\/211md.org\/pt\/wp-json\/wp\/v2\/pages\/962"}],"wp:featuredmedia":[{"embeddable":true,"href":"https:\/\/211md.org\/pt\/wp-json\/wp\/v2\/media\/1925"}],"wp:attachment":[{"href":"https:\/\/211md.org\/pt\/wp-json\/wp\/v2\/media?parent=1181"}],"curies":[{"name":"wp","href":"https:\/\/api.w.org\/{rel}","templated":true}]}}