{"id":1340,"date":"2021-04-28T01:30:35","date_gmt":"2021-04-28T01:30:35","guid":{"rendered":"https:\/\/211md.org\/?page_id=1340"},"modified":"2026-02-02T08:43:37","modified_gmt":"2026-02-02T13:43:37","slug":"obter-ajuda","status":"publish","type":"page","link":"https:\/\/211md.org\/pt\/about\/get-help\/","title":{"rendered":"Como obter ajuda para necessidades essenciais em Maryland"},"content":{"rendered":"<figure data-animation-delay=\"0\" data-animation-duration=\"1\" itemscope itemtype=\"https:\/\/schema.org\/ImageObject\">\n\t\t\t\t<img decoding=\"async\" src=\"https:\/\/stg-maryland211-staging.kinsta.cloud\/wp-content\/uploads\/2025\/08\/5-1-scaled.png\" alt=\"5\" height=\"692\" width=\"2560\" title=\"5\" onerror=\"this.style.display='none'\" loading=\"lazy\" \/>\n\t<\/figure>\n\t\t<p>211 Maryland \u00e9 o Sistema de Informa\u00e7\u00f5es e Refer\u00eancias de sa\u00fade e servi\u00e7os humanos mais abrangente do estado.<\/p>\n<p>211 has many ways to get help, depending on what works best for your situation. We have your back when needed most, including the federal shutdown.<\/p>\n<p>Learn about the ways to get help and get connected to information and resources.<\/p>\n\t\t\t<a href=\"#start\"  target=\"_self\">\n\t\t\t\t\t\tCome\u00e7ar\n\t\t\t\t\t<\/a>\n<figure data-animation-delay=\"0\" data-animation-duration=\"1\" itemscope itemtype=\"https:\/\/schema.org\/ImageObject\">\n\t\t\t\t<img decoding=\"async\" src=\"https:\/\/211md.org\/wp-content\/plugins\/bb-plugin\/img\/pixel.png\" alt=\"\" onerror=\"this.style.display='none'\" loading=\"lazy\" \/>\n\t<\/figure>\n<figure data-animation-delay=\"0\" data-animation-duration=\"1.3\" itemscope itemtype=\"https:\/\/schema.org\/ImageObject\">\n\t\t\t\t<img decoding=\"async\" src=\"https:\/\/stg-maryland211-staging.kinsta.cloud\/wp-content\/uploads\/2025\/08\/16.png\" alt=\"16\" height=\"1000\" width=\"1000\" title=\"16\" onerror=\"this.style.display='none'\" loading=\"lazy\" \/>\n\t<\/figure>\n<figure itemscope itemtype=\"https:\/\/schema.org\/ImageObject\">\n\t\t\t\t<img decoding=\"async\" src=\"http:\/\/211md.org\/wp-content\/uploads\/2025\/10\/two-older-veterans-helping-each-other-at-park.jpg\" alt=\"dois veteranos mais velhos se ajudando no parque\" title=\"dois veteranos mais velhos se ajudando no parque\" onerror=\"this.style.display='none'\" loading=\"lazy\" \/>\n\t<\/figure>\n\t\t\n\t\t<h2>Como o 211 pode me ajudar?<\/h2>\n<p>211 is a way to get connected to essential needs, such as:<\/p>\n<ul>\n<li><a href=\"\/pt\/recursos\/casa-abrigo\/\">habita\u00e7\u00e3o<\/a><\/li>\n<li><a href=\"https:\/\/211md.org\/pt\/recursos\/comida\/\">comida<\/a><\/li>\n<li><a href=\"http:\/\/resources\/utility-assistance\/\">desligamento de servi\u00e7os p\u00fablicos<\/a><\/li>\n<li><a href=\"https:\/\/211md.org\/pt\/recursos\/saude-mental\/\">sa\u00fade mental<\/a><\/li>\n<li><a href=\"https:\/\/211md.org\/pt\/recursos\/criancas-familias\/\">crian\u00e7as e fam\u00edlias<\/a><\/li>\n<li><a href=\"\/pt\/recursos\/servicos-legais\/\">quest\u00f5es jur\u00eddicas e ajuda<\/a><\/li>\n<li><a href=\"\/pt\/recursos\/procura-de-emprego\/\">emprego<\/a><\/li>\n<\/ul>\n<p>Individuals and families can search for help or dial 211 to speak to a caring and compassionate person.<\/p>\n<p>The Maryland Information Network powers 211, and is the state-authorized administrator of the 211 system. We work with many state and local organizations to connect Marylanders to health and human services.<\/p>\n<p>Have another question? Read our frequently asked questions.<\/p>\n<h3>Does It Cost Anything to Use 211?<\/h3>\n<p>No. The service is free and confidential.<\/p>\n<p>Se voc\u00ea ligar para um de nossos n\u00fameros locais de fora da regi\u00e3o, as tarifas de longa dist\u00e2ncia da sua operadora poder\u00e3o ser aplicadas. Se ligar de um celular, poder\u00e3o ser aplicadas tarifas de tempo de liga\u00e7\u00e3o e outras tarifas de celular.<\/p>\n\t\t\t<a href=\"https:\/\/211md.org\/pt\/about\/perguntas-frequentes\/\"  target=\"_self\">\n\t\t\t\t\t\t\tLeia nossas perguntas frequentes\n\t\t\t\t\t<\/a>\n\t\t<h2>How to Find 211 Help<\/h2>\n\t\t<p>There are 3 main ways to navigate the 211 website, and they&#8217;re always available in the menu at the top under &#8220;Get Help.&#8221;<\/p>\n<h3>I need to find local resources that can help.<\/h3>\n<p>Search our Community Resource database, the state&#8217;s most comprehensive for health and human services. This will connect you directly to organizations that can help. Choose a category like food pantries, and you&#8217;ll get a list and map of local help.<\/p>\n<p>With over 8,500 community resources, find what you need nearby. Enter a ZIP code and use the filters to narrow options.<\/p>\n<p>For Spanish, go to the upper right-hand corner and select Spanish. Then, search in Spanish.<\/p>\n\t\t\t<a href=\"https:\/\/search.211md.org\/\"  target=\"_blank\" rel=\"noopener\">\n\t\t\t\t\t\tFind Resources by ZIP code\n\t\t\t\t\t<\/a>\n\t\t<h3>I want to see the top community resources in my county.<\/h3>\n\t\t<p>Every county in the state has unique resources and needs. 211&#8217;s county pages make it easy to find top resources in a geographic area, with a focus on food pantries, utility assistance, and mental health.<\/p>\n\t\t\t<a href=\"https:\/\/211md.org\/pt\/recursos-por-condado\/\"  target=\"_blank\" rel=\"noopener\">\n\t\t\t\t\t\tSearch your county for help\n\t\t\t\t\t<\/a>\n\t\t<h3>I need information About Benefit Programs<\/h3>\n\t\t<p>Start with our resource categories, like food or health care, and learn about available assistance programs and available benefits, as well as common community resources.<\/p>\n<p>Get the information you need, then link directly to our Community Resource Database for that need using our common resource searches.<\/p>\n\t\t\t<a href=\"https:\/\/211md.org\/pt\/recursos\/\"  target=\"_self\">\n\t\t\t\t\t\t\tGet information and resources\n\t\t\t\t\t<\/a>\n\t\t<h3>I want to talk to someone.<\/h3>\n\t\t<p>Dial 211, and a caring and compassionate person will talk with you and help you navigate and connect with help. 211 is also accessible for the deaf and hard of hearing through Maryland Relay (dial 7-1-1).<\/p>\n\t\t\t<a href=\"tel:%20+211\"  target=\"_self\">\n\t\t\t\t\t\t\tDisque 211\n\t\t\t\t\t<\/a>\n\t<h3>Tradu\u00e7\u00e3o<\/h3>\n<p>O site pode ser traduzido para v\u00e1rios idiomas, incluindo espanhol, crioulo haitiano, iorub\u00e1, franc\u00eas e muito mais. Clique em ingl\u00eas no canto superior direito e escolha seu idioma no menu suspenso.<\/p>\n<p>Translation is also available by phone in 150+ languages.<\/p>\n<figure itemscope itemtype=\"https:\/\/schema.org\/ImageObject\">\n\t\t\t\t<img decoding=\"async\" src=\"http:\/\/211md.org\/wp-content\/uploads\/2025\/10\/Couple-looking-for-help-on-phone-in-park.jpg\" alt=\"Casal pede ajuda por telefone em parque\" title=\"Casal pede ajuda por telefone em parque\" onerror=\"this.style.display='none'\" loading=\"lazy\" \/>\n\t<\/figure>\n\t<h2>Outras maneiras pelas quais o 211 pode ajudar<\/h2>\n<p>A 211 tamb\u00e9m faz parcerias com ag\u00eancias estaduais e grupos comunit\u00e1rios para fornecer programas de mensagens de texto que fornecem informa\u00e7\u00f5es e inspira\u00e7\u00e3o por meio de mensagens de texto.<\/p>\n<h3>Conex\u00f5es de texto<\/h3>\n<p>Voc\u00ea tamb\u00e9m pode se inscrever em um dos nossos programas de mensagens de texto, que conectam voc\u00ea a informa\u00e7\u00f5es, recursos e suporte para amea\u00e7as\/emerg\u00eancias de sa\u00fade p\u00fablica ou clim\u00e1ticas, parentesco, recursos de Mid Shore, sa\u00fade mental, opioides e muito mais.<\/p>\n\t\t<h2>Triagem de benef\u00edcios em Maryland<\/h2>\n\t\t<p>Maryland Benefits is a one-stop location to check eligibility and to apply for multiple benefits like food benefits, housing and energy assistance, health and disability services, unemployment, and more.<\/p>\n<p>With basic information like the number of people in your household, their incomes, and your household costs, you can quickly check your eligibility.<\/p>\n\t\t\t<a href=\"https:\/\/benefits.maryland.gov\/home\/#\/\" target=\"_self\" rel=\"noopener\">\n\t\t\t\t\t\t\tCheck Maryland Benefits\n\t\t\t\t\t<\/a>\n\t\t<h3>Idosos e triagem de benef\u00edcios por invalidez<\/h3>\n\t\t<p>Se voc\u00ea \u00e9 um adulto idoso ou tem alguma defici\u00eancia, voc\u00ea pode usar <a href=\"https:\/\/benefitscheckup.org\/\" target=\"_blank\" rel=\"noopener\">Benef\u00edciosCheckUp<\/a>\u00ae do Conselho Nacional sobre Envelhecimento. Ajuda voc\u00ea a encontrar programas para os quais voc\u00ea pode ser eleg\u00edvel.<\/p>\n<p>Voc\u00ea responder\u00e1 a perguntas anonimamente para descobrir se se qualifica para programas de benef\u00edcios comuns. Estes podem incluir servi\u00e7os sociais de alimenta\u00e7\u00e3o ou Medicare. Voc\u00ea tamb\u00e9m pode encontrar programas de assist\u00eancia ao paciente para medicamentos.<\/p>\n<p>Descubra quais programas e servi\u00e7os voc\u00ea pode ter direito a receber por meio do BenefitsCheckUp.<\/p>\n\t\t\t<a href=\"https:\/\/benefitscheckup.org\/\" target=\"_self\" rel=\"noopener\">\n\t\t\t\t\t\t\tUse Benefits Checkup\n\t\t\t\t\t<\/a>\n\t\t<h4><a href=\"\/pt\/recursos\/envelhecimento-incapacidade\/?utm_source=Home&#038;utm_medium=Referral&#038;utm_campaign=211Resources&#038;utm_content=Aging\" target=\"_self\">Envelhecimento e Defici\u00eancia<\/a><\/h4><figure itemscope itemtype=\"https:\/\/schema.org\/ImageObject\">\n\t\t\t\t<a href=\"\/pt\/recursos\/envelhecimento-incapacidade\/?utm_source=Home&#038;utm_medium=Referral&#038;utm_campaign=211Resources&#038;utm_content=Aging\"  target=\"_self\" itemprop=\"url\">\n\t\t\t\t<img decoding=\"async\" src=\"https:\/\/211md.org\/wp-content\/uploads\/bb-plugin\/cache\/2025_MdInfoNet_Icon-Sets_Aging-disability-square-c466727102cae71e5f27b8539bb51945-.png\" alt=\"\" onerror=\"this.style.display='none'\" loading=\"lazy\" \/>\n\t\t\t\t<\/a>\n\t<\/figure>\n\t\t<h4><a href=\"\/pt\/recursos\/criancas-familias\/?utm_source=Home&#038;utm_medium=Referral&#038;utm_campaign=211Resources&#038;utm_content=Children\" target=\"_self\">Crian\u00e7as e Fam\u00edlias<\/a><\/h4><figure itemscope itemtype=\"https:\/\/schema.org\/ImageObject\">\n\t\t\t\t<a href=\"\/pt\/recursos\/criancas-familias\/?utm_source=Home&#038;utm_medium=Referral&#038;utm_campaign=211Resources&#038;utm_content=Children\"  target=\"_self\" itemprop=\"url\">\n\t\t\t\t<img decoding=\"async\" src=\"https:\/\/211md.org\/wp-content\/uploads\/bb-plugin\/cache\/2025_211_Icon-Sets_Child-care-square-f3b0d4edab3dcc467fadb5f55f4064c6-.png\" alt=\"parent and child icon for child care\" height=\"417\" width=\"417\" title=\"2025_211_Conjuntos de \u00edcones_Cuidados infantis\" onerror=\"this.style.display='none'\" loading=\"lazy\" \/>\n\t\t\t\t<\/a>\n\t<\/figure>\n\t\t<h4><a href=\"\/pt\/recursos\/violencia-domestica-familiar\/?utm_source=Home&#038;utm_medium=Referral&#038;utm_campaign=211Resources&#038;utm_content=Domestic\" target=\"_self\">Viol\u00eancia dom\u00e9stica<\/a><\/h4><figure itemscope itemtype=\"https:\/\/schema.org\/ImageObject\">\n\t\t\t\t<a href=\"\/pt\/recursos\/violencia-domestica-familiar\/?utm_source=Home&#038;utm_medium=Referral&#038;utm_campaign=211Resources&#038;utm_content=Domestic\"  target=\"_self\" itemprop=\"url\">\n\t\t\t\t<img decoding=\"async\" src=\"https:\/\/211md.org\/wp-content\/uploads\/bb-plugin\/cache\/2025_211_Icon-Sets_Domestic-Violence-square-7b597694a6f05fe90cdc376aa573bc63-.png\" alt=\"House with a heart in the middle icon\" height=\"417\" width=\"417\" title=\"2025_211_Conjuntos de \u00edcones_Viol\u00eancia dom\u00e9stica\" onerror=\"this.style.display='none'\" loading=\"lazy\" \/>\n\t\t\t\t<\/a>\n\t<\/figure>\n\t\t<h4><a href=\"\/pt\/recursos\/procura-de-emprego\/?utm_source=Home&#038;utm_medium=Referral&#038;utm_campaign=211Resources&#038;utm_content=Employment\" target=\"_self\">Emprego<\/a><\/h4><figure itemscope itemtype=\"https:\/\/schema.org\/ImageObject\">\n\t\t\t\t<a href=\"\/pt\/recursos\/procura-de-emprego\/?utm_source=Home&#038;utm_medium=Referral&#038;utm_campaign=211Resources&#038;utm_content=Employment\"  target=\"_self\" itemprop=\"url\">\n\t\t\t\t<img decoding=\"async\" src=\"https:\/\/211md.org\/wp-content\/uploads\/bb-plugin\/cache\/2025_MdInfoNet_Icon-Sets_Employment-square-44707bd410e4df10a470bf130ebcea86-.png\" alt=\"\" onerror=\"this.style.display='none'\" loading=\"lazy\" \/>\n\t\t\t\t<\/a>\n\t<\/figure>\n\t\t<h4><a href=\"\/pt\/recursos\/cuidados-de-saude\/?utm_source=Home&#038;utm_medium=Referral&#038;utm_campaign=211Resources&#038;utm_content=Health%20Care\" target=\"_self\">Cuidados de sa\u00fade<\/a><\/h4><figure itemscope itemtype=\"https:\/\/schema.org\/ImageObject\">\n\t\t\t\t<a href=\"\/pt\/recursos\/cuidados-de-saude\/?utm_source=Home&#038;utm_medium=Referral&#038;utm_campaign=211Resources&#038;utm_content=Health%20Care\"  target=\"_self\" itemprop=\"url\">\n\t\t\t\t<img decoding=\"async\" src=\"https:\/\/211md.org\/wp-content\/uploads\/bb-plugin\/cache\/2025_MdInfoNet_Icon-Sets_Health-Care-square-dee98a0060cbe0e7f27eda253fc12679-.png\" alt=\"\" onerror=\"this.style.display='none'\" loading=\"lazy\" \/>\n\t\t\t\t<\/a>\n\t<\/figure>\n\t\t<h4><a href=\"\/pt\/recursos\/criancas-familias\/cuidados-de-parentesco\/?utm_source=Home&#038;utm_medium=Referral&#038;utm_campaign=211Resources&#038;utm_content=Kinship\" target=\"_self\">Parentesco<\/a><\/h4><figure itemscope itemtype=\"https:\/\/schema.org\/ImageObject\">\n\t\t\t\t<a href=\"\/pt\/recursos\/criancas-familias\/cuidados-de-parentesco\/?utm_source=Home&#038;utm_medium=Referral&#038;utm_campaign=211Resources&#038;utm_content=Kinship\"  target=\"_self\" itemprop=\"url\">\n\t\t\t\t<img decoding=\"async\" src=\"https:\/\/211md.org\/wp-content\/uploads\/bb-plugin\/cache\/2025_211_Icon-Sets_Kinship-square-45bdf872866f5735f842c32071109267-.png\" alt=\"\u00cdcone de parentesco\" height=\"417\" width=\"417\" title=\"2025_211_Conjuntos de \u00edcones_Parentesco\" onerror=\"this.style.display='none'\" loading=\"lazy\" \/>\n\t\t\t\t<\/a>\n\t<\/figure>\n\t\t<h4><a href=\"\/pt\/recursos\/servicos-legais\/?utm_source=Home&#038;utm_medium=Referral&#038;utm_campaign=211Resources&#038;utm_content=Legal\" target=\"_self\">Servi\u00e7os legais<\/a><\/h4><figure itemscope itemtype=\"https:\/\/schema.org\/ImageObject\">\n\t\t\t\t<a href=\"\/pt\/recursos\/servicos-legais\/?utm_source=Home&#038;utm_medium=Referral&#038;utm_campaign=211Resources&#038;utm_content=Legal\"  target=\"_self\" itemprop=\"url\">\n\t\t\t\t<img decoding=\"async\" src=\"https:\/\/211md.org\/wp-content\/uploads\/bb-plugin\/cache\/2025_MdInfoNet_Icon-Sets_Legal-square-18fdf438feb8435588174d9046463257-.png\" alt=\"\" onerror=\"this.style.display='none'\" loading=\"lazy\" \/>\n\t\t\t\t<\/a>\n\t<\/figure>\n\t\t<h4><a href=\"\/pt\/recursos\/saude-mental\/?utm_source=Home&#038;utm_medium=Referral&#038;utm_campaign=211Resources&#038;utm_content=Mental\" target=\"_self\">Sa\u00fade mental<\/a><\/h4><figure itemscope itemtype=\"https:\/\/schema.org\/ImageObject\">\n\t\t\t\t<a href=\"\/pt\/recursos\/saude-mental\/?utm_source=Home&#038;utm_medium=Referral&#038;utm_campaign=211Resources&#038;utm_content=Mental\"  target=\"_self\" itemprop=\"url\">\n\t\t\t\t<img decoding=\"async\" src=\"https:\/\/211md.org\/wp-content\/uploads\/bb-plugin\/cache\/2025_MdInfoNet_Icon-Sets_Mental-Health-square-c59b38c4a993a947d4c9280fbe2d2fee-.png\" alt=\"\" onerror=\"this.style.display='none'\" loading=\"lazy\" \/>\n\t\t\t\t<\/a>\n\t<\/figure>\n\t\t<h4><a href=\"\/pt\/recursos\/mdreentry\/?utm_source=Home&#038;utm_medium=Referral&#038;utm_campaign=211Resources&#038;utm_content=Reentry\" target=\"_self\">Reentrada<\/a><\/h4><figure itemscope itemtype=\"https:\/\/schema.org\/ImageObject\">\n\t\t\t\t<a href=\"\/pt\/recursos\/mdreentry\/?utm_source=Home&#038;utm_medium=Referral&#038;utm_campaign=211Resources&#038;utm_content=Reentry\"  target=\"_self\" itemprop=\"url\">\n\t\t\t\t<img decoding=\"async\" src=\"https:\/\/211md.org\/wp-content\/uploads\/bb-plugin\/cache\/2025_211_Icon-Sets_Reentry-square-8676fea38abd920a832f45642fe31cca-.png\" alt=\"\u00cdcone de reentrada\" height=\"417\" width=\"417\" title=\"2025_211_Conjuntos de \u00edcones_Reentrada\" onerror=\"this.style.display='none'\" loading=\"lazy\" \/>\n\t\t\t\t<\/a>\n\t<\/figure>\n\t\t<h4><a href=\"\/pt\/recursos\/uso-de-substancias\/?utm_source=Home&#038;utm_medium=Referral&#038;utm_campaign=211Resources&#038;utm_content=Substance\" target=\"_self\">Uso de subst\u00e2ncias<\/a><\/h4><figure itemscope itemtype=\"https:\/\/schema.org\/ImageObject\">\n\t\t\t\t<a href=\"\/pt\/recursos\/uso-de-substancias\/?utm_source=Home&#038;utm_medium=Referral&#038;utm_campaign=211Resources&#038;utm_content=Substance\"  target=\"_self\" itemprop=\"url\">\n\t\t\t\t<img decoding=\"async\" src=\"https:\/\/211md.org\/wp-content\/uploads\/bb-plugin\/cache\/2025_MdInfoNet_Icon-Sets_Substance-Abuse-square-9022fec9d18a64118ad685c101885b55-.png\" alt=\"\" onerror=\"this.style.display='none'\" loading=\"lazy\" \/>\n\t\t\t\t<\/a>\n\t<\/figure>\n\t\t<h4><a href=\"\/pt\/recursos\/veteranos\/?utm_source=Home&#038;utm_medium=Referral&#038;utm_campaign=211Resources&#038;utm_content=Veterans\" target=\"_self\">veteranos<\/a><\/h4><figure itemscope itemtype=\"https:\/\/schema.org\/ImageObject\">\n\t\t\t\t<a href=\"\/pt\/recursos\/veteranos\/?utm_source=Home&#038;utm_medium=Referral&#038;utm_campaign=211Resources&#038;utm_content=Veterans\"  target=\"_self\" itemprop=\"url\">\n\t\t\t\t<img decoding=\"async\" src=\"https:\/\/211md.org\/wp-content\/uploads\/bb-plugin\/cache\/2025_MdInfoNet_Icon-Sets_Rating-square-6e60d00cce4faa8e0a6d4ad7366aa733-.png\" alt=\"\" onerror=\"this.style.display='none'\" loading=\"lazy\" \/>\n\t\t\t\t<\/a>\n\t<\/figure>\n\t<h2>Obtenha ajuda do 211 em outros estados<\/h2>\n<p>O 2-1-1 est\u00e1 dispon\u00edvel em todos os estados, no Distrito de Columbia, em Porto Rico e em grande parte do Canad\u00e1. Nossos vizinhos:<\/p>\n<p><a href=\"http:\/\/www.delaware211.org\/\" target=\"_blank\" rel=\"noreferrer noopener\">Delaware<\/a>\u00a0|\u00a0<a href=\"http:\/\/answersplease.dc.gov\/\" target=\"_blank\" rel=\"noreferrer noopener\">Distrito da Colombia<\/a>\u00a0|\u00a0<a href=\"http:\/\/www.nj211.org\/\" target=\"_blank\" rel=\"noreferrer noopener\">Nova Jersey<\/a>\u00a0|\u00a0<a href=\"http:\/\/www.pa211.org\/\" target=\"_blank\" rel=\"noreferrer noopener\">Pensilv\u00e2nia<\/a>\u00a0|\u00a0<a href=\"http:\/\/wv211.org\/\" target=\"_blank\" rel=\"noreferrer noopener\">West Virginia<\/a>\u00a0|\u00a0<a href=\"http:\/\/www.211virginia.org\/\" target=\"_blank\" rel=\"noreferrer noopener\">Virg\u00ednia<\/a><\/p>\n<h6>\n\t\t\tobter ajuda\t<\/h6>","protected":false},"excerpt":{"rendered":"<p>211 Maryland is the state&#8217;s most comprehensive health and human services Information and Referral System. 211 has many ways to get help, depending on what works best for your situation. We have your back when needed most, including the federal shutdown. Learn about the ways to get help and get connected to information and resources.&hellip;<\/p>","protected":false},"author":8,"featured_media":1980,"parent":521,"menu_order":0,"comment_status":"closed","ping_status":"closed","template":"","meta":{"footnotes":""},"class_list":["post-1340","page","type-page","status-publish","has-post-thumbnail","hentry"],"_links":{"self":[{"href":"https:\/\/211md.org\/pt\/wp-json\/wp\/v2\/pages\/1340","targetHints":{"allow":["GET"]}}],"collection":[{"href":"https:\/\/211md.org\/pt\/wp-json\/wp\/v2\/pages"}],"about":[{"href":"https:\/\/211md.org\/pt\/wp-json\/wp\/v2\/types\/page"}],"author":[{"embeddable":true,"href":"https:\/\/211md.org\/pt\/wp-json\/wp\/v2\/users\/8"}],"replies":[{"embeddable":true,"href":"https:\/\/211md.org\/pt\/wp-json\/wp\/v2\/comments?post=1340"}],"version-history":[{"count":11,"href":"https:\/\/211md.org\/pt\/wp-json\/wp\/v2\/pages\/1340\/revisions"}],"predecessor-version":[{"id":34200,"href":"https:\/\/211md.org\/pt\/wp-json\/wp\/v2\/pages\/1340\/revisions\/34200"}],"up":[{"embeddable":true,"href":"https:\/\/211md.org\/pt\/wp-json\/wp\/v2\/pages\/521"}],"wp:featuredmedia":[{"embeddable":true,"href":"https:\/\/211md.org\/pt\/wp-json\/wp\/v2\/media\/1980"}],"wp:attachment":[{"href":"https:\/\/211md.org\/pt\/wp-json\/wp\/v2\/media?parent=1340"}],"curies":[{"name":"wp","href":"https:\/\/api.w.org\/{rel}","templated":true}]}}