{"id":1481,"date":"2021-05-03T12:27:26","date_gmt":"2021-05-03T16:27:26","guid":{"rendered":"https:\/\/211md.org\/?page_id=1481"},"modified":"2026-02-02T08:36:05","modified_gmt":"2026-02-02T13:36:05","slug":"politica-de-privacidade","status":"publish","type":"page","link":"https:\/\/211md.org\/pt\/privacy-policy\/","title":{"rendered":"Pol\u00edtica de Privacidade"},"content":{"rendered":"<p><a href=\"\/pt\/sms\/\">Veja os termos e condi\u00e7\u00f5es de mensagens de texto.<\/a><\/p>\n<p><strong>Em vigor a partir de 29 de abril de 2022<\/strong><\/p>\n<p>211 Maryland respeita sua privacidade. 211 Maryland pode coletar informa\u00e7\u00f5es dos usu\u00e1rios de seu site (\u201cSite\u201d). Esta pol\u00edtica descreve:<\/p>\n<ul>\n<li>Os tipos de informa\u00e7\u00f5es que podemos coletar ou que voc\u00ea pode fornecer por meio do site.<\/li>\n<li>Nossas pr\u00e1ticas para coletar, usar e divulgar essas informa\u00e7\u00f5es.<\/li>\n<\/ul>\n<p>Esta pol\u00edtica se aplica apenas \u00e0s informa\u00e7\u00f5es que coletamos de voc\u00ea por meio de nosso site e em outras comunica\u00e7\u00f5es eletr\u00f4nicas enviadas por meio ou em conex\u00e3o com nosso site. Esta pol\u00edtica n\u00e3o se aplica a informa\u00e7\u00f5es que:<\/p>\n<ul>\n<li>\u00c9 coletado em ou por sites ou aplicativos de terceiros que voc\u00ea pode acessar por meio de nosso site ou de outra forma.<\/li>\n<li>Voc\u00ea fornece ou \u00e9 coletado por terceiros. Esses terceiros podem ter suas pr\u00f3prias pol\u00edticas de privacidade, que recomendamos que voc\u00ea leia antes de fornecer informa\u00e7\u00f5es a eles.<\/li>\n<\/ul>\n<p>Por favor, leia esta pol\u00edtica cuidadosamente para entender nossas pol\u00edticas e pr\u00e1ticas em rela\u00e7\u00e3o \u00e0s suas informa\u00e7\u00f5es e como iremos trat\u00e1-las. Se voc\u00ea tiver alguma d\u00favida sobre esta pol\u00edtica ou assuntos relacionados a ela, entre em contato conosco em\u00a0<a href=\"mailto:info@211md.org\">info@211md.org<\/a>.<\/p>\n<h3><strong>Informa\u00e7\u00f5es que coletamos e como as coletamos<\/strong><\/h3>\n<p>Podemos coletar informa\u00e7\u00f5es de e sobre voc\u00ea quando voc\u00ea interage com nosso site:<\/p>\n<ul>\n<li>Diretamente de voc\u00ea quando voc\u00ea nos fornecer.<\/li>\n<li>De outros terceiros; por exemplo, nossos parceiros de neg\u00f3cios.<\/li>\n<li>Automaticamente quando voc\u00ea usa determinados recursos do nosso site.<\/li>\n<\/ul>\n\n<h3><strong>Informa\u00e7\u00f5es que voc\u00ea nos fornece<\/strong><\/h3>\n<p>Voc\u00ea pode fornecer informa\u00e7\u00f5es pessoais:<\/p>\n<ul>\n<li>Isso o identifica, incluindo, sem limita\u00e7\u00e3o, seu nome, endere\u00e7o postal, endere\u00e7o de e-mail, n\u00famero de telefone, qualquer outro identificador pelo qual voc\u00ea possa ser contatado online ou offline, estado de resid\u00eancia, idade, sexo, escola, idiomas falados, contas de m\u00eddia social , informa\u00e7\u00f5es de cart\u00e3o de cr\u00e9dito e fotografias.<\/li>\n<li>Isso identifica outras pessoas, incluindo, sem limita\u00e7\u00e3o, os nomes das v\u00edtimas, testemunhas ou perpetradores de crimes de \u00f3dio ou incidentes semelhantes e detalhes de incidentes que afetam esses indiv\u00edduos.<\/li>\n<\/ul>\n<p>Essas informa\u00e7\u00f5es incluem:<\/p>\n<ul>\n<li>Informa\u00e7\u00f5es que voc\u00ea fornece preenchendo formul\u00e1rios. Isso inclui informa\u00e7\u00f5es fornecidas no momento do registro, informa\u00e7\u00f5es escritas em quaisquer aplicativos, informa\u00e7\u00f5es fornecidas durante uma entrevista, informa\u00e7\u00f5es fornecidas ao relatar um incidente ou crime de \u00f3dio e\/ou informa\u00e7\u00f5es fornecidas ao solicitar outros servi\u00e7os.<\/li>\n<li>Informa\u00e7\u00f5es que confirmam sua identidade, autoridade ou outras caracter\u00edsticas.<\/li>\n<li>Suas respostas a pesquisas ou question\u00e1rios que podemos solicitar que voc\u00ea preencha.<\/li>\n<li>Detalhes das transa\u00e7\u00f5es que voc\u00ea realiza atrav\u00e9s do nosso site.<\/li>\n<li>Informa\u00e7\u00f5es relacionadas ao seu perfil de usu\u00e1rio, incluindo seu nome de usu\u00e1rio, senha, perguntas e respostas de lembrete de senha, interesses, prefer\u00eancias de comunica\u00e7\u00e3o e qualquer correspond\u00eancia que voc\u00ea nos enviar.<\/li>\n<li>Informa\u00e7\u00f5es opcionais que voc\u00ea pode optar por fornecer, para permitir que voc\u00ea tenha uma experi\u00eancia personalizada com nosso site e para que possamos fornecer as informa\u00e7\u00f5es que voc\u00ea deseja.<\/li>\n<\/ul>\n<p>Voc\u00ea e outras pessoas tamb\u00e9m podem fornecer informa\u00e7\u00f5es a serem publicadas em \u00e1reas p\u00fablicas do Site ou transmitidas a outros usu\u00e1rios do Site ou a terceiros (coletivamente, \u201cContribui\u00e7\u00f5es do Usu\u00e1rio\u201d). Se voc\u00ea divulgar informa\u00e7\u00f5es em uma Contribui\u00e7\u00e3o do Usu\u00e1rio, essas informa\u00e7\u00f5es poder\u00e3o ser visualizadas, coletadas e usadas por outras pessoas.<\/p>\n\n<h3><strong>Coleta e Rastreamento Autom\u00e1tico de Informa\u00e7\u00f5es<\/strong><\/h3>\n<p>Quando voc\u00ea acessa ou usa nosso site, podemos usar tecnologia para coletar informa\u00e7\u00f5es automaticamente, incluindo:<\/p>\n<ul>\n<li><strong>Detalhes de uso.<\/strong>\u00a0Quando voc\u00ea acessa e usa o site, podemos coletar automaticamente certos detalhes de seu acesso e uso do site, incluindo dados de localiza\u00e7\u00e3o, tempo que voc\u00ea visita nosso site, visualiza\u00e7\u00f5es de p\u00e1gina, informa\u00e7\u00f5es de fluxo de cliques, URL de refer\u00eancia, logs e outros dados de comunica\u00e7\u00e3o e os recursos que voc\u00ea acessa e usa no site ou por meio dele.<\/li>\n<li><strong>Informa\u00e7\u00e3o de dispositivo.<\/strong>\u00a0Poderemos coletar informa\u00e7\u00f5es sobre seu dispositivo e sua conex\u00e3o com a Internet, incluindo o identificador exclusivo do dispositivo, endere\u00e7o IP, sistema operacional, tipo de navegador e informa\u00e7\u00f5es de rede.<\/li>\n<\/ul>\n\n<h3><strong>Tecnologias de coleta e rastreamento de informa\u00e7\u00f5es<\/strong><\/h3>\n<p>Podemos fazer parcerias com redes de an\u00fancios e outros provedores de veicula\u00e7\u00e3o de an\u00fancios (&quot;Provedores de Publicidade&quot;) que veiculam an\u00fancios em nosso nome e em nome de terceiros em plataformas n\u00e3o afiliadas. Alguns desses an\u00fancios podem ser personalizados, o que significa que eles s\u00e3o relevantes para voc\u00ea com base nas informa\u00e7\u00f5es que os Provedores de Publicidade coletam sobre o seu uso do Site e de outros sites ou aplicativos ao longo do tempo, incluindo informa\u00e7\u00f5es sobre relacionamentos entre diferentes navegadores e dispositivos. Esse tipo de publicidade \u00e9 conhecido como publicidade baseada em interesses.<\/p>\n<p>Tamb\u00e9m podemos trabalhar com terceiros que coletam dados sobre seu uso do site e de outros sites ou aplicativos ao longo do tempo para fins n\u00e3o publicit\u00e1rios. As tecnologias que usamos para coleta autom\u00e1tica de informa\u00e7\u00f5es em nosso site podem incluir:<\/p>\n<ul>\n<li><strong>Biscoitos.<\/strong>\u00a0Como a maioria dos sites, 211 Maryland e nossos provedores de an\u00e1lise terceirizados podem usar cookies no site. Um cookie \u00e9 um pequeno arquivo colocado em seu dispositivo para permitir uma an\u00e1lise de seu uso do site. Por exemplo, os cookies podem ser usados para fornecer conte\u00fado personalizado personalizado ou monitorar a efic\u00e1cia do site.<\/li>\n<li><strong>Bolinhos Flash.<\/strong>\u00a0Certos recursos do site podem usar objetos armazenados localmente (ou cookies Flash) para coletar e armazenar informa\u00e7\u00f5es sobre suas prefer\u00eancias e navega\u00e7\u00e3o para, de e no site.<\/li>\n<li><strong>Web Beacons e outras tecnologias.<\/strong>\u00a0Podemos usar tecnologia padr\u00e3o da Internet, como web beacons (tamb\u00e9m conhecidos como clear gifs, pixel tags e single-pixel gifs) e outras tecnologias semelhantes, para rastrear seu uso do site, contar usu\u00e1rios que visitaram determinadas p\u00e1ginas e verificar integridade do sistema e do servidor.<\/li>\n<li><strong>Google.<\/strong>\u00a0A 211 Maryland usa o Google Analytics e outros servi\u00e7os de terceiros para melhorar o desempenho do Site e para fins anal\u00edticos e de marketing. Para obter mais informa\u00e7\u00f5es sobre como o Google Analytics coleta e usa dados quando voc\u00ea usa nosso site, visite\u00a0<a href=\"https:\/\/policies.google.com\/technologies\/partner-sites\" target=\"_blank\" rel=\"noopener\">www.google.com\/policies\/privacy\/partners<\/a>, e para desativar o Google Analytics, visite\u00a0<a href=\"https:\/\/tools.google.com\/dlpage\/gaoptout\" target=\"_blank\" rel=\"noopener\">tools.google.com\/dlpage\/gaoptout<\/a>\u00a0Podemos usar o Google Analytics, um servi\u00e7o de an\u00e1lise da web fornecido por terceiros.<\/li>\n<\/ul>\n<p>Seu navegador pode oferecer ferramentas para limitar o uso de cookies ou para excluir cookies, no entanto, se voc\u00ea usar essas ferramentas, nosso site pode n\u00e3o funcionar conforme o esperado.<\/p>\n\n<h3><strong>Como usamos suas informa\u00e7\u00f5es<\/strong><\/h3>\n<p>As informa\u00e7\u00f5es de uso do site e as informa\u00e7\u00f5es que coletamos automaticamente nos ajudam a melhorar o site e a oferecer uma experi\u00eancia melhor e mais personalizada, permitindo-nos:<\/p>\n<ul>\n<li>Estime nossos padr\u00f5es de uso.<\/li>\n<li>Armazena informa\u00e7\u00f5es sobre suas prefer\u00eancias, permitindo-nos personalizar o Site.<\/li>\n<li>Compile informa\u00e7\u00f5es sobre crimes de \u00f3dio e incidentes semelhantes.<\/li>\n<li>Acelere suas pesquisas e ajude voc\u00ea a acessar informa\u00e7\u00f5es com efici\u00eancia.<\/li>\n<li>Reconhec\u00ea-lo quando voc\u00ea usa o site.<\/li>\n<li>Ajudar a diagnosticar problemas com nossos servidores e administrar o site.<\/li>\n<li>Rastreie entradas, envios e status em qualquer parte interativa do site.<\/li>\n<li>Monitorar a efic\u00e1cia do site e agregar m\u00e9tricas.<\/li>\n<\/ul>\n<p>Usamos as informa\u00e7\u00f5es que coletamos sobre voc\u00ea ou que voc\u00ea nos fornece, incluindo qualquer informa\u00e7\u00e3o pessoal, para:<\/p>\n<ul>\n<li>Fornecer a voc\u00ea o site e quaisquer outras informa\u00e7\u00f5es, produtos ou servi\u00e7os que voc\u00ea solicitar de n\u00f3s.<\/li>\n<li>Fornecer a voc\u00ea o conte\u00fado do site e seus recursos interativos.<\/li>\n<li>Entrar em contato com voc\u00ea sobre crimes de \u00f3dio e incidentes semelhantes que voc\u00ea nos relatar.<\/li>\n<li>Permitir que voc\u00ea trabalhe, consulte ou seja volunt\u00e1rio para n\u00f3s.<\/li>\n<li>Processe sua doa\u00e7\u00e3o.<\/li>\n<li>Desenvolver estat\u00edsticas.<\/li>\n<li>Avalie sua inscri\u00e7\u00e3o ou cadastro para receber nossos programas e servi\u00e7os.<\/li>\n<li>Dar-lhe avisos sobre sua conta ou registro.<\/li>\n<li>Fornecer comunica\u00e7\u00f5es de marketing ou boletins informativos.<\/li>\n<li>Cumprir nossas obriga\u00e7\u00f5es e fazer valer nossos direitos decorrentes de quaisquer contratos celebrados entre voc\u00ea e n\u00f3s.<\/li>\n<li>Notific\u00e1-lo quando atualiza\u00e7\u00f5es em nosso site estiverem dispon\u00edveis e notific\u00e1-lo sobre altera\u00e7\u00f5es em quaisquer servi\u00e7os que oferecemos ou prestamos.<\/li>\n<li>Para cumprir o prop\u00f3sito para o qual voc\u00ea o fornece. Por exemplo, se voc\u00ea nos fornecer um endere\u00e7o de e-mail para usar um recurso de e-mail do site.<\/li>\n<li>Para fins internos, quando necess\u00e1rio.<\/li>\n<li>Para cumprir as leis aplic\u00e1veis.<\/li>\n<li>Para qualquer outra finalidade com o seu consentimento.<\/li>\n<\/ul>\n\n<h3><strong>Divulga\u00e7\u00e3o de suas informa\u00e7\u00f5es<\/strong><\/h3>\n<p>Podemos divulgar informa\u00e7\u00f5es agregadas sobre nossos usu\u00e1rios e informa\u00e7\u00f5es que n\u00e3o identificam nenhum indiv\u00edduo ou dispositivo, sem restri\u00e7\u00f5es.<\/p>\n<p>Al\u00e9m disso, podemos divulgar informa\u00e7\u00f5es que coletamos ou voc\u00ea fornecer:<\/p>\n<ul>\n<li>Para nossas subsidi\u00e1rias, afiliadas e agentes.<\/li>\n<li>Para contratados, prestadores de servi\u00e7os e outros terceiros que usamos para apoiar nossos neg\u00f3cios.<\/li>\n<li>Ao Escrit\u00f3rio de Assuntos de Imigra\u00e7\u00e3o, \u00e0s autoridades policiais locais ou a outras ag\u00eancias para relatar incidentes, incluindo crimes de \u00f3dio, ou ao Gabinete de Iniciativas Comunit\u00e1rias do Governador, ao Centro de Coordena\u00e7\u00e3o e An\u00e1lise de Maryland (MCAC) ou entidades semelhantes para compartilhamento de dados e conscientiza\u00e7\u00e3o p\u00fablica.<\/li>\n<li>Para um comprador ou outro sucessor no caso de uma fus\u00e3o, aliena\u00e7\u00e3o, reestrutura\u00e7\u00e3o, reorganiza\u00e7\u00e3o, dissolu\u00e7\u00e3o ou outra venda ou transfer\u00eancia de alguns ou todos os ativos da 211 Maryland, seja como uma empresa em continuidade ou como parte de fal\u00eancia, liquida\u00e7\u00e3o ou similar processo, no qual as informa\u00e7\u00f5es pessoais mantidas por 211 Maryland sobre os usu\u00e1rios de nosso site est\u00e3o entre os ativos transferidos.<\/li>\n<li>Para cumprir qualquer ordem judicial, lei ou processo legal, inclusive para responder a qualquer solicita\u00e7\u00e3o de coopera\u00e7\u00e3o de aplica\u00e7\u00e3o da lei, ag\u00eancia reguladora ou outra ag\u00eancia governamental, ou para estabelecer ou fazer cumprir ou aplicar nossos termos de uso ou nossos direitos ou solu\u00e7\u00f5es decorrentes de qualquer contratos celebrados entre voc\u00ea e n\u00f3s e outros acordos, inclusive para cobran\u00e7a e cobran\u00e7a. Nesses casos, podemos levantar ou renunciar a qualquer obje\u00e7\u00e3o legal ou direito dispon\u00edvel para n\u00f3s, a nosso exclusivo crit\u00e9rio.<\/li>\n<li>Se acreditarmos que a divulga\u00e7\u00e3o \u00e9 necess\u00e1ria ou apropriada em rela\u00e7\u00e3o aos esfor\u00e7os para investigar, prevenir, relatar ou tomar outras medidas relacionadas a atividades ilegais, suspeitas de fraude ou outras irregularidades; para proteger ou defender os direitos, propriedade ou seguran\u00e7a de 211 Maryland ou outros. Isso inclui a troca de informa\u00e7\u00f5es com outras empresas e organiza\u00e7\u00f5es para fins de prote\u00e7\u00e3o contra fraudes e redu\u00e7\u00e3o do risco de cr\u00e9dito.<\/li>\n<li>Para relatar suspeitas de abuso de idosos, neglig\u00eancia, abuso infantil, crimes de \u00f3dio ou incidentes semelhantes.<\/li>\n<li>Para pessoas divulgadas por n\u00f3s quando voc\u00ea fornece as informa\u00e7\u00f5es.<\/li>\n<li>A outras pessoas ou entidades com o seu consentimento ou conforme divulgado no momento da coleta.<\/li>\n<\/ul>\n\n<h3><strong>Suas escolhas<\/strong><\/h3>\n<p>Quando voc\u00ea se inscreve ou entra em contato conosco atrav\u00e9s do site, pode ser configurado para receber mensagens de e-mail, a menos que voc\u00ea indique que n\u00e3o deseja receber e-mails. A qualquer momento, voc\u00ea pode optar por n\u00e3o receber mais esses e-mails seguindo as instru\u00e7\u00f5es encontradas nos e-mails ou enviando-nos um e-mail informando sua solicita\u00e7\u00e3o para\u00a0<u>info@211md.org<\/u><\/p>\n<p>Se voc\u00ea n\u00e3o deseja que suas informa\u00e7\u00f5es de contato sejam usadas pelo 211 Maryland para promover nossos programas ou servi\u00e7os, voc\u00ea pode optar por n\u00e3o participar enviando-nos uma carta ou e-mail informando sua solicita\u00e7\u00e3o.<\/p>\n<p>Para op\u00e7\u00f5es relacionadas a atividades e an\u00e1lises de publicidade com base em interesses de terceiros, consulte a se\u00e7\u00e3o \u201cTecnologias de coleta e rastreamento de informa\u00e7\u00f5es\u201d acima.<\/p>\n\n<h3><strong>Links de terceiros<\/strong><\/h3>\n<p>O site pode fornecer links para sites ou aplicativos de terceiros. N\u00e3o controlamos as pr\u00e1ticas de privacidade desses sites ou aplicativos e eles n\u00e3o s\u00e3o cobertos por esta pol\u00edtica de privacidade. Voc\u00ea deve revisar as pol\u00edticas de privacidade de outros sites ou aplicativos que usa para aprender sobre suas pr\u00e1ticas de dados.<\/p>\n\n<h3><strong>Acessando e corrigindo suas informa\u00e7\u00f5es pessoais<\/strong><\/h3>\n<p>Voc\u00ea pode ligar, enviar e-mail ou entrar em contato conosco para solicitar acesso, corrigir ou excluir informa\u00e7\u00f5es pessoais que voc\u00ea nos forneceu. Em alguns casos, n\u00e3o podemos excluir suas informa\u00e7\u00f5es pessoais, exceto excluindo tamb\u00e9m sua conta de usu\u00e1rio ou encerrando quaisquer servi\u00e7os nos quais voc\u00ea esteja envolvido ou receba do 211 Maryland. N\u00e3o podemos atender a uma solicita\u00e7\u00e3o de altera\u00e7\u00e3o de informa\u00e7\u00f5es se acreditarmos que a altera\u00e7\u00e3o violaria qualquer lei ou requisito legal ou tornaria as informa\u00e7\u00f5es incorretas.<\/p>\n\n<h3><strong>Coleta de informa\u00e7\u00f5es infantis\u00a0<\/strong><\/h3>\n<p>Apenas coletamos informa\u00e7\u00f5es sobre menores de 13 anos com o consentimento dos pais. Se soubermos que coletamos ou recebemos informa\u00e7\u00f5es pessoais de uma crian\u00e7a menor de 13 anos, excluiremos essas informa\u00e7\u00f5es a pedido dos pais.<\/p>\n\n<h3><strong>Altera\u00e7\u00f5es em nossa pol\u00edtica de privacidade<\/strong><\/h3>\n<p>Podemos atualizar nossa pol\u00edtica de privacidade de tempos em tempos. N\u00f3s encorajamos voc\u00ea a visitar esta p\u00e1gina periodicamente para saber de quaisquer atualiza\u00e7\u00f5es.<\/p>\n\n<h3><strong>Informa\u00e7\u00f5es de contato<\/strong><\/h3>\n<p>Para tirar d\u00favidas ou obter mais informa\u00e7\u00f5es sobre esta pol\u00edtica de privacidade e nossas pr\u00e1ticas de privacidade, entre em contato conosco em:<\/p>\n211 Maryland<br \/>\n9770 Patuxent Woods Drive<br \/>\nSu\u00edte 334<br \/>\nColumbia, MD 21046<br \/>\nTelefone: 301-970-9888<br \/>\nO email:\u00a0<a href=\"mailto:info@211md.org\">info@211md.org<\/a>\n<p>\u00daltima revis\u00e3o em 02\/05\/2022<\/p>\n\t<h2><strong>211 Pol\u00edtica de Solicita\u00e7\u00f5es e Doa\u00e7\u00f5es Volunt\u00e1rias de Maryland<\/strong><\/h2>\n<p>Os contribuidores mais receptivos s\u00e3o aqueles que t\u00eam a oportunidade de se informar e se envolver. Portanto, promovemos doa\u00e7\u00f5es volunt\u00e1rias ao lidar com doadores, funcion\u00e1rios, volunt\u00e1rios e fornecedores.<\/p>\n<p>Respeitaremos os direitos dos doadores de:<\/p>\n<ul>\n<li>Seja informado sobre a miss\u00e3o do 211 Maryland, como os recursos ser\u00e3o usados e que as doa\u00e7\u00f5es s\u00e3o usadas de forma eficaz para os fins pretendidos.<\/li>\n<li>Ser informado sobre a identidade daqueles que atuam no Conselho de Administra\u00e7\u00e3o e esperar que o Conselho exer\u00e7a um julgamento prudente em suas responsabilidades administrativas.<\/li>\n<li>Tenha acesso aos relat\u00f3rios financeiros mais recentes de 211 Maryland.<\/li>\n<li>Receber reconhecimento e reconhecimento apropriados.<\/li>\n<li>Tenha certeza de que as informa\u00e7\u00f5es sobre seus presentes s\u00e3o tratadas com respeito e confidencialidade na medida prevista por lei.<\/li>\n<li>Espere que todos os relacionamentos com indiv\u00edduos empregados por 211 Maryland para o doador sejam de natureza profissional.<\/li>\n<li>Ter a oportunidade de seus nomes serem exclu\u00eddos das listas de distribui\u00e7\u00e3o.<\/li>\n<li>Sinta-se \u00e0 vontade para fazer perguntas ao doar e receber respostas r\u00e1pidas e verdadeiras.<\/li>\n<\/ul>\n<p>Os doadores com preocupa\u00e7\u00f5es devem entrar em contato com nossa Linha de Apoio ao Doador por: e-mail em\u00a0<a href=\"mailto:info@211md.org\">info@211md.org<\/a>.<\/p>","protected":false},"excerpt":{"rendered":"<p>Veja os termos e condi\u00e7\u00f5es de mensagens de texto. Em vigor a partir de 29 de abril de 2022, 211 Maryland respeita sua privacidade. 211 Maryland pode coletar informa\u00e7\u00f5es dos usu\u00e1rios de seu site (\u201cSite\u201d). Esta pol\u00edtica descreve: Os tipos de informa\u00e7\u00f5es que podemos coletar ou que voc\u00ea pode fornecer atrav\u00e9s do Site. Nossas pr\u00e1ticas para coletar, usar e divulgar isso\u2026<\/p>","protected":false},"author":8,"featured_media":0,"parent":0,"menu_order":0,"comment_status":"closed","ping_status":"closed","template":"","meta":{"footnotes":""},"class_list":["post-1481","page","type-page","status-publish","hentry"],"_links":{"self":[{"href":"https:\/\/211md.org\/pt\/wp-json\/wp\/v2\/pages\/1481","targetHints":{"allow":["GET"]}}],"collection":[{"href":"https:\/\/211md.org\/pt\/wp-json\/wp\/v2\/pages"}],"about":[{"href":"https:\/\/211md.org\/pt\/wp-json\/wp\/v2\/types\/page"}],"author":[{"embeddable":true,"href":"https:\/\/211md.org\/pt\/wp-json\/wp\/v2\/users\/8"}],"replies":[{"embeddable":true,"href":"https:\/\/211md.org\/pt\/wp-json\/wp\/v2\/comments?post=1481"}],"version-history":[{"count":0,"href":"https:\/\/211md.org\/pt\/wp-json\/wp\/v2\/pages\/1481\/revisions"}],"wp:attachment":[{"href":"https:\/\/211md.org\/pt\/wp-json\/wp\/v2\/media?parent=1481"}],"curies":[{"name":"wp","href":"https:\/\/api.w.org\/{rel}","templated":true}]}}