{"id":1515,"date":"2021-05-04T16:18:58","date_gmt":"2021-05-04T16:18:58","guid":{"rendered":"https:\/\/211md.org\/?page_id=1515"},"modified":"2025-07-11T17:27:14","modified_gmt":"2025-07-11T21:27:14","slug":"politica-de-inclusao","status":"publish","type":"page","link":"https:\/\/211md.org\/pt\/inclusion-policy\/","title":{"rendered":"Pol\u00edtica de Inclus\u00e3o"},"content":{"rendered":"<h2>\n\t\t\t211 Banco de Dados de Recursos Comunit\u00e1rios\t<\/h2>\n\t<p>Esta Pol\u00edtica de Inclus\u00e3o\/Exclus\u00e3o fornece diretrizes sobre os tipos de organiza\u00e7\u00f5es e servi\u00e7os eleg\u00edveis para inclus\u00e3o no Banco de Dados de Recursos Comunit\u00e1rios 211, mantido pela Maryland Information Network (MdInfoNet). De acordo com <a href=\"https:\/\/www.informusa.org\/standards\" target=\"_blank\" rel=\"noopener\">Informe os padr\u00f5es dos EUA<\/a>, esta pol\u00edtica deve ser aplicada de forma uniforme e justa. Ela \u00e9 publicada para que todos os usu\u00e1rios estejam cientes do escopo e das limita\u00e7\u00f5es do diret\u00f3rio.<\/p>\n<h3>Eleg\u00edvel para inclus\u00e3o<\/h3>\n<p>A Maryland Information Network, que \u00e9 a organiza\u00e7\u00e3o sem fins lucrativos administrada pelo estado do sistema 211 em Maryland, atende todo o estado de Maryland e busca incluir organiza\u00e7\u00f5es e programas de sa\u00fade e servi\u00e7os humanos que fornecem servi\u00e7os aos moradores de Maryland, independentemente da localiza\u00e7\u00e3o f\u00edsica do provedor de servi\u00e7os.<\/p>\n<p><strong>Em geral, s\u00e3o considerados eleg\u00edveis para inclus\u00e3o:<\/strong><\/p>\n<ul>\n<li>Organiza\u00e7\u00f5es com e sem fins lucrativos, grupos religiosos, clubes e sociedades, cooperativas, profissionais individuais e ag\u00eancias e autoridades governamentais que fornecem servi\u00e7os de sa\u00fade, sociais, educacionais, de biblioteca, de emprego, jur\u00eddicos, recreativos e outros servi\u00e7os humanos para a comunidade em geral.<\/li>\n<li>Organiza\u00e7\u00f5es com um status mais informal que s\u00e3o administradas predominantemente por volunt\u00e1rios, como grupos de autoajuda.<\/li>\n<li>Linhas de crise gratuitas, linhas diretas, linhas de ajuda, ferramentas de localiza\u00e7\u00e3o e sites que oferecem assist\u00eancia direta ou fornecem informa\u00e7\u00f5es especializadas e encaminhamento para organiza\u00e7\u00f5es de sa\u00fade e servi\u00e7os humanos.<\/li>\n<li>Organiza\u00e7\u00f5es que defendem programas e pol\u00edticas de servi\u00e7os humanos, incluindo aquelas que oferecem oportunidades para indiv\u00edduos e grupos participarem de projetos de melhoria ou servi\u00e7o comunit\u00e1rio, ou terem voz no processo pol\u00edtico.<\/li>\n<li>Organiza\u00e7\u00f5es comerciais e com fins lucrativos que fornecem servi\u00e7os gratuitos, subsidiados ou com taxas vari\u00e1veis, ou que oferecem servi\u00e7os exclusivos ou essenciais n\u00e3o cobertos adequadamente pelo setor sem fins lucrativos.<\/li>\n<li>Hospitais licenciados, cl\u00ednicas de sa\u00fade, casas de repouso e ag\u00eancias de sa\u00fade domiciliar.<\/li>\n<li>Servi\u00e7os tempor\u00e1rios que s\u00e3o ativados em resposta a circunst\u00e2ncias especiais, como desastres naturais ou provocados pelo homem, bem como programa\u00e7\u00e3o sazonal e de feriados.<\/li>\n<li>Organiza\u00e7\u00f5es que fornecem programas e servi\u00e7os relevantes para uma parceria ou contrato da Maryland Information Network\/211.<\/li>\n<\/ul>\n<p>A Maryland Information Network 211 Maryland Inc. n\u00e3o pro\u00edbe a inclus\u00e3o de nenhum programa que vise servi\u00e7os com base em idade, ra\u00e7a, religi\u00e3o, g\u00eanero, orienta\u00e7\u00e3o sexual, defici\u00eancia ou outras caracter\u00edsticas projetadas para atender \u00e0s necessidades especiais de popula\u00e7\u00f5es-alvo, se estiverem abertas a todas as pessoas dessas popula\u00e7\u00f5es espec\u00edficas.<\/p>\n<h3>Ineleg\u00edvel para inclus\u00e3o<\/h3>\n<p><strong>Organiza\u00e7\u00f5es que normalmente n\u00e3o s\u00e3o eleg\u00edveis para inclus\u00e3o incluem, mas n\u00e3o est\u00e3o limitadas a:<\/strong><\/p>\n<ul>\n<li>Organiza\u00e7\u00f5es que est\u00e3o em opera\u00e7\u00e3o h\u00e1 menos de um ano, a menos que atendam a uma necessidade cr\u00edtica.<\/li>\n<li>Organiza\u00e7\u00f5es que discriminam com base em cor, ra\u00e7a, religi\u00e3o, g\u00eanero, orienta\u00e7\u00e3o sexual, ascend\u00eancia, identidade de g\u00eanero, origem nacional ou qualquer outra categoria protegida por lei.<\/li>\n<li>Grupos religiosos, clubes sociais e associa\u00e7\u00f5es comunit\u00e1rias que oferecem servi\u00e7os somente para associados.<\/li>\n<li>Organiza\u00e7\u00f5es que oferecem servi\u00e7os que s\u00e3o ilegais segundo estatutos, portarias, regulamentos ou ordens federais, locais ou de Maryland.<\/li>\n<li>Organiza\u00e7\u00f5es que foram publicamente acusadas ou condenadas por a\u00e7\u00f5es que n\u00e3o atendem aos melhores interesses das pessoas a quem atendem.<\/li>\n<li>Consult\u00f3rios comerciais e particulares de medicina, assist\u00eancia social, enfermagem, aconselhamento, psiquiatria, psicologia, fisioterapia ou terapia ocupacional, etc., que n\u00e3o aceitam Medicare, Medicaid ou oferecem uma tabela de pre\u00e7os vari\u00e1vel para servi\u00e7os pagos, de modo que permane\u00e7am acess\u00edveis a indiv\u00edduos de baixa renda.<\/li>\n<li>Organiza\u00e7\u00f5es que deturpam a si mesmas ou seus servi\u00e7os de qualquer forma.<\/li>\n<\/ul>\n<p>O sistema 211 busca oferecer uma representa\u00e7\u00e3o equilibrada de recursos, incluindo aqueles de causas pol\u00edticas e grupos de a\u00e7\u00e3o voltados para quest\u00f5es espec\u00edficas. No entanto, se uma organiza\u00e7\u00e3o ou programa considerado sob esses crit\u00e9rios for considerado prejudicial \u00e0 comunidade, ser\u00e1 exclu\u00eddo.<\/p>\n<p><strong>Controle de qualidade<\/strong><\/p>\n<p>Para garantir que atenda \u00e0s necessidades em constante mudan\u00e7a da comunidade, a MdInfoNet, que fornece os servi\u00e7os 211, revisa a Pol\u00edtica de Inclus\u00e3o\/Exclus\u00e3o anualmente e realiza revis\u00f5es regulares do diret\u00f3rio para garantir que todas as organiza\u00e7\u00f5es e servi\u00e7os estejam em conformidade.<\/p>\n<p>Para permanecer em situa\u00e7\u00e3o regular e evitar a remo\u00e7\u00e3o do diret\u00f3rio, as organiza\u00e7\u00f5es listadas devem concordar em participar da verifica\u00e7\u00e3o anual de suas informa\u00e7\u00f5es e manter atualiza\u00e7\u00f5es regulares conforme as mudan\u00e7as ocorrem.<\/p>\n<p><strong>Exclus\u00e3o e Remo\u00e7\u00e3o<\/strong><\/p>\n<p>A MdInfoNet reserva-se o direito de recusar a inclus\u00e3o de organiza\u00e7\u00f5es e servi\u00e7os que n\u00e3o atendam aos crit\u00e9rios de inclus\u00e3o por qualquer motivo. O We211 tamb\u00e9m pode remover uma organiza\u00e7\u00e3o ou servi\u00e7o previamente aprovado para inclus\u00e3o caso n\u00e3o se enquadre mais no escopo, n\u00e3o verifique suas informa\u00e7\u00f5es ap\u00f3s a notifica\u00e7\u00e3o final ou tenha reclama\u00e7\u00f5es graves contra eles por qualquer \u00f3rg\u00e3o regulador, pelo p\u00fablico em geral, pelo sistema 211 ou pela MdInfoNet.<\/p>\n<p><strong>Reclama\u00e7\u00f5es e Recursos<\/strong><\/p>\n<p>A MdInfoNet considera as reclama\u00e7\u00f5es como um feedback valioso que pode melhorar a qualidade do diret\u00f3rio de recursos e dos servi\u00e7os relacionados. Reclama\u00e7\u00f5es e recursos sobre inclus\u00e3o ou exclus\u00e3o podem ser enviados para <strong>resources@211md.org<\/strong> e ser\u00e3o tratadas conforme recebidas.<\/p>\n<p><strong>Isen\u00e7\u00f5es de responsabilidade adicionais<\/strong><\/p>\n<ul>\n<li>O Banco de Dados de Recursos da Comunidade 211 n\u00e3o se destina a fornecer marketing gratuito para empresas; a inclus\u00e3o n\u00e3o constitui nem implica endosso. A exclus\u00e3o tamb\u00e9m n\u00e3o indica desaprova\u00e7\u00e3o, nem reflete o valor ou a contribui\u00e7\u00e3o de qualquer organiza\u00e7\u00e3o para a comunidade.<\/li>\n<li>N\u00e3o exigimos, recebemos ou aceitamos pagamento de nenhuma organiza\u00e7\u00e3o para ser listada no diret\u00f3rio.<\/li>\n<li>As informa\u00e7\u00f5es da organiza\u00e7\u00e3o enviada podem ser editadas quanto ao formato, estilo, brevidade ou clareza e usadas para fins de refer\u00eancia e publica\u00e7\u00e3o.<\/li>\n<\/ul>\n<p><strong>\u00daltima atualiza\u00e7\u00e3o:<\/strong>\u00a0 Julho de 2025<\/p>","protected":false},"excerpt":{"rendered":"<p>Banco de Dados de Recursos Comunit\u00e1rios 211 Esta Pol\u00edtica de Inclus\u00e3o\/Exclus\u00e3o fornece diretrizes sobre os tipos de organiza\u00e7\u00f5es e servi\u00e7os eleg\u00edveis para inclus\u00e3o no Banco de Dados de Recursos Comunit\u00e1rios 211, mantido pela Maryland Information Network (MdInfoNet). De acordo com os Padr\u00f5es Inform USA, esta pol\u00edtica deve ser aplicada de forma uniforme e justa. Ela \u00e9 publicada para que todos os usu\u00e1rios...<\/p>","protected":false},"author":8,"featured_media":0,"parent":0,"menu_order":0,"comment_status":"closed","ping_status":"closed","template":"","meta":{"footnotes":""},"class_list":["post-1515","page","type-page","status-publish","hentry"],"_links":{"self":[{"href":"https:\/\/211md.org\/pt\/wp-json\/wp\/v2\/pages\/1515","targetHints":{"allow":["GET"]}}],"collection":[{"href":"https:\/\/211md.org\/pt\/wp-json\/wp\/v2\/pages"}],"about":[{"href":"https:\/\/211md.org\/pt\/wp-json\/wp\/v2\/types\/page"}],"author":[{"embeddable":true,"href":"https:\/\/211md.org\/pt\/wp-json\/wp\/v2\/users\/8"}],"replies":[{"embeddable":true,"href":"https:\/\/211md.org\/pt\/wp-json\/wp\/v2\/comments?post=1515"}],"version-history":[{"count":2,"href":"https:\/\/211md.org\/pt\/wp-json\/wp\/v2\/pages\/1515\/revisions"}],"predecessor-version":[{"id":4914,"href":"https:\/\/211md.org\/pt\/wp-json\/wp\/v2\/pages\/1515\/revisions\/4914"}],"wp:attachment":[{"href":"https:\/\/211md.org\/pt\/wp-json\/wp\/v2\/media?parent=1515"}],"curies":[{"name":"wp","href":"https:\/\/api.w.org\/{rel}","templated":true}]}}