{"id":1685,"date":"2021-05-12T00:22:40","date_gmt":"2021-05-12T00:22:40","guid":{"rendered":"https:\/\/211md.org\/?page_id=1685"},"modified":"2025-10-29T07:09:20","modified_gmt":"2025-10-29T11:09:20","slug":"condado-de-somerset","status":"publish","type":"page","link":"https:\/\/211md.org\/pt\/resources-by-county\/somerset-county\/","title":{"rendered":"Condado de Somerset"},"content":{"rendered":"<p>A ajuda est\u00e1 dispon\u00edvel no condado de Somerset. Pesquise no banco de dados 211 recursos em Princess Anne, Crisfield, Westover, Deal Island, Marion e outras comunidades do condado de Somerset.<\/p>\n<p>Voc\u00ea tamb\u00e9m pode discar 2-1-1 a qualquer hora do dia ou da noite. Tamb\u00e9m reunimos esta lista de recursos com ag\u00eancias comumente referidas.<\/p>\n<h3><b>Suporte para necessidades essenciais<\/b><\/h3>\n<p><a href=\"https:\/\/shoreup.org\/about-us\/offices-facilities\/\" target=\"_blank\" rel=\"noopener\">APOIE!<\/a>\u00a0em Princess Anne oferece ajuda com inscri\u00e7\u00f5es em programas de assist\u00eancia energ\u00e9tica de Maryland, habita\u00e7\u00e3o e\u00a0<a href=\"https:\/\/shoreup.org\/family-support\/free-tax-preparation\/\" target=\"_blank\" rel=\"noopener\">prepara\u00e7\u00e3o de impostos gratuita<\/a>.<\/p>\n<p>Se voc\u00ea mora no condado de Somerset, pode haver outros recursos nos condados vizinhos.<\/p>\n<p>211 Especialistas em Informa\u00e7\u00e3o e Refer\u00eancia frequentemente encaminham os residentes para o\u00a0<a href=\"https:\/\/thejosephhouse.org\/if-you-need-help\/\" target=\"_blank\" rel=\"noopener\">Centro de Crise Joseph House<\/a>\u00a0na vizinha Salisbury. N\u00e3o h\u00e1 requisitos de resid\u00eancia para obter ajuda. Voc\u00ea deve se inscrever pessoalmente para obter ajuda com alimenta\u00e7\u00e3o ou pagar uma conta.<\/p>\n<p>Se voc\u00ea precisar de comida, o\u00a0<a href=\"https:\/\/mdfoodbank.org\/find-food\/\" target=\"_blank\" rel=\"noopener\">Banco Alimentar de Maryland<\/a>\u00a0tem uma filial na costa leste em Salisbury, incluindo um programa de despensa escolar.\u00a0<a href=\"https:\/\/mdfoodbank.org\/find-food\/?post%5B0%5D=partner_locations&amp;address%5B0%5D=Somerset%20County%2C%20MD%2C%20USA&amp;distance=100&amp;units=imperial&amp;per_page=50&amp;lat=38.086233&amp;lng=-75.853395&amp;form=1&amp;action=fs\" target=\"_blank\" rel=\"noopener\">Encontre uma despensa de alimentos no condado de Somerset<\/a>.<\/p>\n<p>&nbsp;<\/p>\n<h3><b>Centro de Crises de Vida<\/b><\/h3>\n<p><a href=\"https:\/\/www.lifecrisiscenter.org\/\" target=\"_blank\" rel=\"noopener\">Centro de Crises de Vida<\/a>, que faz parte da rede 211 de call centers, apoia as necessidades de sa\u00fade mental no condado de Somerset e nas comunidades vizinhas.<\/p>\n<p>Eles oferecem programas de interven\u00e7\u00e3o em crises e preven\u00e7\u00e3o da viol\u00eancia para v\u00edtimas de viol\u00eancia dom\u00e9stica, agress\u00e3o sexual e abuso infantil. Os servi\u00e7os incluem uma casa segura, gerenciamento intensivo de casos, visita\u00e7\u00e3o supervisionada, aconselhamento,\u00a0<a href=\"https:\/\/www.lifecrisiscenter.org\/services\/Legal-Services-and-Advocacy.htm\" target=\"_blank\" rel=\"noopener\">servi\u00e7os legais<\/a>, apoio \u00e0s v\u00edtimas, grupos de agressores e divulga\u00e7\u00e3o. Eles atendem aos condados de Wicomico, Worcester e Somerset.<\/p>\n<p><a href=\"https:\/\/www.lifecrisiscenter.org\/services\/Counseling.htm\" target=\"_blank\" rel=\"noopener\">Terapia<\/a> \u00e9 oferecido gratuitamente a v\u00edtimas de viol\u00eancia dom\u00e9stica, agress\u00e3o sexual e abuso infantil. A terapia tamb\u00e9m est\u00e1 dispon\u00edvel para familiares sobreviventes impactados por homic\u00eddio na regi\u00e3o de tr\u00eas condados da Costa Leste de Maryland.<\/p>\n<p>Ligue ou envie uma mensagem para 988 se precisar de apoio imediato com problemas de sa\u00fade mental, pensamentos suicidas, depress\u00e3o ou abuso de subst\u00e2ncias. Voc\u00ea tamb\u00e9m pode <a href=\"https:\/\/search.988.mdinfonet.org\/\" target=\"_blank\" rel=\"noopener\">procurar outros provedores de sa\u00fade mental<\/a> no banco de dados de recursos 988 fornecido pela Maryland Information Network.<\/p>\n<h3><b>Pesquisar ajuda por categoria\u00a0<\/b><\/h3>\n<p>Precisa de ajuda com outra coisa? N\u00f3s protegemos voc\u00ea. Disque 2-1-1 para falar com algu\u00e9m imediatamente. Ou pesquise por categoria para encontrar um recurso perto de voc\u00ea no condado de Somerset.<\/p>\n\t\t<h4><a href=\"\/pt\/recursos\/envelhecimento-incapacidade\/?utm_source=Home&#038;utm_medium=Referral&#038;utm_campaign=211Resources&#038;utm_content=Aging\" target=\"_self\">Envelhecimento e Defici\u00eancia<\/a><\/h4>\n\t\t\t\t<a href=\"\/pt\/recursos\/envelhecimento-incapacidade\/?utm_source=Home&#038;utm_medium=Referral&#038;utm_campaign=211Resources&#038;utm_content=Aging\"  target=\"_self\" itemprop=\"url\">\n\t\t\t\t<img decoding=\"async\" src=\"https:\/\/211md.org\/wp-content\/uploads\/bb-plugin\/cache\/2025_MdInfoNet_Icon-Sets_Aging-disability-square-c466727102cae71e5f27b8539bb51945-.png\" alt=\"\" itemprop=\"image\" onerror=\"this.style.display='none'\" loading=\"lazy\" \/>\n\t\t\t\t<\/a>\n\t\t<h4><a href=\"\/pt\/recursos\/criancas-familias\/?utm_source=Home&#038;utm_medium=Referral&#038;utm_campaign=211Resources&#038;utm_content=Children\" target=\"_self\">Crian\u00e7as e Fam\u00edlias<\/a><\/h4>\n\t\t\t\t<a href=\"\/pt\/recursos\/criancas-familias\/?utm_source=Home&#038;utm_medium=Referral&#038;utm_campaign=211Resources&#038;utm_content=Children\"  target=\"_self\" itemprop=\"url\">\n\t\t\t\t<img decoding=\"async\" src=\"https:\/\/211md.org\/wp-content\/uploads\/bb-plugin\/cache\/2025_211_Icon-Sets_Child-care-square-f3b0d4edab3dcc467fadb5f55f4064c6-.png\" alt=\"2025_211_Conjuntos de \u00edcones_Cuidados infantis\" itemprop=\"image\" height=\"417\" width=\"417\" title=\"2025_211_Conjuntos de \u00edcones_Cuidados infantis\" onerror=\"this.style.display='none'\" loading=\"lazy\" \/>\n\t\t\t\t<\/a>\n\t\t<h4><a href=\"\/pt\/recursos\/violencia-domestica-familiar\/?utm_source=Home&#038;utm_medium=Referral&#038;utm_campaign=211Resources&#038;utm_content=Domestic\" target=\"_self\">Viol\u00eancia dom\u00e9stica<\/a><\/h4>\n\t\t\t\t<a href=\"\/pt\/recursos\/violencia-domestica-familiar\/?utm_source=Home&#038;utm_medium=Referral&#038;utm_campaign=211Resources&#038;utm_content=Domestic\"  target=\"_self\" itemprop=\"url\">\n\t\t\t\t<img decoding=\"async\" src=\"https:\/\/211md.org\/wp-content\/uploads\/bb-plugin\/cache\/2025_211_Icon-Sets_Domestic-Violence-square-7b597694a6f05fe90cdc376aa573bc63-.png\" alt=\"\u00cdcone de viol\u00eancia dom\u00e9stica\" itemprop=\"image\" height=\"417\" width=\"417\" title=\"2025_211_Conjuntos de \u00edcones_Viol\u00eancia dom\u00e9stica\" onerror=\"this.style.display='none'\" loading=\"lazy\" \/>\n\t\t\t\t<\/a>\n\t\t<h4><a href=\"\/pt\/recursos\/procura-de-emprego\/?utm_source=Home&#038;utm_medium=Referral&#038;utm_campaign=211Resources&#038;utm_content=Employment\" target=\"_self\">Emprego<\/a><\/h4>\n\t\t\t\t<a href=\"\/pt\/recursos\/procura-de-emprego\/?utm_source=Home&#038;utm_medium=Referral&#038;utm_campaign=211Resources&#038;utm_content=Employment\"  target=\"_self\" itemprop=\"url\">\n\t\t\t\t<img decoding=\"async\" src=\"https:\/\/211md.org\/wp-content\/uploads\/bb-plugin\/cache\/2025_MdInfoNet_Icon-Sets_Employment-square-44707bd410e4df10a470bf130ebcea86-.png\" alt=\"\" itemprop=\"image\" onerror=\"this.style.display='none'\" loading=\"lazy\" \/>\n\t\t\t\t<\/a>\n\t\t<h4><a href=\"\/pt\/recursos\/cuidados-de-saude\/?utm_source=Home&#038;utm_medium=Referral&#038;utm_campaign=211Resources&#038;utm_content=Health%20Care\" target=\"_self\">Cuidados de sa\u00fade<\/a><\/h4>\n\t\t\t\t<a href=\"\/pt\/recursos\/cuidados-de-saude\/?utm_source=Home&#038;utm_medium=Referral&#038;utm_campaign=211Resources&#038;utm_content=Health%20Care\"  target=\"_self\" itemprop=\"url\">\n\t\t\t\t<img decoding=\"async\" src=\"https:\/\/211md.org\/wp-content\/uploads\/bb-plugin\/cache\/2025_MdInfoNet_Icon-Sets_Health-Care-square-dee98a0060cbe0e7f27eda253fc12679-.png\" alt=\"\" itemprop=\"image\" onerror=\"this.style.display='none'\" loading=\"lazy\" \/>\n\t\t\t\t<\/a>\n\t\t<h4><a href=\"\/pt\/recursos\/criancas-familias\/cuidados-de-parentesco\/?utm_source=Home&#038;utm_medium=Referral&#038;utm_campaign=211Resources&#038;utm_content=Kinship\" target=\"_self\">Parentesco<\/a><\/h4>\n\t\t\t\t<a href=\"\/pt\/recursos\/criancas-familias\/cuidados-de-parentesco\/?utm_source=Home&#038;utm_medium=Referral&#038;utm_campaign=211Resources&#038;utm_content=Kinship\"  target=\"_self\" itemprop=\"url\">\n\t\t\t\t<img decoding=\"async\" src=\"https:\/\/211md.org\/wp-content\/uploads\/bb-plugin\/cache\/2025_211_Icon-Sets_Kinship-square-45bdf872866f5735f842c32071109267-.png\" alt=\"\u00cdcone de parentesco\" itemprop=\"image\" height=\"417\" width=\"417\" title=\"2025_211_Conjuntos de \u00edcones_Parentesco\" onerror=\"this.style.display='none'\" loading=\"lazy\" \/>\n\t\t\t\t<\/a>\n\t\t<h4><a href=\"\/pt\/recursos\/servicos-legais\/?utm_source=Home&#038;utm_medium=Referral&#038;utm_campaign=211Resources&#038;utm_content=Legal\" target=\"_self\">Servi\u00e7os legais<\/a><\/h4>\n\t\t\t\t<a href=\"\/pt\/recursos\/servicos-legais\/?utm_source=Home&#038;utm_medium=Referral&#038;utm_campaign=211Resources&#038;utm_content=Legal\"  target=\"_self\" itemprop=\"url\">\n\t\t\t\t<img decoding=\"async\" src=\"https:\/\/211md.org\/wp-content\/uploads\/bb-plugin\/cache\/2025_MdInfoNet_Icon-Sets_Legal-square-18fdf438feb8435588174d9046463257-.png\" alt=\"\" itemprop=\"image\" onerror=\"this.style.display='none'\" loading=\"lazy\" \/>\n\t\t\t\t<\/a>\n\t\t<h4><a href=\"\/pt\/recursos\/saude-mental\/?utm_source=Home&#038;utm_medium=Referral&#038;utm_campaign=211Resources&#038;utm_content=Mental\" target=\"_self\">Sa\u00fade mental<\/a><\/h4>\n\t\t\t\t<a href=\"\/pt\/recursos\/saude-mental\/?utm_source=Home&#038;utm_medium=Referral&#038;utm_campaign=211Resources&#038;utm_content=Mental\"  target=\"_self\" itemprop=\"url\">\n\t\t\t\t<img decoding=\"async\" src=\"https:\/\/211md.org\/wp-content\/uploads\/bb-plugin\/cache\/2025_MdInfoNet_Icon-Sets_Mental-Health-square-c59b38c4a993a947d4c9280fbe2d2fee-.png\" alt=\"\" itemprop=\"image\" onerror=\"this.style.display='none'\" loading=\"lazy\" \/>\n\t\t\t\t<\/a>\n\t\t<h4><a href=\"\/pt\/recursos\/mdreentry\/?utm_source=Home&#038;utm_medium=Referral&#038;utm_campaign=211Resources&#038;utm_content=Reentry\" target=\"_self\">Reentrada<\/a><\/h4>\n\t\t\t\t<a href=\"\/pt\/recursos\/mdreentry\/?utm_source=Home&#038;utm_medium=Referral&#038;utm_campaign=211Resources&#038;utm_content=Reentry\"  target=\"_self\" itemprop=\"url\">\n\t\t\t\t<img decoding=\"async\" src=\"https:\/\/211md.org\/wp-content\/uploads\/bb-plugin\/cache\/2025_211_Icon-Sets_Reentry-square-8676fea38abd920a832f45642fe31cca-.png\" alt=\"\u00cdcone de reentrada\" itemprop=\"image\" height=\"417\" width=\"417\" title=\"2025_211_Conjuntos de \u00edcones_Reentrada\" onerror=\"this.style.display='none'\" loading=\"lazy\" \/>\n\t\t\t\t<\/a>\n\t\t<h4><a href=\"\/pt\/recursos\/uso-de-substancias\/?utm_source=Home&#038;utm_medium=Referral&#038;utm_campaign=211Resources&#038;utm_content=Substance\" target=\"_self\">Uso de subst\u00e2ncias<\/a><\/h4>\n\t\t\t\t<a href=\"\/pt\/recursos\/uso-de-substancias\/?utm_source=Home&#038;utm_medium=Referral&#038;utm_campaign=211Resources&#038;utm_content=Substance\"  target=\"_self\" itemprop=\"url\">\n\t\t\t\t<img decoding=\"async\" src=\"https:\/\/211md.org\/wp-content\/uploads\/bb-plugin\/cache\/2025_MdInfoNet_Icon-Sets_Substance-Abuse-square-9022fec9d18a64118ad685c101885b55-.png\" alt=\"\" itemprop=\"image\" onerror=\"this.style.display='none'\" loading=\"lazy\" \/>\n\t\t\t\t<\/a>\n\t\t<h4><a href=\"\/pt\/recursos\/veteranos\/?utm_source=Home&#038;utm_medium=Referral&#038;utm_campaign=211Resources&#038;utm_content=Veterans\" target=\"_self\">veteranos<\/a><\/h4>\n\t\t\t\t<a href=\"\/pt\/recursos\/veteranos\/?utm_source=Home&#038;utm_medium=Referral&#038;utm_campaign=211Resources&#038;utm_content=Veterans\"  target=\"_self\" itemprop=\"url\">\n\t\t\t\t<img decoding=\"async\" src=\"https:\/\/211md.org\/wp-content\/uploads\/bb-plugin\/cache\/2025_MdInfoNet_Icon-Sets_Rating-square-6e60d00cce4faa8e0a6d4ad7366aa733-.png\" alt=\"\" itemprop=\"image\" onerror=\"this.style.display='none'\" loading=\"lazy\" \/>\n\t\t\t\t<\/a>","protected":false},"excerpt":{"rendered":"<p>Help is available in Somerset County. Search the 211 database for resources in Princess Anne, Crisfield, Westover, Deal Island, Marion and other Somerset County communities. You can also dial 2-1-1 any time of day or night. We&#8217;ve also put together this resource list with commonly referred to agencies. Support For Essential Needs SHORE UP!\u00a0in Princess&hellip;<\/p>","protected":false},"author":8,"featured_media":0,"parent":750,"menu_order":0,"comment_status":"closed","ping_status":"closed","template":"","meta":{"footnotes":""},"class_list":["post-1685","page","type-page","status-publish","hentry"],"_links":{"self":[{"href":"https:\/\/211md.org\/pt\/wp-json\/wp\/v2\/pages\/1685","targetHints":{"allow":["GET"]}}],"collection":[{"href":"https:\/\/211md.org\/pt\/wp-json\/wp\/v2\/pages"}],"about":[{"href":"https:\/\/211md.org\/pt\/wp-json\/wp\/v2\/types\/page"}],"author":[{"embeddable":true,"href":"https:\/\/211md.org\/pt\/wp-json\/wp\/v2\/users\/8"}],"replies":[{"embeddable":true,"href":"https:\/\/211md.org\/pt\/wp-json\/wp\/v2\/comments?post=1685"}],"version-history":[{"count":3,"href":"https:\/\/211md.org\/pt\/wp-json\/wp\/v2\/pages\/1685\/revisions"}],"predecessor-version":[{"id":34092,"href":"https:\/\/211md.org\/pt\/wp-json\/wp\/v2\/pages\/1685\/revisions\/34092"}],"up":[{"embeddable":true,"href":"https:\/\/211md.org\/pt\/wp-json\/wp\/v2\/pages\/750"}],"wp:attachment":[{"href":"https:\/\/211md.org\/pt\/wp-json\/wp\/v2\/media?parent=1685"}],"curies":[{"name":"wp","href":"https:\/\/api.w.org\/{rel}","templated":true}]}}