{"id":1687,"date":"2021-05-12T00:23:01","date_gmt":"2021-05-12T00:23:01","guid":{"rendered":"https:\/\/211md.org\/?page_id=1687"},"modified":"2025-11-07T06:50:29","modified_gmt":"2025-11-07T11:50:29","slug":"condado-de-dorchester","status":"publish","type":"page","link":"https:\/\/211md.org\/pt\/resources-by-county\/dorchester-county\/","title":{"rendered":"Condado de Dorchester"},"content":{"rendered":"<h2><a href=\"https:\/\/search.211md.org\/\" target=\"_blank\"  rel=\"noopener\">Encontre recursos perto de mim<\/a><\/h2>\n\t\t\t<a href=\"https:\/\/search.211md.org\/\" target=\"_blank\" rel=\"noopener\">\n\t\t\t\t\t\t\tProcure agora\n\t\t\t<\/a>\n\t<p><strong><a href=\"\/pt\/juntar-nosso-banco-de-dados\/\">Adicione sua ag\u00eancia ou organiza\u00e7\u00e3o ao nosso banco de dados de recursos.<\/a><\/strong><\/p>\n\t<p>A ajuda est\u00e1 dispon\u00edvel se voc\u00ea mora em Cambridge, Algonquin, Cannon Acres, Williamsburg, Waddells Corner, Hurlock, Woodland Acres, Toddville, West Haven ou outra \u00e1rea no Condado de Dorchester.<\/p>\n<p>Ligue para 211 e um especialista em informa\u00e7\u00f5es e encaminhamentos conectar\u00e1 voc\u00ea com a ajuda necess\u00e1ria para prosperar.<\/p>\n<p>Voc\u00ea tamb\u00e9m pode pesquisar no banco de dados acima para encontrar recursos locais.<\/p>\n\t\t<h2>\t\n\tDisque 211<\/h2><p>Conecte-se aos recursos da comunidade e suporte 24 horas por dia, 7 dias por semana, 365 dias por ano.<\/p>\n\t\t\t\t<img decoding=\"async\" src=\"http:\/\/211md.org\/wp-content\/uploads\/2023\/12\/Lighthouse-in-Cambridge-Maryland-in-Dorchester-County-.jpg\" alt=\"farol em cambridge maryland\" itemprop=\"image\" title=\"Farol em Cambridge Maryland, no Condado de Dorchester\" onerror=\"this.style.display='none'\" loading=\"lazy\" \/>\n<h2>Ajuda do Utilit\u00e1rio<\/h2>\n<p>A assist\u00eancia de servi\u00e7os p\u00fablicos \u00e9 a principal solicita\u00e7\u00e3o de ajuda no Condado de Dorchester. Os residentes podem solicitar um subs\u00eddio estadual, como o Programa de Assist\u00eancia Energ\u00e9tica de Maryland (MEAP). Existem v\u00e1rias op\u00e7\u00f5es para ajudar nas contas de eletricidade, g\u00e1s e aquecimento.\u00a0<a href=\"\/pt\/recursos\/utilitario-assistencia\/\" rel=\"noopener\">Obtenha as informa\u00e7\u00f5es mais recentes sobre os programas, diretrizes de renda e como se inscrever<\/a>.<\/p>\n<p>Se precisar de ajuda para preencher o formul\u00e1rio ou tiver d\u00favidas sobre o programa, ligue para o\u00a0<a href=\"https:\/\/dhs.maryland.gov\/office-of-home-energy-programs\/local-home-energy-program-office\/\" target=\"_blank\" rel=\"noopener\">Departamento de Servi\u00e7os Sociais do Condado de Dorchester<\/a>. O n\u00famero \u00e9 410-901-4100. Voc\u00ea tamb\u00e9m pode enviar um e-mail\u00a0<a href=\"mailto:Dorchester.ohep@maryland.gov\">Dorchester.ohep@maryland.gov<\/a><\/p>\n<p>Grupos comunit\u00e1rios podem ser outra op\u00e7\u00e3o se voc\u00ea estiver enfrentando dificuldades com contas de servi\u00e7os p\u00fablicos. O\u00a0<a href=\"https:\/\/search.211md.org\/search\/59585dc7655c06310cb4ffcb82beab02\" target=\"_blank\" rel=\"noopener\">Ex\u00e9rcito de Salva\u00e7\u00e3o, Fundo de Boa Vizinhan\u00e7a,<\/a>\u00a0fornece assist\u00eancia financeira para desconex\u00e3o de servi\u00e7os p\u00fablicos e despejos. \u00c9 um fundo de \u00faltimo recurso.<\/p>\n<p>Se precisar de ajuda para pagar sua conta de luz, ligue para seu provedor.\u00a0<a href=\"https:\/\/www.delmarva.com\/MyAccount\/CustomerSupport\/Pages\/DE\/AssistancePrograms%20(DE).aspx\" target=\"_blank\" rel=\"noopener\">Poder Delmarva<\/a>,\u00a0<a href=\"https:\/\/www.choptankelectric.coop\/energy-assistance\" target=\"_blank\" rel=\"noopener\">Choptank El\u00e9trico<\/a>\u00a0ou\u00a0<a href=\"https:\/\/chpkgas.com\/business-billing\/public-assistance-programs-maryland\/\" target=\"_blank\" rel=\"noopener\">Utilit\u00e1rios Chesapeake<\/a>\u00a0e solicite condi\u00e7\u00f5es de pagamento. Delmarva possui programas como prorroga\u00e7\u00e3o do prazo de vencimento de sua fatura, modalidades de pagamento e faturamento or\u00e7ament\u00e1rio. Para g\u00e1s, ligue para Cambridge Gas Co.<\/p>\n<h3>Obtenha ajuda para outras necessidades<\/h3>\n<p><a href=\"https:\/\/www.dcsdct.org\/community-action--poverty-services.html\" target=\"_blank\" rel=\"noopener\">Ag\u00eancia de A\u00e7\u00e3o Comunit\u00e1ria Delmarva<\/a>\u00a0oferece aos residentes uma despensa de alimentos, ajuda para execu\u00e7\u00e3o hipotec\u00e1ria, independentemente da renda, prepara\u00e7\u00e3o gratuita do imposto de renda e apoio ao aluguel de curto prazo para evitar a falta de moradia.<\/p>\n<h2>Comida<\/h2>\n<p>Se precisar de ajuda com alimenta\u00e7\u00e3o, voc\u00ea pode descobrir se se qualifica para <a href=\"https:\/\/211md.org\/pt\/recursos\/comida\/vale-refeicao\/\">vale-refei\u00e7\u00e3o\/SNAP<\/a>\/, <a href=\"https:\/\/211md.org\/pt\/recursos\/comida\/wic\/\">WIC<\/a> ou v\u00e1 a uma despensa de alimentos ou a um evento de distribui\u00e7\u00e3o de alimentos.<\/p>\n<p>Estas s\u00e3o as despensas de alimentos no condado de Dorchester. Voc\u00ea tamb\u00e9m pode visualizar um calend\u00e1rio de despensas de alimentos por dia, semana ou m\u00eas no <a href=\"https:\/\/www.midshorehealth.org\/food\" target=\"_blank\" rel=\"noopener\">Calend\u00e1rio de despensa de alimentos da Mid Shore Health Improvement Coalition<\/a>.<\/p>\n<p>There&#8217;s also the ShoGo Mobile food service, which delivers fresh, low-cost groceries in Dorchester, Talbot, and Caroline counties. The curbside market has fresh produce and prepared meals at locations in the county. <a href=\"https:\/\/www.carolineculinaryarts.org\/shogo-mobile\" target=\"_blank\" rel=\"noopener\">Find out when the van<\/a> will be near you.<\/p>\n\t\t<h3>Igreja Metodista Unida Hurlock<\/h3><p>Rua Principal Sul 502<\/p>\n<p>Hurlock, MD 21643<\/p>\n<p>443-988-9855<\/p>\n<p>&nbsp;<\/p>\n<p><strong>Segunda a sexta, das 8h \u00e0s 20h<\/strong><\/p>\n\t<iframe src=\"https:\/\/www.google.com\/maps\/embed\/v1\/place?q=502+South+Main+Street%0AHurlock%2C+MD+21643&#038;key=AIzaSyD09zQ9PNDNNy9TadMuzRV_UsPUoWKntt8\" aria-hidden=\"true\" title=\"Igreja Metodista Unida Hurlock\"><\/iframe>\n\t\t<h3>Ex\u00e9rcito de Salva\u00e7\u00e3o de Cambridge<\/h3><p>Rua Washington, 200<\/p>\n<p>Cambridge, MD 21613<\/p>\n<p>410-228-2442<\/p>\n<p>&nbsp;<\/p>\n<p><strong>Segunda, ter\u00e7a, quarta e sexta, das 8h \u00e0s 16h<\/strong><\/p>\n<p><strong>Quinta-feira, das 8h \u00e0s 17h<\/strong><\/p>\n\t<iframe src=\"https:\/\/www.google.com\/maps\/embed\/v1\/place?q=200+Washington+Street%0ACambridge%2C+MD+21613&#038;key=AIzaSyD09zQ9PNDNNy9TadMuzRV_UsPUoWKntt8\" aria-hidden=\"true\" title=\"Ex\u00e9rcito de Salva\u00e7\u00e3o de Cambridge\"><\/iframe>\n\t\t<h3>Delmarva Community Services, Inc. \u2013 Centro de A\u00e7\u00e3o Comunit\u00e1ria Delmarva<\/h3><p>Avenida da Boa Vontade, 1000<\/p>\n<p>Cambridge, MD 21613<\/p>\n<p>410-901-2991<\/p>\n<p>&nbsp;<\/p>\n<p><strong>Segunda, quarta e quinta, das 9h \u00e0s 16h<\/strong><\/p>\n\t<iframe src=\"https:\/\/www.google.com\/maps\/embed\/v1\/place?q=1000+Goodwill+Avenue%0ACambridge%2C+MD+21613&#038;key=AIzaSyD09zQ9PNDNNy9TadMuzRV_UsPUoWKntt8\" aria-hidden=\"true\" title=\"Servi\u00e7os Comunit\u00e1rios Delmarva\"><\/iframe>\n\t\t<h3>A Sociedade de S\u00e3o Vicente de Paulo \u2013 Ref\u00fagio dos Pecadores de Santa Maria<\/h3><p>Avenida Hambrooks, 2000<\/p>\n<p>Cambridge, MD 21613<\/p>\n<p>410-228-4770x6<\/p>\n<p>&nbsp;<\/p>\n<p><strong>Quinta-feira, das 10h \u00e0s 12h<\/strong><\/p>\n\t<iframe src=\"https:\/\/www.google.com\/maps\/embed\/v1\/place?q=2000+Hambrooks+Boulevard%0ACambridge%2C+MD+21613&#038;key=AIzaSyD09zQ9PNDNNy9TadMuzRV_UsPUoWKntt8\" aria-hidden=\"true\" title=\"A Sociedade de S\u00e3o Vicente de Paulo\"><\/iframe>\n\t\t<h3>Corpora\u00e7\u00e3o de Desenvolvimento Comunit\u00e1rio de Dorchester<\/h3><p>Rua Principal, 435. (Caixa Postal 549)<\/p>\n<p>Cambridge, MD 21613<\/p>\n<p>&nbsp;<\/p>\n<p>&nbsp;<\/p>\n<p><strong>Segunda a sexta, das 9h \u00e0s 16h<\/strong><\/p>\n\t<iframe src=\"https:\/\/www.google.com\/maps\/embed\/v1\/place?q=435+High+Street%0ACambridge%2C+MD+21613&#038;key=AIzaSyD09zQ9PNDNNy9TadMuzRV_UsPUoWKntt8\" aria-hidden=\"true\" title=\"Corpora\u00e7\u00e3o de Desenvolvimento Comunit\u00e1rio de Dorchester\"><\/iframe>\n<h2>Sa\u00fade e bem-estar<\/h2>\n<p>o <a href=\"https:\/\/dorchesterhealth.org\/health-services\/\" target=\"_blank\" rel=\"noopener\">Departamento de Sa\u00fade do Condado de Dorchester<\/a> ajuda as fam\u00edlias com exames, vacinas, educa\u00e7\u00e3o em sa\u00fade e bem-estar. Eles tamb\u00e9m tem <a href=\"https:\/\/dorchesterhealth.org\/behavioral-health\/\" target=\"_blank\" rel=\"noopener\">recursos de sa\u00fade comportamental<\/a>. Se voc\u00ea precisar expandir sua busca por provedores de sa\u00fade mental e uso de subst\u00e2ncias na \u00e1rea, <a href=\"https:\/\/search.988.mdinfonet.org\/\" target=\"_blank\" rel=\"noopener\">pesquise o banco de dados de recursos comportamentais mais abrangente do estado<\/a> Desenvolvido pela Maryland Information Network.<\/p>\n<p>O diabetes \u00e9 uma preocupa\u00e7\u00e3o em todo o Mid Shore. 1 em cada 3 adultos tem pr\u00e9-diabetes, mas 80% das pessoas n\u00e3o sabem disso. Voc\u00ea est\u00e1 em risco? <a href=\"https:\/\/www.midshorehealth.org\/diabetesrisk\" target=\"_blank\" rel=\"noopener\">Fa\u00e7a o teste<\/a> da Mid Shore Health Improvement Coalition, que est\u00e1 trabalhando para aumentar a conscientiza\u00e7\u00e3o.<\/p>\n<p>Voc\u00ea tamb\u00e9m pode participar de um evento relacionado \u00e0 sa\u00fade em toda a \u00e1rea. Visualizar <a href=\"https:\/\/www.midshorehealth.org\/events\" target=\"_blank\" rel=\"noopener\">o calend\u00e1rio de eventos da Mid Shore Health Improvement Coalition<\/a>.<\/p>\n\t\t\t\t<img decoding=\"async\" src=\"http:\/\/211md.org\/wp-content\/uploads\/2024\/01\/Whats-the-211-hon.jpg\" alt=\"Qual \u00e9 o lembrete de mensagem de texto 211 Hon\" itemprop=\"image\" title=\"Qual \u00e9 o 211 querido\" onerror=\"this.style.display='none'\" loading=\"lazy\" \/>\n\t<h2>Eventos em Mid Shore<\/h2>\n<p>Aprender sobre <a href=\"https:\/\/211md.org\/pt\/whats-the-211\/\">Qual \u00e9 o 211, querido?<\/a> \u2013 um esfor\u00e7o popular para aumentar a conscientiza\u00e7\u00e3o sobre como o 211 pode ajudar os residentes do condado de Dorchester a encontrar recursos locais de sa\u00fade e servi\u00e7os humanos. 211 est\u00e1 dispon\u00edvel 24 horas por dia, 7 dias por semana, 365 dias por ano.<\/p>\n\t\t<h3>\t\n\tReceba alertas de texto MidShore<\/h3><p>Receba atualiza\u00e7\u00f5es por mensagens de texto com recursos da comunidade. Inscreva-se enviando uma mensagem de texto para MidShore para 898-211.<\/p>\n\t\t<h4><a href=\"\/pt\/recursos\/envelhecimento-incapacidade\/?utm_source=Home&#038;utm_medium=Referral&#038;utm_campaign=211Resources&#038;utm_content=Aging\" target=\"_self\">Envelhecimento e Defici\u00eancia<\/a><\/h4>\n\t\t\t\t<a href=\"\/pt\/recursos\/envelhecimento-incapacidade\/?utm_source=Home&#038;utm_medium=Referral&#038;utm_campaign=211Resources&#038;utm_content=Aging\"  target=\"_self\" itemprop=\"url\">\n\t\t\t\t<img decoding=\"async\" src=\"https:\/\/211md.org\/wp-content\/uploads\/bb-plugin\/cache\/2025_MdInfoNet_Icon-Sets_Aging-disability-square-c466727102cae71e5f27b8539bb51945-.png\" alt=\"\" itemprop=\"image\" onerror=\"this.style.display='none'\" loading=\"lazy\" \/>\n\t\t\t\t<\/a>\n\t\t<h4><a href=\"\/pt\/recursos\/criancas-familias\/?utm_source=Home&#038;utm_medium=Referral&#038;utm_campaign=211Resources&#038;utm_content=Children\" target=\"_self\">Crian\u00e7as e Fam\u00edlias<\/a><\/h4>\n\t\t\t\t<a href=\"\/pt\/recursos\/criancas-familias\/?utm_source=Home&#038;utm_medium=Referral&#038;utm_campaign=211Resources&#038;utm_content=Children\"  target=\"_self\" itemprop=\"url\">\n\t\t\t\t<img decoding=\"async\" src=\"https:\/\/211md.org\/wp-content\/uploads\/bb-plugin\/cache\/2025_211_Icon-Sets_Child-care-square-f3b0d4edab3dcc467fadb5f55f4064c6-.png\" alt=\"2025_211_Conjuntos de \u00edcones_Cuidados infantis\" itemprop=\"image\" height=\"417\" width=\"417\" title=\"2025_211_Conjuntos de \u00edcones_Cuidados infantis\" onerror=\"this.style.display='none'\" loading=\"lazy\" \/>\n\t\t\t\t<\/a>\n\t\t<h4><a href=\"\/pt\/recursos\/violencia-domestica-familiar\/?utm_source=Home&#038;utm_medium=Referral&#038;utm_campaign=211Resources&#038;utm_content=Domestic\" target=\"_self\">Viol\u00eancia dom\u00e9stica<\/a><\/h4>\n\t\t\t\t<a href=\"\/pt\/recursos\/violencia-domestica-familiar\/?utm_source=Home&#038;utm_medium=Referral&#038;utm_campaign=211Resources&#038;utm_content=Domestic\"  target=\"_self\" itemprop=\"url\">\n\t\t\t\t<img decoding=\"async\" src=\"https:\/\/211md.org\/wp-content\/uploads\/bb-plugin\/cache\/2025_211_Icon-Sets_Domestic-Violence-square-7b597694a6f05fe90cdc376aa573bc63-.png\" alt=\"\u00cdcone de viol\u00eancia dom\u00e9stica\" itemprop=\"image\" height=\"417\" width=\"417\" title=\"2025_211_Conjuntos de \u00edcones_Viol\u00eancia dom\u00e9stica\" onerror=\"this.style.display='none'\" loading=\"lazy\" \/>\n\t\t\t\t<\/a>\n\t\t<h4><a href=\"\/pt\/recursos\/procura-de-emprego\/?utm_source=Home&#038;utm_medium=Referral&#038;utm_campaign=211Resources&#038;utm_content=Employment\" target=\"_self\">Emprego<\/a><\/h4>\n\t\t\t\t<a href=\"\/pt\/recursos\/procura-de-emprego\/?utm_source=Home&#038;utm_medium=Referral&#038;utm_campaign=211Resources&#038;utm_content=Employment\"  target=\"_self\" itemprop=\"url\">\n\t\t\t\t<img decoding=\"async\" src=\"https:\/\/211md.org\/wp-content\/uploads\/bb-plugin\/cache\/2025_MdInfoNet_Icon-Sets_Employment-square-44707bd410e4df10a470bf130ebcea86-.png\" alt=\"\" itemprop=\"image\" onerror=\"this.style.display='none'\" loading=\"lazy\" \/>\n\t\t\t\t<\/a>\n\t\t<h4><a href=\"\/pt\/recursos\/cuidados-de-saude\/?utm_source=Home&#038;utm_medium=Referral&#038;utm_campaign=211Resources&#038;utm_content=Health%20Care\" target=\"_self\">Cuidados de sa\u00fade<\/a><\/h4>\n\t\t\t\t<a href=\"\/pt\/recursos\/cuidados-de-saude\/?utm_source=Home&#038;utm_medium=Referral&#038;utm_campaign=211Resources&#038;utm_content=Health%20Care\"  target=\"_self\" itemprop=\"url\">\n\t\t\t\t<img decoding=\"async\" src=\"https:\/\/211md.org\/wp-content\/uploads\/bb-plugin\/cache\/2025_MdInfoNet_Icon-Sets_Health-Care-square-dee98a0060cbe0e7f27eda253fc12679-.png\" alt=\"\" itemprop=\"image\" onerror=\"this.style.display='none'\" loading=\"lazy\" \/>\n\t\t\t\t<\/a>\n\t\t<h4><a href=\"\/pt\/recursos\/criancas-familias\/cuidados-de-parentesco\/?utm_source=Home&#038;utm_medium=Referral&#038;utm_campaign=211Resources&#038;utm_content=Kinship\" target=\"_self\">Parentesco<\/a><\/h4>\n\t\t\t\t<a href=\"\/pt\/recursos\/criancas-familias\/cuidados-de-parentesco\/?utm_source=Home&#038;utm_medium=Referral&#038;utm_campaign=211Resources&#038;utm_content=Kinship\"  target=\"_self\" itemprop=\"url\">\n\t\t\t\t<img decoding=\"async\" src=\"https:\/\/211md.org\/wp-content\/uploads\/bb-plugin\/cache\/2025_211_Icon-Sets_Kinship-square-45bdf872866f5735f842c32071109267-.png\" alt=\"\u00cdcone de parentesco\" itemprop=\"image\" height=\"417\" width=\"417\" title=\"2025_211_Conjuntos de \u00edcones_Parentesco\" onerror=\"this.style.display='none'\" loading=\"lazy\" \/>\n\t\t\t\t<\/a>\n\t\t<h4><a href=\"\/pt\/recursos\/servicos-legais\/?utm_source=Home&#038;utm_medium=Referral&#038;utm_campaign=211Resources&#038;utm_content=Legal\" target=\"_self\">Servi\u00e7os legais<\/a><\/h4>\n\t\t\t\t<a href=\"\/pt\/recursos\/servicos-legais\/?utm_source=Home&#038;utm_medium=Referral&#038;utm_campaign=211Resources&#038;utm_content=Legal\"  target=\"_self\" itemprop=\"url\">\n\t\t\t\t<img decoding=\"async\" src=\"https:\/\/211md.org\/wp-content\/uploads\/bb-plugin\/cache\/2025_MdInfoNet_Icon-Sets_Legal-square-18fdf438feb8435588174d9046463257-.png\" alt=\"\" itemprop=\"image\" onerror=\"this.style.display='none'\" loading=\"lazy\" \/>\n\t\t\t\t<\/a>\n\t\t<h4><a href=\"\/pt\/recursos\/saude-mental\/?utm_source=Home&#038;utm_medium=Referral&#038;utm_campaign=211Resources&#038;utm_content=Mental\" target=\"_self\">Sa\u00fade mental<\/a><\/h4>\n\t\t\t\t<a href=\"\/pt\/recursos\/saude-mental\/?utm_source=Home&#038;utm_medium=Referral&#038;utm_campaign=211Resources&#038;utm_content=Mental\"  target=\"_self\" itemprop=\"url\">\n\t\t\t\t<img decoding=\"async\" src=\"https:\/\/211md.org\/wp-content\/uploads\/bb-plugin\/cache\/2025_MdInfoNet_Icon-Sets_Mental-Health-square-c59b38c4a993a947d4c9280fbe2d2fee-.png\" alt=\"\" itemprop=\"image\" onerror=\"this.style.display='none'\" loading=\"lazy\" \/>\n\t\t\t\t<\/a>\n\t\t<h4><a href=\"\/pt\/recursos\/mdreentry\/?utm_source=Home&#038;utm_medium=Referral&#038;utm_campaign=211Resources&#038;utm_content=Reentry\" target=\"_self\">Reentrada<\/a><\/h4>\n\t\t\t\t<a href=\"\/pt\/recursos\/mdreentry\/?utm_source=Home&#038;utm_medium=Referral&#038;utm_campaign=211Resources&#038;utm_content=Reentry\"  target=\"_self\" itemprop=\"url\">\n\t\t\t\t<img decoding=\"async\" src=\"https:\/\/211md.org\/wp-content\/uploads\/bb-plugin\/cache\/2025_211_Icon-Sets_Reentry-square-8676fea38abd920a832f45642fe31cca-.png\" alt=\"\u00cdcone de reentrada\" itemprop=\"image\" height=\"417\" width=\"417\" title=\"2025_211_Conjuntos de \u00edcones_Reentrada\" onerror=\"this.style.display='none'\" loading=\"lazy\" \/>\n\t\t\t\t<\/a>\n\t\t<h4><a href=\"\/pt\/recursos\/uso-de-substancias\/?utm_source=Home&#038;utm_medium=Referral&#038;utm_campaign=211Resources&#038;utm_content=Substance\" target=\"_self\">Uso de subst\u00e2ncias<\/a><\/h4>\n\t\t\t\t<a href=\"\/pt\/recursos\/uso-de-substancias\/?utm_source=Home&#038;utm_medium=Referral&#038;utm_campaign=211Resources&#038;utm_content=Substance\"  target=\"_self\" itemprop=\"url\">\n\t\t\t\t<img decoding=\"async\" src=\"https:\/\/211md.org\/wp-content\/uploads\/bb-plugin\/cache\/2025_MdInfoNet_Icon-Sets_Substance-Abuse-square-9022fec9d18a64118ad685c101885b55-.png\" alt=\"\" itemprop=\"image\" onerror=\"this.style.display='none'\" loading=\"lazy\" \/>\n\t\t\t\t<\/a>\n\t\t<h4><a href=\"\/pt\/recursos\/veteranos\/?utm_source=Home&#038;utm_medium=Referral&#038;utm_campaign=211Resources&#038;utm_content=Veterans\" target=\"_self\">veteranos<\/a><\/h4>\n\t\t\t\t<a href=\"\/pt\/recursos\/veteranos\/?utm_source=Home&#038;utm_medium=Referral&#038;utm_campaign=211Resources&#038;utm_content=Veterans\"  target=\"_self\" itemprop=\"url\">\n\t\t\t\t<img decoding=\"async\" src=\"https:\/\/211md.org\/wp-content\/uploads\/bb-plugin\/cache\/2025_MdInfoNet_Icon-Sets_Rating-square-6e60d00cce4faa8e0a6d4ad7366aa733-.png\" alt=\"\" itemprop=\"image\" onerror=\"this.style.display='none'\" loading=\"lazy\" \/>\n\t\t\t\t<\/a>","protected":false},"excerpt":{"rendered":"<p>Encontre recursos perto de mim. Pesquise agora. Adicione sua ag\u00eancia ou organiza\u00e7\u00e3o ao nosso banco de dados de recursos. Ajuda est\u00e1 dispon\u00edvel se voc\u00ea mora em Cambridge, Algonquin, Cannon Acres, Williamsburg, Waddells Corner, Hurlock, Woodland Acres, Toddville, West Haven ou outra \u00e1rea do Condado de Dorchester. Ligue para 211 e um especialista em informa\u00e7\u00f5es e encaminhamentos conectar\u00e1 voc\u00ea com a ajuda\u2026<\/p>","protected":false},"author":8,"featured_media":3962,"parent":750,"menu_order":0,"comment_status":"closed","ping_status":"closed","template":"","meta":{"footnotes":""},"class_list":["post-1687","page","type-page","status-publish","has-post-thumbnail","hentry"],"_links":{"self":[{"href":"https:\/\/211md.org\/pt\/wp-json\/wp\/v2\/pages\/1687","targetHints":{"allow":["GET"]}}],"collection":[{"href":"https:\/\/211md.org\/pt\/wp-json\/wp\/v2\/pages"}],"about":[{"href":"https:\/\/211md.org\/pt\/wp-json\/wp\/v2\/types\/page"}],"author":[{"embeddable":true,"href":"https:\/\/211md.org\/pt\/wp-json\/wp\/v2\/users\/8"}],"replies":[{"embeddable":true,"href":"https:\/\/211md.org\/pt\/wp-json\/wp\/v2\/comments?post=1687"}],"version-history":[{"count":5,"href":"https:\/\/211md.org\/pt\/wp-json\/wp\/v2\/pages\/1687\/revisions"}],"predecessor-version":[{"id":34192,"href":"https:\/\/211md.org\/pt\/wp-json\/wp\/v2\/pages\/1687\/revisions\/34192"}],"up":[{"embeddable":true,"href":"https:\/\/211md.org\/pt\/wp-json\/wp\/v2\/pages\/750"}],"wp:featuredmedia":[{"embeddable":true,"href":"https:\/\/211md.org\/pt\/wp-json\/wp\/v2\/media\/3962"}],"wp:attachment":[{"href":"https:\/\/211md.org\/pt\/wp-json\/wp\/v2\/media?parent=1687"}],"curies":[{"name":"wp","href":"https:\/\/api.w.org\/{rel}","templated":true}]}}