{"id":1688,"date":"2021-05-12T00:23:17","date_gmt":"2021-05-12T00:23:17","guid":{"rendered":"https:\/\/211md.org\/?page_id=1688"},"modified":"2025-11-07T06:55:17","modified_gmt":"2025-11-07T11:55:17","slug":"condado-de-talbot","status":"publish","type":"page","link":"https:\/\/211md.org\/pt\/resources-by-county\/talbot-county\/","title":{"rendered":"Condado de Talbot"},"content":{"rendered":"<h2><a href=\"https:\/\/search.211md.org\/\" target=\"_blank\"  rel=\"noopener\">Encontre recursos perto de mim<\/a><\/h2>\n\t\t\t<a href=\"https:\/\/search.211md.org\/\" target=\"_blank\" rel=\"noopener\">\n\t\t\t\t\t\t\tProcure agora\n\t\t\t<\/a>\n\t<p><strong><a href=\"\/pt\/juntar-nosso-banco-de-dados\/\">Adicione sua ag\u00eancia ou organiza\u00e7\u00e3o ao nosso banco de dados de recursos.<\/a><\/strong><\/p>\n<p>211 pode conect\u00e1-lo a recursos no condado de Talbot. Quer voc\u00ea more em Easton, Trappe, Wye Mills, Wye Landing, Saint Michaels ou outra comunidade, a ajuda est\u00e1 dispon\u00edvel.<\/p>\n<p>Pesquise os recursos acima ou ligue para 211 para falar com um especialista em informa\u00e7\u00f5es e encaminhamentos atencioso e compassivo.<\/p>\n\t\t<h2>\t\n\tDisque 211<\/h2><p>Conecte-se aos recursos da comunidade e suporte 24 horas por dia, 7 dias por semana, 365 dias por ano.<\/p>\n\t<h2>Talbot County Food<\/h2>\n<p>In Talbot County, there&#8217;s a mobile mini grocery store that brings low-cost groceries like fresh produce and prepared meals to <a href=\"https:\/\/www.carolineculinaryarts.org\/shogo-mobile\" target=\"_blank\" rel=\"noopener\">planned stops<\/a> throughout Talbot, Caroline, and Dorchester Counties.<\/p>\n<h3>despensas<\/h3>\n<p>Se voc\u00ea precisar de comida,\u00a0<a href=\"https:\/\/search.211md.org\/search?query=BD-1800.2000&amp;query_type=taxonomy&amp;query_label=&amp;query_language=en\" target=\"_blank\" rel=\"noopener\">procure uma despensa<\/a> perto de voc\u00ea no Condado de Talbot. Nosso banco de dados de recursos em todo o estado conta com diversos recursos locais.<\/p>\n<p><a href=\"https:\/\/healthytalbot.org\/about\/talbot-county-hunger-coalition\/\" target=\"_blank\" rel=\"noopener\">Coaliz\u00e3o contra a Fome do Condado de Talbot<\/a> tamb\u00e9m tem despensas de alimentos locais em Easton, Royal Oak, St. Michaels, Wittman e Tilghman. Existe tamb\u00e9m uma linha de apoio para quem n\u00e3o consegue encontrar os recursos alimentares necess\u00e1rios.<\/p>\n<p>Em que \u00e1rea voc\u00ea mora? Clique nessa cidade para encontrar as despensas de alimentos em sua regi\u00e3o.<\/p>\n<ul>\n<li><a href=\"#Easton\">Easton<\/a><\/li>\n<li><a href=\"#Trappe\">Armadilha<\/a><\/li>\n<li><a href=\"#Bay\">\u00c1rea da Ba\u00eda Cem<\/a><\/li>\n<li><a href=\"#Wye\">Wye Mills<\/a><\/li>\n<\/ul>\n\t\t\t\t<img decoding=\"async\" src=\"http:\/\/211md.org\/wp-content\/uploads\/2023\/11\/food-pantry-distribution.jpg\" alt=\"caixa de comida da distribui\u00e7\u00e3o de despensa de alimentos\" itemprop=\"image\" title=\"distribui\u00e7\u00e3o de despensa de alimentos\" onerror=\"this.style.display='none'\" loading=\"lazy\" \/>\n\t<h3>Easton<\/h3>\n\t\t<h3>Centro de atendimento de bairro<\/h3><p>Rua do Porto, 126<\/p>\n<p>410-822-5015<\/p>\n<p>Entre no lobby para obter um formul\u00e1rio.<\/p>\n<p>&nbsp;<\/p>\n<p><strong>De segunda a sexta, das 9h \u00e0s 12h e das 13h30 \u00e0s 16h<\/strong><\/p>\n\t<iframe src=\"https:\/\/www.google.com\/maps\/embed\/v1\/place?q=126+Port+Street%0AEaston%2C+MD+21601&#038;key=AIzaSyD09zQ9PNDNNy9TadMuzRV_UsPUoWKntt8\" aria-hidden=\"true\" title=\"Despensa de alimentos do Neighborhood Service Center em Easton\"><\/iframe>\n\t\t<h3>S\u00e3o Vicente de Paulo<\/h3><p>29533 Unidade Canvasback<\/p>\n<p>410-770-4505<\/p>\n<p><a href=\"https:\/\/svdpeastonmd.org\/\" target=\"_blank\" rel=\"noopener\">Saber mais<\/a><\/p>\n<p>&nbsp;<\/p>\n<p><strong>Ter\u00e7a-feira, das 13h \u00e0s 16h, s\u00e1bado, das 9h \u00e0s 12h<\/strong><\/p>\n\t<iframe src=\"https:\/\/www.google.com\/maps\/embed\/v1\/place?q=29533+Canvasback+Drive%0AEaston%2C+MD+21601&#038;key=AIzaSyD09zQ9PNDNNy9TadMuzRV_UsPUoWKntt8\" aria-hidden=\"true\" title=\"S\u00e3o Vicente de Paulo\"><\/iframe>\n\t\t<h3>Colheita da Esperan\u00e7a \u2013 Igreja de Deus<\/h3><p>Rua N. Washington, 1009<\/p>\n<p>410-822-3088<\/p>\n<p>&nbsp;<\/p>\n<strong>Quinta-feira, das 12h \u00e0s 13h30<br \/>\nLigue para a vida se tiver uma necessidade urgente em outro dia.<\/strong>\n<p>&nbsp;<\/p>\n\t<iframe src=\"https:\/\/www.google.com\/maps\/embed\/v1\/place?q=1009+N.+Washington+Street%0AEaston%2C+MD+21601&#038;key=AIzaSyD09zQ9PNDNNy9TadMuzRV_UsPUoWKntt8\" aria-hidden=\"true\" title=\"Colheita da Esperan\u00e7a\"><\/iframe>\n\t\t<h3>Despensa de S\u00e3o Marcos no Brookletts Senior Center<\/h3><p>Avenida Brooklett, 400<\/p>\n<p>410-822-2869<\/p>\n<p>&nbsp;<\/p>\n<b>Sexta-feira, das 9h \u00e0s 11h<br \/>\nRefei\u00e7\u00f5es dispon\u00edveis segunda, quarta e sexta<\/b>\n<p>&nbsp;<\/p>\n\t<iframe src=\"https:\/\/www.google.com\/maps\/embed\/v1\/place?q=400+Brookletts+Avenue%0AEaston%2C+MD+21601&#038;key=AIzaSyD09zQ9PNDNNy9TadMuzRV_UsPUoWKntt8\" aria-hidden=\"true\" title=\"Despensa de S\u00e3o Marcos\"><\/iframe>\n\t<h3>Trappe, MD<\/h3>\n\t\t<h3>Igreja Metodista Unida de Scott<\/h3><p>Rua Principal 3748<\/p>\n<p>410-476-3980<\/p>\n<p>&nbsp;<\/p>\n<b>4\u00aa quinta-feira do m\u00eas \u00e0s 8h30<br \/>\n(As datas podem variar)<\/b>\n<p>&nbsp;<\/p>\n\t<iframe src=\"https:\/\/www.google.com\/maps\/embed\/v1\/place?q=3748+Main+Street%0ATrappe%2C+MD+21673%0A&#038;key=AIzaSyD09zQ9PNDNNy9TadMuzRV_UsPUoWKntt8\" aria-hidden=\"true\" title=\"Igreja Metodista Unida de Scott\"><\/iframe>\n\t<h3>\u00c1rea da Ba\u00eda Cem<\/h3>\n\t\t<h3>Royal Oak Metodista Unida<\/h3><p>Estrada Bellevue, 6968<\/p>\n<p>Royal Oak, MD<\/p>\n<p>&nbsp;<\/p>\n<p>&nbsp;<\/p>\n<b>24\/7<br \/>\n<\/b><b>N\u00e3o tripulado por dentro<\/b>\n\t<iframe src=\"https:\/\/www.google.com\/maps\/embed\/v1\/place?q=6968+Bellevue+Road%0ARoyal+Oak%2C+MD+21662&#038;key=AIzaSyD09zQ9PNDNNy9TadMuzRV_UsPUoWKntt8\" aria-hidden=\"true\" title=\"Royal Oak Metodista Unida\"><\/iframe>\n\t\t<h3>Centro Comunit\u00e1rio St.<\/h3><p>Rua N. Talbot, 207<\/p>\n<p>St.<\/p>\n<p>&nbsp;<\/p>\n<p><b>Segunda-feira, das 15h \u00e0s 17h | Quarta-feira 13h30-15h30 | Sexta-feira, das 12h \u00e0s 15h<\/b><\/p>\n<p><strong>Refei\u00e7\u00f5es tamb\u00e9m dispon\u00edveis nestes dias<\/strong><\/p>\n\t<iframe src=\"https:\/\/www.google.com\/maps\/embed\/v1\/place?q=207+N.+Talbot+Street%0ASt.+Michael%27s%2C+MD+21663&#038;key=AIzaSyD09zQ9PNDNNy9TadMuzRV_UsPUoWKntt8\" aria-hidden=\"true\" title=\"Centro Comunit\u00e1rio St.\"><\/iframe>\n\t\t<h3>Despensa de Alimentos Tilghman<\/h3><p>5731 Estrada da Ilha Tilghman<\/p>\n<p>Tilghman, MD<\/p>\n<p>410-886-9863<\/p>\n<p>&nbsp;<\/p>\n<p><b>Quarta-feira, das 15h \u00e0s 16h30<\/b><\/p>\n<p><strong>Ligue se precisar de acesso em outro hor\u00e1rio.<\/strong><\/p>\n\t<iframe src=\"https:\/\/www.google.com\/maps\/embed\/v1\/place?q=5731+Tilghman+Island+Road%0ATilghman%2C+MD+21671&#038;key=AIzaSyD09zQ9PNDNNy9TadMuzRV_UsPUoWKntt8\" aria-hidden=\"true\" title=\"Despensa de Alimentos Tilghman\"><\/iframe>\n\t<h3>Wye Mills<\/h3>\n\t\t<h3>Canto do Cuidado \u2013 Chesapeake College<\/h3><p>C\u00edrculo Universit\u00e1rio 1000<\/p>\n<p>Wye Mills, MD<\/p>\n<p>Edif\u00edcio Caroline Center<\/p>\n<p>&nbsp;<\/p>\n<p><b>De segunda a sexta, das 8h30 \u00e0s 16h30<\/b><\/p>\n\t<iframe src=\"https:\/\/www.google.com\/maps\/embed\/v1\/place?q=1000+College+Circle%0AWye+Mills%2C+MD+21678&#038;key=AIzaSyD09zQ9PNDNNy9TadMuzRV_UsPUoWKntt8\" aria-hidden=\"true\" title=\"Canto do Cuidado Despensa Alimentar\"><\/iframe>\n\t<p>Se voc\u00ea precisar de outros recursos relacionados \u00e0 alimenta\u00e7\u00e3o, como <a href=\"https:\/\/211md.org\/pt\/recursos\/comida\/vale-refeicao\/\">como solicitar vale-refei\u00e7\u00e3o<\/a> ou outros recursos alimentares, obtenha informa\u00e7\u00f5es sobre <a href=\"https:\/\/211md.org\/pt\/recursos\/comida\/\">P\u00e1gina de comida do 211<\/a>.<\/p>\n<h2>Necessidades Essenciais<\/h2>\n<p>Al\u00e9m da alimenta\u00e7\u00e3o, o <strong><a href=\"https:\/\/www.nsctalbotmd.org\/programs\" target=\"_blank\" rel=\"noopener\">Centro de atendimento de bairro<\/a><\/strong> em Easton oferece um programa de subs\u00eddio de aluguel (RAP), um abrigo transit\u00f3rio para moradores de rua, utens\u00edlios dom\u00e9sticos e roupas e servi\u00e7os de emerg\u00eancia para aqueles que enfrentam despejo ou fechamento de servi\u00e7os p\u00fablicos no condado de Talbot.<\/p>\n<p>Quando houver fundos dispon\u00edveis, o programa de servi\u00e7os de emerg\u00eancia tamb\u00e9m poder\u00e1 ajudar com medicamentos prescritos e outras emerg\u00eancias.<\/p>\n<h2>Exames de sa\u00fade<\/h2>\n<p>O Departamento de Sa\u00fade do Condado de Talbot pode ajudar indiv\u00edduos e fam\u00edlias com exames de sa\u00fade, vacinas e muito mais. Aprenda sobre o <a href=\"https:\/\/talbothealth.org\/\" target=\"_blank\" rel=\"noopener\">programas de sa\u00fade dispon\u00edveis<\/a>.<\/p>\n<p>A Mid Shore Health Improvement Coalition est\u00e1 trabalhando para prevenir diabetes e pr\u00e9-diabetes. 1 em cada 3 adultos tem pr\u00e9-diabetes, mas a maioria n\u00e3o sabe disso. <a href=\"https:\/\/www.midshorehealth.org\/diabetesrisk\" target=\"_blank\" rel=\"noopener\">Fa\u00e7a o teste<\/a> da Mid Shore Health Improvement Coalition para descobrir se voc\u00ea est\u00e1 em risco.<\/p>\n<h2>Media\u00e7\u00e3o e Apoio Jur\u00eddico<\/h2>\n<p>Se voc\u00ea estiver enfrentando um problema com um propriet\u00e1rio, colega de quarto ou vizinho, plano parental\/acordo de cust\u00f3dia, assist\u00eancia a idosos, problema de emprego, caso de pequenas causas ou outra situa\u00e7\u00e3o que possa se beneficiar da media\u00e7\u00e3o, entre em contato com o\u00a0<strong><a href=\"https:\/\/midshoremediation.org\/mediation\/\" target=\"_blank\" rel=\"noopener\">Centro de Media\u00e7\u00e3o Mid Shore<\/a>.\u00a0<\/strong><\/p>\n<p>A media\u00e7\u00e3o volunt\u00e1ria, confidencial e sem julgamento pode ajudar a resolver conflitos. O servi\u00e7o \u00e9 gratuito nas localidades dos condados de Dorchester, Talbot e Caroline.<\/p>\n<p>Para obter ajuda jur\u00eddica,\u00a0<strong><a href=\"https:\/\/midshoreprobono.org\/how-we-help\/\" target=\"_blank\" rel=\"noopener\">Mid Shore Pro Bono<\/a><\/strong>\u00a0pode oferecer uma solu\u00e7\u00e3o. Eles ajudam os residentes da Costa Leste com tutela de adultos, div\u00f3rcio, execu\u00e7\u00e3o hipotec\u00e1ria, separa\u00e7\u00e3o judicial, procura\u00e7\u00e3o, cust\u00f3dia dos filhos, fal\u00eancia e outras disputas legais. Eles cobram uma taxa \u00fanica de $25 para processar inscri\u00e7\u00f5es. Voc\u00ea pode solicitar a isen\u00e7\u00e3o desta taxa. Eles est\u00e3o localizados em Easton, com escrit\u00f3rios sat\u00e9lites em Chestertown e Salisbury.<\/p>\n\t\t\t\t<img decoding=\"async\" src=\"http:\/\/211md.org\/wp-content\/uploads\/2024\/01\/Whats-the-211-hon.jpg\" alt=\"Qual \u00e9 o lembrete de mensagem de texto 211 Hon\" itemprop=\"image\" title=\"Qual \u00e9 o 211 querido\" onerror=\"this.style.display='none'\" loading=\"lazy\" \/>\n\t<h2>Recursos do condado de Talbot<\/h2>\n<p>Aprender sobre <a href=\"https:\/\/211md.org\/pt\/whats-the-211\/\">Qual \u00e9 o 211, querido?<\/a> \u2013 um esfor\u00e7o popular para aumentar a conscientiza\u00e7\u00e3o sobre como o 211 pode ajudar os residentes do condado de Talbot a encontrar recursos locais de sa\u00fade e servi\u00e7os humanos. 211 est\u00e1 dispon\u00edvel 24 horas por dia, 7 dias por semana, 365 dias por ano.<\/p>\n<p>Voc\u00ea tamb\u00e9m pode receber atualiza\u00e7\u00f5es por mensagens de texto com recursos de sa\u00fade Mid Shore. Inscreva-se enviando uma mensagem de texto para MidShore para 898-211.<\/p>\n\t\t<h3>\t\n\tReceba alertas de texto MidShore<\/h3><p>Receba atualiza\u00e7\u00f5es por mensagens de texto com recursos da comunidade. Inscreva-se enviando uma mensagem de texto para MidShore para 898-211.<\/p>\n\t\t<h4><a href=\"\/pt\/recursos\/envelhecimento-incapacidade\/?utm_source=Home&#038;utm_medium=Referral&#038;utm_campaign=211Resources&#038;utm_content=Aging\" target=\"_self\">Envelhecimento e Defici\u00eancia<\/a><\/h4>\n\t\t\t\t<a href=\"\/pt\/recursos\/envelhecimento-incapacidade\/?utm_source=Home&#038;utm_medium=Referral&#038;utm_campaign=211Resources&#038;utm_content=Aging\"  target=\"_self\" itemprop=\"url\">\n\t\t\t\t<img decoding=\"async\" src=\"https:\/\/211md.org\/wp-content\/uploads\/bb-plugin\/cache\/2025_MdInfoNet_Icon-Sets_Aging-disability-square-c466727102cae71e5f27b8539bb51945-.png\" alt=\"\" itemprop=\"image\" onerror=\"this.style.display='none'\" loading=\"lazy\" \/>\n\t\t\t\t<\/a>\n\t\t<h4><a href=\"\/pt\/recursos\/criancas-familias\/?utm_source=Home&#038;utm_medium=Referral&#038;utm_campaign=211Resources&#038;utm_content=Children\" target=\"_self\">Crian\u00e7as e Fam\u00edlias<\/a><\/h4>\n\t\t\t\t<a href=\"\/pt\/recursos\/criancas-familias\/?utm_source=Home&#038;utm_medium=Referral&#038;utm_campaign=211Resources&#038;utm_content=Children\"  target=\"_self\" itemprop=\"url\">\n\t\t\t\t<img decoding=\"async\" src=\"https:\/\/211md.org\/wp-content\/uploads\/bb-plugin\/cache\/2025_211_Icon-Sets_Child-care-square-f3b0d4edab3dcc467fadb5f55f4064c6-.png\" alt=\"2025_211_Conjuntos de \u00edcones_Cuidados infantis\" itemprop=\"image\" height=\"417\" width=\"417\" title=\"2025_211_Conjuntos de \u00edcones_Cuidados infantis\" onerror=\"this.style.display='none'\" loading=\"lazy\" \/>\n\t\t\t\t<\/a>\n\t\t<h4><a href=\"\/pt\/recursos\/violencia-domestica-familiar\/?utm_source=Home&#038;utm_medium=Referral&#038;utm_campaign=211Resources&#038;utm_content=Domestic\" target=\"_self\">Viol\u00eancia dom\u00e9stica<\/a><\/h4>\n\t\t\t\t<a href=\"\/pt\/recursos\/violencia-domestica-familiar\/?utm_source=Home&#038;utm_medium=Referral&#038;utm_campaign=211Resources&#038;utm_content=Domestic\"  target=\"_self\" itemprop=\"url\">\n\t\t\t\t<img decoding=\"async\" src=\"https:\/\/211md.org\/wp-content\/uploads\/bb-plugin\/cache\/2025_211_Icon-Sets_Domestic-Violence-square-7b597694a6f05fe90cdc376aa573bc63-.png\" alt=\"\u00cdcone de viol\u00eancia dom\u00e9stica\" itemprop=\"image\" height=\"417\" width=\"417\" title=\"2025_211_Conjuntos de \u00edcones_Viol\u00eancia dom\u00e9stica\" onerror=\"this.style.display='none'\" loading=\"lazy\" \/>\n\t\t\t\t<\/a>\n\t\t<h4><a href=\"\/pt\/recursos\/procura-de-emprego\/?utm_source=Home&#038;utm_medium=Referral&#038;utm_campaign=211Resources&#038;utm_content=Employment\" target=\"_self\">Emprego<\/a><\/h4>\n\t\t\t\t<a href=\"\/pt\/recursos\/procura-de-emprego\/?utm_source=Home&#038;utm_medium=Referral&#038;utm_campaign=211Resources&#038;utm_content=Employment\"  target=\"_self\" itemprop=\"url\">\n\t\t\t\t<img decoding=\"async\" src=\"https:\/\/211md.org\/wp-content\/uploads\/bb-plugin\/cache\/2025_MdInfoNet_Icon-Sets_Employment-square-44707bd410e4df10a470bf130ebcea86-.png\" alt=\"\" itemprop=\"image\" onerror=\"this.style.display='none'\" loading=\"lazy\" \/>\n\t\t\t\t<\/a>\n\t\t<h4><a href=\"\/pt\/recursos\/cuidados-de-saude\/?utm_source=Home&#038;utm_medium=Referral&#038;utm_campaign=211Resources&#038;utm_content=Health%20Care\" target=\"_self\">Cuidados de sa\u00fade<\/a><\/h4>\n\t\t\t\t<a href=\"\/pt\/recursos\/cuidados-de-saude\/?utm_source=Home&#038;utm_medium=Referral&#038;utm_campaign=211Resources&#038;utm_content=Health%20Care\"  target=\"_self\" itemprop=\"url\">\n\t\t\t\t<img decoding=\"async\" src=\"https:\/\/211md.org\/wp-content\/uploads\/bb-plugin\/cache\/2025_MdInfoNet_Icon-Sets_Health-Care-square-dee98a0060cbe0e7f27eda253fc12679-.png\" alt=\"\" itemprop=\"image\" onerror=\"this.style.display='none'\" loading=\"lazy\" \/>\n\t\t\t\t<\/a>\n\t\t<h4><a href=\"\/pt\/recursos\/criancas-familias\/cuidados-de-parentesco\/?utm_source=Home&#038;utm_medium=Referral&#038;utm_campaign=211Resources&#038;utm_content=Kinship\" target=\"_self\">Parentesco<\/a><\/h4>\n\t\t\t\t<a href=\"\/pt\/recursos\/criancas-familias\/cuidados-de-parentesco\/?utm_source=Home&#038;utm_medium=Referral&#038;utm_campaign=211Resources&#038;utm_content=Kinship\"  target=\"_self\" itemprop=\"url\">\n\t\t\t\t<img decoding=\"async\" src=\"https:\/\/211md.org\/wp-content\/uploads\/bb-plugin\/cache\/2025_211_Icon-Sets_Kinship-square-45bdf872866f5735f842c32071109267-.png\" alt=\"\u00cdcone de parentesco\" itemprop=\"image\" height=\"417\" width=\"417\" title=\"2025_211_Conjuntos de \u00edcones_Parentesco\" onerror=\"this.style.display='none'\" loading=\"lazy\" \/>\n\t\t\t\t<\/a>\n\t\t<h4><a href=\"\/pt\/recursos\/servicos-legais\/?utm_source=Home&#038;utm_medium=Referral&#038;utm_campaign=211Resources&#038;utm_content=Legal\" target=\"_self\">Servi\u00e7os legais<\/a><\/h4>\n\t\t\t\t<a href=\"\/pt\/recursos\/servicos-legais\/?utm_source=Home&#038;utm_medium=Referral&#038;utm_campaign=211Resources&#038;utm_content=Legal\"  target=\"_self\" itemprop=\"url\">\n\t\t\t\t<img decoding=\"async\" src=\"https:\/\/211md.org\/wp-content\/uploads\/bb-plugin\/cache\/2025_MdInfoNet_Icon-Sets_Legal-square-18fdf438feb8435588174d9046463257-.png\" alt=\"\" itemprop=\"image\" onerror=\"this.style.display='none'\" loading=\"lazy\" \/>\n\t\t\t\t<\/a>\n\t\t<h4><a href=\"\/pt\/recursos\/saude-mental\/?utm_source=Home&#038;utm_medium=Referral&#038;utm_campaign=211Resources&#038;utm_content=Mental\" target=\"_self\">Sa\u00fade mental<\/a><\/h4>\n\t\t\t\t<a href=\"\/pt\/recursos\/saude-mental\/?utm_source=Home&#038;utm_medium=Referral&#038;utm_campaign=211Resources&#038;utm_content=Mental\"  target=\"_self\" itemprop=\"url\">\n\t\t\t\t<img decoding=\"async\" src=\"https:\/\/211md.org\/wp-content\/uploads\/bb-plugin\/cache\/2025_MdInfoNet_Icon-Sets_Mental-Health-square-c59b38c4a993a947d4c9280fbe2d2fee-.png\" alt=\"\" itemprop=\"image\" onerror=\"this.style.display='none'\" loading=\"lazy\" \/>\n\t\t\t\t<\/a>\n\t\t<h4><a href=\"\/pt\/recursos\/mdreentry\/?utm_source=Home&#038;utm_medium=Referral&#038;utm_campaign=211Resources&#038;utm_content=Reentry\" target=\"_self\">Reentrada<\/a><\/h4>\n\t\t\t\t<a href=\"\/pt\/recursos\/mdreentry\/?utm_source=Home&#038;utm_medium=Referral&#038;utm_campaign=211Resources&#038;utm_content=Reentry\"  target=\"_self\" itemprop=\"url\">\n\t\t\t\t<img decoding=\"async\" src=\"https:\/\/211md.org\/wp-content\/uploads\/bb-plugin\/cache\/2025_211_Icon-Sets_Reentry-square-8676fea38abd920a832f45642fe31cca-.png\" alt=\"\u00cdcone de reentrada\" itemprop=\"image\" height=\"417\" width=\"417\" title=\"2025_211_Conjuntos de \u00edcones_Reentrada\" onerror=\"this.style.display='none'\" loading=\"lazy\" \/>\n\t\t\t\t<\/a>\n\t\t<h4><a href=\"\/pt\/recursos\/uso-de-substancias\/?utm_source=Home&#038;utm_medium=Referral&#038;utm_campaign=211Resources&#038;utm_content=Substance\" target=\"_self\">Uso de subst\u00e2ncias<\/a><\/h4>\n\t\t\t\t<a href=\"\/pt\/recursos\/uso-de-substancias\/?utm_source=Home&#038;utm_medium=Referral&#038;utm_campaign=211Resources&#038;utm_content=Substance\"  target=\"_self\" itemprop=\"url\">\n\t\t\t\t<img decoding=\"async\" src=\"https:\/\/211md.org\/wp-content\/uploads\/bb-plugin\/cache\/2025_MdInfoNet_Icon-Sets_Substance-Abuse-square-9022fec9d18a64118ad685c101885b55-.png\" alt=\"\" itemprop=\"image\" onerror=\"this.style.display='none'\" loading=\"lazy\" \/>\n\t\t\t\t<\/a>\n\t\t<h4><a href=\"\/pt\/recursos\/veteranos\/?utm_source=Home&#038;utm_medium=Referral&#038;utm_campaign=211Resources&#038;utm_content=Veterans\" target=\"_self\">veteranos<\/a><\/h4>\n\t\t\t\t<a href=\"\/pt\/recursos\/veteranos\/?utm_source=Home&#038;utm_medium=Referral&#038;utm_campaign=211Resources&#038;utm_content=Veterans\"  target=\"_self\" itemprop=\"url\">\n\t\t\t\t<img decoding=\"async\" src=\"https:\/\/211md.org\/wp-content\/uploads\/bb-plugin\/cache\/2025_MdInfoNet_Icon-Sets_Rating-square-6e60d00cce4faa8e0a6d4ad7366aa733-.png\" alt=\"\" itemprop=\"image\" onerror=\"this.style.display='none'\" loading=\"lazy\" \/>\n\t\t\t\t<\/a>","protected":false},"excerpt":{"rendered":"<p>Encontre recursos perto de mim. Pesquise agora. Adicione sua ag\u00eancia ou organiza\u00e7\u00e3o ao nosso banco de dados de recursos. O 211 pode conect\u00e1-lo a recursos no Condado de Talbot. N\u00e3o importa se voc\u00ea mora em Easton, Trappe, Wye Mills, Wye Landing, Saint Michaels ou outra comunidade, temos ajuda dispon\u00edvel. Pesquise os recursos acima ou ligue para o 211 para falar com um profissional atencioso e\u2026<\/p>","protected":false},"author":8,"featured_media":3918,"parent":750,"menu_order":0,"comment_status":"closed","ping_status":"closed","template":"","meta":{"footnotes":""},"class_list":["post-1688","page","type-page","status-publish","has-post-thumbnail","hentry"],"_links":{"self":[{"href":"https:\/\/211md.org\/pt\/wp-json\/wp\/v2\/pages\/1688","targetHints":{"allow":["GET"]}}],"collection":[{"href":"https:\/\/211md.org\/pt\/wp-json\/wp\/v2\/pages"}],"about":[{"href":"https:\/\/211md.org\/pt\/wp-json\/wp\/v2\/types\/page"}],"author":[{"embeddable":true,"href":"https:\/\/211md.org\/pt\/wp-json\/wp\/v2\/users\/8"}],"replies":[{"embeddable":true,"href":"https:\/\/211md.org\/pt\/wp-json\/wp\/v2\/comments?post=1688"}],"version-history":[{"count":5,"href":"https:\/\/211md.org\/pt\/wp-json\/wp\/v2\/pages\/1688\/revisions"}],"predecessor-version":[{"id":34195,"href":"https:\/\/211md.org\/pt\/wp-json\/wp\/v2\/pages\/1688\/revisions\/34195"}],"up":[{"embeddable":true,"href":"https:\/\/211md.org\/pt\/wp-json\/wp\/v2\/pages\/750"}],"wp:featuredmedia":[{"embeddable":true,"href":"https:\/\/211md.org\/pt\/wp-json\/wp\/v2\/media\/3918"}],"wp:attachment":[{"href":"https:\/\/211md.org\/pt\/wp-json\/wp\/v2\/media?parent=1688"}],"curies":[{"name":"wp","href":"https:\/\/api.w.org\/{rel}","templated":true}]}}