{"id":1689,"date":"2021-05-12T00:23:27","date_gmt":"2021-05-12T00:23:27","guid":{"rendered":"https:\/\/211md.org\/?page_id=1689"},"modified":"2025-11-07T06:52:19","modified_gmt":"2025-11-07T11:52:19","slug":"condado-de-caroline","status":"publish","type":"page","link":"https:\/\/211md.org\/pt\/resources-by-county\/caroline-county\/","title":{"rendered":"Condado de Caroline"},"content":{"rendered":"<h2><a href=\"https:\/\/search.211md.org\/\" target=\"_blank\"  rel=\"noopener\">Encontre recursos perto de mim<\/a><\/h2>\n\t\t\t<a href=\"https:\/\/search.211md.org\/\" target=\"_blank\" rel=\"noopener\">\n\t\t\t\t\t\t\tProcure agora\n\t\t\t<\/a>\n\t<p><strong><a href=\"\/pt\/juntar-nosso-banco-de-dados\/\">Adicione sua ag\u00eancia ou organiza\u00e7\u00e3o ao nosso banco de dados de recursos.<\/a><\/strong><\/p>\n\t<p>A ajuda est\u00e1 dispon\u00edvel se voc\u00ea mora em Denton, Ridgely, Greensboro, Federalsburg, Hobbs, Asbury, Anthony, Agner, White Oak Manor, Reliance ou outra cidade do Condado de Caroline.<\/p>\n<p>Ligue para 211 para falar com um especialista em informa\u00e7\u00e3o e encaminhamento. Voc\u00ea tamb\u00e9m pode pesquisar no banco de dados.<\/p>\n\t\t<h2>\t\n\tDisque 211<\/h2><p>Conecte-se aos recursos da comunidade e suporte 24 horas por dia, 7 dias por semana, 365 dias por ano.<\/p>\n<h2>contas de servi\u00e7os p\u00fablicos<\/h2>\n<p>Se precisar de ajuda para pagar sua conta de luz, entre em contato <strong><a href=\"https:\/\/choptankelectric.coop\/energy-assistance\" target=\"_blank\" rel=\"noopener\">Cooperativa El\u00e9ctrica Choptank<\/a><\/strong> e pergunte sobre um plano de pagamento para evitar desconex\u00e3o. Ligue para 1-877-892-0001, de segunda a sexta, das 8h \u00e0s 16h30<\/p>\n<p>Os residentes com renda eleg\u00edvel tamb\u00e9m podem solicitar assist\u00eancia energ\u00e9tica do Escrit\u00f3rio de Programas de Energia Dom\u00e9stica de Maryland. O <strong><a href=\"https:\/\/dhs.maryland.gov\/local-offices\/caroline-county\/\" target=\"_blank\" rel=\"noopener\">Departamento de Servi\u00e7os Sociais<\/a><\/strong> pode ajudar no processo de inscri\u00e7\u00e3o.<\/p>\n<p>Saiba mais sobre o processo de inscri\u00e7\u00e3o, documentos que voc\u00ea pode precisar, diretrizes de qualifica\u00e7\u00e3o e programas de assist\u00eancia dispon\u00edveis com <a href=\"https:\/\/211md.org\/pt\/recursos\/utilitario-assistencia\/\">Guia de assist\u00eancia a utilit\u00e1rios 211<\/a>.<\/p>\n<h2>Comida<\/h2>\n<p>The ShoGo Mobile food service brings the market to you, with <a href=\"https:\/\/www.carolineculinaryarts.org\/shogo-mobile\" target=\"_blank\" rel=\"noopener\">planned stops<\/a> throughout Caroline, Talbot, and Dorchester Counties. Get fresh, low-cost groceries including produce and prepared meals.<\/p>\n<p>Existem despensas de alimentos localizadas em todo o condado de Caroline. Al\u00e9m disso, algumas das despensas alimentares tamb\u00e9m apoiam indiv\u00edduos e fam\u00edlias com outras necessidades essenciais.<\/p>\n<p><a href=\"https:\/\/www.martinshouseandbarn.org\/\" target=\"_blank\" rel=\"noopener\">Casa e Celeiro de Martin<\/a> (St. Martin&#039;s Barn) em Ridgely, Maryland, tem uma despensa de alimentos, um brech\u00f3 para roupas e utens\u00edlios dom\u00e9sticos de baixo custo e um abrigo familiar.<\/p>\n<p><a href=\"http:\/\/aaronsplaceinc.org\/\" target=\"_blank\" rel=\"noopener\">Casa de Ar\u00e3o<\/a> em Denton, Maryland, tamb\u00e9m oferece comida, roupas, aulas de m\u00fasica para mam\u00e3e e eu e assist\u00eancia aos moradores de rua.<\/p>\n<p>Estas s\u00e3o as despensas de alimentos no condado de Caroline. Os hor\u00e1rios podem variar. Ligue para a despensa de alimentos para confirmar.<\/p>\n\t\t<h3>Dando Gra\u00e7a<\/h3><p>Rua da Igreja 302<\/p>\n<p>Goldsboro, MD 21636<\/p>\n<p>410-829-3158<\/p>\n<p>&nbsp;<\/p>\n<p><strong>Segundo s\u00e1bado de cada m\u00eas<\/strong><\/p>\n\t<iframe src=\"https:\/\/www.google.com\/maps\/embed\/v1\/place?q=302+Church+Lane%0AGoldsboro%2C+MD%C2%A021636&#038;key=AIzaSyD09zQ9PNDNNy9TadMuzRV_UsPUoWKntt8\" aria-hidden=\"true\" title=\"Dando Gra\u00e7a\"><\/iframe>\n\t\t<h3>Casa de Ar\u00e3o<\/h3><p>401 Aldersgate Drive<\/p>\n<p>Denton, MD 21629<\/p>\n<p>443-243-5906<\/p>\n<p>&nbsp;<\/p>\n<p><strong>Ter\u00e7a e quarta-feira, das 21h \u00e0s 14h<\/strong><\/p>\n<p><strong>Quinta-feira, das 21h \u00e0s 13h<\/strong><\/p>\n\t<iframe src=\"https:\/\/www.google.com\/maps\/embed\/v1\/place?q=401+Aldersgate+Drive%0ADenton%2C+MD+21629&#038;key=AIzaSyD09zQ9PNDNNy9TadMuzRV_UsPUoWKntt8\" aria-hidden=\"true\" title=\"Lugar de Aaron\"><\/iframe>\n\t\t<h3>Lugar de Aaron 2<\/h3><p>Rua Principal 435<\/p>\n<p>Goldsboro, MD 21636<\/p>\n<p>443-243-5906<\/p>\n<p>&nbsp;<\/p>\n<p><b>Domingo, das 16h \u00e0s 17h<\/b><\/p>\n<p><strong>Segunda-feira, das 9h \u00e0s 14h<\/strong><\/p>\n\t<iframe src=\"https:\/\/www.google.com\/maps\/embed\/v1\/place?q=435+Main+Street%0AGoldsboro%2C+MD+21636&#038;key=AIzaSyD09zQ9PNDNNy9TadMuzRV_UsPUoWKntt8\" aria-hidden=\"true\" title=\"Lugar de Aaron 2\"><\/iframe>\n\t\t<h3>Igreja Metodista Unida Ridgely<\/h3><p>Avenida Central, 109<\/p>\n<p>Ridgely, MD 21660<\/p>\n<p>410-634-2527<\/p>\n<p>&nbsp;<\/p>\n<p><b>Quarta-feira, das 16h15 \u00e0s 17h<\/b><\/p>\n\t<iframe src=\"https:\/\/www.google.com\/maps\/embed\/v1\/place?q=109+Central+Avenue%0ARidgely%2C+MD+21660&#038;key=AIzaSyD09zQ9PNDNNy9TadMuzRV_UsPUoWKntt8\" aria-hidden=\"true\" title=\"Igreja Metodista Unida Ridgely\"><\/iframe>\n\t\t<h3>Trindade AME<\/h3><p>Rua Escola 12100<\/p>\n<p>Ridgely, MD 21660<\/p>\n<p>302-270-7083<\/p>\n<p>&nbsp;<\/p>\n<p><b>Por nomea\u00e7\u00e3o<\/b><\/p>\n\t<iframe src=\"https:\/\/www.google.com\/maps\/embed\/v1\/place?q=12100+School+Street%0ARidgely%2C+MD+21660&#038;key=AIzaSyD09zQ9PNDNNy9TadMuzRV_UsPUoWKntt8\" aria-hidden=\"true\" title=\"Trindade AME\"><\/iframe>\n\t\t<h3>Igreja Metodista Unida de S\u00e3o Paulo<\/h3><p>Avenida P\u00f4r do Sol, 300<\/p>\n<p>Greensboro, MD 21639<\/p>\n<p>410-482-8170<\/p>\n<p>&nbsp;<\/p>\n<p><b>Todos os s\u00e1bados das 22h \u00e0s 12h<\/b><\/p>\n\t<iframe src=\"https:\/\/www.google.com\/maps\/embed\/v1\/place?q=300+Sunset+Avenue%0AGreensboro%2C+MD+21639&#038;key=AIzaSyD09zQ9PNDNNy9TadMuzRV_UsPUoWKntt8\" aria-hidden=\"true\" title=\"Igreja Metodista Unida de S\u00e3o Paulo\"><\/iframe>\n\t\t<h3>Igreja Crist\u00e3 de Denton<\/h3><p>Estrada Mitchell, 8680<\/p>\n<p>Denton, MD 21629<\/p>\n<p>410-479-9519<\/p>\n<p>&nbsp;<\/p>\n<p><b>A cada dois meses, 3\u00aa quinta-feira, das 15h \u00e0s 16h<\/b><\/p>\n\t<iframe src=\"https:\/\/www.google.com\/maps\/embed\/v1\/place?q=8680+Mitchell+Road%0ADenton%2C+MD+21629&#038;key=AIzaSyD09zQ9PNDNNy9TadMuzRV_UsPUoWKntt8\" aria-hidden=\"true\" title=\"Igreja Crist\u00e3 de Denton\"><\/iframe>\n\t\t<h3>Celeiro de S\u00e3o Martinho<\/h3><p>14376 Rua Beneditina<\/p>\n<p>Ridgely, MD 21660<\/p>\n<p>410-634-1140<\/p>\n<p>&nbsp;<\/p>\n<p><b>Ter\u00e7a, quinta e sexta<\/b><\/p>\n<p><strong>8h30 \u2013 11h30\u00a0<\/strong><\/p>\n\t<iframe src=\"https:\/\/www.google.com\/maps\/embed\/v1\/place?q=14376+Benedictine+Lane%0ARidgely%2C+MD+21660&#038;key=AIzaSyD09zQ9PNDNNy9TadMuzRV_UsPUoWKntt8\" aria-hidden=\"true\" title=\"Celeiro de S\u00e3o Martinho\"><\/iframe>\n\t\t<h3>Pensando em voc\u00ea despensa<\/h3><p>9058 Estrada Dupla Colinas<\/p>\n<p>Denton, MD 21629<\/p>\n<p>443-243-5906<\/p>\n<p>&nbsp;<\/p>\n<p><strong>Quinta-feira, das 18h \u00e0s 19h<\/strong><\/p>\n\t<iframe src=\"https:\/\/www.google.com\/maps\/embed\/v1\/place?q=9058+Double+Hills+Road%0ADenton%2C+MD+21629&#038;key=AIzaSyD09zQ9PNDNNy9TadMuzRV_UsPUoWKntt8\" aria-hidden=\"true\" title=\"Pensando em voc\u00ea despensa\"><\/iframe>\n\t\t<h3>Igreja Memorial Abrams<\/h3><p>Rua 300 N. 4\u00aa<\/p>\n<p>Denton, MD 21629<\/p>\n<p>&nbsp;<\/p>\n<p><b>1\u00ba s\u00e1bado do m\u00eas das 9h \u00e0s 11h<\/b><\/p>\n\t<iframe src=\"https:\/\/www.google.com\/maps\/embed\/v1\/place?q=300+N.+4th+Street%0ADenton%2C+MD+21629&#038;key=AIzaSyD09zQ9PNDNNy9TadMuzRV_UsPUoWKntt8\" aria-hidden=\"true\" title=\"Igreja Memorial Abrams\"><\/iframe>\n\t\t<h3>Casa Samaritana<\/h3><p>12 N. Quinta Rua<\/p>\n<p>Denton, MD 21629<\/p>\n<p>410-479-1251<\/p>\n<p>&nbsp;<\/p>\n<p><b>Quarta, quinta e sexta-feira, das 22h \u00e0s 14h<\/b><\/p>\n<p><strong>S\u00e1bado, das 21h \u00e0s 12h<\/strong><\/p>\n\t<iframe src=\"https:\/\/www.google.com\/maps\/embed\/v1\/place?q=12+N.+Fifth+Street%0ADenton%2C+MD+21629&#038;key=AIzaSyD09zQ9PNDNNy9TadMuzRV_UsPUoWKntt8\" aria-hidden=\"true\" title=\"Casa Samaritana\"><\/iframe>\n\t\t<h3>Igreja Batista do Calv\u00e1rio<\/h3><p>Rua do Mercado 120<\/p>\n<p>Denton, MD 21629<\/p>\n<p>410-924-6404<\/p>\n<p>&nbsp;<\/p>\n<p><b>Quarta e domingo \u00e0s 19h<\/b><\/p>\n\t<iframe src=\"https:\/\/www.google.com\/maps\/embed\/v1\/place?q=120+Market+Street%0ADenton%2C+MD+21629&#038;key=AIzaSyD09zQ9PNDNNy9TadMuzRV_UsPUoWKntt8\" aria-hidden=\"true\" title=\"Igreja Batista do Calv\u00e1rio\"><\/iframe>\n\t\t<h3>Palavra da Vida<\/h3><p>3835 Old Denton Road<\/p>\n<p>Federalsburg, MD 21632<\/p>\n<p>410-690-2001<\/p>\n<p>&nbsp;<\/p>\n<p><b>Ter\u00e7a e sexta-feira, das 9h \u00e0s 11h<\/b><\/p>\n\t<iframe src=\"https:\/\/www.google.com\/maps\/embed\/v1\/place?q=3835+Old+Denton+Road%0AFederalsburg%2C+MD+21632&#038;key=AIzaSyD09zQ9PNDNNy9TadMuzRV_UsPUoWKntt8\" aria-hidden=\"true\" title=\"Palavra da Vida\"><\/iframe>\n\t\t<h3>Nova IMU Si\u00e3o<\/h3><p>12496 Newtown Village Road<\/p>\n<p>C\u00f3rdova, MD 21625<\/p>\n<p>443-534-3905<\/p>\n<p>&nbsp;<\/p>\n<p><b>1\u00aa sexta-feira, todo 3\u00ba m\u00eas, das 15h30 \u00e0s 18h30<\/b><\/p>\n\t<iframe src=\"https:\/\/www.google.com\/maps\/embed\/v1\/place?q=3835+Old+Denton+Road%0AFederalsburg%2C+MD+21632&#038;key=AIzaSyD09zQ9PNDNNy9TadMuzRV_UsPUoWKntt8\" aria-hidden=\"true\" title=\"Palavra da Vida\"><\/iframe>\n\t\t<h3>Capela Ross AME<\/h3><p>Estrada do Estado 6830<\/p>\n<p>Preston, MD 21655<\/p>\n<p>410-673-1079<\/p>\n<p>&nbsp;<\/p>\n<p><b>4\u00aa quarta-feira bimensal das 15h \u00e0s 17h<\/b><\/p>\n\t<iframe src=\"https:\/\/www.google.com\/maps\/embed\/v1\/place?q=6830+Statum+Road%0APreston%2C+MD+21655&#038;key=AIzaSyD09zQ9PNDNNy9TadMuzRV_UsPUoWKntt8\" aria-hidden=\"true\" title=\"Capela Ross AME\"><\/iframe>\n<h2>Ajuda Jur\u00eddica<\/h2>\n<p>Se precisar de ajuda com uma quest\u00e3o jur\u00eddica civil, voc\u00ea pode solicitar ajuda do Mid-Shore Pro Bono. A ag\u00eancia trabalha com advogados volunt\u00e1rios em toda a costa leste, incluindo o condado de Caroline.<\/p>\n<p>A organiza\u00e7\u00e3o pode ajudar com:<\/p>\n<ul>\n<li>fal\u00eancia<\/li>\n<li>cust\u00f3dia ou visita\u00e7\u00e3o dos filhos<\/li>\n<li>d\u00edvida do consumidor<\/li>\n<li>disputas contratuais<\/li>\n<li>div\u00f3rcio<\/li>\n<li>execu\u00e7\u00e3o hipotec\u00e1ria<\/li>\n<li>quest\u00f5es de locador\/inquilino<\/li>\n<\/ul>\n<p>Eles podem ajudar com outras quest\u00f5es legais, mas n\u00e3o podem ajudar com todos os tipos, portanto, certifique-se de <a href=\"https:\/\/midshoreprobono.org\/how-we-help\/\" target=\"_blank\" rel=\"noopener\">eles fornecem assist\u00eancia para sua quest\u00e3o jur\u00eddica<\/a> antes de solicitar ajuda.<\/p>\n<p>Comece preenchendo o <a href=\"https:\/\/www.legal-trak.com\/CaseManagement\/OnlineInTake\/OnlineInTake\/2?skipPayment=true\" target=\"_blank\" rel=\"noopener\">Formul\u00e1rio de admiss\u00e3o do Mid-Shore Pro Bono<\/a>.<\/p>\n<h2>Necessidades relacionadas \u00e0 sa\u00fade<\/h2>\n<p>Se precisar de vacinas, exames de sa\u00fade, apoio de sa\u00fade comportamental ou tiver outras preocupa\u00e7\u00f5es relacionadas \u00e0 sa\u00fade, entre em contato com o <a href=\"https:\/\/www.carolinehd.org\/health-services\/\" target=\"_blank\" rel=\"noopener\">Departamento de Sa\u00fade do Condado de Carolina<\/a>.<\/p>\n<p>A Mid Shore Health Improvement Coalition tamb\u00e9m est\u00e1 aumentando a conscientiza\u00e7\u00e3o sobre o pr\u00e9-diabetes, que afeta 1 em cada 3 adultos em Mid Shore. <a href=\"https:\/\/www.midshorehealth.org\/diabetesrisk\" target=\"_blank\" rel=\"noopener\">Fa\u00e7a este teste r\u00e1pido de diabetes<\/a> para ver se voc\u00ea est\u00e1 em risco.<\/p>\n<p>Voc\u00ea tamb\u00e9m pode se conectar participando de um evento relacionado \u00e0 sa\u00fade. <a href=\"https:\/\/www.midshorehealth.org\/events\" target=\"_blank\" rel=\"noopener\">Confira o calend\u00e1rio de eventos<\/a>\u00a0da Coaliz\u00e3o para Melhoria da Sa\u00fade de Mid Shore.<\/p>\n\t\t\t\t<img decoding=\"async\" src=\"http:\/\/211md.org\/wp-content\/uploads\/2024\/01\/Whats-the-211-hon.jpg\" alt=\"Qual \u00e9 o lembrete de mensagem de texto 211 Hon\" itemprop=\"image\" title=\"Qual \u00e9 o 211 querido\" onerror=\"this.style.display='none'\" loading=\"lazy\" \/>\n\t<h2>Recursos do condado de Caroline<\/h2>\n<p>Aprender sobre <a href=\"https:\/\/211md.org\/pt\/whats-the-211\/\">Qual \u00e9 o 211, querido?<\/a> \u2013 um esfor\u00e7o popular para aumentar a conscientiza\u00e7\u00e3o sobre como o 211 pode ajudar os residentes do condado de Caroline a encontrar recursos locais de sa\u00fade e servi\u00e7os humanos. 211 est\u00e1 dispon\u00edvel 24 horas por dia, 7 dias por semana, 365 dias por ano.<\/p>\n<p>Voc\u00ea tamb\u00e9m pode receber atualiza\u00e7\u00f5es por mensagens de texto com recursos de sa\u00fade Mid Shore. Inscreva-se enviando uma mensagem de texto para MidShore para 898-211.<\/p>\n\t\t<h3>\t\n\tReceba alertas de texto MidShore<\/h3><p>Receba atualiza\u00e7\u00f5es por mensagens de texto com recursos da comunidade. Inscreva-se enviando uma mensagem de texto para MidShore para 898-211.<\/p>\n\t\t<h4><a href=\"\/pt\/recursos\/envelhecimento-incapacidade\/?utm_source=Home&#038;utm_medium=Referral&#038;utm_campaign=211Resources&#038;utm_content=Aging\" target=\"_self\">Envelhecimento e Defici\u00eancia<\/a><\/h4>\n\t\t\t\t<a href=\"\/pt\/recursos\/envelhecimento-incapacidade\/?utm_source=Home&#038;utm_medium=Referral&#038;utm_campaign=211Resources&#038;utm_content=Aging\"  target=\"_self\" itemprop=\"url\">\n\t\t\t\t<img decoding=\"async\" src=\"https:\/\/211md.org\/wp-content\/uploads\/bb-plugin\/cache\/2025_MdInfoNet_Icon-Sets_Aging-disability-square-c466727102cae71e5f27b8539bb51945-.png\" alt=\"\" itemprop=\"image\" onerror=\"this.style.display='none'\" loading=\"lazy\" \/>\n\t\t\t\t<\/a>\n\t\t<h4><a href=\"\/pt\/recursos\/criancas-familias\/?utm_source=Home&#038;utm_medium=Referral&#038;utm_campaign=211Resources&#038;utm_content=Children\" target=\"_self\">Crian\u00e7as e Fam\u00edlias<\/a><\/h4>\n\t\t\t\t<a href=\"\/pt\/recursos\/criancas-familias\/?utm_source=Home&#038;utm_medium=Referral&#038;utm_campaign=211Resources&#038;utm_content=Children\"  target=\"_self\" itemprop=\"url\">\n\t\t\t\t<img decoding=\"async\" src=\"https:\/\/211md.org\/wp-content\/uploads\/bb-plugin\/cache\/2025_211_Icon-Sets_Child-care-square-f3b0d4edab3dcc467fadb5f55f4064c6-.png\" alt=\"2025_211_Conjuntos de \u00edcones_Cuidados infantis\" itemprop=\"image\" height=\"417\" width=\"417\" title=\"2025_211_Conjuntos de \u00edcones_Cuidados infantis\" onerror=\"this.style.display='none'\" loading=\"lazy\" \/>\n\t\t\t\t<\/a>\n\t\t<h4><a href=\"\/pt\/recursos\/violencia-domestica-familiar\/?utm_source=Home&#038;utm_medium=Referral&#038;utm_campaign=211Resources&#038;utm_content=Domestic\" target=\"_self\">Viol\u00eancia dom\u00e9stica<\/a><\/h4>\n\t\t\t\t<a href=\"\/pt\/recursos\/violencia-domestica-familiar\/?utm_source=Home&#038;utm_medium=Referral&#038;utm_campaign=211Resources&#038;utm_content=Domestic\"  target=\"_self\" itemprop=\"url\">\n\t\t\t\t<img decoding=\"async\" src=\"https:\/\/211md.org\/wp-content\/uploads\/bb-plugin\/cache\/2025_211_Icon-Sets_Domestic-Violence-square-7b597694a6f05fe90cdc376aa573bc63-.png\" alt=\"\u00cdcone de viol\u00eancia dom\u00e9stica\" itemprop=\"image\" height=\"417\" width=\"417\" title=\"2025_211_Conjuntos de \u00edcones_Viol\u00eancia dom\u00e9stica\" onerror=\"this.style.display='none'\" loading=\"lazy\" \/>\n\t\t\t\t<\/a>\n\t\t<h4><a href=\"\/pt\/recursos\/procura-de-emprego\/?utm_source=Home&#038;utm_medium=Referral&#038;utm_campaign=211Resources&#038;utm_content=Employment\" target=\"_self\">Emprego<\/a><\/h4>\n\t\t\t\t<a href=\"\/pt\/recursos\/procura-de-emprego\/?utm_source=Home&#038;utm_medium=Referral&#038;utm_campaign=211Resources&#038;utm_content=Employment\"  target=\"_self\" itemprop=\"url\">\n\t\t\t\t<img decoding=\"async\" src=\"https:\/\/211md.org\/wp-content\/uploads\/bb-plugin\/cache\/2025_MdInfoNet_Icon-Sets_Employment-square-44707bd410e4df10a470bf130ebcea86-.png\" alt=\"\" itemprop=\"image\" onerror=\"this.style.display='none'\" loading=\"lazy\" \/>\n\t\t\t\t<\/a>\n\t\t<h4><a href=\"\/pt\/recursos\/cuidados-de-saude\/?utm_source=Home&#038;utm_medium=Referral&#038;utm_campaign=211Resources&#038;utm_content=Health%20Care\" target=\"_self\">Cuidados de sa\u00fade<\/a><\/h4>\n\t\t\t\t<a href=\"\/pt\/recursos\/cuidados-de-saude\/?utm_source=Home&#038;utm_medium=Referral&#038;utm_campaign=211Resources&#038;utm_content=Health%20Care\"  target=\"_self\" itemprop=\"url\">\n\t\t\t\t<img decoding=\"async\" src=\"https:\/\/211md.org\/wp-content\/uploads\/bb-plugin\/cache\/2025_MdInfoNet_Icon-Sets_Health-Care-square-dee98a0060cbe0e7f27eda253fc12679-.png\" alt=\"\" itemprop=\"image\" onerror=\"this.style.display='none'\" loading=\"lazy\" \/>\n\t\t\t\t<\/a>\n\t\t<h4><a href=\"\/pt\/recursos\/criancas-familias\/cuidados-de-parentesco\/?utm_source=Home&#038;utm_medium=Referral&#038;utm_campaign=211Resources&#038;utm_content=Kinship\" target=\"_self\">Parentesco<\/a><\/h4>\n\t\t\t\t<a href=\"\/pt\/recursos\/criancas-familias\/cuidados-de-parentesco\/?utm_source=Home&#038;utm_medium=Referral&#038;utm_campaign=211Resources&#038;utm_content=Kinship\"  target=\"_self\" itemprop=\"url\">\n\t\t\t\t<img decoding=\"async\" src=\"https:\/\/211md.org\/wp-content\/uploads\/bb-plugin\/cache\/2025_211_Icon-Sets_Kinship-square-45bdf872866f5735f842c32071109267-.png\" alt=\"\u00cdcone de parentesco\" itemprop=\"image\" height=\"417\" width=\"417\" title=\"2025_211_Conjuntos de \u00edcones_Parentesco\" onerror=\"this.style.display='none'\" loading=\"lazy\" \/>\n\t\t\t\t<\/a>\n\t\t<h4><a href=\"\/pt\/recursos\/servicos-legais\/?utm_source=Home&#038;utm_medium=Referral&#038;utm_campaign=211Resources&#038;utm_content=Legal\" target=\"_self\">Servi\u00e7os legais<\/a><\/h4>\n\t\t\t\t<a href=\"\/pt\/recursos\/servicos-legais\/?utm_source=Home&#038;utm_medium=Referral&#038;utm_campaign=211Resources&#038;utm_content=Legal\"  target=\"_self\" itemprop=\"url\">\n\t\t\t\t<img decoding=\"async\" src=\"https:\/\/211md.org\/wp-content\/uploads\/bb-plugin\/cache\/2025_MdInfoNet_Icon-Sets_Legal-square-18fdf438feb8435588174d9046463257-.png\" alt=\"\" itemprop=\"image\" onerror=\"this.style.display='none'\" loading=\"lazy\" \/>\n\t\t\t\t<\/a>\n\t\t<h4><a href=\"\/pt\/recursos\/saude-mental\/?utm_source=Home&#038;utm_medium=Referral&#038;utm_campaign=211Resources&#038;utm_content=Mental\" target=\"_self\">Sa\u00fade mental<\/a><\/h4>\n\t\t\t\t<a href=\"\/pt\/recursos\/saude-mental\/?utm_source=Home&#038;utm_medium=Referral&#038;utm_campaign=211Resources&#038;utm_content=Mental\"  target=\"_self\" itemprop=\"url\">\n\t\t\t\t<img decoding=\"async\" src=\"https:\/\/211md.org\/wp-content\/uploads\/bb-plugin\/cache\/2025_MdInfoNet_Icon-Sets_Mental-Health-square-c59b38c4a993a947d4c9280fbe2d2fee-.png\" alt=\"\" itemprop=\"image\" onerror=\"this.style.display='none'\" loading=\"lazy\" \/>\n\t\t\t\t<\/a>\n\t\t<h4><a href=\"\/pt\/recursos\/mdreentry\/?utm_source=Home&#038;utm_medium=Referral&#038;utm_campaign=211Resources&#038;utm_content=Reentry\" target=\"_self\">Reentrada<\/a><\/h4>\n\t\t\t\t<a href=\"\/pt\/recursos\/mdreentry\/?utm_source=Home&#038;utm_medium=Referral&#038;utm_campaign=211Resources&#038;utm_content=Reentry\"  target=\"_self\" itemprop=\"url\">\n\t\t\t\t<img decoding=\"async\" src=\"https:\/\/211md.org\/wp-content\/uploads\/bb-plugin\/cache\/2025_211_Icon-Sets_Reentry-square-8676fea38abd920a832f45642fe31cca-.png\" alt=\"\u00cdcone de reentrada\" itemprop=\"image\" height=\"417\" width=\"417\" title=\"2025_211_Conjuntos de \u00edcones_Reentrada\" onerror=\"this.style.display='none'\" loading=\"lazy\" \/>\n\t\t\t\t<\/a>\n\t\t<h4><a href=\"\/pt\/recursos\/uso-de-substancias\/?utm_source=Home&#038;utm_medium=Referral&#038;utm_campaign=211Resources&#038;utm_content=Substance\" target=\"_self\">Uso de subst\u00e2ncias<\/a><\/h4>\n\t\t\t\t<a href=\"\/pt\/recursos\/uso-de-substancias\/?utm_source=Home&#038;utm_medium=Referral&#038;utm_campaign=211Resources&#038;utm_content=Substance\"  target=\"_self\" itemprop=\"url\">\n\t\t\t\t<img decoding=\"async\" src=\"https:\/\/211md.org\/wp-content\/uploads\/bb-plugin\/cache\/2025_MdInfoNet_Icon-Sets_Substance-Abuse-square-9022fec9d18a64118ad685c101885b55-.png\" alt=\"\" itemprop=\"image\" onerror=\"this.style.display='none'\" loading=\"lazy\" \/>\n\t\t\t\t<\/a>\n\t\t<h4><a href=\"\/pt\/recursos\/veteranos\/?utm_source=Home&#038;utm_medium=Referral&#038;utm_campaign=211Resources&#038;utm_content=Veterans\" target=\"_self\">veteranos<\/a><\/h4>\n\t\t\t\t<a href=\"\/pt\/recursos\/veteranos\/?utm_source=Home&#038;utm_medium=Referral&#038;utm_campaign=211Resources&#038;utm_content=Veterans\"  target=\"_self\" itemprop=\"url\">\n\t\t\t\t<img decoding=\"async\" src=\"https:\/\/211md.org\/wp-content\/uploads\/bb-plugin\/cache\/2025_MdInfoNet_Icon-Sets_Rating-square-6e60d00cce4faa8e0a6d4ad7366aa733-.png\" alt=\"\" itemprop=\"image\" onerror=\"this.style.display='none'\" loading=\"lazy\" \/>\n\t\t\t\t<\/a>","protected":false},"excerpt":{"rendered":"<p>Encontre recursos perto de mim. Pesquise agora. Adicione sua ag\u00eancia ou organiza\u00e7\u00e3o ao nosso banco de dados de recursos. Ajuda dispon\u00edvel se voc\u00ea mora em Denton, Ridgely, Greensboro, Federalsburg, Hobbs, Asbury, Anthony, Agner, White Oak Manor, Reliance ou outra cidade do Condado de Caroline. Ligue para 211 para falar com um especialista em informa\u00e7\u00f5es e encaminhamentos. Voc\u00ea tamb\u00e9m pode pesquisar no banco de dados.<\/p>","protected":false},"author":8,"featured_media":0,"parent":750,"menu_order":0,"comment_status":"closed","ping_status":"closed","template":"","meta":{"footnotes":""},"class_list":["post-1689","page","type-page","status-publish","hentry"],"_links":{"self":[{"href":"https:\/\/211md.org\/pt\/wp-json\/wp\/v2\/pages\/1689","targetHints":{"allow":["GET"]}}],"collection":[{"href":"https:\/\/211md.org\/pt\/wp-json\/wp\/v2\/pages"}],"about":[{"href":"https:\/\/211md.org\/pt\/wp-json\/wp\/v2\/types\/page"}],"author":[{"embeddable":true,"href":"https:\/\/211md.org\/pt\/wp-json\/wp\/v2\/users\/8"}],"replies":[{"embeddable":true,"href":"https:\/\/211md.org\/pt\/wp-json\/wp\/v2\/comments?post=1689"}],"version-history":[{"count":4,"href":"https:\/\/211md.org\/pt\/wp-json\/wp\/v2\/pages\/1689\/revisions"}],"predecessor-version":[{"id":34193,"href":"https:\/\/211md.org\/pt\/wp-json\/wp\/v2\/pages\/1689\/revisions\/34193"}],"up":[{"embeddable":true,"href":"https:\/\/211md.org\/pt\/wp-json\/wp\/v2\/pages\/750"}],"wp:attachment":[{"href":"https:\/\/211md.org\/pt\/wp-json\/wp\/v2\/media?parent=1689"}],"curies":[{"name":"wp","href":"https:\/\/api.w.org\/{rel}","templated":true}]}}