{"id":1690,"date":"2021-05-12T00:23:36","date_gmt":"2021-05-12T00:23:36","guid":{"rendered":"https:\/\/211md.org\/?page_id=1690"},"modified":"2025-10-29T07:08:26","modified_gmt":"2025-10-29T11:08:26","slug":"condado-de-rainha-annes","status":"publish","type":"page","link":"https:\/\/211md.org\/pt\/resources-by-county\/queen-annes-county\/","title":{"rendered":"Condado da Rainha Anne"},"content":{"rendered":"<h2><a href=\"https:\/\/search.211md.org\/\" target=\"_blank\"  rel=\"noopener\">Encontre recursos perto de mim<\/a><\/h2>\n\t\t\t<a href=\"https:\/\/search.211md.org\/\" target=\"_blank\" rel=\"noopener\">\n\t\t\t\t\t\t\tProcure agora\n\t\t\t<\/a>\n\t<p><strong><a href=\"\/pt\/juntar-nosso-banco-de-dados\/\">Adicione sua ag\u00eancia ou organiza\u00e7\u00e3o ao nosso banco de dados de recursos.<\/a><\/strong><\/p>\n\t<p>Precisa de comida ou apoio financeiro emergencial para moradia ou contas de servi\u00e7os p\u00fablicos? O 211 pode ajudar com essas e outras necessidades. Pesquise mais de 7.000 recursos em Maryland ou ligue para 211 para falar com um especialista em informa\u00e7\u00f5es e encaminhamentos do 211 e encontrar os melhores recursos locais.<\/p>\n<p>A ajuda est\u00e1 dispon\u00edvel se voc\u00ea mora em Sudlersville, Church Hill, Queenstown, Grasonville, Stevensville ou Centerville ou em uma das outras comunidades de Queen Anne&#039;s.<\/p>\n\t\t<h2>\t\n\tDisque 211<\/h2><p>Conecte-se aos recursos da comunidade e suporte 24 horas por dia, 7 dias por semana, 365 dias por ano.<\/p>\n<h2>Minist\u00e9rios Haven<\/h2>\n<p><a href=\"https:\/\/haven-ministries.org\/\" target=\"_blank\" rel=\"noopener\">Minist\u00e9rios Haven<\/a>, uma coaliz\u00e3o de igrejas crist\u00e3s no condado de Queen Anne, oferece assist\u00eancia habitacional, alimenta\u00e7\u00e3o, roupas e abrigo para fam\u00edlias necessitadas.<\/p>\n<p>H\u00e1 um centro de recursos e uma despensa de alimentos em Queenstown, atr\u00e1s da Royal Farms. Os residentes de Queen Anne podem usar a despensa de alimentos uma vez por m\u00eas, com um documento de identidade v\u00e1lido com foto. Voc\u00ea pode marcar uma consulta pelo telefone 410-827-7194.<\/p>\n<p>H\u00e1 tamb\u00e9m um caminh\u00e3o m\u00f3vel de distribui\u00e7\u00e3o de alimentos em Sudlersville, Maryland. O food truck oferece alimentos n\u00e3o cozidos para pessoas com necessidades alimentares emergenciais no norte do condado de Queen Anne.<\/p>\n<p>Os Minist\u00e9rios Haven tamb\u00e9m podem ajudar a encontrar moradias acess\u00edveis, o que falta no condado de Queen Anne. Eles oferecem um abrigo de emerg\u00eancia no inverno e\u00a0<a href=\"https:\/\/haven-ministries.org\/2020\/11\/haven-ministries-expands-housing-assistance-program-2\/\" target=\"_blank\" rel=\"noopener\">Programa de Assist\u00eancia Habitacional<\/a>.<\/p>\n<p>O financiamento pode estar dispon\u00edvel atrav\u00e9s da Igreja Cat\u00f3lica de S\u00e3o Crist\u00f3v\u00e3o, dos Minist\u00e9rios Haven e da Igreja Metodista Unida de Kent Island para pagamentos de aluguel e servi\u00e7os p\u00fablicos, quando dispon\u00edveis.<\/p>\n<p>Voc\u00ea pode entrar em contato com essas ag\u00eancias ou ligar para 211 para encontrar recursos no Condado de Queen Anne que podem ajudar com contas de servi\u00e7os p\u00fablicos e preven\u00e7\u00e3o de despejos.<\/p>\n<h2><b>Ajuda de Habita\u00e7\u00e3o\u00a0<\/b><\/h2>\n<p>Se voc\u00ea precisar de ajuda com moradia, o Queen Anne&#039;s Housing &amp; Community Services oferece uma variedade de programas que ajudam na preven\u00e7\u00e3o de despejos, falta de moradia, compradores de casas pela primeira vez e reparos emergenciais de moradias. Voc\u00ea tamb\u00e9m pode verificar seus <a href=\"https:\/\/www.qac.org\/1210\/Homeless-Assistance\" target=\"_blank\" rel=\"noopener\">p\u00e1gina de recursos<\/a> para obter informa\u00e7\u00f5es sobre locais de habita\u00e7\u00e3o em todo o condado, alojamentos para idosos, instala\u00e7\u00f5es de vida assistida e abrigos.<\/p>\n<h2><b>Ajuda do Utilit\u00e1rio<\/b><\/h2>\n<p>Se precisar de ajuda para pagar sua conta de luz, o\u00a0<a href=\"https:\/\/search.211md.org\/search\/6308c2bd4994ec149dfa74324ebccfde\" target=\"_blank\" rel=\"noopener\">Departamento de Servi\u00e7os Sociais do Condado de Queen Anne<\/a>\u00a0pode ajudar com subs\u00eddios estaduais de energia, como o Programa de Assist\u00eancia Energ\u00e9tica de Maryland (MEAP) para custos de aquecimento, Programa de Servi\u00e7o Universal El\u00e9trico (EUSP) para contas de energia el\u00e9trica e outros subs\u00eddios atrav\u00e9s do Escrit\u00f3rio de Programas de Energia Dom\u00e9stica (OHEP).<\/p>\n<p><a href=\"\/pt\/recursos\/utilitario-assistencia\/\" rel=\"noopener\">211 tem um guia de assist\u00eancia energ\u00e9tica<\/a>\u00a0com informa\u00e7\u00f5es detalhadas sobre diretrizes de renda e como preencher o formul\u00e1rio corretamente.<\/p>\n<p>Voc\u00ea tamb\u00e9m pode entrar em contato <a href=\"https:\/\/www.delmarva.com\/MyAccount\/CustomerSupport\/Pages\/MD\/BillPaymentAssistance.aspx\" target=\"_blank\" rel=\"noopener\">Poder Delmarva<\/a> ou <a href=\"https:\/\/www.choptankelectric.coop\/energy-assistance\" target=\"_blank\" rel=\"noopener\">Choptank El\u00e9trico<\/a> para configurar um plano de pagamento.<\/p>\n<h2>despensas<\/h2>\n<p>Antes de visitar uma despensa de alimentos, verifique os requisitos de elegibilidade e confirme os hor\u00e1rios, pois est\u00e3o sujeitos a altera\u00e7\u00f5es.<\/p>\n<p>Para algumas despensas de alimentos, pode ser necess\u00e1rio agendamento e\/ou documento de identidade v\u00e1lido com foto<\/p>\n\t\t<h3>Minist\u00e9rios Haven, Inc.<\/h3>Avenida Del Rodes, 206<br \/>\nQueenstown, MD 21658<br \/>\n(atr\u00e1s das Fazendas Reais)<br \/>\nTelefone: (410) 827-7194\n<p>Deve ser residente do QAC com documento de identidade com foto. Os residentes s\u00e3o bem-vindos uma vez por m\u00eas.<\/p>\n<p>&nbsp;<\/p>\n<strong>Despensa de Alimentos | M, W, Qui, F das 8h30 \u00e0s 16h30<br \/>\nT das 7h \u00e0s 19h\u00a0<\/strong>\n\t<iframe src=\"https:\/\/www.google.com\/maps\/embed\/v1\/place?q=Haven+Ministries%0A206+Del+Rhodes+Avenue%0AQueenstown%2C+MD+21658&#038;key=AIzaSyD09zQ9PNDNNy9TadMuzRV_UsPUoWKntt8\" aria-hidden=\"true\" title=\"Minist\u00e9rios Haven\"><\/iframe>\n\t\t<h3>Caminh\u00e3o de comida m\u00f3vel da Haven Ministries, Inc.<\/h3>407 Dudley Esquina Estrada<br \/>\nSudlersville, MD 21668<br \/>\n410-827-7194\n<p>&nbsp;<\/p>\n<p>Residentes do Norte do QAC com necessidades alimentares emergenciais, consulta marcada e documento de identidade com foto<\/p>\n<p>&nbsp;<\/p>\n<p><b>Caminh\u00e3o de comida m\u00f3vel | Mediante marca\u00e7\u00e3o pr\u00e9via, ter\u00e7a-feira, das 12h00 \u00e0s 19h00 e\u00a0<\/b><strong>Sexta-feira, das 9h \u00e0s 19h<\/strong><\/p>\n\t<iframe src=\"https:\/\/www.google.com\/maps\/embed\/v1\/place?q=407+Dudley+Corner+Road%0ASudersville%2C+MD+21668&#038;key=AIzaSyD09zQ9PNDNNy9TadMuzRV_UsPUoWKntt8\" aria-hidden=\"true\" title=\"Food Truck dos Minist\u00e9rios Haven\"><\/iframe>\n\t\t<h3>Igreja Metodista Unida de Centerville<\/h3>Estrada da Colina da Igreja 608<br \/>\nCentreville, MD 21617<br \/>\n410-758-0868\n<p>&nbsp;<\/p>\n<p><strong>Despensa de Alimentos | 1\u00aa e 3\u00aa quarta-feira de cada m\u00eas, das 10h \u00e0s 12h<\/strong><\/p>\n\t<iframe src=\"https:\/\/www.google.com\/maps\/embed\/v1\/place?q=Centreville+United+Methodist+Church+%0A608+Church+Hill+Road%0ACentreville%2C+MD+21617&#038;key=AIzaSyD09zQ9PNDNNy9TadMuzRV_UsPUoWKntt8\" aria-hidden=\"true\" title=\"Igreja Metodista Unida de Centerville \"><\/iframe>\n\t\t<h3>Igreja Cat\u00f3lica de S\u00e3o Crist\u00f3v\u00e3o<\/h3>1861 Harbour Drive<br \/>\nChester, MD 21619<br \/>\n410-643-6220\n<p>A despensa est\u00e1 fechada se as escolas estiverem fechadas devido ao clima.<\/p>\n<strong><br \/>\nDespensa de Alimentos | MWF 9h30 \u00e0s 12h<\/strong>\n\t<iframe src=\"https:\/\/www.google.com\/maps\/embed\/v1\/place?q=St.+Christopher%27s+Catholic+Church%0A1861+Harbor+Drive%0AChester%2C+MD+21619&#038;key=AIzaSyD09zQ9PNDNNy9TadMuzRV_UsPUoWKntt8\" aria-hidden=\"true\" title=\"Igreja Cat\u00f3lica de S\u00e3o Crist\u00f3v\u00e3o\"><\/iframe>\n\t\t<h3>Igreja Betel AME<\/h3>Rua Washington, 102<br \/>\nCentreville, MD 21617<br \/>\n410-758-3748\n<p>&nbsp;<\/p>\n<p><strong>Despensa de Alimentos | Ligue para obter informa\u00e7\u00f5es<\/strong><\/p>\n\t<iframe src=\"https:\/\/www.google.com\/maps\/embed\/v1\/place?q=Bethel+AME+Church+%0A102+Washington+Street%0ACentreville%2C+MD+21617&#038;key=AIzaSyD09zQ9PNDNNy9TadMuzRV_UsPUoWKntt8\" aria-hidden=\"true\" title=\"Igreja Betel AME\"><\/iframe>\n\t\t<h3>Centro Comunit\u00e1rio de Grasonville<\/h3>Rua Principal 5601<br \/>\nGrasonville, MD 21638<br \/>\n410-827-9215\n<p>&nbsp;<\/p>\n<p><strong>Despensa de Alimentos | Ter\u00e7a-feira, das 11h30 \u00e0s 16h e sexta-feira, das 10h \u00e0s 16h<\/strong><\/p>\n\t<iframe src=\"https:\/\/www.google.com\/maps\/embed\/v1\/place?q=Grasonville+Community+Center%0A5601+Main+Street%0AGrasonville%2C+MD+21638&#038;key=AIzaSyD09zQ9PNDNNy9TadMuzRV_UsPUoWKntt8\" aria-hidden=\"true\" title=\"Centro Comunit\u00e1rio de Grasonville\"><\/iframe>\n\t\t<h3>Igreja Adventista do S\u00e9timo Dia de Grasonville<\/h3>Unidade do Centro M\u00e9dico 208<br \/>\nGrasonville, MD 21638<br \/>\n410-827-8461\n<p>&nbsp;<\/p>\n<p>Deve ser residente do QAC com documento de identidade com foto<\/p>\n<p>&nbsp;<\/p>\n<p><strong>Despensa de Alimentos | Todas as segundas-feiras, das 10h \u00e0s 13h\u00a0<\/strong><\/p>\n\t<iframe src=\"https:\/\/www.google.com\/maps\/embed\/v1\/place?q=Grasonville+Seventh+Day+Adventist+Church+%0A208+Medical+Center+Drive%0AGrasonville%2C+MD+21638&#038;key=AIzaSyD09zQ9PNDNNy9TadMuzRV_UsPUoWKntt8\" aria-hidden=\"true\" title=\"Igreja Adventista do S\u00e9timo Dia de Grasonville \"><\/iframe>\n\t\t<h3>Igreja UM de Sudlersville<\/h3>Rua da Igreja Norte, 103<br \/>\nSudlersville, MD 21668<br \/>\n410-438-3816<br \/>\n<a href=\"http:\/\/www.sudlersvilleumc.org\/sudlersville-charge-food-pantry.html\" target=\"_blank\" rel=\"noopener\">Aprenda sobre a despensa<\/a>.\n<p>Deve ser residente do QAC. Requisito de renda.<\/p>\n<strong><br \/>\nDespensa de Alimentos | Ligue para datas<\/strong>\n\t<iframe src=\"https:\/\/www.google.com\/maps\/embed\/v1\/place?q=Sudlersville+UM+Church%0A103+North+Church+Street%0ASudlersville%2C+MD+21668&#038;key=AIzaSyD09zQ9PNDNNy9TadMuzRV_UsPUoWKntt8\" aria-hidden=\"true\" title=\"Despensa de alimentos da Igreja UM de Sudlersville\"><\/iframe>\n\t\t<h3>Minist\u00e9rio Nossa M\u00e3e das Dores<\/h3>Avenida Homewood, 301<br \/>\nCentreville, MD 21617<br \/>\n410-758-6833<br \/>\n<a href=\"https:\/\/sorrowsparish.org\/outreach\" target=\"_blank\" rel=\"noopener\">Saiba mais sobre a despensa<\/a>.\n<p>\u00c9 necess\u00e1rio agendamento.<\/p>\n<p>&nbsp;<\/p>\n<p><strong>Despensa de Alimentos | Segunda e quarta quinta-feira de cada m\u00eas, entre as 16h00 e as 18h00, quando dispon\u00edvel e com marca\u00e7\u00e3o pr\u00e9via.<\/strong><\/p>\n\t<iframe src=\"https:\/\/www.google.com\/maps\/embed\/v1\/place?q=Our+Mother+of+Sorrows+Outreach+Ministry%0A301+Homewood+Avenue%0ACentreville%2C+MD+21617&#038;key=AIzaSyD09zQ9PNDNNy9TadMuzRV_UsPUoWKntt8\" aria-hidden=\"true\" title=\"Minist\u00e9rio Nossa M\u00e3e das Dores\"><\/iframe>\n\t<p>Se voc\u00ea mora em outro condado da Costa Leste, pode encontrar outras despensas visitando <a href=\"https:\/\/211md.org\/pt\/recursos-por-condado\/\">selecionando o condado.<\/a><\/p>\n<p>Aprenda sobre outros recursos alimentares como <a href=\"https:\/\/211md.org\/pt\/recursos\/comida\/\">Benef\u00edcios do SNAP e como economizar em comida<\/a>.<\/p>\n\t\t\t\t<img decoding=\"async\" src=\"http:\/\/211md.org\/wp-content\/uploads\/2024\/01\/Whats-the-211-hon.jpg\" alt=\"Qual \u00e9 o lembrete de mensagem de texto 211 Hon\" itemprop=\"image\" title=\"Qual \u00e9 o 211 querido\" onerror=\"this.style.display='none'\" loading=\"lazy\" \/>\n\t<h2>Recursos do condado de Queen Anne<\/h2>\n<p>Aprender sobre <a href=\"https:\/\/211md.org\/pt\/whats-the-211\/\">Qual \u00e9 o 211, querido?<\/a> \u2013 um esfor\u00e7o popular para aumentar a conscientiza\u00e7\u00e3o sobre como o 211 pode ajudar os residentes do condado de Queen Anne a encontrar recursos locais de sa\u00fade e servi\u00e7os humanos. 211 est\u00e1 dispon\u00edvel 24 horas por dia, 7 dias por semana, 365 dias por ano.<\/p>\n<p>Voc\u00ea tamb\u00e9m pode receber atualiza\u00e7\u00f5es por mensagens de texto com recursos de sa\u00fade Mid Shore. Inscreva-se enviando uma mensagem de texto para MidShore para 898-211.<\/p>\n\t\t<h3>\t\n\tReceba alertas de texto MidShore<\/h3><p>Receba atualiza\u00e7\u00f5es por mensagens de texto com recursos da comunidade. Inscreva-se enviando uma mensagem de texto para MidShore para 898-211.<\/p>\n\t\t<h4><a href=\"\/pt\/recursos\/envelhecimento-incapacidade\/?utm_source=Home&#038;utm_medium=Referral&#038;utm_campaign=211Resources&#038;utm_content=Aging\" target=\"_self\">Envelhecimento e Defici\u00eancia<\/a><\/h4>\n\t\t\t\t<a href=\"\/pt\/recursos\/envelhecimento-incapacidade\/?utm_source=Home&#038;utm_medium=Referral&#038;utm_campaign=211Resources&#038;utm_content=Aging\"  target=\"_self\" itemprop=\"url\">\n\t\t\t\t<img decoding=\"async\" src=\"https:\/\/211md.org\/wp-content\/uploads\/bb-plugin\/cache\/2025_MdInfoNet_Icon-Sets_Aging-disability-square-c466727102cae71e5f27b8539bb51945-.png\" alt=\"\" itemprop=\"image\" onerror=\"this.style.display='none'\" loading=\"lazy\" \/>\n\t\t\t\t<\/a>\n\t\t<h4><a href=\"\/pt\/recursos\/criancas-familias\/?utm_source=Home&#038;utm_medium=Referral&#038;utm_campaign=211Resources&#038;utm_content=Children\" target=\"_self\">Crian\u00e7as e Fam\u00edlias<\/a><\/h4>\n\t\t\t\t<a href=\"\/pt\/recursos\/criancas-familias\/?utm_source=Home&#038;utm_medium=Referral&#038;utm_campaign=211Resources&#038;utm_content=Children\"  target=\"_self\" itemprop=\"url\">\n\t\t\t\t<img decoding=\"async\" src=\"https:\/\/211md.org\/wp-content\/uploads\/bb-plugin\/cache\/2025_211_Icon-Sets_Child-care-square-f3b0d4edab3dcc467fadb5f55f4064c6-.png\" alt=\"2025_211_Conjuntos de \u00edcones_Cuidados infantis\" itemprop=\"image\" height=\"417\" width=\"417\" title=\"2025_211_Conjuntos de \u00edcones_Cuidados infantis\" onerror=\"this.style.display='none'\" loading=\"lazy\" \/>\n\t\t\t\t<\/a>\n\t\t<h4><a href=\"\/pt\/recursos\/violencia-domestica-familiar\/?utm_source=Home&#038;utm_medium=Referral&#038;utm_campaign=211Resources&#038;utm_content=Domestic\" target=\"_self\">Viol\u00eancia dom\u00e9stica<\/a><\/h4>\n\t\t\t\t<a href=\"\/pt\/recursos\/violencia-domestica-familiar\/?utm_source=Home&#038;utm_medium=Referral&#038;utm_campaign=211Resources&#038;utm_content=Domestic\"  target=\"_self\" itemprop=\"url\">\n\t\t\t\t<img decoding=\"async\" src=\"https:\/\/211md.org\/wp-content\/uploads\/bb-plugin\/cache\/2025_211_Icon-Sets_Domestic-Violence-square-7b597694a6f05fe90cdc376aa573bc63-.png\" alt=\"\u00cdcone de viol\u00eancia dom\u00e9stica\" itemprop=\"image\" height=\"417\" width=\"417\" title=\"2025_211_Conjuntos de \u00edcones_Viol\u00eancia dom\u00e9stica\" onerror=\"this.style.display='none'\" loading=\"lazy\" \/>\n\t\t\t\t<\/a>\n\t\t<h4><a href=\"\/pt\/recursos\/procura-de-emprego\/?utm_source=Home&#038;utm_medium=Referral&#038;utm_campaign=211Resources&#038;utm_content=Employment\" target=\"_self\">Emprego<\/a><\/h4>\n\t\t\t\t<a href=\"\/pt\/recursos\/procura-de-emprego\/?utm_source=Home&#038;utm_medium=Referral&#038;utm_campaign=211Resources&#038;utm_content=Employment\"  target=\"_self\" itemprop=\"url\">\n\t\t\t\t<img decoding=\"async\" src=\"https:\/\/211md.org\/wp-content\/uploads\/bb-plugin\/cache\/2025_MdInfoNet_Icon-Sets_Employment-square-44707bd410e4df10a470bf130ebcea86-.png\" alt=\"\" itemprop=\"image\" onerror=\"this.style.display='none'\" loading=\"lazy\" \/>\n\t\t\t\t<\/a>\n\t\t<h4><a href=\"\/pt\/recursos\/cuidados-de-saude\/?utm_source=Home&#038;utm_medium=Referral&#038;utm_campaign=211Resources&#038;utm_content=Health%20Care\" target=\"_self\">Cuidados de sa\u00fade<\/a><\/h4>\n\t\t\t\t<a href=\"\/pt\/recursos\/cuidados-de-saude\/?utm_source=Home&#038;utm_medium=Referral&#038;utm_campaign=211Resources&#038;utm_content=Health%20Care\"  target=\"_self\" itemprop=\"url\">\n\t\t\t\t<img decoding=\"async\" src=\"https:\/\/211md.org\/wp-content\/uploads\/bb-plugin\/cache\/2025_MdInfoNet_Icon-Sets_Health-Care-square-dee98a0060cbe0e7f27eda253fc12679-.png\" alt=\"\" itemprop=\"image\" onerror=\"this.style.display='none'\" loading=\"lazy\" \/>\n\t\t\t\t<\/a>\n\t\t<h4><a href=\"\/pt\/recursos\/criancas-familias\/cuidados-de-parentesco\/?utm_source=Home&#038;utm_medium=Referral&#038;utm_campaign=211Resources&#038;utm_content=Kinship\" target=\"_self\">Parentesco<\/a><\/h4>\n\t\t\t\t<a href=\"\/pt\/recursos\/criancas-familias\/cuidados-de-parentesco\/?utm_source=Home&#038;utm_medium=Referral&#038;utm_campaign=211Resources&#038;utm_content=Kinship\"  target=\"_self\" itemprop=\"url\">\n\t\t\t\t<img decoding=\"async\" src=\"https:\/\/211md.org\/wp-content\/uploads\/bb-plugin\/cache\/2025_211_Icon-Sets_Kinship-square-45bdf872866f5735f842c32071109267-.png\" alt=\"\u00cdcone de parentesco\" itemprop=\"image\" height=\"417\" width=\"417\" title=\"2025_211_Conjuntos de \u00edcones_Parentesco\" onerror=\"this.style.display='none'\" loading=\"lazy\" \/>\n\t\t\t\t<\/a>\n\t\t<h4><a href=\"\/pt\/recursos\/servicos-legais\/?utm_source=Home&#038;utm_medium=Referral&#038;utm_campaign=211Resources&#038;utm_content=Legal\" target=\"_self\">Servi\u00e7os legais<\/a><\/h4>\n\t\t\t\t<a href=\"\/pt\/recursos\/servicos-legais\/?utm_source=Home&#038;utm_medium=Referral&#038;utm_campaign=211Resources&#038;utm_content=Legal\"  target=\"_self\" itemprop=\"url\">\n\t\t\t\t<img decoding=\"async\" src=\"https:\/\/211md.org\/wp-content\/uploads\/bb-plugin\/cache\/2025_MdInfoNet_Icon-Sets_Legal-square-18fdf438feb8435588174d9046463257-.png\" alt=\"\" itemprop=\"image\" onerror=\"this.style.display='none'\" loading=\"lazy\" \/>\n\t\t\t\t<\/a>\n\t\t<h4><a href=\"\/pt\/recursos\/saude-mental\/?utm_source=Home&#038;utm_medium=Referral&#038;utm_campaign=211Resources&#038;utm_content=Mental\" target=\"_self\">Sa\u00fade mental<\/a><\/h4>\n\t\t\t\t<a href=\"\/pt\/recursos\/saude-mental\/?utm_source=Home&#038;utm_medium=Referral&#038;utm_campaign=211Resources&#038;utm_content=Mental\"  target=\"_self\" itemprop=\"url\">\n\t\t\t\t<img decoding=\"async\" src=\"https:\/\/211md.org\/wp-content\/uploads\/bb-plugin\/cache\/2025_MdInfoNet_Icon-Sets_Mental-Health-square-c59b38c4a993a947d4c9280fbe2d2fee-.png\" alt=\"\" itemprop=\"image\" onerror=\"this.style.display='none'\" loading=\"lazy\" \/>\n\t\t\t\t<\/a>\n\t\t<h4><a href=\"\/pt\/recursos\/mdreentry\/?utm_source=Home&#038;utm_medium=Referral&#038;utm_campaign=211Resources&#038;utm_content=Reentry\" target=\"_self\">Reentrada<\/a><\/h4>\n\t\t\t\t<a href=\"\/pt\/recursos\/mdreentry\/?utm_source=Home&#038;utm_medium=Referral&#038;utm_campaign=211Resources&#038;utm_content=Reentry\"  target=\"_self\" itemprop=\"url\">\n\t\t\t\t<img decoding=\"async\" src=\"https:\/\/211md.org\/wp-content\/uploads\/bb-plugin\/cache\/2025_211_Icon-Sets_Reentry-square-8676fea38abd920a832f45642fe31cca-.png\" alt=\"\u00cdcone de reentrada\" itemprop=\"image\" height=\"417\" width=\"417\" title=\"2025_211_Conjuntos de \u00edcones_Reentrada\" onerror=\"this.style.display='none'\" loading=\"lazy\" \/>\n\t\t\t\t<\/a>\n\t\t<h4><a href=\"\/pt\/recursos\/uso-de-substancias\/?utm_source=Home&#038;utm_medium=Referral&#038;utm_campaign=211Resources&#038;utm_content=Substance\" target=\"_self\">Uso de subst\u00e2ncias<\/a><\/h4>\n\t\t\t\t<a href=\"\/pt\/recursos\/uso-de-substancias\/?utm_source=Home&#038;utm_medium=Referral&#038;utm_campaign=211Resources&#038;utm_content=Substance\"  target=\"_self\" itemprop=\"url\">\n\t\t\t\t<img decoding=\"async\" src=\"https:\/\/211md.org\/wp-content\/uploads\/bb-plugin\/cache\/2025_MdInfoNet_Icon-Sets_Substance-Abuse-square-9022fec9d18a64118ad685c101885b55-.png\" alt=\"\" itemprop=\"image\" onerror=\"this.style.display='none'\" loading=\"lazy\" \/>\n\t\t\t\t<\/a>\n\t\t<h4><a href=\"\/pt\/recursos\/veteranos\/?utm_source=Home&#038;utm_medium=Referral&#038;utm_campaign=211Resources&#038;utm_content=Veterans\" target=\"_self\">veteranos<\/a><\/h4>\n\t\t\t\t<a href=\"\/pt\/recursos\/veteranos\/?utm_source=Home&#038;utm_medium=Referral&#038;utm_campaign=211Resources&#038;utm_content=Veterans\"  target=\"_self\" itemprop=\"url\">\n\t\t\t\t<img decoding=\"async\" src=\"https:\/\/211md.org\/wp-content\/uploads\/bb-plugin\/cache\/2025_MdInfoNet_Icon-Sets_Rating-square-6e60d00cce4faa8e0a6d4ad7366aa733-.png\" alt=\"\" itemprop=\"image\" onerror=\"this.style.display='none'\" loading=\"lazy\" \/>\n\t\t\t\t<\/a>","protected":false},"excerpt":{"rendered":"<p>Encontre recursos perto de mim. Pesquise agora. Adicione sua ag\u00eancia ou organiza\u00e7\u00e3o ao nosso banco de dados de recursos. Precisa de comida ou apoio financeiro emergencial para moradia ou contas de servi\u00e7os p\u00fablicos? O 211 pode ajudar com essas e outras necessidades. Pesquise mais de 7.000 recursos em Maryland ou ligue para 211 para falar com um especialista em informa\u00e7\u00f5es e encaminhamentos do 211 para encontrar\u2026<\/p>","protected":false},"author":8,"featured_media":0,"parent":750,"menu_order":0,"comment_status":"closed","ping_status":"closed","template":"","meta":{"footnotes":""},"class_list":["post-1690","page","type-page","status-publish","hentry"],"_links":{"self":[{"href":"https:\/\/211md.org\/pt\/wp-json\/wp\/v2\/pages\/1690","targetHints":{"allow":["GET"]}}],"collection":[{"href":"https:\/\/211md.org\/pt\/wp-json\/wp\/v2\/pages"}],"about":[{"href":"https:\/\/211md.org\/pt\/wp-json\/wp\/v2\/types\/page"}],"author":[{"embeddable":true,"href":"https:\/\/211md.org\/pt\/wp-json\/wp\/v2\/users\/8"}],"replies":[{"embeddable":true,"href":"https:\/\/211md.org\/pt\/wp-json\/wp\/v2\/comments?post=1690"}],"version-history":[{"count":3,"href":"https:\/\/211md.org\/pt\/wp-json\/wp\/v2\/pages\/1690\/revisions"}],"predecessor-version":[{"id":34088,"href":"https:\/\/211md.org\/pt\/wp-json\/wp\/v2\/pages\/1690\/revisions\/34088"}],"up":[{"embeddable":true,"href":"https:\/\/211md.org\/pt\/wp-json\/wp\/v2\/pages\/750"}],"wp:attachment":[{"href":"https:\/\/211md.org\/pt\/wp-json\/wp\/v2\/media?parent=1690"}],"curies":[{"name":"wp","href":"https:\/\/api.w.org\/{rel}","templated":true}]}}