{"id":1693,"date":"2021-05-12T00:24:06","date_gmt":"2021-05-12T00:24:06","guid":{"rendered":"https:\/\/211md.org\/?page_id=1693"},"modified":"2025-10-29T07:00:11","modified_gmt":"2025-10-29T11:00:11","slug":"condado-de-charles","status":"publish","type":"page","link":"https:\/\/211md.org\/pt\/resources-by-county\/charles-county\/","title":{"rendered":"Condado de Charles"},"content":{"rendered":"<h2><a href=\"https:\/\/search.211md.org\/\" target=\"_blank\"  rel=\"noopener\">Encontre recursos perto de mim<\/a><\/h2>\n\t\t\t<a href=\"https:\/\/search.211md.org\/\" target=\"_blank\" rel=\"noopener\">\n\t\t\t\t\t\t\tProcure agora\n\t\t\t<\/a>\n\t<p><strong><a href=\"\/pt\/juntar-nosso-banco-de-dados\/\">Adicione sua ag\u00eancia ou organiza\u00e7\u00e3o ao nosso banco de dados de recursos.<\/a><\/strong><\/p>\n<p>211 est\u00e1 de volta ao condado de Charles, para comunidades como Waldorf, Saint Charles, Bennsville, Accokeek, Hughesville, Indian Head, Potomac Heights, Pisgah, Holly Haven e outras cidades pr\u00f3ximas.<\/p>\n\t\t<h2>\t\n\tDisque 211<\/h2><p>Conecte-se aos recursos da comunidade e suporte 24 horas por dia, 7 dias por semana, 365 dias por ano.<\/p>\n\t<h2>Encontre comida no Condado de Charles<\/h2>\n<p>O Charles County Food Connection \u00e9 um conjunto de organiza\u00e7\u00f5es locais comprometidas em facilitar a localiza\u00e7\u00e3o de despensas de alimentos na \u00e1rea. O esfor\u00e7o centralizado de acesso aos alimentos facilita a localiza\u00e7\u00e3o de eventos de distribui\u00e7\u00e3o drive-up e locais de despensa no condado de Charles.<\/p>\n<p>Voc\u00ea pode ver a lista de 40 despensas em cidades de Charles County, como Waldorf, Nanjemoy, La Plata, White Plains, Hughesville, Port Tobacco, Bryans Road, Indian Head e Pomfret. Escolha a melhor forma de encontrar comida perto de voc\u00ea:<\/p>\n<ul>\n<li><a href=\"https:\/\/charlescountyfoodconnection.org\/about\/\" target=\"_blank\" rel=\"noopener\">Encontre despensas de alimentos pelo seu CEP<\/a> c\u00f3digo.<\/li>\n<li>Veja o <a href=\"https:\/\/charlescountyfoodconnection.org\/events\/\" target=\"_blank\" rel=\"noopener\">calend\u00e1rio dos pr\u00f3ximos eventos gastron\u00f4micos.<\/a><\/li>\n<li>Disque 211<\/li>\n<li>Baixe uma lista de mais de 40 despensas.<\/li>\n<\/ul>\n\t\t<h3><a href=\"http:\/\/211md.org\/wp-content\/uploads\/2023\/12\/Charles_County_Food_Connection_Pantry_list_-_English.pdf\" target=\"_blank\" rel=\"noopener\">Lista de despensas do Charles County Food Connection (ingl\u00eas)<\/a><\/h3>\n\t\t\t\t<a href=\"http:\/\/211md.org\/wp-content\/uploads\/2023\/12\/Charles_County_Food_Connection_Pantry_list_-_English.pdf\" target=\"_blank\" rel=\"noopener\" itemprop=\"url\">\n\t\t\t\t<img decoding=\"async\" src=\"http:\/\/211md.org\/wp-content\/uploads\/2023\/12\/Charles_County_Food_Connection_Pantry_list_-_English.jpg\" alt=\"Charles_County_Food_Connection_Pantry_list_-_Ingl\u00eas\" itemprop=\"image\" title=\"Charles_County_Food_Connection_Pantry_list_-_Ingl\u00eas\" onerror=\"this.style.display='none'\" loading=\"lazy\" \/>\n\t\t\t\t<\/a>\n\t\t\t<a href=\"http:\/\/211md.org\/wp-content\/uploads\/2023\/12\/Charles_County_Food_Connection_Pantry_list_-_English.pdf\" target=\"_blank\" rel=\"noopener\">\n\t\t\t\t\t\t\tDownload\n\t\t\t\t\t<\/a>\n\t\t<h3><a href=\"http:\/\/211md.org\/wp-content\/uploads\/2023\/12\/Charles_County_Food_Connection_Pantry_list_-Spanish.pdf\" target=\"_blank\" rel=\"noopener\">Lista de despensas do Charles County Food Connection (espanhol)<\/a><\/h3>\n\t\t\t\t<a href=\"http:\/\/211md.org\/wp-content\/uploads\/2023\/12\/Charles_County_Food_Connection_Pantry_list_-Spanish.pdf\" target=\"_blank\" rel=\"noopener\" itemprop=\"url\">\n\t\t\t\t<img decoding=\"async\" src=\"http:\/\/211md.org\/wp-content\/uploads\/2023\/12\/Charles_County_Food_Connection_Pantry_list_-Spanish.jpg\" alt=\"Charles_County_Food_Connection_Pantry_list_-Espanhol\" itemprop=\"image\" title=\"Charles_County_Food_Connection_Pantry_list_-Espanhol\" onerror=\"this.style.display='none'\" loading=\"lazy\" \/>\n\t\t\t\t<\/a>\n\t\t\t<a href=\"http:\/\/211md.org\/wp-content\/uploads\/2023\/12\/Charles_County_Food_Connection_Pantry_list_-Spanish.pdf\" target=\"_blank\" rel=\"noopener\">\n\t\t\t\t\t\t\tDownload\n\t\t\t\t\t<\/a>\n\t<h3>Refei\u00e7\u00f5es de ver\u00e3o: almo\u00e7o por nossa conta<\/h3>\n<p>Se precisar de ajuda com o almo\u00e7o durante o ver\u00e3o, as Escolas P\u00fablicas do Condado de Charles oferecem refei\u00e7\u00f5es quentes gratuitas para qualquer crian\u00e7a entre 2 e 18 anos.<\/p>\n<p>O programa Lunch on Us est\u00e1 dispon\u00edvel durante o ver\u00e3o e a comida deve ser consumida no local. <a href=\"https:\/\/www.ccboe.com\/\" target=\"_blank\" rel=\"noopener\">Verifique com o distrito escolar<\/a> para as datas e locais.<\/p>\n<h2>Ajuda com Programas de Assist\u00eancia Governamental (DSS)<\/h2>\n<p>O Departamento de Servi\u00e7os Sociais do Condado de Charles pode ajudar a conect\u00e1-lo a programas governamentais que podem ajudar sua fam\u00edlia e tamb\u00e9m a programas especializados, incluindo:<\/p>\n<ul>\n<li><a href=\"https:\/\/211md.org\/pt\/recursos\/comida\/vale-refeicao\/\">FOTO<\/a> (vale-refei\u00e7\u00e3o)<\/li>\n<li>TCA (Assist\u00eancia Tempor\u00e1ria em Dinheiro e TANF (Assist\u00eancia Tempor\u00e1ria a Fam\u00edlias Carentes)<\/li>\n<li>Assist\u00eancia Emergencial em Dinheiro (EAFC)<\/li>\n<li>Promover a paternidade<\/li>\n<li>Paternidade<\/li>\n<li>M\u00e9dico<\/li>\n<li>Servi\u00e7os de prote\u00e7\u00e3o infantil<\/li>\n<\/ul>\n<p>Se voc\u00ea tiver alguma d\u00favida sobre pens\u00e3o aliment\u00edcia, vale-refei\u00e7\u00e3o ou outro assunto individual, ligue para a central de atendimento ao cliente no n\u00famero 1-800-332-6347.<\/p>\n<p>A Secretaria de Assist\u00eancia Social est\u00e1 localizada em:<\/p>\n<p>Avenida Kent, 200<\/p>\n<p>La Plata, Maryland 20646<\/p>\n<p>Segunda a sexta, das 8h \u00e0s 16h<\/p>\n<p>N\u00famero principal: 301-392-6400<\/p>\n<p>Central de Atendimento para Casos Individuais: 1-800-332-6347<\/p>\n<h2>Apoiando pais<\/h2>\n<p>O programa Charles County Paternidade ajuda homens que desejam se envolver na vida de seus filhos. Voc\u00ea pode se voluntariar para participar ou ser encaminhado atrav\u00e9s de um parceiro da comunidade local, dos tribunais ou do centro de deten\u00e7\u00e3o.<\/p>\n<p>O programa ajuda os pais a superar barreiras por meio de um programa de seis semanas que oferece:<\/p>\n<ul>\n<li>habilidade de vida<\/li>\n<li>apoiar<\/li>\n<li>forma\u00e7\u00e3o profissional<\/li>\n<li>informa\u00e7\u00f5es e recursos<\/li>\n<\/ul>\n<p>Os t\u00f3picos incluem:<\/p>\n<ul>\n<li>entendendo o papel de um pai<\/li>\n<li>gerenciamento de estresse<\/li>\n<li>lidando como pai solteiro<\/li>\n<li>pens\u00e3o aliment\u00edcia<\/li>\n<li>tornando-se autossuficiente<\/li>\n<li>desenvolvendo habilidades para a vida<\/li>\n<\/ul>\n<p>\u00c9 um programa gratuito. <a href=\"https:\/\/charlescountydss.com\/fatherhood-and-motherhood\/\" target=\"_blank\" rel=\"noopener\">Conecte-se ao Programa de Paternidade do Condado de Charles<\/a>.<\/p>\n\t\t\t\t<img decoding=\"async\" src=\"http:\/\/211md.org\/wp-content\/uploads\/2023\/12\/dad-at-park-with-son-flying-a-kite.jpg\" alt=\"pai no parque com filho empinando pipa\" itemprop=\"image\" title=\"pai no parque com filho empinando pipa\" onerror=\"this.style.display='none'\" loading=\"lazy\" \/>\n\t\t\t\t<img decoding=\"async\" src=\"http:\/\/211md.org\/wp-content\/uploads\/2023\/12\/mom-feeding-child.jpg\" alt=\"m\u00e3e alimentando filho\" itemprop=\"image\" title=\"m\u00e3e alimentando filho\" onerror=\"this.style.display='none'\" loading=\"lazy\" \/>\n\t<h2>Mulheres, Beb\u00eas e Crian\u00e7as (WIC) no Condado de Charles<\/h2>\n<p>O Departamento de Sa\u00fade do Condado de Charles oferece educa\u00e7\u00e3o nutricional, apoio \u00e0 amamenta\u00e7\u00e3o e suplementos alimentares saud\u00e1veis por meio do WIC. O programa ajuda mulheres, beb\u00eas e crian\u00e7as a terem um futuro mais saud\u00e1vel.<\/p>\n<p>O programa est\u00e1 dispon\u00edvel para futuras mam\u00e3es qualificadas, m\u00e3es p\u00f3s-parto e crian\u00e7as. O programa est\u00e1 dispon\u00edvel para:<\/p>\n<ul>\n<li>Mulheres gr\u00e1vidas e at\u00e9 6 semanas ap\u00f3s a gravidez<\/li>\n<li>Pu\u00e9rperas at\u00e9 6 meses ap\u00f3s o nascimento da crian\u00e7a.<\/li>\n<li>Amamentando m\u00e3es at\u00e9 o primeiro anivers\u00e1rio do beb\u00ea.<\/li>\n<li>Beb\u00eas at\u00e9 o primeiro anivers\u00e1rio.<\/li>\n<li>Crian\u00e7as at\u00e9 5 anos.<\/li>\n<\/ul>\n<p>Outras diretrizes de qualifica\u00e7\u00e3o se aplicam.<\/p>\n<p>Existem escrit\u00f3rios em todo Maryland, incluindo Charles, Calvert e St. Mary&#039;s County e em Lexington Park, Solomons Medical Offices e Nanjemoy Community Center. A disponibilidade pode variar de acordo com o local.<\/p>\n<p><a href=\"https:\/\/www.charlescountyhealth.org\/woman-infants-children-wic\/\" target=\"_blank\" rel=\"noopener\">Descubra se voc\u00ea se qualifica<\/a> e saiba quando voc\u00ea pode parar em um local pr\u00f3ximo.<\/p>\n<h3>Departamento de Sa\u00fade do Condado de Charles<\/h3>\n<p>O Departamento de Sa\u00fade tamb\u00e9m oferece v\u00e1rios outros servi\u00e7os, incluindo programas para:<\/p>\n<ul>\n<li>melhorar sua sa\u00fade\n<ul>\n<li>Exemplos:\n<ul>\n<li>perder peso<\/li>\n<li>gerenciar doen\u00e7as cr\u00f4nicas<\/li>\n<li>preven\u00e7\u00e3o de diabetes e muito mais<\/li>\n<\/ul>\n<\/li>\n<\/ul>\n<\/li>\n<li>Preven\u00e7\u00e3o e testagem do VIH<\/li>\n<li>Clinica odontol\u00f3gica<\/li>\n<li>imuniza\u00e7\u00f5es<\/li>\n<li>exames de c\u00e2ncer<\/li>\n<li>apoio \u00e0 sa\u00fade comportamental (sa\u00fade mental e uso de subst\u00e2ncias)<\/li>\n<li>servi\u00e7os para deficientes<\/li>\n<\/ul>\n<p>Existem tamb\u00e9m outros programas que podem ajudar voc\u00ea e sua fam\u00edlia com sua sa\u00fade.<\/p>\n<p><a href=\"https:\/\/www.charlescountyhealth.org\/\" target=\"_blank\" rel=\"noopener\">Saber mais<\/a> sobre os programas oferecidos pelo Departamento de Sa\u00fade do Condado de Charles e <a href=\"https:\/\/211md.org\/pt\/recursos\/cuidados-de-saude\/plano-de-saude\/\">programas de seguro<\/a> oferecido pelo estado de Maryland para apoiar fam\u00edlias que necessitam de cuidados m\u00e9dicos.<\/p>\n<h2>Ajuda com necessidades essenciais<\/h2>\n<p><strong><a href=\"https:\/\/www.lifestylesofmd.org\/\" target=\"_blank\" rel=\"noopener\">Estilos de vida, Inc.<\/a><\/strong>\u00a0em La Plata oferece ajuda, esperan\u00e7a e transforma\u00e7\u00e3o. Seus servi\u00e7os incluem alimenta\u00e7\u00e3o, arm\u00e1rio de roupas comunit\u00e1rio, apoio habitacional, transporte, ajuda fiscal, assist\u00eancia fiscal e muito mais.<\/p>\n<p>Voc\u00ea tamb\u00e9m pode ligar para 211 para se conectar a recursos essenciais.<\/p>\n<h3><b>Assist\u00eancia Energ\u00e9tica<\/b><\/h3>\n<p>Se voc\u00ea precisar de assist\u00eancia energ\u00e9tica para reduzir o custo de sua conta de luz ou evitar um aviso de desligamento, existem\u00a0<strong><a href=\"https:\/\/211md.org\/pt\/recursos\/utilitario-assistencia\/\" target=\"_blank\" rel=\"noopener\">subs\u00eddios dispon\u00edveis atrav\u00e9s do Office of Home Energy Programs<\/a><\/strong><strong>.<\/strong><\/p>\n<p>Se precisar de ajuda para preencher o formul\u00e1rio ou tiver d\u00favidas sobre as diretrizes de renda ou detalhes do programa, entre em contato com o\u00a0<strong><a href=\"http:\/\/www.smtccac.org\/office-of-home-energy-program.aspx\" target=\"_blank\" rel=\"noopener\">Comit\u00ea de A\u00e7\u00e3o Comunit\u00e1ria Tri-County do Sul de Maryland<\/a><\/strong>\u00a0(SMTCCAC, Inc.) pela ajuda local com concess\u00f5es de servi\u00e7os p\u00fablicos estaduais.<\/p>\n<p>Voc\u00ea tamb\u00e9m pode entrar em contato com sua concession\u00e1ria se estiver atrasado em suas contas. Washington Gas e SMECO podem fornecer um plano de pagamento para a sua situa\u00e7\u00e3o.<\/p>\n\t\t<h4><a href=\"\/pt\/recursos\/envelhecimento-incapacidade\/?utm_source=Home&#038;utm_medium=Referral&#038;utm_campaign=211Resources&#038;utm_content=Aging\" target=\"_self\">Envelhecimento e Defici\u00eancia<\/a><\/h4>\n\t\t\t\t<a href=\"\/pt\/recursos\/envelhecimento-incapacidade\/?utm_source=Home&#038;utm_medium=Referral&#038;utm_campaign=211Resources&#038;utm_content=Aging\"  target=\"_self\" itemprop=\"url\">\n\t\t\t\t<img decoding=\"async\" src=\"https:\/\/211md.org\/wp-content\/uploads\/bb-plugin\/cache\/2025_MdInfoNet_Icon-Sets_Aging-disability-square-c466727102cae71e5f27b8539bb51945-.png\" alt=\"\" itemprop=\"image\" onerror=\"this.style.display='none'\" loading=\"lazy\" \/>\n\t\t\t\t<\/a>\n\t\t<h4><a href=\"\/pt\/recursos\/criancas-familias\/?utm_source=Home&#038;utm_medium=Referral&#038;utm_campaign=211Resources&#038;utm_content=Children\" target=\"_self\">Crian\u00e7as e Fam\u00edlias<\/a><\/h4>\n\t\t\t\t<a href=\"\/pt\/recursos\/criancas-familias\/?utm_source=Home&#038;utm_medium=Referral&#038;utm_campaign=211Resources&#038;utm_content=Children\"  target=\"_self\" itemprop=\"url\">\n\t\t\t\t<img decoding=\"async\" src=\"https:\/\/211md.org\/wp-content\/uploads\/bb-plugin\/cache\/2025_211_Icon-Sets_Child-care-square-f3b0d4edab3dcc467fadb5f55f4064c6-.png\" alt=\"2025_211_Conjuntos de \u00edcones_Cuidados infantis\" itemprop=\"image\" height=\"417\" width=\"417\" title=\"2025_211_Conjuntos de \u00edcones_Cuidados infantis\" onerror=\"this.style.display='none'\" loading=\"lazy\" \/>\n\t\t\t\t<\/a>\n\t\t<h4><a href=\"\/pt\/recursos\/violencia-domestica-familiar\/?utm_source=Home&#038;utm_medium=Referral&#038;utm_campaign=211Resources&#038;utm_content=Domestic\" target=\"_self\">Viol\u00eancia dom\u00e9stica<\/a><\/h4>\n\t\t\t\t<a href=\"\/pt\/recursos\/violencia-domestica-familiar\/?utm_source=Home&#038;utm_medium=Referral&#038;utm_campaign=211Resources&#038;utm_content=Domestic\"  target=\"_self\" itemprop=\"url\">\n\t\t\t\t<img decoding=\"async\" src=\"https:\/\/211md.org\/wp-content\/uploads\/bb-plugin\/cache\/2025_211_Icon-Sets_Domestic-Violence-square-7b597694a6f05fe90cdc376aa573bc63-.png\" alt=\"\u00cdcone de viol\u00eancia dom\u00e9stica\" itemprop=\"image\" height=\"417\" width=\"417\" title=\"2025_211_Conjuntos de \u00edcones_Viol\u00eancia dom\u00e9stica\" onerror=\"this.style.display='none'\" loading=\"lazy\" \/>\n\t\t\t\t<\/a>\n\t\t<h4><a href=\"\/pt\/recursos\/procura-de-emprego\/?utm_source=Home&#038;utm_medium=Referral&#038;utm_campaign=211Resources&#038;utm_content=Employment\" target=\"_self\">Emprego<\/a><\/h4>\n\t\t\t\t<a href=\"\/pt\/recursos\/procura-de-emprego\/?utm_source=Home&#038;utm_medium=Referral&#038;utm_campaign=211Resources&#038;utm_content=Employment\"  target=\"_self\" itemprop=\"url\">\n\t\t\t\t<img decoding=\"async\" src=\"https:\/\/211md.org\/wp-content\/uploads\/bb-plugin\/cache\/2025_MdInfoNet_Icon-Sets_Employment-square-44707bd410e4df10a470bf130ebcea86-.png\" alt=\"\" itemprop=\"image\" onerror=\"this.style.display='none'\" loading=\"lazy\" \/>\n\t\t\t\t<\/a>\n\t\t<h4><a href=\"\/pt\/recursos\/cuidados-de-saude\/?utm_source=Home&#038;utm_medium=Referral&#038;utm_campaign=211Resources&#038;utm_content=Health%20Care\" target=\"_self\">Cuidados de sa\u00fade<\/a><\/h4>\n\t\t\t\t<a href=\"\/pt\/recursos\/cuidados-de-saude\/?utm_source=Home&#038;utm_medium=Referral&#038;utm_campaign=211Resources&#038;utm_content=Health%20Care\"  target=\"_self\" itemprop=\"url\">\n\t\t\t\t<img decoding=\"async\" src=\"https:\/\/211md.org\/wp-content\/uploads\/bb-plugin\/cache\/2025_MdInfoNet_Icon-Sets_Health-Care-square-dee98a0060cbe0e7f27eda253fc12679-.png\" alt=\"\" itemprop=\"image\" onerror=\"this.style.display='none'\" loading=\"lazy\" \/>\n\t\t\t\t<\/a>\n\t\t<h4><a href=\"\/pt\/recursos\/criancas-familias\/cuidados-de-parentesco\/?utm_source=Home&#038;utm_medium=Referral&#038;utm_campaign=211Resources&#038;utm_content=Kinship\" target=\"_self\">Parentesco<\/a><\/h4>\n\t\t\t\t<a href=\"\/pt\/recursos\/criancas-familias\/cuidados-de-parentesco\/?utm_source=Home&#038;utm_medium=Referral&#038;utm_campaign=211Resources&#038;utm_content=Kinship\"  target=\"_self\" itemprop=\"url\">\n\t\t\t\t<img decoding=\"async\" src=\"https:\/\/211md.org\/wp-content\/uploads\/bb-plugin\/cache\/2025_211_Icon-Sets_Kinship-square-45bdf872866f5735f842c32071109267-.png\" alt=\"\u00cdcone de parentesco\" itemprop=\"image\" height=\"417\" width=\"417\" title=\"2025_211_Conjuntos de \u00edcones_Parentesco\" onerror=\"this.style.display='none'\" loading=\"lazy\" \/>\n\t\t\t\t<\/a>\n\t\t<h4><a href=\"\/pt\/recursos\/servicos-legais\/?utm_source=Home&#038;utm_medium=Referral&#038;utm_campaign=211Resources&#038;utm_content=Legal\" target=\"_self\">Servi\u00e7os legais<\/a><\/h4>\n\t\t\t\t<a href=\"\/pt\/recursos\/servicos-legais\/?utm_source=Home&#038;utm_medium=Referral&#038;utm_campaign=211Resources&#038;utm_content=Legal\"  target=\"_self\" itemprop=\"url\">\n\t\t\t\t<img decoding=\"async\" src=\"https:\/\/211md.org\/wp-content\/uploads\/bb-plugin\/cache\/2025_MdInfoNet_Icon-Sets_Legal-square-18fdf438feb8435588174d9046463257-.png\" alt=\"\" itemprop=\"image\" onerror=\"this.style.display='none'\" loading=\"lazy\" \/>\n\t\t\t\t<\/a>\n\t\t<h4><a href=\"\/pt\/recursos\/saude-mental\/?utm_source=Home&#038;utm_medium=Referral&#038;utm_campaign=211Resources&#038;utm_content=Mental\" target=\"_self\">Sa\u00fade mental<\/a><\/h4>\n\t\t\t\t<a href=\"\/pt\/recursos\/saude-mental\/?utm_source=Home&#038;utm_medium=Referral&#038;utm_campaign=211Resources&#038;utm_content=Mental\"  target=\"_self\" itemprop=\"url\">\n\t\t\t\t<img decoding=\"async\" src=\"https:\/\/211md.org\/wp-content\/uploads\/bb-plugin\/cache\/2025_MdInfoNet_Icon-Sets_Mental-Health-square-c59b38c4a993a947d4c9280fbe2d2fee-.png\" alt=\"\" itemprop=\"image\" onerror=\"this.style.display='none'\" loading=\"lazy\" \/>\n\t\t\t\t<\/a>\n\t\t<h4><a href=\"\/pt\/recursos\/mdreentry\/?utm_source=Home&#038;utm_medium=Referral&#038;utm_campaign=211Resources&#038;utm_content=Reentry\" target=\"_self\">Reentrada<\/a><\/h4>\n\t\t\t\t<a href=\"\/pt\/recursos\/mdreentry\/?utm_source=Home&#038;utm_medium=Referral&#038;utm_campaign=211Resources&#038;utm_content=Reentry\"  target=\"_self\" itemprop=\"url\">\n\t\t\t\t<img decoding=\"async\" src=\"https:\/\/211md.org\/wp-content\/uploads\/bb-plugin\/cache\/2025_211_Icon-Sets_Reentry-square-8676fea38abd920a832f45642fe31cca-.png\" alt=\"\u00cdcone de reentrada\" itemprop=\"image\" height=\"417\" width=\"417\" title=\"2025_211_Conjuntos de \u00edcones_Reentrada\" onerror=\"this.style.display='none'\" loading=\"lazy\" \/>\n\t\t\t\t<\/a>\n\t\t<h4><a href=\"\/pt\/recursos\/uso-de-substancias\/?utm_source=Home&#038;utm_medium=Referral&#038;utm_campaign=211Resources&#038;utm_content=Substance\" target=\"_self\">Uso de subst\u00e2ncias<\/a><\/h4>\n\t\t\t\t<a href=\"\/pt\/recursos\/uso-de-substancias\/?utm_source=Home&#038;utm_medium=Referral&#038;utm_campaign=211Resources&#038;utm_content=Substance\"  target=\"_self\" itemprop=\"url\">\n\t\t\t\t<img decoding=\"async\" src=\"https:\/\/211md.org\/wp-content\/uploads\/bb-plugin\/cache\/2025_MdInfoNet_Icon-Sets_Substance-Abuse-square-9022fec9d18a64118ad685c101885b55-.png\" alt=\"\" itemprop=\"image\" onerror=\"this.style.display='none'\" loading=\"lazy\" \/>\n\t\t\t\t<\/a>\n\t\t<h4><a href=\"\/pt\/recursos\/veteranos\/?utm_source=Home&#038;utm_medium=Referral&#038;utm_campaign=211Resources&#038;utm_content=Veterans\" target=\"_self\">veteranos<\/a><\/h4>\n\t\t\t\t<a href=\"\/pt\/recursos\/veteranos\/?utm_source=Home&#038;utm_medium=Referral&#038;utm_campaign=211Resources&#038;utm_content=Veterans\"  target=\"_self\" itemprop=\"url\">\n\t\t\t\t<img decoding=\"async\" src=\"https:\/\/211md.org\/wp-content\/uploads\/bb-plugin\/cache\/2025_MdInfoNet_Icon-Sets_Rating-square-6e60d00cce4faa8e0a6d4ad7366aa733-.png\" alt=\"\" itemprop=\"image\" onerror=\"this.style.display='none'\" loading=\"lazy\" \/>\n\t\t\t\t<\/a>","protected":false},"excerpt":{"rendered":"<p>Encontre recursos perto de mim. Pesquise agora. Adicione sua ag\u00eancia ou organiza\u00e7\u00e3o ao nosso banco de dados de recursos. O 211 est\u00e1 ao seu lado no Condado de Charles, para comunidades como Waldorf, Saint Charles, Bennsville, Accokeek, Hughesville, Indian Head, Potomac Heights, Pisgah, Holly Haven e outras cidades pr\u00f3ximas. Ligue para o 211. Conecte-se aos recursos e suporte da comunidade 24 horas por dia, 7 dias por semana, 365 dias por ano. Encontre comida em Charles\u2026<\/p>","protected":false},"author":8,"featured_media":0,"parent":750,"menu_order":0,"comment_status":"closed","ping_status":"closed","template":"","meta":{"footnotes":""},"class_list":["post-1693","page","type-page","status-publish","hentry"],"_links":{"self":[{"href":"https:\/\/211md.org\/pt\/wp-json\/wp\/v2\/pages\/1693","targetHints":{"allow":["GET"]}}],"collection":[{"href":"https:\/\/211md.org\/pt\/wp-json\/wp\/v2\/pages"}],"about":[{"href":"https:\/\/211md.org\/pt\/wp-json\/wp\/v2\/types\/page"}],"author":[{"embeddable":true,"href":"https:\/\/211md.org\/pt\/wp-json\/wp\/v2\/users\/8"}],"replies":[{"embeddable":true,"href":"https:\/\/211md.org\/pt\/wp-json\/wp\/v2\/comments?post=1693"}],"version-history":[{"count":3,"href":"https:\/\/211md.org\/pt\/wp-json\/wp\/v2\/pages\/1693\/revisions"}],"predecessor-version":[{"id":34077,"href":"https:\/\/211md.org\/pt\/wp-json\/wp\/v2\/pages\/1693\/revisions\/34077"}],"up":[{"embeddable":true,"href":"https:\/\/211md.org\/pt\/wp-json\/wp\/v2\/pages\/750"}],"wp:attachment":[{"href":"https:\/\/211md.org\/pt\/wp-json\/wp\/v2\/media?parent=1693"}],"curies":[{"name":"wp","href":"https:\/\/api.w.org\/{rel}","templated":true}]}}