{"id":1694,"date":"2021-05-12T00:24:16","date_gmt":"2021-05-12T00:24:16","guid":{"rendered":"https:\/\/211md.org\/?page_id=1694"},"modified":"2025-10-29T06:56:09","modified_gmt":"2025-10-29T10:56:09","slug":"condado-de-calvert","status":"publish","type":"page","link":"https:\/\/211md.org\/pt\/resources-by-county\/calvert-county\/","title":{"rendered":"Condado de Calvert"},"content":{"rendered":"<h2><a href=\"https:\/\/search.211md.org\/\" target=\"_blank\"  rel=\"noopener\">Encontre recursos perto de mim<\/a><\/h2>\n\t\t\t<a href=\"https:\/\/search.211md.org\/\" target=\"_blank\" rel=\"noopener\">\n\t\t\t\t\t\t\tProcure agora\n\t\t\t<\/a>\n\t<p><strong><a href=\"\/pt\/juntar-nosso-banco-de-dados\/\">Adicione sua ag\u00eancia ou organiza\u00e7\u00e3o ao nosso banco de dados de recursos.<\/a><\/strong><\/p>\n\t<p>Voc\u00ea n\u00e3o est\u00e1 sozinho no Condado de Calvert. A ajuda est\u00e1 dispon\u00edvel 24 horas por dia, 7 dias por semana, 365 dias por ano, para comunidades em todo o condado, incluindo Prince Frederick, Dares Beach, Barstow, Bowens, Fox Hill, Woodbridge, Adelina, Port Republic, Mutual, Governor Run, Chesapeake Beach e muito mais.<\/p>\n<p>Ligue para 211 para encontrar recursos ou pesquise no banco de dados 211.<\/p>\n\t\t<h2>\t\n\tDisque 211<\/h2><p>Conecte-se aos recursos da comunidade e suporte 24 horas por dia, 7 dias por semana, 365 dias por ano.<\/p>\n<h2>Assist\u00eancia Energ\u00e9tica<\/h2>\n<p>Se precisar de ajuda para pagar sua conta de servi\u00e7os p\u00fablicos, voc\u00ea pode solicitar um subs\u00eddio do Office of Home Energy Programs (OHEP). Os subs\u00eddios baseados na renda est\u00e3o dispon\u00edveis para contas de eletricidade e g\u00e1s. Obtenha informa\u00e7\u00f5es detalhadas sobre o programa e <a href=\"https:\/\/211md.org\/pt\/recursos\/utilitario-assistencia\/\" target=\"_blank\" rel=\"noopener\">dicas para preencher o requerimento<\/a>.<\/p>\n<p>Se precisar de ajuda para preencher os formul\u00e1rios do OHEP e solicitar assist\u00eancia de servi\u00e7os p\u00fablicos no condado de Calvert, entre em contato com o <a href=\"http:\/\/www.smtccac.org\/office-of-home-energy-program.aspx\" target=\"_blank\" rel=\"noopener\">Comit\u00ea de A\u00e7\u00e3o Comunit\u00e1ria Tri-County do Sul de Maryland<\/a>\u00a0(SMTCCAC, Inc.) Eles t\u00eam locais em Huntingtown para ajudar os residentes do condado de Calvert a tornar suas contas de servi\u00e7os p\u00fablicos mais acess\u00edveis.<\/p>\n<p>Voc\u00ea tamb\u00e9m pode entrar em contato com seu fornecedor de servi\u00e7os p\u00fablicos e perguntar sobre as modalidades de pagamento de contas.<\/p>\n<p>&nbsp;<\/p>\n<h2>Sa\u00fade mental<\/h2>\n<p>Voc\u00ea se sente triste, deprimido, solit\u00e1rio ou ansioso? Os recursos de sa\u00fade mental est\u00e3o dispon\u00edveis 24 horas por dia, 7 dias por semana, 365 dias por ano, ligando para 9-8-8 para falar com um conselheiro de crise.<\/p>\n<p>o\u00a0<a href=\"https:\/\/www.calverthealth.org\/personalhealth\/mentalhealth\/mhclinic.htm\" target=\"_blank\" rel=\"noopener\">Departamento de Sa\u00fade do Condado de Calvert<\/a>\u00a0tamb\u00e9m possui uma Cl\u00ednica de Sa\u00fade Mental que oferece servi\u00e7os de sa\u00fade mental, incluindo avalia\u00e7\u00f5es, manejo de medicamentos e terapia. Ligue para o Departamento de Sa\u00fade de Prince Frederick para obter mais ajuda: 410-535-5400 x318.<\/p>\n<p>Voc\u00ea tamb\u00e9m pode <a href=\"https:\/\/search.988.mdinfonet.org\/\" target=\"_blank\" rel=\"noopener\">pesquise o banco de dados de recursos de sa\u00fade comportamental mais abrangente do estado<\/a>, com tecnologia da Maryland Information Network.<\/p>\n<h2>Encontre comida no condado de Calvert<\/h2>\n<p>O condado de Calvert possui v\u00e1rios despensas de alimentos e uma cozinha comunit\u00e1ria para ajudar indiv\u00edduos e fam\u00edlias que precisam de alimentos. O More Tasty Blessings Community Kitchen &amp; Resource Center oferece uma refei\u00e7\u00e3o gratuita todas as quintas-feiras, das 18h \u00e0s 19h. Os locais mudam a cada m\u00eas, e voc\u00ea pode <a href=\"http:\/\/eastjohnyouth.org\/programs\/tasty-blessings\" target=\"_blank\" rel=\"noopener\">encontre-os aqui<\/a>.<\/p>\n<p>Os idosos tamb\u00e9m podem entrar em contato com o Minist\u00e9rio M\u00f3vel M\u00e3os de Deus pelo telefone 410-535-2275. Embora os idosos sejam priorizados, todos s\u00e3o bem-vindos.<\/p>\n<p>Estas s\u00e3o as outras despensas de alimentos no condado de Calvert. O hor\u00e1rio pode variar, ent\u00e3o ligue antes de ir para a despensa.<\/p>\n<p>&nbsp;<\/p>\n\t\t<h3>Despensa de alimentos da comunidade batista de Bayside<\/h3><p>Igreja Batista Bayside<\/p>\n<p>3009 Chesapeake Beach Road<\/p>\n<p>Praia de Chesapeake, MD 20732<\/p>\n<p>410-257-0712<\/p>\n<p>&nbsp;<\/p>\n<p>Cestas de alimentos pr\u00e9-embaladas para as comunidades de Chesapeake Beach e North Beach.<\/p>\n<p><strong>S\u00e1bado, das 9h30 \u00e0s 11h<\/strong><\/p>\n\t<iframe src=\"https:\/\/www.google.com\/maps\/embed\/v1\/place?q=3009+Chesapeake+Beach+Road%0AChesapeake+Beach%2C+MD+20732&#038;key=AIzaSyD09zQ9PNDNNy9TadMuzRV_UsPUoWKntt8\" aria-hidden=\"true\" title=\"Despensa Comunit\u00e1ria de Alimentos de Bayside\"><\/iframe>\n\t\t<h3>Despensa da Igreja Metodista Unida Brooks<\/h3><p>5550 Mackall Road<\/p>\n<p>S\u00e3o Leonardo, MD 20685<\/p>\n<p>410-586-3972<\/p>\n<p><strong>Ter\u00e7a-feira, das 10h \u00e0s 12h\u00a0<\/strong><\/p>\n\t<iframe src=\"https:\/\/www.google.com\/maps\/embed\/v1\/place?q=5550+Mackall+Road%0ASaint+Leonard%2C+MD+20685&#038;key=AIzaSyD09zQ9PNDNNy9TadMuzRV_UsPUoWKntt8\" aria-hidden=\"true\" title=\"Igreja Metodista Unida de Brooks\"><\/iframe>\n\t\t<h3>Despensa Comunit\u00e1ria de Alimentos das Igrejas Calvert<\/h3><p>100 Jibsail Drive<\/p>\n<p>Pr\u00edncipe Frederico, MD 20678<\/p>\n<p>410-414-7474<\/p>\n<p>Aberto a qualquer pessoa no condado de Calvert, ao norte de Broomes Island Road. <a href=\"https:\/\/www.cccfp.org\/\" target=\"_blank\" rel=\"noopener\">Consiga mais informa\u00e7\u00e3o<\/a>.<\/p>\n<p><strong>Segunda, ter\u00e7a e quarta, das 9h00 \u00e0s 12h00\u00a0<\/strong><\/p>\n\t<iframe src=\"https:\/\/www.google.com\/maps\/embed\/v1\/place?q=100+Jibsail+Drive%0APrince+Frederick%2C+MD+20678&#038;key=AIzaSyD09zQ9PNDNNy9TadMuzRV_UsPUoWKntt8\" aria-hidden=\"true\" title=\"Despensa Comunit\u00e1ria de Alimentos das Igrejas Calvert\"><\/iframe>\n\t\t<h3>Despensa de alimentos do farol de Calvert<\/h3><p>Estrada Clay Hammond, 40<\/p>\n<p>Pr\u00edncipe Frederico, MD 20678<\/p>\n<p>410-535-5515<\/p>\n<p>&nbsp;<\/p>\n<p><strong>Primeiro s\u00e1bado de cada m\u00eas, das 11h00 \u00e0s 13h00\u00a0<\/strong><\/p>\n\t<iframe src=\"https:\/\/www.google.com\/maps\/embed\/v1\/place?q=40+Clay+Hammond+Road%0APrince+Frederick%2C+MD+20678&#038;key=AIzaSyD09zQ9PNDNNy9TadMuzRV_UsPUoWKntt8\" aria-hidden=\"true\" title=\"Despensa de alimentos do farol de Calvert\"><\/iframe>\n\t\t<h3>Despensa de alimentos Chesapeake Cares<\/h3><p>Estrada da Ilha Salom\u00e3o 6045<\/p>\n<p>Huntington, MD 20639<\/p>\n<p><a href=\"https:\/\/chesapeakechurch.org\/food-pantry\/\" target=\"_blank\" rel=\"noopener\">Saiba mais sobre a despensa de alimentos<\/a>.<\/p>\n<p>410-257-3444<\/p>\n<p>&nbsp;<\/p>\n<p><strong>Ter\u00e7a-feira, das 17h30 \u00e0s 19h30<\/strong><\/p>\n<p><strong>Quinta-feira, das 9h30 \u00e0s 12h00<\/strong><\/p>\n\t<iframe src=\"https:\/\/www.google.com\/maps\/embed\/v1\/place?q=6045+Solomons+Island+Road%0AHuntingtown%2C+MD+20639&#038;key=AIzaSyD09zQ9PNDNNy9TadMuzRV_UsPUoWKntt8\" aria-hidden=\"true\" title=\"Despensa de alimentos Chesapeake Cares\"><\/iframe>\n\t\t<h3>Primeira Igreja Luterana<\/h3><p>6300 Sul de Maryland Blvd.<\/p>\n<p>Huntington, MD 20639<\/p>\n<p>410-257-3030<\/p>\n<p>&nbsp;<\/p>\n<p><b>Segunda a quinta, das 9h \u00e0s 14h<\/b><\/p>\n\t<iframe src=\"https:\/\/www.google.com\/maps\/embed\/v1\/place?q=6300+Southern+Maryland+Blvd.%0AHuntingtown%2C+MD+20639&#038;key=AIzaSyD09zQ9PNDNNy9TadMuzRV_UsPUoWKntt8\" aria-hidden=\"true\" title=\"Primeira Igreja Luterana\"><\/iframe>\n\t\t<h3>Despensa de Alimentos Senhoras da Caridade<\/h3><p>Igreja Cat\u00f3lica de Santo Ant\u00f4nio<\/p>\n<p>Avenida Dayton, 8823<\/p>\n<p>Praia do Norte, MD 20714<\/p>\n<p>410-286-7086<\/p>\n<p>&nbsp;<\/p>\n<p><b>Ter\u00e7a-feira, das 12h \u00e0s 14h\u00a0<\/b><\/p>\n<p><strong>2\u00aa quarta-feira do m\u00eas, das 17h \u00e0s 19h<\/strong><\/p>\n<p><strong>\u00daltimo s\u00e1bado do m\u00eas, das 10h \u00e0s 12h<\/strong><\/p>\n<p><a href=\"https:\/\/stanthonycal.us\/ladies-of-charity\" target=\"_blank\" rel=\"noopener\">Ver \u00faltimos hor\u00e1rios<\/a><\/p>\n\t<iframe src=\"https:\/\/www.google.com\/maps\/embed\/v1\/place?q=6300+Southern+Maryland+Blvd.%0AHuntingtown%2C+MD+20639&#038;key=AIzaSyD09zQ9PNDNNy9TadMuzRV_UsPUoWKntt8\" aria-hidden=\"true\" title=\"Primeira Igreja Luterana\"><\/iframe>\n\t\t<h3>Despensa Alimentar da Par\u00f3quia de Middleham e S\u00e3o Pedro<\/h3><p>10210 HG Trueman Road<\/p>\n<p>Lusby, MD 20657<\/p>\n<p>410-326-4948<\/p>\n<p>&nbsp;<\/p>\n<p><strong>Ligue para ser adicionado \u00e0 lista.<\/strong><\/p>\n\t<iframe src=\"https:\/\/www.google.com\/maps\/embed\/v1\/place?q=10210+H+G+Trueman+Road%0ALusby%2C+MD+20657&#038;key=AIzaSyD09zQ9PNDNNy9TadMuzRV_UsPUoWKntt8\" aria-hidden=\"true\" title=\"Despensa Alimentar da Par\u00f3quia de Middleham e S\u00e3o Pedro\"><\/iframe>\n\t\t<h3>Despensa de Alimentos Metodista Unida Mount Olive<\/h3><p>10 Estrada do recinto de feiras<\/p>\n<p>Pr\u00edncipe Frederico, MD 20678<\/p>\n<p>410-535-5756<\/p>\n<p>&nbsp;<\/p>\n<p><strong>2\u00aa e 4\u00aa quarta-feira de cada m\u00eas, das 13h30 \u00e0s 15h30<\/strong><\/p>\n\t<iframe src=\"https:\/\/www.google.com\/maps\/embed\/v1\/place?q=10+Fairground+Road%0APrince+Frederick%2C+MD+20678&#038;key=AIzaSyD09zQ9PNDNNy9TadMuzRV_UsPUoWKntt8\" aria-hidden=\"true\" title=\"Despensa de Alimentos Metodista Unida Mount Olive\"><\/iframe>\n\t\t<h3>Despensa de Alimentos Calvert Nova Vida<\/h3><p>9690 Shepherds Creek Lugar<\/p>\n<p>La Plata, MD 20646<\/p>\n<p>301-609-8423<\/p>\n<p>&nbsp;<\/p>\n<p><strong>Segunda a sexta, das 16h \u00e0s 18h\u00a0<\/strong><\/p>\n<p><a href=\"https:\/\/www.newlife.live\/missions\/\" target=\"_blank\" rel=\"noopener\">Saiba mais sobre a despensa<\/a>.<\/p>\n\t<iframe src=\"https:\/\/www.google.com\/maps\/embed\/v1\/place?q=9690+Shepherds+Creek+Place%0ALa+Plata%2C+MD+20646&#038;key=AIzaSyD09zQ9PNDNNy9TadMuzRV_UsPUoWKntt8\" aria-hidden=\"true\" title=\"Despensa de alimentos New LIfe Calvert\"><\/iframe>\n\t\t<h3>Despensa de Alimentos do Minist\u00e9rio Ecum\u00eanico SMILE<\/h3><p>10290 HG Trueman Road<\/p>\n<p>Lusby, Maryland 20657<\/p>\n<p>410-326-0009<\/p>\n<p>Deve ser cliente SMILE. <a href=\"https:\/\/smileinc.org\/food-pantry\/\" target=\"_blank\" rel=\"noopener\">Saber mais<\/a> sobre o registro nos servi\u00e7os SMILE.<\/p>\n<p>&nbsp;<\/p>\n<p><strong>Segunda-feira, das 9h \u00e0s 10h<\/strong><\/p>\n<p><strong>Quarta-feira, das 10h \u00e0s 14h<\/strong><\/p>\n<p><strong>Quinta e sexta-feira, das 10h \u00e0s 12h<\/strong><\/p>\n<p><strong>S\u00e1bado das 9h \u00e0s 12h<\/strong><\/p>\n\t<iframe src=\"https:\/\/www.google.com\/maps\/embed\/v1\/place?q=10290+H.G.+Trueman+Road%0ALusby%2C+Maryland+20657&#038;key=AIzaSyD09zQ9PNDNNy9TadMuzRV_UsPUoWKntt8\" aria-hidden=\"true\" title=\"Despensa de Alimentos do Minist\u00e9rio Ecum\u00eanico SMILE\"><\/iframe>\n\t\t<h3>Despensa de Alimentos do Solomons Mission Center<\/h3><p>Igreja Metodista Unida das Salom\u00e3o<\/p>\n<p>14454 Estrada da Ilha Salom\u00e3o Sul<\/p>\n<p>Salom\u00e3o, MD 20688<\/p>\n<p>410-326-3278<\/p>\n<p>&nbsp;<\/p>\n<p><b>Ter\u00e7a, quarta e quinta, das 10h \u00e0s 13h<\/b><\/p>\n\t<iframe src=\"https:\/\/www.google.com\/maps\/embed\/v1\/place?q=14454+Solomons+Island+Road+South%0ASolomons%2C+MD+20688&#038;key=AIzaSyD09zQ9PNDNNy9TadMuzRV_UsPUoWKntt8\" aria-hidden=\"true\" title=\"Igreja Metodista Unida das Salom\u00e3o\"><\/iframe>\n\t\t<h3>Despensa Inter-religiosa S\u00e3o Jo\u00e3o Vianney<\/h3><p>Rua Vianney, 105<\/p>\n<p>Pr\u00edncipe Frederico, MD 20678<\/p>\n<p>410-286-1944<\/p>\n<p>&nbsp;<\/p>\n<p><b>Quarta-feira, das 15h \u00e0s 18h<\/b><\/p>\n<p><a href=\"https:\/\/www.sjvchurch.net\/food-pantry\" target=\"_blank\" rel=\"noopener\">Saiba mais sobre a despensa de alimentos.<\/a><\/p>\n\t<iframe src=\"https:\/\/www.google.com\/maps\/embed\/v1\/place?q=105+Vianney+Lane%0APrince+Frederick%2C+MD+20678&#038;key=AIzaSyD09zQ9PNDNNy9TadMuzRV_UsPUoWKntt8\" aria-hidden=\"true\" title=\"Despensa Inter-religiosa S\u00e3o Jo\u00e3o Vianney\"><\/iframe>\n<h2>Obtenha ajuda com outras necessidades essenciais<\/h2>\n<p>Se precisar de ajuda com outra necessidade essencial, voc\u00ea pode:<\/p>\n<ul>\n<li>Disque 211<\/li>\n<li>Pesquise os 211 recursos abaixo para obter informa\u00e7\u00f5es sobre programas como WIC e SNAP (vale-refei\u00e7\u00e3o)<\/li>\n<li>Veja as listagens de <a href=\"https:\/\/ourcalvert.org\/services\" target=\"_blank\" rel=\"noopener\">Nosso Calvert \u2013 Recursos para a Vida<\/a>, que identifica recursos locais como o <a href=\"https:\/\/ourcalvert.org\/index.php\/\" target=\"_blank\" rel=\"noopener\">Banco de fraldas do condado de Calvert<\/a>, organiza\u00e7\u00f5es que ajudam com roupas e assist\u00eancia financeira e muito mais.<\/li>\n<\/ul>\n<p>N\u00e3o importa onde voc\u00ea mora, o 211 est\u00e1 sempre dispon\u00edvel para ajudar.<\/p>\n\t\t<h4><a href=\"\/pt\/recursos\/envelhecimento-incapacidade\/?utm_source=Home&#038;utm_medium=Referral&#038;utm_campaign=211Resources&#038;utm_content=Aging\" target=\"_self\">Envelhecimento e Defici\u00eancia<\/a><\/h4>\n\t\t\t\t<a href=\"\/pt\/recursos\/envelhecimento-incapacidade\/?utm_source=Home&#038;utm_medium=Referral&#038;utm_campaign=211Resources&#038;utm_content=Aging\"  target=\"_self\" itemprop=\"url\">\n\t\t\t\t<img decoding=\"async\" src=\"https:\/\/211md.org\/wp-content\/uploads\/bb-plugin\/cache\/2025_MdInfoNet_Icon-Sets_Aging-disability-square-c466727102cae71e5f27b8539bb51945-.png\" alt=\"\" itemprop=\"image\" onerror=\"this.style.display='none'\" loading=\"lazy\" \/>\n\t\t\t\t<\/a>\n\t\t<h4><a href=\"\/pt\/recursos\/criancas-familias\/?utm_source=Home&#038;utm_medium=Referral&#038;utm_campaign=211Resources&#038;utm_content=Children\" target=\"_self\">Crian\u00e7as e Fam\u00edlias<\/a><\/h4>\n\t\t\t\t<a href=\"\/pt\/recursos\/criancas-familias\/?utm_source=Home&#038;utm_medium=Referral&#038;utm_campaign=211Resources&#038;utm_content=Children\"  target=\"_self\" itemprop=\"url\">\n\t\t\t\t<img decoding=\"async\" src=\"https:\/\/211md.org\/wp-content\/uploads\/bb-plugin\/cache\/2025_211_Icon-Sets_Child-care-square-f3b0d4edab3dcc467fadb5f55f4064c6-.png\" alt=\"2025_211_Conjuntos de \u00edcones_Cuidados infantis\" itemprop=\"image\" height=\"417\" width=\"417\" title=\"2025_211_Conjuntos de \u00edcones_Cuidados infantis\" onerror=\"this.style.display='none'\" loading=\"lazy\" \/>\n\t\t\t\t<\/a>\n\t\t<h4><a href=\"\/pt\/recursos\/violencia-domestica-familiar\/?utm_source=Home&#038;utm_medium=Referral&#038;utm_campaign=211Resources&#038;utm_content=Domestic\" target=\"_self\">Viol\u00eancia dom\u00e9stica<\/a><\/h4>\n\t\t\t\t<a href=\"\/pt\/recursos\/violencia-domestica-familiar\/?utm_source=Home&#038;utm_medium=Referral&#038;utm_campaign=211Resources&#038;utm_content=Domestic\"  target=\"_self\" itemprop=\"url\">\n\t\t\t\t<img decoding=\"async\" src=\"https:\/\/211md.org\/wp-content\/uploads\/bb-plugin\/cache\/2025_211_Icon-Sets_Domestic-Violence-square-7b597694a6f05fe90cdc376aa573bc63-.png\" alt=\"\u00cdcone de viol\u00eancia dom\u00e9stica\" itemprop=\"image\" height=\"417\" width=\"417\" title=\"2025_211_Conjuntos de \u00edcones_Viol\u00eancia dom\u00e9stica\" onerror=\"this.style.display='none'\" loading=\"lazy\" \/>\n\t\t\t\t<\/a>\n\t\t<h4><a href=\"\/pt\/recursos\/procura-de-emprego\/?utm_source=Home&#038;utm_medium=Referral&#038;utm_campaign=211Resources&#038;utm_content=Employment\" target=\"_self\">Emprego<\/a><\/h4>\n\t\t\t\t<a href=\"\/pt\/recursos\/procura-de-emprego\/?utm_source=Home&#038;utm_medium=Referral&#038;utm_campaign=211Resources&#038;utm_content=Employment\"  target=\"_self\" itemprop=\"url\">\n\t\t\t\t<img decoding=\"async\" src=\"https:\/\/211md.org\/wp-content\/uploads\/bb-plugin\/cache\/2025_MdInfoNet_Icon-Sets_Employment-square-44707bd410e4df10a470bf130ebcea86-.png\" alt=\"\" itemprop=\"image\" onerror=\"this.style.display='none'\" loading=\"lazy\" \/>\n\t\t\t\t<\/a>\n\t\t<h4><a href=\"\/pt\/recursos\/cuidados-de-saude\/?utm_source=Home&#038;utm_medium=Referral&#038;utm_campaign=211Resources&#038;utm_content=Health%20Care\" target=\"_self\">Cuidados de sa\u00fade<\/a><\/h4>\n\t\t\t\t<a href=\"\/pt\/recursos\/cuidados-de-saude\/?utm_source=Home&#038;utm_medium=Referral&#038;utm_campaign=211Resources&#038;utm_content=Health%20Care\"  target=\"_self\" itemprop=\"url\">\n\t\t\t\t<img decoding=\"async\" src=\"https:\/\/211md.org\/wp-content\/uploads\/bb-plugin\/cache\/2025_MdInfoNet_Icon-Sets_Health-Care-square-dee98a0060cbe0e7f27eda253fc12679-.png\" alt=\"\" itemprop=\"image\" onerror=\"this.style.display='none'\" loading=\"lazy\" \/>\n\t\t\t\t<\/a>\n\t\t<h4><a href=\"\/pt\/recursos\/criancas-familias\/cuidados-de-parentesco\/?utm_source=Home&#038;utm_medium=Referral&#038;utm_campaign=211Resources&#038;utm_content=Kinship\" target=\"_self\">Parentesco<\/a><\/h4>\n\t\t\t\t<a href=\"\/pt\/recursos\/criancas-familias\/cuidados-de-parentesco\/?utm_source=Home&#038;utm_medium=Referral&#038;utm_campaign=211Resources&#038;utm_content=Kinship\"  target=\"_self\" itemprop=\"url\">\n\t\t\t\t<img decoding=\"async\" src=\"https:\/\/211md.org\/wp-content\/uploads\/bb-plugin\/cache\/2025_211_Icon-Sets_Kinship-square-45bdf872866f5735f842c32071109267-.png\" alt=\"\u00cdcone de parentesco\" itemprop=\"image\" height=\"417\" width=\"417\" title=\"2025_211_Conjuntos de \u00edcones_Parentesco\" onerror=\"this.style.display='none'\" loading=\"lazy\" \/>\n\t\t\t\t<\/a>\n\t\t<h4><a href=\"\/pt\/recursos\/servicos-legais\/?utm_source=Home&#038;utm_medium=Referral&#038;utm_campaign=211Resources&#038;utm_content=Legal\" target=\"_self\">Servi\u00e7os legais<\/a><\/h4>\n\t\t\t\t<a href=\"\/pt\/recursos\/servicos-legais\/?utm_source=Home&#038;utm_medium=Referral&#038;utm_campaign=211Resources&#038;utm_content=Legal\"  target=\"_self\" itemprop=\"url\">\n\t\t\t\t<img decoding=\"async\" src=\"https:\/\/211md.org\/wp-content\/uploads\/bb-plugin\/cache\/2025_MdInfoNet_Icon-Sets_Legal-square-18fdf438feb8435588174d9046463257-.png\" alt=\"\" itemprop=\"image\" onerror=\"this.style.display='none'\" loading=\"lazy\" \/>\n\t\t\t\t<\/a>\n\t\t<h4><a href=\"\/pt\/recursos\/saude-mental\/?utm_source=Home&#038;utm_medium=Referral&#038;utm_campaign=211Resources&#038;utm_content=Mental\" target=\"_self\">Sa\u00fade mental<\/a><\/h4>\n\t\t\t\t<a href=\"\/pt\/recursos\/saude-mental\/?utm_source=Home&#038;utm_medium=Referral&#038;utm_campaign=211Resources&#038;utm_content=Mental\"  target=\"_self\" itemprop=\"url\">\n\t\t\t\t<img decoding=\"async\" src=\"https:\/\/211md.org\/wp-content\/uploads\/bb-plugin\/cache\/2025_MdInfoNet_Icon-Sets_Mental-Health-square-c59b38c4a993a947d4c9280fbe2d2fee-.png\" alt=\"\" itemprop=\"image\" onerror=\"this.style.display='none'\" loading=\"lazy\" \/>\n\t\t\t\t<\/a>\n\t\t<h4><a href=\"\/pt\/recursos\/mdreentry\/?utm_source=Home&#038;utm_medium=Referral&#038;utm_campaign=211Resources&#038;utm_content=Reentry\" target=\"_self\">Reentrada<\/a><\/h4>\n\t\t\t\t<a href=\"\/pt\/recursos\/mdreentry\/?utm_source=Home&#038;utm_medium=Referral&#038;utm_campaign=211Resources&#038;utm_content=Reentry\"  target=\"_self\" itemprop=\"url\">\n\t\t\t\t<img decoding=\"async\" src=\"https:\/\/211md.org\/wp-content\/uploads\/bb-plugin\/cache\/2025_211_Icon-Sets_Reentry-square-8676fea38abd920a832f45642fe31cca-.png\" alt=\"\u00cdcone de reentrada\" itemprop=\"image\" height=\"417\" width=\"417\" title=\"2025_211_Conjuntos de \u00edcones_Reentrada\" onerror=\"this.style.display='none'\" loading=\"lazy\" \/>\n\t\t\t\t<\/a>\n\t\t<h4><a href=\"\/pt\/recursos\/uso-de-substancias\/?utm_source=Home&#038;utm_medium=Referral&#038;utm_campaign=211Resources&#038;utm_content=Substance\" target=\"_self\">Uso de subst\u00e2ncias<\/a><\/h4>\n\t\t\t\t<a href=\"\/pt\/recursos\/uso-de-substancias\/?utm_source=Home&#038;utm_medium=Referral&#038;utm_campaign=211Resources&#038;utm_content=Substance\"  target=\"_self\" itemprop=\"url\">\n\t\t\t\t<img decoding=\"async\" src=\"https:\/\/211md.org\/wp-content\/uploads\/bb-plugin\/cache\/2025_MdInfoNet_Icon-Sets_Substance-Abuse-square-9022fec9d18a64118ad685c101885b55-.png\" alt=\"\" itemprop=\"image\" onerror=\"this.style.display='none'\" loading=\"lazy\" \/>\n\t\t\t\t<\/a>\n\t\t<h4><a href=\"\/pt\/recursos\/veteranos\/?utm_source=Home&#038;utm_medium=Referral&#038;utm_campaign=211Resources&#038;utm_content=Veterans\" target=\"_self\">veteranos<\/a><\/h4>\n\t\t\t\t<a href=\"\/pt\/recursos\/veteranos\/?utm_source=Home&#038;utm_medium=Referral&#038;utm_campaign=211Resources&#038;utm_content=Veterans\"  target=\"_self\" itemprop=\"url\">\n\t\t\t\t<img decoding=\"async\" src=\"https:\/\/211md.org\/wp-content\/uploads\/bb-plugin\/cache\/2025_MdInfoNet_Icon-Sets_Rating-square-6e60d00cce4faa8e0a6d4ad7366aa733-.png\" alt=\"\" itemprop=\"image\" onerror=\"this.style.display='none'\" loading=\"lazy\" \/>\n\t\t\t\t<\/a>","protected":false},"excerpt":{"rendered":"<p>Encontre recursos perto de mim. Pesquise agora. Adicione sua ag\u00eancia ou organiza\u00e7\u00e3o ao nosso banco de dados de recursos. Voc\u00ea n\u00e3o est\u00e1 sozinho no Condado de Calvert. Ajuda dispon\u00edvel 24 horas por dia, 7 dias por semana, 365 dias por ano, para comunidades em todo o condado, incluindo Prince Frederick, Dares Beach, Barstow, Bowens, Fox Hill, Woodbridge, Adelina, Port Republic, Mutual, Governor Run, Chesapeake Beach e muito mais. Ligue para 211 para encontrar\u2026<\/p>","protected":false},"author":8,"featured_media":0,"parent":750,"menu_order":0,"comment_status":"closed","ping_status":"closed","template":"","meta":{"footnotes":""},"class_list":["post-1694","page","type-page","status-publish","hentry"],"_links":{"self":[{"href":"https:\/\/211md.org\/pt\/wp-json\/wp\/v2\/pages\/1694","targetHints":{"allow":["GET"]}}],"collection":[{"href":"https:\/\/211md.org\/pt\/wp-json\/wp\/v2\/pages"}],"about":[{"href":"https:\/\/211md.org\/pt\/wp-json\/wp\/v2\/types\/page"}],"author":[{"embeddable":true,"href":"https:\/\/211md.org\/pt\/wp-json\/wp\/v2\/users\/8"}],"replies":[{"embeddable":true,"href":"https:\/\/211md.org\/pt\/wp-json\/wp\/v2\/comments?post=1694"}],"version-history":[{"count":6,"href":"https:\/\/211md.org\/pt\/wp-json\/wp\/v2\/pages\/1694\/revisions"}],"predecessor-version":[{"id":34072,"href":"https:\/\/211md.org\/pt\/wp-json\/wp\/v2\/pages\/1694\/revisions\/34072"}],"up":[{"embeddable":true,"href":"https:\/\/211md.org\/pt\/wp-json\/wp\/v2\/pages\/750"}],"wp:attachment":[{"href":"https:\/\/211md.org\/pt\/wp-json\/wp\/v2\/media?parent=1694"}],"curies":[{"name":"wp","href":"https:\/\/api.w.org\/{rel}","templated":true}]}}