{"id":1695,"date":"2021-05-12T00:24:27","date_gmt":"2021-05-12T00:24:27","guid":{"rendered":"https:\/\/211md.org\/?page_id=1695"},"modified":"2025-10-29T07:07:49","modified_gmt":"2025-10-29T11:07:49","slug":"condado-de-prince-georges","status":"publish","type":"page","link":"https:\/\/211md.org\/pt\/resources-by-county\/prince-georges-county\/","title":{"rendered":"Condado de Pr\u00edncipe George"},"content":{"rendered":"<p>211 is always available to support Prince George&#8217;s County residents. We have resources near you, no matter where you live: Hyattsville, Forestville, District Heights, Bowie, Laurel and other communities in Prince George&#8217;s County. Dial 211 any time of day and an Information and Referral Specialist can connect you to resources near you.<\/p>\n<p>Voc\u00ea tamb\u00e9m pode <a href=\"https:\/\/search.211md.org\/search?location=Prince+George%27s+County%2C+Maryland%2C+United+States&amp;coords=-76.75184%2C38.816277&amp;distance=25&amp;utm_source=County&amp;utm_medium=Referral&amp;utm_campaign=PG&amp;utm_content=\" target=\"_blank\" rel=\"noopener\">pesquisar no Banco de Dados de Recursos da Comunidade<\/a> para encontrar recursos locais pelo seu CEP ou entrar em contato com qualquer um dos recursos abaixo.<\/p>\n\t\t<h2>\t\n\tDisque 211<\/h2><p>Conecte-se aos recursos da comunidade e suporte 24 horas por dia, 7 dias por semana, 365 dias por ano.<\/p>\n\t\t\t\t<a href=\"https:\/\/search.211md.org\/search?location=Prince+George%27s+County%2C+Maryland%2C+United+States&#038;coords=-76.75184%2C38.816277&#038;distance=25&#038;utm_source=County&#038;utm_medium=Referral&#038;utm_campaign=PG&#038;utm_content=\"  target=\"_blank\" rel=\"noopener\"  itemprop=\"url\">\n\t\t\t\t<img decoding=\"async\" src=\"http:\/\/211md.org\/wp-content\/uploads\/2025\/07\/Prince-Georges-County-Resources.jpg\" alt=\"Recursos do Condado de Prince George\" itemprop=\"image\" title=\"Recursos do Condado de Prince George\" onerror=\"this.style.display='none'\" loading=\"lazy\" \/>\n\t\t\t\t<\/a>\n\t\t<h2>Encontre recursos por c\u00f3digo postal<\/h2>\n\t\t<p>Encontre recursos locais para alimenta\u00e7\u00e3o, moradia, assist\u00eancia de servi\u00e7os p\u00fablicos, suporte de sa\u00fade mental e muito mais no Banco de Dados de Recursos Comunit\u00e1rios 211.<\/p>\n<p>This will take you directly to the 1400+ resources in Prince George&#8217;s County. You can then type in what you need in the box where it says &#8220;Search resources in Maryland.&#8221; Once you start typing, common searches will appear.<\/p>\n<p>Se precisar pesquisar em outra parte do estado, altere o local.<\/p>\n<p>&nbsp;<\/p>\n\t\t\t<a href=\"https:\/\/search.211md.org\/search?location=Prince+George%27s+County%2C+Maryland%2C+United+States&#038;coords=-76.75184%2C38.816277&#038;distance=25&#038;utm_source=County&#038;utm_medium=Referral&#038;utm_campaign=PG&#038;utm_content=\" target=\"_blank\" rel=\"noopener\">\n\t\t\t\t\t\t\tEncontre recursos locais\n\t\t\t\t\t<\/a>\n\t\t\t\t<img decoding=\"async\" src=\"http:\/\/211md.org\/wp-content\/uploads\/2023\/10\/Food-pantry-box-of-food.jpg\" alt=\"Caixa de despensa de alimentos\" itemprop=\"image\" title=\"Caixa de despensa de alimentos\" onerror=\"this.style.display='none'\" loading=\"lazy\" \/>\n\t<h2><b>Comida no condado de Prince George<\/b><\/h2>\n<p>Precisa de comida?\u00a0<a href=\"http:\/\/www.pgcfec.org\/what-we-do.html\" target=\"_blank\" rel=\"noopener\">Conselho de Equidade Alimentar do Condado de Prince George<\/a> utiliza diversos parceiros para ajudar os residentes a encontrar alimentos saud\u00e1veis, acess\u00edveis, sustent\u00e1veis, culturalmente apropriados e seguros em todos os bairros.<\/p>\n<p>O Food Equity Council em Largo, Maryland, tem uma lista atualizada de despensas de alimentos. De Bowie a Capitol Heights, <a href=\"https:\/\/pgcfec.org\/resources\/find-food-food-pantry-listings\/\" target=\"_blank\" rel=\"noopener\">encontre uma despensa de alimentos perto de voc\u00ea<\/a>.<\/p>\n<h3>Solicitando vale-refei\u00e7\u00e3o<\/h3>\n<p>O vale-refei\u00e7\u00e3o tamb\u00e9m pode ajudar as fam\u00edlias a preparar refei\u00e7\u00f5es saud\u00e1veis e de baixo custo.<\/p>\n<p>Voc\u00ea pode obter ajuda do Departamento de Servi\u00e7os Sociais (DSS) local, em Landover, Hyattsville ou Temple Hillls. O DSS tamb\u00e9m poder\u00e1 ajud\u00e1-lo com outros programas de benef\u00edcios. Voc\u00ea tamb\u00e9m pode aprender sobre outros programas de assist\u00eancia dispon\u00edveis para fam\u00edlias e os requisitos de elegibilidade. Contate o <a href=\"https:\/\/www.princegeorgescountymd.gov\/1714\/Family-Investment-Division\" target=\"_blank\" rel=\"noopener\">Departamento de Servi\u00e7os Sociais do Condado de Prince George<\/a> para solicitar vale-refei\u00e7\u00e3o.<\/p>\n<p>Se voc\u00ea tiver d\u00favidas sobre como funciona o programa de vale-refei\u00e7\u00e3o em Maryland, obtenha respostas para suas perguntas em <a href=\"https:\/\/211md.org\/pt\/recursos\/comida\/vale-refeicao\/\">P\u00e1gina de informa\u00e7\u00f5es do vale-refei\u00e7\u00e3o do 211.<\/a><\/p>\n\t\t<h2>\t\n\tLinha direta para moradores de rua do Pr\u00edncipe George<\/h2><p>1-888-731-0999 ou 301-864-7095<\/p>\n<h2>Abrigos de emerg\u00eancia<\/h2>\n<p>Se voc\u00ea precisar de um lugar tempor\u00e1rio para ficar, existem abrigos de emerg\u00eancia em todo o condado de Prince George. A Homeless Hotline organiza a coloca\u00e7\u00e3o. Voc\u00ea pode ligar para 888-731-0999 ou 301-864-7095.<\/p>\n<p>A ajuda \u00e9 fornecida 24 horas por dia. As refer\u00eancias s\u00e3o feitas por ordem de chegada. <a href=\"https:\/\/www.princegeorgescountymd.gov\/1672\/Emergency-Shelter\" target=\"_blank\" rel=\"noopener\">Conde do Pr\u00edncipe George<\/a>y detalha os requisitos de elegibilidade e a documenta\u00e7\u00e3o necess\u00e1ria.<\/p>\n<p>No abrigo, voc\u00ea receber\u00e1 um gerente de caso para ajud\u00e1-lo.<\/p>\n<p>O 211 tamb\u00e9m pode ajudar a conect\u00e1-lo a um abrigo tempor\u00e1rio no condado de Prince George.<\/p>\n\t\t\t\t<img decoding=\"async\" src=\"http:\/\/211md.org\/wp-content\/uploads\/2024\/10\/211-at-City-of-Laurel-Multiservice-Center-1-363x400.jpg\" alt=\"211 no Centro Multisservi\u00e7os da Cidade de Laurel\" itemprop=\"image\" title=\"211 no Centro Multisservi\u00e7os da Cidade de Laurel\" onerror=\"this.style.display='none'\" loading=\"lazy\" \/>\n\t\t\t\t<img decoding=\"async\" src=\"https:\/\/211md.org\/wp-content\/plugins\/bb-plugin\/img\/pixel.png\" alt=\"\" itemprop=\"image\" onerror=\"this.style.display='none'\" loading=\"lazy\" \/>\n<h3>Moradia de Curto Prazo e Apoio Comunit\u00e1rio<\/h3>\n<p>o <a href=\"https:\/\/laurelmsc.org\/\" target=\"_blank\" rel=\"noopener\">Centro Multisservi\u00e7os da Cidade de Laurel<\/a> tamb\u00e9m fornece moradia de curto prazo e servi\u00e7os humanos para aqueles que est\u00e3o passando por uma transi\u00e7\u00e3o de vida nos condados de Prince George, Anne Arundel e Howard.<\/p>\n<p>O Day Center fornece necessidades b\u00e1sicas para aqueles que est\u00e3o em situa\u00e7\u00e3o de rua, como comida, suprimentos de higiene e chuveiros, e roupas. A equipe tamb\u00e9m pode coordenar com servi\u00e7os m\u00e9dicos e de sa\u00fade mental gratuitos.<\/p>\n<p>A instala\u00e7\u00e3o tamb\u00e9m fornece servi\u00e7os por meio de parcerias com ag\u00eancias e organiza\u00e7\u00f5es comunit\u00e1rias, como 211 Maryland. Nossa equipe estar\u00e1 no local mensalmente para conectar os moradores de Maryland \u00e0s necessidades essenciais para ajudar os indiv\u00edduos a estabelecer independ\u00eancia.<\/p>\n<p>O Centro Multisservi\u00e7os da Cidade de Laurel tamb\u00e9m sediar\u00e1 eventos como o curso de estabilidade financeira de 8 semanas, com uma bolsa financeira para aqueles que o conclu\u00edrem.<\/p>\n<p>H\u00e1 transporte p\u00fablico dispon\u00edvel para chegar ao Centro.<\/p>\n<p>&nbsp;<\/p>\n\t<h2>Sa\u00fade Mental: Servi\u00e7os Comunit\u00e1rios de Crise<\/h2>\n<p><a href=\"https:\/\/www.communitycrisis.org\/\" target=\"_blank\" rel=\"noopener\">Servi\u00e7os comunit\u00e1rios de crise<\/a> (CCSI), que faz parte da rede de call center 211 Maryland e localizada em Hyattsville, oferece v\u00e1rios programas de resposta a crises para apoiar o condado de Prince George e \u00e1reas vizinhas.<\/p>\n<p>CCSI tem um abrigo de emerg\u00eancia para v\u00edtimas de viol\u00eancia dom\u00e9stica, coordena a coloca\u00e7\u00e3o de abrigos em todo o condado de Prince George e oferece servi\u00e7os de prote\u00e7\u00e3o infantil ap\u00f3s o expediente para den\u00fancias de abuso infantil e neglig\u00eancia.<\/p>\n<p>Se precisar de suporte imediato de sa\u00fade mental, ligue ou envie uma mensagem de texto para 988. Voc\u00ea ser\u00e1 conectado ao Suicide &amp; Crisis Lifeline, que pode <a href=\"https:\/\/health.maryland.gov\/bha\/Pages\/988md.aspx\" target=\"_blank\" rel=\"noopener\">saiba como funciona em Maryland<\/a>.<\/p>\n<p>Se voc\u00ea precisar encontrar recursos de sa\u00fade mental em sua comunidade, voc\u00ea pode <a href=\"https:\/\/search.988.mdinfonet.org\/\" target=\"_blank\" rel=\"noopener\">pesquise aqui<\/a>.<\/p>\n<h2>Assist\u00eancia de utilidade<\/h2>\n<p>Se precisar de ajuda para pagar suas contas de servi\u00e7os p\u00fablicos,\u00a0<a href=\"https:\/\/www.princegeorgescountymd.gov\/1677\/Energy-Assistance\" target=\"_blank\" rel=\"noopener\">Condado de Pr\u00edncipe George<\/a>\u00a0oferece v\u00e1rios programas de assist\u00eancia a servi\u00e7os p\u00fablicos, incluindo subs\u00eddios por meio do Office of Home Energy Programs (OHEP).\u00a0<a href=\"\/pt\/recursos\/utilitario-assistencia\/\" rel=\"noopener\">Veja diretrizes de renda<\/a>, programas e instru\u00e7\u00f5es passo a passo para preencher o formul\u00e1rio corretamente.<\/p>\n<p>Voc\u00ea tamb\u00e9m pode solicitar ajuda no preenchimento dos formul\u00e1rios de assist\u00eancia energ\u00e9tica do\u00a0<a href=\"https:\/\/www.princegeorgescountymd.gov\/Directory.aspx?DID=293\" target=\"_blank\" rel=\"noopener\">Departamento de Servi\u00e7os Sociais do Condado de Prince George em Landover<\/a>.<\/p>\n<p>o\u00a0<a href=\"https:\/\/search.211md.org\/search\/ef9083b7c8f7a3af6cfaf8fcde246cce\" target=\"_blank\" rel=\"noopener\">Fundo de Combust\u00edvel de Maryland<\/a>\u00a0pode ser um recurso adicional para clientes da BG&amp;E.<\/p>\n<p>O apoio local tamb\u00e9m est\u00e1 dispon\u00edvel para contas de servi\u00e7os p\u00fablicos atrav\u00e9s da Catholic Charities em Forestville,\u00a0<a href=\"https:\/\/www.laureladvocacy.org\/\" target=\"_blank\" rel=\"noopener\">Laurel Advocacia e Servi\u00e7os de Refer\u00eancia<\/a>\u00a0(LARS) e o Ex\u00e9rcito de Salva\u00e7\u00e3o.<\/p>\n<h2>Ajuda financeira<\/h2>\n<p>O LARS tamb\u00e9m pode ajudar com alimentos e outras necessidades financeiras, como assist\u00eancia de aluguel para evitar despejos, ajuda com um dep\u00f3sito de seguran\u00e7a para habita\u00e7\u00e3o permanente e assist\u00eancia de servi\u00e7os p\u00fablicos para avisos de corte de energia. Aprenda sobre as diretrizes do programa e os documentos que voc\u00ea precisar\u00e1 e <a href=\"https:\/\/www.laureladvocacy.org\/\" target=\"_blank\" rel=\"noopener\">agendar<\/a>\u00a0uma consulta para assist\u00eancia financeira.<\/p>\n\t\t\t\t<img decoding=\"async\" src=\"http:\/\/211md.org\/wp-content\/uploads\/2024\/05\/utility-bills.jpg\" alt=\"contas de servi\u00e7os p\u00fablicos\" itemprop=\"image\" title=\"contas de servi\u00e7os p\u00fablicos\" onerror=\"this.style.display='none'\" loading=\"lazy\" \/>\n\t<h2>Denunciando abuso ou neglig\u00eancia infantil no PG<\/h2>\n<p>Todos somos respons\u00e1veis por manter as crian\u00e7as seguras e denunciar suspeitas de abuso ou neglig\u00eancia infantil. Voc\u00ea pode ligar para as autoridades ou entrar em contato com o <a href=\"https:\/\/www.princegeorgescountymd.gov\/1647\/Child-Protective-Services\" target=\"_blank\" rel=\"noopener\">Departamento de Servi\u00e7os Sociais do Condado de Prince George<\/a> ligando para 301-909-2450.<\/p>\n<p>O abuso infantil pode ser:<\/p>\n<ul>\n<li>F\u00edsico, sexual ou emocional ou uma combina\u00e7\u00e3o. O abuso n\u00e3o precisa ser vis\u00edvel.<\/li>\n<li>Deixar de cuidar ou prestar aten\u00e7\u00e3o adequadamente a uma crian\u00e7a.<\/li>\n<li>Molesta\u00e7\u00e3o ou explora\u00e7\u00e3o sexual, independentemente de haver les\u00f5es.<\/li>\n<li>Comprometimento da capacidade mental ou psicol\u00f3gica de funcionamento de uma crian\u00e7a.<\/li>\n<\/ul>\n<p>As den\u00fancias podem ser an\u00f4nimas, mas ser\u00e1 solicitado que voc\u00ea identifique a localiza\u00e7\u00e3o da crian\u00e7a e do cuidador, a idade aproximada da crian\u00e7a e a identidade dos respons\u00e1veis pelo abuso ou neglig\u00eancia.<\/p>\n<p>&nbsp;<\/p>\n\t<h2>Disque 211<\/h2>\n<p>Tamb\u00e9m temos recursos importantes para outros condados de Maryland. <a href=\"https:\/\/211md.org\/pt\/recursos-por-condado\/\">Pesquisar por condado<\/a>.<\/p>\n<p>Precisa de ajuda com outra coisa? Ligue para 211 ou pesquise recursos. <a href=\"https:\/\/search.211md.org\/\" target=\"_blank\" rel=\"noopener\">p\u00e1gina de pesquisa<\/a>, escolha uma categoria suspensa para obter melhores resultados e insira seu CEP para encontrar recursos locais.<\/p>\n<p>&nbsp;<\/p>\n\t\t<h4><a href=\"\/pt\/recursos\/envelhecimento-incapacidade\/?utm_source=Home&#038;utm_medium=Referral&#038;utm_campaign=211Resources&#038;utm_content=Aging\" target=\"_self\">Envelhecimento e Defici\u00eancia<\/a><\/h4>\n\t\t\t\t<a href=\"\/pt\/recursos\/envelhecimento-incapacidade\/?utm_source=Home&#038;utm_medium=Referral&#038;utm_campaign=211Resources&#038;utm_content=Aging\"  target=\"_self\" itemprop=\"url\">\n\t\t\t\t<img decoding=\"async\" src=\"https:\/\/211md.org\/wp-content\/uploads\/bb-plugin\/cache\/2025_MdInfoNet_Icon-Sets_Aging-disability-square-c466727102cae71e5f27b8539bb51945-.png\" alt=\"\" itemprop=\"image\" onerror=\"this.style.display='none'\" loading=\"lazy\" \/>\n\t\t\t\t<\/a>\n\t\t<h4><a href=\"\/pt\/recursos\/criancas-familias\/?utm_source=Home&#038;utm_medium=Referral&#038;utm_campaign=211Resources&#038;utm_content=Children\" target=\"_self\">Crian\u00e7as e Fam\u00edlias<\/a><\/h4>\n\t\t\t\t<a href=\"\/pt\/recursos\/criancas-familias\/?utm_source=Home&#038;utm_medium=Referral&#038;utm_campaign=211Resources&#038;utm_content=Children\"  target=\"_self\" itemprop=\"url\">\n\t\t\t\t<img decoding=\"async\" src=\"https:\/\/211md.org\/wp-content\/uploads\/bb-plugin\/cache\/2025_211_Icon-Sets_Child-care-square-f3b0d4edab3dcc467fadb5f55f4064c6-.png\" alt=\"2025_211_Conjuntos de \u00edcones_Cuidados infantis\" itemprop=\"image\" height=\"417\" width=\"417\" title=\"2025_211_Conjuntos de \u00edcones_Cuidados infantis\" onerror=\"this.style.display='none'\" loading=\"lazy\" \/>\n\t\t\t\t<\/a>\n\t\t<h4><a href=\"\/pt\/recursos\/violencia-domestica-familiar\/?utm_source=Home&#038;utm_medium=Referral&#038;utm_campaign=211Resources&#038;utm_content=Domestic\" target=\"_self\">Viol\u00eancia dom\u00e9stica<\/a><\/h4>\n\t\t\t\t<a href=\"\/pt\/recursos\/violencia-domestica-familiar\/?utm_source=Home&#038;utm_medium=Referral&#038;utm_campaign=211Resources&#038;utm_content=Domestic\"  target=\"_self\" itemprop=\"url\">\n\t\t\t\t<img decoding=\"async\" src=\"https:\/\/211md.org\/wp-content\/uploads\/bb-plugin\/cache\/2025_211_Icon-Sets_Domestic-Violence-square-7b597694a6f05fe90cdc376aa573bc63-.png\" alt=\"\u00cdcone de viol\u00eancia dom\u00e9stica\" itemprop=\"image\" height=\"417\" width=\"417\" title=\"2025_211_Conjuntos de \u00edcones_Viol\u00eancia dom\u00e9stica\" onerror=\"this.style.display='none'\" loading=\"lazy\" \/>\n\t\t\t\t<\/a>\n\t\t<h4><a href=\"\/pt\/recursos\/procura-de-emprego\/?utm_source=Home&#038;utm_medium=Referral&#038;utm_campaign=211Resources&#038;utm_content=Employment\" target=\"_self\">Emprego<\/a><\/h4>\n\t\t\t\t<a href=\"\/pt\/recursos\/procura-de-emprego\/?utm_source=Home&#038;utm_medium=Referral&#038;utm_campaign=211Resources&#038;utm_content=Employment\"  target=\"_self\" itemprop=\"url\">\n\t\t\t\t<img decoding=\"async\" src=\"https:\/\/211md.org\/wp-content\/uploads\/bb-plugin\/cache\/2025_MdInfoNet_Icon-Sets_Employment-square-44707bd410e4df10a470bf130ebcea86-.png\" alt=\"\" itemprop=\"image\" onerror=\"this.style.display='none'\" loading=\"lazy\" \/>\n\t\t\t\t<\/a>\n\t\t<h4><a href=\"\/pt\/recursos\/cuidados-de-saude\/?utm_source=Home&#038;utm_medium=Referral&#038;utm_campaign=211Resources&#038;utm_content=Health%20Care\" target=\"_self\">Cuidados de sa\u00fade<\/a><\/h4>\n\t\t\t\t<a href=\"\/pt\/recursos\/cuidados-de-saude\/?utm_source=Home&#038;utm_medium=Referral&#038;utm_campaign=211Resources&#038;utm_content=Health%20Care\"  target=\"_self\" itemprop=\"url\">\n\t\t\t\t<img decoding=\"async\" src=\"https:\/\/211md.org\/wp-content\/uploads\/bb-plugin\/cache\/2025_MdInfoNet_Icon-Sets_Health-Care-square-dee98a0060cbe0e7f27eda253fc12679-.png\" alt=\"\" itemprop=\"image\" onerror=\"this.style.display='none'\" loading=\"lazy\" \/>\n\t\t\t\t<\/a>\n\t\t<h4><a href=\"\/pt\/recursos\/criancas-familias\/cuidados-de-parentesco\/?utm_source=Home&#038;utm_medium=Referral&#038;utm_campaign=211Resources&#038;utm_content=Kinship\" target=\"_self\">Parentesco<\/a><\/h4>\n\t\t\t\t<a href=\"\/pt\/recursos\/criancas-familias\/cuidados-de-parentesco\/?utm_source=Home&#038;utm_medium=Referral&#038;utm_campaign=211Resources&#038;utm_content=Kinship\"  target=\"_self\" itemprop=\"url\">\n\t\t\t\t<img decoding=\"async\" src=\"https:\/\/211md.org\/wp-content\/uploads\/bb-plugin\/cache\/2025_211_Icon-Sets_Kinship-square-45bdf872866f5735f842c32071109267-.png\" alt=\"\u00cdcone de parentesco\" itemprop=\"image\" height=\"417\" width=\"417\" title=\"2025_211_Conjuntos de \u00edcones_Parentesco\" onerror=\"this.style.display='none'\" loading=\"lazy\" \/>\n\t\t\t\t<\/a>\n\t\t<h4><a href=\"\/pt\/recursos\/servicos-legais\/?utm_source=Home&#038;utm_medium=Referral&#038;utm_campaign=211Resources&#038;utm_content=Legal\" target=\"_self\">Servi\u00e7os legais<\/a><\/h4>\n\t\t\t\t<a href=\"\/pt\/recursos\/servicos-legais\/?utm_source=Home&#038;utm_medium=Referral&#038;utm_campaign=211Resources&#038;utm_content=Legal\"  target=\"_self\" itemprop=\"url\">\n\t\t\t\t<img decoding=\"async\" src=\"https:\/\/211md.org\/wp-content\/uploads\/bb-plugin\/cache\/2025_MdInfoNet_Icon-Sets_Legal-square-18fdf438feb8435588174d9046463257-.png\" alt=\"\" itemprop=\"image\" onerror=\"this.style.display='none'\" loading=\"lazy\" \/>\n\t\t\t\t<\/a>\n\t\t<h4><a href=\"\/pt\/recursos\/saude-mental\/?utm_source=Home&#038;utm_medium=Referral&#038;utm_campaign=211Resources&#038;utm_content=Mental\" target=\"_self\">Sa\u00fade mental<\/a><\/h4>\n\t\t\t\t<a href=\"\/pt\/recursos\/saude-mental\/?utm_source=Home&#038;utm_medium=Referral&#038;utm_campaign=211Resources&#038;utm_content=Mental\"  target=\"_self\" itemprop=\"url\">\n\t\t\t\t<img decoding=\"async\" src=\"https:\/\/211md.org\/wp-content\/uploads\/bb-plugin\/cache\/2025_MdInfoNet_Icon-Sets_Mental-Health-square-c59b38c4a993a947d4c9280fbe2d2fee-.png\" alt=\"\" itemprop=\"image\" onerror=\"this.style.display='none'\" loading=\"lazy\" \/>\n\t\t\t\t<\/a>\n\t\t<h4><a href=\"\/pt\/recursos\/mdreentry\/?utm_source=Home&#038;utm_medium=Referral&#038;utm_campaign=211Resources&#038;utm_content=Reentry\" target=\"_self\">Reentrada<\/a><\/h4>\n\t\t\t\t<a href=\"\/pt\/recursos\/mdreentry\/?utm_source=Home&#038;utm_medium=Referral&#038;utm_campaign=211Resources&#038;utm_content=Reentry\"  target=\"_self\" itemprop=\"url\">\n\t\t\t\t<img decoding=\"async\" src=\"https:\/\/211md.org\/wp-content\/uploads\/bb-plugin\/cache\/2025_211_Icon-Sets_Reentry-square-8676fea38abd920a832f45642fe31cca-.png\" alt=\"\u00cdcone de reentrada\" itemprop=\"image\" height=\"417\" width=\"417\" title=\"2025_211_Conjuntos de \u00edcones_Reentrada\" onerror=\"this.style.display='none'\" loading=\"lazy\" \/>\n\t\t\t\t<\/a>\n\t\t<h4><a href=\"\/pt\/recursos\/uso-de-substancias\/?utm_source=Home&#038;utm_medium=Referral&#038;utm_campaign=211Resources&#038;utm_content=Substance\" target=\"_self\">Uso de subst\u00e2ncias<\/a><\/h4>\n\t\t\t\t<a href=\"\/pt\/recursos\/uso-de-substancias\/?utm_source=Home&#038;utm_medium=Referral&#038;utm_campaign=211Resources&#038;utm_content=Substance\"  target=\"_self\" itemprop=\"url\">\n\t\t\t\t<img decoding=\"async\" src=\"https:\/\/211md.org\/wp-content\/uploads\/bb-plugin\/cache\/2025_MdInfoNet_Icon-Sets_Substance-Abuse-square-9022fec9d18a64118ad685c101885b55-.png\" alt=\"\" itemprop=\"image\" onerror=\"this.style.display='none'\" loading=\"lazy\" \/>\n\t\t\t\t<\/a>\n\t\t<h4><a href=\"\/pt\/recursos\/veteranos\/?utm_source=Home&#038;utm_medium=Referral&#038;utm_campaign=211Resources&#038;utm_content=Veterans\" target=\"_self\">veteranos<\/a><\/h4>\n\t\t\t\t<a href=\"\/pt\/recursos\/veteranos\/?utm_source=Home&#038;utm_medium=Referral&#038;utm_campaign=211Resources&#038;utm_content=Veterans\"  target=\"_self\" itemprop=\"url\">\n\t\t\t\t<img decoding=\"async\" src=\"https:\/\/211md.org\/wp-content\/uploads\/bb-plugin\/cache\/2025_MdInfoNet_Icon-Sets_Rating-square-6e60d00cce4faa8e0a6d4ad7366aa733-.png\" alt=\"\" itemprop=\"image\" onerror=\"this.style.display='none'\" loading=\"lazy\" \/>\n\t\t\t\t<\/a>","protected":false},"excerpt":{"rendered":"<p>211 is always available to support Prince George&#8217;s County residents. We have resources near you, no matter where you live: Hyattsville, Forestville, District Heights, Bowie, Laurel and other communities in Prince George&#8217;s County. Dial 211 any time of day and an Information and Referral Specialist can connect you to resources near you. You can also&hellip;<\/p>","protected":false},"author":8,"featured_media":3897,"parent":750,"menu_order":0,"comment_status":"closed","ping_status":"closed","template":"","meta":{"footnotes":""},"class_list":["post-1695","page","type-page","status-publish","has-post-thumbnail","hentry"],"_links":{"self":[{"href":"https:\/\/211md.org\/pt\/wp-json\/wp\/v2\/pages\/1695","targetHints":{"allow":["GET"]}}],"collection":[{"href":"https:\/\/211md.org\/pt\/wp-json\/wp\/v2\/pages"}],"about":[{"href":"https:\/\/211md.org\/pt\/wp-json\/wp\/v2\/types\/page"}],"author":[{"embeddable":true,"href":"https:\/\/211md.org\/pt\/wp-json\/wp\/v2\/users\/8"}],"replies":[{"embeddable":true,"href":"https:\/\/211md.org\/pt\/wp-json\/wp\/v2\/comments?post=1695"}],"version-history":[{"count":11,"href":"https:\/\/211md.org\/pt\/wp-json\/wp\/v2\/pages\/1695\/revisions"}],"predecessor-version":[{"id":34087,"href":"https:\/\/211md.org\/pt\/wp-json\/wp\/v2\/pages\/1695\/revisions\/34087"}],"up":[{"embeddable":true,"href":"https:\/\/211md.org\/pt\/wp-json\/wp\/v2\/pages\/750"}],"wp:featuredmedia":[{"embeddable":true,"href":"https:\/\/211md.org\/pt\/wp-json\/wp\/v2\/media\/3897"}],"wp:attachment":[{"href":"https:\/\/211md.org\/pt\/wp-json\/wp\/v2\/media?parent=1695"}],"curies":[{"name":"wp","href":"https:\/\/api.w.org\/{rel}","templated":true}]}}