{"id":1696,"date":"2021-05-12T00:24:36","date_gmt":"2021-05-12T00:24:36","guid":{"rendered":"https:\/\/211md.org\/?page_id=1696"},"modified":"2026-03-20T16:48:27","modified_gmt":"2026-03-20T20:48:27","slug":"condado-de-anne-arundel","status":"publish","type":"page","link":"https:\/\/211md.org\/pt\/resources-by-county\/anne-arundel-county\/","title":{"rendered":"Condado de Anne Arundel"},"content":{"rendered":"<figure data-animation-delay=\"0\" data-animation-duration=\"1\" itemscope=\"\" itemtype=\"https:\/\/schema.org\/ImageObject\">\n\t\t\t\t<img decoding=\"async\" src=\"https:\/\/stg-maryland211-staging.kinsta.cloud\/wp-content\/uploads\/2025\/08\/5-1-scaled.png\" alt=\"5\" height=\"692\" width=\"2560\" title=\"5\" onerror=\"this.style.display='none'\" loading=\"lazy\">\n\t<\/figure>\n\t\t<p>We&#8217;re making it easy to find go-to community resources in Anne Arundel County.<\/p>\n<p>211&#8217;s guide to Anne Arundel County includes some of the most common resources for basic needs such as food and utility assistance.<\/p>\n<p>Or you can get started by searching for resources by ZIP code in 211&#8217;s Community Resource Database.<\/p>\n\t\t\t<a href=\"https:\/\/search.211md.org\/\" target=\"_blank\" rel=\"noopener\">\n\t\t\t\t\t\tSearch for resources nearby\n\t\t\t\t\t<\/a>\n<figure data-animation-delay=\"0\" data-animation-duration=\"1\" itemscope=\"\" itemtype=\"https:\/\/schema.org\/ImageObject\">\n\t\t\t\t<img decoding=\"async\" src=\"https:\/\/211md.org\/wp-content\/plugins\/bb-plugin\/img\/pixel.png\" alt=\"\" onerror=\"this.style.display='none'\" loading=\"lazy\">\n\t<\/figure>\n<figure data-animation-delay=\"0\" data-animation-duration=\"1.3\" itemscope=\"\" itemtype=\"https:\/\/schema.org\/ImageObject\">\n\t\t\t\t<img decoding=\"async\" src=\"https:\/\/stg-maryland211-staging.kinsta.cloud\/wp-content\/uploads\/2025\/08\/16.png\" alt=\"16\" height=\"1000\" width=\"1000\" title=\"16\" onerror=\"this.style.display='none'\" loading=\"lazy\">\n\t<\/figure>\n<figure itemscope=\"\" itemtype=\"https:\/\/schema.org\/ImageObject\">\n\t\t\t\t<img decoding=\"async\" src=\"https:\/\/211md.org\/wp-content\/uploads\/2022\/09\/free-food-box.jpg\" alt=\"caixa de comida gr\u00e1tis\" height=\"667\" width=\"1000\" title=\"caixa de comida gr\u00e1tis\" onerror=\"this.style.display='none'\" loading=\"lazy\">\n\t<\/figure>\n\t<h2>Procurar comida<\/h2>\n<p>No Condado de Anne Arundel, a Food Access Warm Line pode ajudar voc\u00ea a localizar despensas de alimentos e outros recursos alimentares. Voc\u00ea pode ligar para 410-222-FOOD (3663).<\/p>\n<p>You can also search our <a href=\"https:\/\/search.211md.org\/\" target=\"_blank\" rel=\"noopener\">Banco de dados de recursos da comunidade<\/a> by ZIP code or the <a href=\"https:\/\/aafoodbank.org\/pantry-map\/\" target=\"_blank\" rel=\"noopener\">Anne Arundel County Food Bank<\/a>.<\/p>\n<h3>Food and financial help<\/h3>\n<p>Serving People Across Neighborhoods (SPAN) is a community group helping individuals and families in a number of ways &#8211; through food and financial help.<\/p>\n<p>Call first to ensure you qualify for services. You can call 410-647-0089 between 10 a.m. and 1:30 p.m. Monday through Thursday. Hours may vary.<\/p>\n<p>Located in Severna Park, SPAN has two service areas. The primary area is the only one that helps with food.<\/p>\n<p>Residents in this primary area can also get financial assistance with prescriptions\/medical co-pays, utility turn-off notices, or eviction.<\/p>\n<p>The primary ZIP codes include:<\/p>\n<ul>\n<li aria-level=\"1\">21012 Arnaldo<\/li>\n<li aria-level=\"1\">21409 Broadneck<\/li>\n<li aria-level=\"1\">21108 Millersville<\/li>\n<li aria-level=\"1\">21146 Parque Severna<\/li>\n<\/ul>\n<p>Estas s\u00e3o as \u00fanicas \u00e1reas eleg\u00edveis para alimenta\u00e7\u00e3o. Voc\u00ea tem direito a receber alimenta\u00e7\u00e3o duas vezes no primeiro m\u00eas e, depois, uma vez por m\u00eas.<\/p>\n\t<h2>SPAN&#8217;s Other Anne Arundel Programs<\/h2>\n<p>SPAN also has a secondary service area that provides financial assistance only. Secondary areas are eligible for:<\/p>\n<ul>\n<li>utility turn-off notices<\/li>\n<li>despejo<\/li>\n<li>prescri\u00e7\u00f5es<\/li>\n<li>medical co-pays<\/li>\n<\/ul>\n<p>Benefits are offered once every 12 months for those who qualify, and the benefit is up to $200 a year.<\/p>\n<p>A \u00e1rea de servi\u00e7o secund\u00e1ria inclui:<\/p>\n<ul>\n<li aria-level=\"1\">20755 Forte Meade<\/li>\n<li aria-level=\"1\">21090 Linthicum<\/li>\n<li aria-level=\"1\">2114 Severn<\/li>\n<li aria-level=\"1\">21225 Parque do Brooklyn<\/li>\n<\/ul>\n<p>There are additional ZIP codes that may also qualify, but referrals are required from other agencies.<\/p>\n<p>With a referral from NCEON (410-255-3677), people in these ZIP codes may qualify:<\/p>\n<ul>\n<li>21122 Pasadena<\/li>\n<li aria-level=\"1\">21061 Glen Burnie<\/li>\n<\/ul>\n<p>For those living in these ZIP codes, a referral is required from Crofton Christian Caring Council (<a href=\"https:\/\/www.spanhelps.org\/need_help\" target=\"_blank\" rel=\"noopener\">O n\u00famero de telefone varia de acordo com o dia<\/a>)<\/p>\n<ul>\n<li aria-level=\"1\">21032 Crownsville<\/li>\n<li aria-level=\"1\">21054 Gambrills<\/li>\n<li aria-level=\"1\">21113 Odenton<\/li>\n<li aria-level=\"1\">21114 Crofton<\/li>\n<\/ul>\n<p><a href=\"https:\/\/www.spanhelps.org\/need_help\" target=\"_blank\" rel=\"noopener\">Obtenha ajuda do SPAN<\/a> ou ligue para 410-647-0889 para d\u00favidas sobre elegibilidade.<\/p>\n<figure data-animation-delay=\"0\" data-animation-duration=\"1\" itemscope=\"\" itemtype=\"https:\/\/schema.org\/ImageObject\">\n\t\t\t\t<img decoding=\"async\" src=\"http:\/\/211md.org\/wp-content\/uploads\/2022\/09\/Woman-holding-utility-bill-and-needing-help-paying-it.jpg\" alt=\"Mulher segurando conta de servi\u00e7os p\u00fablicos e somando custos\" title=\"Mulher segurando a conta de luz e precisando de ajuda para pag\u00e1-la\" onerror=\"this.style.display='none'\" loading=\"lazy\">\n\t<\/figure>\n\t<h2>Preven\u00e7\u00e3o de despejo<\/h2>\n<p>The Eviction Prevention Program (EPP) through the Arundel Community Development Services (ACDS) can help renters at the highest risk of eviction. There are limited funds available to those who qualify.<\/p>\n<p>It is not a long-term assistance program.<\/p>\n<p>The program helps those with an unexpected financial hardship that temporarily makes it difficult to pay rent, putting them at risk of imminent eviction and homelessness. <a href=\"https:\/\/acdsinc.org\/housing-resources\/renters\/acds-eviction-prevention-program\/\" target=\"_blank\" rel=\"noopener\">As inscri\u00e7\u00f5es s\u00e3o aceitas por ordem de chegada<\/a>.<\/p>\n<p>A ACDS tamb\u00e9m possui um programa para evitar que os propriet\u00e1rios percam suas casas. Voc\u00ea pode aprender mais sobre eles <a href=\"https:\/\/acdsinc.org\/housing-resources\/homeowners\/foreclosure-prevention\/\" target=\"_blank\" rel=\"noopener\">aconselhamento de preven\u00e7\u00e3o de encerramento<\/a>.<\/p>\n<h3>Laurel Habita\u00e7\u00e3o de Curto Prazo e Necessidades Essenciais<\/h3>\n<p>Enquanto n\u00e3o estiverem no Condado de Anne Arundel, os moradores podem usar o <a href=\"https:\/\/laurelmsc.org\/\" target=\"_blank\" rel=\"noopener\">Centro Multisservi\u00e7os da Cidade de Laurel Centro Diurno<\/a> para necessidades de moradia de curto prazo, suprimentos de higiene, chuveiros, alimentos e roupas. O Centro Multisservi\u00e7os tamb\u00e9m ajuda indiv\u00edduos a acessar servi\u00e7os de sa\u00fade e humanos que podem ajudar com necessidades essenciais. O Centro est\u00e1 dispon\u00edvel para moradores de Anne Arundel, mesmo estando localizado no Condado de Prince George.<\/p>\n<p>H\u00e1 transporte p\u00fablico dispon\u00edvel para o Centro Multisservi\u00e7os.<\/p>\n<h3>Housing And Utility Help from the Community Action Agency<\/h3>\n<p>o&nbsp;<a href=\"https:\/\/www.aaccaa.org\/\" target=\"_blank\" rel=\"noopener\">Ag\u00eancia de A\u00e7\u00e3o Comunit\u00e1ria (CAC) do Condado de Anne Arundel<\/a>&nbsp;fornece suporte aos residentes com renda eleg\u00edvel com contas de aquecimento e eletricidade e necessidades relacionadas \u00e0 moradia.<\/p>\n<p>A Ag\u00eancia de Ac\u00e7\u00e3o Comunit\u00e1ria&nbsp;<a href=\"https:\/\/www.aaccaa.org\/housing-assistance\" target=\"_blank\" rel=\"noopener\">programa habitacional<\/a>&nbsp;\u00e9 um recurso completo para assist\u00eancia de emerg\u00eancia ou outras necessidades que interrompam a vida independente. Eles incluem acesso a oficinas de alfabetiza\u00e7\u00e3o financeira e conselheiros habitacionais que podem ajudar a prevenir execu\u00e7\u00e3o duma hipoteca, despejo, repara\u00e7\u00e3o de cr\u00e9dito, auxiliar em programas de aquisi\u00e7\u00e3o de casa pr\u00f3pria pela primeira vez e ajudar com or\u00e7amentos.<\/p>\n<p>Se voc\u00ea precisar de ajuda para solicitar assist\u00eancia de servi\u00e7os p\u00fablicos, a ag\u00eancia pode ajudar os residentes a navegar pelos programas oferecidos pelo&nbsp;<a href=\"https:\/\/www.aaccaa.org\/energy-assistance\" target=\"_blank\" rel=\"noopener\">Escrit\u00f3rio de Programas de Energia Dom\u00e9stica de Maryland<\/a>&nbsp;(OHEP). You can call CAC at 410-626-1900 for help with program guidelines and applications for electric, gas or home heating bills.<\/p>\n<p>Learn more about income guidelines and how to fill out the application in <a href=\"https:\/\/211md.org\/pt\/recursos\/utilitario-assistencia\/\" target=\"_blank\" rel=\"noopener\">211&#8217;s Utility Assistance Guide<\/a>.<\/p>\n<p>O CAC tamb\u00e9m oferece servi\u00e7os e programas terap\u00eauticos, preventivos e educacionais para crian\u00e7as e jovens Anne Arundel, acesso ao Early Head Start Center; programas de sa\u00fade e bem-estar; e auxiliam os residentes que saem dos estabelecimentos prisionais e retornam \u00e0 comunidade.<\/p>\n<p>&nbsp;<\/p>\n\t\t<figure itemscope=\"\" itemtype=\"https:\/\/schema.org\/ImageObject\">\n\t\t\t\t<a href=\"https:\/\/search.211md.org\/\" target=\"_blank\" rel=\"noopener\" itemprop=\"url\">\n\t\t\t\t<img decoding=\"async\" src=\"https:\/\/stg-maryland211-staging.kinsta.cloud\/wp-content\/uploads\/2025\/08\/2025_MdInfoNet_Icon-Sets-white_Locate.png\" alt=\"\" onerror=\"this.style.display='none'\" loading=\"lazy\">\n\t\t\t\t<\/a>\n\t<\/figure>\n<h2><a href=\"https:\/\/search.211md.org\/\" target=\"_blank\" rel=\"noopener\">Encontre recursos agora<\/a><\/h2><p>Encontrar <strong>recursos da comunidade <\/strong>para alimenta\u00e7\u00e3o, sa\u00fade, moradia e muito mais em nosso banco de dados. Pesquise por CEP.<\/p>\n\t\t\t<a href=\"https:\/\/search.211md.org\/\" target=\"_blank\" rel=\"noopener\">\n\t\t\t\t\t\t\tProcure agora\n\t\t\t<\/a>\n\t\t<h4><a href=\"\/pt\/recursos\/envelhecimento-incapacidade\/?utm_source=Home&amp;utm_medium=Referral&amp;utm_campaign=211Resources&amp;utm_content=Aging\" target=\"_self\">Envelhecimento e Defici\u00eancia<\/a><\/h4><figure itemscope=\"\" itemtype=\"https:\/\/schema.org\/ImageObject\">\n\t\t\t\t<a href=\"\/pt\/recursos\/envelhecimento-incapacidade\/?utm_source=Home&amp;utm_medium=Referral&amp;utm_campaign=211Resources&amp;utm_content=Aging\" target=\"_self\" itemprop=\"url\">\n\t\t\t\t<img decoding=\"async\" src=\"https:\/\/211md.org\/wp-content\/uploads\/bb-plugin\/cache\/2025_MdInfoNet_Icon-Sets_Aging-disability-square-c466727102cae71e5f27b8539bb51945-.png\" alt=\"\" onerror=\"this.style.display='none'\" loading=\"lazy\">\n\t\t\t\t<\/a>\n\t<\/figure>\n\t\t<h4><a href=\"\/pt\/recursos\/criancas-familias\/?utm_source=Home&amp;utm_medium=Referral&amp;utm_campaign=211Resources&amp;utm_content=Children\" target=\"_self\">Crian\u00e7as e Fam\u00edlias<\/a><\/h4><figure itemscope=\"\" itemtype=\"https:\/\/schema.org\/ImageObject\">\n\t\t\t\t<a href=\"\/pt\/recursos\/criancas-familias\/?utm_source=Home&amp;utm_medium=Referral&amp;utm_campaign=211Resources&amp;utm_content=Children\" target=\"_self\" itemprop=\"url\">\n\t\t\t\t<img decoding=\"async\" src=\"https:\/\/211md.org\/wp-content\/uploads\/bb-plugin\/cache\/2025_211_Icon-Sets_Child-care-square-f3b0d4edab3dcc467fadb5f55f4064c6-.png\" alt=\"parent and child icon for child care\" height=\"417\" width=\"417\" title=\"2025_211_Conjuntos de \u00edcones_Cuidados infantis\" onerror=\"this.style.display='none'\" loading=\"lazy\">\n\t\t\t\t<\/a>\n\t<\/figure>\n\t\t<h4><a href=\"\/pt\/recursos\/violencia-domestica-familiar\/?utm_source=Home&amp;utm_medium=Referral&amp;utm_campaign=211Resources&amp;utm_content=Domestic\" target=\"_self\">Viol\u00eancia dom\u00e9stica<\/a><\/h4><figure itemscope=\"\" itemtype=\"https:\/\/schema.org\/ImageObject\">\n\t\t\t\t<a href=\"\/pt\/recursos\/violencia-domestica-familiar\/?utm_source=Home&amp;utm_medium=Referral&amp;utm_campaign=211Resources&amp;utm_content=Domestic\" target=\"_self\" itemprop=\"url\">\n\t\t\t\t<img decoding=\"async\" src=\"https:\/\/211md.org\/wp-content\/uploads\/bb-plugin\/cache\/2025_211_Icon-Sets_Domestic-Violence-square-7b597694a6f05fe90cdc376aa573bc63-.png\" alt=\"House with a heart in the middle icon\" height=\"417\" width=\"417\" title=\"2025_211_Conjuntos de \u00edcones_Viol\u00eancia dom\u00e9stica\" onerror=\"this.style.display='none'\" loading=\"lazy\">\n\t\t\t\t<\/a>\n\t<\/figure>\n\t\t<h4><a href=\"\/pt\/recursos\/procura-de-emprego\/?utm_source=Home&amp;utm_medium=Referral&amp;utm_campaign=211Resources&amp;utm_content=Employment\" target=\"_self\">Emprego<\/a><\/h4><figure itemscope=\"\" itemtype=\"https:\/\/schema.org\/ImageObject\">\n\t\t\t\t<a href=\"\/pt\/recursos\/procura-de-emprego\/?utm_source=Home&amp;utm_medium=Referral&amp;utm_campaign=211Resources&amp;utm_content=Employment\" target=\"_self\" itemprop=\"url\">\n\t\t\t\t<img decoding=\"async\" src=\"https:\/\/211md.org\/wp-content\/uploads\/bb-plugin\/cache\/2025_MdInfoNet_Icon-Sets_Employment-square-44707bd410e4df10a470bf130ebcea86-.png\" alt=\"\" onerror=\"this.style.display='none'\" loading=\"lazy\">\n\t\t\t\t<\/a>\n\t<\/figure>\n\t\t<h4><a href=\"\/pt\/recursos\/cuidados-de-saude\/?utm_source=Home&amp;utm_medium=Referral&amp;utm_campaign=211Resources&amp;utm_content=Health%20Care\" target=\"_self\">Cuidados de sa\u00fade<\/a><\/h4><figure itemscope=\"\" itemtype=\"https:\/\/schema.org\/ImageObject\">\n\t\t\t\t<a href=\"\/pt\/recursos\/cuidados-de-saude\/?utm_source=Home&amp;utm_medium=Referral&amp;utm_campaign=211Resources&amp;utm_content=Health%20Care\" target=\"_self\" itemprop=\"url\">\n\t\t\t\t<img decoding=\"async\" src=\"https:\/\/211md.org\/wp-content\/uploads\/bb-plugin\/cache\/2025_MdInfoNet_Icon-Sets_Health-Care-square-dee98a0060cbe0e7f27eda253fc12679-.png\" alt=\"\" onerror=\"this.style.display='none'\" loading=\"lazy\">\n\t\t\t\t<\/a>\n\t<\/figure>\n\t\t<h4><a href=\"\/pt\/recursos\/criancas-familias\/cuidados-de-parentesco\/?utm_source=Home&amp;utm_medium=Referral&amp;utm_campaign=211Resources&amp;utm_content=Kinship\" target=\"_self\">Parentesco<\/a><\/h4><figure itemscope=\"\" itemtype=\"https:\/\/schema.org\/ImageObject\">\n\t\t\t\t<a href=\"\/pt\/recursos\/criancas-familias\/cuidados-de-parentesco\/?utm_source=Home&amp;utm_medium=Referral&amp;utm_campaign=211Resources&amp;utm_content=Kinship\" target=\"_self\" itemprop=\"url\">\n\t\t\t\t<img decoding=\"async\" src=\"https:\/\/211md.org\/wp-content\/uploads\/bb-plugin\/cache\/2025_211_Icon-Sets_Kinship-square-45bdf872866f5735f842c32071109267-.png\" alt=\"\u00cdcone de parentesco\" height=\"417\" width=\"417\" title=\"2025_211_Conjuntos de \u00edcones_Parentesco\" onerror=\"this.style.display='none'\" loading=\"lazy\">\n\t\t\t\t<\/a>\n\t<\/figure>\n\t\t<h4><a href=\"\/pt\/recursos\/servicos-legais\/?utm_source=Home&amp;utm_medium=Referral&amp;utm_campaign=211Resources&amp;utm_content=Legal\" target=\"_self\">Servi\u00e7os legais<\/a><\/h4><figure itemscope=\"\" itemtype=\"https:\/\/schema.org\/ImageObject\">\n\t\t\t\t<a href=\"\/pt\/recursos\/servicos-legais\/?utm_source=Home&amp;utm_medium=Referral&amp;utm_campaign=211Resources&amp;utm_content=Legal\" target=\"_self\" itemprop=\"url\">\n\t\t\t\t<img decoding=\"async\" src=\"https:\/\/211md.org\/wp-content\/uploads\/bb-plugin\/cache\/2025_MdInfoNet_Icon-Sets_Legal-square-18fdf438feb8435588174d9046463257-.png\" alt=\"\" onerror=\"this.style.display='none'\" loading=\"lazy\">\n\t\t\t\t<\/a>\n\t<\/figure>\n\t\t<h4><a href=\"\/pt\/recursos\/saude-mental\/?utm_source=Home&amp;utm_medium=Referral&amp;utm_campaign=211Resources&amp;utm_content=Mental\" target=\"_self\">Sa\u00fade mental<\/a><\/h4><figure itemscope=\"\" itemtype=\"https:\/\/schema.org\/ImageObject\">\n\t\t\t\t<a href=\"\/pt\/recursos\/saude-mental\/?utm_source=Home&amp;utm_medium=Referral&amp;utm_campaign=211Resources&amp;utm_content=Mental\" target=\"_self\" itemprop=\"url\">\n\t\t\t\t<img decoding=\"async\" src=\"https:\/\/211md.org\/wp-content\/uploads\/bb-plugin\/cache\/2025_MdInfoNet_Icon-Sets_Mental-Health-square-c59b38c4a993a947d4c9280fbe2d2fee-.png\" alt=\"\" onerror=\"this.style.display='none'\" loading=\"lazy\">\n\t\t\t\t<\/a>\n\t<\/figure>\n\t\t<h4><a href=\"\/pt\/recursos\/mdreentry\/?utm_source=Home&amp;utm_medium=Referral&amp;utm_campaign=211Resources&amp;utm_content=Reentry\" target=\"_self\">Reentrada<\/a><\/h4><figure itemscope=\"\" itemtype=\"https:\/\/schema.org\/ImageObject\">\n\t\t\t\t<a href=\"\/pt\/recursos\/mdreentry\/?utm_source=Home&amp;utm_medium=Referral&amp;utm_campaign=211Resources&amp;utm_content=Reentry\" target=\"_self\" itemprop=\"url\">\n\t\t\t\t<img decoding=\"async\" src=\"https:\/\/211md.org\/wp-content\/uploads\/bb-plugin\/cache\/2025_211_Icon-Sets_Reentry-square-8676fea38abd920a832f45642fe31cca-.png\" alt=\"\u00cdcone de reentrada\" height=\"417\" width=\"417\" title=\"2025_211_Conjuntos de \u00edcones_Reentrada\" onerror=\"this.style.display='none'\" loading=\"lazy\">\n\t\t\t\t<\/a>\n\t<\/figure>\n\t\t<h4><a href=\"\/pt\/recursos\/uso-de-substancias\/?utm_source=Home&amp;utm_medium=Referral&amp;utm_campaign=211Resources&amp;utm_content=Substance\" target=\"_self\">Uso de subst\u00e2ncias<\/a><\/h4><figure itemscope=\"\" itemtype=\"https:\/\/schema.org\/ImageObject\">\n\t\t\t\t<a href=\"\/pt\/recursos\/uso-de-substancias\/?utm_source=Home&amp;utm_medium=Referral&amp;utm_campaign=211Resources&amp;utm_content=Substance\" target=\"_self\" itemprop=\"url\">\n\t\t\t\t<img decoding=\"async\" src=\"https:\/\/211md.org\/wp-content\/uploads\/bb-plugin\/cache\/2025_MdInfoNet_Icon-Sets_Substance-Abuse-square-4f414f085e657267739c181957754f48-.png\" alt=\"Pills for substance Use icon\" title=\"2025_MdInfoNet_Icon-Sets_Substance-Abuse\" onerror=\"this.style.display='none'\" loading=\"lazy\">\n\t\t\t\t<\/a>\n\t<\/figure>\n\t\t<h4><a href=\"\/pt\/recursos\/servicos-fiscais\/\" target=\"_self\">Impostos<\/a><\/h4><figure itemscope=\"\" itemtype=\"https:\/\/schema.org\/ImageObject\">\n\t\t\t\t<a href=\"\/pt\/recursos\/servicos-fiscais\/\" target=\"_self\" itemprop=\"url\">\n\t\t\t\t<img decoding=\"async\" src=\"https:\/\/211md.org\/wp-content\/uploads\/bb-plugin\/cache\/2025_MdInfoNet_Icon-Sets_Taxes-square-e2aa520919327b1fa037ee92d1164ad1-.png\" alt=\"Piece of paper for blue tax icon\" height=\"417\" width=\"417\" title=\"2025_MdInfoNet_Icon-Sets_Taxes\" onerror=\"this.style.display='none'\" loading=\"lazy\">\n\t\t\t\t<\/a>\n\t<\/figure>\n\t\t<h4><a href=\"\/pt\/recursos\/veteranos\/?utm_source=Home&amp;utm_medium=Referral&amp;utm_campaign=211Resources&amp;utm_content=Veterans\" target=\"_self\">veteranos<\/a><\/h4><figure itemscope=\"\" itemtype=\"https:\/\/schema.org\/ImageObject\">\n\t\t\t\t<a href=\"\/pt\/recursos\/veteranos\/?utm_source=Home&amp;utm_medium=Referral&amp;utm_campaign=211Resources&amp;utm_content=Veterans\" target=\"_self\" itemprop=\"url\">\n\t\t\t\t<img decoding=\"async\" src=\"https:\/\/211md.org\/wp-content\/uploads\/bb-plugin\/cache\/2025_MdInfoNet_Icon-Sets_Rating-square-6e60d00cce4faa8e0a6d4ad7366aa733-.png\" alt=\"\" onerror=\"this.style.display='none'\" loading=\"lazy\">\n\t\t\t\t<\/a>\n\t<\/figure>","protected":false},"excerpt":{"rendered":"<p>We&#8217;re making it easy to find go-to community resources in Anne Arundel County. 211&#8217;s guide to Anne Arundel County includes some of the most common resources for basic needs such as food and utility assistance. Or you can get started by searching for resources by ZIP code in 211&#8217;s Community Resource Database. Search for resources&hellip;<\/p>","protected":false},"author":8,"featured_media":0,"parent":750,"menu_order":0,"comment_status":"closed","ping_status":"closed","template":"","meta":{"footnotes":""},"class_list":["post-1696","page","type-page","status-publish","hentry"],"_links":{"self":[{"href":"https:\/\/211md.org\/pt\/wp-json\/wp\/v2\/pages\/1696","targetHints":{"allow":["GET"]}}],"collection":[{"href":"https:\/\/211md.org\/pt\/wp-json\/wp\/v2\/pages"}],"about":[{"href":"https:\/\/211md.org\/pt\/wp-json\/wp\/v2\/types\/page"}],"author":[{"embeddable":true,"href":"https:\/\/211md.org\/pt\/wp-json\/wp\/v2\/users\/8"}],"replies":[{"embeddable":true,"href":"https:\/\/211md.org\/pt\/wp-json\/wp\/v2\/comments?post=1696"}],"version-history":[{"count":7,"href":"https:\/\/211md.org\/pt\/wp-json\/wp\/v2\/pages\/1696\/revisions"}],"predecessor-version":[{"id":34426,"href":"https:\/\/211md.org\/pt\/wp-json\/wp\/v2\/pages\/1696\/revisions\/34426"}],"up":[{"embeddable":true,"href":"https:\/\/211md.org\/pt\/wp-json\/wp\/v2\/pages\/750"}],"wp:attachment":[{"href":"https:\/\/211md.org\/pt\/wp-json\/wp\/v2\/media?parent=1696"}],"curies":[{"name":"wp","href":"https:\/\/api.w.org\/{rel}","templated":true}]}}