{"id":1697,"date":"2021-05-12T00:24:44","date_gmt":"2021-05-12T00:24:44","guid":{"rendered":"https:\/\/211md.org\/?page_id=1697"},"modified":"2026-01-08T09:09:33","modified_gmt":"2026-01-08T14:09:33","slug":"condado-de-howard","status":"publish","type":"page","link":"https:\/\/211md.org\/pt\/resources-by-county\/howard-county\/","title":{"rendered":"Condado de Howard"},"content":{"rendered":"<img decoding=\"async\" src=\"https:\/\/stg-maryland211-staging.kinsta.cloud\/wp-content\/uploads\/2025\/08\/5-1-scaled.png\" alt=\"5\" itemprop=\"image\" height=\"692\" width=\"2560\" title=\"5\" onerror=\"this.style.display='none'\" loading=\"lazy\" \/>\n\t\t<p>211 has you covered whether you live in Columbia, North Laurel, Elkridge, Fulton, Savage, Ellicott City, Woodlawn, Catonsville, MacGills, Clarksville, or another area of Howard County. Find top community resources for Howard County.<\/p>\n\t\t\t<a href=\"#start\" target=\"_self\">\n\t\t\t\t\t\tCome\u00e7ar\n\t\t\t\t\t<\/a>\n\t\t\t\t<img decoding=\"async\" src=\"https:\/\/211md.org\/wp-content\/plugins\/bb-plugin\/img\/pixel.png\" alt=\"\" itemprop=\"image\" onerror=\"this.style.display='none'\" loading=\"lazy\" \/>\n\t\t\t\t<img decoding=\"async\" src=\"https:\/\/stg-maryland211-staging.kinsta.cloud\/wp-content\/uploads\/2025\/08\/16.png\" alt=\"16\" itemprop=\"image\" height=\"1000\" width=\"1000\" title=\"16\" onerror=\"this.style.display='none'\" loading=\"lazy\" \/>\n\t<iframe src=\"https:\/\/www.google.com\/maps\/embed\/v1\/place?q=9385+Gerwig+Lane%2C+Suite+J+%0AColumbia%2C+Maryland+21046&#038;key=AIzaSyD09zQ9PNDNNy9TadMuzRV_UsPUoWKntt8\" aria-hidden=\"true\" title=\"Banco de alimentos do Condado de Howard\"><\/iframe>\n\t<h2><b>Banco de alimentos do Condado de Howard<\/b><\/h2>\n<p>Do you need food? The Howard County Food Bank located at 9385 Gerwig Lane, Suite J in Columbia, Maryland offers a grocery store layout where eligible individuals and families can choose the foods they&#8217;d like.<\/p>\n<p>Selection includes:<\/p>\n<ul>\n<li>fresh produce<\/li>\n<li>dairy<\/li>\n<li>breads<\/li>\n<li>baked goods<\/li>\n<li>frozen meat<\/li>\n<li>boxed food<\/li>\n<li>fraldas<\/li>\n<li>wipes<\/li>\n<li>comida de beb\u00ea<\/li>\n<li>formula<\/li>\n<\/ul>\n<p>Shopping hours are Tuesday through Saturday. Walk-ins are welcome during the week, and it&#8217;s by appointment only on Saturday. Hours vary, so <a href=\"https:\/\/cac-hc.org\/food-assistance\/\" target=\"_blank\" rel=\"noopener\">verifique os hor\u00e1rios<\/a> para cada dia.<\/p>\n<p>Voc\u00ea pode fazer compras duas vezes por m\u00eas, mas deve fornecer documenta\u00e7\u00e3o para atender aos requisitos de elegibilidade antes de poder receber ajuda do Banco de Alimentos. Voc\u00ea pode aprender sobre os requisitos de elegibilidade e <a href=\"https:\/\/cac-hc.org\/food-assistance\/\" target=\"_blank\" rel=\"noopener\">inscreva-se aqui<\/a>.<\/p>\n<h3>Outros recursos alimentares<\/h3>\n<p>To find other food pantries and resources in Howard County, dial 211 or search our database.<\/p>\n<p>You can also use the <a href=\"https:\/\/www.hclhic.org\/foodmap\" target=\"_blank\" rel=\"noopener\">Mapa de conex\u00e3o alimentar do Condado de Howard<\/a>, which includes transportation routes.<\/p>\n<p>&nbsp;<\/p>\n<p>&nbsp;<\/p>\n\t<h2>Recursos alimentares populares<\/h2>\n<p>Pesquise no Banco de Dados de Recursos Comunit\u00e1rios por organiza\u00e7\u00f5es pr\u00f3ximas que possam ajudar com alimentos. Estas s\u00e3o buscas comuns para come\u00e7ar. Clique no bot\u00e3o abaixo que corresponde \u00e0 sua necessidade e, na p\u00e1gina de resultados, insira um CEP para encontrar locais pr\u00f3ximos.<\/p>\n\t\t\t<a href=\"https:\/\/search.211md.org\/search?query=BD-1800.2250&#038;query_label=Food+vouchers&#038;query_type=taxonomy&#038;utm_source=211&#038;utm_medium=Referral&#038;utm_campaign=Foodlink&#038;utm_content=Food%20Vouchers\" target=\"_blank\" rel=\"noopener\">\n\t\t\t\t\t\tvale alimenta\u00e7\u00e3o\n\t\t\t\t\t<\/a>\n\t\t\t<a href=\"https:\/\/search.211md.org\/search?query=Food+Banks+%26+Pantries&#038;query_label=Food+Banks+%26+Pantries&#038;query_type=taxonomy\" target=\"_blank\" rel=\"noopener\">\n\t\t\t\t\t\tBanco Alimentar\n\t\t\t\t\t<\/a>\n\t\t\t<a href=\"https:\/\/search.211md.org\/search?query=BD-1800.2250&#038;query_type=taxonomy&#038;query_label=&#038;utm_source=&#038;utm_medium=Referral&#038;utm_campaign=Foodlink&#038;utm_content=Fresh%20Food\" target=\"_blank\" rel=\"noopener\">\n\t\t\t\t\t\tComida fresca\n\t\t\t\t\t<\/a>\n\t\t\t<a href=\"https:\/\/search.211md.org\/search?query=BD-1800.8200-250&#038;query_label=Formula%2FBaby+Food&#038;query_type=taxonomy&#038;utm_source=&#038;utm_medium=Referral&#038;utm_campaign=Foodlink&#038;utm_content=Baby%20Formula\" target=\"_blank\" rel=\"noopener\">\n\t\t\t\t\t\tF\u00f3rmula\/comida para beb\u00ea\n\t\t\t\t\t<\/a>\n\t\t\t<a href=\"https:\/\/search.211md.org\/search?query=BD-2400.2590&#038;query_type=taxonomy&#038;query_label=&#038;utm_source=&#038;utm_medium=Referral&#038;utm_campaign=Foodlink&#038;utm_content=Grocery%20Delivery\" target=\"_blank\" rel=\"noopener\">\n\t\t\t\t\t\tEntrega de compras\n\t\t\t\t\t<\/a>\n\t\t\t<a href=\"https:\/\/search.211md.org\/search?query=food+pantry&#038;query_label=food+pantry&#038;query_type=text\" target=\"_blank\" rel=\"noopener\">\n\t\t\t\t\t\tDespensa\n\t\t\t\t\t<\/a>\n<h2>Habita\u00e7\u00e3o do Condado de Howard<\/h2>\n<p>Se precisar de ajuda com moradia, o <a href=\"https:\/\/cac-hc.org\/housing-assistance\/\" target=\"_blank\" rel=\"noopener\">Conselho de A\u00e7\u00e3o Comunit\u00e1ria (CAC) do Condado de Howard<\/a> fornece subs\u00eddios para:<\/p>\n<ul>\n<li>evitar despejo<\/li>\n<li>ajuda para pagar o primeiro m\u00eas de aluguel ou um m\u00eas de atraso<\/li>\n<li>outras necessidades de habita\u00e7\u00e3o de emerg\u00eancia<\/li>\n<\/ul>\n<p>O financiamento \u00e9 muito limitado, ent\u00e3o voc\u00ea deve atender a todos os requisitos do programa. Voc\u00ea pode <a href=\"https:\/\/cac-hc.org\/housing-assistance\/\" target=\"_blank\" rel=\"noopener\">responder uma s\u00e9rie de perguntas<\/a> para ver se voc\u00ea pode ser eleg\u00edvel. Devido a fundos limitados, voc\u00ea precisa enviar toda a documenta\u00e7\u00e3o espec\u00edfica do programa para iniciar o processo.<\/p>\n<h3>Centro Laurel Day<\/h3>\n<p>Embora n\u00e3o estejam no Condado de Howard, os residentes t\u00eam direito a acessar os servi\u00e7os do <a href=\"https:\/\/laurelmsc.org\/\" target=\"_blank\" rel=\"noopener\">Centro Multisservi\u00e7os da Cidade de Laurel<\/a>H\u00e1 um Centro Diurno que atende necessidades b\u00e1sicas para prevenir a falta de moradia e apoiar pessoas em transi\u00e7\u00e3o de vida. Chuveiros, produtos de higiene, roupas e alimentos est\u00e3o dispon\u00edveis, al\u00e9m de conex\u00f5es com outros recursos da comunidade.<\/p>\n<p>&nbsp;<\/p>\n<h2><b>Contas de servi\u00e7os p\u00fablicos<\/b><\/h2>\n<p>Se sua conta de servi\u00e7os p\u00fablicos estiver vencida, voc\u00ea pode se qualificar para assist\u00eancia de servi\u00e7os p\u00fablicos do Office of Home Energy Programs (OHEP). <a href=\"https:\/\/211md.org\/pt\/recursos\/utilitario-assistencia\/\">Aprender<\/a> sobre diretrizes de renda, os tipos de subs\u00eddios de assist\u00eancia de servi\u00e7os p\u00fablicos dispon\u00edveis para residentes do Condado de Howard e como preencher o requerimento.<\/p>\n<p>Se precisar de ajuda com o aplicativo, voc\u00ea pode <a href=\"https:\/\/cac-hc.org\/energy-assistance\/\" target=\"_blank\" rel=\"noopener\">entre em contato com o Conselho de A\u00e7\u00e3o Comunit\u00e1ria<\/a> na Col\u00f4mbia.<\/p>\n<p>&nbsp;<\/p>\n<h2><b>Sa\u00fade mental<\/b><\/h2>\n<p>Existem v\u00e1rias organiza\u00e7\u00f5es no Condado de Howard que oferecem ajuda em sa\u00fade mental, incluindo <strong><a href=\"https:\/\/grassrootscrisis.org\/services\/crisis-intervention\/\" target=\"_blank\" rel=\"noopener\">Interven\u00e7\u00e3o de crise de base<\/a><\/strong><strong>.<\/strong> Eles t\u00eam um programa de aconselhamento gratuito para qualquer pessoa que precise de apoio imediato ou interven\u00e7\u00e3o em crises de sa\u00fade mental, crise pessoal, situacional ou familiar.<\/p>\n<p>Eles tamb\u00e9m examinam transtornos por uso de subst\u00e2ncias no local Columbia Grassroots.<\/p>\n<p>Voc\u00ea tamb\u00e9m pode entrar em contato com um conselheiro de crise ligando ou enviando uma mensagem de texto para 988.<\/p>\n<p>Se voc\u00ea precisar de um provedor de sa\u00fade comportamental, <a href=\"https:\/\/search.988.mdinfonet.org\/\" target=\"_blank\" rel=\"noopener\">procure um provedor<\/a>.<\/p>\n<p>&nbsp;<\/p>\n\t\t<h4><a href=\"\/pt\/recursos\/envelhecimento-incapacidade\/?utm_source=Home&#038;utm_medium=Referral&#038;utm_campaign=211Resources&#038;utm_content=Aging\" target=\"_self\">Envelhecimento e Defici\u00eancia<\/a><\/h4>\n\t\t\t\t<a href=\"\/pt\/recursos\/envelhecimento-incapacidade\/?utm_source=Home&#038;utm_medium=Referral&#038;utm_campaign=211Resources&#038;utm_content=Aging\"  target=\"_self\" itemprop=\"url\">\n\t\t\t\t<img decoding=\"async\" src=\"https:\/\/211md.org\/wp-content\/uploads\/bb-plugin\/cache\/2025_MdInfoNet_Icon-Sets_Aging-disability-square-c466727102cae71e5f27b8539bb51945-.png\" alt=\"\" itemprop=\"image\" onerror=\"this.style.display='none'\" loading=\"lazy\" \/>\n\t\t\t\t<\/a>\n\t\t<h4><a href=\"\/pt\/recursos\/criancas-familias\/?utm_source=Home&#038;utm_medium=Referral&#038;utm_campaign=211Resources&#038;utm_content=Children\" target=\"_self\">Crian\u00e7as e Fam\u00edlias<\/a><\/h4>\n\t\t\t\t<a href=\"\/pt\/recursos\/criancas-familias\/?utm_source=Home&#038;utm_medium=Referral&#038;utm_campaign=211Resources&#038;utm_content=Children\"  target=\"_self\" itemprop=\"url\">\n\t\t\t\t<img decoding=\"async\" src=\"https:\/\/211md.org\/wp-content\/uploads\/bb-plugin\/cache\/2025_211_Icon-Sets_Child-care-square-f3b0d4edab3dcc467fadb5f55f4064c6-.png\" alt=\"parent and child icon for child care\" itemprop=\"image\" height=\"417\" width=\"417\" title=\"2025_211_Conjuntos de \u00edcones_Cuidados infantis\" onerror=\"this.style.display='none'\" loading=\"lazy\" \/>\n\t\t\t\t<\/a>\n\t\t<h4><a href=\"\/pt\/recursos\/violencia-domestica-familiar\/?utm_source=Home&#038;utm_medium=Referral&#038;utm_campaign=211Resources&#038;utm_content=Domestic\" target=\"_self\">Viol\u00eancia dom\u00e9stica<\/a><\/h4>\n\t\t\t\t<a href=\"\/pt\/recursos\/violencia-domestica-familiar\/?utm_source=Home&#038;utm_medium=Referral&#038;utm_campaign=211Resources&#038;utm_content=Domestic\"  target=\"_self\" itemprop=\"url\">\n\t\t\t\t<img decoding=\"async\" src=\"https:\/\/211md.org\/wp-content\/uploads\/bb-plugin\/cache\/2025_211_Icon-Sets_Domestic-Violence-square-7b597694a6f05fe90cdc376aa573bc63-.png\" alt=\"House with a heart in the middle icon\" itemprop=\"image\" height=\"417\" width=\"417\" title=\"2025_211_Conjuntos de \u00edcones_Viol\u00eancia dom\u00e9stica\" onerror=\"this.style.display='none'\" loading=\"lazy\" \/>\n\t\t\t\t<\/a>\n\t\t<h4><a href=\"\/pt\/recursos\/procura-de-emprego\/?utm_source=Home&#038;utm_medium=Referral&#038;utm_campaign=211Resources&#038;utm_content=Employment\" target=\"_self\">Emprego<\/a><\/h4>\n\t\t\t\t<a href=\"\/pt\/recursos\/procura-de-emprego\/?utm_source=Home&#038;utm_medium=Referral&#038;utm_campaign=211Resources&#038;utm_content=Employment\"  target=\"_self\" itemprop=\"url\">\n\t\t\t\t<img decoding=\"async\" src=\"https:\/\/211md.org\/wp-content\/uploads\/bb-plugin\/cache\/2025_MdInfoNet_Icon-Sets_Employment-square-44707bd410e4df10a470bf130ebcea86-.png\" alt=\"\" itemprop=\"image\" onerror=\"this.style.display='none'\" loading=\"lazy\" \/>\n\t\t\t\t<\/a>\n\t\t<h4><a href=\"\/pt\/recursos\/cuidados-de-saude\/?utm_source=Home&#038;utm_medium=Referral&#038;utm_campaign=211Resources&#038;utm_content=Health%20Care\" target=\"_self\">Cuidados de sa\u00fade<\/a><\/h4>\n\t\t\t\t<a href=\"\/pt\/recursos\/cuidados-de-saude\/?utm_source=Home&#038;utm_medium=Referral&#038;utm_campaign=211Resources&#038;utm_content=Health%20Care\"  target=\"_self\" itemprop=\"url\">\n\t\t\t\t<img decoding=\"async\" src=\"https:\/\/211md.org\/wp-content\/uploads\/bb-plugin\/cache\/2025_MdInfoNet_Icon-Sets_Health-Care-square-dee98a0060cbe0e7f27eda253fc12679-.png\" alt=\"\" itemprop=\"image\" onerror=\"this.style.display='none'\" loading=\"lazy\" \/>\n\t\t\t\t<\/a>\n\t\t<h4><a href=\"\/pt\/recursos\/criancas-familias\/cuidados-de-parentesco\/?utm_source=Home&#038;utm_medium=Referral&#038;utm_campaign=211Resources&#038;utm_content=Kinship\" target=\"_self\">Parentesco<\/a><\/h4>\n\t\t\t\t<a href=\"\/pt\/recursos\/criancas-familias\/cuidados-de-parentesco\/?utm_source=Home&#038;utm_medium=Referral&#038;utm_campaign=211Resources&#038;utm_content=Kinship\"  target=\"_self\" itemprop=\"url\">\n\t\t\t\t<img decoding=\"async\" src=\"https:\/\/211md.org\/wp-content\/uploads\/bb-plugin\/cache\/2025_211_Icon-Sets_Kinship-square-45bdf872866f5735f842c32071109267-.png\" alt=\"\u00cdcone de parentesco\" itemprop=\"image\" height=\"417\" width=\"417\" title=\"2025_211_Conjuntos de \u00edcones_Parentesco\" onerror=\"this.style.display='none'\" loading=\"lazy\" \/>\n\t\t\t\t<\/a>\n\t\t<h4><a href=\"\/pt\/recursos\/servicos-legais\/?utm_source=Home&#038;utm_medium=Referral&#038;utm_campaign=211Resources&#038;utm_content=Legal\" target=\"_self\">Servi\u00e7os legais<\/a><\/h4>\n\t\t\t\t<a href=\"\/pt\/recursos\/servicos-legais\/?utm_source=Home&#038;utm_medium=Referral&#038;utm_campaign=211Resources&#038;utm_content=Legal\"  target=\"_self\" itemprop=\"url\">\n\t\t\t\t<img decoding=\"async\" src=\"https:\/\/211md.org\/wp-content\/uploads\/bb-plugin\/cache\/2025_MdInfoNet_Icon-Sets_Legal-square-18fdf438feb8435588174d9046463257-.png\" alt=\"\" itemprop=\"image\" onerror=\"this.style.display='none'\" loading=\"lazy\" \/>\n\t\t\t\t<\/a>\n\t\t<h4><a href=\"\/pt\/recursos\/saude-mental\/?utm_source=Home&#038;utm_medium=Referral&#038;utm_campaign=211Resources&#038;utm_content=Mental\" target=\"_self\">Sa\u00fade mental<\/a><\/h4>\n\t\t\t\t<a href=\"\/pt\/recursos\/saude-mental\/?utm_source=Home&#038;utm_medium=Referral&#038;utm_campaign=211Resources&#038;utm_content=Mental\"  target=\"_self\" itemprop=\"url\">\n\t\t\t\t<img decoding=\"async\" src=\"https:\/\/211md.org\/wp-content\/uploads\/bb-plugin\/cache\/2025_MdInfoNet_Icon-Sets_Mental-Health-square-c59b38c4a993a947d4c9280fbe2d2fee-.png\" alt=\"\" itemprop=\"image\" onerror=\"this.style.display='none'\" loading=\"lazy\" \/>\n\t\t\t\t<\/a>\n\t\t<h4><a href=\"\/pt\/recursos\/mdreentry\/?utm_source=Home&#038;utm_medium=Referral&#038;utm_campaign=211Resources&#038;utm_content=Reentry\" target=\"_self\">Reentrada<\/a><\/h4>\n\t\t\t\t<a href=\"\/pt\/recursos\/mdreentry\/?utm_source=Home&#038;utm_medium=Referral&#038;utm_campaign=211Resources&#038;utm_content=Reentry\"  target=\"_self\" itemprop=\"url\">\n\t\t\t\t<img decoding=\"async\" src=\"https:\/\/211md.org\/wp-content\/uploads\/bb-plugin\/cache\/2025_211_Icon-Sets_Reentry-square-8676fea38abd920a832f45642fe31cca-.png\" alt=\"\u00cdcone de reentrada\" itemprop=\"image\" height=\"417\" width=\"417\" title=\"2025_211_Conjuntos de \u00edcones_Reentrada\" onerror=\"this.style.display='none'\" loading=\"lazy\" \/>\n\t\t\t\t<\/a>\n\t\t<h4><a href=\"\/pt\/recursos\/uso-de-substancias\/?utm_source=Home&#038;utm_medium=Referral&#038;utm_campaign=211Resources&#038;utm_content=Substance\" target=\"_self\">Uso de subst\u00e2ncias<\/a><\/h4>\n\t\t\t\t<a href=\"\/pt\/recursos\/uso-de-substancias\/?utm_source=Home&#038;utm_medium=Referral&#038;utm_campaign=211Resources&#038;utm_content=Substance\"  target=\"_self\" itemprop=\"url\">\n\t\t\t\t<img decoding=\"async\" src=\"https:\/\/211md.org\/wp-content\/uploads\/bb-plugin\/cache\/2025_MdInfoNet_Icon-Sets_Substance-Abuse-square-9022fec9d18a64118ad685c101885b55-.png\" alt=\"\" itemprop=\"image\" onerror=\"this.style.display='none'\" loading=\"lazy\" \/>\n\t\t\t\t<\/a>\n\t\t<h4><a href=\"\/pt\/recursos\/veteranos\/?utm_source=Home&#038;utm_medium=Referral&#038;utm_campaign=211Resources&#038;utm_content=Veterans\" target=\"_self\">veteranos<\/a><\/h4>\n\t\t\t\t<a href=\"\/pt\/recursos\/veteranos\/?utm_source=Home&#038;utm_medium=Referral&#038;utm_campaign=211Resources&#038;utm_content=Veterans\"  target=\"_self\" itemprop=\"url\">\n\t\t\t\t<img decoding=\"async\" src=\"https:\/\/211md.org\/wp-content\/uploads\/bb-plugin\/cache\/2025_MdInfoNet_Icon-Sets_Rating-square-6e60d00cce4faa8e0a6d4ad7366aa733-.png\" alt=\"\" itemprop=\"image\" onerror=\"this.style.display='none'\" loading=\"lazy\" \/>\n\t\t\t\t<\/a>","protected":false},"excerpt":{"rendered":"<p>211 has you covered whether you live in Columbia, North Laurel, Elkridge, Fulton, Savage, Ellicott City, Woodlawn, Catonsville, MacGills, Clarksville, or another area of Howard County. Find top community resources for Howard County. Get Started Howard County Food Bank Do you need food? The Howard County Food Bank located at 9385 Gerwig Lane, Suite J&hellip;<\/p>","protected":false},"author":8,"featured_media":0,"parent":750,"menu_order":0,"comment_status":"closed","ping_status":"closed","template":"","meta":{"footnotes":""},"class_list":["post-1697","page","type-page","status-publish","hentry"],"_links":{"self":[{"href":"https:\/\/211md.org\/pt\/wp-json\/wp\/v2\/pages\/1697","targetHints":{"allow":["GET"]}}],"collection":[{"href":"https:\/\/211md.org\/pt\/wp-json\/wp\/v2\/pages"}],"about":[{"href":"https:\/\/211md.org\/pt\/wp-json\/wp\/v2\/types\/page"}],"author":[{"embeddable":true,"href":"https:\/\/211md.org\/pt\/wp-json\/wp\/v2\/users\/8"}],"replies":[{"embeddable":true,"href":"https:\/\/211md.org\/pt\/wp-json\/wp\/v2\/comments?post=1697"}],"version-history":[{"count":5,"href":"https:\/\/211md.org\/pt\/wp-json\/wp\/v2\/pages\/1697\/revisions"}],"predecessor-version":[{"id":34183,"href":"https:\/\/211md.org\/pt\/wp-json\/wp\/v2\/pages\/1697\/revisions\/34183"}],"up":[{"embeddable":true,"href":"https:\/\/211md.org\/pt\/wp-json\/wp\/v2\/pages\/750"}],"wp:attachment":[{"href":"https:\/\/211md.org\/pt\/wp-json\/wp\/v2\/media?parent=1697"}],"curies":[{"name":"wp","href":"https:\/\/api.w.org\/{rel}","templated":true}]}}