{"id":1698,"date":"2021-05-12T00:24:53","date_gmt":"2021-05-12T00:24:53","guid":{"rendered":"https:\/\/211md.org\/?page_id=1698"},"modified":"2025-10-29T06:59:26","modified_gmt":"2025-10-29T10:59:26","slug":"condado-de-cecil","status":"publish","type":"page","link":"https:\/\/211md.org\/pt\/resources-by-county\/cecil-county\/","title":{"rendered":"Condado de Cecil"},"content":{"rendered":"<h2><a href=\"https:\/\/search.211md.org\/\" target=\"_blank\"  rel=\"noopener\">Encontre recursos perto de mim<\/a><\/h2>\n\t\t\t<a href=\"https:\/\/search.211md.org\/\" target=\"_blank\" rel=\"noopener\">\n\t\t\t\t\t\t\tProcure agora\n\t\t\t<\/a>\n\t<p><strong><a href=\"\/pt\/juntar-nosso-banco-de-dados\/\">Adicione sua ag\u00eancia ou organiza\u00e7\u00e3o ao nosso banco de dados de recursos.<\/a><\/strong><\/p>\n\t<p>Voc\u00ea est\u00e1 procurando ajuda para pagar suas contas? 211 pode ajud\u00e1-lo a encontrar recursos no Condado de Cecil para servi\u00e7os p\u00fablicos, alimenta\u00e7\u00e3o, habita\u00e7\u00e3o e muito mais.<\/p>\n<p>Voc\u00ea pode encontrar ajuda:<\/p>\n<ol>\n<li><a href=\"https:\/\/search.211md.org\/\" target=\"_blank\" rel=\"noopener\">Pesquisando no banco de dados 211<\/a>.<\/li>\n<li>Ligar para uma ag\u00eancia listada abaixo.<\/li>\n<li>Ligue para 211 para falar com um especialista em informa\u00e7\u00f5es e encaminhamentos que pode encontrar o melhor recurso para sua situa\u00e7\u00e3o.<\/li>\n<\/ol>\n<p>211 oferece ajuda 24 horas por dia, 7 dias por semana, 365 dias por ano.<\/p>\n\t\t<h2>\t\n\tDisque 211<\/h2><p>Conecte-se aos recursos da comunidade e suporte 24 horas por dia, 7 dias por semana, 365 dias por ano.<\/p>\n<p>&nbsp;<\/p>\n<h2>Procurar comida<\/h2>\n<p>Se precisar de ajuda com comida, o\u00a0<a href=\"https:\/\/search.211md.org\/search\/f1739f03a3f803f384052723112e26cc\" target=\"_blank\" rel=\"noopener\">Extens\u00e3o Imaculada Concei\u00e7\u00e3o<\/a>\u00a0pode ser um recurso para voc\u00ea. 211 Especialistas em informa\u00e7\u00f5es e refer\u00eancias encaminham os residentes do condado de Cecil \u00e0 despensa de Elkton para obter alimentos perec\u00edveis e n\u00e3o perec\u00edveis.<\/p>\n<p>Em Elkton, o\u00a0<a href=\"https:\/\/www.cecilhelp4u.com\/Help-Center.html\" target=\"_blank\" rel=\"noopener\">Centro de Ajuda do Condado de Cecil<\/a>\u00a0tamb\u00e9m oferece programas de assist\u00eancia emergencial aos moradores, como alimenta\u00e7\u00e3o e roupas. A organiza\u00e7\u00e3o sem fins lucrativos faz parte da Divis\u00e3o de Servi\u00e7os Humanos do Departamento de Servi\u00e7os Comunit\u00e1rios do Condado de Cecil.<\/p>\n<p>Uma entrevista pode ser necess\u00e1ria para assist\u00eancia alimentar. Ligue para 410-996-0260 para entrar em contato com a Central de Ajuda do Condado de Cecil.<\/p>\n<p>&nbsp;<\/p>\n<h2>Apoio \u00e0 sa\u00fade mental e ao uso indevido de subst\u00e2ncias<\/h2>\n<p>Voc\u00ea est\u00e1 procurando aconselhamento ou tratamento, apoio \u00e0 recupera\u00e7\u00e3o, desintoxica\u00e7\u00e3o, m\u00e9dicos certificados pela Suboxone, apoio a veteranos, recupera\u00e7\u00e3o da dor, apoio ao luto ou tratamento de depend\u00eancia?<\/p>\n<p>o\u00a0<a href=\"https:\/\/www.ccgov.org\/home\/showpublisheddocument?id=21957\" target=\"_blank\" rel=\"noopener\">Centro de Recupera\u00e7\u00e3o de \u00c1lcool e Drogas do Departamento de Sa\u00fade do Condado de Cecil<\/a> (ADRC) tem um guia completo de recursos na comunidade para apoiar sua recupera\u00e7\u00e3o e bem-estar. Voc\u00ea pode encontrar provedores de apoio \u00e0 sa\u00fade mental e ao uso de subst\u00e2ncias:<\/p>\n<ul>\n<li>aconselhamento<\/li>\n<li>tratamento de depend\u00eancia<\/li>\n<li>suporte de recupera\u00e7\u00e3o<\/li>\n<li>desintoxica\u00e7\u00e3o<\/li>\n<li>Centros de tratamento assistido por medica\u00e7\u00e3o<\/li>\n<li>Fornecedores de Vivitrol<\/li>\n<li>M\u00e9dicos certificados pela Suboxone<\/li>\n<li>apoio veterano (drogas e \u00e1lcool)<\/li>\n<li>prestadores de sa\u00fade mental<\/li>\n<li>recupera\u00e7\u00e3o da dor<\/li>\n<li>apoio ao luto suicida<\/li>\n<\/ul>\n<p>o\u00a0<a href=\"https:\/\/cecilcountyhealth.org\/services\/behavioral-health\/addiction-services\/\" target=\"_blank\" rel=\"noopener\">Departamento de Sa\u00fade do Condado de Cecil<\/a> tamb\u00e9m oferece educa\u00e7\u00e3o, avalia\u00e7\u00e3o, interven\u00e7\u00e3o e tratamento sobre abuso de subst\u00e2ncias. Esses servi\u00e7os est\u00e3o dispon\u00edveis para adolescentes, adultos e suas fam\u00edlias.<\/p>\n<p>Voc\u00ea tamb\u00e9m pode <a href=\"https:\/\/search.988.mdinfonet.org\/\" target=\"_blank\" rel=\"noopener\">pesquise o banco de dados de recursos de sa\u00fade comportamental mais abrangente do estado<\/a>, que \u00e9 alimentado pela Maryland Information Network.<\/p>\n<h3>Reescreva seu roteiro<\/h3>\n<p>Se voc\u00ea conhece algu\u00e9m que sofre de uso indevido de opioides ou est\u00e1 procurando apoio,\u00a0<a href=\"https:\/\/www.rewriteyourscript.org\/\" target=\"_blank\" rel=\"noopener\">Reescreva seu roteiro<\/a>\u00a0oferece v\u00e1rios recursos para tratamento, recupera\u00e7\u00e3o, informa\u00e7\u00f5es sobre resposta a overdose e preven\u00e7\u00e3o no Condado de Cecil.<\/p>\n<p>Encontre centros locais de tratamento e recupera\u00e7\u00e3o que possam ajudar a colocar voc\u00ea ou algu\u00e9m que voc\u00ea conhece no caminho da recupera\u00e7\u00e3o.<\/p>\n<h3>MD Hope<\/h3>\n<p>Voc\u00ea tamb\u00e9m pode encontrar recursos, suporte e sites de descarte de medicamentos prescritos enviando uma mensagem de texto para MDHope para 898-211.<\/p>\n<p><em>211 Maryland oferece programas de alerta de mensagem de texto que fornecem informa\u00e7\u00f5es de recursos espec\u00edficos da regi\u00e3o ou fornecem alertas de desastres. Envie STOP para o mesmo n\u00famero para cancelar a assinatura. Termos completos de SMS em <a href=\"https:\/\/211md.org\/pt\/sms\/\">https:\/\/211md.org\/sms\/<\/a> tamb\u00e9m se aplicar\u00e1.<\/em><\/p>\n<p><a href=\"\/pt\/about\/mensagens-de-texto\/md-esperanca\/\" rel=\"noopener\">MD Hope<\/a>\u00a0\u00e9 um programa da 211 Maryland e da Rx Abuse Leadership Initiative (RALI) de Maryland.<\/p>\n<p>&nbsp;<\/p>\n<h3><b>Pesquisar ajuda por categoria<\/b><\/h3>\n<p>Voc\u00ea est\u00e1 procurando ajuda com outra situa\u00e7\u00e3o? <a href=\"\/pt\/recursos\/\">Pesquise no banco de dados 211.<\/a><\/p>\n\t\t<h4><a href=\"\/pt\/recursos\/envelhecimento-incapacidade\/?utm_source=Home&#038;utm_medium=Referral&#038;utm_campaign=211Resources&#038;utm_content=Aging\" target=\"_self\">Envelhecimento e Defici\u00eancia<\/a><\/h4>\n\t\t\t\t<a href=\"\/pt\/recursos\/envelhecimento-incapacidade\/?utm_source=Home&#038;utm_medium=Referral&#038;utm_campaign=211Resources&#038;utm_content=Aging\"  target=\"_self\" itemprop=\"url\">\n\t\t\t\t<img decoding=\"async\" src=\"https:\/\/211md.org\/wp-content\/uploads\/bb-plugin\/cache\/2025_MdInfoNet_Icon-Sets_Aging-disability-square-c466727102cae71e5f27b8539bb51945-.png\" alt=\"\" itemprop=\"image\" onerror=\"this.style.display='none'\" loading=\"lazy\" \/>\n\t\t\t\t<\/a>\n\t\t<h4><a href=\"\/pt\/recursos\/criancas-familias\/?utm_source=Home&#038;utm_medium=Referral&#038;utm_campaign=211Resources&#038;utm_content=Children\" target=\"_self\">Crian\u00e7as e Fam\u00edlias<\/a><\/h4>\n\t\t\t\t<a href=\"\/pt\/recursos\/criancas-familias\/?utm_source=Home&#038;utm_medium=Referral&#038;utm_campaign=211Resources&#038;utm_content=Children\"  target=\"_self\" itemprop=\"url\">\n\t\t\t\t<img decoding=\"async\" src=\"https:\/\/211md.org\/wp-content\/uploads\/bb-plugin\/cache\/2025_211_Icon-Sets_Child-care-square-f3b0d4edab3dcc467fadb5f55f4064c6-.png\" alt=\"2025_211_Conjuntos de \u00edcones_Cuidados infantis\" itemprop=\"image\" height=\"417\" width=\"417\" title=\"2025_211_Conjuntos de \u00edcones_Cuidados infantis\" onerror=\"this.style.display='none'\" loading=\"lazy\" \/>\n\t\t\t\t<\/a>\n\t\t<h4><a href=\"\/pt\/recursos\/violencia-domestica-familiar\/?utm_source=Home&#038;utm_medium=Referral&#038;utm_campaign=211Resources&#038;utm_content=Domestic\" target=\"_self\">Viol\u00eancia dom\u00e9stica<\/a><\/h4>\n\t\t\t\t<a href=\"\/pt\/recursos\/violencia-domestica-familiar\/?utm_source=Home&#038;utm_medium=Referral&#038;utm_campaign=211Resources&#038;utm_content=Domestic\"  target=\"_self\" itemprop=\"url\">\n\t\t\t\t<img decoding=\"async\" src=\"https:\/\/211md.org\/wp-content\/uploads\/bb-plugin\/cache\/2025_211_Icon-Sets_Domestic-Violence-square-7b597694a6f05fe90cdc376aa573bc63-.png\" alt=\"\u00cdcone de viol\u00eancia dom\u00e9stica\" itemprop=\"image\" height=\"417\" width=\"417\" title=\"2025_211_Conjuntos de \u00edcones_Viol\u00eancia dom\u00e9stica\" onerror=\"this.style.display='none'\" loading=\"lazy\" \/>\n\t\t\t\t<\/a>\n\t\t<h4><a href=\"\/pt\/recursos\/procura-de-emprego\/?utm_source=Home&#038;utm_medium=Referral&#038;utm_campaign=211Resources&#038;utm_content=Employment\" target=\"_self\">Emprego<\/a><\/h4>\n\t\t\t\t<a href=\"\/pt\/recursos\/procura-de-emprego\/?utm_source=Home&#038;utm_medium=Referral&#038;utm_campaign=211Resources&#038;utm_content=Employment\"  target=\"_self\" itemprop=\"url\">\n\t\t\t\t<img decoding=\"async\" src=\"https:\/\/211md.org\/wp-content\/uploads\/bb-plugin\/cache\/2025_MdInfoNet_Icon-Sets_Employment-square-44707bd410e4df10a470bf130ebcea86-.png\" alt=\"\" itemprop=\"image\" onerror=\"this.style.display='none'\" loading=\"lazy\" \/>\n\t\t\t\t<\/a>\n\t\t<h4><a href=\"\/pt\/recursos\/cuidados-de-saude\/?utm_source=Home&#038;utm_medium=Referral&#038;utm_campaign=211Resources&#038;utm_content=Health%20Care\" target=\"_self\">Cuidados de sa\u00fade<\/a><\/h4>\n\t\t\t\t<a href=\"\/pt\/recursos\/cuidados-de-saude\/?utm_source=Home&#038;utm_medium=Referral&#038;utm_campaign=211Resources&#038;utm_content=Health%20Care\"  target=\"_self\" itemprop=\"url\">\n\t\t\t\t<img decoding=\"async\" src=\"https:\/\/211md.org\/wp-content\/uploads\/bb-plugin\/cache\/2025_MdInfoNet_Icon-Sets_Health-Care-square-dee98a0060cbe0e7f27eda253fc12679-.png\" alt=\"\" itemprop=\"image\" onerror=\"this.style.display='none'\" loading=\"lazy\" \/>\n\t\t\t\t<\/a>\n\t\t<h4><a href=\"\/pt\/recursos\/criancas-familias\/cuidados-de-parentesco\/?utm_source=Home&#038;utm_medium=Referral&#038;utm_campaign=211Resources&#038;utm_content=Kinship\" target=\"_self\">Parentesco<\/a><\/h4>\n\t\t\t\t<a href=\"\/pt\/recursos\/criancas-familias\/cuidados-de-parentesco\/?utm_source=Home&#038;utm_medium=Referral&#038;utm_campaign=211Resources&#038;utm_content=Kinship\"  target=\"_self\" itemprop=\"url\">\n\t\t\t\t<img decoding=\"async\" src=\"https:\/\/211md.org\/wp-content\/uploads\/bb-plugin\/cache\/2025_211_Icon-Sets_Kinship-square-45bdf872866f5735f842c32071109267-.png\" alt=\"\u00cdcone de parentesco\" itemprop=\"image\" height=\"417\" width=\"417\" title=\"2025_211_Conjuntos de \u00edcones_Parentesco\" onerror=\"this.style.display='none'\" loading=\"lazy\" \/>\n\t\t\t\t<\/a>\n\t\t<h4><a href=\"\/pt\/recursos\/servicos-legais\/?utm_source=Home&#038;utm_medium=Referral&#038;utm_campaign=211Resources&#038;utm_content=Legal\" target=\"_self\">Servi\u00e7os legais<\/a><\/h4>\n\t\t\t\t<a href=\"\/pt\/recursos\/servicos-legais\/?utm_source=Home&#038;utm_medium=Referral&#038;utm_campaign=211Resources&#038;utm_content=Legal\"  target=\"_self\" itemprop=\"url\">\n\t\t\t\t<img decoding=\"async\" src=\"https:\/\/211md.org\/wp-content\/uploads\/bb-plugin\/cache\/2025_MdInfoNet_Icon-Sets_Legal-square-18fdf438feb8435588174d9046463257-.png\" alt=\"\" itemprop=\"image\" onerror=\"this.style.display='none'\" loading=\"lazy\" \/>\n\t\t\t\t<\/a>\n\t\t<h4><a href=\"\/pt\/recursos\/saude-mental\/?utm_source=Home&#038;utm_medium=Referral&#038;utm_campaign=211Resources&#038;utm_content=Mental\" target=\"_self\">Sa\u00fade mental<\/a><\/h4>\n\t\t\t\t<a href=\"\/pt\/recursos\/saude-mental\/?utm_source=Home&#038;utm_medium=Referral&#038;utm_campaign=211Resources&#038;utm_content=Mental\"  target=\"_self\" itemprop=\"url\">\n\t\t\t\t<img decoding=\"async\" src=\"https:\/\/211md.org\/wp-content\/uploads\/bb-plugin\/cache\/2025_MdInfoNet_Icon-Sets_Mental-Health-square-c59b38c4a993a947d4c9280fbe2d2fee-.png\" alt=\"\" itemprop=\"image\" onerror=\"this.style.display='none'\" loading=\"lazy\" \/>\n\t\t\t\t<\/a>\n\t\t<h4><a href=\"\/pt\/recursos\/mdreentry\/?utm_source=Home&#038;utm_medium=Referral&#038;utm_campaign=211Resources&#038;utm_content=Reentry\" target=\"_self\">Reentrada<\/a><\/h4>\n\t\t\t\t<a href=\"\/pt\/recursos\/mdreentry\/?utm_source=Home&#038;utm_medium=Referral&#038;utm_campaign=211Resources&#038;utm_content=Reentry\"  target=\"_self\" itemprop=\"url\">\n\t\t\t\t<img decoding=\"async\" src=\"https:\/\/211md.org\/wp-content\/uploads\/bb-plugin\/cache\/2025_211_Icon-Sets_Reentry-square-8676fea38abd920a832f45642fe31cca-.png\" alt=\"\u00cdcone de reentrada\" itemprop=\"image\" height=\"417\" width=\"417\" title=\"2025_211_Conjuntos de \u00edcones_Reentrada\" onerror=\"this.style.display='none'\" loading=\"lazy\" \/>\n\t\t\t\t<\/a>\n\t\t<h4><a href=\"\/pt\/recursos\/uso-de-substancias\/?utm_source=Home&#038;utm_medium=Referral&#038;utm_campaign=211Resources&#038;utm_content=Substance\" target=\"_self\">Uso de subst\u00e2ncias<\/a><\/h4>\n\t\t\t\t<a href=\"\/pt\/recursos\/uso-de-substancias\/?utm_source=Home&#038;utm_medium=Referral&#038;utm_campaign=211Resources&#038;utm_content=Substance\"  target=\"_self\" itemprop=\"url\">\n\t\t\t\t<img decoding=\"async\" src=\"https:\/\/211md.org\/wp-content\/uploads\/bb-plugin\/cache\/2025_MdInfoNet_Icon-Sets_Substance-Abuse-square-9022fec9d18a64118ad685c101885b55-.png\" alt=\"\" itemprop=\"image\" onerror=\"this.style.display='none'\" loading=\"lazy\" \/>\n\t\t\t\t<\/a>\n\t\t<h4><a href=\"\/pt\/recursos\/veteranos\/?utm_source=Home&#038;utm_medium=Referral&#038;utm_campaign=211Resources&#038;utm_content=Veterans\" target=\"_self\">veteranos<\/a><\/h4>\n\t\t\t\t<a href=\"\/pt\/recursos\/veteranos\/?utm_source=Home&#038;utm_medium=Referral&#038;utm_campaign=211Resources&#038;utm_content=Veterans\"  target=\"_self\" itemprop=\"url\">\n\t\t\t\t<img decoding=\"async\" src=\"https:\/\/211md.org\/wp-content\/uploads\/bb-plugin\/cache\/2025_MdInfoNet_Icon-Sets_Rating-square-6e60d00cce4faa8e0a6d4ad7366aa733-.png\" alt=\"\" itemprop=\"image\" onerror=\"this.style.display='none'\" loading=\"lazy\" \/>\n\t\t\t\t<\/a>","protected":false},"excerpt":{"rendered":"<p>Encontre recursos perto de mim. Pesquise agora. Adicione sua ag\u00eancia ou organiza\u00e7\u00e3o ao nosso banco de dados de recursos. Precisa de ajuda para pagar suas contas? O 211 pode ajud\u00e1-lo a encontrar recursos no Condado de Cecil para servi\u00e7os p\u00fablicos, alimenta\u00e7\u00e3o, moradia e muito mais. Voc\u00ea pode encontrar ajuda: Pesquisando no banco de dados do 211. Ligando para uma das ag\u00eancias listadas abaixo. Ligando para o 211 para...<\/p>","protected":false},"author":8,"featured_media":0,"parent":750,"menu_order":0,"comment_status":"closed","ping_status":"closed","template":"","meta":{"footnotes":""},"class_list":["post-1698","page","type-page","status-publish","hentry"],"_links":{"self":[{"href":"https:\/\/211md.org\/pt\/wp-json\/wp\/v2\/pages\/1698","targetHints":{"allow":["GET"]}}],"collection":[{"href":"https:\/\/211md.org\/pt\/wp-json\/wp\/v2\/pages"}],"about":[{"href":"https:\/\/211md.org\/pt\/wp-json\/wp\/v2\/types\/page"}],"author":[{"embeddable":true,"href":"https:\/\/211md.org\/pt\/wp-json\/wp\/v2\/users\/8"}],"replies":[{"embeddable":true,"href":"https:\/\/211md.org\/pt\/wp-json\/wp\/v2\/comments?post=1698"}],"version-history":[{"count":5,"href":"https:\/\/211md.org\/pt\/wp-json\/wp\/v2\/pages\/1698\/revisions"}],"predecessor-version":[{"id":34076,"href":"https:\/\/211md.org\/pt\/wp-json\/wp\/v2\/pages\/1698\/revisions\/34076"}],"up":[{"embeddable":true,"href":"https:\/\/211md.org\/pt\/wp-json\/wp\/v2\/pages\/750"}],"wp:attachment":[{"href":"https:\/\/211md.org\/pt\/wp-json\/wp\/v2\/media?parent=1698"}],"curies":[{"name":"wp","href":"https:\/\/api.w.org\/{rel}","templated":true}]}}