{"id":1701,"date":"2021-05-12T00:25:17","date_gmt":"2021-05-12T00:25:17","guid":{"rendered":"https:\/\/211md.org\/?page_id=1701"},"modified":"2026-01-08T09:38:03","modified_gmt":"2026-01-08T14:38:03","slug":"condado-de-baltimore","status":"publish","type":"page","link":"https:\/\/211md.org\/pt\/resources-by-county\/baltimore-county\/","title":{"rendered":"Condado de Baltimore"},"content":{"rendered":"<h2><a href=\"https:\/\/search.211md.org\/\" target=\"_blank\"  rel=\"noopener\">Encontre recursos perto de mim<\/a><\/h2>\n\t\t\t<a href=\"https:\/\/search.211md.org\/\" target=\"_blank\" rel=\"noopener\">\n\t\t\t\t\t\t\tProcure agora\n\t\t\t<\/a>\n\t<p><strong><a href=\"\/pt\/juntar-nosso-banco-de-dados\/\">Adicione sua ag\u00eancia ou organiza\u00e7\u00e3o ao nosso banco de dados de recursos.<\/a><\/strong><\/p>\n<p>Voc\u00ea mora em Dundalk, Woodlawn, Gyndon, Worthington, Owings Mills, Towson, Middle River, Milford Mill, Cockeysville ou em alguma das muitas outras comunidades do Condado de Baltimore? A ajuda est\u00e1 dispon\u00edvel 24 horas por dia, 7 dias por semana, 365 dias por ano. Ligue para 211.<\/p>\n<p>211 Maryland est\u00e1 facilitando a conex\u00e3o com recursos que podem ajud\u00e1-lo a prosperar.<\/p>\n<h2>Voucher de Escolha de Habita\u00e7\u00e3o<\/h2>\n<p>Se precisar de ajuda para pagar o aluguel, voc\u00ea pode se qualificar para o <a href=\"https:\/\/www.baltimorecountymd.gov\/departments\/housing\/housing-programs\" target=\"_blank\" rel=\"noopener\">Programa Housing Choice Voucher (HCV)<\/a>, que costumava ser chamado de Se\u00e7\u00e3o 8. Pode haver uma lista de espera. Seu lugar na lista \u00e9 determinado pela data e hora de sua inscri\u00e7\u00e3o.<\/p>\n<p><a href=\"https:\/\/baltimorecounty.myhousing.com\/?abandon=False\" target=\"_blank\" rel=\"noopener\">Candidate-se a listas de espera de habita\u00e7\u00e3o no Condado de Baltimore<\/a>.<\/p>\n<h2><b>Comida<\/b><\/h2>\n<p>Se precisar de comida, voc\u00ea pode obter apoio do <a href=\"https:\/\/www.canconnects.org\/food-pantry\" target=\"_blank\" rel=\"noopener\">Rede de Assist\u00eancia Comunit\u00e1ria Despensa Escolha da Comunidade<\/a>. O programa de renda eleg\u00edvel oferece caf\u00e9 da manh\u00e3, almo\u00e7o, jantar e dois lanches por dia durante uma semana (7 dias). Se eleg\u00edvel, voc\u00ea pode receber alimenta\u00e7\u00e3o suplementar uma vez a cada 30 dias.<\/p>\n<p>Voc\u00ea deve fornecer documenta\u00e7\u00e3o para solicitar ajuda atrav\u00e9s da despensa de alimentos. Voc\u00ea tamb\u00e9m pode encontrar programas de alimenta\u00e7\u00e3o e apoio no Condado de Baltimore, no <a href=\"https:\/\/search.211md.org\/\" target=\"_blank\" rel=\"noopener\">banco de dados 211<\/a> ou aprender sobre <a href=\"https:\/\/211md.org\/pt\/recursos\/comida\/\">programas alimentares como o SNAP dispon\u00edveis<\/a> para indiv\u00edduos e fam\u00edlias eleg\u00edveis.<\/p>\n<h2><b>Assist\u00eancia de utilidade<\/b><\/h2>\n<p>O Departamento de Servi\u00e7os Sociais do Condado de Baltimore tamb\u00e9m pode ajudar os residentes a solicitar assist\u00eancia energ\u00e9tica. Existem v\u00e1rias maneiras de obter ajuda - com um subs\u00eddio estadual como o Maryland Energy Assistance Program (MEAP) do Office of Home Energy Programs (OHEP), o Fuel Fund se voc\u00ea for um cliente BG&amp;E ou com um plano de pagamento de sua concession\u00e1ria como BG&amp;E.\u00a0<a href=\"\/pt\/recursos\/utilitario-assistencia\/\" rel=\"noopener\">Conhe\u00e7a todas as suas op\u00e7\u00f5es para pagar sua conta de luz<\/a>.<\/p>\n<h2>Prepara\u00e7\u00e3o de Impostos no Condado de Baltimore<\/h2>\n<p>Voc\u00ea est\u00e1 procurando ajuda para declarar seus impostos? No Condado de Baltimore, voc\u00ea pode obter ajuda da Campanha CASH de Maryland. Eles t\u00eam uma localiza\u00e7\u00e3o em Randallstown, Catonsville e Dundalk se voc\u00ea ganhou $60.000 ou menos. <a href=\"https:\/\/cashmd.org\/baltimore-locations\/\" target=\"_blank\" rel=\"noopener\">Marque uma consulta<\/a>t para obter ajuda com seus impostos no Condado de Baltimore.<\/p>\n<p>Voc\u00ea tamb\u00e9m pode procurar um provedor gratuito de prepara\u00e7\u00e3o de impostos no <a href=\"https:\/\/search.211md.org\/\" target=\"_blank\" rel=\"noopener\">211 banco de dados de recursos<\/a>.<\/p>\n<h2>Novos americanos<\/h2>\n<p>Se voc\u00ea \u00e9 novo na cidade ou no condado de Baltimore, pode ligar para 211 para obter suporte de imigra\u00e7\u00e3o completo. Voc\u00ea pode <a href=\"https:\/\/211md.org\/pt\/recursos\/novo-para-nos-e-marilandia\/\">encontrar recursos<\/a> que apoiam os Novos Americanos desde a educa\u00e7\u00e3o at\u00e9 a naturaliza\u00e7\u00e3o.<\/p>\n<p>Voc\u00ea tamb\u00e9m pode obter apoio espec\u00edfico de Baltimore no Gabinete de Assuntos de Imigrantes do Prefeito. Eles t\u00eam <a href=\"https:\/\/mima.baltimorecity.gov\/wg\" target=\"_blank\" rel=\"noopener\">recursos por categoria<\/a> e tamb\u00e9m um <a href=\"https:\/\/mima.baltimorecity.gov\/node\/15969\" target=\"_blank\" rel=\"noopener\">Bem-vindo ao Guia de Baltimore,<\/a> dispon\u00edvel em v\u00e1rios idiomas.<\/p>\n\t\t<h4><a href=\"\/pt\/recursos\/envelhecimento-incapacidade\/?utm_source=Home&#038;utm_medium=Referral&#038;utm_campaign=211Resources&#038;utm_content=Aging\" target=\"_self\">Envelhecimento e Defici\u00eancia<\/a><\/h4>\n\t\t\t\t<a href=\"\/pt\/recursos\/envelhecimento-incapacidade\/?utm_source=Home&#038;utm_medium=Referral&#038;utm_campaign=211Resources&#038;utm_content=Aging\"  target=\"_self\" itemprop=\"url\">\n\t\t\t\t<img decoding=\"async\" src=\"https:\/\/211md.org\/wp-content\/uploads\/bb-plugin\/cache\/2025_MdInfoNet_Icon-Sets_Aging-disability-square-c466727102cae71e5f27b8539bb51945-.png\" alt=\"\" itemprop=\"image\" onerror=\"this.style.display='none'\" loading=\"lazy\" \/>\n\t\t\t\t<\/a>\n\t\t<h4><a href=\"\/pt\/recursos\/criancas-familias\/?utm_source=Home&#038;utm_medium=Referral&#038;utm_campaign=211Resources&#038;utm_content=Children\" target=\"_self\">Crian\u00e7as e Fam\u00edlias<\/a><\/h4>\n\t\t\t\t<a href=\"\/pt\/recursos\/criancas-familias\/?utm_source=Home&#038;utm_medium=Referral&#038;utm_campaign=211Resources&#038;utm_content=Children\"  target=\"_self\" itemprop=\"url\">\n\t\t\t\t<img decoding=\"async\" src=\"https:\/\/211md.org\/wp-content\/uploads\/bb-plugin\/cache\/2025_211_Icon-Sets_Child-care-square-f3b0d4edab3dcc467fadb5f55f4064c6-.png\" alt=\"2025_211_Conjuntos de \u00edcones_Cuidados infantis\" itemprop=\"image\" height=\"417\" width=\"417\" title=\"2025_211_Conjuntos de \u00edcones_Cuidados infantis\" onerror=\"this.style.display='none'\" loading=\"lazy\" \/>\n\t\t\t\t<\/a>\n\t\t<h4><a href=\"\/pt\/recursos\/violencia-domestica-familiar\/?utm_source=Home&#038;utm_medium=Referral&#038;utm_campaign=211Resources&#038;utm_content=Domestic\" target=\"_self\">Viol\u00eancia dom\u00e9stica<\/a><\/h4>\n\t\t\t\t<a href=\"\/pt\/recursos\/violencia-domestica-familiar\/?utm_source=Home&#038;utm_medium=Referral&#038;utm_campaign=211Resources&#038;utm_content=Domestic\"  target=\"_self\" itemprop=\"url\">\n\t\t\t\t<img decoding=\"async\" src=\"https:\/\/211md.org\/wp-content\/uploads\/bb-plugin\/cache\/2025_211_Icon-Sets_Domestic-Violence-square-7b597694a6f05fe90cdc376aa573bc63-.png\" alt=\"\u00cdcone de viol\u00eancia dom\u00e9stica\" itemprop=\"image\" height=\"417\" width=\"417\" title=\"2025_211_Conjuntos de \u00edcones_Viol\u00eancia dom\u00e9stica\" onerror=\"this.style.display='none'\" loading=\"lazy\" \/>\n\t\t\t\t<\/a>\n\t\t<h4><a href=\"\/pt\/recursos\/procura-de-emprego\/?utm_source=Home&#038;utm_medium=Referral&#038;utm_campaign=211Resources&#038;utm_content=Employment\" target=\"_self\">Emprego<\/a><\/h4>\n\t\t\t\t<a href=\"\/pt\/recursos\/procura-de-emprego\/?utm_source=Home&#038;utm_medium=Referral&#038;utm_campaign=211Resources&#038;utm_content=Employment\"  target=\"_self\" itemprop=\"url\">\n\t\t\t\t<img decoding=\"async\" src=\"https:\/\/211md.org\/wp-content\/uploads\/bb-plugin\/cache\/2025_MdInfoNet_Icon-Sets_Employment-square-44707bd410e4df10a470bf130ebcea86-.png\" alt=\"\" itemprop=\"image\" onerror=\"this.style.display='none'\" loading=\"lazy\" \/>\n\t\t\t\t<\/a>\n\t\t<h4><a href=\"\/pt\/recursos\/cuidados-de-saude\/?utm_source=Home&#038;utm_medium=Referral&#038;utm_campaign=211Resources&#038;utm_content=Health%20Care\" target=\"_self\">Cuidados de sa\u00fade<\/a><\/h4>\n\t\t\t\t<a href=\"\/pt\/recursos\/cuidados-de-saude\/?utm_source=Home&#038;utm_medium=Referral&#038;utm_campaign=211Resources&#038;utm_content=Health%20Care\"  target=\"_self\" itemprop=\"url\">\n\t\t\t\t<img decoding=\"async\" src=\"https:\/\/211md.org\/wp-content\/uploads\/bb-plugin\/cache\/2025_MdInfoNet_Icon-Sets_Health-Care-square-dee98a0060cbe0e7f27eda253fc12679-.png\" alt=\"\" itemprop=\"image\" onerror=\"this.style.display='none'\" loading=\"lazy\" \/>\n\t\t\t\t<\/a>\n\t\t<h4><a href=\"\/pt\/recursos\/criancas-familias\/cuidados-de-parentesco\/?utm_source=Home&#038;utm_medium=Referral&#038;utm_campaign=211Resources&#038;utm_content=Kinship\" target=\"_self\">Parentesco<\/a><\/h4>\n\t\t\t\t<a href=\"\/pt\/recursos\/criancas-familias\/cuidados-de-parentesco\/?utm_source=Home&#038;utm_medium=Referral&#038;utm_campaign=211Resources&#038;utm_content=Kinship\"  target=\"_self\" itemprop=\"url\">\n\t\t\t\t<img decoding=\"async\" src=\"https:\/\/211md.org\/wp-content\/uploads\/bb-plugin\/cache\/2025_211_Icon-Sets_Kinship-square-45bdf872866f5735f842c32071109267-.png\" alt=\"\u00cdcone de parentesco\" itemprop=\"image\" height=\"417\" width=\"417\" title=\"2025_211_Conjuntos de \u00edcones_Parentesco\" onerror=\"this.style.display='none'\" loading=\"lazy\" \/>\n\t\t\t\t<\/a>\n\t\t<h4><a href=\"\/pt\/recursos\/servicos-legais\/?utm_source=Home&#038;utm_medium=Referral&#038;utm_campaign=211Resources&#038;utm_content=Legal\" target=\"_self\">Servi\u00e7os legais<\/a><\/h4>\n\t\t\t\t<a href=\"\/pt\/recursos\/servicos-legais\/?utm_source=Home&#038;utm_medium=Referral&#038;utm_campaign=211Resources&#038;utm_content=Legal\"  target=\"_self\" itemprop=\"url\">\n\t\t\t\t<img decoding=\"async\" src=\"https:\/\/211md.org\/wp-content\/uploads\/bb-plugin\/cache\/2025_MdInfoNet_Icon-Sets_Legal-square-18fdf438feb8435588174d9046463257-.png\" alt=\"\" itemprop=\"image\" onerror=\"this.style.display='none'\" loading=\"lazy\" \/>\n\t\t\t\t<\/a>\n\t\t<h4><a href=\"\/pt\/recursos\/saude-mental\/?utm_source=Home&#038;utm_medium=Referral&#038;utm_campaign=211Resources&#038;utm_content=Mental\" target=\"_self\">Sa\u00fade mental<\/a><\/h4>\n\t\t\t\t<a href=\"\/pt\/recursos\/saude-mental\/?utm_source=Home&#038;utm_medium=Referral&#038;utm_campaign=211Resources&#038;utm_content=Mental\"  target=\"_self\" itemprop=\"url\">\n\t\t\t\t<img decoding=\"async\" src=\"https:\/\/211md.org\/wp-content\/uploads\/bb-plugin\/cache\/2025_MdInfoNet_Icon-Sets_Mental-Health-square-c59b38c4a993a947d4c9280fbe2d2fee-.png\" alt=\"\" itemprop=\"image\" onerror=\"this.style.display='none'\" loading=\"lazy\" \/>\n\t\t\t\t<\/a>\n\t\t<h4><a href=\"\/pt\/recursos\/mdreentry\/?utm_source=Home&#038;utm_medium=Referral&#038;utm_campaign=211Resources&#038;utm_content=Reentry\" target=\"_self\">Reentrada<\/a><\/h4>\n\t\t\t\t<a href=\"\/pt\/recursos\/mdreentry\/?utm_source=Home&#038;utm_medium=Referral&#038;utm_campaign=211Resources&#038;utm_content=Reentry\"  target=\"_self\" itemprop=\"url\">\n\t\t\t\t<img decoding=\"async\" src=\"https:\/\/211md.org\/wp-content\/uploads\/bb-plugin\/cache\/2025_211_Icon-Sets_Reentry-square-8676fea38abd920a832f45642fe31cca-.png\" alt=\"\u00cdcone de reentrada\" itemprop=\"image\" height=\"417\" width=\"417\" title=\"2025_211_Conjuntos de \u00edcones_Reentrada\" onerror=\"this.style.display='none'\" loading=\"lazy\" \/>\n\t\t\t\t<\/a>\n\t\t<h4><a href=\"\/pt\/recursos\/uso-de-substancias\/?utm_source=Home&#038;utm_medium=Referral&#038;utm_campaign=211Resources&#038;utm_content=Substance\" target=\"_self\">Uso de subst\u00e2ncias<\/a><\/h4>\n\t\t\t\t<a href=\"\/pt\/recursos\/uso-de-substancias\/?utm_source=Home&#038;utm_medium=Referral&#038;utm_campaign=211Resources&#038;utm_content=Substance\"  target=\"_self\" itemprop=\"url\">\n\t\t\t\t<img decoding=\"async\" src=\"https:\/\/211md.org\/wp-content\/uploads\/bb-plugin\/cache\/2025_MdInfoNet_Icon-Sets_Substance-Abuse-square-9022fec9d18a64118ad685c101885b55-.png\" alt=\"\" itemprop=\"image\" onerror=\"this.style.display='none'\" loading=\"lazy\" \/>\n\t\t\t\t<\/a>\n\t\t<h4><a href=\"\/pt\/recursos\/veteranos\/?utm_source=Home&#038;utm_medium=Referral&#038;utm_campaign=211Resources&#038;utm_content=Veterans\" target=\"_self\">veteranos<\/a><\/h4>\n\t\t\t\t<a href=\"\/pt\/recursos\/veteranos\/?utm_source=Home&#038;utm_medium=Referral&#038;utm_campaign=211Resources&#038;utm_content=Veterans\"  target=\"_self\" itemprop=\"url\">\n\t\t\t\t<img decoding=\"async\" src=\"https:\/\/211md.org\/wp-content\/uploads\/bb-plugin\/cache\/2025_MdInfoNet_Icon-Sets_Rating-square-6e60d00cce4faa8e0a6d4ad7366aa733-.png\" alt=\"\" itemprop=\"image\" onerror=\"this.style.display='none'\" loading=\"lazy\" \/>\n\t\t\t\t<\/a>","protected":false},"excerpt":{"rendered":"<p>Encontre recursos perto de mim. Pesquise agora. Adicione sua ag\u00eancia ou organiza\u00e7\u00e3o ao nosso banco de dados de recursos. Voc\u00ea mora em Dundalk, Woodlawn, Gyndon, Worthington, Owings Mills, Towson, Middle River, Milford Mill, Cockeysville ou em uma das muitas outras comunidades do Condado de Baltimore? A ajuda est\u00e1 dispon\u00edvel 24 horas por dia, 7 dias por semana, 365 dias por ano. Ligue para 211. O 211 Maryland est\u00e1 facilitando a conex\u00e3o com\u2026<\/p>","protected":false},"author":8,"featured_media":33784,"parent":750,"menu_order":0,"comment_status":"closed","ping_status":"closed","template":"","meta":{"footnotes":""},"class_list":["post-1701","page","type-page","status-publish","has-post-thumbnail","hentry"],"_links":{"self":[{"href":"https:\/\/211md.org\/pt\/wp-json\/wp\/v2\/pages\/1701","targetHints":{"allow":["GET"]}}],"collection":[{"href":"https:\/\/211md.org\/pt\/wp-json\/wp\/v2\/pages"}],"about":[{"href":"https:\/\/211md.org\/pt\/wp-json\/wp\/v2\/types\/page"}],"author":[{"embeddable":true,"href":"https:\/\/211md.org\/pt\/wp-json\/wp\/v2\/users\/8"}],"replies":[{"embeddable":true,"href":"https:\/\/211md.org\/pt\/wp-json\/wp\/v2\/comments?post=1701"}],"version-history":[{"count":3,"href":"https:\/\/211md.org\/pt\/wp-json\/wp\/v2\/pages\/1701\/revisions"}],"predecessor-version":[{"id":34073,"href":"https:\/\/211md.org\/pt\/wp-json\/wp\/v2\/pages\/1701\/revisions\/34073"}],"up":[{"embeddable":true,"href":"https:\/\/211md.org\/pt\/wp-json\/wp\/v2\/pages\/750"}],"wp:featuredmedia":[{"embeddable":true,"href":"https:\/\/211md.org\/pt\/wp-json\/wp\/v2\/media\/33784"}],"wp:attachment":[{"href":"https:\/\/211md.org\/pt\/wp-json\/wp\/v2\/media?parent=1701"}],"curies":[{"name":"wp","href":"https:\/\/api.w.org\/{rel}","templated":true}]}}