{"id":1702,"date":"2021-05-12T00:25:25","date_gmt":"2021-05-12T00:25:25","guid":{"rendered":"https:\/\/211md.org\/?page_id=1702"},"modified":"2025-10-29T06:58:36","modified_gmt":"2025-10-29T10:58:36","slug":"condado-de-carroll","status":"publish","type":"page","link":"https:\/\/211md.org\/pt\/resources-by-county\/carroll-county\/","title":{"rendered":"Condado de Carroll"},"content":{"rendered":"<h2><a href=\"https:\/\/search.211md.org\/\" target=\"_blank\"  rel=\"noopener\">Encontre recursos perto de mim<\/a><\/h2>\n\t\t\t<a href=\"https:\/\/search.211md.org\/\" target=\"_blank\" rel=\"noopener\">\n\t\t\t\t\t\t\tProcure agora\n\t\t\t<\/a>\n\t<p><strong><a href=\"\/pt\/juntar-nosso-banco-de-dados\/\">Adicione sua ag\u00eancia ou organiza\u00e7\u00e3o ao nosso banco de dados de recursos.<\/a><\/strong><\/p>\n<p>No Condado de Carroll, diversas ag\u00eancias oferecem aos moradores ajuda financeira para cobrir contas de servi\u00e7os p\u00fablicos, despesas com moradia e alimenta\u00e7\u00e3o. Algumas organiza\u00e7\u00f5es tamb\u00e9m podem ajudar com problemas de sa\u00fade mental e abuso de subst\u00e2ncias.<\/p>\n<p>Este guia r\u00e1pido de recursos fornece algumas das ag\u00eancias mais comumente consultadas no Condado de Carroll. Existem mais de 7.000 recursos no banco de dados 211. Digite uma palavra-chave acima e inicie sua pesquisa.<\/p>\n<p>Voc\u00ea tamb\u00e9m pode ligar para 211. Um especialista em recursos ao vivo est\u00e1 dispon\u00edvel 24 horas por dia, 7 dias por semana, 365 dias por ano.<\/p>\n<h3><b>Programas de servi\u00e7os humanos do condado de Carroll<\/b><\/h3>\n<p>Especialistas em informa\u00e7\u00e3o e encaminhamento geralmente encaminham os chamadores para o\u00a0<strong><a href=\"https:\/\/hspinc.org\/\" target=\"_blank\" rel=\"noopener\">Programas de servi\u00e7os humanos de Carroll County, Inc<\/a><\/strong><strong>.<\/strong>\u00a0A organiza\u00e7\u00e3o sem fins lucrativos oferece esperan\u00e7a, mudan\u00e7a e oportunidade.<\/p>\n<p>O Human Services tem v\u00e1rios programas para ajudar aqueles que se qualificam e precisam de assist\u00eancia com:<\/p>\n<ul>\n<li aria-level=\"1\"><strong><a href=\"https:\/\/hspinc.org\/shelter\/\" target=\"_blank\" rel=\"noopener\">Abrigo<\/a>\u00a0<\/strong><\/li>\n<li aria-level=\"1\">Despejo e outros\u00a0<strong><a href=\"https:\/\/hspinc.org\/housing\/\" target=\"_blank\" rel=\"noopener\">necessidades de habita\u00e7\u00e3o<\/a><\/strong><\/li>\n<li aria-level=\"1\"><strong><a href=\"https:\/\/hspinc.org\/homeenergy\/\" target=\"_blank\" rel=\"noopener\">Assist\u00eancia utilit\u00e1ria<\/a><\/strong><\/li>\n<li aria-level=\"1\"><a href=\"https:\/\/hspinc.org\/vita\/\" target=\"_blank\" rel=\"noopener\">Impostos<\/a><\/li>\n<li aria-level=\"1\">Roupas<\/li>\n<li aria-level=\"1\">Educa\u00e7\u00e3o financeira<\/li>\n<li aria-level=\"1\">Desenvolvimento infantil<\/li>\n<\/ul>\n<p>A Second Chances Free Store oferece pequenos eletrodom\u00e9sticos, decora\u00e7\u00f5es, brinquedos, roupas e m\u00f3veis. O foco est\u00e1 naqueles que est\u00e3o deixando seu abrigo.\u00a0<strong><a href=\"https:\/\/hspinc.org\/secondchances\/\" target=\"_blank\" rel=\"noopener\">Ligue para saber se voc\u00ea se qualifica para fazer compras<\/a><\/strong>\u00a0e para agendar um hor\u00e1rio.<\/p>\n<p>&nbsp;<\/p>\n<h3><b>Cajado do pastor em Westminster<\/b><\/h3>\n<p>Voc\u00ea tamb\u00e9m pode recorrer\u00a0<strong><a href=\"https:\/\/www.shepstaff.org\/\" target=\"_blank\" rel=\"noopener\">Cajado do pastor<\/a><\/strong>\u00a0para necessidades essenciais. \u00c9 um centro crist\u00e3o n\u00e3o-denominacional de apoio e extens\u00e3o que oferece ajuda aos residentes em crise do condado de Carroll. O escrit\u00f3rio de Westminster fica em frente \u00e0 Igreja Evang\u00e9lica Luterana Grace.<\/p>\n<p>Eles oferecem \u00e0 comunidade muitos programas, incluindo:<\/p>\n<ul>\n<li aria-level=\"1\">Cozinha de sopa<\/li>\n<li aria-level=\"1\">Roupas<\/li>\n<li aria-level=\"1\">Produtos de higiene<\/li>\n<li aria-level=\"1\">Ajuda financeira de emerg\u00eancia<\/li>\n<\/ul>\n<p>A organiza\u00e7\u00e3o oferece itens dom\u00e9sticos essenciais para higiene e cuidados pessoais, gratuitamente, por meio de seus\u00a0<strong><a href=\"https:\/\/www.shepstaff.org\/services\/blessings-closet\/\" target=\"_blank\" rel=\"noopener\">Arm\u00e1rio de b\u00ean\u00e7\u00e3os<\/a><\/strong><strong>.<\/strong>\u00a0Esses itens podem incluir desinfetante para as m\u00e3os, sab\u00e3o em p\u00f3, bolsas, papel higi\u00eanico, xampu, desodorante e muito mais.<\/p>\n<p>O Cajado do Pastor tamb\u00e9m fornece\u00a0<strong><a href=\"https:\/\/www.shepstaff.org\/services\/emergency-financial-assistance\/\" target=\"_blank\" rel=\"noopener\">ajuda financeira emergencial<\/a><\/strong>\u00a0para cuidados de sa\u00fade, habita\u00e7\u00e3o e necessidades dom\u00e9sticas, servi\u00e7os p\u00fablicos, habita\u00e7\u00e3o tempor\u00e1ria, nutri\u00e7\u00e3o familiar, transporte, funerais, empregos e outras solicita\u00e7\u00f5es de emerg\u00eancia.<\/p>\n<p>&nbsp;<\/p>\n<h3><b>Pesquisar ajuda por categoria\u00a0<\/b><\/h3>\n<p>Precisa de ajuda com outra coisa? Ligue para 211 ou pesquise outros recursos por categoria.<\/p>\n\t\t<h4><a href=\"\/pt\/recursos\/envelhecimento-incapacidade\/?utm_source=Home&#038;utm_medium=Referral&#038;utm_campaign=211Resources&#038;utm_content=Aging\" target=\"_self\">Envelhecimento e Defici\u00eancia<\/a><\/h4>\n\t\t\t\t<a href=\"\/pt\/recursos\/envelhecimento-incapacidade\/?utm_source=Home&#038;utm_medium=Referral&#038;utm_campaign=211Resources&#038;utm_content=Aging\"  target=\"_self\" itemprop=\"url\">\n\t\t\t\t<img decoding=\"async\" src=\"https:\/\/211md.org\/wp-content\/uploads\/bb-plugin\/cache\/2025_MdInfoNet_Icon-Sets_Aging-disability-square-c466727102cae71e5f27b8539bb51945-.png\" alt=\"\" itemprop=\"image\" onerror=\"this.style.display='none'\" loading=\"lazy\" \/>\n\t\t\t\t<\/a>\n\t\t<h4><a href=\"\/pt\/recursos\/criancas-familias\/?utm_source=Home&#038;utm_medium=Referral&#038;utm_campaign=211Resources&#038;utm_content=Children\" target=\"_self\">Crian\u00e7as e Fam\u00edlias<\/a><\/h4>\n\t\t\t\t<a href=\"\/pt\/recursos\/criancas-familias\/?utm_source=Home&#038;utm_medium=Referral&#038;utm_campaign=211Resources&#038;utm_content=Children\"  target=\"_self\" itemprop=\"url\">\n\t\t\t\t<img decoding=\"async\" src=\"https:\/\/211md.org\/wp-content\/uploads\/bb-plugin\/cache\/2025_211_Icon-Sets_Child-care-square-f3b0d4edab3dcc467fadb5f55f4064c6-.png\" alt=\"2025_211_Conjuntos de \u00edcones_Cuidados infantis\" itemprop=\"image\" height=\"417\" width=\"417\" title=\"2025_211_Conjuntos de \u00edcones_Cuidados infantis\" onerror=\"this.style.display='none'\" loading=\"lazy\" \/>\n\t\t\t\t<\/a>\n\t\t<h4><a href=\"\/pt\/recursos\/violencia-domestica-familiar\/?utm_source=Home&#038;utm_medium=Referral&#038;utm_campaign=211Resources&#038;utm_content=Domestic\" target=\"_self\">Viol\u00eancia dom\u00e9stica<\/a><\/h4>\n\t\t\t\t<a href=\"\/pt\/recursos\/violencia-domestica-familiar\/?utm_source=Home&#038;utm_medium=Referral&#038;utm_campaign=211Resources&#038;utm_content=Domestic\"  target=\"_self\" itemprop=\"url\">\n\t\t\t\t<img decoding=\"async\" src=\"https:\/\/211md.org\/wp-content\/uploads\/bb-plugin\/cache\/2025_211_Icon-Sets_Domestic-Violence-square-7b597694a6f05fe90cdc376aa573bc63-.png\" alt=\"\u00cdcone de viol\u00eancia dom\u00e9stica\" itemprop=\"image\" height=\"417\" width=\"417\" title=\"2025_211_Conjuntos de \u00edcones_Viol\u00eancia dom\u00e9stica\" onerror=\"this.style.display='none'\" loading=\"lazy\" \/>\n\t\t\t\t<\/a>\n\t\t<h4><a href=\"\/pt\/recursos\/procura-de-emprego\/?utm_source=Home&#038;utm_medium=Referral&#038;utm_campaign=211Resources&#038;utm_content=Employment\" target=\"_self\">Emprego<\/a><\/h4>\n\t\t\t\t<a href=\"\/pt\/recursos\/procura-de-emprego\/?utm_source=Home&#038;utm_medium=Referral&#038;utm_campaign=211Resources&#038;utm_content=Employment\"  target=\"_self\" itemprop=\"url\">\n\t\t\t\t<img decoding=\"async\" src=\"https:\/\/211md.org\/wp-content\/uploads\/bb-plugin\/cache\/2025_MdInfoNet_Icon-Sets_Employment-square-44707bd410e4df10a470bf130ebcea86-.png\" alt=\"\" itemprop=\"image\" onerror=\"this.style.display='none'\" loading=\"lazy\" \/>\n\t\t\t\t<\/a>\n\t\t<h4><a href=\"\/pt\/recursos\/cuidados-de-saude\/?utm_source=Home&#038;utm_medium=Referral&#038;utm_campaign=211Resources&#038;utm_content=Health%20Care\" target=\"_self\">Cuidados de sa\u00fade<\/a><\/h4>\n\t\t\t\t<a href=\"\/pt\/recursos\/cuidados-de-saude\/?utm_source=Home&#038;utm_medium=Referral&#038;utm_campaign=211Resources&#038;utm_content=Health%20Care\"  target=\"_self\" itemprop=\"url\">\n\t\t\t\t<img decoding=\"async\" src=\"https:\/\/211md.org\/wp-content\/uploads\/bb-plugin\/cache\/2025_MdInfoNet_Icon-Sets_Health-Care-square-dee98a0060cbe0e7f27eda253fc12679-.png\" alt=\"\" itemprop=\"image\" onerror=\"this.style.display='none'\" loading=\"lazy\" \/>\n\t\t\t\t<\/a>\n\t\t<h4><a href=\"\/pt\/recursos\/criancas-familias\/cuidados-de-parentesco\/?utm_source=Home&#038;utm_medium=Referral&#038;utm_campaign=211Resources&#038;utm_content=Kinship\" target=\"_self\">Parentesco<\/a><\/h4>\n\t\t\t\t<a href=\"\/pt\/recursos\/criancas-familias\/cuidados-de-parentesco\/?utm_source=Home&#038;utm_medium=Referral&#038;utm_campaign=211Resources&#038;utm_content=Kinship\"  target=\"_self\" itemprop=\"url\">\n\t\t\t\t<img decoding=\"async\" src=\"https:\/\/211md.org\/wp-content\/uploads\/bb-plugin\/cache\/2025_211_Icon-Sets_Kinship-square-45bdf872866f5735f842c32071109267-.png\" alt=\"\u00cdcone de parentesco\" itemprop=\"image\" height=\"417\" width=\"417\" title=\"2025_211_Conjuntos de \u00edcones_Parentesco\" onerror=\"this.style.display='none'\" loading=\"lazy\" \/>\n\t\t\t\t<\/a>\n\t\t<h4><a href=\"\/pt\/recursos\/servicos-legais\/?utm_source=Home&#038;utm_medium=Referral&#038;utm_campaign=211Resources&#038;utm_content=Legal\" target=\"_self\">Servi\u00e7os legais<\/a><\/h4>\n\t\t\t\t<a href=\"\/pt\/recursos\/servicos-legais\/?utm_source=Home&#038;utm_medium=Referral&#038;utm_campaign=211Resources&#038;utm_content=Legal\"  target=\"_self\" itemprop=\"url\">\n\t\t\t\t<img decoding=\"async\" src=\"https:\/\/211md.org\/wp-content\/uploads\/bb-plugin\/cache\/2025_MdInfoNet_Icon-Sets_Legal-square-18fdf438feb8435588174d9046463257-.png\" alt=\"\" itemprop=\"image\" onerror=\"this.style.display='none'\" loading=\"lazy\" \/>\n\t\t\t\t<\/a>\n\t\t<h4><a href=\"\/pt\/recursos\/saude-mental\/?utm_source=Home&#038;utm_medium=Referral&#038;utm_campaign=211Resources&#038;utm_content=Mental\" target=\"_self\">Sa\u00fade mental<\/a><\/h4>\n\t\t\t\t<a href=\"\/pt\/recursos\/saude-mental\/?utm_source=Home&#038;utm_medium=Referral&#038;utm_campaign=211Resources&#038;utm_content=Mental\"  target=\"_self\" itemprop=\"url\">\n\t\t\t\t<img decoding=\"async\" src=\"https:\/\/211md.org\/wp-content\/uploads\/bb-plugin\/cache\/2025_MdInfoNet_Icon-Sets_Mental-Health-square-c59b38c4a993a947d4c9280fbe2d2fee-.png\" alt=\"\" itemprop=\"image\" onerror=\"this.style.display='none'\" loading=\"lazy\" \/>\n\t\t\t\t<\/a>\n\t\t<h4><a href=\"\/pt\/recursos\/mdreentry\/?utm_source=Home&#038;utm_medium=Referral&#038;utm_campaign=211Resources&#038;utm_content=Reentry\" target=\"_self\">Reentrada<\/a><\/h4>\n\t\t\t\t<a href=\"\/pt\/recursos\/mdreentry\/?utm_source=Home&#038;utm_medium=Referral&#038;utm_campaign=211Resources&#038;utm_content=Reentry\"  target=\"_self\" itemprop=\"url\">\n\t\t\t\t<img decoding=\"async\" src=\"https:\/\/211md.org\/wp-content\/uploads\/bb-plugin\/cache\/2025_211_Icon-Sets_Reentry-square-8676fea38abd920a832f45642fe31cca-.png\" alt=\"\u00cdcone de reentrada\" itemprop=\"image\" height=\"417\" width=\"417\" title=\"2025_211_Conjuntos de \u00edcones_Reentrada\" onerror=\"this.style.display='none'\" loading=\"lazy\" \/>\n\t\t\t\t<\/a>\n\t\t<h4><a href=\"\/pt\/recursos\/uso-de-substancias\/?utm_source=Home&#038;utm_medium=Referral&#038;utm_campaign=211Resources&#038;utm_content=Substance\" target=\"_self\">Uso de subst\u00e2ncias<\/a><\/h4>\n\t\t\t\t<a href=\"\/pt\/recursos\/uso-de-substancias\/?utm_source=Home&#038;utm_medium=Referral&#038;utm_campaign=211Resources&#038;utm_content=Substance\"  target=\"_self\" itemprop=\"url\">\n\t\t\t\t<img decoding=\"async\" src=\"https:\/\/211md.org\/wp-content\/uploads\/bb-plugin\/cache\/2025_MdInfoNet_Icon-Sets_Substance-Abuse-square-9022fec9d18a64118ad685c101885b55-.png\" alt=\"\" itemprop=\"image\" onerror=\"this.style.display='none'\" loading=\"lazy\" \/>\n\t\t\t\t<\/a>\n\t\t<h4><a href=\"\/pt\/recursos\/veteranos\/?utm_source=Home&#038;utm_medium=Referral&#038;utm_campaign=211Resources&#038;utm_content=Veterans\" target=\"_self\">veteranos<\/a><\/h4>\n\t\t\t\t<a href=\"\/pt\/recursos\/veteranos\/?utm_source=Home&#038;utm_medium=Referral&#038;utm_campaign=211Resources&#038;utm_content=Veterans\"  target=\"_self\" itemprop=\"url\">\n\t\t\t\t<img decoding=\"async\" src=\"https:\/\/211md.org\/wp-content\/uploads\/bb-plugin\/cache\/2025_MdInfoNet_Icon-Sets_Rating-square-6e60d00cce4faa8e0a6d4ad7366aa733-.png\" alt=\"\" itemprop=\"image\" onerror=\"this.style.display='none'\" loading=\"lazy\" \/>\n\t\t\t\t<\/a>","protected":false},"excerpt":{"rendered":"<p>Encontre recursos perto de mim. Pesquise agora. Adicione sua ag\u00eancia ou organiza\u00e7\u00e3o ao nosso banco de dados de recursos. No Condado de Carroll, diversas ag\u00eancias oferecem aos moradores ajuda financeira para cobrir contas de servi\u00e7os p\u00fablicos, despesas com moradia e alimenta\u00e7\u00e3o. Algumas organiza\u00e7\u00f5es tamb\u00e9m podem ajudar com problemas de sa\u00fade mental e abuso de subst\u00e2ncias. Este guia r\u00e1pido de recursos fornece algumas das mais\u2026<\/p>","protected":false},"author":8,"featured_media":0,"parent":750,"menu_order":0,"comment_status":"closed","ping_status":"closed","template":"","meta":{"footnotes":""},"class_list":["post-1702","page","type-page","status-publish","hentry"],"_links":{"self":[{"href":"https:\/\/211md.org\/pt\/wp-json\/wp\/v2\/pages\/1702","targetHints":{"allow":["GET"]}}],"collection":[{"href":"https:\/\/211md.org\/pt\/wp-json\/wp\/v2\/pages"}],"about":[{"href":"https:\/\/211md.org\/pt\/wp-json\/wp\/v2\/types\/page"}],"author":[{"embeddable":true,"href":"https:\/\/211md.org\/pt\/wp-json\/wp\/v2\/users\/8"}],"replies":[{"embeddable":true,"href":"https:\/\/211md.org\/pt\/wp-json\/wp\/v2\/comments?post=1702"}],"version-history":[{"count":4,"href":"https:\/\/211md.org\/pt\/wp-json\/wp\/v2\/pages\/1702\/revisions"}],"predecessor-version":[{"id":34075,"href":"https:\/\/211md.org\/pt\/wp-json\/wp\/v2\/pages\/1702\/revisions\/34075"}],"up":[{"embeddable":true,"href":"https:\/\/211md.org\/pt\/wp-json\/wp\/v2\/pages\/750"}],"wp:attachment":[{"href":"https:\/\/211md.org\/pt\/wp-json\/wp\/v2\/media?parent=1702"}],"curies":[{"name":"wp","href":"https:\/\/api.w.org\/{rel}","templated":true}]}}