{"id":1703,"date":"2021-05-12T00:25:34","date_gmt":"2021-05-12T00:25:34","guid":{"rendered":"https:\/\/211md.org\/?page_id=1703"},"modified":"2026-02-04T09:38:24","modified_gmt":"2026-02-04T14:38:24","slug":"condado-de-frederick","status":"publish","type":"page","link":"https:\/\/211md.org\/pt\/resources-by-county\/frederick-county\/","title":{"rendered":"Condado de Frederick"},"content":{"rendered":"<h2><a href=\"https:\/\/search.211md.org\/\" target=\"_blank\"  rel=\"noopener\">Encontre recursos perto de mim<\/a><\/h2>\n\t\t\t<a href=\"https:\/\/search.211md.org\/\" target=\"_blank\" rel=\"noopener\">\n\t\t\t\t\t\t\tProcure agora\n\t\t\t<\/a>\n\t<p><strong><a href=\"\/pt\/juntar-nosso-banco-de-dados\/\">Adicione sua ag\u00eancia ou organiza\u00e7\u00e3o ao nosso banco de dados de recursos.<\/a><\/strong><\/p>\n\t<p>Voc\u00ea mora em Frederick ou em uma das comunidades vizinhas, incluindo Ballenger Creek, Buckeystown, New Market, Mount Airy, Woodsboro, Braddock Heights ou Middletown?<\/p>\n<p>Disque 2-1-1 para se conectar a recursos essenciais.<\/p>\n<p>Voc\u00ea tamb\u00e9m pode pesquisar o banco de dados para encontrar recursos perto de voc\u00ea.<\/p>\n\t\t<h2>\t\n\tLigue para 2-1-1<\/h2><p>Conecte-se aos recursos da comunidade e suporte 24 horas por dia, 7 dias por semana, 365 dias por ano.<\/p>\n<p>&nbsp;<\/p>\n<h2>Servi\u00e7os de sa\u00fade mental ambulantes no condado de Frederick<\/h2>\n<p>No condado de Frederick, o <strong><a href=\"https:\/\/fcmha.org\/\" target=\"_blank\" rel=\"noopener\">Associa\u00e7\u00e3o de Sa\u00fade Mental do Condado de Frederick<\/a><\/strong> (MHA) \u00e9 um call center 211 que oferece suporte a crises 24\/7\/365.<\/p>\n<p>MHA tem uma urg\u00eancia <strong><a href=\"https:\/\/fcmha.org\/how-we-help\/behavioral-health\" target=\"_blank\" rel=\"noopener\">servi\u00e7o de sa\u00fade comportamental ambulante<\/a><\/strong> em Frederick, Maryland, local. Os conselheiros est\u00e3o dispon\u00edveis 24 horas por dia, 7 dias por semana, para ajudar em crises de sa\u00fade mental, familiares ou de relacionamento.<\/p>\nA cl\u00ednica ambulatorial est\u00e1 localizada em:<br \/>\nRua Montevue, 340<br \/>\nFrederico, MD 21702\n<p>Voc\u00ea tamb\u00e9m pode usar seus <a href=\"https:\/\/fcmha.org\/how-we-help\/behavioral-health\/telehealth\/\" target=\"_blank\" rel=\"noopener\">servi\u00e7os de atendimento virtual<\/a>.<\/p>\n<p>Se precisar de ajuda imediata, voc\u00ea tamb\u00e9m pode ligar ou enviar uma mensagem de texto para 988. Voc\u00ea tamb\u00e9m pode<a href=\"https:\/\/search.988.mdinfonet.org\/\" target=\"_blank\" rel=\"noopener\"> pesquise o recurso de sa\u00fade comportamental do estado<\/a> banco de dados, fornecido pela Maryland Information Network.<\/p>\n<h3>Servi\u00e7os de terapia e aconselhamento<\/h3>\n<p>Servi\u00e7os de terapia e psiquiatria tamb\u00e9m est\u00e3o dispon\u00edveis por uma taxa vari\u00e1vel. Eles podem ajudar com:<\/p>\n<ul>\n<li>casais\/quest\u00f5es conjugais<\/li>\n<li>problemas de comportamento infantil<\/li>\n<li>transi\u00e7\u00f5es de vida ou trauma<\/li>\n<li>depress\u00e3o<\/li>\n<li>transtornos de ansiedade<\/li>\n<li>raiva<\/li>\n<li>Transtorno de D\u00e9ficit de Aten\u00e7\u00e3o e Hiperatividade (TDAH).<\/li>\n<\/ul>\n<p><strong><a href=\"https:\/\/fcmha.org\/how-we-help\/counseling-services\" target=\"_blank\" rel=\"noopener\">Saiba mais sobre estes servi\u00e7os de aconselhamento<\/a><\/strong>, e marque um encontro.<\/p>\n<p>A MHA tamb\u00e9m oferece\u00a0<strong><a href=\"https:\/\/fcmha.org\/how-we-help\/support-groups\" target=\"_blank\" rel=\"noopener\">grupos de apoio<\/a><\/strong> para fam\u00edlias que perderam um ente querido para suic\u00eddio e sobreviventes de suic\u00eddio. Voc\u00ea n\u00e3o est\u00e1 sozinho. Gerencie o luto severo, a culpa, a raiva, a depress\u00e3o e o esquecimento com um grupo de apoio.<\/p>\n<h2>Ajuda m\u00e9dica<\/h2>\n<p>A Coaliz\u00e3o Religiosa para Necessidades Humanas de Emerg\u00eancia fornece <a href=\"https:\/\/thereligiouscoalition.org\/need-help\/healthcare-programs\/\" target=\"_blank\" rel=\"noopener\">prescri\u00e7\u00e3o e assist\u00eancia odontol\u00f3gica<\/a>. Eles ajudam algumas centenas de pessoas todos os anos por meio desses programas.<\/p>\n<p>O programa de medicamentos prescritos oferece assist\u00eancia a indiv\u00edduos que precisam de ajuda para pagar medicamentos que salvam vidas. As receitas s\u00e3o preenchidas em farm\u00e1cias parceiras.<\/p>\n<h3>Ajuda odontol\u00f3gica<\/h3>\n<p>O programa odontol\u00f3gico est\u00e1 dispon\u00edvel para residentes do Condado de Frederick com 51 anos ou mais que precisam de ajuda odontol\u00f3gica de emerg\u00eancia com procedimentos odontol\u00f3gicos simples.<\/p>\n<p>Para as crian\u00e7as, h\u00e1 uma cl\u00ednica de odontopediatria no <a href=\"https:\/\/health.frederickcountymd.gov\/264\/Dental-Clinic\" target=\"_blank\" rel=\"noopener\">Departamento de Sa\u00fade do Condado de Frederick<\/a> para crian\u00e7as sem seguro ou com assist\u00eancia m\u00e9dica. Os servi\u00e7os odontol\u00f3gicos s\u00e3o fornecidos para crian\u00e7as de 1 a 18 anos, incluindo crian\u00e7as com necessidades especiais. As crian\u00e7as podem fazer limpezas dent\u00e1rias de rotina, radiografias, fl\u00faor, obtura\u00e7\u00f5es, selantes e extra\u00e7\u00f5es de rotina.<\/p>\n<p>Embora os adultos n\u00e3o possam receber tratamento na Cl\u00ednica Odontol\u00f3gica do Departamento de Sa\u00fade, s\u00e3o fornecidos vouchers para reduzir o custo de cirurgias odontol\u00f3gicas em consult\u00f3rios particulares de cirurgi\u00f5es-dentistas locais.<\/p>\n<p>Se voc\u00ea n\u00e3o se qualificar para um desses programas odontol\u00f3gicos no Condado de Frederick, tamb\u00e9m poder\u00e1 <a href=\"https:\/\/211md.org\/pt\/recursos\/cuidados-de-saude\/cuidado-dental\/\">conhe\u00e7a outros atendimentos odontol\u00f3gicos<\/a> em Maryland.<\/p>\n<h3>Exames preventivos<\/h3>\n<p>A Divis\u00e3o de Servi\u00e7os Comunit\u00e1rios de Sa\u00fade do Condado de Frederick fornece <a href=\"https:\/\/health.frederickcountymd.gov\/218\/Preventive-Health-Services\" target=\"_blank\" rel=\"noopener\">servi\u00e7os gratuitos de sa\u00fade preventiva<\/a>. Indiv\u00edduos eleg\u00edveis podem obter um rastreamento gratuito de c\u00e2ncer colorretal, c\u00e2ncer de mama ou c\u00e2ncer cervical. Eles tamb\u00e9m t\u00eam um <a href=\"https:\/\/health.frederickcountymd.gov\/499\/Healthy-Hearts-Blood-Pressure-Self-Monit\" target=\"_blank\" rel=\"noopener\">Programa de press\u00e3o arterial de cora\u00e7\u00f5es saud\u00e1veis<\/a>, que oferece orienta\u00e7\u00e3o e apoio a adultos com hipertens\u00e3o.<\/p>\n<h2>Abrigo para sem-teto<\/h2>\n<p>Se voc\u00ea ou algu\u00e9m que voc\u00ea conhece precisa de moradia de emerg\u00eancia, voc\u00ea pode obter ajuda no <a href=\"https:\/\/thereligiouscoalition.org\/need-help\/emergency-shelter-programs\/\" target=\"_blank\" rel=\"noopener\">Alan P Linton, Jr. Abrigo de emerg\u00eancia<\/a>. \u00c9 a maior instala\u00e7\u00e3o do condado de Frederick, com 88 leitos para adultos sem-teto.<\/p>\n<p>A Coaliz\u00e3o Religiosa para Necessidades Humanas de Emerg\u00eancia tamb\u00e9m tem um <a href=\"https:\/\/thereligiouscoalition.org\/need-help\/emergency-shelter-programs\/emergency-family-shelter\/\" target=\"_blank\" rel=\"noopener\">abrigo familiar de emerg\u00eancia<\/a>.<\/p>\n<p>A organiza\u00e7\u00e3o tamb\u00e9m trabalha com indiv\u00edduos na transi\u00e7\u00e3o para habita\u00e7\u00e3o permanente. <a href=\"https:\/\/thereligiouscoalition.org\/need-help\/after-shelter-programs\/\" target=\"_blank\" rel=\"noopener\">Depois da tempestade<\/a> fornece aos clientes eleg\u00edveis do abrigo ajuda habitacional por um ano. O programa inclui aconselhamento or\u00e7ament\u00e1rio, suporte de gerenciamento de caso, poss\u00edvel ajuda com dep\u00f3sito de seguran\u00e7a, assist\u00eancia com aluguel, ajuda com utilit\u00e1rios, cursos de treinamento, ajuda com receitas m\u00e9dicas e encaminhamento para a Second Chance Garage para ajuda com um carro.<\/p>\n<h3>Suporte de transporte<\/h3>\n<p>Se voc\u00ea trabalha com uma ag\u00eancia de sa\u00fade e servi\u00e7os humanos no condado de Frederick e precisa de ajuda com transporte, pode ter direito \u00e0 ajuda de <a href=\"https:\/\/secondchancesgarage.org\/receive-a-car\/\" target=\"_blank\" rel=\"noopener\">Garagem Segundas Chances<\/a>. \u00c9 um programa de ve\u00edculos de baixo custo. A organiza\u00e7\u00e3o trabalha com <a href=\"https:\/\/secondchancesgarage.org\/partner-agencies\/\" target=\"_blank\" rel=\"noopener\">essas ag\u00eancias parceiras<\/a>. Voc\u00ea deve estar recebendo suporte cont\u00ednuo de um deles ou ser rec\u00e9m-formado em seu programa. A ag\u00eancia parceira determina a elegibilidade.<\/p>\n<p>O p\u00fablico em geral tamb\u00e9m pode comprar um carro de baixo custo na Second Chances Garage. N\u00e3o h\u00e1 planos de financiamento ou pagamento e os rendimentos apoiam o programa de parceria para os necessitados.<\/p>\n<h2><b>Obtenha ajuda agora<\/b><\/h2>\n<p>Voc\u00ea precisa de ajuda para preencher seus impostos, encontrar uma despensa de alimentos ou preencher um formul\u00e1rio para assist\u00eancia de servi\u00e7os p\u00fablicos? Disque 2-1-1 e um especialista em informa\u00e7\u00f5es e refer\u00eancias pode ajud\u00e1-lo 24 horas por dia, 7 dias por semana, 365 dias por ano.<\/p>\n<p>211 ir\u00e1 conect\u00e1-lo a um recurso local, incluindo o <a href=\"https:\/\/dhs.maryland.gov\/local-offices\/frederick-county\/\" target=\"_blank\" rel=\"noopener\">Departamento de Servi\u00e7os Sociais do Condado de Frederick<\/a>, que tamb\u00e9m oferece suporte, incluindo vale-refei\u00e7\u00e3o, assist\u00eancia monet\u00e1ria tempor\u00e1ria, bolsas de assist\u00eancia infantil, Medicaid e muito mais.<\/p>\n<p>Voc\u00ea tamb\u00e9m pode pesquisar recursos por categoria.<\/p>\n\t\t<h4><a href=\"\/pt\/recursos\/envelhecimento-incapacidade\/?utm_source=Home&#038;utm_medium=Referral&#038;utm_campaign=211Resources&#038;utm_content=Aging\" target=\"_self\">Envelhecimento e Defici\u00eancia<\/a><\/h4>\n\t\t\t\t<a href=\"\/pt\/recursos\/envelhecimento-incapacidade\/?utm_source=Home&#038;utm_medium=Referral&#038;utm_campaign=211Resources&#038;utm_content=Aging\"  target=\"_self\" itemprop=\"url\">\n\t\t\t\t<img decoding=\"async\" src=\"https:\/\/211md.org\/wp-content\/uploads\/bb-plugin\/cache\/2025_MdInfoNet_Icon-Sets_Aging-disability-square-c466727102cae71e5f27b8539bb51945-.png\" alt=\"\" itemprop=\"image\" onerror=\"this.style.display='none'\" loading=\"lazy\" \/>\n\t\t\t\t<\/a>\n\t\t<h4><a href=\"\/pt\/recursos\/criancas-familias\/?utm_source=Home&#038;utm_medium=Referral&#038;utm_campaign=211Resources&#038;utm_content=Children\" target=\"_self\">Crian\u00e7as e Fam\u00edlias<\/a><\/h4>\n\t\t\t\t<a href=\"\/pt\/recursos\/criancas-familias\/?utm_source=Home&#038;utm_medium=Referral&#038;utm_campaign=211Resources&#038;utm_content=Children\"  target=\"_self\" itemprop=\"url\">\n\t\t\t\t<img decoding=\"async\" src=\"https:\/\/211md.org\/wp-content\/uploads\/bb-plugin\/cache\/2025_211_Icon-Sets_Child-care-square-f3b0d4edab3dcc467fadb5f55f4064c6-.png\" alt=\"2025_211_Conjuntos de \u00edcones_Cuidados infantis\" itemprop=\"image\" height=\"417\" width=\"417\" title=\"2025_211_Conjuntos de \u00edcones_Cuidados infantis\" onerror=\"this.style.display='none'\" loading=\"lazy\" \/>\n\t\t\t\t<\/a>\n\t\t<h4><a href=\"\/pt\/recursos\/violencia-domestica-familiar\/?utm_source=Home&#038;utm_medium=Referral&#038;utm_campaign=211Resources&#038;utm_content=Domestic\" target=\"_self\">Viol\u00eancia dom\u00e9stica<\/a><\/h4>\n\t\t\t\t<a href=\"\/pt\/recursos\/violencia-domestica-familiar\/?utm_source=Home&#038;utm_medium=Referral&#038;utm_campaign=211Resources&#038;utm_content=Domestic\"  target=\"_self\" itemprop=\"url\">\n\t\t\t\t<img decoding=\"async\" src=\"https:\/\/211md.org\/wp-content\/uploads\/bb-plugin\/cache\/2025_211_Icon-Sets_Domestic-Violence-square-7b597694a6f05fe90cdc376aa573bc63-.png\" alt=\"\u00cdcone de viol\u00eancia dom\u00e9stica\" itemprop=\"image\" height=\"417\" width=\"417\" title=\"2025_211_Conjuntos de \u00edcones_Viol\u00eancia dom\u00e9stica\" onerror=\"this.style.display='none'\" loading=\"lazy\" \/>\n\t\t\t\t<\/a>\n\t\t<h4><a href=\"\/pt\/recursos\/procura-de-emprego\/?utm_source=Home&#038;utm_medium=Referral&#038;utm_campaign=211Resources&#038;utm_content=Employment\" target=\"_self\">Emprego<\/a><\/h4>\n\t\t\t\t<a href=\"\/pt\/recursos\/procura-de-emprego\/?utm_source=Home&#038;utm_medium=Referral&#038;utm_campaign=211Resources&#038;utm_content=Employment\"  target=\"_self\" itemprop=\"url\">\n\t\t\t\t<img decoding=\"async\" src=\"https:\/\/211md.org\/wp-content\/uploads\/bb-plugin\/cache\/2025_MdInfoNet_Icon-Sets_Employment-square-44707bd410e4df10a470bf130ebcea86-.png\" alt=\"\" itemprop=\"image\" onerror=\"this.style.display='none'\" loading=\"lazy\" \/>\n\t\t\t\t<\/a>\n\t\t<h4><a href=\"\/pt\/recursos\/cuidados-de-saude\/?utm_source=Home&#038;utm_medium=Referral&#038;utm_campaign=211Resources&#038;utm_content=Health%20Care\" target=\"_self\">Cuidados de sa\u00fade<\/a><\/h4>\n\t\t\t\t<a href=\"\/pt\/recursos\/cuidados-de-saude\/?utm_source=Home&#038;utm_medium=Referral&#038;utm_campaign=211Resources&#038;utm_content=Health%20Care\"  target=\"_self\" itemprop=\"url\">\n\t\t\t\t<img decoding=\"async\" src=\"https:\/\/211md.org\/wp-content\/uploads\/bb-plugin\/cache\/2025_MdInfoNet_Icon-Sets_Health-Care-square-dee98a0060cbe0e7f27eda253fc12679-.png\" alt=\"\" itemprop=\"image\" onerror=\"this.style.display='none'\" loading=\"lazy\" \/>\n\t\t\t\t<\/a>\n\t\t<h4><a href=\"\/pt\/recursos\/criancas-familias\/cuidados-de-parentesco\/?utm_source=Home&#038;utm_medium=Referral&#038;utm_campaign=211Resources&#038;utm_content=Kinship\" target=\"_self\">Parentesco<\/a><\/h4>\n\t\t\t\t<a href=\"\/pt\/recursos\/criancas-familias\/cuidados-de-parentesco\/?utm_source=Home&#038;utm_medium=Referral&#038;utm_campaign=211Resources&#038;utm_content=Kinship\"  target=\"_self\" itemprop=\"url\">\n\t\t\t\t<img decoding=\"async\" src=\"https:\/\/211md.org\/wp-content\/uploads\/bb-plugin\/cache\/2025_211_Icon-Sets_Kinship-square-45bdf872866f5735f842c32071109267-.png\" alt=\"\u00cdcone de parentesco\" itemprop=\"image\" height=\"417\" width=\"417\" title=\"2025_211_Conjuntos de \u00edcones_Parentesco\" onerror=\"this.style.display='none'\" loading=\"lazy\" \/>\n\t\t\t\t<\/a>\n\t\t<h4><a href=\"\/pt\/recursos\/servicos-legais\/?utm_source=Home&#038;utm_medium=Referral&#038;utm_campaign=211Resources&#038;utm_content=Legal\" target=\"_self\">Servi\u00e7os legais<\/a><\/h4>\n\t\t\t\t<a href=\"\/pt\/recursos\/servicos-legais\/?utm_source=Home&#038;utm_medium=Referral&#038;utm_campaign=211Resources&#038;utm_content=Legal\"  target=\"_self\" itemprop=\"url\">\n\t\t\t\t<img decoding=\"async\" src=\"https:\/\/211md.org\/wp-content\/uploads\/bb-plugin\/cache\/2025_MdInfoNet_Icon-Sets_Legal-square-18fdf438feb8435588174d9046463257-.png\" alt=\"\" itemprop=\"image\" onerror=\"this.style.display='none'\" loading=\"lazy\" \/>\n\t\t\t\t<\/a>\n\t\t<h4><a href=\"\/pt\/recursos\/saude-mental\/?utm_source=Home&#038;utm_medium=Referral&#038;utm_campaign=211Resources&#038;utm_content=Mental\" target=\"_self\">Sa\u00fade mental<\/a><\/h4>\n\t\t\t\t<a href=\"\/pt\/recursos\/saude-mental\/?utm_source=Home&#038;utm_medium=Referral&#038;utm_campaign=211Resources&#038;utm_content=Mental\"  target=\"_self\" itemprop=\"url\">\n\t\t\t\t<img decoding=\"async\" src=\"https:\/\/211md.org\/wp-content\/uploads\/bb-plugin\/cache\/2025_MdInfoNet_Icon-Sets_Mental-Health-square-c59b38c4a993a947d4c9280fbe2d2fee-.png\" alt=\"\" itemprop=\"image\" onerror=\"this.style.display='none'\" loading=\"lazy\" \/>\n\t\t\t\t<\/a>\n\t\t<h4><a href=\"\/pt\/recursos\/mdreentry\/?utm_source=Home&#038;utm_medium=Referral&#038;utm_campaign=211Resources&#038;utm_content=Reentry\" target=\"_self\">Reentrada<\/a><\/h4>\n\t\t\t\t<a href=\"\/pt\/recursos\/mdreentry\/?utm_source=Home&#038;utm_medium=Referral&#038;utm_campaign=211Resources&#038;utm_content=Reentry\"  target=\"_self\" itemprop=\"url\">\n\t\t\t\t<img decoding=\"async\" src=\"https:\/\/211md.org\/wp-content\/uploads\/bb-plugin\/cache\/2025_211_Icon-Sets_Reentry-square-8676fea38abd920a832f45642fe31cca-.png\" alt=\"\u00cdcone de reentrada\" itemprop=\"image\" height=\"417\" width=\"417\" title=\"2025_211_Conjuntos de \u00edcones_Reentrada\" onerror=\"this.style.display='none'\" loading=\"lazy\" \/>\n\t\t\t\t<\/a>\n\t\t<h4><a href=\"\/pt\/recursos\/uso-de-substancias\/?utm_source=Home&#038;utm_medium=Referral&#038;utm_campaign=211Resources&#038;utm_content=Substance\" target=\"_self\">Uso de subst\u00e2ncias<\/a><\/h4>\n\t\t\t\t<a href=\"\/pt\/recursos\/uso-de-substancias\/?utm_source=Home&#038;utm_medium=Referral&#038;utm_campaign=211Resources&#038;utm_content=Substance\"  target=\"_self\" itemprop=\"url\">\n\t\t\t\t<img decoding=\"async\" src=\"https:\/\/211md.org\/wp-content\/uploads\/bb-plugin\/cache\/2025_MdInfoNet_Icon-Sets_Substance-Abuse-square-9022fec9d18a64118ad685c101885b55-.png\" alt=\"\" itemprop=\"image\" onerror=\"this.style.display='none'\" loading=\"lazy\" \/>\n\t\t\t\t<\/a>\n\t\t<h4><a href=\"\/pt\/recursos\/veteranos\/?utm_source=Home&#038;utm_medium=Referral&#038;utm_campaign=211Resources&#038;utm_content=Veterans\" target=\"_self\">veteranos<\/a><\/h4>\n\t\t\t\t<a href=\"\/pt\/recursos\/veteranos\/?utm_source=Home&#038;utm_medium=Referral&#038;utm_campaign=211Resources&#038;utm_content=Veterans\"  target=\"_self\" itemprop=\"url\">\n\t\t\t\t<img decoding=\"async\" src=\"https:\/\/211md.org\/wp-content\/uploads\/bb-plugin\/cache\/2025_MdInfoNet_Icon-Sets_Rating-square-6e60d00cce4faa8e0a6d4ad7366aa733-.png\" alt=\"\" itemprop=\"image\" onerror=\"this.style.display='none'\" loading=\"lazy\" \/>\n\t\t\t\t<\/a>","protected":false},"excerpt":{"rendered":"<p>Encontre recursos perto de mim Pesquise agora Adicione sua ag\u00eancia ou organiza\u00e7\u00e3o ao nosso banco de dados de recursos. Voc\u00ea mora em Frederick ou em uma das comunidades vizinhas, incluindo Ballenger Creek, Buckeystown, New Market, Mount Airy, Woodsboro, Braddock Heights ou Middletown? Disque 2-1-1 para se conectar a recursos essenciais. Voc\u00ea tamb\u00e9m pode pesquisar no banco de dados para encontrar\u2026<\/p>","protected":false},"author":8,"featured_media":3795,"parent":750,"menu_order":0,"comment_status":"closed","ping_status":"closed","template":"","meta":{"footnotes":""},"class_list":["post-1703","page","type-page","status-publish","has-post-thumbnail","hentry"],"_links":{"self":[{"href":"https:\/\/211md.org\/pt\/wp-json\/wp\/v2\/pages\/1703","targetHints":{"allow":["GET"]}}],"collection":[{"href":"https:\/\/211md.org\/pt\/wp-json\/wp\/v2\/pages"}],"about":[{"href":"https:\/\/211md.org\/pt\/wp-json\/wp\/v2\/types\/page"}],"author":[{"embeddable":true,"href":"https:\/\/211md.org\/pt\/wp-json\/wp\/v2\/users\/8"}],"replies":[{"embeddable":true,"href":"https:\/\/211md.org\/pt\/wp-json\/wp\/v2\/comments?post=1703"}],"version-history":[{"count":3,"href":"https:\/\/211md.org\/pt\/wp-json\/wp\/v2\/pages\/1703\/revisions"}],"predecessor-version":[{"id":34080,"href":"https:\/\/211md.org\/pt\/wp-json\/wp\/v2\/pages\/1703\/revisions\/34080"}],"up":[{"embeddable":true,"href":"https:\/\/211md.org\/pt\/wp-json\/wp\/v2\/pages\/750"}],"wp:featuredmedia":[{"embeddable":true,"href":"https:\/\/211md.org\/pt\/wp-json\/wp\/v2\/media\/3795"}],"wp:attachment":[{"href":"https:\/\/211md.org\/pt\/wp-json\/wp\/v2\/media?parent=1703"}],"curies":[{"name":"wp","href":"https:\/\/api.w.org\/{rel}","templated":true}]}}