{"id":1705,"date":"2021-05-12T00:25:51","date_gmt":"2021-05-12T00:25:51","guid":{"rendered":"https:\/\/211md.org\/?page_id=1705"},"modified":"2026-02-04T09:14:10","modified_gmt":"2026-02-04T14:14:10","slug":"condado-de-allegany","status":"publish","type":"page","link":"https:\/\/211md.org\/pt\/resources-by-county\/allegany-county\/","title":{"rendered":"Allegany County Community Resources"},"content":{"rendered":"<figure data-animation-delay=\"0\" data-animation-duration=\"1\" itemscope itemtype=\"https:\/\/schema.org\/ImageObject\">\n\t\t\t\t<img decoding=\"async\" src=\"https:\/\/stg-maryland211-staging.kinsta.cloud\/wp-content\/uploads\/2025\/08\/5-1-scaled.png\" alt=\"5\" height=\"692\" width=\"2560\" title=\"5\" onerror=\"this.style.display='none'\" loading=\"lazy\" \/>\n\t<\/figure>\n\t\t<p>In Allegany County, 211 callers often request resources for housing, utilities, food, and mental health. This quick guide directs Marylanders to local programs that can assist with these needs.<\/p>\n<p>You can also search for local organizations that can help by ZIP code in the 211 Community Resource Database.<\/p>\n\t\t\t<a href=\"https:\/\/search.211md.org\/\"  target=\"_blank\" rel=\"noopener\">\n\t\t\t\t\t\tSearch for nearby resources\n\t\t\t\t\t<\/a>\n<figure data-animation-delay=\"0\" data-animation-duration=\"1\" itemscope itemtype=\"https:\/\/schema.org\/ImageObject\">\n\t\t\t\t<img decoding=\"async\" src=\"https:\/\/211md.org\/wp-content\/plugins\/bb-plugin\/img\/pixel.png\" alt=\"\" onerror=\"this.style.display='none'\" loading=\"lazy\" \/>\n\t<\/figure>\n<figure data-animation-delay=\"0\" data-animation-duration=\"1.3\" itemscope itemtype=\"https:\/\/schema.org\/ImageObject\">\n\t\t\t\t<img decoding=\"async\" src=\"https:\/\/stg-maryland211-staging.kinsta.cloud\/wp-content\/uploads\/2025\/08\/16.png\" alt=\"16\" height=\"1000\" width=\"1000\" title=\"16\" onerror=\"this.style.display='none'\" loading=\"lazy\" \/>\n\t<\/figure>\n<figure data-animation-delay=\"0\" data-animation-duration=\"1\" itemscope itemtype=\"https:\/\/schema.org\/ImageObject\">\n\t\t\t\t<img decoding=\"async\" src=\"http:\/\/211md.org\/wp-content\/uploads\/2024\/05\/utility-bills.jpg\" alt=\"contas de servi\u00e7os p\u00fablicos\" title=\"contas de servi\u00e7os p\u00fablicos\" onerror=\"this.style.display='none'\" loading=\"lazy\" \/>\n\t<\/figure>\n\t\t<h2><a href=\"\/pt\/recursos\/utilitario-assistencia\/\" target=\"_self\">Assist\u00eancia de utilidade<\/a><\/h2><p>Do you have a shut-off notice for your utilities?<\/p>\n<p><a href=\"https:\/\/associatedcharities.net\/\" target=\"_blank\" rel=\"noopener\">Institui\u00e7\u00f5es de caridade associadas de Cumberland<\/a> oferece ajuda emergencial para clientes de servi\u00e7os p\u00fablicos que receberam um aviso de desligamento.<\/p>\n<p>Energy assistance grants are also available through the Maryland Office of Home Energy Programs (OHEP) for those who qualify.<\/p>\n<p>Learn more about income qualifications for OHEP\u00a0and other utility assistance programs.<\/p>\n\t\t\t<a href=\"\/pt\/recursos\/utilitario-assistencia\/\"  target=\"_self\">\n\t\t\t\t\t\tRead 211&#8217;s Guide to Utility Assistance\n\t\t\t\t\t<\/a>\n\t<h2>Get help with food and medicine<\/h2>\n<p>In addition to utility assistance, <a href=\"https:\/\/associatedcharities.net\/\" target=\"_blank\" rel=\"noopener\">Institui\u00e7\u00f5es de caridade associadas de Cumberland<\/a> can also help with:<\/p>\n<ul>\n<li>comida<\/li>\n<li>roupas<\/li>\n<li>medicamentos prescritos<\/li>\n<\/ul>\n<p>They offer food vouchers and groceries, some clothing, and short-term and long-term prescription drug help. The organization assists with emergency medication and prescriptions for immediate needs.<\/p>\n<p>Associated Charities can also help Allegany residents fill out applications for long-term prescription drug programs.<\/p>\n<p>o\u00a0<a href=\"https:\/\/search.211md.org\/search\/676ad679e252a5170f68df86b434dbcc\" target=\"_blank\" rel=\"noopener\">Ex\u00e9rcito de Salva\u00e7\u00e3o de Allegany e Garrett County<\/a> is another agency that can help with basic needs.<\/p>\n<p>They have a:<\/p>\n<ul>\n<li>despensa de alimentos<\/li>\n<li>free and reduced-cost clothing and furniture<\/li>\n<li>youth programs<\/li>\n<li>program offering financial help with utility bills, fuel, and rent<\/li>\n<\/ul>\n\t\t<h2>Recursos de sa\u00fade mental em Cumberland<\/h2>\n\t\t<p><strong>Se voc\u00ea estiver em crise, ligue para 988 e fale imediatamente com um especialista em crises.\u00a0<\/strong><\/p>\n<p>o\u00a0<a href=\"https:\/\/health.maryland.gov\/allegany\/Pages\/MentalHealthServices.aspx\" target=\"_blank\" rel=\"noopener\">Departamento de Sa\u00fade do Condado de Allegany<\/a>\u00a0em Cumberland oferece servi\u00e7os de sa\u00fade mental para todas as idades. Terapeutas, psiquiatras e enfermeiros licenciados podem abordar quest\u00f5es de sa\u00fade mental.<\/p>\n<p><a href=\"https:\/\/ahecwest.org\/\" target=\"_blank\" rel=\"noopener\">Centro de Educa\u00e7\u00e3o em Sa\u00fade da \u00c1rea de Maryland (AHEC) Oeste<\/a> offers residents access to prevention, treatment, and recovery services for opioids and substance use disorders through Healing Allegany. The nine-member community-based consortium of agencies provides behavioral health and counseling services in Cumberland.\u00a0<a href=\"https:\/\/ahecwest.org\/healing-allegany\/\" target=\"_blank\" rel=\"noopener\">Encontre um programa de cura de Allegany<\/a>.<\/p>\n<h3>Find a behavioral health provider<\/h3>\n<p>You can also search for local behavioral health support. The resources are powered by Maryland Information Network, and you can filter the search results by your specific needs.<\/p>\n\t\t\t<a href=\"https:\/\/search.988.mdinfonet.org\/\" target=\"_blank\" rel=\"noopener\">\n\t\t\t\t\t\tSearch for a Provider\n\t\t\t\t\t<\/a>\n\t<h2><b>Sa\u00fade e cuidados dent\u00e1rios\u00a0<\/b><\/h2>\n<p>o\u00a0<a href=\"https:\/\/health.maryland.gov\/allegany\/Pages\/Home.aspx\" target=\"_blank\" rel=\"noopener\">Departamento de Sa\u00fade<\/a>\u00a0tem v\u00e1rios outros servi\u00e7os relacionados \u00e0 sa\u00fade, incluindo treinamento em naloxona, exames de c\u00e2ncer gratuitos para aqueles que se qualificam, imuniza\u00e7\u00f5es e servi\u00e7os odontol\u00f3gicos para crian\u00e7as e mulheres gr\u00e1vidas.<\/p>\n<p><a href=\"https:\/\/health.maryland.gov\/allegany\/Pages\/ChildandPregnantDental.aspx\" target=\"_blank\" rel=\"noopener\">Programa Odontol\u00f3gico Sorrisos Saud\u00e1veis de Maryland<\/a> est\u00e1 aberto a qualquer crian\u00e7a no condado de Allegany at\u00e9 21 anos de idade e mulheres gr\u00e1vidas no programa Medicaid de Maryland com um cart\u00e3o odontol\u00f3gico ativo.<\/p>\n<p>AHEC West tamb\u00e9m oferece acesso a atendimento odontol\u00f3gico por meio de <a href=\"https:\/\/ahecwest.org\/health-right\/\" target=\"_blank\" rel=\"noopener\">direito a saude<\/a>. Oferece a adultos de baixa renda acesso a servi\u00e7os odontol\u00f3gicos urgentes, como obtura\u00e7\u00f5es e extra\u00e7\u00f5es para pessoas com dor ou com infec\u00e7\u00e3o dent\u00e1ria. O Programa Acesso Odontol\u00f3gico atende 400 pessoas por ano.\u00a0<a href=\"https:\/\/ahecwest.org\/health-right\/\" target=\"_blank\" rel=\"noopener\">Veja se voc\u00ea se qualifica para assist\u00eancia odontol\u00f3gica<\/a>\u00a0atrav\u00e9s do Direito \u00e0 Sa\u00fade.<\/p>\n<p>&nbsp;<\/p>\n<figure data-animation-delay=\"0\" data-animation-duration=\"1\" itemscope itemtype=\"https:\/\/schema.org\/ImageObject\">\n\t\t\t\t<img decoding=\"async\" src=\"https:\/\/211md.org\/wp-content\/uploads\/2024\/06\/Job-training-in-a-warehouse.jpg\" alt=\"Treinamento profissional em um armaz\u00e9m\" height=\"800\" width=\"1200\" title=\"Treinamento profissional em um armaz\u00e9m\" onerror=\"this.style.display='none'\" loading=\"lazy\" \/>\n\t<\/figure>\n\t\t<h2><a href=\"http:\/\/westernmarylandconsortium.org\/\" target=\"_blank\" rel=\"noopener\">Treinamento de trabalho<\/a><\/h2><p>If you need help finding a job, The\u00a0Western Maryland Consortium can provide job skills for residents in Allegany, Garrett and Washington counties. Services available include support with:<\/p>\n<ul>\n<li aria-level=\"1\">Retomar a cria\u00e7\u00e3o<\/li>\n<li aria-level=\"1\">procuras de emprego<\/li>\n<li aria-level=\"1\">Informa\u00e7\u00f5es de carreira<\/li>\n<li aria-level=\"1\">Teste e avalia\u00e7\u00e3o de interesse<\/li>\n<li aria-level=\"1\">Gest\u00e3o de caso<\/li>\n<li aria-level=\"1\">oficinas<\/li>\n<li aria-level=\"1\">Treinamento de habilidades<\/li>\n<\/ul>\n<p>Connect with The Western Maryland Consortium.<\/p>\n\t\t\t<a href=\"http:\/\/westernmarylandconsortium.org\/\" target=\"_blank\" rel=\"noopener\">\n\t\t\t\t\t\tGet Job Help\n\t\t\t\t\t<\/a>\n\t<h3>Search nearby counties<\/h3>\n<p>You can also search for help in nearby counties as some organizations serve residents in neighboring areas. Search for help in <a href=\"https:\/\/211md.org\/pt\/recursos-por-condado\/condado-de-garrett\/\">Garrett<\/a> e <a href=\"https:\/\/211md.org\/pt\/recursos-por-condado\/condado-de-washington\/\">Washington Counties<\/a>.<\/p>\n\t\t<h4><a href=\"\/pt\/recursos\/envelhecimento-incapacidade\/?utm_source=Home&#038;utm_medium=Referral&#038;utm_campaign=211Resources&#038;utm_content=Aging\" target=\"_self\">Envelhecimento e Defici\u00eancia<\/a><\/h4><figure itemscope itemtype=\"https:\/\/schema.org\/ImageObject\">\n\t\t\t\t<a href=\"\/pt\/recursos\/envelhecimento-incapacidade\/?utm_source=Home&#038;utm_medium=Referral&#038;utm_campaign=211Resources&#038;utm_content=Aging\"  target=\"_self\" itemprop=\"url\">\n\t\t\t\t<img decoding=\"async\" src=\"https:\/\/211md.org\/wp-content\/uploads\/bb-plugin\/cache\/2025_MdInfoNet_Icon-Sets_Aging-disability-square-c466727102cae71e5f27b8539bb51945-.png\" alt=\"\" onerror=\"this.style.display='none'\" loading=\"lazy\" \/>\n\t\t\t\t<\/a>\n\t<\/figure>\n\t\t<h4><a href=\"\/pt\/recursos\/criancas-familias\/?utm_source=Home&#038;utm_medium=Referral&#038;utm_campaign=211Resources&#038;utm_content=Children\" target=\"_self\">Crian\u00e7as e Fam\u00edlias<\/a><\/h4><figure itemscope itemtype=\"https:\/\/schema.org\/ImageObject\">\n\t\t\t\t<a href=\"\/pt\/recursos\/criancas-familias\/?utm_source=Home&#038;utm_medium=Referral&#038;utm_campaign=211Resources&#038;utm_content=Children\"  target=\"_self\" itemprop=\"url\">\n\t\t\t\t<img decoding=\"async\" src=\"https:\/\/211md.org\/wp-content\/uploads\/bb-plugin\/cache\/2025_211_Icon-Sets_Child-care-square-f3b0d4edab3dcc467fadb5f55f4064c6-.png\" alt=\"parent and child icon for child care\" height=\"417\" width=\"417\" title=\"2025_211_Conjuntos de \u00edcones_Cuidados infantis\" onerror=\"this.style.display='none'\" loading=\"lazy\" \/>\n\t\t\t\t<\/a>\n\t<\/figure>\n\t\t<h4><a href=\"\/pt\/recursos\/violencia-domestica-familiar\/?utm_source=Home&#038;utm_medium=Referral&#038;utm_campaign=211Resources&#038;utm_content=Domestic\" target=\"_self\">Viol\u00eancia dom\u00e9stica<\/a><\/h4><figure itemscope itemtype=\"https:\/\/schema.org\/ImageObject\">\n\t\t\t\t<a href=\"\/pt\/recursos\/violencia-domestica-familiar\/?utm_source=Home&#038;utm_medium=Referral&#038;utm_campaign=211Resources&#038;utm_content=Domestic\"  target=\"_self\" itemprop=\"url\">\n\t\t\t\t<img decoding=\"async\" src=\"https:\/\/211md.org\/wp-content\/uploads\/bb-plugin\/cache\/2025_211_Icon-Sets_Domestic-Violence-square-7b597694a6f05fe90cdc376aa573bc63-.png\" alt=\"House with a heart in the middle icon\" height=\"417\" width=\"417\" title=\"2025_211_Conjuntos de \u00edcones_Viol\u00eancia dom\u00e9stica\" onerror=\"this.style.display='none'\" loading=\"lazy\" \/>\n\t\t\t\t<\/a>\n\t<\/figure>\n\t\t<h4><a href=\"\/pt\/recursos\/procura-de-emprego\/?utm_source=Home&#038;utm_medium=Referral&#038;utm_campaign=211Resources&#038;utm_content=Employment\" target=\"_self\">Emprego<\/a><\/h4><figure itemscope itemtype=\"https:\/\/schema.org\/ImageObject\">\n\t\t\t\t<a href=\"\/pt\/recursos\/procura-de-emprego\/?utm_source=Home&#038;utm_medium=Referral&#038;utm_campaign=211Resources&#038;utm_content=Employment\"  target=\"_self\" itemprop=\"url\">\n\t\t\t\t<img decoding=\"async\" src=\"https:\/\/211md.org\/wp-content\/uploads\/bb-plugin\/cache\/2025_MdInfoNet_Icon-Sets_Employment-square-44707bd410e4df10a470bf130ebcea86-.png\" alt=\"\" onerror=\"this.style.display='none'\" loading=\"lazy\" \/>\n\t\t\t\t<\/a>\n\t<\/figure>\n\t\t<h4><a href=\"\/pt\/recursos\/cuidados-de-saude\/?utm_source=Home&#038;utm_medium=Referral&#038;utm_campaign=211Resources&#038;utm_content=Health%20Care\" target=\"_self\">Cuidados de sa\u00fade<\/a><\/h4><figure itemscope itemtype=\"https:\/\/schema.org\/ImageObject\">\n\t\t\t\t<a href=\"\/pt\/recursos\/cuidados-de-saude\/?utm_source=Home&#038;utm_medium=Referral&#038;utm_campaign=211Resources&#038;utm_content=Health%20Care\"  target=\"_self\" itemprop=\"url\">\n\t\t\t\t<img decoding=\"async\" src=\"https:\/\/211md.org\/wp-content\/uploads\/bb-plugin\/cache\/2025_MdInfoNet_Icon-Sets_Health-Care-square-dee98a0060cbe0e7f27eda253fc12679-.png\" alt=\"\" onerror=\"this.style.display='none'\" loading=\"lazy\" \/>\n\t\t\t\t<\/a>\n\t<\/figure>\n\t\t<h4><a href=\"\/pt\/recursos\/criancas-familias\/cuidados-de-parentesco\/?utm_source=Home&#038;utm_medium=Referral&#038;utm_campaign=211Resources&#038;utm_content=Kinship\" target=\"_self\">Parentesco<\/a><\/h4><figure itemscope itemtype=\"https:\/\/schema.org\/ImageObject\">\n\t\t\t\t<a href=\"\/pt\/recursos\/criancas-familias\/cuidados-de-parentesco\/?utm_source=Home&#038;utm_medium=Referral&#038;utm_campaign=211Resources&#038;utm_content=Kinship\"  target=\"_self\" itemprop=\"url\">\n\t\t\t\t<img decoding=\"async\" src=\"https:\/\/211md.org\/wp-content\/uploads\/bb-plugin\/cache\/2025_211_Icon-Sets_Kinship-square-45bdf872866f5735f842c32071109267-.png\" alt=\"\u00cdcone de parentesco\" height=\"417\" width=\"417\" title=\"2025_211_Conjuntos de \u00edcones_Parentesco\" onerror=\"this.style.display='none'\" loading=\"lazy\" \/>\n\t\t\t\t<\/a>\n\t<\/figure>\n\t\t<h4><a href=\"\/pt\/recursos\/servicos-legais\/?utm_source=Home&#038;utm_medium=Referral&#038;utm_campaign=211Resources&#038;utm_content=Legal\" target=\"_self\">Servi\u00e7os legais<\/a><\/h4><figure itemscope itemtype=\"https:\/\/schema.org\/ImageObject\">\n\t\t\t\t<a href=\"\/pt\/recursos\/servicos-legais\/?utm_source=Home&#038;utm_medium=Referral&#038;utm_campaign=211Resources&#038;utm_content=Legal\"  target=\"_self\" itemprop=\"url\">\n\t\t\t\t<img decoding=\"async\" src=\"https:\/\/211md.org\/wp-content\/uploads\/bb-plugin\/cache\/2025_MdInfoNet_Icon-Sets_Legal-square-18fdf438feb8435588174d9046463257-.png\" alt=\"\" onerror=\"this.style.display='none'\" loading=\"lazy\" \/>\n\t\t\t\t<\/a>\n\t<\/figure>\n\t\t<h4><a href=\"\/pt\/recursos\/saude-mental\/?utm_source=Home&#038;utm_medium=Referral&#038;utm_campaign=211Resources&#038;utm_content=Mental\" target=\"_self\">Sa\u00fade mental<\/a><\/h4><figure itemscope itemtype=\"https:\/\/schema.org\/ImageObject\">\n\t\t\t\t<a href=\"\/pt\/recursos\/saude-mental\/?utm_source=Home&#038;utm_medium=Referral&#038;utm_campaign=211Resources&#038;utm_content=Mental\"  target=\"_self\" itemprop=\"url\">\n\t\t\t\t<img decoding=\"async\" src=\"https:\/\/211md.org\/wp-content\/uploads\/bb-plugin\/cache\/2025_MdInfoNet_Icon-Sets_Mental-Health-square-c59b38c4a993a947d4c9280fbe2d2fee-.png\" alt=\"\" onerror=\"this.style.display='none'\" loading=\"lazy\" \/>\n\t\t\t\t<\/a>\n\t<\/figure>\n\t\t<h4><a href=\"\/pt\/recursos\/mdreentry\/?utm_source=Home&#038;utm_medium=Referral&#038;utm_campaign=211Resources&#038;utm_content=Reentry\" target=\"_self\">Reentrada<\/a><\/h4><figure itemscope itemtype=\"https:\/\/schema.org\/ImageObject\">\n\t\t\t\t<a href=\"\/pt\/recursos\/mdreentry\/?utm_source=Home&#038;utm_medium=Referral&#038;utm_campaign=211Resources&#038;utm_content=Reentry\"  target=\"_self\" itemprop=\"url\">\n\t\t\t\t<img decoding=\"async\" src=\"https:\/\/211md.org\/wp-content\/uploads\/bb-plugin\/cache\/2025_211_Icon-Sets_Reentry-square-8676fea38abd920a832f45642fe31cca-.png\" alt=\"\u00cdcone de reentrada\" height=\"417\" width=\"417\" title=\"2025_211_Conjuntos de \u00edcones_Reentrada\" onerror=\"this.style.display='none'\" loading=\"lazy\" \/>\n\t\t\t\t<\/a>\n\t<\/figure>\n\t\t<h4><a href=\"\/pt\/recursos\/uso-de-substancias\/?utm_source=Home&#038;utm_medium=Referral&#038;utm_campaign=211Resources&#038;utm_content=Substance\" target=\"_self\">Uso de subst\u00e2ncias<\/a><\/h4><figure itemscope itemtype=\"https:\/\/schema.org\/ImageObject\">\n\t\t\t\t<a href=\"\/pt\/recursos\/uso-de-substancias\/?utm_source=Home&#038;utm_medium=Referral&#038;utm_campaign=211Resources&#038;utm_content=Substance\"  target=\"_self\" itemprop=\"url\">\n\t\t\t\t<img decoding=\"async\" src=\"https:\/\/211md.org\/wp-content\/uploads\/bb-plugin\/cache\/2025_MdInfoNet_Icon-Sets_Substance-Abuse-square-4f414f085e657267739c181957754f48-.png\" alt=\"Pills for substance Use icon\" title=\"2025_MdInfoNet_Icon-Sets_Substance-Abuse\" onerror=\"this.style.display='none'\" loading=\"lazy\" \/>\n\t\t\t\t<\/a>\n\t<\/figure>\n\t\t<h4><a href=\"\/pt\/recursos\/servicos-fiscais\/\" target=\"_self\">Impostos<\/a><\/h4><figure itemscope itemtype=\"https:\/\/schema.org\/ImageObject\">\n\t\t\t\t<a href=\"\/pt\/recursos\/servicos-fiscais\/\"  target=\"_self\" itemprop=\"url\">\n\t\t\t\t<img decoding=\"async\" src=\"https:\/\/211md.org\/wp-content\/uploads\/bb-plugin\/cache\/2025_MdInfoNet_Icon-Sets_Taxes-square-e2aa520919327b1fa037ee92d1164ad1-.png\" alt=\"Piece of paper for blue tax icon\" height=\"417\" width=\"417\" title=\"2025_MdInfoNet_Icon-Sets_Taxes\" onerror=\"this.style.display='none'\" loading=\"lazy\" \/>\n\t\t\t\t<\/a>\n\t<\/figure>\n\t\t<h4><a href=\"\/pt\/recursos\/veteranos\/?utm_source=Home&#038;utm_medium=Referral&#038;utm_campaign=211Resources&#038;utm_content=Veterans\" target=\"_self\">veteranos<\/a><\/h4><figure itemscope itemtype=\"https:\/\/schema.org\/ImageObject\">\n\t\t\t\t<a href=\"\/pt\/recursos\/veteranos\/?utm_source=Home&#038;utm_medium=Referral&#038;utm_campaign=211Resources&#038;utm_content=Veterans\"  target=\"_self\" itemprop=\"url\">\n\t\t\t\t<img decoding=\"async\" src=\"https:\/\/211md.org\/wp-content\/uploads\/bb-plugin\/cache\/2025_MdInfoNet_Icon-Sets_Rating-square-6e60d00cce4faa8e0a6d4ad7366aa733-.png\" alt=\"\" onerror=\"this.style.display='none'\" loading=\"lazy\" \/>\n\t\t\t\t<\/a>\n\t<\/figure>","protected":false},"excerpt":{"rendered":"<p>In Allegany County, 211 callers often request resources for housing, utilities, food, and mental health. This quick guide directs Marylanders to local programs that can assist with these needs. You can also search for local organizations that can help by ZIP code in the 211 Community Resource Database. Search for nearby resources Utility Assistance Do&hellip;<\/p>","protected":false},"author":8,"featured_media":34322,"parent":750,"menu_order":0,"comment_status":"closed","ping_status":"closed","template":"","meta":{"footnotes":""},"class_list":["post-1705","page","type-page","status-publish","has-post-thumbnail","hentry"],"_links":{"self":[{"href":"https:\/\/211md.org\/pt\/wp-json\/wp\/v2\/pages\/1705","targetHints":{"allow":["GET"]}}],"collection":[{"href":"https:\/\/211md.org\/pt\/wp-json\/wp\/v2\/pages"}],"about":[{"href":"https:\/\/211md.org\/pt\/wp-json\/wp\/v2\/types\/page"}],"author":[{"embeddable":true,"href":"https:\/\/211md.org\/pt\/wp-json\/wp\/v2\/users\/8"}],"replies":[{"embeddable":true,"href":"https:\/\/211md.org\/pt\/wp-json\/wp\/v2\/comments?post=1705"}],"version-history":[{"count":5,"href":"https:\/\/211md.org\/pt\/wp-json\/wp\/v2\/pages\/1705\/revisions"}],"predecessor-version":[{"id":4621,"href":"https:\/\/211md.org\/pt\/wp-json\/wp\/v2\/pages\/1705\/revisions\/4621"}],"up":[{"embeddable":true,"href":"https:\/\/211md.org\/pt\/wp-json\/wp\/v2\/pages\/750"}],"wp:featuredmedia":[{"embeddable":true,"href":"https:\/\/211md.org\/pt\/wp-json\/wp\/v2\/media\/34322"}],"wp:attachment":[{"href":"https:\/\/211md.org\/pt\/wp-json\/wp\/v2\/media?parent=1705"}],"curies":[{"name":"wp","href":"https:\/\/api.w.org\/{rel}","templated":true}]}}