{"id":1937,"date":"2021-05-26T19:27:53","date_gmt":"2021-05-26T19:27:53","guid":{"rendered":"https:\/\/211md.org\/?page_id=1937"},"modified":"2023-10-31T14:59:25","modified_gmt":"2023-10-31T18:59:25","slug":"fuga-da-tristeza","status":"publish","type":"page","link":"https:\/\/211md.org\/pt\/escaping-sadness\/","title":{"rendered":"Fugindo da Tristeza"},"content":{"rendered":"<h1>\n\t\tSentindo-se sobrecarregado?\n\t<\/h1>\n\t<h2>Voc\u00ea n\u00e3o est\u00e1 sozinho. 211 Maryland pode ajudar.<br>\nInscreva-se para receber mensagens inspiradoras de apoio de<\/h2>\n<h2>MDMINDHEALTH \/ MDSALUDMENTAL.<\/h2>\n\t\t\t<a href=\"sms:\/\/898-211;?&amp;body=MDMindHealth\" target=\"_blank\" rel=\"noopener\">\n\t\t\t\t\t\t\tInscreva-se agora\n\t\t\t\t\t<\/a>\n\t\t\t<a href=\"sms:\/\/898-211;?&amp;body=MDSaludMental\" target=\"_blank\" rel=\"noopener\">\n\t\t\t\t\t\t\tRegistrar agora\n\t\t\t\t\t<\/a>\n\t<p>Envie uma mensagem de texto MDMindHealth para 898-211. Para Espa\u00f1ol, texto MDSaludMental a 898-211.<\/p>\n<h2>\n\t\t#escapingtristeza\n\t<\/h2>\n<h2>\n\t\tComo funciona\n\t<\/h2>\n\t\t\t\t<img loading=\"lazy\" decoding=\"async\" src=\"https:\/\/211md.org\/wp-content\/uploads\/2021\/05\/Screen-Shot-2021-05-26-at-11.27.15-AM.svg\" alt=\"Imagem do N\u00famero 1\" itemprop=\"image\" height=\"150\" width=\"150\" title=\"Imagem do N\u00famero 1\" onerror=\"this.style.display='none'\">\n<h3>Texto<\/h3>\t\t\n\t\t\t<p>Texto&nbsp;<strong>MDMindHealth<\/strong>&nbsp;para 898-211<\/p>\n<p>Para Espa\u00f1ol, texto&nbsp;<strong>MDSaludMental<\/strong>&nbsp;um 898-211<\/p>\nA frequ\u00eancia das mensagens pode variar. Podem ser aplicadas taxas de dados e mensagens.<br>\nEnvie STOP para cancelar a inscri\u00e7\u00e3o.&nbsp;<strong><a href=\"https:\/\/211md.org\/pt\/sms\/\">Pol\u00edtica de Privacidade e Termos de Servi\u00e7o<\/a>.<\/strong>\n\t\t\t\t<img loading=\"lazy\" decoding=\"async\" src=\"https:\/\/211md.org\/wp-content\/uploads\/2021\/05\/Screen-Shot-2021-05-26-at-11.27.25-AM.svg\" alt=\"imagem do n\u00famero 2\" itemprop=\"image\" height=\"150\" width=\"150\" title=\"Imagem do N\u00famero 2\" onerror=\"this.style.display='none'\">\n<h3>Obtenha suporte<\/h3>\t\t\n\t\t\t<p>Enviaremos mensagens de texto de apoio. Voc\u00ea est\u00e1 no banco do motorista. Fale com um profissional ao vivo ou desista a qualquer momento.<\/p>\n\t\t\t\t<img loading=\"lazy\" decoding=\"async\" src=\"https:\/\/211md.org\/wp-content\/uploads\/2021\/05\/Screen-Shot-2021-05-26-at-11.27.40-AM.svg\" alt=\"imagem do n\u00famero 3\" itemprop=\"image\" height=\"149\" width=\"149\" title=\"Imagem do N\u00famero 3\" onerror=\"this.style.display='none'\">\n<h3>Junte-se \u00e0 comunidade<\/h3>\t\t\n\t\t\t<p>Junte-se \u00e0 nossa comunidade para encontrar outras pessoas que possam se relacionar e obter suporte cont\u00ednuo.<\/p>","protected":false},"excerpt":{"rendered":"<p>Sentindo-se sobrecarregado? Voc\u00ea n\u00e3o est\u00e1 sozinho. 211 Maryland pode ajudar. Inscreva-se para receber mensagens inspiradoras de apoio do MDMINDHEALTH \/ MDSALUDMENTAL. Inscreva-se agora Registre-se Ahora Envie uma mensagem de texto para MDMindHealth para 898-211. Para Espa\u00f1ol, texto MDSaludMental para 898-211. #escapingsadness Como funciona Texto Texto MDMindHealth para 898-211 Para Espa\u00f1ol, texto MDSaludMental a 898-211 A frequ\u00eancia das mensagens pode variar. As taxas de mensagens e dados podem\u2026<\/p>","protected":false},"author":8,"featured_media":0,"parent":0,"menu_order":0,"comment_status":"closed","ping_status":"closed","template":"","meta":{"footnotes":""},"class_list":["post-1937","page","type-page","status-publish","hentry"],"_links":{"self":[{"href":"https:\/\/211md.org\/pt\/wp-json\/wp\/v2\/pages\/1937","targetHints":{"allow":["GET"]}}],"collection":[{"href":"https:\/\/211md.org\/pt\/wp-json\/wp\/v2\/pages"}],"about":[{"href":"https:\/\/211md.org\/pt\/wp-json\/wp\/v2\/types\/page"}],"author":[{"embeddable":true,"href":"https:\/\/211md.org\/pt\/wp-json\/wp\/v2\/users\/8"}],"replies":[{"embeddable":true,"href":"https:\/\/211md.org\/pt\/wp-json\/wp\/v2\/comments?post=1937"}],"version-history":[{"count":0,"href":"https:\/\/211md.org\/pt\/wp-json\/wp\/v2\/pages\/1937\/revisions"}],"wp:attachment":[{"href":"https:\/\/211md.org\/pt\/wp-json\/wp\/v2\/media?parent=1937"}],"curies":[{"name":"wp","href":"https:\/\/api.w.org\/{rel}","templated":true}]}}