{"id":1955,"date":"2021-05-26T21:47:39","date_gmt":"2021-05-26T21:47:39","guid":{"rendered":"https:\/\/211md.org\/?page_id=1955"},"modified":"2024-07-26T11:25:04","modified_gmt":"2024-07-26T15:25:04","slug":"acabar-com-o-estigma","status":"publish","type":"page","link":"https:\/\/211md.org\/pt\/stop-the-stigma\/","title":{"rendered":"Pare o estigma"},"content":{"rendered":"<h1>\n\t\tPare o estigma\n\t<\/h1>\n\t<h2>O suporte relacionado a opioides est\u00e1 dispon\u00edvel para indiv\u00edduos, amigos, familiares e profissionais.<\/h2>\n\t\t\t<a href=\"sms:\/\/898-211;?&#038;body=MDHope\" target=\"_blank\" rel=\"noopener\">\n\t\t\t\t\t\t\tInscreva-se agora\n\t\t\t\t\t<\/a>\n<p>Se voc\u00ea estiver no celular, clique no bot\u00e3o para abrir mensagens de texto. Caso contr\u00e1rio, envie uma mensagem de texto para MDHope para 898-211.<\/p>\n<h2>\n\t\t#stopthestigmamd\n\t<\/h2>\n<h2>\n\t\tComo funciona\n\t<\/h2>\n\t\t\t\t<img loading=\"lazy\" decoding=\"async\" src=\"https:\/\/211md.org\/wp-content\/uploads\/2021\/05\/Screen-Shot-2021-05-26-at-11.27.15-AM.svg\" alt=\"Imagem do N\u00famero 1\" itemprop=\"image\" height=\"150\" width=\"150\" title=\"Imagem do N\u00famero 1\" onerror=\"this.style.display='none'\"  \/>\n<h3>Texto<\/h3><p>Texto\u00a0<strong>MD Hope<\/strong>\u00a0para 898-211 para se inscrever para textos.\u00a0<sup>1<\/sup><\/p>\n\t\t\t\t<img loading=\"lazy\" decoding=\"async\" src=\"https:\/\/211md.org\/wp-content\/uploads\/2021\/05\/Screen-Shot-2021-05-26-at-11.27.25-AM.svg\" alt=\"imagem do n\u00famero 2\" itemprop=\"image\" height=\"150\" width=\"150\" title=\"Imagem do N\u00famero 2\" onerror=\"this.style.display='none'\"  \/>\n<h3>Obtenha suporte<\/h3><p>Encontre op\u00e7\u00f5es de tratamento, obtenha informa\u00e7\u00f5es sobre Naloxona (medicamento para overdose), acesse o suporte ou fale com um profissional ao vivo.<\/p>\n\t\t\t\t<img loading=\"lazy\" decoding=\"async\" src=\"https:\/\/211md.org\/wp-content\/uploads\/2021\/05\/Screen-Shot-2021-05-26-at-11.27.40-AM.svg\" alt=\"imagem do n\u00famero 3\" itemprop=\"image\" height=\"149\" width=\"149\" title=\"Imagem do N\u00famero 3\" onerror=\"this.style.display='none'\"  \/>\n<h3>Use nosso quadro do Facebook<\/h3><p>Mostre seu apoio usando nosso\u00a0<sup>2<\/sup><strong><a href=\"http:\/\/www.facebook.com\/profilepicframes\/?selected_overlay_id=213799703839814\" target=\"_blank\" rel=\"noopener\">Pare o estigma Facebook<\/a><\/strong>\u00a0quadro.<\/p>\n<p><sup>1 <\/sup><em>211 Maryland oferece programas de alerta de mensagem de texto que fornecem informa\u00e7\u00f5es de recursos espec\u00edficos da regi\u00e3o ou fornecem alertas de desastres. Envie STOP para o mesmo n\u00famero para cancelar a assinatura. Termos completos de SMS em <a href=\"https:\/\/211md.org\/pt\/sms\/\">https:\/\/211md.org\/sms\/<\/a> tamb\u00e9m se aplicar\u00e1.<\/em><\/p>\n<p><sup>2<\/sup>\u00a0V\u00e1 para a foto do seu perfil, selecione adicionar moldura e pesquise Stop The Stigma Maryland. Compartilhe o quadro com amigos e familiares. Se voc\u00ea usa Instagram, Twitter ou LinkedIn,\u00a0<a href=\"https:\/\/211md.org\/wp-content\/uploads\/2021\/05\/stop-the-opioid-stigma-hand.jpg\" target=\"_blank\" rel=\"noopener\">baixe esta imagem<\/a>\u00a0e use-a como sua foto de perfil.<\/p>","protected":false},"excerpt":{"rendered":"<p>Stop the Stigma O apoio relacionado aos opioides est\u00e1 dispon\u00edvel para indiv\u00edduos, amigos, familiares e profissionais. Cadastre-se agora Se voc\u00ea estiver no celular, clique no bot\u00e3o para abrir mensagens de texto. Caso contr\u00e1rio, envie uma mensagem de texto para MDHope para 898-211. #stopthestigmamd Como funciona Texto Texto MDEspero 898-211 para se inscrever para receber textos. 1 Obtenha suporte Encontre op\u00e7\u00f5es de tratamento, obtenha informa\u00e7\u00f5es sobre Naloxona\u2026<\/p>","protected":false},"author":8,"featured_media":0,"parent":0,"menu_order":0,"comment_status":"closed","ping_status":"closed","template":"","meta":{"footnotes":""},"class_list":["post-1955","page","type-page","status-publish","hentry"],"_links":{"self":[{"href":"https:\/\/211md.org\/pt\/wp-json\/wp\/v2\/pages\/1955","targetHints":{"allow":["GET"]}}],"collection":[{"href":"https:\/\/211md.org\/pt\/wp-json\/wp\/v2\/pages"}],"about":[{"href":"https:\/\/211md.org\/pt\/wp-json\/wp\/v2\/types\/page"}],"author":[{"embeddable":true,"href":"https:\/\/211md.org\/pt\/wp-json\/wp\/v2\/users\/8"}],"replies":[{"embeddable":true,"href":"https:\/\/211md.org\/pt\/wp-json\/wp\/v2\/comments?post=1955"}],"version-history":[{"count":0,"href":"https:\/\/211md.org\/pt\/wp-json\/wp\/v2\/pages\/1955\/revisions"}],"wp:attachment":[{"href":"https:\/\/211md.org\/pt\/wp-json\/wp\/v2\/media?parent=1955"}],"curies":[{"name":"wp","href":"https:\/\/api.w.org\/{rel}","templated":true}]}}