{"id":2010,"date":"2021-05-27T23:22:41","date_gmt":"2021-05-27T23:22:41","guid":{"rendered":"https:\/\/211md.org\/?page_id=2010"},"modified":"2026-01-08T09:44:30","modified_gmt":"2026-01-08T14:44:30","slug":"comida-de-baltimore","status":"publish","type":"page","link":"https:\/\/211md.org\/pt\/resources\/food\/baltimore-food\/","title":{"rendered":"Encontre comida na cidade de Baltimore"},"content":{"rendered":"<img decoding=\"async\" src=\"https:\/\/stg-maryland211-staging.kinsta.cloud\/wp-content\/uploads\/2025\/08\/5-1-scaled.png\" alt=\"5\" itemprop=\"image\" height=\"692\" width=\"2560\" title=\"5\" onerror=\"this.style.display='none'\" loading=\"lazy\" \/>\n\t\t<p>Looking for food in Baltimore City? There are several options available, including grocery delivery and produce box distribution.<\/p>\n\t\t\t<a href=\"#start\" target=\"_self\">\n\t\t\t\t\t\tCome\u00e7ar\n\t\t\t\t\t<\/a>\n\t\t\t\t<img decoding=\"async\" src=\"https:\/\/211md.org\/wp-content\/plugins\/bb-plugin\/img\/pixel.png\" alt=\"\" itemprop=\"image\" onerror=\"this.style.display='none'\" loading=\"lazy\" \/>\n\t\t\t\t<img decoding=\"async\" src=\"https:\/\/stg-maryland211-staging.kinsta.cloud\/wp-content\/uploads\/2025\/08\/16.png\" alt=\"16\" itemprop=\"image\" height=\"1000\" width=\"1000\" title=\"16\" onerror=\"this.style.display='none'\" loading=\"lazy\" \/>\n\t\t\t\t<img decoding=\"async\" src=\"http:\/\/211md.org\/wp-content\/uploads\/2022\/05\/food-donation-box-from-food-bank.png\" alt=\"caixa de doa\u00e7\u00e3o de alimentos do banco de alimentos\" itemprop=\"image\" title=\"caixa de doa\u00e7\u00e3o de alimentos do banco de alimentos\" onerror=\"this.style.display='none'\" loading=\"lazy\" \/>\n\t<h2>Free Food Programs in Baltimore City<\/h2>\n<p>A regi\u00e3o metropolitana de Baltimore disp\u00f5e de recursos e apoio para aqueles afetados pela paralisa\u00e7\u00e3o do governo federal ou que enfrentam inseguran\u00e7a alimentar por qualquer outro motivo.<\/p>\n<h3>Produce Box Distribution<\/h3>\n<p>Residents can also get a 15-pound box of fresh produce, filled with fruits and vegetables, at locations throughout Baltimore City. These distribution events are held several days a week, and are expected to last through January 2026. There are 30 sites throughout Baltimore City, and events are held on various days of the week.<\/p>\n<p><a href=\"https:\/\/www.baltimorecity.gov\/shutdown\" target=\"_blank\" rel=\"noopener\">Encontrar<\/a> a date and location near you.<\/p>\n<h3>Home Delivered Food<\/h3>\n<p>If you are a Baltimore City resident and can&#8217;t afford meals or groceries and currently have no food at home or will run out before you can buy more, you may be able to request a free home-delivered grocery box. The box includes a week&#8217;s worth of non-perishable food.<\/p>\n<p>This program is typically available to adults 55+, but call and check the latest eligibility requirements.<\/p>\n<p>Sign up by contacting Maryland Access Point (MAP) in Baltimore City. Call 410-396-2273 (CARE).<\/p>\n\t<h3>Projeto Alimentar<\/h3>\n<p>O projeto \u201cThe Food Project\u201d da UEMPOWER de Maryland oferece um mercado gastron\u00f4mico tempor\u00e1rio no sudoeste de Baltimore \u00e0s ter\u00e7as, quintas e s\u00e1bados. <a href=\"https:\/\/uempowerofmd.org\/the-food-project\/?fbclid=IwY2xjawNxoNJleHRuA2FlbQIxMABicmlkETF3WTRRMDFLWFgwcHFFYlBtAR7qY9aV3YUtn5csOAVMtq8igpfX7AZ0v-7JWNvfe_oC_Rz1og0p4yGTuL1lFg_aem_Cl_KH5FjNS0DfR4JLciMVA\" target=\"_blank\" rel=\"noopener\">Confira os hor\u00e1rios mais recentes<\/a> para distribui\u00e7\u00e3o de refei\u00e7\u00f5es e alimentos. Eles tamb\u00e9m entregam refei\u00e7\u00f5es para pessoas acamadas. A UEMPOWER trabalha com parceiros para ajudar indiv\u00edduos e fam\u00edlias a obter benef\u00edcios, documentos, roupas e muito mais.<\/p>\n<p>Se voc\u00ea precisar de comida ou outros servi\u00e7os, <a href=\"https:\/\/thefoodproject.jotform.com\/app\/252085176374966?fbclid=IwY2xjawNxn-1leHRuA2FlbQIxMABicmlkETF3WTRRMDFLWFgwcHFFYlBtAR4GlBC5R51LegBz-zIyswV4WOJWYca16ElrcV3SBIRFuCKwoKuZVm_aO4TyQg_aem_rcnPv2jagyzJg97yxnAMzw\" target=\"_blank\" rel=\"noopener\">Preencha este formul\u00e1rio de admiss\u00e3o.<\/a>.<\/p>\n<h3>So What Else Food Program<\/h3>\n<p>Para compras de supermercado, itens b\u00e1sicos de despensa e fraldas, visite a loja So What Else. A variedade, quantidade e qualidade dos alimentos podem variar diariamente. Leve uma sacola ou carrinho para transportar as compras para casa. Localizado no sudoeste de Baltimore, o Baltimore Resource Center auxilia a comunidade v\u00e1rios dias por semana. <a href=\"https:\/\/sowhatelse.org\/\" target=\"_blank\" rel=\"noopener\">Confira os hor\u00e1rios mais recentes.<\/a> e fique por dentro dos eventos especiais para aqueles afetados pela paralisa\u00e7\u00e3o do governo federal.<\/p>\n<h3>Rede de geladeiras<\/h3>\n<p>A Rede de Geladeiras Comunit\u00e1rias BMore \u00e9 uma rede de geladeiras abastecidas com alimentos na \u00e1rea da cidade de Baltimore. <a href=\"https:\/\/www.google.com\/maps\/d\/u\/0\/viewer?mid=144OL4Q89OhRc2JInBCT-TMrvVjZ5zG4&amp;ll=39.3519417%2C-76.60977299999999&amp;z=18\" target=\"_blank\" rel=\"noopener\">Encontre locais com op\u00e7\u00f5es de alimenta\u00e7\u00e3o.<\/a>.<\/p>\n\t\t\t\t<a href=\"https:\/\/search.211md.org\/\" target=\"_blank\" rel=\"noopener\" itemprop=\"url\">\n\t\t\t\t<img decoding=\"async\" src=\"https:\/\/stg-maryland211-staging.kinsta.cloud\/wp-content\/uploads\/2025\/08\/2025_MdInfoNet_Icon-Sets-white_Locate.png\" alt=\"\" itemprop=\"image\" onerror=\"this.style.display='none'\" loading=\"lazy\" \/>\n\t\t\t\t<\/a>\n<h2><a href=\"https:\/\/search.211md.org\/\" target=\"_blank\" rel=\"noopener\">Pesquisas comuns de alimentos na cidade de Baltimore<\/a><\/h2><p>Click on the type of food you&#8217;re looking for in the Baltimore area, and search 211&#8217;s Community Resource Database. Narrow the results by entering a ZIP code.<\/p>\n\t\t\t<a href=\"https:\/\/search.211md.org\/search?query=BD-1800.2250&#038;query_type=taxonomy&#038;query_label=\" target=\"_blank\" rel=\"noopener\">\n\t\t\t\t\t\tvale alimenta\u00e7\u00e3o\n\t\t\t\t\t<\/a>\n\t\t\t<a href=\"https:\/\/search.211md.org\/search?query=BD-1800.2000&#038;query_type=taxonomy&#038;query_label=\" target=\"_blank\" rel=\"noopener\">\n\t\t\t\t\t\tDespensa\n\t\t\t\t\t<\/a>\n\t\t\t<a href=\"https:\/\/search.211md.org\/search?query=BD-1875.2000&#038;query_type=taxonomy&#038;query_label=\" target=\"_blank\" rel=\"noopener\">\n\t\t\t\t\t\tBanco Alimentar\n\t\t\t\t\t<\/a>\n\t\t\t<a href=\"https:\/\/search.211md.org\/search?query=BD-1800.8200-255&#038;query_label=Fresh+Food&#038;query_type=taxonomy&#038;distance=25\" target=\"_blank\" rel=\"noopener\">\n\t\t\t\t\t\tComida fresca\n\t\t\t\t\t<\/a>\n\t\t\t<a href=\"https:\/\/search.211md.org\/search?query=Baby+Formula+%26+Food&#038;query_label=Baby+Formula+%26+Food&#038;query_type=taxonomy&#038;distance=25\" target=\"_blank\" rel=\"noopener\">\n\t\t\t\t\t\tF\u00f3rmula\/comida para beb\u00ea\n\t\t\t\t\t<\/a>\n\t\t\t<a href=\"https:\/\/search.211md.org\/search?query=BD-2400.2590&#038;query_type=taxonomy&#038;query_label=\" target=\"_blank\" rel=\"noopener\">\n\t\t\t\t\t\tEntrega de compras\n\t\t\t\t\t<\/a>\n\t<h2><b>Descontos em supermercados em Baltimore<\/b><\/h2>\n<p>Existem duas maneiras adicionais de economizar em compras de supermercado:<\/p>\n<ul>\n<li>COMPARTILHE Food Network<\/li>\n<li>B&#039;More Fresh (via Amazon)<\/li>\n<\/ul>\n<p>o\u00a0<a href=\"https:\/\/211md.org\/pt\/recursos\/comida\/\" target=\"_blank\" rel=\"noopener\">COMPARTILHE Food Network<\/a> \u00e9 uma organiza\u00e7\u00e3o sem fins lucrativos que fornece alimentos saud\u00e1veis por cerca de metade do pre\u00e7o de varejo. Os card\u00e1pios s\u00e3o atualizados mensalmente e os locais de retirada est\u00e3o espalhados por todo o estado de Maryland.<\/p>\n<h3>Descontos da Amazon<\/h3>\n<p>Os participantes do Baltimore City SNAP (anteriormente conhecido como vale-alimenta\u00e7\u00e3o) podem receber um vale-alimenta\u00e7\u00e3o $20 por meio da B&#039;More Fresh e da Amazon. Como \u00e9 um programa da Amazon, os alimentos ser\u00e3o entregues.<\/p>\n<p>Os vouchers est\u00e3o dispon\u00edveis uma vez por m\u00eas e devem ser gastos em at\u00e9 30 dias.<\/p>\n<p>Veja como funciona.<\/p>\n<ul>\n<li>Gaste $5 em frutas e vegetais frescos ou congelados qualificados para SNAP\/EBT.<\/li>\n<li>Ganhe um voucher $30 ap\u00f3s a compra.<\/li>\n<li>Gaste o voucher.<\/li>\n<li>O processo pode ser repetido uma vez por m\u00eas.<\/li>\n<\/ul>\n<p><em>Observa\u00e7\u00e3o: os detalhes do programa est\u00e3o sujeitos a altera\u00e7\u00f5es.\u00a0<\/em><\/p>\n\t\t\t\t<img decoding=\"async\" src=\"https:\/\/211md.org\/wp-content\/uploads\/2021\/05\/Food-Donation.png\" alt=\"comida em baltimore\" itemprop=\"image\" height=\"348\" width=\"460\" title=\"Doa\u00e7\u00e3o de Alimentos\" onerror=\"this.style.display='none'\" loading=\"lazy\" \/>\n\t<h2>SNAP e WIC<\/h2>\n<p>Se precisar de ajuda para pagar as compras de supermercado, h\u00e1 dois programas de assist\u00eancia alimentar dispon\u00edveis.<\/p>\n<p>Leia nossos 211 guias sobre ambos os programas:<\/p>\n<ul>\n<li><a href=\"https:\/\/211md.org\/pt\/recursos\/comida\/vale-refeicao\/\">Programa de Assist\u00eancia Nutricional Suplementar ou SNAP<\/a>\u00a0(anteriormente vale-alimenta\u00e7\u00e3o) <\/li>\n<li><a href=\"https:\/\/211md.org\/pt\/recursos\/comida\/wic\/\">WIC<\/a> \u2013 para m\u00e3es gr\u00e1vidas e lactantes eleg\u00edveis e crian\u00e7as at\u00e9 5 anos de idade<\/li>\n<\/ul>\n<p>Obtenha ajuda com estas inscri\u00e7\u00f5es. A equipe de servi\u00e7os sociais visita os centros da Baltimore City Community Action Partnership (BCCAP) semanalmente para auxiliar com esses programas alimentares. <a href=\"https:\/\/www.bmorechildren.com\/assistance\" target=\"_blank\" rel=\"noopener\">Entre em contato com o BCCAP<\/a> para obter ajuda.<\/p>\n<h3>Encontre despensas de alimentos<\/h3>\n<p>O Banco de Dados de Recursos Comunit\u00e1rios 211 lista recursos alimentares em toda a regi\u00e3o de Baltimore City, de despensas a cozinhas comunit\u00e1rias. Encontre o que voc\u00ea procura com estas buscas comuns por alimentos. Insira um CEP para refinar a busca.<\/p>\n<p>&nbsp;<\/p>\n\t\t\t<a href=\"https:\/\/search.211md.org\/search?query=BD-1800.8200-250%2CNL-6000.9500%2CBD-5000.1500%2CBD-2400.2590%2CBD-5000.8300&#038;query_label=I+need+food+or+food+assistance.&#038;query_type=taxonomy&#038;distance=25\" target=\"_blank\" rel=\"noopener\">\n\t\t\t\t\t\tBaltimore City Food resources\n\t\t\t\t\t<\/a>\n\t\t\t\t<img decoding=\"async\" src=\"https:\/\/211md.org\/wp-content\/plugins\/bb-plugin\/img\/pixel.png\" alt=\"\" itemprop=\"image\" onerror=\"this.style.display='none'\" loading=\"lazy\" \/>\n\t\t\t\t<img decoding=\"async\" src=\"https:\/\/211md.org\/wp-content\/uploads\/bb-plugin\/cache\/Call-center-specialst-circle-4e9ecd7b3425be4576416abc911049bb-.jpg\" alt=\"Especialista em call center\" itemprop=\"image\" title=\"Especialista em call center\" onerror=\"this.style.display='none'\" loading=\"lazy\" \/>\n<h2>Disque 211<\/h2><p>Converse com uma pessoa atenciosa e compassiva 24 horas por dia, 7 dias por semana. Ela tamb\u00e9m pode conectar voc\u00ea a recursos.\u00a0<\/p>\n\t\t\t<a href=\"tel:%20+211\" target=\"_blank\" rel=\"noopener\">\n\t\t\t\t\t\tLigue para 211 (celular)\n\t\t\t\t\t<\/a>\n<h2>\n\t\t\tInforma\u00e7\u00f5es relacionadas\t<\/h2>\n\t\t<h4><a href=\"\/pt\/recursos\/envelhecimento-incapacidade\/?utm_source=Home&#038;utm_medium=Referral&#038;utm_campaign=211Resources&#038;utm_content=Aging\" target=\"_self\">Envelhecimento e Defici\u00eancia<\/a><\/h4>\n\t\t\t\t<a href=\"\/pt\/recursos\/envelhecimento-incapacidade\/?utm_source=Home&#038;utm_medium=Referral&#038;utm_campaign=211Resources&#038;utm_content=Aging\"  target=\"_self\" itemprop=\"url\">\n\t\t\t\t<img decoding=\"async\" src=\"https:\/\/211md.org\/wp-content\/uploads\/bb-plugin\/cache\/2025_MdInfoNet_Icon-Sets_Aging-disability-square-c466727102cae71e5f27b8539bb51945-.png\" alt=\"\" itemprop=\"image\" onerror=\"this.style.display='none'\" loading=\"lazy\" \/>\n\t\t\t\t<\/a>\n\t\t<h4><a href=\"\/pt\/recursos\/criancas-familias\/?utm_source=Home&#038;utm_medium=Referral&#038;utm_campaign=211Resources&#038;utm_content=Children\" target=\"_self\">Crian\u00e7as e Fam\u00edlias<\/a><\/h4>\n\t\t\t\t<a href=\"\/pt\/recursos\/criancas-familias\/?utm_source=Home&#038;utm_medium=Referral&#038;utm_campaign=211Resources&#038;utm_content=Children\"  target=\"_self\" itemprop=\"url\">\n\t\t\t\t<img decoding=\"async\" src=\"https:\/\/211md.org\/wp-content\/uploads\/bb-plugin\/cache\/2025_211_Icon-Sets_Child-care-square-f3b0d4edab3dcc467fadb5f55f4064c6-.png\" alt=\"parent and child icon for child care\" itemprop=\"image\" height=\"417\" width=\"417\" title=\"2025_211_Conjuntos de \u00edcones_Cuidados infantis\" onerror=\"this.style.display='none'\" loading=\"lazy\" \/>\n\t\t\t\t<\/a>\n\t\t<h4><a href=\"\/pt\/recursos\/violencia-domestica-familiar\/?utm_source=Home&#038;utm_medium=Referral&#038;utm_campaign=211Resources&#038;utm_content=Domestic\" target=\"_self\">Viol\u00eancia dom\u00e9stica<\/a><\/h4>\n\t\t\t\t<a href=\"\/pt\/recursos\/violencia-domestica-familiar\/?utm_source=Home&#038;utm_medium=Referral&#038;utm_campaign=211Resources&#038;utm_content=Domestic\"  target=\"_self\" itemprop=\"url\">\n\t\t\t\t<img decoding=\"async\" src=\"https:\/\/211md.org\/wp-content\/uploads\/bb-plugin\/cache\/2025_211_Icon-Sets_Domestic-Violence-square-7b597694a6f05fe90cdc376aa573bc63-.png\" alt=\"House with a heart in the middle icon\" itemprop=\"image\" height=\"417\" width=\"417\" title=\"2025_211_Conjuntos de \u00edcones_Viol\u00eancia dom\u00e9stica\" onerror=\"this.style.display='none'\" loading=\"lazy\" \/>\n\t\t\t\t<\/a>\n\t\t<h4><a href=\"\/pt\/recursos\/procura-de-emprego\/?utm_source=Home&#038;utm_medium=Referral&#038;utm_campaign=211Resources&#038;utm_content=Employment\" target=\"_self\">Emprego<\/a><\/h4>\n\t\t\t\t<a href=\"\/pt\/recursos\/procura-de-emprego\/?utm_source=Home&#038;utm_medium=Referral&#038;utm_campaign=211Resources&#038;utm_content=Employment\"  target=\"_self\" itemprop=\"url\">\n\t\t\t\t<img decoding=\"async\" src=\"https:\/\/211md.org\/wp-content\/uploads\/bb-plugin\/cache\/2025_MdInfoNet_Icon-Sets_Employment-square-44707bd410e4df10a470bf130ebcea86-.png\" alt=\"\" itemprop=\"image\" onerror=\"this.style.display='none'\" loading=\"lazy\" \/>\n\t\t\t\t<\/a>\n\t\t<h4><a href=\"\/pt\/recursos\/cuidados-de-saude\/?utm_source=Home&#038;utm_medium=Referral&#038;utm_campaign=211Resources&#038;utm_content=Health%20Care\" target=\"_self\">Cuidados de sa\u00fade<\/a><\/h4>\n\t\t\t\t<a href=\"\/pt\/recursos\/cuidados-de-saude\/?utm_source=Home&#038;utm_medium=Referral&#038;utm_campaign=211Resources&#038;utm_content=Health%20Care\"  target=\"_self\" itemprop=\"url\">\n\t\t\t\t<img decoding=\"async\" src=\"https:\/\/211md.org\/wp-content\/uploads\/bb-plugin\/cache\/2025_MdInfoNet_Icon-Sets_Health-Care-square-dee98a0060cbe0e7f27eda253fc12679-.png\" alt=\"\" itemprop=\"image\" onerror=\"this.style.display='none'\" loading=\"lazy\" \/>\n\t\t\t\t<\/a>\n\t\t<h4><a href=\"\/pt\/recursos\/criancas-familias\/cuidados-de-parentesco\/?utm_source=Home&#038;utm_medium=Referral&#038;utm_campaign=211Resources&#038;utm_content=Kinship\" target=\"_self\">Parentesco<\/a><\/h4>\n\t\t\t\t<a href=\"\/pt\/recursos\/criancas-familias\/cuidados-de-parentesco\/?utm_source=Home&#038;utm_medium=Referral&#038;utm_campaign=211Resources&#038;utm_content=Kinship\"  target=\"_self\" itemprop=\"url\">\n\t\t\t\t<img decoding=\"async\" src=\"https:\/\/211md.org\/wp-content\/uploads\/bb-plugin\/cache\/2025_211_Icon-Sets_Kinship-square-45bdf872866f5735f842c32071109267-.png\" alt=\"\u00cdcone de parentesco\" itemprop=\"image\" height=\"417\" width=\"417\" title=\"2025_211_Conjuntos de \u00edcones_Parentesco\" onerror=\"this.style.display='none'\" loading=\"lazy\" \/>\n\t\t\t\t<\/a>\n\t\t<h4><a href=\"\/pt\/recursos\/servicos-legais\/?utm_source=Home&#038;utm_medium=Referral&#038;utm_campaign=211Resources&#038;utm_content=Legal\" target=\"_self\">Servi\u00e7os legais<\/a><\/h4>\n\t\t\t\t<a href=\"\/pt\/recursos\/servicos-legais\/?utm_source=Home&#038;utm_medium=Referral&#038;utm_campaign=211Resources&#038;utm_content=Legal\"  target=\"_self\" itemprop=\"url\">\n\t\t\t\t<img decoding=\"async\" src=\"https:\/\/211md.org\/wp-content\/uploads\/bb-plugin\/cache\/2025_MdInfoNet_Icon-Sets_Legal-square-18fdf438feb8435588174d9046463257-.png\" alt=\"\" itemprop=\"image\" onerror=\"this.style.display='none'\" loading=\"lazy\" \/>\n\t\t\t\t<\/a>\n\t\t<h4><a href=\"\/pt\/recursos\/saude-mental\/?utm_source=Home&#038;utm_medium=Referral&#038;utm_campaign=211Resources&#038;utm_content=Mental\" target=\"_self\">Sa\u00fade mental<\/a><\/h4>\n\t\t\t\t<a href=\"\/pt\/recursos\/saude-mental\/?utm_source=Home&#038;utm_medium=Referral&#038;utm_campaign=211Resources&#038;utm_content=Mental\"  target=\"_self\" itemprop=\"url\">\n\t\t\t\t<img decoding=\"async\" src=\"https:\/\/211md.org\/wp-content\/uploads\/bb-plugin\/cache\/2025_MdInfoNet_Icon-Sets_Mental-Health-square-c59b38c4a993a947d4c9280fbe2d2fee-.png\" alt=\"\" itemprop=\"image\" onerror=\"this.style.display='none'\" loading=\"lazy\" \/>\n\t\t\t\t<\/a>\n\t\t<h4><a href=\"\/pt\/recursos\/mdreentry\/?utm_source=Home&#038;utm_medium=Referral&#038;utm_campaign=211Resources&#038;utm_content=Reentry\" target=\"_self\">Reentrada<\/a><\/h4>\n\t\t\t\t<a href=\"\/pt\/recursos\/mdreentry\/?utm_source=Home&#038;utm_medium=Referral&#038;utm_campaign=211Resources&#038;utm_content=Reentry\"  target=\"_self\" itemprop=\"url\">\n\t\t\t\t<img decoding=\"async\" src=\"https:\/\/211md.org\/wp-content\/uploads\/bb-plugin\/cache\/2025_211_Icon-Sets_Reentry-square-8676fea38abd920a832f45642fe31cca-.png\" alt=\"\u00cdcone de reentrada\" itemprop=\"image\" height=\"417\" width=\"417\" title=\"2025_211_Conjuntos de \u00edcones_Reentrada\" onerror=\"this.style.display='none'\" loading=\"lazy\" \/>\n\t\t\t\t<\/a>\n\t\t<h4><a href=\"\/pt\/recursos\/uso-de-substancias\/?utm_source=Home&#038;utm_medium=Referral&#038;utm_campaign=211Resources&#038;utm_content=Substance\" target=\"_self\">Uso de subst\u00e2ncias<\/a><\/h4>\n\t\t\t\t<a href=\"\/pt\/recursos\/uso-de-substancias\/?utm_source=Home&#038;utm_medium=Referral&#038;utm_campaign=211Resources&#038;utm_content=Substance\"  target=\"_self\" itemprop=\"url\">\n\t\t\t\t<img decoding=\"async\" src=\"https:\/\/211md.org\/wp-content\/uploads\/bb-plugin\/cache\/2025_MdInfoNet_Icon-Sets_Substance-Abuse-square-9022fec9d18a64118ad685c101885b55-.png\" alt=\"\" itemprop=\"image\" onerror=\"this.style.display='none'\" loading=\"lazy\" \/>\n\t\t\t\t<\/a>\n\t\t<h4><a href=\"\/pt\/recursos\/veteranos\/?utm_source=Home&#038;utm_medium=Referral&#038;utm_campaign=211Resources&#038;utm_content=Veterans\" target=\"_self\">veteranos<\/a><\/h4>\n\t\t\t\t<a href=\"\/pt\/recursos\/veteranos\/?utm_source=Home&#038;utm_medium=Referral&#038;utm_campaign=211Resources&#038;utm_content=Veterans\"  target=\"_self\" itemprop=\"url\">\n\t\t\t\t<img decoding=\"async\" src=\"https:\/\/211md.org\/wp-content\/uploads\/bb-plugin\/cache\/2025_MdInfoNet_Icon-Sets_Rating-square-6e60d00cce4faa8e0a6d4ad7366aa733-.png\" alt=\"\" itemprop=\"image\" onerror=\"this.style.display='none'\" loading=\"lazy\" \/>\n\t\t\t\t<\/a>","protected":false},"excerpt":{"rendered":"<p>Looking for food in Baltimore City? There are several options available, including grocery delivery and produce box distribution. Get Started Free Food Programs in Baltimore City The Baltimore City area has resources and support for those impacted by the federal shutdown or who are facing food insecurity for any other reason. Produce Box Distribution Residents&hellip;<\/p>","protected":false},"author":8,"featured_media":3034,"parent":746,"menu_order":0,"comment_status":"closed","ping_status":"closed","template":"","meta":{"footnotes":""},"class_list":["post-2010","page","type-page","status-publish","has-post-thumbnail","hentry"],"_links":{"self":[{"href":"https:\/\/211md.org\/pt\/wp-json\/wp\/v2\/pages\/2010","targetHints":{"allow":["GET"]}}],"collection":[{"href":"https:\/\/211md.org\/pt\/wp-json\/wp\/v2\/pages"}],"about":[{"href":"https:\/\/211md.org\/pt\/wp-json\/wp\/v2\/types\/page"}],"author":[{"embeddable":true,"href":"https:\/\/211md.org\/pt\/wp-json\/wp\/v2\/users\/8"}],"replies":[{"embeddable":true,"href":"https:\/\/211md.org\/pt\/wp-json\/wp\/v2\/comments?post=2010"}],"version-history":[{"count":11,"href":"https:\/\/211md.org\/pt\/wp-json\/wp\/v2\/pages\/2010\/revisions"}],"predecessor-version":[{"id":34242,"href":"https:\/\/211md.org\/pt\/wp-json\/wp\/v2\/pages\/2010\/revisions\/34242"}],"up":[{"embeddable":true,"href":"https:\/\/211md.org\/pt\/wp-json\/wp\/v2\/pages\/746"}],"wp:featuredmedia":[{"embeddable":true,"href":"https:\/\/211md.org\/pt\/wp-json\/wp\/v2\/media\/3034"}],"wp:attachment":[{"href":"https:\/\/211md.org\/pt\/wp-json\/wp\/v2\/media?parent=2010"}],"curies":[{"name":"wp","href":"https:\/\/api.w.org\/{rel}","templated":true}]}}