{"id":2217,"date":"2021-06-21T08:33:23","date_gmt":"2021-06-21T12:33:23","guid":{"rendered":"https:\/\/211md.org\/?page_id=2217"},"modified":"2025-07-01T09:09:03","modified_gmt":"2025-07-01T13:09:03","slug":"healthcheck","status":"publish","type":"page","link":"https:\/\/211md.org\/pt\/healthcheck\/","title":{"rendered":"211 Verifica\u00e7\u00e3o de Sa\u00fade"},"content":{"rendered":"<h2>Check-ins de sa\u00fade mental<\/h2>\n<p><b>O check-up de sa\u00fade terminou. Se precisar de apoio em sa\u00fade mental, ligue ou envie uma mensagem para 988. <a href=\"https:\/\/health.maryland.gov\/bha\/Pages\/988md.aspx\" target=\"_blank\" rel=\"noopener\">Saiba mais sobre 988 em Maryland<\/a>.<\/b><\/p>\n\t\t\t\t<img decoding=\"async\" src=\"http:\/\/211md.org\/wp-content\/uploads\/2021\/06\/Image-Placeholder@2x.png\" alt=\"exame de sa\u00fade\" itemprop=\"image\" title=\"Espa\u00e7o reservado para imagem@2x\" onerror=\"this.style.display='none'\" loading='lazy' \/>\n<h2>Thomas Bloom Raskin<\/h2>\n<p>Voc\u00ea n\u00e3o est\u00e1 sozinho! Tommy Raskin tamb\u00e9m andou no seu lugar. O jovem de 25 anos \u00e9 filho do congressista Jamie Raskin, de Takoma Park e do 8\u00ba distrito congressional de Maryland. Tommy lutou contra a depress\u00e3o antes de tirar a pr\u00f3pria vida.<\/p>\n<p>\u00c9 a sua mem\u00f3ria que honramos com o Thomas Bloom Raskin Act\/211 Health Check.<\/p>\n<p>O suporte proativo de sa\u00fade mental por telefone fornece uma conex\u00e3o individual com um especialista caloroso e atencioso, treinado em preven\u00e7\u00e3o de suic\u00eddio e suporte de sa\u00fade mental.<\/p>","protected":false},"excerpt":{"rendered":"<p>Check-ins de Sa\u00fade Mental. O check-in de sa\u00fade terminou. Se precisar de apoio em sa\u00fade mental, ligue ou envie uma mensagem para o 988. Saiba mais sobre o 988 em Maryland. Thomas Bloom Raskin: Voc\u00ea n\u00e3o est\u00e1 sozinho! Tommy Raskin tamb\u00e9m passou por isso. O jovem de 25 anos \u00e9 filho do congressista Jamie Raskin, de Takoma Park e do 8\u00ba Distrito Congressional de Maryland. Tommy lutou\u2026<\/p>","protected":false},"author":8,"featured_media":0,"parent":0,"menu_order":0,"comment_status":"closed","ping_status":"closed","template":"","meta":{"footnotes":""},"class_list":["post-2217","page","type-page","status-publish","hentry"],"_links":{"self":[{"href":"https:\/\/211md.org\/pt\/wp-json\/wp\/v2\/pages\/2217","targetHints":{"allow":["GET"]}}],"collection":[{"href":"https:\/\/211md.org\/pt\/wp-json\/wp\/v2\/pages"}],"about":[{"href":"https:\/\/211md.org\/pt\/wp-json\/wp\/v2\/types\/page"}],"author":[{"embeddable":true,"href":"https:\/\/211md.org\/pt\/wp-json\/wp\/v2\/users\/8"}],"replies":[{"embeddable":true,"href":"https:\/\/211md.org\/pt\/wp-json\/wp\/v2\/comments?post=2217"}],"version-history":[{"count":7,"href":"https:\/\/211md.org\/pt\/wp-json\/wp\/v2\/pages\/2217\/revisions"}],"predecessor-version":[{"id":4823,"href":"https:\/\/211md.org\/pt\/wp-json\/wp\/v2\/pages\/2217\/revisions\/4823"}],"wp:attachment":[{"href":"https:\/\/211md.org\/pt\/wp-json\/wp\/v2\/media?parent=2217"}],"curies":[{"name":"wp","href":"https:\/\/api.w.org\/{rel}","templated":true}]}}