{"id":2528,"date":"2022-01-28T11:46:44","date_gmt":"2022-01-28T16:46:44","guid":{"rendered":"https:\/\/211md.org\/?page_id=2528"},"modified":"2026-04-13T08:21:22","modified_gmt":"2026-04-13T12:21:22","slug":"211-day","status":"publish","type":"page","link":"https:\/\/211md.org\/pt\/211-day\/","title":{"rendered":"211 dias"},"content":{"rendered":"<h2>\n\t\tDo Ol\u00e1 \u00e0 Ajuda, 211 est\u00e1 aqui.\n\t<\/h2>\n\t<h3>499.000 chamadas, textos e bate-papos na web.<\/h3>\n<p>Em comemora\u00e7\u00e3o ao dia 211, doe para nossa organiza\u00e7\u00e3o sem fins lucrativos 501(c)(3), para que 211 possa continuar mudando vidas.<\/p>\n\t\t\t<a href=\"\/pt\/doar\/\" target=\"_self\" role=\"button\" rel=\"noopener\">\n\t\t\t\t\t\t\tDoar\n\t\t\t\t\t<\/a>\n<h2>\n\t\tRede Call Center 211\n\t<\/h2>\n\t<p>211 especialistas treinados e certificados profissionalmente est\u00e3o dispon\u00edveis 24 horas por dia, 7 dias por semana, 365 dias por ano.<\/p>\n\t\t\t\t<img decoding=\"async\" src=\"https:\/\/211md.org\/wp-content\/uploads\/2022\/01\/211-Maryland-Call-Center-Network-CCSI.jpg\" alt=\"211-Maryland-Call-Center-Network-CCSI\" itemprop=\"image\" title=\"211-Maryland-Call-Center-Network-CCSI\" onerror=\"this.style.display='none'\">\n\t<h2>211 dias<\/h2>\n<p>No dia 11 de fevereiro de cada ano, a rede 211 comemora o Dia 211. \u00c9 uma celebra\u00e7\u00e3o das formas como o 211 conecta indiv\u00edduos a servi\u00e7os essenciais de sa\u00fade e humanos.<\/p>\n<p>O servi\u00e7o gratuito e confidencial est\u00e1 dispon\u00edvel em comunidades nos Estados Unidos e Canad\u00e1 24 horas por dia, 7 dias por semana, 365 dias por ano.<\/p>\n<p><strong><a href=\"\/pt\/about\/\" target=\"_blank\" rel=\"noopener\">Saiba mais sobre a hist\u00f3ria do 211 Maryland<\/a>.<\/strong><\/p>\n\t<h2>Poder das Parcerias<\/h2>\n<p>Ag\u00eancias estaduais e sem fins lucrativos est\u00e3o aproveitando a capacidade do 211 Maryland para alcan\u00e7ar os habitantes de Maryland. Juntos, tornamos Maryland mais forte.<\/p>\n\t\t\t\t<img decoding=\"async\" src=\"https:\/\/211md.org\/wp-content\/uploads\/2022\/01\/Maryland-Access-Point.jpg\" alt=\"Site do ponto de acesso de Maryland\" itemprop=\"image\" title=\"Ponto de acesso de Maryland\" onerror=\"this.style.display='none'\">\n<h3>Ponto de acesso de Maryland<\/h3>\t\t\n<p>211 Maryland projetou uma nova maneira de se conectar com adultos mais velhos por meio de mensagens de texto e aumentou o acesso a informa\u00e7\u00f5es sobre envelhecimento e defici\u00eancia, integrando o site e banco de dados Maryland Access Point (MAP) de longa data do estado ao site 211 e \u00e0 rede de call center 24 horas por dia, 7 dias por semana.<\/p>\n<p>Parceiro: Departamento de Envelhecimento de Maryland (MDoA)<\/p>\n\t\t\t\t<img decoding=\"async\" src=\"https:\/\/211md.org\/wp-content\/uploads\/2021\/06\/image002.png\" alt=\"imagem002\" itemprop=\"image\" title=\"imagem002\" onerror=\"this.style.display='none'\">\n<h3>211 Verifica\u00e7\u00e3o de Sa\u00fade<\/h3>\t\t\n<p>Este programa in\u00e9dito conecta moradores de Maryland com suporte de sa\u00fade mental gratuito e confidencial todas as semanas.<\/p>\n<p>Parceiro: Departamento de Sa\u00fade de Maryland.<\/p>\n\t\t\t\t<img decoding=\"async\" src=\"https:\/\/211md.org\/wp-content\/uploads\/2022\/01\/African-American-girl-texting.jpg\" alt=\"Mensagens de garota afro-americana\" itemprop=\"image\" title=\"Mensagens de garota afro-americana\" onerror=\"this.style.display='none'\">\n<h3>Alertas de texto MdReady\/MdListo<\/h3>\t\t\n\t\t\t<p>O programa de mensagens de texto 211 de Maryland mant\u00e9m os moradores de Maryland informados antes, durante e depois de emerg\u00eancias de sa\u00fade e seguran\u00e7a p\u00fablicas.<\/p>\n<p>Parceiro: Departamento de Gerenciamento de Emerg\u00eancias de Maryland (MDEM)<\/p>\n\t\t\t<a href=\"\/pt\/parceiro\/\" target=\"_self\" role=\"button\" rel=\"noopener\">\n\t\t\t\t\t\t\tVamos fazer parceria\n\t\t\t\t\t<\/a>","protected":false},"excerpt":{"rendered":"<p>Do Ol\u00e1 \u00e0 Ajuda, 211 est\u00e1 aqui. 499.000 chamadas, mensagens de texto e bate-papos na web. Em comemora\u00e7\u00e3o ao dia 211, doe para nossa organiza\u00e7\u00e3o sem fins lucrativos 501(c)(3), para que 211 possa continuar mudando vidas. Doe 211 Call Center Network Especialistas 211 treinados e certificados profissionalmente est\u00e3o dispon\u00edveis 24 horas por dia, 7 dias por semana, 365 dias por ano. Dia 211 No dia 11 de fevereiro de cada ano, a rede 211 comemora\u2026<\/p>","protected":false},"author":7,"featured_media":0,"parent":0,"menu_order":0,"comment_status":"closed","ping_status":"closed","template":"","meta":{"footnotes":""},"class_list":["post-2528","page","type-page","status-publish","hentry"],"_links":{"self":[{"href":"https:\/\/211md.org\/pt\/wp-json\/wp\/v2\/pages\/2528","targetHints":{"allow":["GET"]}}],"collection":[{"href":"https:\/\/211md.org\/pt\/wp-json\/wp\/v2\/pages"}],"about":[{"href":"https:\/\/211md.org\/pt\/wp-json\/wp\/v2\/types\/page"}],"author":[{"embeddable":true,"href":"https:\/\/211md.org\/pt\/wp-json\/wp\/v2\/users\/7"}],"replies":[{"embeddable":true,"href":"https:\/\/211md.org\/pt\/wp-json\/wp\/v2\/comments?post=2528"}],"version-history":[{"count":1,"href":"https:\/\/211md.org\/pt\/wp-json\/wp\/v2\/pages\/2528\/revisions"}],"predecessor-version":[{"id":4463,"href":"https:\/\/211md.org\/pt\/wp-json\/wp\/v2\/pages\/2528\/revisions\/4463"}],"wp:attachment":[{"href":"https:\/\/211md.org\/pt\/wp-json\/wp\/v2\/media?parent=2528"}],"curies":[{"name":"wp","href":"https:\/\/api.w.org\/{rel}","templated":true}]}}