{"id":2635,"date":"2022-03-21T10:48:51","date_gmt":"2022-03-21T14:48:51","guid":{"rendered":"https:\/\/211md.org\/?page_id=2635"},"modified":"2026-03-04T11:55:22","modified_gmt":"2026-03-04T16:55:22","slug":"mentes-jovens","status":"publish","type":"page","link":"https:\/\/211md.org\/pt\/about\/text-messages\/mdyoungminds\/","title":{"rendered":"MDYoungMinds: mensagens de texto para sa\u00fade mental de adolescentes"},"content":{"rendered":"<figure itemscope itemtype=\"https:\/\/schema.org\/ImageObject\">\n\t\t\t\t<img decoding=\"async\" src=\"http:\/\/211md.org\/wp-content\/uploads\/2025\/06\/Two-teens-talking-on-way-to-basketball-court.jpg\" alt=\"Dois adolescentes conversando a caminho da quadra de basquete\" title=\"Dois adolescentes conversando a caminho da quadra de basquete\" onerror=\"this.style.display='none'\" loading=\"lazy\" \/>\n\t<\/figure>\n\t<h2>Como funciona o MDYoungMinds<\/h2>\n<p>MD Young Minds \u00e9 um programa de mensagens de texto que conecta adolescentes e adolescentes com textos de apoio. Eles se concentram nas preocupa\u00e7\u00f5es e preocupa\u00e7\u00f5es dos adolescentes. \u00c9 um programa desenvolvido pelo <a href=\"https:\/\/health.maryland.gov\/newsroom\/Pages\/Maryland-Department-of-Health-launches-Youth-Suicide-Prevention-Toolkit-and-MD-Young-Minds-progra.aspx\" target=\"_blank\" rel=\"noopener\">Departamento de Sa\u00fade de Maryland,<\/a>\u00a0Office of Suicide Prevention e utiliza a plataforma de mensagens de texto 211 Maryland.<\/p>\n<p>Em Maryland, um em cada cinco adolescentes considerou tentar o suic\u00eddio no ano passado, de acordo com a Pesquisa de Comportamento Pand\u00eamico Juvenil de 2021 de Maryland.<\/p>\n<p>As mensagens cont\u00ednuas tamb\u00e9m lembram aos jovens que o apoio imediato \u00e0 sa\u00fade mental est\u00e1 sempre dispon\u00edvel atrav\u00e9s da 988 Suicide &amp; Crisis Lifeline. Voc\u00ea pode ligar ou enviar uma mensagem de texto para 988. <a href=\"https:\/\/health.maryland.gov\/bha\/Pages\/988md.aspx\" target=\"_blank\" rel=\"noopener\">Saiba mais sobre 988 em Maryland<\/a>, um programa de administra\u00e7\u00e3o de sa\u00fade comportamental do Departamento de Sa\u00fade de Maryland.<\/p>\n<p>MDYoungMinds \u00e9 uma extens\u00e3o do <a href=\"https:\/\/211md.org\/pt\/about\/mensagens-de-texto\/md-mindhealth\/\" target=\"_blank\" rel=\"noopener\">MDMindHealth\/MDSaludMental<\/a>, que fornece mensagens de texto em ingl\u00eas e espanhol para adultos.<\/p>\n<p>Inscreva-se enviando uma mensagem de texto para MDYoungMinds para 898-211.<\/p>\n<p><em>211 Maryland oferece programas de alerta de mensagem de texto que fornecem informa\u00e7\u00f5es de recursos espec\u00edficos da regi\u00e3o ou fornecem alertas de desastres. Taxas de mensagem e dados podem ser aplicadas e a frequ\u00eancia da mensagem pode variar. Para obter ajuda, envie HELP. Para cancelar, envie STOP para o mesmo n\u00famero. Termos completos de SMS em <a href=\"https:\/\/211md.org\/pt\/sms\/\">https:\/\/211md.org\/sms\/<\/a>\u00a0tamb\u00e9m se aplicar\u00e1.<\/em><\/p>\n\t\t\t<a href=\"sms:\/\/898-211;?&#038;body=MDYoungMinds\" target=\"_blank\" rel=\"noopener\">\n\t\t\t\t\t\t\tTexto MDYoungMinds\n\t\t\t\t\t<\/a>","protected":false},"excerpt":{"rendered":"<p>Como funciona o MDYoungMinds MD Young Minds \u00e9 um programa de mensagens de texto que conecta adolescentes e adolescentes com textos de apoio. Eles se concentram nas preocupa\u00e7\u00f5es e preocupa\u00e7\u00f5es dos adolescentes. \u00c9 um programa desenvolvido pelo Departamento de Sa\u00fade de Maryland, Escrit\u00f3rio de Preven\u00e7\u00e3o ao Suic\u00eddio, e utiliza a plataforma de mensagens de texto 211 de Maryland. Em Maryland, um em cada cinco adolescentes considerou tentar o suic\u00eddio em\u2026<\/p>","protected":false},"author":7,"featured_media":2662,"parent":962,"menu_order":0,"comment_status":"closed","ping_status":"closed","template":"","meta":{"footnotes":""},"class_list":["post-2635","page","type-page","status-publish","has-post-thumbnail","hentry"],"_links":{"self":[{"href":"https:\/\/211md.org\/pt\/wp-json\/wp\/v2\/pages\/2635","targetHints":{"allow":["GET"]}}],"collection":[{"href":"https:\/\/211md.org\/pt\/wp-json\/wp\/v2\/pages"}],"about":[{"href":"https:\/\/211md.org\/pt\/wp-json\/wp\/v2\/types\/page"}],"author":[{"embeddable":true,"href":"https:\/\/211md.org\/pt\/wp-json\/wp\/v2\/users\/7"}],"replies":[{"embeddable":true,"href":"https:\/\/211md.org\/pt\/wp-json\/wp\/v2\/comments?post=2635"}],"version-history":[{"count":2,"href":"https:\/\/211md.org\/pt\/wp-json\/wp\/v2\/pages\/2635\/revisions"}],"predecessor-version":[{"id":34413,"href":"https:\/\/211md.org\/pt\/wp-json\/wp\/v2\/pages\/2635\/revisions\/34413"}],"up":[{"embeddable":true,"href":"https:\/\/211md.org\/pt\/wp-json\/wp\/v2\/pages\/962"}],"wp:featuredmedia":[{"embeddable":true,"href":"https:\/\/211md.org\/pt\/wp-json\/wp\/v2\/media\/2662"}],"wp:attachment":[{"href":"https:\/\/211md.org\/pt\/wp-json\/wp\/v2\/media?parent=2635"}],"curies":[{"name":"wp","href":"https:\/\/api.w.org\/{rel}","templated":true}]}}