{"id":2845,"date":"2022-04-13T18:12:36","date_gmt":"2022-04-13T22:12:36","guid":{"rendered":"https:\/\/211md.org\/?page_id=2845"},"modified":"2024-08-15T14:08:03","modified_gmt":"2024-08-15T18:08:03","slug":"stophate","status":"publish","type":"page","link":"https:\/\/211md.org\/pt\/stophate\/","title":{"rendered":"#MDStopHate"},"content":{"rendered":"<h1>\n\t\t#MDStopHate\n\t<\/h1>\n\t<h3><strong>Denuncie crimes e\/ou incidentes de \u00f3dio e preconceito e<\/strong><br \/>\n<strong>Conecte-se com os recursos da comunidade.<\/strong><\/h3>\n\t\t\t<a href=\"\/pt\/stophate-form\/\" target=\"_self\" rel=\"noopener\">\n\t\t\t\t\t\t\tPare de odiar\n\t\t\t\t\t<\/a>\n\tPrecisa fazer um relat\u00f3rio enquanto estiver em tr\u00e2nsito? Envie \u201cMDStopHate\u201d para 898-211 (TXT-211) para registrar uma<br \/>\nrelat\u00f3rio de incidente usando seu telefone celular.\n<p>&nbsp;<\/p>\n<p><em>211 Maryland oferece programas de alerta de mensagem de texto que fornecem informa\u00e7\u00f5es de recursos espec\u00edficos da regi\u00e3o ou fornecem alertas de desastres. Taxas de mensagem e dados podem ser aplicadas e a frequ\u00eancia da mensagem pode variar. Para obter ajuda, envie HELP. Para cancelar, envie STOP para o mesmo n\u00famero. Termos completos de SMS em\u00a0<a href=\"https:\/\/211md.org\/pt\/sms\/\">https:\/\/211md.org\/sms\/<\/a>\u00a0tamb\u00e9m se aplicar\u00e1.<\/em><\/p>\n<h2>\n\t\tComo funciona\n\t<\/h2>\n\t\t\t\t<a href=\"tel:+211\" target=\"_self\" itemprop=\"url\" rel=\"noopener\">\n\t\t\t\t<img loading=\"lazy\" decoding=\"async\" src=\"https:\/\/211md.org\/wp-content\/uploads\/2021\/05\/Screen-Shot-2021-05-26-at-11.27.15-AM.svg\" alt=\"Imagem do N\u00famero 1\" itemprop=\"image\" height=\"150\" width=\"150\" title=\"Imagem do N\u00famero 1\" onerror=\"this.style.display='none'\"  \/>\n\t\t\t\t<\/a>\n<h2><a href=\"tel:+211\" target=\"_self\" rel=\"noopener\">Linha direta ao vivo<\/a><\/h2>Denuncie \u00f3dio, discrimina\u00e7\u00e3o ou bullying e receba refer\u00eancias aos recursos da comunidade ligando para<br \/>\n211.\n\t\t\t\t<a href=\"\/pt\/recursos\/novo-para-nos-e-marilandia\/\" target=\"_self\" itemprop=\"url\" rel=\"noopener\">\n\t\t\t\t<img loading=\"lazy\" decoding=\"async\" src=\"https:\/\/211md.org\/wp-content\/uploads\/2021\/05\/Screen-Shot-2021-05-26-at-11.27.25-AM.svg\" alt=\"imagem do n\u00famero 2\" itemprop=\"image\" height=\"150\" width=\"150\" title=\"Imagem do N\u00famero 2\" onerror=\"this.style.display='none'\"  \/>\n\t\t\t\t<\/a>\n<h2><a href=\"\/pt\/recursos\/novo-para-nos-e-marilandia\/\" target=\"_self\" rel=\"noopener\">Diret\u00f3rio de recursos<\/a><\/h2><p>Acesse qualquer recurso para atender \u00e0s suas necessidades pesquisando o banco de dados de recursos on-line do 211 Maryland.<\/p>\n\t\t\t\t<a href=\"\/pt\/stophate-form\/\" target=\"_self\" itemprop=\"url\" rel=\"noopener\">\n\t\t\t\t<img loading=\"lazy\" decoding=\"async\" src=\"https:\/\/211md.org\/wp-content\/uploads\/2021\/05\/Screen-Shot-2021-05-26-at-11.27.40-AM.svg\" alt=\"imagem do n\u00famero 3\" itemprop=\"image\" height=\"149\" width=\"149\" title=\"Imagem do N\u00famero 3\" onerror=\"this.style.display='none'\"  \/>\n\t\t\t\t<\/a>\n<h2><a href=\"\/pt\/stophate-form\/\" target=\"_self\" rel=\"noopener\">Relat\u00f3rios de incidentes<\/a><\/h2><p>Relate um incidente de \u00f3dio ou discrimina\u00e7\u00e3o em sua comunidade de forma r\u00e1pida e f\u00e1cil.<\/p>\n<h2>\n\t\tCrime de \u00f3dio x incidente de \u00f3dio\n\t<\/h2>\n\t<h3><strong>Qual \u00e9 a diferen\u00e7a?<\/strong><\/h3>\nSe voc\u00ea acha que foi um alvo devido a caracter\u00edsticas pessoais ou participa\u00e7\u00e3o em um grupo, relate o incidente ao 211 para que as autoridades possam determinar se um crime foi cometido. Saiba mais sobre a diferen\u00e7a entre <a href=\"https:\/\/www.justice.gov\/hatecrimes\/learn-about-hate-crimes\" target=\"_blank\" rel=\"noopener\">crimes de \u00f3dio<\/a> e incidentes de \u00f3dio.\n<h3>\n\t\tIncidente de \u00f3dio\n\t<\/h3>\n<h3>\n\t\tcrime de \u00f3dio\n\t<\/h3>\n<p><strong>Express\u00e3o de hostilidade ou agress\u00e3o motivada por preconceito.<\/strong><\/p>\n<strong>Exemplos:<br \/>\n<\/strong>Abuso verbal como xingamentos, linguagem degradante ou piadas ofensivas; Cal\u00fanias raciais ou homof\u00f3bicas; Ass\u00e9dio; Bullying ou intimida\u00e7\u00e3o; Distribui\u00e7\u00e3o de literatura de \u00f3dio\n<p><strong>Amea\u00e7a, tentativa ou dano direcionado devido a caracter\u00edsticas pessoais ou associa\u00e7\u00e3o a um grupo.<\/strong><\/p>\n<strong>Exemplos:<br \/>\n<\/strong>Vandalismo, amea\u00e7a de bomba, inc\u00eandio criminoso, ataques f\u00edsicos, roubo, danos \u00e0 propriedade com s\u00edmbolos de \u00f3dio, linguagem, graffiti\n\t\t\t<a href=\"\/pt\/recursos\/\" target=\"_self\" rel=\"noopener\">\n\t\t\t\t\t\t\tRecursos\n\t\t\t\t\t<\/a>\n<h6>\n\t\tstophate\n\t<\/h6>\n<h2>Denunciar um crime de \u00f3dio ou incidente de \u00f3dio<\/h2>\nEnfrente e derrote a discrimina\u00e7\u00e3o, o \u00f3dio e a viol\u00eancia! Voc\u00ea pode acabar com o \u00f3dio denunciando-o.<br \/>\nClique abaixo para relatar atos de \u00f3dio ou bullying que acontecem em sua comunidade.\n\t\t\t<a href=\"\/pt\/stophate-form\/\" target=\"_self\" rel=\"noopener\">\n\t\t\t\t\t\t\tDenunciar agora\n\t\t\t\t\t<\/a>\n\t<p><strong>Ou\u00a0<a href=\"tel:+211\">Disque 211<\/a><\/strong><\/p>\n<h2>\n\t\tObter ajuda\n\t<\/h2>\n<h3>\n\t\t<a href=\"https:\/\/search.211md.org\/search?query=DF-7020.3300,DF-7020.1000,PH-3500,HH-0500.8000-150,ND-6500.3300,DF-7000&#038;query_type=taxonomy&#038;query_label=&#038;query_language=en\" title=\"Iniciar o Processo de Naturaliza\u00e7\u00e3o\" target=\"_blank\" rel=\"noopener\">\n\t\tIniciar o Processo de Naturaliza\u00e7\u00e3o\n\t\t<\/a>\n\t<\/h3>\n\t\t\t\t<a href=\"https:\/\/search.211md.org\/search?query=DF-7020.3300,DF-7020.1000,PH-3500,HH-0500.8000-150,ND-6500.3300,DF-7000&#038;query_type=taxonomy&#038;query_label=&#038;query_language=en\" target=\"_blank\" rel=\"noopener\" itemprop=\"url\">\n\t\t\t\t<img loading=\"lazy\" decoding=\"async\" src=\"https:\/\/211md.org\/wp-content\/uploads\/2022\/04\/Start-the-Naturalization-Proces.jpg\" alt=\"Iniciar os Processos de Naturaliza\u00e7\u00e3o\" itemprop=\"image\" height=\"862\" width=\"1280\" title=\"Iniciar os Processos de Naturaliza\u00e7\u00e3o\" onerror=\"this.style.display='none'\"  \/>\n\t\t\t\t<\/a>\n<h3>\n\t\t<a href=\"https:\/\/search.211md.org\/search?query=PH-2400.1500,PH-1250.1800,PH-1250.1400,NL-3000.1500,HL-8700,HL-8120.7800,HD-8000,FT-8000,BM-6500.1500-800&#038;query_type=taxonomy&#038;query_label=&#038;query_language=en\" title=\"Matricular crian\u00e7as nas escolas\" target=\"_blank\" rel=\"noopener\">\n\t\tMatricular crian\u00e7as nas escolas\n\t\t<\/a>\n\t<\/h3>\n\t\t\t\t<a href=\"https:\/\/search.211md.org\/search?query=PH-2400.1500,PH-1250.1800,PH-1250.1400,NL-3000.1500,HL-8700,HL-8120.7800,HD-8000,FT-8000,BM-6500.1500-800&#038;query_type=taxonomy&#038;query_label=&#038;query_language=en\" target=\"_blank\" rel=\"noopener\" itemprop=\"url\">\n\t\t\t\t<img loading=\"lazy\" decoding=\"async\" src=\"https:\/\/211md.org\/wp-content\/uploads\/2022\/04\/Enroll-Children.jpg\" alt=\"matricular crian\u00e7as\" itemprop=\"image\" height=\"853\" width=\"1280\" title=\"matricular crian\u00e7as\" onerror=\"this.style.display='none'\"  \/>\n\t\t\t\t<\/a>\n<h3>\n\t\t<a href=\"https:\/\/search.211md.org\/search?query=HH-4500,HH-0500.0500,HH-0500.8000-150,HH-0500.2500,BM-6000.1500,BM-5050&#038;query_type=taxonomy&#038;query_label=&#038;query_language=en\" title=\"Educa\u00e7\u00e3o\" target=\"_blank\" rel=\"noopener\">\n\t\tEduca\u00e7\u00e3o\n\t\t<\/a>\n\t<\/h3>\n\t\t\t\t<a href=\"https:\/\/search.211md.org\/search?query=HH-4500,HH-0500.0500,HH-0500.8000-150,HH-0500.2500,BM-6000.1500,BM-5050&#038;query_type=taxonomy&#038;query_label=&#038;query_language=en\" target=\"_blank\" rel=\"noopener\" itemprop=\"url\">\n\t\t\t\t<img loading=\"lazy\" decoding=\"async\" src=\"https:\/\/211md.org\/wp-content\/uploads\/2022\/04\/Education.jpg\" alt=\"Educa\u00e7\u00e3o\" itemprop=\"image\" height=\"842\" width=\"1280\" title=\"Educa\u00e7\u00e3o\" onerror=\"this.style.display='none'\"  \/>\n\t\t\t\t<\/a>\n<h2>\n\t\tPesquisar ajuda por categoria\n\t<\/h2>\n\t\t\t\t<a href=\"\/pt\/recursos\/envelhecimento-incapacidade\/\" target=\"_self\" itemprop=\"url\" rel=\"noopener\">\n\t\t\t\t<img loading=\"lazy\" decoding=\"async\" src=\"https:\/\/211md.org\/wp-content\/uploads\/bb-plugin\/cache\/Mask-Group-41@2x-circle-73eaadba4cad8269faa4720e25cf1c85-.png\" alt=\"Os p\u00e9s de uma mulher mais velha e uma mulher mais jovem caminhando juntos\" itemprop=\"image\" height=\"500\" width=\"500\" title=\"Servi\u00e7os para deficientes\" onerror=\"this.style.display='none'\"  \/>\n\t\t\t\t<\/a>\n\t\t<h3><a href=\"\/pt\/recursos\/envelhecimento-incapacidade\/\" target=\"_self\" rel=\"noopener\">Envelhecimento e Defici\u00eancia<\/a><\/h3>\t\n\t\t\t\t<a href=\"\/pt\/recursos\/criancas-familias\/\" target=\"_self\" itemprop=\"url\" rel=\"noopener\">\n\t\t\t\t<img loading=\"lazy\" decoding=\"async\" src=\"https:\/\/211md.org\/wp-content\/uploads\/bb-plugin\/cache\/Mask-Group-38@2x-circle-ac40d46265fbec62083cd27f6dcf23b0-.png\" alt=\"Um menino e uma menina sorrindo e olhando para a c\u00e2mera\" itemprop=\"image\" height=\"500\" width=\"500\" title=\"Grupo de m\u00e1scara 38@2x\" onerror=\"this.style.display='none'\"  \/>\n\t\t\t\t<\/a>\n\t\t<h3><a href=\"\/pt\/recursos\/criancas-familias\/\" target=\"_self\" rel=\"noopener\">Crian\u00e7as e Fam\u00edlias<\/a><\/h3>\t\n\t\t\t\t<a href=\"\/pt\/recursos\/covid-19-resource-center\/\" target=\"_self\" itemprop=\"url\" rel=\"noopener\">\n\t\t\t\t<img decoding=\"async\" src=\"https:\/\/211md.org\/wp-content\/uploads\/bb-plugin\/cache\/Data-Post-Image-COVID-circle-abdf7e097c6f7781a4f84df775b7857e-.png\" alt=\"Uma c\u00e9lula COVID-19\" itemprop=\"image\" title=\"Imagem de postagem de dados - COVID\" onerror=\"this.style.display='none'\"  \/>\n\t\t\t\t<\/a>\n\t\t<h3><a href=\"\/pt\/recursos\/covid-19-resource-center\/\" target=\"_self\" rel=\"noopener\">COVID<\/a><\/h3>\t\n\t\t\t\t<a href=\"\/pt\/recursos\/violencia-domestica-familiar\/\" target=\"_self\" itemprop=\"url\" rel=\"noopener\">\n\t\t\t\t<img loading=\"lazy\" decoding=\"async\" src=\"https:\/\/211md.org\/wp-content\/uploads\/bb-plugin\/cache\/Mask-Group-39@2x-circle-b2589197a13c791d910f46dd10b27a87-.png\" alt=\"Dois pares de m\u00e3os segurando um ao outro\" itemprop=\"image\" height=\"500\" width=\"500\" title=\"Grupo de m\u00e1scara 39@2x\" onerror=\"this.style.display='none'\"  \/>\n\t\t\t\t<\/a>\n\t\t<h3><a href=\"\/pt\/recursos\/violencia-domestica-familiar\/\" target=\"_self\" rel=\"noopener\">Viol\u00eancia Dom\u00e9stica\/Familiar<\/a><\/h3>\t\n\t\t\t\t<a href=\"\/pt\/recursos\/procura-de-emprego\/\" target=\"_self\" itemprop=\"url\" rel=\"noopener\">\n\t\t\t\t<img loading=\"lazy\" decoding=\"async\" src=\"https:\/\/211md.org\/wp-content\/uploads\/bb-plugin\/cache\/Employment-circle-bf72562329e950df948954f5d3f44b2e-.png\" alt=\"um mec\u00e2nico de autom\u00f3veis\" itemprop=\"image\" height=\"500\" width=\"500\" title=\"Emprego\" onerror=\"this.style.display='none'\"  \/>\n\t\t\t\t<\/a>\n\t\t<h3><a href=\"\/pt\/recursos\/procura-de-emprego\/\" target=\"_self\" rel=\"noopener\">Emprego<\/a><\/h3>\t\n\t\t\t\t<a href=\"\/pt\/recursos\/cuidados-de-saude\/\" target=\"_self\" itemprop=\"url\" rel=\"noopener\">\n\t\t\t\t<img loading=\"lazy\" decoding=\"async\" src=\"https:\/\/211md.org\/wp-content\/uploads\/bb-plugin\/cache\/Mask-Group-35@2x-circle-94be10c13e4adae1683b4589dc2f5b2f-.png\" alt=\"Doutor olhando para a perna de meninos\" itemprop=\"image\" height=\"500\" width=\"500\" title=\"Grupo de m\u00e1scara 35@2x\" onerror=\"this.style.display='none'\"  \/>\n\t\t\t\t<\/a>\n\t\t<h3><a href=\"\/pt\/recursos\/cuidados-de-saude\/\" target=\"_self\" rel=\"noopener\">Cuidados de sa\u00fade<\/a><\/h3>\t\n\t\t\t\t<a href=\"\/pt\/recursos\/comida\/\" target=\"_self\" itemprop=\"url\" rel=\"noopener\">\n\t\t\t\t<img loading=\"lazy\" decoding=\"async\" src=\"https:\/\/211md.org\/wp-content\/uploads\/bb-plugin\/cache\/Mask-Group-32@2x-circle-1c6d647dcaf998fa079d26735cedc92b-.png\" alt=\"Vegetais frescos\" itemprop=\"image\" height=\"500\" width=\"500\" title=\"Grupo de m\u00e1scara 32@2x\" onerror=\"this.style.display='none'\"  \/>\n\t\t\t\t<\/a>\n\t\t<h3><a href=\"\/pt\/recursos\/comida\/\" target=\"_self\" rel=\"noopener\">Comida<\/a><\/h3>\t\n\t\t\t\t<a href=\"\/pt\/recursos\/casa-abrigo\/\" target=\"_self\" itemprop=\"url\" rel=\"noopener\">\n\t\t\t\t<img loading=\"lazy\" decoding=\"async\" src=\"https:\/\/211md.org\/wp-content\/uploads\/bb-plugin\/cache\/Mask-Group-34@2x-circle-b99c55fc16ef21f35e2f2a1f7cc37b9a-.png\" alt=\"Varanda do complexo de apartamentos\" itemprop=\"image\" height=\"500\" width=\"500\" title=\"Complexo de apartamentos\" onerror=\"this.style.display='none'\"  \/>\n\t\t\t\t<\/a>\n\t\t<h3><a href=\"\/pt\/recursos\/casa-abrigo\/\" target=\"_self\" rel=\"noopener\">Habita\u00e7\u00e3o e Abrigo<\/a><\/h3>\t\n\t\t\t\t<a href=\"\/pt\/recursos\/novo-para-nos-e-marilandia\/\" target=\"_self\" itemprop=\"url\" rel=\"noopener\">\n\t\t\t\t<img loading=\"lazy\" decoding=\"async\" src=\"https:\/\/211md.org\/wp-content\/uploads\/bb-plugin\/cache\/American-flag-circle-0016cc327e27ef7aeb080f1da6c6e98b-.jpg\" alt=\"novidade nos estados unidos\" itemprop=\"image\" height=\"364\" width=\"1366\" title=\"Bandeira americana\" onerror=\"this.style.display='none'\"  \/>\n\t\t\t\t<\/a>\n\t\t<h3><a href=\"\/pt\/recursos\/novo-para-nos-e-marilandia\/\" target=\"_self\" rel=\"noopener\">Imigra\u00e7\u00e3o<\/a><\/h3>\t\n\t\t\t\t<a href=\"\/pt\/recursos\/criancas-familias\/cuidados-de-parentesco\/\" target=\"_self\" itemprop=\"url\" rel=\"noopener\">\n\t\t\t\t<img decoding=\"async\" src=\"https:\/\/211md.org\/wp-content\/uploads\/bb-plugin\/cache\/kinship-family-navigating-a-computer-circle-045fee9d587aefb20221bfea41a2cf9b-.png\" alt=\"fam\u00edlia de parentesco navegando em um computador\" itemprop=\"image\" title=\"fam\u00edlia de parentesco navegando em um computador\" onerror=\"this.style.display='none'\"  \/>\n\t\t\t\t<\/a>\n\t\t<h3><a href=\"\/pt\/recursos\/criancas-familias\/cuidados-de-parentesco\/\" target=\"_self\" rel=\"noopener\">Parentesco<\/a><\/h3>\t\n\t\t\t\t<a href=\"\/pt\/recursos\/servicos-legais\/\" target=\"_self\" itemprop=\"url\" rel=\"noopener\">\n\t\t\t\t<img loading=\"lazy\" decoding=\"async\" src=\"https:\/\/211md.org\/wp-content\/uploads\/bb-plugin\/cache\/Housing-Legal-circle-9a8f3c1c72c54b6e1ce612d2993c1ad4-.png\" alt=\"Gavel legal com um modelo de pl\u00e1stico de uma casa ao lado\" itemprop=\"image\" height=\"348\" width=\"460\" title=\"Habita\u00e7\u00e3o Legal\" onerror=\"this.style.display='none'\"  \/>\n\t\t\t\t<\/a>\n\t\t<h3><a href=\"\/pt\/recursos\/servicos-legais\/\" target=\"_self\" rel=\"noopener\">Servi\u00e7os legais<\/a><\/h3>\t\n\t\t\t\t<a href=\"\/pt\/recursos\/saude-mental\/\" target=\"_self\" itemprop=\"url\" rel=\"noopener\">\n\t\t\t\t<img loading=\"lazy\" decoding=\"async\" src=\"https:\/\/211md.org\/wp-content\/uploads\/bb-plugin\/cache\/Mask-Group-40@2x-circle-7bd9426367852fb3d841bc4bdc57a550-.png\" alt=\"Os perfis de um homem e uma mulher\" itemprop=\"image\" height=\"500\" width=\"500\" title=\"Grupo de m\u00e1scara 40@2x\" onerror=\"this.style.display='none'\"  \/>\n\t\t\t\t<\/a>\n\t\t<h3><a href=\"\/pt\/recursos\/saude-mental\/\" target=\"_self\" rel=\"noopener\">Sa\u00fade mental<\/a><\/h3>\t\n\t\t\t\t<a href=\"\/pt\/recursos\/mdreentry\/\" target=\"_self\" itemprop=\"url\" rel=\"noopener\">\n\t\t\t\t<img loading=\"lazy\" decoding=\"async\" src=\"https:\/\/211md.org\/wp-content\/uploads\/bb-plugin\/cache\/Diverse-group-of-community-members-circle-4457c114cd48613bc79a0fb50060319c-.jpg\" alt=\"Grupo diversificado de membros da comunidade\" itemprop=\"image\" height=\"800\" width=\"1200\" title=\"Grupo diversificado de membros da comunidade\" onerror=\"this.style.display='none'\"  \/>\n\t\t\t\t<\/a>\n\t\t<h3><a href=\"\/pt\/recursos\/mdreentry\/\" target=\"_self\" rel=\"noopener\">Reentrada<\/a><\/h3>\t\n\t\t\t\t<a href=\"\/pt\/stophate\/\" target=\"_self\" itemprop=\"url\" rel=\"noopener\">\n\t\t\t\t<img loading=\"lazy\" decoding=\"async\" src=\"https:\/\/211md.org\/wp-content\/uploads\/bb-plugin\/cache\/Background-section-MDStophate-circle-08e2bae1cf9f2ad6cc83e01e23da8cb9-.jpg\" alt=\"Background-section-MDStophate\" itemprop=\"image\" height=\"768\" width=\"1366\" title=\"Background-section-MDStophate\" onerror=\"this.style.display='none'\"  \/>\n\t\t\t\t<\/a>\n\t\t<h3><a href=\"\/pt\/stophate\/\" target=\"_self\" rel=\"noopener\">Pare de odiar<\/a><\/h3>\t\n\t\t\t\t<a href=\"\/pt\/recursos\/uso-de-substancias\/\" target=\"_self\" itemprop=\"url\" rel=\"noopener\">\n\t\t\t\t<img loading=\"lazy\" decoding=\"async\" src=\"https:\/\/211md.org\/wp-content\/uploads\/bb-plugin\/cache\/Substance-Use-circle-ad2d564932dc31267e0c32a6fb2d915c-.png\" alt=\"P\u00edlulas para esmagar as m\u00e3os\" itemprop=\"image\" height=\"500\" width=\"500\" title=\"Uso de subst\u00e2ncias\" onerror=\"this.style.display='none'\"  \/>\n\t\t\t\t<\/a>\n\t\t<h3><a href=\"\/pt\/recursos\/uso-de-substancias\/\" target=\"_self\" rel=\"noopener\">Uso de subst\u00e2ncias<\/a><\/h3>\t\n\t\t\t\t<a href=\"\/pt\/recursos\/servicos-fiscais\/\" target=\"_self\" itemprop=\"url\" rel=\"noopener\">\n\t\t\t\t<img loading=\"lazy\" decoding=\"async\" src=\"https:\/\/211md.org\/wp-content\/uploads\/bb-plugin\/cache\/Mask-Group-34-circle-166a606e37e61188c9a17d5e634cda3c-.png\" alt=\"Pessoa preenchendo a papelada do imposto de renda\" itemprop=\"image\" height=\"500\" width=\"500\" title=\"Grupo de m\u00e1scara 34\" onerror=\"this.style.display='none'\"  \/>\n\t\t\t\t<\/a>\n\t\t<h3><a href=\"\/pt\/recursos\/servicos-fiscais\/\" target=\"_self\" rel=\"noopener\">Servi\u00e7os fiscais<\/a><\/h3>\t\n\t\t\t\t<a href=\"\/pt\/recursos\/utilitario-assistencia\/\" target=\"_self\" itemprop=\"url\" rel=\"noopener\">\n\t\t\t\t<img loading=\"lazy\" decoding=\"async\" src=\"https:\/\/211md.org\/wp-content\/uploads\/bb-plugin\/cache\/Mask-Group-37@2x-circle-9661a11b9c4082079c9a1f06bc539567-.png\" alt=\"Uma l\u00e2mpada acesa\" itemprop=\"image\" height=\"500\" width=\"500\" title=\"Grupo de m\u00e1scara 37@2x\" onerror=\"this.style.display='none'\"  \/>\n\t\t\t\t<\/a>\n\t\t<h3><a href=\"\/pt\/recursos\/utilitario-assistencia\/\" target=\"_self\" rel=\"noopener\">Assist\u00eancia de utilidade<\/a><\/h3>\t\n\t\t\t\t<a href=\"\/pt\/recursos\/veteranos\/\" target=\"_self\" itemprop=\"url\" rel=\"noopener\">\n\t\t\t\t<img decoding=\"async\" src=\"https:\/\/211md.org\/wp-content\/uploads\/bb-plugin\/cache\/Veterans-circle-7c6972a59826c74f1f658f61df785fc3-.png\" alt=\"Um soldado apertando a m\u00e3o de algu\u00e9m e sorrindo\" itemprop=\"image\" title=\"veteranos\" onerror=\"this.style.display='none'\"  \/>\n\t\t\t\t<\/a>\n\t\t<h3><a href=\"\/pt\/recursos\/veteranos\/\" target=\"_self\" rel=\"noopener\">veteranos<\/a><\/h3>\t\n<h2>Obrigado aos nossos parceiros<\/h2>\n<p>Em parceria com o Gabinete de Iniciativas Comunit\u00e1rias do Governador e o Gabinete de Assuntos de Imigra\u00e7\u00e3o, o 211 Maryland liga novos americanos e habitantes de Maryland a servi\u00e7os cr\u00edticos e facilita a den\u00fancia de crimes e\/ou incidentes de \u00f3dio e preconceito.<\/p>\n\t\t\t\t<img loading=\"lazy\" decoding=\"async\" src=\"https:\/\/211md.org\/wp-content\/uploads\/2022\/04\/Group-332.svg\" alt=\"Grupo 332\" itemprop=\"image\" height=\"215\" width=\"244\" title=\"Grupo 332\" onerror=\"this.style.display='none'\"  \/>\n\t\t\t\t<img loading=\"lazy\" decoding=\"async\" src=\"https:\/\/211md.org\/wp-content\/uploads\/2022\/04\/Group-333.svg\" alt=\"Logotipo do Gabinete de Assuntos de Imigrantes do Governador de Maryland\" itemprop=\"image\" height=\"215\" width=\"245\" title=\"Logotipo do Gabinete de Assuntos de Imigrantes do Governador de Maryland\" onerror=\"this.style.display='none'\"  \/>","protected":false},"excerpt":{"rendered":"<p>#MDStopHate Denuncie crimes de \u00f3dio e preconceito e\/ou incidentes e conecte-se com recursos da comunidade. Pare o \u00f3dio Precisa fazer um relat\u00f3rio enquanto estiver em tr\u00e2nsito? Envie uma mensagem de texto com \u201cMDStopHate\u201d para 898-211 (TXT-211) para registrar um relat\u00f3rio de incidente usando seu telefone celular. 211 Maryland oferece programas de alerta por mensagem de texto que fornecem informa\u00e7\u00f5es de recursos espec\u00edficos da regi\u00e3o ou fornecem alertas de desastres.\u2026<\/p>","protected":false},"author":8,"featured_media":2665,"parent":0,"menu_order":0,"comment_status":"closed","ping_status":"closed","template":"","meta":{"footnotes":""},"class_list":["post-2845","page","type-page","status-publish","has-post-thumbnail","hentry"],"_links":{"self":[{"href":"https:\/\/211md.org\/pt\/wp-json\/wp\/v2\/pages\/2845","targetHints":{"allow":["GET"]}}],"collection":[{"href":"https:\/\/211md.org\/pt\/wp-json\/wp\/v2\/pages"}],"about":[{"href":"https:\/\/211md.org\/pt\/wp-json\/wp\/v2\/types\/page"}],"author":[{"embeddable":true,"href":"https:\/\/211md.org\/pt\/wp-json\/wp\/v2\/users\/8"}],"replies":[{"embeddable":true,"href":"https:\/\/211md.org\/pt\/wp-json\/wp\/v2\/comments?post=2845"}],"version-history":[{"count":0,"href":"https:\/\/211md.org\/pt\/wp-json\/wp\/v2\/pages\/2845\/revisions"}],"wp:featuredmedia":[{"embeddable":true,"href":"https:\/\/211md.org\/pt\/wp-json\/wp\/v2\/media\/2665"}],"wp:attachment":[{"href":"https:\/\/211md.org\/pt\/wp-json\/wp\/v2\/media?parent=2845"}],"curies":[{"name":"wp","href":"https:\/\/api.w.org\/{rel}","templated":true}]}}