{"id":3132,"date":"2022-06-14T08:07:18","date_gmt":"2022-06-14T12:07:18","guid":{"rendered":"https:\/\/211md.org\/?page_id=3132"},"modified":"2024-09-05T10:25:02","modified_gmt":"2024-09-05T14:25:02","slug":"esperanca","status":"publish","type":"page","link":"https:\/\/211md.org\/pt\/resources\/substance-use\/mdhope\/","title":{"rendered":"Obtenha suporte para opi\u00f3ides em Maryland com MDHope"},"content":{"rendered":"<h2>H\u00e1 Esperan\u00e7a Se Y<strong>ou algu\u00e9m que voc\u00ea conhece<\/strong>w Usa opioides.<\/h2>\n\t<p>Envie uma mensagem de texto MDHope para 898211. \u00c9 gratuito e confidencial.<\/p>\n\t\t\t<a href=\"sms:\/\/898-211;?&#038;body=MDHope\" target=\"_blank\" rel=\"noopener\">\n\t\t\t\t\t\t\tInscreva-se agora\n\t\t\t\t\t<\/a>\n\t<p><em>Taxas de mensagens e dados podem ser aplicadas e a frequ\u00eancia de mensagens pode variar. Para obter ajuda, envie HELP. Para cancelar, envie STOP para o mesmo n\u00famero. Termos completos de SMS em\u00a0<a href=\"https:\/\/211md.org\/pt\/sms\/\">https:\/\/211md.org\/sms\/<\/a>\u00a0tamb\u00e9m se aplicar\u00e1.<\/em><\/p>\n<h2>\n\t\tComo Funciona o MDHope\n\t<\/h2>\n\t\t\t\t<img loading=\"lazy\" decoding=\"async\" src=\"https:\/\/211md.org\/wp-content\/uploads\/2021\/05\/Screen-Shot-2021-05-26-at-11.27.15-AM.svg\" alt=\"Imagem do N\u00famero 1\" itemprop=\"image\" height=\"150\" width=\"150\" title=\"Imagem do N\u00famero 1\" onerror=\"this.style.display='none'\"  \/>\n<h3>Texto<\/h3><p>Texto\u00a0<strong>MD Hope<\/strong>\u00a0para 898-211 para se inscrever para textos.\u00a0<sup>1<\/sup><\/p>\n<p><sup>1<\/sup><em>211 Maryland oferece programas de alerta de mensagem de texto que fornecem informa\u00e7\u00f5es de recursos espec\u00edficos da regi\u00e3o ou fornecem alertas de desastres. Podem ser aplicadas taxas de mensagem e dados e a frequ\u00eancia da mensagem pode variar. Para obter ajuda, envie HELP. Para cancelar, envie STOP para o mesmo n\u00famero. Os termos completos de SMS em https:\/\/211md.org\/sms\/ tamb\u00e9m ser\u00e3o aplicados.<\/em><\/p>\n\t\t\t\t<img loading=\"lazy\" decoding=\"async\" src=\"https:\/\/211md.org\/wp-content\/uploads\/2021\/05\/Screen-Shot-2021-05-26-at-11.27.25-AM.svg\" alt=\"imagem do n\u00famero 2\" itemprop=\"image\" height=\"150\" width=\"150\" title=\"Imagem do N\u00famero 2\" onerror=\"this.style.display='none'\"  \/>\n<h3>Coloque seu codigo Postal<\/h3><p>Quando solicitado, forne\u00e7a seu CEP para que possamos encontrar recursos locais para ajud\u00e1-lo a encontrar esperan\u00e7a.<\/p>\n\t\t\t\t<img loading=\"lazy\" decoding=\"async\" src=\"https:\/\/211md.org\/wp-content\/uploads\/2021\/05\/Screen-Shot-2021-05-26-at-11.27.40-AM.svg\" alt=\"imagem do n\u00famero 3\" itemprop=\"image\" height=\"149\" width=\"149\" title=\"Imagem do N\u00famero 3\" onerror=\"this.style.display='none'\"  \/>\n<h3>Encontrar ajuda<\/h3><p>Entre em contato com recursos locais nos informando se voc\u00ea est\u00e1 buscando ajuda para voc\u00ea, um amigo ou familiar ou um cliente. O 211 enviar\u00e1 as informa\u00e7\u00f5es que voc\u00ea solicitar, como <a href=\"https:\/\/sundown.org\/\" target=\"_blank\" rel=\"noopener\">centros de tratamento<\/a>, medica\u00e7\u00e3o para revers\u00e3o de overdose, descarte seguro de medicamentos ou apoio \u00e0 preven\u00e7\u00e3o.<\/p>\n<p><strong>Voc\u00ea tamb\u00e9m pode se conectar com uma pessoa ao vivo a qualquer momento.<\/strong><\/p>\n\t<h2>Conecte outras pessoas ao MDHope<\/h2>\n<p>Imprima o cart\u00e3o de divulga\u00e7\u00e3o para download e a ficha informativa para conectar os habitantes de Maryland com esperan\u00e7a.<\/p>\n\t\t\t\t<a href=\"\/wp-content\/uploads\/2022\/07\/2022-06_211MDHope-OutreachCard_063022_PRINT.pdf\" target=\"_blank\" rel=\"noopener\" itemprop=\"url\">\n\t\t\t\t<img loading=\"lazy\" decoding=\"async\" src=\"https:\/\/211md.org\/wp-content\/uploads\/2022\/07\/MDHope-Outreach-Card-July-2022.jpg\" alt=\"Cart\u00e3o MDHope Outreach para uso de opioides\" itemprop=\"image\" height=\"600\" width=\"1050\" title=\"Cart\u00e3o MDHope Outreach julho de 2022\" onerror=\"this.style.display='none'\"  \/>\n\t\t\t\t<\/a>\n\t<p><a href=\"\/wp-content\/uploads\/2022\/07\/2022-06_211MDHope-OutreachCard_063022_PRINT.pdf\" target=\"_blank\" rel=\"noopener\"><strong>Download<\/strong><\/a><\/p>\n\t\t\t\t<a href=\"\/wp-content\/uploads\/2022\/07\/MDHope-Printable-Fact-Sheet-2022.pdf\" target=\"_blank\" rel=\"noopener\" itemprop=\"url\">\n\t\t\t\t<img loading=\"lazy\" decoding=\"async\" src=\"https:\/\/211md.org\/wp-content\/uploads\/2022\/07\/MDHope-Fact-Sheet-scaled.jpg\" alt=\"Ficha T\u00e9cnica do MDHope\" itemprop=\"image\" height=\"2560\" width=\"1978\" title=\"Ficha T\u00e9cnica do MDHope\" onerror=\"this.style.display='none'\"  \/>\n\t\t\t\t<\/a>\n\t<p><a href=\"\/wp-content\/uploads\/2022\/07\/MDHope-Printable-Fact-Sheet-2022.pdf\" target=\"_blank\" rel=\"noopener\"><strong>Download<\/strong><\/a><\/p>","protected":false},"excerpt":{"rendered":"<p>H\u00e1 esperan\u00e7a se voc\u00ea ou algu\u00e9m que voc\u00ea conhece usa opioides. Envie uma mensagem de texto com MDHope para 898211. \u00c9 gratuito e confidencial. Inscreva-se agora. Podem ser aplicadas taxas de mensagens e dados, e a frequ\u00eancia das mensagens pode variar. Para obter ajuda, envie uma mensagem de texto com HELP. Para cancelar, envie uma mensagem de texto com STOP para o mesmo n\u00famero. Os termos completos de SMS em https:\/\/211md.org\/sms\/ tamb\u00e9m ser\u00e3o aplicados. Como funciona o MDHope Envie uma mensagem de texto\u2026<\/p>","protected":false},"author":7,"featured_media":3172,"parent":837,"menu_order":0,"comment_status":"closed","ping_status":"closed","template":"","meta":{"footnotes":""},"class_list":["post-3132","page","type-page","status-publish","has-post-thumbnail","hentry"],"_links":{"self":[{"href":"https:\/\/211md.org\/pt\/wp-json\/wp\/v2\/pages\/3132","targetHints":{"allow":["GET"]}}],"collection":[{"href":"https:\/\/211md.org\/pt\/wp-json\/wp\/v2\/pages"}],"about":[{"href":"https:\/\/211md.org\/pt\/wp-json\/wp\/v2\/types\/page"}],"author":[{"embeddable":true,"href":"https:\/\/211md.org\/pt\/wp-json\/wp\/v2\/users\/7"}],"replies":[{"embeddable":true,"href":"https:\/\/211md.org\/pt\/wp-json\/wp\/v2\/comments?post=3132"}],"version-history":[{"count":0,"href":"https:\/\/211md.org\/pt\/wp-json\/wp\/v2\/pages\/3132\/revisions"}],"up":[{"embeddable":true,"href":"https:\/\/211md.org\/pt\/wp-json\/wp\/v2\/pages\/837"}],"wp:featuredmedia":[{"embeddable":true,"href":"https:\/\/211md.org\/pt\/wp-json\/wp\/v2\/media\/3172"}],"wp:attachment":[{"href":"https:\/\/211md.org\/pt\/wp-json\/wp\/v2\/media?parent=3132"}],"curies":[{"name":"wp","href":"https:\/\/api.w.org\/{rel}","templated":true}]}}