{"id":3207,"date":"2022-09-15T16:24:14","date_gmt":"2022-09-15T20:24:14","guid":{"rendered":"https:\/\/211md.org\/?page_id=3207"},"modified":"2025-09-09T11:28:33","modified_gmt":"2025-09-09T15:28:33","slug":"sinais-de-alerta-e-overdose-ajuda","status":"publish","type":"page","link":"https:\/\/211md.org\/pt\/resources\/substance-use\/warning-signs-and-overdose-help\/","title":{"rendered":"Como ajudar algu\u00e9m com overdose"},"content":{"rendered":"<img loading=\"lazy\" decoding=\"async\" src=\"https:\/\/211md.org\/wp-content\/uploads\/2022\/07\/Dad-with-hand-on-his-sons-shoulder-providing-support.jpg\" alt=\"Pai com a m\u00e3o no ombro do filho dando apoio\" itemprop=\"image\" height=\"683\" width=\"1024\" title=\"Pai-com-a-m\u00e3o-no-ombro-do-filho dando apoio\" onerror=\"this.style.display='none'\"  \/>\n\t<p>O v\u00edcio \u00e9 uma doen\u00e7a complicada do c\u00e9rebro. Em um ambiente m\u00e9dico, voc\u00ea pode ouvir o v\u00edcio chamado transtorno do uso de subst\u00e2ncias.<\/p>\n<p>Embora seja dif\u00edcil navegar nessas situa\u00e7\u00f5es, obter a ajuda de que um indiv\u00edduo precisa o mais r\u00e1pido poss\u00edvel \u00e9 fundamental.<\/p>\n<p>Os indiv\u00edduos tamb\u00e9m podem ter problemas de sa\u00fade mental ou outros problemas de sa\u00fade subjacentes. E, com o uso de drogas, h\u00e1 sempre o risco de uma overdose mortal.<\/p>\n<h2>Sinais de aviso<\/h2>\n<p>O v\u00edcio pode afetar qualquer pessoa em Maryland, independentemente de idade, ra\u00e7a ou profiss\u00e3o.<\/p>\n<p>Voc\u00ea pode ajudar a acabar com o estigma do v\u00edcio conhecendo os sinais do v\u00edcio e dando ao indiv\u00edduo a ajuda de que ele precisa o mais r\u00e1pido poss\u00edvel.<\/p>\n<h3>Sinais de transtorno por uso de subst\u00e2ncias<\/h3>\n<p>Estes s\u00e3o os sinais de algu\u00e9m com um transtorno por uso de subst\u00e2ncias.<\/p>\n<ul>\n<li>Visitar v\u00e1rios m\u00e9dicos para obter prescri\u00e7\u00f5es<\/li>\n<li>Mudan\u00e7a de humor ou comportamento<\/li>\n<li>Irritabilidade<\/li>\n<li>Retirada de eventos e atividades sociais<\/li>\n<li>Dificuldades financeiras inexplic\u00e1veis<\/li>\n<li>Dormir em hor\u00e1rios estranhos<\/li>\n<li>Uso mais frequente de subst\u00e2ncias<\/li>\n<\/ul>\n<p>Os estigmas muitas vezes impedem que os indiv\u00edduos obtenham a ajuda de que precisam.<\/p>\n<p>Se algu\u00e9m que voc\u00ea conhece est\u00e1 mostrando sinais de depend\u00eancia, voc\u00ea pode ajud\u00e1-lo fornecendo recursos de apoio e incentivando-o a buscar ajuda.<\/p>\n<p>N\u00e3o os capacite ajudando-os com o aluguel ou fornecendo outra assist\u00eancia financeira.<\/p>\n<p>Al\u00e9m disso, remova medicamentos antigos de sua casa.\u00a0<a href=\"https:\/\/211md.org\/pt\/recursos\/uso-de-substancias\/descarte-de-drogas\/\">Existem maneiras gratuitas de descartar medicamentos antigos<\/a>\u00a0ent\u00e3o voc\u00ea est\u00e1 prevenindo o uso de subst\u00e2ncias e protegendo o meio ambiente.<\/p>\n<p>Concentre-se no v\u00edcio e\u00a0<a href=\"https:\/\/211md.org\/pt\/recursos\/uso-de-substancias\/\">encontre op\u00e7\u00f5es de tratamento em Maryland<\/a>.<\/p>\n<h3>Reconhecendo sinais de overdose<\/h3>\n<p>As drogas geralmente cont\u00eam o opioide sint\u00e9tico poderoso e mortal conhecido como fentanil. \u00c9 50 vezes mais forte que a hero\u00edna e a principal causa de mortes por overdose em Maryland.<\/p>\n<p>Voc\u00ea n\u00e3o pode ver, cheirar ou provar. Muitas vezes \u00e9 adicionado a outras drogas porque \u00e9 muito potente.<\/p>\n<p>Se voc\u00ea est\u00e1 preocupado com algu\u00e9m e acha que ele pode ter um v\u00edcio, tamb\u00e9m deve estar atento aos sinais de overdose.<\/p>\n<p>Os sinais de uma overdose incluem:<\/p>\n<ul>\n<li>Ronco alto ou ru\u00eddos gorgolejantes<\/li>\n<li>L\u00e1bios ou unhas ficando azuis<\/li>\n<li>Pele p\u00e1lida\/acinzentada<\/li>\n<li>Sem resposta, desmaiado, incapaz de falar ou uma pessoa incoerente<\/li>\n<li>corpo fl\u00e1cido<\/li>\n<li>Batimento card\u00edaco lento ou parado<\/li>\n<li>Respira\u00e7\u00e3o superficial, lenta, parada ou irregular<\/li>\n<li>Poucas habilidades motoras e coordena\u00e7\u00e3o<\/li>\n<li>Pupilas pequenas que n\u00e3o respondem \u00e0 luz ou ao movimento<\/li>\n<li>convuls\u00f5es<\/li>\n<li>Pele \u00famida<\/li>\n<\/ul>\n\t<h2><strong>Como voc\u00ea pode ajudar a salvar uma vida com naloxona<\/strong><\/h2>\n<p>80% de mortes por overdose ocorrem dentro de uma casa, de acordo com um\u00a0<a href=\"https:\/\/www.cdc.gov\/stopoverdose\/naloxone\/index.html\" target=\"_blank\" rel=\"noopener\">Relat\u00f3rio de sinais vitais dos Centros de Controle de Doen\u00e7as (CDC)<\/a>.<\/p>\n<p>40% do tempo, outra pessoa est\u00e1 presente, de acordo com o CDC.<\/p>\n<p>A naloxona ajuda os espectadores a reverter os efeitos da overdose.<\/p>\n<p>As fam\u00edlias devem ter \u00e0 m\u00e3o o medicamento que salva vidas se conhecerem algu\u00e9m que luta contra o transtorno do uso de opioides.<\/p>\n\t<iframe loading=\"lazy\" width=\"560\" height=\"315\" src=\"https:\/\/www.youtube.com\/embed\/Sm5Tbb8YcgQ\" title=\"Leitor de v\u00eddeo do YouTube\" frameborder=\"0\" allow=\"accelerometer; autoplay; clipboard-write; encrypted-media; gyroscope; picture-in-picture\" allowfullscreen><\/iframe>\n\t\t<h3>Envie uma mensagem de texto com MDHope para 898211<\/h3><p>Conecte-se \u00e0 naloxona perto de voc\u00ea, locais de descarte de medicamentos prescritos e recursos sobre uso de subst\u00e2ncias.<\/p>\n<p><em>211 Maryland oferece programas de alerta de mensagem de texto que fornecem informa\u00e7\u00f5es de recursos espec\u00edficos da regi\u00e3o ou fornecem alertas de desastres. Podem ser aplicadas taxas de mensagem e dados. A frequ\u00eancia da mensagem pode variar. Envie STOP para o mesmo n\u00famero para cancelar a assinatura. Para obter ajuda, envie HELP. Termos completos de SMS em <a href=\"https:\/\/211md.org\/pt\/sms\/\">https:\/\/211md.org\/sms\/<\/a> tamb\u00e9m se aplicar\u00e1.<\/em><\/p>\n\t<h3>Onde obter naloxona em Maryland<\/h3>\n<p>Se voc\u00ea n\u00e3o quiser que as informa\u00e7\u00f5es sejam enviadas para voc\u00ea por meio do MDHope, existem outras maneiras de encontrar o fornecedor de naloxona mais pr\u00f3ximo em sua \u00e1rea.<\/p>\n<p>Voc\u00ea tamb\u00e9m pode visitar um Programa de Resposta a Overdose (ODR) em Maryland para receber naloxona.\u00a0<a href=\"https:\/\/health.maryland.gov\/pha\/NALOXONE\/Pages\/Approved-Entities.aspx\" target=\"_blank\" rel=\"noopener\">Voc\u00ea pode encontrar o mais pr\u00f3ximo aqui<\/a>.<\/p>\n<p>Voc\u00ea tamb\u00e9m pode entrar em uma farm\u00e1cia e obter o medicamento sem receita e sem treinamento. \u00c9 coberto pela maioria dos seguros e pelo Maryland Medicaid. No entanto, pode n\u00e3o estar em estoque. O estoque pode variar.<\/p>\n<p><a href=\"https:\/\/nextdistro.org\/maryland\" target=\"_blank\" rel=\"noopener\">Pr\u00f3xima Redu\u00e7\u00e3o de Danos<\/a>\u00a0e a\u00a0<a href=\"https:\/\/baltimoreharmreduction.org\/\" target=\"_blank\" rel=\"noopener\">Coaliz\u00e3o de Redu\u00e7\u00e3o de Danos de Baltimore<\/a>\u00a0tamb\u00e9m enviar\u00e1 gratuitamente o medicamento que salva vidas aos residentes de Maryland. O programa \u00e9 projetado para indiv\u00edduos que n\u00e3o desejam obter o medicamento pessoalmente.<\/p>\n<p>Voc\u00ea precisar\u00e1 assistir a um v\u00eddeo de treinamento de 4 minutos, responder a um pequeno teste e fornecer informa\u00e7\u00f5es para receber naloxona. O treinamento est\u00e1 dispon\u00edvel em ingl\u00eas e espanhol.\u00a0<a href=\"https:\/\/nextdistro.org\/maryland-language\" target=\"_blank\" rel=\"noopener\">Fa\u00e7a o treinamento<\/a>.<\/p>\n\t<h2>Lei do Bom Samaritano de Maryland<\/h2>\n<p>A lei fornece certas prote\u00e7\u00f5es legais quando voc\u00ea liga para o 9-1-1 para ajudar um indiv\u00edduo que est\u00e1 passando por uma overdose de emerg\u00eancia.<\/p>\n<p>Se voc\u00ea testemunhar uma emerg\u00eancia m\u00e9dica causada por overdose, ligue para 9-1-1 imediatamente.<\/p>\n<p><a href=\"https:\/\/health.maryland.gov\/qahealth\/substance-abuse\/Pages\/Good-Samaritan-Law.aspx\" target=\"_blank\" rel=\"noopener\">Lei do Bom Samaritano de Maryland<\/a>\u00a0permite que voc\u00ea obtenha ajuda sem medo de pris\u00e3o ou processo por v\u00e1rios delitos, incluindo:<\/p>\n<ul>\n<li>5-601: Possuir ou Administrar CDS<\/li>\n<li>5-619: Parafern\u00e1lia de Drogas<\/li>\n<li>5-620: Parafern\u00e1lia controlada<\/li>\n<li>\u00a7 10-114: Posse menor de \u00e1lcool<\/li>\n<li>\u00a7 10-116: Obten\u00e7\u00e3o de \u00e1lcool para consumo por menores<\/li>\n<li>\u00a7 10-117: Fornecer ou permitir o consumo de \u00e1lcool por menores<\/li>\n<\/ul>\n<p>Tamb\u00e9m protege voc\u00ea de violar liberdade condicional, liberdade condicional e liberdade pr\u00e9-julgamento se a evid\u00eancia da viola\u00e7\u00e3o tiver sido obtida como resultado da obten\u00e7\u00e3o de ajuda ou presta\u00e7\u00e3o de assist\u00eancia que ajude a salvar a vida de algu\u00e9m.<\/p>\n<p>O objetivo \u00e9 ajudar algu\u00e9m que est\u00e1 passando por uma overdose de emerg\u00eancia.<\/p>\n<p>Voc\u00ea n\u00e3o estar\u00e1 protegido se testemunhar a emerg\u00eancia e n\u00e3o ajudar a pessoa. A aplica\u00e7\u00e3o da lei tamb\u00e9m pode conduzir investiga\u00e7\u00f5es e reunir provas, uma vez que n\u00e3o se aplica a crimes relacionados com drogas ou outros crimes n\u00e3o listados.<\/p>\n\t\t\t\t<img loading=\"lazy\" decoding=\"async\" src=\"https:\/\/211md.org\/wp-content\/uploads\/2022\/07\/Naloxone-NARCAN-nasal-spray.jpg\" alt=\"Naloxona Narcan spray nasal\" itemprop=\"image\" height=\"683\" width=\"1024\" title=\"Naloxone-NARCAN-nasal-spray\" onerror=\"this.style.display='none'\"  \/>\n<h2>Como ajudar algu\u00e9m com overdose<\/h2>\n<p>Naloxona\/NARCAN\u00ae reverte imediatamente os efeitos de uma overdose. Existe uma forma injet\u00e1vel ou, mais comumente, um spray nasal. \u00c9 f\u00e1cil de usar e est\u00e1 dispon\u00edvel sem receita m\u00e9dica.<\/p>\n<p>S\u00f3 na cidade de Baltimore, salvou mais de 2.800 vidas.<\/p>\n<p>Se voc\u00ea tiver NARCAN\u00ae dispon\u00edvel, poder\u00e1 us\u00e1-lo para fornecer ajuda imediata enquanto espera a chegada do pessoal m\u00e9dico.<\/p>\n<h3>Usando Naloxona<\/h3>\n<p>A naloxona \u00e9 um spray nasal ou autoinjetor usado na parte externa da coxa do indiv\u00edduo.<\/p>\n<p>Estas s\u00e3o as etapas a seguir se voc\u00ea suspeitar que algu\u00e9m est\u00e1 tendo uma overdose:<\/p>\n<h4>1. Chame a aten\u00e7\u00e3o deles.<\/h4>\n<p>Grite com o indiv\u00edduo e pergunte se ele precisa de ajuda.<\/p>\n<h4>2. Esfregue o esterno.<\/h4>\n<p>Esfregue os n\u00f3s dos dedos firmemente para cima e para baixo no meio do peito da pessoa.<\/p>\n<h4>3. Ligue para 9-1-1.<\/h4>\n<h4>4. Administre Naloxona.<\/h4>\n<p>Coloque a ponta do bico em qualquer narina at\u00e9 que seus dedos toquem a parte inferior do nariz da pessoa.<\/p>\n<p>Pressione firmemente para liberar o medicamento.<\/p>\n<p>Se a primeira dose n\u00e3o funcionar em 1-3 minutos, repita.<\/p>\n<h4>5. Apoie a respira\u00e7\u00e3o deles.<\/h4>\n<p>Coloque a pessoa de costas e incline o queixo para tr\u00e1s. Verifique se nada est\u00e1 bloqueando as vias a\u00e9reas.<\/p>\n<p>Aperte o nariz da pessoa e cubra a boca dela com a sua. Fa\u00e7a 2 respira\u00e7\u00f5es regulares e repita com 1 respira\u00e7\u00e3o a cada 5 segundos.<\/p>\n<p>Voc\u00ea tamb\u00e9m pode fazer compress\u00f5es tor\u00e1cicas se tiver treinamento em RCP.<\/p>\n<h4>6. Ajude a pessoa a se recuperar.<\/h4>\n<p>Fique com o indiv\u00edduo at\u00e9 que a ajuda chegue.<\/p>\n<p>Se a pessoa melhorar, coloque-a de bru\u00e7os com o rosto e a cabe\u00e7a voltada para o lado. Coloque a m\u00e3o sob a cabe\u00e7a e dobre os joelhos para se apoiar.<\/p>\n<p>A naloxona n\u00e3o causar\u00e1 nenhum dano se administrada a algu\u00e9m que n\u00e3o tenha opioides em seu sistema.<\/p>\n<h2>Informa\u00e7\u00e3o relacionada<\/h2>\n<p><a href=\"https:\/\/211md.org\/pt\/recursos\/uso-de-substancias\/\">Encontrar tratamento<\/a><\/p>\n<p><a href=\"https:\/\/211md.org\/pt\/recursos\/uso-de-substancias\/descarte-de-drogas\/\">Descarte de medicamentos prescritos<\/a><\/p>\n<p><a href=\"https:\/\/211md.org\/pt\/esperanca\/\">MD Hope<\/a><\/p>\n\t<h2>Precisa conversar?<\/h2>\n\t<h2>Ligue ou envie uma mensagem de texto para 988<\/h2>\n\t\t\t<a href=\"https:\/\/988lifeline.org\/chat\/\" target=\"_blank\" rel=\"noopener\">\n\t\t\t\t\t\t\tConverse agora (ingl\u00eas)\n\t\t\t\t\t<\/a>\n\t\t\t<a href=\"https:\/\/988lifeline.org\/es\/chat\/\" target=\"_blank\" rel=\"noopener\">\n\t\t\t\t\t\t\tChatea Ahora (Espanhol)\n\t\t\t\t\t<\/a>\n\t<p>Qualquer pessoa que precise de assist\u00eancia com sa\u00fade mental ou necessidades relacionadas ao uso de subst\u00e2ncias pode ligar para 988. <a href=\"https:\/\/988min.org\/\" target=\"_blank\" rel=\"noopener\"> Saiba mais sobre 988 em Maryland.<\/a><\/p>\n<h2>\n\t\tEncontrar recursos\n\t<\/h2>\n\t\t\t\t<a href=\"\/pt\/recursos\/envelhecimento-incapacidade\/\"  target=\"_self\" itemprop=\"url\">\n\t\t\t\t<img loading=\"lazy\" decoding=\"async\" src=\"https:\/\/211md.org\/wp-content\/uploads\/bb-plugin\/cache\/Mask-Group-41@2x-circle-73eaadba4cad8269faa4720e25cf1c85-.png\" alt=\"Os p\u00e9s de uma mulher mais velha e uma mulher mais jovem caminhando juntos\" itemprop=\"image\" height=\"500\" width=\"500\" title=\"Servi\u00e7os para deficientes\" onerror=\"this.style.display='none'\"  \/>\n\t\t\t\t<\/a>\n\t\t<h3><a href=\"\/pt\/recursos\/envelhecimento-incapacidade\/\" target=\"_self\">Envelhecimento e Defici\u00eancia<\/a><\/h3>\t\n\t\t\t\t<a href=\"\/pt\/recursos\/criancas-familias\/\"  target=\"_self\" itemprop=\"url\">\n\t\t\t\t<img loading=\"lazy\" decoding=\"async\" src=\"https:\/\/211md.org\/wp-content\/uploads\/bb-plugin\/cache\/Mask-Group-38@2x-circle-ac40d46265fbec62083cd27f6dcf23b0-.png\" alt=\"Um menino e uma menina sorrindo e olhando para a c\u00e2mera\" itemprop=\"image\" height=\"500\" width=\"500\" title=\"Grupo de m\u00e1scara 38@2x\" onerror=\"this.style.display='none'\"  \/>\n\t\t\t\t<\/a>\n\t\t<h3><a href=\"\/pt\/recursos\/criancas-familias\/\" target=\"_self\">Crian\u00e7as e Fam\u00edlias<\/a><\/h3>\t\n\t\t\t\t<a href=\"\/pt\/recursos\/violencia-domestica-familiar\/\"  target=\"_self\" itemprop=\"url\">\n\t\t\t\t<img loading=\"lazy\" decoding=\"async\" src=\"https:\/\/211md.org\/wp-content\/uploads\/bb-plugin\/cache\/Mask-Group-39@2x-circle-b2589197a13c791d910f46dd10b27a87-.png\" alt=\"Dois pares de m\u00e3os segurando um ao outro\" itemprop=\"image\" height=\"500\" width=\"500\" title=\"Grupo de m\u00e1scara 39@2x\" onerror=\"this.style.display='none'\"  \/>\n\t\t\t\t<\/a>\n\t\t<h3><a href=\"\/pt\/recursos\/violencia-domestica-familiar\/\" target=\"_self\">Viol\u00eancia Dom\u00e9stica\/Familiar<\/a><\/h3>\t\n\t\t\t\t<a href=\"\/pt\/recursos\/procura-de-emprego\/\"  target=\"_self\" itemprop=\"url\">\n\t\t\t\t<img loading=\"lazy\" decoding=\"async\" src=\"https:\/\/211md.org\/wp-content\/uploads\/bb-plugin\/cache\/Employment-circle-bf72562329e950df948954f5d3f44b2e-.png\" alt=\"um mec\u00e2nico de autom\u00f3veis\" itemprop=\"image\" height=\"500\" width=\"500\" title=\"Emprego\" onerror=\"this.style.display='none'\"  \/>\n\t\t\t\t<\/a>\n\t\t<h3><a href=\"\/pt\/recursos\/procura-de-emprego\/\" target=\"_self\">Emprego<\/a><\/h3>\t\n\t\t\t\t<a href=\"\/pt\/recursos\/cuidados-de-saude\/\"  target=\"_self\" itemprop=\"url\">\n\t\t\t\t<img loading=\"lazy\" decoding=\"async\" src=\"https:\/\/211md.org\/wp-content\/uploads\/bb-plugin\/cache\/Mask-Group-35@2x-circle-94be10c13e4adae1683b4589dc2f5b2f-.png\" alt=\"Doutor olhando para a perna de meninos\" itemprop=\"image\" height=\"500\" width=\"500\" title=\"Grupo de m\u00e1scara 35@2x\" onerror=\"this.style.display='none'\"  \/>\n\t\t\t\t<\/a>\n\t\t<h3><a href=\"\/pt\/recursos\/cuidados-de-saude\/\" target=\"_self\">Cuidados de sa\u00fade<\/a><\/h3>\t\n\t\t\t\t<a href=\"\/pt\/recursos\/comida\/\"  target=\"_self\" itemprop=\"url\">\n\t\t\t\t<img loading=\"lazy\" decoding=\"async\" src=\"https:\/\/211md.org\/wp-content\/uploads\/bb-plugin\/cache\/Mask-Group-32@2x-circle-1c6d647dcaf998fa079d26735cedc92b-.png\" alt=\"Vegetais frescos\" itemprop=\"image\" height=\"500\" width=\"500\" title=\"Grupo de m\u00e1scara 32@2x\" onerror=\"this.style.display='none'\"  \/>\n\t\t\t\t<\/a>\n\t\t<h3><a href=\"\/pt\/recursos\/comida\/\" target=\"_self\">Comida<\/a><\/h3>\t\n\t\t\t\t<a href=\"\/pt\/recursos\/casa-abrigo\/\"  target=\"_self\" itemprop=\"url\">\n\t\t\t\t<img loading=\"lazy\" decoding=\"async\" src=\"https:\/\/211md.org\/wp-content\/uploads\/bb-plugin\/cache\/Mask-Group-34@2x-circle-b99c55fc16ef21f35e2f2a1f7cc37b9a-.png\" alt=\"Varanda do complexo de apartamentos\" itemprop=\"image\" height=\"500\" width=\"500\" title=\"Complexo de apartamentos\" onerror=\"this.style.display='none'\"  \/>\n\t\t\t\t<\/a>\n\t\t<h3><a href=\"\/pt\/recursos\/casa-abrigo\/\" target=\"_self\">Habita\u00e7\u00e3o e Abrigo<\/a><\/h3>\t\n\t\t\t\t<a href=\"\/pt\/recursos\/novo-para-nos-e-marilandia\/\"  target=\"_self\" itemprop=\"url\">\n\t\t\t\t<img loading=\"lazy\" decoding=\"async\" src=\"https:\/\/211md.org\/wp-content\/uploads\/bb-plugin\/cache\/American-flag-circle-0016cc327e27ef7aeb080f1da6c6e98b-.jpg\" alt=\"novidade nos estados unidos\" itemprop=\"image\" height=\"364\" width=\"1366\" title=\"Bandeira americana\" onerror=\"this.style.display='none'\"  \/>\n\t\t\t\t<\/a>\n\t\t<h3><a href=\"\/pt\/recursos\/novo-para-nos-e-marilandia\/\" target=\"_self\">Imigra\u00e7\u00e3o<\/a><\/h3>\t\n\t\t\t\t<a href=\"\/pt\/recursos\/criancas-familias\/cuidados-de-parentesco\/\"  target=\"_self\" itemprop=\"url\">\n\t\t\t\t<img decoding=\"async\" src=\"https:\/\/211md.org\/wp-content\/uploads\/bb-plugin\/cache\/kinship-family-navigating-a-computer-circle-045fee9d587aefb20221bfea41a2cf9b-.png\" alt=\"fam\u00edlia de parentesco navegando em um computador\" itemprop=\"image\" title=\"fam\u00edlia de parentesco navegando em um computador\" onerror=\"this.style.display='none'\"  \/>\n\t\t\t\t<\/a>\n\t\t<h3><a href=\"\/pt\/recursos\/criancas-familias\/cuidados-de-parentesco\/\" target=\"_self\">Parentesco<\/a><\/h3>\t\n\t\t\t\t<a href=\"\/pt\/recursos\/servicos-legais\/\"  target=\"_self\" itemprop=\"url\">\n\t\t\t\t<img loading=\"lazy\" decoding=\"async\" src=\"https:\/\/211md.org\/wp-content\/uploads\/bb-plugin\/cache\/Housing-Legal-circle-9a8f3c1c72c54b6e1ce612d2993c1ad4-.png\" alt=\"Gavel legal com um modelo de pl\u00e1stico de uma casa ao lado\" itemprop=\"image\" height=\"348\" width=\"460\" title=\"Habita\u00e7\u00e3o Legal\" onerror=\"this.style.display='none'\"  \/>\n\t\t\t\t<\/a>\n\t\t<h3><a href=\"\/pt\/recursos\/servicos-legais\/\" target=\"_self\">Servi\u00e7os legais<\/a><\/h3>\t\n\t\t\t\t<a href=\"\/pt\/recursos\/saude-mental\/\"  target=\"_self\" itemprop=\"url\">\n\t\t\t\t<img loading=\"lazy\" decoding=\"async\" src=\"https:\/\/211md.org\/wp-content\/uploads\/bb-plugin\/cache\/Mask-Group-40@2x-circle-7bd9426367852fb3d841bc4bdc57a550-.png\" alt=\"Os perfis de um homem e uma mulher\" itemprop=\"image\" height=\"500\" width=\"500\" title=\"Grupo de m\u00e1scara 40@2x\" onerror=\"this.style.display='none'\"  \/>\n\t\t\t\t<\/a>\n\t\t<h3><a href=\"\/pt\/recursos\/saude-mental\/\" target=\"_self\">Sa\u00fade mental<\/a><\/h3>\t\n\t\t\t\t<a href=\"\/pt\/recursos\/mdreentry\/\"  target=\"_self\" itemprop=\"url\">\n\t\t\t\t<img loading=\"lazy\" decoding=\"async\" src=\"https:\/\/211md.org\/wp-content\/uploads\/bb-plugin\/cache\/Diverse-group-of-community-members-circle-4457c114cd48613bc79a0fb50060319c-.jpg\" alt=\"Grupo diversificado de membros da comunidade\" itemprop=\"image\" height=\"800\" width=\"1200\" title=\"Grupo diversificado de membros da comunidade\" onerror=\"this.style.display='none'\"  \/>\n\t\t\t\t<\/a>\n\t\t<h3><a href=\"\/pt\/recursos\/mdreentry\/\" target=\"_self\">Reentrada<\/a><\/h3>\t\n\t\t\t\t<a href=\"\/pt\/stophate\/\"  target=\"_self\" itemprop=\"url\">\n\t\t\t\t<img loading=\"lazy\" decoding=\"async\" src=\"https:\/\/211md.org\/wp-content\/uploads\/bb-plugin\/cache\/Background-section-MDStophate-circle-08e2bae1cf9f2ad6cc83e01e23da8cb9-.jpg\" alt=\"Background-section-MDStophate\" itemprop=\"image\" height=\"768\" width=\"1366\" title=\"Background-section-MDStophate\" onerror=\"this.style.display='none'\"  \/>\n\t\t\t\t<\/a>\n\t\t<h3><a href=\"\/pt\/stophate\/\" target=\"_self\">Pare de odiar<\/a><\/h3>\t\n\t\t\t\t<a href=\"\/pt\/recursos\/uso-de-substancias\/\"  target=\"_self\" itemprop=\"url\">\n\t\t\t\t<img loading=\"lazy\" decoding=\"async\" src=\"https:\/\/211md.org\/wp-content\/uploads\/bb-plugin\/cache\/Substance-Use-circle-ad2d564932dc31267e0c32a6fb2d915c-.png\" alt=\"P\u00edlulas para esmagar as m\u00e3os\" itemprop=\"image\" height=\"500\" width=\"500\" title=\"Uso de subst\u00e2ncias\" onerror=\"this.style.display='none'\"  \/>\n\t\t\t\t<\/a>\n\t\t<h3><a href=\"\/pt\/recursos\/uso-de-substancias\/\" target=\"_self\">Uso de subst\u00e2ncias<\/a><\/h3>\t\n\t\t\t\t<a href=\"\/pt\/recursos\/servicos-fiscais\/\"  target=\"_self\" itemprop=\"url\">\n\t\t\t\t<img loading=\"lazy\" decoding=\"async\" src=\"https:\/\/211md.org\/wp-content\/uploads\/bb-plugin\/cache\/Mask-Group-34-circle-166a606e37e61188c9a17d5e634cda3c-.png\" alt=\"Pessoa preenchendo a papelada do imposto de renda\" itemprop=\"image\" height=\"500\" width=\"500\" title=\"Grupo de m\u00e1scara 34\" onerror=\"this.style.display='none'\"  \/>\n\t\t\t\t<\/a>\n\t\t<h3><a href=\"\/pt\/recursos\/servicos-fiscais\/\" target=\"_self\">Servi\u00e7os fiscais<\/a><\/h3>\t\n\t\t\t\t<a href=\"\/pt\/recursos\/utilitario-assistencia\/\"  target=\"_self\" itemprop=\"url\">\n\t\t\t\t<img loading=\"lazy\" decoding=\"async\" src=\"https:\/\/211md.org\/wp-content\/uploads\/bb-plugin\/cache\/Mask-Group-37@2x-circle-9661a11b9c4082079c9a1f06bc539567-.png\" alt=\"Uma l\u00e2mpada acesa\" itemprop=\"image\" height=\"500\" width=\"500\" title=\"Grupo de m\u00e1scara 37@2x\" onerror=\"this.style.display='none'\"  \/>\n\t\t\t\t<\/a>\n\t\t<h3><a href=\"\/pt\/recursos\/utilitario-assistencia\/\" target=\"_self\">Assist\u00eancia de utilidade<\/a><\/h3>\t\n\t\t\t\t<a href=\"\/pt\/recursos\/veteranos\/\"  target=\"_self\" itemprop=\"url\">\n\t\t\t\t<img decoding=\"async\" src=\"https:\/\/211md.org\/wp-content\/uploads\/bb-plugin\/cache\/Veterans-circle-7c6972a59826c74f1f658f61df785fc3-.png\" alt=\"Um soldado apertando a m\u00e3o de algu\u00e9m e sorrindo\" itemprop=\"image\" title=\"veteranos\" onerror=\"this.style.display='none'\"  \/>\n\t\t\t\t<\/a>\n\t\t<h3><a href=\"\/pt\/recursos\/veteranos\/\" target=\"_self\">veteranos<\/a><\/h3>","protected":false},"excerpt":{"rendered":"<p>O v\u00edcio \u00e9 uma doen\u00e7a complicada do c\u00e9rebro. Em um ambiente m\u00e9dico, voc\u00ea pode ouvir o v\u00edcio chamado transtorno do uso de subst\u00e2ncias. Embora seja dif\u00edcil navegar nessas situa\u00e7\u00f5es, obter a ajuda de que um indiv\u00edduo precisa o mais r\u00e1pido poss\u00edvel \u00e9 fundamental. Os indiv\u00edduos tamb\u00e9m podem ter problemas de sa\u00fade mental ou outros problemas de sa\u00fade subjacentes. E, com droga\u2026<\/p>","protected":false},"author":7,"featured_media":3209,"parent":837,"menu_order":0,"comment_status":"closed","ping_status":"closed","template":"","meta":{"footnotes":""},"class_list":["post-3207","page","type-page","status-publish","has-post-thumbnail","hentry"],"_links":{"self":[{"href":"https:\/\/211md.org\/pt\/wp-json\/wp\/v2\/pages\/3207","targetHints":{"allow":["GET"]}}],"collection":[{"href":"https:\/\/211md.org\/pt\/wp-json\/wp\/v2\/pages"}],"about":[{"href":"https:\/\/211md.org\/pt\/wp-json\/wp\/v2\/types\/page"}],"author":[{"embeddable":true,"href":"https:\/\/211md.org\/pt\/wp-json\/wp\/v2\/users\/7"}],"replies":[{"embeddable":true,"href":"https:\/\/211md.org\/pt\/wp-json\/wp\/v2\/comments?post=3207"}],"version-history":[{"count":3,"href":"https:\/\/211md.org\/pt\/wp-json\/wp\/v2\/pages\/3207\/revisions"}],"predecessor-version":[{"id":33795,"href":"https:\/\/211md.org\/pt\/wp-json\/wp\/v2\/pages\/3207\/revisions\/33795"}],"up":[{"embeddable":true,"href":"https:\/\/211md.org\/pt\/wp-json\/wp\/v2\/pages\/837"}],"wp:featuredmedia":[{"embeddable":true,"href":"https:\/\/211md.org\/pt\/wp-json\/wp\/v2\/media\/3209"}],"wp:attachment":[{"href":"https:\/\/211md.org\/pt\/wp-json\/wp\/v2\/media?parent=3207"}],"curies":[{"name":"wp","href":"https:\/\/api.w.org\/{rel}","templated":true}]}}