{"id":3547,"date":"2022-12-08T16:52:55","date_gmt":"2022-12-08T21:52:55","guid":{"rendered":"https:\/\/211md.org\/?page_id=3547"},"modified":"2026-02-02T08:38:51","modified_gmt":"2026-02-02T13:38:51","slug":"termos","status":"publish","type":"page","link":"https:\/\/211md.org\/pt\/terms\/","title":{"rendered":"Termos de uso"},"content":{"rendered":"<p><strong>Em vigor a partir de 29 de abril de 2022<\/strong><\/p>\n<p>IMPORTANTE \u2013 ESTE \u00c9 UM ACORDO LEGAL ENTRE VOC\u00ca (aqui referido como \u201cvoc\u00ea\u201d ou \u201cusu\u00e1rio\u201d ou com \u201cseu\u201d) E A MARYLAND INFORMATION NETWORK 2-1-1 MARYLAND, INC. CADA VEZ QUE VOC\u00ca USA OU ACESSA O SITE DA 211MD EM www.211md.org E QUALQUER OUTRA PROPRIEDADE ONLINE CONTROLADA OU OPERADA PELA 211MD DE TEMPO EM TEMPO (referenciadas coletivamente aqui como o \u201cSite\u201d). VOC\u00ca DEVE, PORTANTO, LER ATENTAMENTE OS SEGUINTES TERMOS E CONDI\u00c7\u00d5ES CONTIDOS NESTE CONTRATO DE TERMOS DE USO (\u201cTOU\u201d), POIS REGEM O USO DO SITE. SE VOC\u00ca N\u00c3O CONCORDAR COM ESTE TDU, N\u00c3O TER\u00c1 PERMISS\u00c3O DE USAR OU DE OUTRA FORMA ACESSAR O SITE.<\/p>\n<p><strong>1. CONTE\u00daDO.<\/strong>&nbsp;O Site n\u00e3o substitui o aconselhamento m\u00e9dico profissional, os servi\u00e7os profissionais de sa\u00fade ou jur\u00eddicos ou a aplica\u00e7\u00e3o da lei. Se voc\u00ea acha que est\u00e1 passando por uma emerg\u00eancia, ligue para o 911 imediatamente.<\/p>\n<p><strong>2. CONCESS\u00c3O DA LICEN\u00c7A.<\/strong>&nbsp;O Site \u00e9 de propriedade e disponibilizado pela 211MD, e este TDU fornece a voc\u00ea uma licen\u00e7a pessoal, revog\u00e1vel, limitada, n\u00e3o exclusiva, intransfer\u00edvel e n\u00e3o sublicenci\u00e1vel para usar o Site, condicionada \u00e0 sua conformidade cont\u00ednua com este TDU. Voc\u00ea pode imprimir e baixar materiais e informa\u00e7\u00f5es do Site exclusivamente para seu uso pessoal e apenas para fins educacionais, desde que todas as c\u00f3pias impressas contenham todos os direitos autorais e outros avisos aplic\u00e1veis contidos em tais materiais e informa\u00e7\u00f5es e que voc\u00ea n\u00e3o distribua ou divulgue posteriormente tais materiais e informa\u00e7\u00f5es. Voc\u00ea n\u00e3o pode acessar ou usar o Site ou quaisquer materiais atrav\u00e9s do Site para quaisquer fins n\u00e3o autorizados, que incluem, mas n\u00e3o est\u00e3o limitados a, fins comerciais.<\/p>\n<p><strong>3. RESTRI\u00c7\u00d5ES DE CONCESS\u00c3O DA LICEN\u00c7A.<\/strong>&nbsp;Este TDU \u00e9 apenas uma licen\u00e7a e n\u00e3o uma cess\u00e3o ou venda. A 211MD n\u00e3o transfere nenhuma propriedade ou interesse de propriedade intelectual ou t\u00edtulo no e para o Site para voc\u00ea ou qualquer outra pessoa. Al\u00e9m disso, a 211MD se reserva todos os direitos n\u00e3o expressamente concedidos por este TDU. Consequentemente, voc\u00ea n\u00e3o pode modificar, traduzir, descompilar, criar trabalho(s) derivado(s), copiar, distribuir, desmontar, transmitir, transmitir, publicar, remover ou alterar quaisquer avisos ou etiquetas de propriedade, licenciar, sublicenciar, transferir, vender, espelhar , enquadrar, explorar, alugar, arrendar, marca pr\u00f3pria, conceder uma garantia ou usar o Site de qualquer maneira n\u00e3o expressamente permitida neste documento. Al\u00e9m disso, voc\u00ea n\u00e3o deve modificar c\u00f3pias de quaisquer materiais do Site, quaisquer imagens e gr\u00e1ficos separadamente do texto que os acompanha, ou excluir ou alterar quaisquer direitos autorais, marcas registradas ou avisos de direitos de propriedade das c\u00f3pias de quaisquer materiais.<\/p>\n<p><strong>4. OBRIGA\u00c7\u00d5ES DO USU\u00c1RIO.<\/strong>&nbsp;Ao acessar ou usar o Site, voc\u00ea declara e garante que tem pelo menos dezoito (18) anos de idade (ou a maioridade legal, o que for maior) e sempre fornecer\u00e1 informa\u00e7\u00f5es verdadeiras, precisas, atuais e informa\u00e7\u00f5es completas ao enviar informa\u00e7\u00f5es ou materiais no ou por meio do Site, incluindo, sem limita\u00e7\u00e3o, quando voc\u00ea fornece informa\u00e7\u00f5es por meio de um formul\u00e1rio de envio do Site. Al\u00e9m disso, voc\u00ea concorda em cumprir todas as leis e regulamentos locais, estaduais, nacionais e internacionais aplic\u00e1veis com rela\u00e7\u00e3o ao seu uso do Site. Voc\u00ea tamb\u00e9m reconhece e concorda que o uso da Internet \u00e9 feito exclusivamente por sua conta e risco.<\/p>\n<p><strong>5. CONTA.<\/strong>&nbsp;O registro de uma conta para uso de \u00e1reas ou ferramentas restritas \u00e0 conta do Site pode exigir credenciais de acesso, como endere\u00e7o de e-mail, nome de usu\u00e1rio, n\u00famero de telefone ou senha, ou ades\u00e3o a outros requisitos de acesso espec\u00edficos, conforme designado pela 211MD, a seu exclusivo crit\u00e9rio. de tempos em tempos. Voc\u00ea concorda em considerar e manter suas credenciais de acesso como informa\u00e7\u00f5es confidenciais e concorda que sua conta \u00e9 pessoal e n\u00e3o fornecer\u00e1 as informa\u00e7\u00f5es da conta a nenhum outro indiv\u00edduo. Voc\u00ea dever\u00e1 notificar imediatamente a 211MD se suspeitar ou tomar conhecimento de qualquer perda, roubo ou uso n\u00e3o autorizado de suas credenciais de acesso. A 211MD tem o direito, a seu exclusivo crit\u00e9rio, de desativar qualquer nome de usu\u00e1rio, senha ou outro identificador se, na opini\u00e3o da 211MD, voc\u00ea tiver violado qualquer disposi\u00e7\u00e3o destes TDU ou por qualquer motivo ou sem motivo.<\/p>\n<p><strong>6. CONTRIBUI\u00c7\u00d5ES DO USU\u00c1RIO. T<\/strong>O Site pode conter recursos interativos que permitem enviar, publicar ou transmitir conte\u00fado a outros usu\u00e1rios no Site ou atrav\u00e9s dele (\u201cContribui\u00e7\u00f5es do Usu\u00e1rio\u201d). Ao publicar uma Contribui\u00e7\u00e3o do Usu\u00e1rio no Site, voc\u00ea concede \u00e0 211D o direito de usar, reproduzir, modificar, exibir e de outra forma transferir ou divulgar a terceiros qualquer parte de toda a Contribui\u00e7\u00e3o do Usu\u00e1rio. Ao publicar uma Contribui\u00e7\u00e3o do Usu\u00e1rio, voc\u00ea garante que possui todos os direitos sobre a Contribui\u00e7\u00e3o do Usu\u00e1rio e que a Contribui\u00e7\u00e3o do Usu\u00e1rio est\u00e1 em conformidade com estes TOU. A 211MD n\u00e3o \u00e9 respons\u00e1vel perante voc\u00ea ou qualquer outra parte pelo conte\u00fado ou precis\u00e3o de quaisquer Contribui\u00e7\u00f5es de Usu\u00e1rio publicadas por voc\u00ea ou qualquer outro usu\u00e1rio do Site. 211MD tamb\u00e9m se reserva o direito de remover ou recusar a publica\u00e7\u00e3o de quaisquer Contribui\u00e7\u00f5es de Usu\u00e1rio por qualquer motivo ou sem motivo.<\/p>\n<p><strong>7. DIREITOS DE PROPRIEDADE.<\/strong>&nbsp;O Site \u00e9 propriedade da The Maryland Information Network 2-1-1 Maryland, Inc. Copyright 2021-2022 \u00a9 211 Maryland e\/ou seus licenciadores. Todos os direitos reservados. Quaisquer informa\u00e7\u00f5es ou materiais para download ou impress\u00e3o dispon\u00edveis atrav\u00e9s do Site, a menos que indicado de outra forma, s\u00e3o de propriedade da 211MD e\/ou de seus licenciadores. 211 MARYLAND, 2-1-1 MD, Maryland Information Network e todos os outros nomes, logotipos e \u00edcones que identificam 211MD e seus servi\u00e7os s\u00e3o marcas registradas de propriedade da 211MD, e qualquer uso de tais marcas sem a permiss\u00e3o expressa por escrito da 211MD \u00e9 estritamente proibido. Outros servi\u00e7os, produtos ou nomes de empresas mencionados podem ser marcas comerciais e\/ou marcas de servi\u00e7o de seus respectivos propriet\u00e1rios.<\/p>\n<p><strong>8. OUTROS TERMOS E CONDI\u00c7\u00d5ES.<\/strong>&nbsp;Avisos, termos e condi\u00e7\u00f5es adicionais podem se aplicar a assinatura(s) digital(is), participa\u00e7\u00e3o em pesquisa, pagamento, comunica\u00e7\u00e3o por SMS (servi\u00e7o de mensagens curtas) ou participa\u00e7\u00e3o em um programa ou evento (conforme aplic\u00e1vel). Voc\u00ea concorda em obedecer a tais outros avisos, termos e condi\u00e7\u00f5es, conforme aplic\u00e1vel. Se houver um conflito entre este TOU e estes avisos, termos e condi\u00e7\u00f5es adicionais, o 211MD resolver\u00e1 qualquer conflito de boa f\u00e9 a seu exclusivo crit\u00e9rio, mas os \u00faltimos termos geralmente prevalecer\u00e3o com rela\u00e7\u00e3o ao seu respectivo assunto.<\/p>\n<p><strong>9. FEEDBACK.<\/strong>&nbsp;A 211MD agradece seus coment\u00e1rios e sugest\u00f5es sobre os servi\u00e7os da 211MD ou sobre como melhorar o Site. Ao transmitir quaisquer sugest\u00f5es, informa\u00e7\u00f5es, materiais ou outros conte\u00fados (coletivamente, \u201cFeedback\u201d) \u00e0 211MD, voc\u00ea declara e garante que possui todos os direitos sobre tal Feedback e que o Feedback n\u00e3o infringe ou viola os direitos de terceiros. Al\u00e9m disso, o envio de Feedback conceder\u00e1 ao 211MD uma licen\u00e7a irrevog\u00e1vel, perp\u00e9tua e isenta de royalties para o 211MD usar tal Feedback de qualquer maneira, para qualquer finalidade e em qualquer meio, em prol da miss\u00e3o do 211MD.<\/p>\n<p><strong>10. POL\u00cdTICA DE PRIVACIDADE.<\/strong>&nbsp;Por favor, veja&nbsp;<a href=\"https:\/\/211md.org\/pt\/politica-de-privacidade\/#privacy\" target=\"_blank\" rel=\"noopener\">Pol\u00edtica de Privacidade da 211MD<\/a>&nbsp;para obter um resumo das pr\u00e1ticas de coleta e uso de informa\u00e7\u00f5es pessoais do 211MD. Voc\u00ea tamb\u00e9m reconhece e concorda que, al\u00e9m das informa\u00e7\u00f5es indicadas na Pol\u00edtica de Privacidade, o 211MD pode enviar informa\u00e7\u00f5es de identifica\u00e7\u00e3o sobre voc\u00ea \u00e0s autoridades como parte de seu servi\u00e7o de den\u00fancia de crimes de \u00f3dio #MDStopHate ou como parte de outros servi\u00e7os de den\u00fancia de terceiros do 211MD.<\/p>\n<p><strong>11. LINKS PARA OUTROS SITES.<\/strong>&nbsp;A 211MD pode fornecer links, a seu exclusivo crit\u00e9rio, para outros sites de terceiros ou fornecer acesso a p\u00e1ginas de terceiros em plataformas de m\u00eddia social. Esses outros sites ou p\u00e1ginas, incluindo plataformas de m\u00eddia social, s\u00e3o mantidos por terceiros sobre os quais a 211MD n\u00e3o exerce nenhum controle. Esses links n\u00e3o implicam endosso em rela\u00e7\u00e3o a terceiros ou \u00e0s informa\u00e7\u00f5es, produtos ou servi\u00e7os fornecidos por terceiros, a menos que o 211MD declare expressamente o contr\u00e1rio.<\/p>\n<p><strong>12. ISEN\u00c7\u00c3O DE RESPONSABILIDADE.<\/strong>&nbsp;O SITE \u00c9 FORNECIDO \u201cNO ESTADO EM QUE SE ENCONTRA\u201d E \u201cCONFORME DISPON\u00cdVEL\u201d E PODE INCLUIR ERROS, OMISS\u00d5ES OU OUTRAS IMPRECIS\u00d5ES. 211MD ISENTA-SE EXPRESSAMENTE DE TODAS AS GARANTIAS, EXPRESSAS OU IMPL\u00cdCITAS, INCLUINDO, SEM LIMITA\u00c7\u00c3O, QUALQUER GARANTIA DE COMERCIALIZA\u00c7\u00c3O, ADEQUA\u00c7\u00c3O A UM DETERMINADO FIM OU N\u00c3O VIOLA\u00c7\u00c3O.<\/p>\n<p><strong>13. LIMITA\u00c7\u00c3O DE RESPONSABILIDADE.<\/strong>&nbsp;NA M\u00c1XIMA EXTENS\u00c3O PREVISTO POR LEI, VOC\u00ca EXPRESSAMENTE ABSOLVE E LIBERA A 211MD DE QUALQUER RECLAMA\u00c7\u00c3O DE DANOS RESULTANTES DE UMA CAUSA AL\u00c9M DO CONTROLE DA 211MD. AL\u00c9M DISSO, EM NENHUMA HIP\u00d3TESE A 211MD SER\u00c1 RESPONS\u00c1VEL POR QUAISQUER DANOS INDIRETOS, PUNITIVOS, INCIDENTAIS, ESPECIAIS OU CONSEQUENCIAIS DECORRENTES DE OU DE QUALQUER FORMA RELACIONADOS COM O USO DO SITE OU COM O ATRASO OU INCAPACIDADE DE USAR O SITE, MESMO QUE A 211MD FOI AVISADO DA POSSIBILIDADE DE TAIS DANOS. N\u00c3O OBSTANTE O ACIMA, A RESPONSABILIDADE TOTAL DA 211MD PELA VIOLA\u00c7\u00c3O DESTE TOU \u00c9 A CESSA\u00c7\u00c3O DO USO DO SITE E POR QUALQUER OUTRO MOTIVO RELACIONADO AO USO DO SITE, QUALQUER QUE SEJA, POR UM VALOR N\u00c3O EXCEDENTE CEM ($100) D\u00d3LARES.<\/p>\n<p>ALGUMAS JURISDI\u00c7\u00d5ES N\u00c3O PERMITEM A ISEN\u00c7\u00c3O, EXCLUS\u00c3O OU LIMITA\u00c7\u00c3O DE CERTAS GARANTIAS, CONDI\u00c7\u00d5ES, RESPONSABILIDADES E DANOS E, ASSIM, ALGUMAS ISEN\u00c7\u00d5ES E LIMITA\u00c7\u00d5ES ACIMA PODEM N\u00c3O SE APLICAR A VOC\u00ca. EM TAIS JURISDI\u00c7\u00d5ES, A RESPONSABILIDADE DA 211MD SER\u00c1 LIMITADA AO M\u00c1XIMO PERMITIDO PELA LEI APLIC\u00c1VEL.<\/p>\n<p><strong>14. IMPOSSIBILIDADE DE SEGURAN\u00c7A.<\/strong>&nbsp;Voc\u00ea n\u00e3o pode usar o Site ou qualquer um dos dados, sistemas, rede ou servi\u00e7os da 211MD para se envolver, fomentar ou promover comportamento ilegal, abusivo ou irrespons\u00e1vel, incluindo, sem limita\u00e7\u00e3o, acessar ou usar dados, sistemas ou redes da 211MD de uma forma de maneira n\u00e3o autorizada, tentar sondar, escanear ou testar a vulnerabilidade do sistema ou rede do 211MD, contornar quaisquer medidas de seguran\u00e7a ou autentica\u00e7\u00e3o, monitorar quaisquer dados ou tr\u00e1fego, interferir em quaisquer servi\u00e7os, coletar ou usar endere\u00e7os de e-mail ou outros identificadores do Site, coletar ou usar informa\u00e7\u00f5es do Site sem o consentimento da 211MD (aqui ou de outra forma), usar qualquer informa\u00e7\u00e3o de cabe\u00e7alho de pacote TCP-IP falsa, enganosa ou enganosa, usar o Site para distribuir software ou ferramentas que coletam informa\u00e7\u00f5es, distribuir an\u00fancios ou se envolver em conduta que possa resultar em retalia\u00e7\u00e3o contra o 211MD ou seus dados, sistemas ou rede. O uso n\u00e3o autorizado real ou tentado do Site pode resultar em processo criminal e\/ou civil, incluindo, sem limita\u00e7\u00e3o, puni\u00e7\u00e3o sob a Lei de Fraude e Abuso de Computadores de 1986, de acordo com a lei federal dos EUA. 211MD reserva-se o direito de visualizar, monitorar e\/ou registrar atividades no Site para manter a seguran\u00e7a do Site. Essa atividade registrada est\u00e1 sujeita \u00e0 revis\u00e3o pelas organiza\u00e7\u00f5es respons\u00e1veis pela aplica\u00e7\u00e3o da lei. O 211MD tamb\u00e9m cumprir\u00e1 todas as ordens judiciais ou intima\u00e7\u00f5es que envolvam pedidos de informa\u00e7\u00f5es. A 211MD reserva-se o direito de, a qualquer momento, suspender ou encerrar a opera\u00e7\u00e3o ou o acesso ao Site ou a qualquer parte do Site.<\/p>\n<strong>15. AL\u00cdVIO INJUNTIVO.<\/strong>&nbsp;Voc\u00ea concorda que a 211MD ter\u00e1 o direito, al\u00e9m de outros recursos dispon\u00edveis, de buscar e obter uma liminar ou outra repara\u00e7\u00e3o equitativa apropriada de um tribunal de jurisdi\u00e7\u00e3o competente restringindo qualquer viola\u00e7\u00e3o, real ou real, de suas obriga\u00e7\u00f5es sob qualquer disposi\u00e7\u00e3o deste TDU . Consequentemente, voc\u00ea renuncia a qualquer exig\u00eancia de que a 211MD poste qualquer fian\u00e7a ou outra garantia no caso de qualquer medida liminar ou equitativa ser solicitada ou concedida \u00e0 211MD para fazer cumprir qualquer disposi\u00e7\u00e3o deste TOU.<br>\n16. PRAZO E RESCIS\u00c3O. Este TOU entrar\u00e1 em vigor (ou voltar\u00e1 a vigorar) no momento em que voc\u00ea reconhecer (por exemplo, marcar uma caixa) que leu, compreendeu e concorda em cumprir os termos e condi\u00e7\u00f5es do Site, registrar-se para uma conta no Site, responder atrav\u00e9s do Site a uma solicita\u00e7\u00e3o de informa\u00e7\u00f5es e\/ou come\u00e7ar a baixar, acessar ou usar o Site, qualquer a\u00e7\u00e3o ou evento que ocorrer primeiro. A 211MD reserva-se o direito, a qualquer momento e por motivos razo\u00e1veis, de negar o seu acesso ao Site ou a qualquer parte dele e estes TOU tamb\u00e9m ser\u00e3o rescindidos automaticamente se voc\u00ea n\u00e3o cumprir seus termos e condi\u00e7\u00f5es, sujeito aos direitos de sobreviv\u00eancia de certas disposi\u00e7\u00f5es identificadas. abaixo. A rescis\u00e3o entrar\u00e1 em vigor sem aviso pr\u00e9vio. Voc\u00ea tamb\u00e9m pode rescindir estes TDU a qualquer momento, deixando de usar o Site, mas todas as disposi\u00e7\u00f5es aplic\u00e1veis destes TDU sobreviver\u00e3o \u00e0 rescis\u00e3o, conforme identificado abaixo, e cada novo acesso ou uso do Site reaplicar\u00e1 estes TDU (ent\u00e3o em vigor) para voc\u00ea. Ap\u00f3s a rescis\u00e3o, voc\u00ea dever\u00e1 destruir todas as c\u00f3pias de qualquer aspecto do Site em sua posse. As disposi\u00e7\u00f5es relativas aos direitos de propriedade da 211MD, Feedback, isen\u00e7\u00f5es de responsabilidade (de garantia), limita\u00e7\u00f5es de responsabilidade, ren\u00fancia e separabilidade, acordo integral, medida cautelar e lei aplic\u00e1vel sobreviver\u00e3o \u00e0 rescis\u00e3o destes TOU por qualquer motivo.\n<p><strong>17. LEI APLIC\u00c1VEL.<\/strong>&nbsp;O Site \u00e9 controlado e operado pela 211MD a partir de seus escrit\u00f3rios nos Estados Unidos. Este TDU foi elaborado e ser\u00e1 interpretado e executado de acordo com as leis do Estado de Maryland conforme aplicadas a contratos celebrados e executados integralmente no Estado de Maryland. Qualquer a\u00e7\u00e3o para fazer cumprir este TDU ser\u00e1 apresentada nos tribunais do estado de Maryland, e todas as partes deste TDU concordam expressamente em estar sujeitas \u00e0 jurisdi\u00e7\u00e3o de tais tribunais. O acesso ao Site pode n\u00e3o ser legal para certas pessoas ou em certos pa\u00edses. Se voc\u00ea acessar o Site de fora dos Estados Unidos, voc\u00ea o far\u00e1 por sua pr\u00f3pria iniciativa e ser\u00e1 respons\u00e1vel pelo cumprimento das leis locais. Uma vers\u00e3o impressa deste TDU e de qualquer notifica\u00e7\u00e3o relacionada fornecida em formato eletr\u00f4nico ser\u00e1 admiss\u00edvel em processos judiciais ou administrativos.<\/p>\n<p><strong>18. REN\u00daNCIA E DIVISIBILIDADE.<\/strong>&nbsp;A falha em insistir no desempenho estrito de qualquer um dos termos e condi\u00e7\u00f5es deste TDU n\u00e3o funcionar\u00e1 como uma ren\u00fancia a qualquer inadimpl\u00eancia subsequente ou falha no desempenho. Nenhuma ren\u00fancia pelo 211MD de qualquer direito sob este TDU ser\u00e1 considerada uma ren\u00fancia de qualquer outro direito ou disposi\u00e7\u00e3o ou uma ren\u00fancia desse mesmo direito ou disposi\u00e7\u00e3o em qualquer outro momento. Se qualquer parte deste TOU for considerada inv\u00e1lida ou inexequ\u00edvel de acordo com a lei aplic\u00e1vel, incluindo, entre outros, isen\u00e7\u00f5es de garantia, foro, reivindica\u00e7\u00e3o e limita\u00e7\u00f5es de responsabilidade estabelecidas acima, a disposi\u00e7\u00e3o inv\u00e1lida ou inexequ\u00edvel ser\u00e1 considerada substitu\u00edda por uma disposi\u00e7\u00e3o v\u00e1lida e execut\u00e1vel que corresponda mais claramente \u00e0 inten\u00e7\u00e3o da disposi\u00e7\u00e3o original e o restante deste TOU continuar\u00e1 em vigor.<\/p>\n<p><strong>19. ACORDO INTEGRAL.<\/strong>&nbsp;Nenhuma rela\u00e7\u00e3o de joint venture, parceria, emprego, afiliada ou ag\u00eancia existe entre voc\u00ea e a 211MD como resultado deste TOU ou de sua utiliza\u00e7\u00e3o do Site. Este TDU representa o acordo integral entre voc\u00ea e o 211MD com rela\u00e7\u00e3o ao uso do Site e substitui todas as comunica\u00e7\u00f5es e propostas anteriores ou contempor\u00e2neas, sejam eletr\u00f4nicas, orais ou escritas entre voc\u00ea e o 211MD com rela\u00e7\u00e3o ao Site. Voc\u00ea n\u00e3o pode atribuir, delegar ou transferir quaisquer direitos sob este TDU sem o consentimento pr\u00e9vio por escrito da 211MD. Observe que a 211MD reserva-se o direito de alterar os termos e condi\u00e7\u00f5es deste TDU publicando um TOU revisado e um an\u00fancio correspondente do TDU revisado ou enviando uma notifica\u00e7\u00e3o por correio e\/ou e-mail para voc\u00ea. Al\u00e9m disso, o 211MD pode adicionar, modificar ou excluir qualquer aspecto, programa ou recurso do Site, mas o 211MD n\u00e3o tem nenhuma obriga\u00e7\u00e3o de adicionar qualquer atualiza\u00e7\u00e3o, aprimoramento ou modifica\u00e7\u00e3o. Seu uso continuado do Site ap\u00f3s qualquer altera\u00e7\u00e3o anunciada ser\u00e1 considerado de forma conclusiva como aceita\u00e7\u00e3o de qualquer altera\u00e7\u00e3o nos termos e condi\u00e7\u00f5es deste TDU. Assim, espera-se que voc\u00ea verifique os an\u00fancios e revise este TDU periodicamente.<\/p>\n<p><strong>20. CONTATO.<\/strong>&nbsp;Se voc\u00ea tiver d\u00favidas sobre o Site ou se estiver interessado em obter mais informa\u00e7\u00f5es sobre o 211MD, entre em contato com o 211MD em info@211md.org (e-mail).<\/p>","protected":false},"excerpt":{"rendered":"<p>Em vigor a partir de 29 de abril de 2022 IMPORTANTE \u2013 ESTE \u00c9 UM ACORDO LEGAL ENTRE VOC\u00ca (referenciado aqui como \u201cvoc\u00ea\u201d ou \u201cusu\u00e1rio\u201d ou com \u201cseu\u201d) E A MARYLAND INFORMATION NETWORK 2-1-1 MARYLAND, INC. como \u201c211MD\u201d) QUE SE APLICA CADA VEZ QUE VOC\u00ca USA OU ACESSA O SITE DA 211MD EM www.211md.org E QUAISQUER OUTRAS PROPRIEDADES ONLINE CONTROLADAS OU\u2026<\/p>","protected":false},"author":13,"featured_media":0,"parent":0,"menu_order":0,"comment_status":"closed","ping_status":"closed","template":"","meta":{"footnotes":""},"class_list":["post-3547","page","type-page","status-publish","hentry"],"_links":{"self":[{"href":"https:\/\/211md.org\/pt\/wp-json\/wp\/v2\/pages\/3547","targetHints":{"allow":["GET"]}}],"collection":[{"href":"https:\/\/211md.org\/pt\/wp-json\/wp\/v2\/pages"}],"about":[{"href":"https:\/\/211md.org\/pt\/wp-json\/wp\/v2\/types\/page"}],"author":[{"embeddable":true,"href":"https:\/\/211md.org\/pt\/wp-json\/wp\/v2\/users\/13"}],"replies":[{"embeddable":true,"href":"https:\/\/211md.org\/pt\/wp-json\/wp\/v2\/comments?post=3547"}],"version-history":[{"count":0,"href":"https:\/\/211md.org\/pt\/wp-json\/wp\/v2\/pages\/3547\/revisions"}],"wp:attachment":[{"href":"https:\/\/211md.org\/pt\/wp-json\/wp\/v2\/media?parent=3547"}],"curies":[{"name":"wp","href":"https:\/\/api.w.org\/{rel}","templated":true}]}}