{"id":3548,"date":"2022-12-08T16:56:09","date_gmt":"2022-12-08T21:56:09","guid":{"rendered":"https:\/\/211md.org\/?page_id=3548"},"modified":"2025-06-04T12:53:17","modified_gmt":"2025-06-04T16:53:17","slug":"sms","status":"publish","type":"page","link":"https:\/\/211md.org\/pt\/sms\/","title":{"rendered":"Termos e condi\u00e7\u00f5es de alertas de mensagens de texto"},"content":{"rendered":"<p><strong>Data efetiva: 19 de dezembro de 2022<\/strong><\/p>\n<p>Estes Termos e Condi\u00e7\u00f5es do servi\u00e7o de mensagens curtas (SMS) (os \u201cTermos de SMS\u201d) se aplicam \u00e0s mensagens de texto e e-mail oferecidas pela Maryland Information Network 2-1-1 Maryland, Inc. (211 Maryland) (tais mensagens de texto e e-mail referidas denominado \u201cAlertas de mensagens de texto\u201d). ESPERA-SE QUE VOC\u00ca REVER ESTES TERMOS DE SMS ANTES DE SE INSCREVER EM QUALQUER SERVI\u00c7O DE MENSAGEM DE TEXTO DISPON\u00cdVEL NO SITE 211 MARYLAND. Estes termos s\u00e3o distintos dos termos de uso do 211 Maryland que regem o uso do site do 211 Maryland, encontrados <a href=\"https:\/\/211md.org\/pt\/termos\/\">AQUI<\/a>. Consulte tamb\u00e9m 211 Maryland&#039;s <u><a href=\"https:\/\/211md.org\/pt\/politica-de-privacidade\/\">Privacidade<\/a><\/u><a href=\"https:\/\/211md.org\/pt\/politica-de-privacidade\/\"> Pol\u00edtica<\/a> para um resumo das pr\u00e1ticas de coleta e uso de informa\u00e7\u00f5es de identifica\u00e7\u00e3o pessoal de 211 Maryland.<\/p>\n<h3><strong>Aceitar.<\/strong><\/h3>\n<p>O n\u00famero de mensagens de texto do 211 Maryland que voc\u00ea recebe varia dependendo de quantos programas de mensagens de texto do 211 Maryland voc\u00ea ingressa, designa ou seleciona. Para aderir a um programa de alertas de mensagens de texto, envie uma mensagem de texto com a palavra-chave do programa ao qual deseja aderir para 898-211 ou 211-MD1, dependendo do programa. Essas palavras-chave podem ser encontradas <a href=\"https:\/\/211md.org\/pt\/about\/mensagens-de-texto\/\">aqui<\/a> para optar por 211 programas de Alerta de Mensagens de Texto de Maryland. As taxas de Msg&amp;data e a frequ\u00eancia de mensagens podem variar com todos os itens acima.<\/p>\n<p>Ao enviar uma mensagem de texto com a palavra-chave para \u201cTXT-211\u201d (898-211), os assinantes podem esperar receber os seguintes tipos de mensagens:<\/p>\n<ul>\n<li>Informa\u00e7\u00f5es e educa\u00e7\u00e3o provenientes de parcerias e trabalhos conclu\u00eddos por 211 provedores de servi\u00e7os de Maryland e suas afiliadas, parceiros e partes interessadas. Os alertas espec\u00edficos da regi\u00e3o incluir\u00e3o informa\u00e7\u00f5es sobre sa\u00fade mental de adultos e adolescentes, parentesco, crimes de \u00f3dio, envelhecimento e defici\u00eancia, opioides, bem-estar e veteranos e prepara\u00e7\u00e3o para desastres.<\/li>\n<\/ul>\n<p>Ao enviar uma mensagem de texto com a palavra-chave \u201cHealthCheck\u201d para \u201c211-MD1\u201d (211-631), os assinantes podem esperar receber os seguintes tipos de mensagens:<\/p>\n<ul>\n<li>Informa\u00e7\u00f5es e educa\u00e7\u00e3o provenientes de parcerias e trabalhos conclu\u00eddos por 211 provedores de servi\u00e7os de Maryland e suas afiliadas, parceiros e partes interessadas. Os alertas espec\u00edficos da regi\u00e3o incluir\u00e3o informa\u00e7\u00f5es sobre sa\u00fade mental\/verifica\u00e7\u00e3o de sa\u00fade.<\/li>\n<\/ul>\n<p>Ao enviar uma mensagem de texto com a palavra-chave \u201cMdReady\u201d ou \u201cMdListo\u201d para espanhol para \u201c211-631\u201d, os assinantes podem esperar receber os seguintes tipos de mensagens:<\/p>\n<ul>\n<li>Alertas de desastres atualizados, durante e ap\u00f3s o desastre, afetando sua comunidade (com base no CEP ou palavra-chave que voc\u00ea fornece quando se inscreve para os Alertas MdReady).<\/li>\n<\/ul>\n<p>Ao enviar seu c\u00f3digo postal para \u201c63-211\u201d, os assinantes podem esperar receber os seguintes tipos de mensagens:<\/p>\n<ul>\n<li>Este n\u00famero fornece informa\u00e7\u00f5es e recursos espec\u00edficos para suas necessidades com base na sua conversa por texto com o especialista do call center 211.<\/li>\n<li>Indiv\u00edduos que enviarem mensagens de texto ou ligarem para 2-1-1 tamb\u00e9m poder\u00e3o assinar esse n\u00famero para receber mensagens de texto relacionadas ao programa 211 Maryland e a recursos em andamento.<\/li>\n<\/ul>\n<h3><strong>Mensagens atrasadas ou n\u00e3o entregues.<\/strong><\/h3>\n<p>Os alertas enviados por SMS poder\u00e3o n\u00e3o ser entregues a voc\u00ea se o seu telefone n\u00e3o estiver ao alcance de um local de transmiss\u00e3o ou se n\u00e3o houver capacidade de rede suficiente dispon\u00edvel em um determinado momento. Mesmo dentro de uma \u00e1rea de cobertura, fatores fora do controle da sua operadora sem fio podem interferir na entrega de mensagens, incluindo o equipamento do cliente, o terreno, a proximidade de edif\u00edcios, a folhagem e o clima. Voc\u00ea reconhece que alertas urgentes podem n\u00e3o ser recebidos em tempo h\u00e1bil e que sua operadora de celular n\u00e3o garante que os alertas ser\u00e3o entregues.<\/p>\n<p>Se voc\u00ea alterar ou desconectar seu n\u00famero de celular, \u00e9 sua responsabilidade notificar 211 Maryland sobre essa altera\u00e7\u00e3o, enviando uma mensagem de texto STOP para o n\u00famero em que voc\u00ea se inscreveu.<\/p>\n<h3><strong>Excluir.<\/strong><\/h3>\n<p>Para parar de receber mensagens de texto dos programas 211 Maryland Text Messaging Alerts, envie\u00a0<strong>PARE\u00a0<\/strong>para 898-211 a qualquer momento para remover seu n\u00famero de todos os programas de alertas de mensagens de texto do 211 Maryland e para n\u00e3o receber mais mensagens do 211 Maryland, a menos que voc\u00ea se inscreva novamente de acordo com as instru\u00e7\u00f5es acima. Voc\u00ea receber\u00e1 ent\u00e3o a confirma\u00e7\u00e3o de sua desativa\u00e7\u00e3o dos programas de alertas de mensagens de texto.<\/p>\n<h3>Ajuda<\/h3>\n<p>Para receber ajuda para um servi\u00e7o de texto 211 Maryland, voc\u00ea pode discar 2-1-1 de qualquer telefone, e-mail <a href=\"mailto:info@211md.org\" data-linkindex=\"13\">info@211md.org<\/a>\u00a0ou visite esta p\u00e1gina\u00a0<a href=\"https:\/\/211md.org\/pt\/sms\/\" data-auth=\"NotApplicable\" data-linkindex=\"14\">https:\/\/211md.org\/sms\/<\/a>\u00a0de novo.<\/p>\n<p>Para parar de receber mensagens deste servi\u00e7o, envie a palavra STOP.<\/p>\n<p>Podem ser aplicadas taxas de mensagens e dados, e a frequ\u00eancia das mensagens pode variar para todos os itens acima.<\/p>\n<h3><strong>Uso de Informa\u00e7\u00f5es e Servi\u00e7os.<\/strong><\/h3>\n<p>Os alertas de mensagens de texto 211 de Maryland n\u00e3o substituem o 9-1-1 (servi\u00e7os de emerg\u00eancia), 4-1-1 (assist\u00eancia \u00e0 lista telef\u00f4nica) ou outras linhas diretas especializadas ou grava\u00e7\u00f5es automatizadas. Embora os alertas de mensagens de texto do 211 Maryland apoiem indiv\u00edduos com defici\u00eancia auditiva\/fala, os alertas de mensagens de texto tamb\u00e9m n\u00e3o substituem o 7-1-1 (servi\u00e7os de limita\u00e7\u00f5es auditivas ou de fala).<\/p>\n<p>As informa\u00e7\u00f5es e servi\u00e7os fornecidos pelos Alertas de Mensagens de Texto de 211 Maryland s\u00e3o apenas para fins informativos, e a confian\u00e7a nas informa\u00e7\u00f5es fornecidas por meio dos Alertas de Mensagens de Texto \u00e9 de sua exclusiva responsabilidade.<\/p>\n<p>As informa\u00e7\u00f5es, servi\u00e7os e materiais dos alertas de mensagens de texto do 211 Maryland s\u00e3o fornecidos \u201cno estado em que se encontram\u201d, sem garantia. Na extens\u00e3o m\u00e1xima permitida pela lei aplic\u00e1vel, 211 Maryland se isenta de todas as representa\u00e7\u00f5es e garantias, expressas ou impl\u00edcitas, com rela\u00e7\u00e3o a tais informa\u00e7\u00f5es, servi\u00e7os, produtos e materiais, incluindo, sem limita\u00e7\u00e3o, quaisquer garantias impl\u00edcitas de comercializa\u00e7\u00e3o, adequa\u00e7\u00e3o a uma finalidade espec\u00edfica e n\u00e3o viola\u00e7\u00e3o .<\/p>\n<p>Em nenhum caso o 211 Maryland ser\u00e1 respons\u00e1vel por quaisquer danos consequenciais, indiretos, incidentais, especiais ou punitivos, independentemente de como sejam causados e sob qualquer teoria de responsabilidade (incluindo neglig\u00eancia), decorrentes do uso dos alertas de mensagens de texto do 211 Maryland ou do fornecimento do informa\u00e7\u00f5es, servi\u00e7os, produtos e materiais fornecidos pelos alertas de mensagens de texto do 211 Maryland, mesmo que o 211 Maryland tenha sido avisado da possibilidade de tais danos.<\/p>\n<p>Voc\u00ea declara que \u00e9 o titular da conta do(s) n\u00famero(s) de celular ou telefone que forneceu. Voc\u00ea \u00e9 respons\u00e1vel por notificar 211 Maryland imediatamente se mudar seu n\u00famero de celular.<\/p>\n<h3><strong>Sites Externos.<\/strong><\/h3>\n<p>Os Alertas de Mensagens de Texto de 211 Maryland podem fornecer links para outros sites na Internet que pertencem e s\u00e3o operados por terceiros. Voc\u00ea reconhece que 211 Maryland n\u00e3o \u00e9 respons\u00e1vel pela disponibilidade ou pelo conte\u00fado localizado em ou atrav\u00e9s de qualquer site externo.<\/p>\n<h3><strong>Rescis\u00e3o de Uso.<\/strong><\/h3>\n<p>211 Maryland pode rescindir ou suspender seu acesso a todo ou parte dos servi\u00e7os de alertas de mensagens de texto do 211 Maryland, sem aviso pr\u00e9vio, por qualquer conduta que 211 Maryland, a seu exclusivo crit\u00e9rio, acredite estar violando qualquer lei aplic\u00e1vel ou seja prejudicial aos interesses de outro usu\u00e1rio, patrocinador, comerciante ou outro terceiro, ou servi\u00e7os de alertas de mensagens de texto da 211 Maryland.<\/p>\n<h3><strong>Modifica\u00e7\u00e3o dos Termos e Condi\u00e7\u00f5es.<\/strong><\/h3>\n<p>A 211 Maryland reserva-se o direito de, a qualquer momento, modificar, alterar ou atualizar estes Termos de SMS, publicando os Termos de SMS revisados ou enviando uma notifica\u00e7\u00e3o por correio e\/ou e-mail para voc\u00ea. Voc\u00ea concorda em ficar vinculado a tais modifica\u00e7\u00f5es, altera\u00e7\u00f5es ou atualiza\u00e7\u00f5es, a menos que opte por n\u00e3o receber os Alertas de Mensagens de Texto (conforme estabelecido acima). Assim, espera-se que voc\u00ea revise estes Termos de SMS periodicamente.<\/p>\n<h3><strong>Lei Aplic\u00e1vel.<\/strong><\/h3>\n<p>Os alertas de mensagens de texto 211 Maryland s\u00e3o regidos pelas leis do estado de Maryland.<\/p>\n\n<p>&nbsp;<\/p>","protected":false},"excerpt":{"rendered":"<p>Data de vig\u00eancia: 19 de dezembro de 2022 Estes Termos e Condi\u00e7\u00f5es do servi\u00e7o de mensagens curtas (SMS) (os \u201cTermos de SMS\u201d) se aplicam \u00e0s mensagens de texto e e-mail oferecidas pela Maryland Information Network 2-1-1 Maryland, Inc. (tais mensagens de texto e e-mail referidas como \u201cAlertas de Mensagens de Texto\u201d). ESPERA-SE QUE VOC\u00ca REVER ESTES TERMOS DE SMS ANTES DE ASSINAR\u2026<\/p>","protected":false},"author":13,"featured_media":0,"parent":0,"menu_order":0,"comment_status":"closed","ping_status":"closed","template":"","meta":{"footnotes":""},"class_list":["post-3548","page","type-page","status-publish","hentry"],"_links":{"self":[{"href":"https:\/\/211md.org\/pt\/wp-json\/wp\/v2\/pages\/3548","targetHints":{"allow":["GET"]}}],"collection":[{"href":"https:\/\/211md.org\/pt\/wp-json\/wp\/v2\/pages"}],"about":[{"href":"https:\/\/211md.org\/pt\/wp-json\/wp\/v2\/types\/page"}],"author":[{"embeddable":true,"href":"https:\/\/211md.org\/pt\/wp-json\/wp\/v2\/users\/13"}],"replies":[{"embeddable":true,"href":"https:\/\/211md.org\/pt\/wp-json\/wp\/v2\/comments?post=3548"}],"version-history":[{"count":1,"href":"https:\/\/211md.org\/pt\/wp-json\/wp\/v2\/pages\/3548\/revisions"}],"predecessor-version":[{"id":4556,"href":"https:\/\/211md.org\/pt\/wp-json\/wp\/v2\/pages\/3548\/revisions\/4556"}],"wp:attachment":[{"href":"https:\/\/211md.org\/pt\/wp-json\/wp\/v2\/media?parent=3548"}],"curies":[{"name":"wp","href":"https:\/\/api.w.org\/{rel}","templated":true}]}}