{"id":3749,"date":"2023-04-18T10:47:02","date_gmt":"2023-04-18T14:47:02","guid":{"rendered":"https:\/\/211md.org\/?page_id=3749"},"modified":"2025-09-20T11:24:47","modified_gmt":"2025-09-20T15:24:47","slug":"trocadores","status":"publish","type":"page","link":"https:\/\/211md.org\/pt\/changing-tables\/","title":{"rendered":"Encontre um trocador em Maryland"},"content":{"rendered":"<img decoding=\"async\" src=\"https:\/\/stg-maryland211-staging.kinsta.cloud\/wp-content\/uploads\/2025\/08\/5-1-scaled.png\" alt=\"5\" itemprop=\"image\" height=\"692\" width=\"2560\" title=\"5\" onerror=\"this.style.display='none'\" loading=\"lazy\" \/>\n\t\t<h1><a href=\"#start\" target=\"_self\">Cabe\u00e7alho de p\u00e1gina padr\u00e3o<\/a><\/h1><p>\u00c9 desafiador trocar uma fralda em p\u00fablico ou cuidar pessoalmente de uma crian\u00e7a ou adulto?<\/p>\n<p>Trocadores e instala\u00e7\u00f5es universais s\u00e3o acess\u00edveis para que os cuidadores possam fornecer os cuidados necess\u00e1rios, independentemente da altura ou das necessidades espec\u00edficas do indiv\u00edduo.<\/p>\n<p>Encontre um por perto.<\/p>\n\t\t\t<a href=\"#start\" target=\"_self\">\n\t\t\t\t\t\tCome\u00e7ar\n\t\t\t\t\t<\/a>\n\t\t\t\t<img decoding=\"async\" src=\"https:\/\/211md.org\/wp-content\/plugins\/bb-plugin\/img\/pixel.png\" alt=\"\" itemprop=\"image\" onerror=\"this.style.display='none'\" loading=\"lazy\" \/>\n\t\t\t\t<img decoding=\"async\" src=\"https:\/\/stg-maryland211-staging.kinsta.cloud\/wp-content\/uploads\/2025\/08\/16.png\" alt=\"16\" itemprop=\"image\" height=\"1000\" width=\"1000\" title=\"16\" onerror=\"this.style.display='none'\" loading=\"lazy\" \/>\n\t\t\t\t<img decoding=\"async\" src=\"https:\/\/211md.org\/wp-content\/uploads\/2023\/04\/Changing-Table-at-Southern-Regional-Aquatic-Wellness-Center.jpg\" alt=\"Mesa de troca no Southern Regional Aquatic Wellness Center\" itemprop=\"image\" height=\"800\" width=\"1200\" title=\"Mesa de troca no Southern Regional Aquatic Wellness Center\" onerror=\"this.style.display='none'\" loading=\"lazy\" \/>\n\t\tCortesia: Departamento de Parques e Recrea\u00e7\u00e3o do Condado de Prince George\n\t<h2>Onde encontrar trocadores universais<\/h2>\n<p>O 211 ajuda os cuidadores a localizar essas instala\u00e7\u00f5es em locais p\u00fablicos em Maryland.<\/p>\n<p>Eles est\u00e3o localizados em:<\/p>\n<ul>\n<li>parques<\/li>\n<li>centros de recrea\u00e7\u00e3o<\/li>\n<li>instala\u00e7\u00f5es de transporte p\u00fablico de massa (rodovi\u00e1ria ou aeroporto)<\/li>\n<\/ul>\n<p>Em outubro de 2022, <a href=\"https:\/\/mgaleg.maryland.gov\/2021RS\/Chapters_noln\/CH_224_sb0061t.pdf\" target=\"_blank\" rel=\"noopener\">Lei de Maryland<\/a> exige esta op\u00e7\u00e3o de acessibilidade para edif\u00edcios novos e alguns reformados com banheiros p\u00fablicos.<\/p>\n<p>As ag\u00eancias s\u00e3o respons\u00e1veis por reportar as informa\u00e7\u00f5es ao 211.<\/p>\n<p>Se voc\u00ea quiser adicionar uma instala\u00e7\u00e3o, envie um e-mail <a href=\"mailto:resources@211md.org\">resources@211md.org<\/a>.<\/p>\n\t\t\t<a href=\"mailto:%20resources@211md.org\" target=\"_blank\" rel=\"noopener\">\n\t\t\t\t\t\tAdicionar trocador\n\t\t\t\t\t<\/a>\n\t<h2>Lista de vesti\u00e1rios<\/h2>\n<p>Veja onde voc\u00ea pode encontrar essas instala\u00e7\u00f5es acess\u00edveis e adapt\u00e1veis em Maryland.<\/p>\n<h3>Condado de Anne Arundel<\/h3>\n<p>No Condado de Anne Arundel, os viajantes podem encontrar um trocador no aeroporto.<\/p>\n<h4>Aeroporto de Baltimore-Washington<\/h4>\n<ul>\n<li>Endere\u00e7o: 7050 Friendship Rd, Baltimore MD 21240<\/li>\n<li>Notas de localiza\u00e7\u00e3o: Antes da seguran\u00e7a no Terminal A, dentro da seguran\u00e7a entre os Terminais B e C, no Concourse D pelo port\u00e3o D7<\/li>\n<li><a href=\"http:\/\/www.bwiairport.com\/flying-with-us\/accessibility\" target=\"_blank\" rel=\"noopener\">Local na rede Internet<\/a><\/li>\n<li>Telefone: 410-859-7242<\/li>\n<li>E-mail: adabwi@bwiairport.com<\/li>\n<li>Caracter\u00edsticas:\n<ul>\n<li>N\u00famero de vesti\u00e1rios para adultos: 3<\/li>\n<li>Altura ajust\u00e1vel: N\u00c3O<\/li>\n<li>Cabine individual\/neutro em rela\u00e7\u00e3o ao g\u00eanero\/banheiro familiar: SIM<\/li>\n<li>Chuveiro de m\u00e3o\/instala\u00e7\u00e3o de chuveiro: N\u00c3O<\/li>\n<li>Capacidade de peso: N\/A<\/li>\n<\/ul>\n<\/li>\n<\/ul>\n\t\t\t\t<img decoding=\"async\" src=\"https:\/\/211md.org\/wp-content\/uploads\/2024\/03\/Gary-J.-Arthur-Community-Center-Changing-Facility-with-tract-lift--300x400.jpg\" alt=\"Instala\u00e7\u00e3o de troca do Gary J. Arthur Community Center com elevador de trato\" itemprop=\"image\" height=\"400\" width=\"300\" title=\"Trocador do Centro Comunit\u00e1rio Gary J. Arthur com elevador de trato\" onerror=\"this.style.display='none'\" loading=\"lazy\" \/>\n\t<h3>Condado de Howard<\/h3>\n<p>No Condado de Howard, v\u00e1rios centros comunit\u00e1rios e culturais possuem trocadores. Entre eles:<\/p>\n<ul>\n<li>Centro Comunit\u00e1rio Gary J. Arthur<\/li>\n<li>Centro Cultural Harriet Tubman<\/li>\n<li>Centro Comunit\u00e1rio North Laurel<\/li>\n<\/ul>\n<h4>Centro Comunit\u00e1rio Gary J. Arthur<\/h4>\n<ul>\n<li>Endere\u00e7o: 2400 MD-97, Cooksville, MD<\/li>\n<li>Notas de localiza\u00e7\u00e3o: Localizado fora do corredor principal no centro<\/li>\n<li><a href=\"https:\/\/www.howardcountymd.gov\/recreation-parks\/gary-j-arthur-community-center\" target=\"_blank\" rel=\"noopener\">Local na rede Internet<\/a>\u00a0<\/li>\n<li>Telefone: 410-313-4840<\/li>\n<li>O email: <a href=\"mailto:spotts@howardcountymd.gov\">spotts@howardcountymd.gov<\/a><\/li>\n<li>Caracter\u00edsticas:\n<ul>\n<li>N\u00famero de vesti\u00e1rios para adultos: 1<\/li>\n<li>Altura ajust\u00e1vel: SIM<\/li>\n<li>Banheiro individual\/neutro em rela\u00e7\u00e3o ao g\u00eanero\/familiar: SIM (2)<\/li>\n<li>Chuveiro de m\u00e3o\/chuveiro com sistema de eleva\u00e7\u00e3o por trilho: SIM<\/li>\n<li>Capacidade de peso: 500 lb.<\/li>\n<\/ul>\n<\/li>\n<\/ul>\n\t\t\t\t<img decoding=\"async\" src=\"https:\/\/211md.org\/wp-content\/plugins\/bb-plugin\/img\/pixel.png\" alt=\"\" itemprop=\"image\" onerror=\"this.style.display='none'\" loading=\"lazy\" \/>\n\t<h4>Centro Cultural Harriet Tubman<\/h4>\n<ul>\n<li>Endere\u00e7o: 8045 Harriet Tubman Lane, Columbia, MD 21044<\/li>\n<li>Notas de localiza\u00e7\u00e3o: Localizado fora do corredor principal no centro<\/li>\n<li><a href=\"https:\/\/www.howardcountymd.gov\/htcc\" target=\"_blank\" rel=\"noopener\">Local na rede Internet<\/a><\/li>\n<li>Telefone: 410-313-0860<\/li>\n<li>O email: <a href=\"mailto:spotts@howardcountymd.gov\">spotts@howardcountymd.gov<\/a><\/li>\n<li>Caracter\u00edsticas:\n<ul>\n<li>N\u00famero de vesti\u00e1rios para adultos: 1<\/li>\n<li>Altura ajust\u00e1vel: SIM<\/li>\n<li>Banheiro individual\/neutro em rela\u00e7\u00e3o ao g\u00eanero\/familiar: SIM (2)<\/li>\n<li>Chuveiro de m\u00e3o\/instala\u00e7\u00e3o de chuveiro: N\u00c3O<\/li>\n<li>Capacidade de peso: 500 lb.<\/li>\n<\/ul>\n<\/li>\n<\/ul>\n\t\t\t\t<img decoding=\"async\" src=\"https:\/\/211md.org\/wp-content\/uploads\/2023\/04\/Harriet-Tubman-Cultural-Center-Changing-Table.jpg\" alt=\"Trocador do Centro Cultural Harriet Tubman\" itemprop=\"image\" height=\"800\" width=\"1200\" title=\"Trocador do Centro Cultural Harriet Tubman\" onerror=\"this.style.display='none'\" loading=\"lazy\" \/>\n\t\tCortesia: Departamento de Recrea\u00e7\u00e3o e Parques do Condado de Howard\n\t\t\t\t<img decoding=\"async\" src=\"https:\/\/211md.org\/wp-content\/uploads\/2023\/04\/Bathroom-with-changing-table-at-North-Laurel-Community-Center.jpg\" alt=\"Banheiro com trocador no North Laurel Community Center\" itemprop=\"image\" height=\"800\" width=\"1200\" title=\"Banheiro com trocador no North Laurel Community Center\" onerror=\"this.style.display='none'\" loading=\"lazy\" \/>\n\t\tCortesia: Departamento de Recrea\u00e7\u00e3o e Parques do Condado de Howard\n\t<h4>Norte<strong> Centro Comunit\u00e1rio Laurel<\/strong><\/h4>\n<ul>\n<li>Endere\u00e7o: 9411 Whiskey Bottom Road, Laurel MD 20723<\/li>\n<li>Notas de localiza\u00e7\u00e3o: Localizado fora do corredor principal no centro<\/li>\n<li><a href=\"https:\/\/www.howardcountymd.gov\/nlcc\" target=\"_blank\" rel=\"noopener\">Local na rede Internet<\/a><\/li>\n<li>Telefone: 410-313-0390<\/li>\n<li>O email: <a href=\"mailto:spotts@howardcountymd.gov\">spotts@howardcountymd.gov<\/a><\/li>\n<li>Caracter\u00edsticas:\n<ul>\n<li>N\u00famero de vesti\u00e1rios para adultos: 1<\/li>\n<li>Altura ajust\u00e1vel: SIM<\/li>\n<li>Banheiro individual\/neutro em rela\u00e7\u00e3o ao g\u00eanero\/familiar: SIM (2)<\/li>\n<li>Chuveiro de m\u00e3o\/instala\u00e7\u00e3o de chuveiro: N\u00c3O<\/li>\n<li>Capacidade de peso: 500 lb.<\/li>\n<\/ul>\n<\/li>\n<\/ul>\n\t<h3>Condado de Montgomery<\/h3>\n<p>Encontre o trocador universal no Condado de Montgomery.<\/p>\n<h4>Teatro F. Scott Fitzgerald no Rockville Civic Center Park<\/h4>\n<ul>\n<li>Endere\u00e7o: 603 Edmonston Drive, Rockville, MD 20851<\/li>\n<li>Observa\u00e7\u00f5es sobre a localiza\u00e7\u00e3o: Localizado no banheiro familiar\/neutro em termos de g\u00eanero, adjacente ao sagu\u00e3o do andar principal.<\/li>\n<li><a href=\"https:\/\/www.rockvillemd.gov\/382\/F-Scott-Fitzgerald-Theatre\" target=\"_blank\" rel=\"noopener\">Local na rede Internet<\/a><\/li>\n<li>Telefone: 240-314-8690; Maryland Relay 7-1-1 para clientes surdos, com defici\u00eancia auditiva ou com defici\u00eancia de fala.<\/li>\n<li>O email:\u00a0<u><a title=\"mailto:theatre@rockvillemd.gov\" href=\"mailto:theatre@rockvillemd.gov\" data-linkindex=\"21\">theatre@rockvillemd.gov<\/a><\/u><\/li>\n<li>\u00a0Caracter\u00edsticas:\n<ul>\n<li>N\u00famero de vesti\u00e1rios para adultos: 1<\/li>\n<li>Altura ajust\u00e1vel: SIM<\/li>\n<li>Cabine individual\/neutro em rela\u00e7\u00e3o ao g\u00eanero\/banheiro familiar: SIM<\/li>\n<li>Chuveiro de m\u00e3o\/instala\u00e7\u00e3o de chuveiro: N\u00c3O<\/li>\n<li>Elevador de teto: N\u00c3O<\/li>\n<li>Capacidade de peso: 500 lbs.<\/li>\n<\/ul>\n<\/li>\n<\/ul>\n\t<h3>Condado de Pr\u00edncipe George<\/h3>\n<p>No Condado de Prince George, os trocadores est\u00e3o localizados em:<\/p>\n<ul>\n<li>Centro Comunit\u00e1rio de Marlow Heights<\/li>\n<li>Centro Regional de Bem-Estar Aqu\u00e1tico do Sul<\/li>\n<li>Complexo Aqu\u00e1tico e Recreativo da \u00c1rea Sul<\/li>\n<\/ul>\n<h4>Centro Comunit\u00e1rio de Marlow Heights<\/h4>\n<ul>\n<li>Endere\u00e7o f\u00edsico: 2800 Saint Claire Drive, Temple Hills, MD 20748<\/li>\n<li>Observa\u00e7\u00f5es sobre a localiza\u00e7\u00e3o: Fora da sala multiuso A<\/li>\n<li><u><a id=\"OWA74e1bdd9-939f-26ac-528c-76ef36bd5334\" title=\"https:\/\/www.pgparks.com\/facilities\/marlow-heights-community-center-community-center\" href=\"https:\/\/www.pgparks.com\/facilities\/marlow-heights-community-center\" data-auth=\"NotApplicable\" target=\"_blank\" rel=\"noopener\">Local na rede Internet<\/a><\/u><\/li>\n<li>Telefone: 301-423-0505; Maryland Relay 7-1-1 para clientes surdos, com defici\u00eancia auditiva ou com defici\u00eancia de fala.<\/li>\n<li>O email:\u00a0<u><a id=\"OWA126ee38b-7b28-cb25-0846-ed787bdefdff\" title=\"mailto:DisabilityServices@pgparks.com\" href=\"mailto:DisabilityServices@pgparks.com\">DisabilityServices@pgparks.com<\/a><\/u><\/li>\n<li>\u00a0Caracter\u00edsticas:\n<ul>\n<li>N\u00famero de adultos<\/li>\n<li>Altura ajust\u00e1vel: SIM<\/li>\n<li>Cabine individual\/neutro em rela\u00e7\u00e3o ao g\u00eanero\/banheiro familiar: SIM<\/li>\n<li>Chuveiro de m\u00e3o\/instala\u00e7\u00e3o de chuveiro: N\u00c3O<\/li>\n<li>Elevador de teto: N\u00e3o<\/li>\n<li>Capacidade de peso: 500 lb.<\/li>\n<\/ul>\n<\/li>\n<\/ul>\n\t\t\t\t<img decoding=\"async\" src=\"http:\/\/211md.org\/wp-content\/uploads\/2025\/07\/Marlow-Heights-Community-Center-Changing-Table.jpg\" alt=\"Trocador do Centro Comunit\u00e1rio Marlow Heights\" itemprop=\"image\" title=\"Trocador do Centro Comunit\u00e1rio Marlow Heights\" onerror=\"this.style.display='none'\" loading=\"lazy\" \/>\n\t\tCortesia: Departamento de Recrea\u00e7\u00e3o e Parques do Condado de Prince George\n\t\t\t\t<img decoding=\"async\" src=\"https:\/\/211md.org\/wp-content\/uploads\/2023\/04\/Universal-Changing-Table-up-against-wall.jpg\" alt=\"Trocador universal encostado na parede\" itemprop=\"image\" height=\"800\" width=\"1200\" title=\"Trocador universal encostado na parede\" onerror=\"this.style.display='none'\" loading=\"lazy\" \/>\n\t\tCortesia: Departamento de Parques e Recrea\u00e7\u00e3o do Condado de Prince George\n\t<h4>Centro Regional de Bem-Estar Aqu\u00e1tico do Sul<\/h4>\n<ul>\n<li>Endere\u00e7o f\u00edsico: 7011 Bock Road, Fort Washington, MD 20744<\/li>\n<li>Localiza\u00e7\u00e3o Observa\u00e7\u00f5es: Fora do centro aqu\u00e1tico\/lobby da piscina.<\/li>\n<li><a href=\"https:\/\/www.pgparks.com\/5117\/Southern-Regional-Aquatic-Wellness-Cente\" target=\"_blank\" rel=\"noopener\">Local na rede Internet<\/a><\/li>\n<li>Telefone: 301-749-4180; Maryland Relay 7-1-1 para clientes surdos, com defici\u00eancia auditiva ou com defici\u00eancia de fala.<\/li>\n<li>E-mail: AdaptatedAquatics@pgparks.com<\/li>\n<li>Caracter\u00edsticas\n<ul>\n<li>N\u00famero de vesti\u00e1rios para adultos: 1<\/li>\n<li>Altura ajust\u00e1vel: SIM<\/li>\n<li>Cabine individual\/neutro em rela\u00e7\u00e3o ao g\u00eanero\/banheiro familiar: SIM<\/li>\n<li>Chuveiro de m\u00e3o\/instala\u00e7\u00e3o de chuveiro: SIM<\/li>\n<li>Capacidade de peso: 484 lb.<\/li>\n<\/ul>\n<\/li>\n<\/ul>\n\t<h4>Complexo Aqu\u00e1tico e Recreativo da \u00c1rea Sul<\/h4>\n<ul>\n<li data-olk-copy-source=\"MessageBody\">Endere\u00e7o f\u00edsico: 13601 Missouri Ave, Brandywine, MD 20613<\/li>\n<li>Notas de localiza\u00e7\u00e3o: Fora do lobby principal, perto da entrada da piscina<\/li>\n<li><a title=\"https:\/\/pgparks.com\/facilities\/southern-area-aquatic-and-recreation-complex\" href=\"https:\/\/pgparks.com\/facilities\/southern-area-aquatic-and-recreation-complex\" target=\"_blank\" rel=\"noopener\" data-auth=\"NotApplicable\" data-linkindex=\"2\">Local na rede Internet<\/a><\/li>\n<li>Telefone: 301-782-1442; Maryland Relay 7-1-1 para clientes surdos, com defici\u00eancia auditiva ou com defici\u00eancia de fala.<\/li>\n<li>O email:\u00a0<a title=\"mailto:DisabilityServices@pgparks.com\" href=\"mailto:DisabilityServices@pgparks.com\" data-linkindex=\"3\">DisabilityServices@pgparks.com<\/a>\n<ul type=\"circle\">\n<li>Caracter\u00edsticas:<\/li>\n<li>N\u00famero de vesti\u00e1rios para adultos: 1<\/li>\n<li>Altura ajust\u00e1vel: SIM<\/li>\n<li>Cabine individual\/neutro em rela\u00e7\u00e3o ao g\u00eanero\/banheiro familiar: SIM<\/li>\n<li>Chuveiro de m\u00e3o\/instala\u00e7\u00e3o de chuveiro: SIM<\/li>\n<li>Elevador de teto: SIM (traga sua pr\u00f3pria cinta)<\/li>\n<li>Capacidade de peso: 500 lb.<\/li>\n<\/ul>\n<\/li>\n<\/ul>\n\t\t\t\t<img decoding=\"async\" src=\"https:\/\/211md.org\/wp-content\/uploads\/2025\/01\/Southern-Area-Aquatics-and-Recreation-Complex-Changing-Table.jpg\" alt=\"Mesa de Troca de Fraldas do Complexo Aqu\u00e1tico e Recreativo da \u00c1rea Sul\" itemprop=\"image\" height=\"800\" width=\"1200\" title=\"Mesa de Troca de Fraldas do Complexo Aqu\u00e1tico e Recreativo da \u00c1rea Sul\" onerror=\"this.style.display='none'\" loading=\"lazy\" \/>\n\t\tCortesia: Departamento de Parques e Recrea\u00e7\u00e3o do Condado de Prince George\n<h2>\n\t\t\tInforma\u00e7\u00e3o relacionada\t<\/h2>\n\t\t<h4><a href=\"\/pt\/recursos\/envelhecimento-incapacidade\/\" target=\"_self\">Envelhecimento e Defici\u00eancia<\/a><\/h4>\n\t\t\t\t<a href=\"\/pt\/recursos\/envelhecimento-incapacidade\/\"  target=\"_self\" itemprop=\"url\">\n\t\t\t\t<img decoding=\"async\" src=\"https:\/\/211md.org\/wp-content\/uploads\/bb-plugin\/cache\/2025_MdInfoNet_Icon-Sets_Aging-disability-square-c466727102cae71e5f27b8539bb51945-.png\" alt=\"2025_MdInfoNet_Conjuntos de \u00edcones_Envelhecimento-defici\u00eancia\" itemprop=\"image\" title=\"2025_MdInfoNet_Conjuntos de \u00edcones_Envelhecimento-defici\u00eancia\" onerror=\"this.style.display='none'\" loading=\"lazy\" \/>\n\t\t\t\t<\/a>\n\t\t<h4><a href=\"https:\/\/211md.org\/pt\/recursos\/criancas-familias\/\" target=\"_blank\" rel=\"noopener\">Crian\u00e7as e Fam\u00edlias<\/a><\/h4>\n\t\t\t\t<a href=\"https:\/\/211md.org\/pt\/recursos\/criancas-familias\/\" target=\"_blank\" rel=\"noopener\" itemprop=\"url\">\n\t\t\t\t<img decoding=\"async\" src=\"https:\/\/211md.org\/wp-content\/uploads\/bb-plugin\/cache\/2025_211_Icon-Sets_Child-care-square-a8953c7678f51ed443764342b64ee948-.png\" alt=\"2025_211_Conjuntos de \u00edcones_Cuidados infantis\" itemprop=\"image\" title=\"2025_211_Conjuntos de \u00edcones_Cuidados infantis\" onerror=\"this.style.display='none'\" loading=\"lazy\" \/>\n\t\t\t\t<\/a>\n\t\t<h4><a href=\"\/pt\/recursos\/violencia-domestica-familiar\/\" target=\"_self\">Viol\u00eancia dom\u00e9stica<\/a><\/h4>\n\t\t\t\t<a href=\"\/pt\/recursos\/violencia-domestica-familiar\/\"  target=\"_self\" itemprop=\"url\">\n\t\t\t\t<img decoding=\"async\" src=\"https:\/\/211md.org\/wp-content\/uploads\/bb-plugin\/cache\/2025_211_Icon-Sets_Domestic-Violence-square-e6e48b12d9d44dadd394e0d40debfd96-.png\" alt=\"\u00cdcone de viol\u00eancia dom\u00e9stica\" itemprop=\"image\" title=\"2025_211_Conjuntos de \u00edcones_Viol\u00eancia dom\u00e9stica\" onerror=\"this.style.display='none'\" loading=\"lazy\" \/>\n\t\t\t\t<\/a>\n\t\t<h4><a href=\"\/pt\/recursos\/procura-de-emprego\/\" target=\"_self\">Emprego<\/a><\/h4>\n\t\t\t\t<a href=\"\/pt\/recursos\/procura-de-emprego\/\"  target=\"_self\" itemprop=\"url\">\n\t\t\t\t<img decoding=\"async\" src=\"https:\/\/211md.org\/wp-content\/uploads\/bb-plugin\/cache\/2025_MdInfoNet_Icon-Sets_Employment-square-44707bd410e4df10a470bf130ebcea86-.png\" alt=\"2025_MdInfoNet_Conjuntos de \u00edcones_Emprego\" itemprop=\"image\" title=\"2025_MdInfoNet_Conjuntos de \u00edcones_Emprego\" onerror=\"this.style.display='none'\" loading=\"lazy\" \/>\n\t\t\t\t<\/a>\n\t\t<h4><a href=\"\/pt\/recursos\/cuidados-de-saude\/\" target=\"_self\">Cuidados de sa\u00fade<\/a><\/h4>\n\t\t\t\t<a href=\"\/pt\/recursos\/cuidados-de-saude\/\"  target=\"_self\" itemprop=\"url\">\n\t\t\t\t<img decoding=\"async\" src=\"https:\/\/211md.org\/wp-content\/uploads\/bb-plugin\/cache\/2025_MdInfoNet_Icon-Sets_Health-Care-square-dee98a0060cbe0e7f27eda253fc12679-.png\" alt=\"2025_MdInfoNet_Conjuntos de \u00edcones_Cuidados de sa\u00fade\" itemprop=\"image\" title=\"2025_MdInfoNet_Conjuntos de \u00edcones_Cuidados de sa\u00fade\" onerror=\"this.style.display='none'\" loading=\"lazy\" \/>\n\t\t\t\t<\/a>\n\t\t<h4><a href=\"\/pt\/recursos\/criancas-familias\/cuidados-de-parentesco\/\" target=\"_self\">Parentesco<\/a><\/h4>\n\t\t\t\t<a href=\"\/pt\/recursos\/criancas-familias\/cuidados-de-parentesco\/\"  target=\"_self\" itemprop=\"url\">\n\t\t\t\t<img decoding=\"async\" src=\"https:\/\/211md.org\/wp-content\/uploads\/bb-plugin\/cache\/2025_211_Icon-Sets_Kinship-square-21d4c353354c53c083c80118abb066f2-.png\" alt=\"\u00cdcone de parentesco\" itemprop=\"image\" title=\"2025_211_Conjuntos de \u00edcones_Parentesco\" onerror=\"this.style.display='none'\" loading=\"lazy\" \/>\n\t\t\t\t<\/a>\n\t\t<h4><a href=\"\/pt\/recursos\/servicos-legais\/\" target=\"_self\">Servi\u00e7os legais<\/a><\/h4>\n\t\t\t\t<a href=\"\/pt\/recursos\/servicos-legais\/\"  target=\"_self\" itemprop=\"url\">\n\t\t\t\t<img decoding=\"async\" src=\"https:\/\/211md.org\/wp-content\/uploads\/bb-plugin\/cache\/2025_MdInfoNet_Icon-Sets_Legal-square-18fdf438feb8435588174d9046463257-.png\" alt=\"2025_MdInfoNet_Conjuntos de \u00edcones_Legal\" itemprop=\"image\" title=\"2025_MdInfoNet_Conjuntos de \u00edcones_Legal\" onerror=\"this.style.display='none'\" loading=\"lazy\" \/>\n\t\t\t\t<\/a>\n\t\t<h4><a href=\"\/pt\/recursos\/saude-mental\/\" target=\"_self\">Sa\u00fade mental<\/a><\/h4>\n\t\t\t\t<a href=\"\/pt\/recursos\/saude-mental\/\"  target=\"_self\" itemprop=\"url\">\n\t\t\t\t<img decoding=\"async\" src=\"https:\/\/211md.org\/wp-content\/uploads\/bb-plugin\/cache\/2025_MdInfoNet_Icon-Sets_Mental-Health-square-c59b38c4a993a947d4c9280fbe2d2fee-.png\" alt=\"2025_MdInfoNet_Conjuntos de \u00edcones_Sa\u00fade mental\" itemprop=\"image\" title=\"2025_MdInfoNet_Conjuntos de \u00edcones_Sa\u00fade mental\" onerror=\"this.style.display='none'\" loading=\"lazy\" \/>\n\t\t\t\t<\/a>\n\t\t<h4><a href=\"\/pt\/recursos\/mdreentry\/\" target=\"_self\">Reentrada<\/a><\/h4>\n\t\t\t\t<a href=\"\/pt\/recursos\/mdreentry\/\"  target=\"_self\" itemprop=\"url\">\n\t\t\t\t<img decoding=\"async\" src=\"https:\/\/211md.org\/wp-content\/uploads\/bb-plugin\/cache\/2025_211_Icon-Sets_Reentry-square-f36b65d903a62fd4c3819ff05988ca60-.png\" alt=\"\u00cdcone de reentrada\" itemprop=\"image\" title=\"2025_211_Conjuntos de \u00edcones_Reentrada\" onerror=\"this.style.display='none'\" loading=\"lazy\" \/>\n\t\t\t\t<\/a>\n\t\t<h4><a href=\"\/pt\/recursos\/uso-de-substancias\/\" target=\"_self\">Uso de subst\u00e2ncias<\/a><\/h4>\n\t\t\t\t<a href=\"\/pt\/recursos\/uso-de-substancias\/\"  target=\"_self\" itemprop=\"url\">\n\t\t\t\t<img decoding=\"async\" src=\"https:\/\/211md.org\/wp-content\/uploads\/bb-plugin\/cache\/2025_MdInfoNet_Icon-Sets_Substance-Abuse-square-9022fec9d18a64118ad685c101885b55-.png\" alt=\"2025_MdInfoNet_Conjuntos de \u00edcones_Abuso de subst\u00e2ncias\" itemprop=\"image\" title=\"2025_MdInfoNet_Conjuntos de \u00edcones_Abuso de subst\u00e2ncias\" onerror=\"this.style.display='none'\" loading=\"lazy\" \/>\n\t\t\t\t<\/a>\n\t\t<h4><a href=\"\/pt\/recursos\/veteranos\/\" target=\"_self\">veteranos<\/a><\/h4>\n\t\t\t\t<a href=\"\/pt\/recursos\/veteranos\/\"  target=\"_self\" itemprop=\"url\">\n\t\t\t\t<img decoding=\"async\" src=\"https:\/\/211md.org\/wp-content\/uploads\/bb-plugin\/cache\/2025_MdInfoNet_Icon-Sets_Rating-square-6e60d00cce4faa8e0a6d4ad7366aa733-.png\" alt=\"2025_MdInfoNet_Conjuntos de \u00edcones_Classifica\u00e7\u00e3o\" itemprop=\"image\" title=\"2025_MdInfoNet_Conjuntos de \u00edcones_Classifica\u00e7\u00e3o\" onerror=\"this.style.display='none'\" loading=\"lazy\" \/>\n\t\t\t\t<\/a>","protected":false},"excerpt":{"rendered":"<p>Cabe\u00e7alho padr\u00e3o da p\u00e1gina \u00c9 dif\u00edcil trocar fraldas em p\u00fablico ou cuidar de uma crian\u00e7a ou adulto? Trocadores e instala\u00e7\u00f5es universais est\u00e3o dispon\u00edveis para que os cuidadores possam fornecer os cuidados necess\u00e1rios, independentemente da altura ou das necessidades espec\u00edficas do indiv\u00edduo. Encontre um perto de voc\u00ea. Comece agora. Cortesia: Departamento de\u2026<\/p>","protected":false},"author":7,"featured_media":3751,"parent":0,"menu_order":0,"comment_status":"closed","ping_status":"closed","template":"","meta":{"footnotes":""},"class_list":["post-3749","page","type-page","status-publish","has-post-thumbnail","hentry"],"_links":{"self":[{"href":"https:\/\/211md.org\/pt\/wp-json\/wp\/v2\/pages\/3749","targetHints":{"allow":["GET"]}}],"collection":[{"href":"https:\/\/211md.org\/pt\/wp-json\/wp\/v2\/pages"}],"about":[{"href":"https:\/\/211md.org\/pt\/wp-json\/wp\/v2\/types\/page"}],"author":[{"embeddable":true,"href":"https:\/\/211md.org\/pt\/wp-json\/wp\/v2\/users\/7"}],"replies":[{"embeddable":true,"href":"https:\/\/211md.org\/pt\/wp-json\/wp\/v2\/comments?post=3749"}],"version-history":[{"count":9,"href":"https:\/\/211md.org\/pt\/wp-json\/wp\/v2\/pages\/3749\/revisions"}],"predecessor-version":[{"id":33847,"href":"https:\/\/211md.org\/pt\/wp-json\/wp\/v2\/pages\/3749\/revisions\/33847"}],"wp:featuredmedia":[{"embeddable":true,"href":"https:\/\/211md.org\/pt\/wp-json\/wp\/v2\/media\/3751"}],"wp:attachment":[{"href":"https:\/\/211md.org\/pt\/wp-json\/wp\/v2\/media?parent=3749"}],"curies":[{"name":"wp","href":"https:\/\/api.w.org\/{rel}","templated":true}]}}