{"id":3758,"date":"2023-05-01T11:24:18","date_gmt":"2023-05-01T15:24:18","guid":{"rendered":"https:\/\/211md.org\/?page_id=3758"},"modified":"2025-09-11T08:53:11","modified_gmt":"2025-09-11T12:53:11","slug":"apoio-a-adolescentes","status":"publish","type":"page","link":"https:\/\/211md.org\/pt\/resources\/mental-health\/teen-support\/","title":{"rendered":"Como os pais e cuidadores podem apoiar a sa\u00fade mental dos adolescentes"},"content":{"rendered":"<img decoding=\"async\" src=\"https:\/\/stg-maryland211-staging.kinsta.cloud\/wp-content\/uploads\/2025\/08\/5-1-scaled.png\" alt=\"5\" itemprop=\"image\" height=\"692\" width=\"2560\" title=\"5\" onerror=\"this.style.display='none'\" loading=\"lazy\" \/>\n\t\t<h1><a href=\"#start\" target=\"_self\">Cabe\u00e7alho de p\u00e1gina padr\u00e3o<\/a><\/h1><p>Quando a sa\u00fade mental de um adolescente \u00e9 forte, ele consegue lidar com os altos e baixos emocionais que surgem ao explorar o mundo. <\/p>\n<p>H\u00e1 ajuda dispon\u00edvel para problemas de sa\u00fade mental. Aprenda a apoiar os adolescentes em sua vida.\u00a0<\/p>\n\t\t\t<a href=\"#start\" target=\"_self\">\n\t\t\t\t\t\tCome\u00e7ar\n\t\t\t\t\t<\/a>\n\t\t\t\t<img decoding=\"async\" src=\"https:\/\/211md.org\/wp-content\/plugins\/bb-plugin\/img\/pixel.png\" alt=\"\" itemprop=\"image\" onerror=\"this.style.display='none'\" loading=\"lazy\" \/>\n\t\t\t\t<img decoding=\"async\" src=\"https:\/\/stg-maryland211-staging.kinsta.cloud\/wp-content\/uploads\/2025\/08\/16.png\" alt=\"16\" itemprop=\"image\" height=\"1000\" width=\"1000\" title=\"16\" onerror=\"this.style.display='none'\" loading=\"lazy\" \/>\n\t\t\t\t<img decoding=\"async\" src=\"http:\/\/211md.org\/wp-content\/uploads\/2023\/04\/Lonely-teen-by-himself-at-school.png\" alt=\"Adolescente solit\u00e1rio sozinho na escola\" itemprop=\"image\" title=\"Adolescente solit\u00e1rio sozinho na escola\" onerror=\"this.style.display='none'\" loading=\"lazy\" \/>\n\t<h2>Encontrando ajuda para a sa\u00fade mental de adolescentes<\/h2>\n<p>O apoio certo no momento certo pode ajudar um adolescente a prosperar e prevenir problemas de aprendizagem, relacionamentos ou <a href=\"https:\/\/211md.org\/pt\/recursos\/uso-de-substancias\/\">Subst\u00e2ncias nocivas<\/a>.<\/p>\n<p>A ajuda est\u00e1 dispon\u00edvel em Maryland atrav\u00e9s de:<\/p>\n<ul>\n<li>o <a href=\"https:\/\/988min.org\/\" target=\"_blank\" rel=\"noopener\">Linha direta 988<\/a> (suporte em caso de crise). Ligue ou envie uma mensagem para 988, ou <a href=\"https:\/\/988lifeline.org\/chat\/\" target=\"_blank\" rel=\"noopener\">conversar em ingl\u00eas<\/a> ou <a href=\"https:\/\/988lifeline.org\/es\/chat\/\" target=\"_blank\" rel=\"noopener\">Espanhol<\/a>.<\/li>\n<li>prestadores de cuidados prim\u00e1rios, como seu pediatra ou m\u00e9dico de fam\u00edlia<\/li>\n<li>conselheiros escolares<\/li>\n<li>211 programa de mensagens de texto para adolescentes chamado <a href=\"https:\/\/211md.org\/pt\/about\/mensagens-de-texto\/mentes-jovens\/\">MDYoungMinds<\/a><\/li>\n<li>programas de apoio \u00e0 telessa\u00fade<\/li>\n<li>profissionais de sa\u00fade mental, como conselheiros, assistentes sociais, psiquiatras ou psic\u00f3logos<\/li>\n<\/ul>\n<p>Voc\u00ea tamb\u00e9m pode procurar por provedores de sa\u00fade mental no banco de dados de sa\u00fade comportamental do estado, fornecido pela Maryland Information Network.<\/p>\n\t\t\t<a href=\"https:\/\/search.988.mdinfonet.org\/\" target=\"_blank\" rel=\"noopener\">\n\t\t\t\t\t\t\tProcure um profissional de sa\u00fade mental\n\t\t\t\t\t<\/a>\n\t<h2>Precisa conversar?\u00a0<\/h2>\n<p>&nbsp;<\/p>\n\t<h2>Ligue ou envie uma mensagem de texto para 988<\/h2>\n\t\t\t<a href=\"https:\/\/988lifeline.org\/chat\/\" target=\"_blank\" rel=\"noopener\">\n\t\t\t\t\t\t\tConverse agora (ingl\u00eas)\n\t\t\t\t\t<\/a>\n\t\t\t<a href=\"https:\/\/988lifeline.org\/es\/chat\/\" target=\"_blank\" rel=\"noopener\">\n\t\t\t\t\t\t\tChatea Ahora (Espanhol)\n\t\t\t\t\t<\/a>\n\t<p>Qualquer pessoa que precise de assist\u00eancia com sa\u00fade mental ou necessidades relacionadas ao uso de subst\u00e2ncias pode ligar para 988. <a href=\"https:\/\/988min.org\/\" target=\"_blank\" rel=\"noopener\">Saiba mais sobre 988 em Maryland<\/a>.<\/p>\n\t<h2>Sinais de aviso<\/h2>\n<p>Em muitas crian\u00e7as, problemas de sa\u00fade mental passam despercebidos ou elas n\u00e3o recebem ajuda. Conhecer os sinais pode ajudar o adolescente a procurar ajuda.<\/p>\n<p><a href=\"https:\/\/pubmed.ncbi.nlm.nih.gov\/15939837\/\" target=\"_blank\" rel=\"noopener\">Pesquisar<\/a> mostra que 50% dos problemas de sa\u00fade mental surgem at\u00e9 os 14 anos.<\/p>\n<p>De acordo com o <a href=\"https:\/\/www.mhamd.org\/wp-content\/uploads\/2023\/02\/DiscussingYourChildsMentalHealthwithYourPrimaryCareProvider_factsheet_CMHMBHIPP_Jan2023.pdf\" target=\"_blank\" rel=\"noopener\">Associa\u00e7\u00e3o de Sa\u00fade Mental de Maryland<\/a>, pais e cuidadores devem procurar por estes sinais de doen\u00e7a mental ou condi\u00e7\u00e3o de sa\u00fade mental:<\/p>\n<ul>\n<li>Dificuldade em casa, na escola ou socialmente. A crian\u00e7a pode entrar em brigas ou ir mal na escola.<\/li>\n<li>Preocupa-se o tempo todo.<\/li>\n<li>Altera\u00e7\u00f5es percept\u00edveis no sono, humor, apetite ou comportamento.<\/li>\n<li>Padr\u00f5es de atividade repetitiva que interferem na frequ\u00eancia escolar, no sono ou no apetite.<\/li>\n<li>Aumento dos sentimentos de tristeza, raiva, estresse, preocupa\u00e7\u00e3o, baixa auto-estima e luto.<\/li>\n<li>N\u00e3o ri nem sorri.<\/li>\n<li>Acessos de raiva frequentes, dores de est\u00f4mago ou dores de cabe\u00e7a sem causa m\u00e9dica conhecida.<\/li>\n<li>Incapaz de ficar parado.<\/li>\n<li>N\u00e3o parece ouvir as instru\u00e7\u00f5es.<\/li>\n<li>Age sem pensar.<\/li>\n<li>Tem comportamentos que n\u00e3o deveriam mais ser um problema de desenvolvimento, como ader\u00eancia, molhar ou sujar.<\/li>\n<li>Tem dificuldade em fazer amigos devido ao comportamento agressivo ou assustador.<\/li>\n<li>Passa mais tempo sozinho.<\/li>\n<li>Evita atividades ou coisas que o indiv\u00edduo j\u00e1 amou.<\/li>\n<li>Tempo mais dif\u00edcil em situa\u00e7\u00f5es que costumavam ser boas.<\/li>\n<li>Precisa de mais suporte.<\/li>\n<li>Tem um comportamento sexual que vai al\u00e9m da curiosidade normal.<\/li>\n<li>Brinca com fogo repetidamente.<\/li>\n<li>Crueldade com animais.<\/li>\n<li>Ouve vozes ou v\u00ea coisas.<\/li>\n<li>Usa drogas ou \u00e1lcool.<\/li>\n<\/ul>\n<p>Se voc\u00ea tiver uma preocupa\u00e7\u00e3o, obtenha ajuda e suporte. Confie em seu instinto como pai ou cuidador.<\/p>\n\t<h3>Sinais de depress\u00e3o adolescente<\/h3>\n<p>A depress\u00e3o \u00e9 um tipo de problema de sa\u00fade mental.<\/p>\n<blockquote><p>20% de adolescentes de 12 a 17 anos j\u00e1 vivenciaram um epis\u00f3dio depressivo maior, segundo a <a href=\"https:\/\/www.cdc.gov\/childrensmentalhealth\/features\/understanding-public-health-concern.html\" target=\"_blank\" rel=\"noopener\">CDC<\/a>.<\/p><\/blockquote>\n<p>Embora muitas vezes pensemos em depress\u00e3o como &quot;tristeza&quot;, esse nem sempre \u00e9 o sinal, especialmente em crian\u00e7as, adolescentes e jovens adultos. Depress\u00e3o \u00e9 mais do que apenas mau humor.<\/p>\n<p>Os sinais de depress\u00e3o podem mudar \u00e0 medida que o indiv\u00edduo envelhece.<\/p>\n<p>Por exemplo, alguns dos sintomas em uma crian\u00e7a com depress\u00e3o podem ser:<\/p>\n<ul>\n<li>ansiedade<\/li>\n<li>estar irritado<\/li>\n<li>apegado<\/li>\n<li>recusando-se a ir \u00e0 escola<\/li>\n<\/ul>\n<p>Crian\u00e7as mais velhas e adolescentes podem:<\/p>\n<ul>\n<li>ter problemas na escola<\/li>\n<li>fica frustrado facilmente<\/li>\n<li>sentir-se inquieto<\/li>\n<li>tem baixa autoestima<\/li>\n<\/ul>\n<p>Os jovens adultos podem:<\/p>\n<ul>\n<li>ser irrit\u00e1vel<\/li>\n<li>ter uma vis\u00e3o negativa da vida<\/li>\n<\/ul>\n<p>Quando esses sentimentos persistem na maior parte do tempo por semanas e voc\u00ea n\u00e3o consegue se concentrar ou fazer coisas que antes gostava, \u00e9 hora de procurar ajuda.<\/p>\n<h3>perguntas para ajudar a identificar a depress\u00e3o<\/h3>\n<p>Para ajudar a identificar e detectar a depress\u00e3o precocemente, o <a href=\"https:\/\/www.nimh.nih.gov\/health\/publications\/teen-depression\" target=\"_blank\" rel=\"noopener\">Instituto Nacional de Sa\u00fade Mental<\/a>\u00a0sugere fazer a si mesmo essas perguntas.<\/p>\n<p>Meu filho ou eu sinto\u2026.?<\/p>\n<ul>\n<li>Triste, ansioso, sem valor ou \u201cvazio\u201d?<\/li>\n<li>Desinteressado em atividades que antes gostava?<\/li>\n<li>Facilmente frustrado, zangado ou irrit\u00e1vel?<\/li>\n<li>Estou me afastando de amigos e familiares?<\/li>\n<li>Que n\u00e3o estou indo t\u00e3o bem na escola?<\/li>\n<li>Meus h\u00e1bitos di\u00e1rios de alimenta\u00e7\u00e3o e sono mudaram?<\/li>\n<li>Cansado, fatigado ou com perda de mem\u00f3ria?<\/li>\n<li>Como me machucar ou cometer suic\u00eddio?<\/li>\n<\/ul>\n<p>Os sintomas podem variar de pessoa para pessoa.<\/p>\n<p>Voc\u00ea pode ter alguns sintomas ou apenas alguns.<\/p>\n<p>Fale com um profissional treinado se tiver alguma d\u00favida. Ligue para 988 para obter ajuda imediata.<\/p>\n\t<h2>M\u00eddias sociais e sa\u00fade mental<\/h2>\n<p>Existe uma liga\u00e7\u00e3o entre depress\u00e3o e isolamento percebido e adolescentes com alto uso de m\u00eddia social.<\/p>\n<p>O alto uso da internet e o v\u00edcio em internet tamb\u00e9m est\u00e3o ligados \u00e0 automutila\u00e7\u00e3o.<\/p>\n<blockquote><p>Adolescentes que passam tr\u00eas ou mais horas por dia em um dispositivo eletr\u00f4nico t\u00eam 35% mais probabilidade de ter um fator de risco de suic\u00eddio, como fazer um plano, de acordo com uma pesquisa publicada no <a href=\"https:\/\/journals.sagepub.com\/doi\/10.1177\/2167702617723376\" target=\"_blank\" rel=\"noopener\">Associa\u00e7\u00e3o de Ci\u00eancias Psicol\u00f3gicas<\/a>.<\/p><\/blockquote>\n<p>Se voc\u00ea conhece um adolescente que fala sobre prejudicar a si mesmo ou a outras pessoas, procure ajuda imediatamente. Ligue ou envie uma mensagem de texto para 988. Voc\u00ea tamb\u00e9m pode conversar com o 988 Suicide &amp; Crisis Lifeline em <a href=\"https:\/\/988lifeline.org\/chat\/\" target=\"_blank\" rel=\"noopener\">Ingl\u00eas<\/a> ou <a href=\"https:\/\/988lifeline.org\/es\/chat\/\" target=\"_blank\" rel=\"noopener\">Espanhol<\/a>.<\/p>\n\t\t\t<a href=\"https:\/\/988lifeline.org\/chat\/\" target=\"_blank\" rel=\"noopener\">\n\t\t\t\t\t\t\tBate-papo com 988 (ingl\u00eas)\n\t\t\t\t\t<\/a>\n\t\t\t<a href=\"https:\/\/988lifeline.org\/es\/chat\/\" target=\"_blank\" rel=\"noopener\">\n\t\t\t\t\t\t\tBate-papo com 988 (espanhol)\n\t\t\t\t\t<\/a>\n\t\t\t\t<img decoding=\"async\" src=\"https:\/\/211md.org\/wp-content\/uploads\/2024\/02\/teens-on-social-media.jpg\" alt=\"adolescentes nas redes sociais\" itemprop=\"image\" height=\"800\" width=\"1200\" title=\"adolescentes nas redes sociais\" onerror=\"this.style.display='none'\" loading=\"lazy\" \/>\n\t<h3>sinais de alerta nas redes sociais<\/h3>\n<p>Monitore as atividades online e nas redes sociais de uma crian\u00e7a.<\/p>\n<p>Conhe\u00e7a os sinais de alerta de sofrimento psicol\u00f3gico. Isso pode incluir mensagens como:<\/p>\n<ul>\n<li>\u201cEu n\u00e3o posso fazer nada.\u201d 1TP5Isso mesmo<\/li>\n<li>&quot;Eu odeio todo mundo.&quot;<\/li>\n<li>Mais um dia sem ir \u00e0 escola.<\/li>\n<li>Hashtags e emojis negativos como #depressed e #cutting.<\/li>\n<li>Fala de vontade de morrer, desespero emocional intenso e urgente, doa\u00e7\u00e3o de objetos pessoais, despedida.<\/li>\n<li>Comportamento impulsivo.<\/li>\n<li>Mensagens de ins\u00f4nia.<\/li>\n<\/ul>\n<p>Se voc\u00ea ou algu\u00e9m que voc\u00ea conhece apresentar sinais de crise, entre em contato imediatamente com um profissional treinado, ligando ou enviando uma mensagem de texto para 988.<\/p>\n\t\t\t\t<img decoding=\"async\" src=\"http:\/\/211md.org\/wp-content\/uploads\/2023\/04\/Parent-comforting-depressed-kid.png\" alt=\"pai confortando crian\u00e7a deprimida\" itemprop=\"image\" title=\"Pai reconfortando crian\u00e7a deprimida\" onerror=\"this.style.display='none'\" loading=\"lazy\" \/>\n\t<h2>Apoio aos Pais<\/h2>\n<p>Voc\u00ea sabe o que fazer quando seu filho est\u00e1 com febre ou infec\u00e7\u00e3o no ouvido, mas que tal tratar a sa\u00fade mental dele? Voc\u00ea pode fazer a mesma coisa \u2013 ligar para o pediatra do seu filho.<\/p>\n<p>Eles podem ajudar com problemas de sa\u00fade mental, como ansiedade adolescente, depress\u00e3o, dist\u00farbios alimentares, traumas e muito mais.<\/p>\n<p>Tenha uma conversa honesta. Se o pediatra n\u00e3o oferecer apoio no consult\u00f3rio, ele poder\u00e1 obter pens\u00e3o aliment\u00edcia para voc\u00ea e seu filho por meio do sistema estadual de apoio \u00e0 sa\u00fade mental.<\/p>\n<h3>Conversando com seu pediatra<\/h3>\n<p>Ent\u00e3o, como voc\u00ea conversa com seu pediatra sobre a sa\u00fade mental de uma crian\u00e7a?<\/p>\n<p>Ligue e converse com o consult\u00f3rio e marque uma consulta presencial ou por telemedicina. Determine quem deve comparecer \u00e0 consulta.<\/p>\n<p>Ambos os pais\/cuidadores devem comparecer e a crian\u00e7a deve ir \u00e0 consulta?<\/p>\n\t<p>A Associa\u00e7\u00e3o de Sa\u00fade Mental de Maryland e a Integra\u00e7\u00e3o de Sa\u00fade Comportamental de Maryland em Cuidados Prim\u00e1rios Pedi\u00e1tricos (BHIPP) desenvolveram um folheto com instru\u00e7\u00f5es passo a passo para discutir a sa\u00fade mental de uma crian\u00e7a com seu m\u00e9dico.<\/p>\n<p>A folha de dicas inclui perguntas detalhadas e t\u00f3picos de discuss\u00e3o para iniciar a conversa e garantir que seu filho receba a ajuda necess\u00e1ria.<\/p>\n\t\t\t<a href=\"https:\/\/www.mhamd.org\/wp-content\/uploads\/2023\/02\/DiscussingYourChildsMentalHealthwithYourPrimaryCareProvider_factsheet_CMHMBHIPP_Jan2023.pdf\" target=\"_blank\" rel=\"noopener\">\n\t\t\t\t\t\t\tbaixar folha de dicas\n\t\t\t\t\t<\/a>\n\t<p>Antes da consulta, documente o comportamento e as preocupa\u00e7\u00f5es para que voc\u00ea tenha algo para consultar durante a discuss\u00e3o e exemplos espec\u00edficos para discutir.<\/p>\n<p>Seja honesto e detalhista nessas conversas. Lembre-se: voc\u00ea n\u00e3o est\u00e1 sozinho e h\u00e1 ajuda dispon\u00edvel.<\/p>\n<p>Se a conversa for dif\u00edcil, informe seu m\u00e9dico.<\/p>\n<p>Lembre-se de que voc\u00ea est\u00e1 tendo essa reuni\u00e3o porque se importa profundamente com a crian\u00e7a.<\/p>\n<p>Seu m\u00e9dico pode encaminhar a crian\u00e7a para uma ampla variedade de profissionais de sa\u00fade mental, incluindo:<\/p>\n<ul>\n<li>psiquiatra<\/li>\n<li>enfermeira psiqui\u00e1trica<\/li>\n<li>assistente social<\/li>\n<li>conselheiros profissionais licenciados<\/li>\n<li>psicoterapeutas<\/li>\n<li>neuropsic\u00f3logos<\/li>\n<\/ul>\n<h3>Sobre o BHIPP<\/h3>\n<p>O Maryland Behavioral Integration in Pediatric Primary Care (BHIPP) trabalha com pediatras, profissionais m\u00e9dicos de emerg\u00eancia, m\u00e9dicos de fam\u00edlia, enfermeiros escolares e outros profissionais de sa\u00fade para dar suporte a adolescentes e jovens.<\/p>\n<p>Os especialistas est\u00e3o dispon\u00edveis em \u00e1reas como:<\/p>\n<ul>\n<li>Gest\u00e3o de medicamentos:<\/li>\n<li>Problemas de diagn\u00f3stico<\/li>\n<li>Atrasos no desenvolvimento<\/li>\n<li>Problemas de escola\/aprendizagem<\/li>\n<li>transtornos do espectro do autismo<\/li>\n<li>Trauma<\/li>\n<li>Sa\u00fade mental na primeira inf\u00e2ncia<\/li>\n<\/ul>\n<p><a href=\"https:\/\/mdbhipp.org\/telepsychiatry-access-program.html\" target=\"_blank\" rel=\"noopener\">Indica\u00e7\u00f5es<\/a> s\u00e3o feitas por um m\u00e9dico de aten\u00e7\u00e3o prim\u00e1ria.<\/p>\n\t<h2>Recursos de sa\u00fade mental para adolescentes e crian\u00e7as<\/h2>\n<p>Existem v\u00e1rios recursos para apoiar adolescentes e crian\u00e7as em sua sa\u00fade mental.<\/p>\n<p>Se voc\u00ea ou algu\u00e9m que voc\u00ea conhece estiver em crise, ligue para 988 para obter suporte imediato.<\/p>\n<p>Voc\u00ea tamb\u00e9m pode <a href=\"https:\/\/search.988.mdinfonet.org\/\" target=\"_blank\" rel=\"noopener\">procurar aconselhamento e grupos de apoio<\/a> no banco de dados de sa\u00fade comportamental do estado, fornecido pela Maryland Information Network.<\/p>\n<p>H\u00e1 tamb\u00e9m um sistema de suporte de mensagem de texto com foco em jovens dispon\u00edvel. Adolescentes podem se inscrever\u00a0<a href=\"https:\/\/211md.org\/pt\/about\/mensagens-de-texto\/mentes-jovens\/\">MDYoungMinds<\/a>. Ele fornece mensagens de texto de suporte. Isso pode incluir recursos sobre depress\u00e3o, sa\u00fade mental de adolescentes e adolescentes e programas de apoio.<\/p>\n<h3>Coaliz\u00e3o de Fam\u00edlias de Maryland<\/h3>\n<p>Voc\u00ea tamb\u00e9m pode obter apoio de organiza\u00e7\u00f5es como a Maryland Coalition of Families. Eles apoiam servi\u00e7os de sa\u00fade mental para crian\u00e7as e podem ajud\u00e1-lo a navegar pelos servi\u00e7os na escola e na comunidade, al\u00e9m de defender seu filho em todas as fases do desenvolvimento.<\/p>\n<p>Baixe o Kit de Recursos Familiares sobre Assuntos de Sa\u00fade Infantil em <a href=\"https:\/\/www.childrensmentalhealthmatters.org\/files\/2021\/03\/CMHM-Family-Resource-Kit-2021.pdf\" target=\"_blank\" rel=\"noopener\">Ingl\u00eas<\/a> ou <a href=\"https:\/\/www.childrensmentalhealthmatters.org\/files\/2021\/07\/CMHM-Family-Resource-Kit-2021_ES.pdf\" target=\"_blank\" rel=\"noopener\">Espanhol<\/a>. \u00c9 um guia completo sobre sintomas e sinais de sa\u00fade mental, ao mesmo tempo que fornece op\u00e7\u00f5es de tratamento e suporte em Maryland.<\/p>\n<p>Atrav\u00e9s da Coaliz\u00e3o de Fam\u00edlias de Maryland <a href=\"https:\/\/www.mdcoalition.org\/who-we-help\/youth-helping-youth\/\" target=\"_blank\" rel=\"noopener\">voando<\/a> No programa, os adolescentes tamb\u00e9m podem se conectar com colegas que passaram por problemas ou traumas de sa\u00fade mental.<\/p>\n<h3>Associa\u00e7\u00e3o de Sa\u00fade Mental<\/h3>\n<p>A Associa\u00e7\u00e3o de Sa\u00fade Mental de Maryland tamb\u00e9m possui informa\u00e7\u00f5es detalhadas para <a href=\"https:\/\/www.mhamd.org\/information-and-help\/children-and-youth\/signs-and-symptoms\/\" target=\"_blank\" rel=\"noopener\">condi\u00e7\u00f5es espec\u00edficas de sa\u00fade mental<\/a> e recursos que podem ajudar.<\/p>\n<h2>\n\t\t\tInforma\u00e7\u00f5es relacionadas\t<\/h2>\n\t\t<h4><a href=\"\/pt\/recursos\/envelhecimento-incapacidade\/\" target=\"_self\">Envelhecimento e Defici\u00eancia<\/a><\/h4>\n\t\t\t\t<a href=\"\/pt\/recursos\/envelhecimento-incapacidade\/\"  target=\"_self\" itemprop=\"url\">\n\t\t\t\t<img decoding=\"async\" src=\"https:\/\/211md.org\/wp-content\/uploads\/bb-plugin\/cache\/2025_MdInfoNet_Icon-Sets_Aging-disability-square-c466727102cae71e5f27b8539bb51945-.png\" alt=\"2025_MdInfoNet_Conjuntos de \u00edcones_Envelhecimento-defici\u00eancia\" itemprop=\"image\" title=\"2025_MdInfoNet_Conjuntos de \u00edcones_Envelhecimento-defici\u00eancia\" onerror=\"this.style.display='none'\" loading=\"lazy\" \/>\n\t\t\t\t<\/a>\n\t\t<h4><a href=\"https:\/\/211md.org\/pt\/recursos\/criancas-familias\/\" target=\"_blank\" rel=\"noopener\">Crian\u00e7as e Fam\u00edlias<\/a><\/h4>\n\t\t\t\t<a href=\"https:\/\/211md.org\/pt\/recursos\/criancas-familias\/\" target=\"_blank\" rel=\"noopener\" itemprop=\"url\">\n\t\t\t\t<img decoding=\"async\" src=\"https:\/\/211md.org\/wp-content\/uploads\/bb-plugin\/cache\/2025_211_Icon-Sets_Child-care-square-a8953c7678f51ed443764342b64ee948-.png\" alt=\"2025_211_Conjuntos de \u00edcones_Cuidados infantis\" itemprop=\"image\" title=\"2025_211_Conjuntos de \u00edcones_Cuidados infantis\" onerror=\"this.style.display='none'\" loading=\"lazy\" \/>\n\t\t\t\t<\/a>\n\t\t<h4><a href=\"\/pt\/recursos\/violencia-domestica-familiar\/\" target=\"_self\">Viol\u00eancia dom\u00e9stica<\/a><\/h4>\n\t\t\t\t<a href=\"\/pt\/recursos\/violencia-domestica-familiar\/\"  target=\"_self\" itemprop=\"url\">\n\t\t\t\t<img decoding=\"async\" src=\"https:\/\/211md.org\/wp-content\/uploads\/bb-plugin\/cache\/2025_211_Icon-Sets_Domestic-Violence-square-e6e48b12d9d44dadd394e0d40debfd96-.png\" alt=\"\u00cdcone de viol\u00eancia dom\u00e9stica\" itemprop=\"image\" title=\"2025_211_Conjuntos de \u00edcones_Viol\u00eancia dom\u00e9stica\" onerror=\"this.style.display='none'\" loading=\"lazy\" \/>\n\t\t\t\t<\/a>\n\t\t<h4><a href=\"\/pt\/recursos\/procura-de-emprego\/\" target=\"_self\">Emprego<\/a><\/h4>\n\t\t\t\t<a href=\"\/pt\/recursos\/procura-de-emprego\/\"  target=\"_self\" itemprop=\"url\">\n\t\t\t\t<img decoding=\"async\" src=\"https:\/\/211md.org\/wp-content\/uploads\/bb-plugin\/cache\/2025_MdInfoNet_Icon-Sets_Employment-square-44707bd410e4df10a470bf130ebcea86-.png\" alt=\"2025_MdInfoNet_Conjuntos de \u00edcones_Emprego\" itemprop=\"image\" title=\"2025_MdInfoNet_Conjuntos de \u00edcones_Emprego\" onerror=\"this.style.display='none'\" loading=\"lazy\" \/>\n\t\t\t\t<\/a>\n\t\t<h4><a href=\"\/pt\/recursos\/cuidados-de-saude\/\" target=\"_self\">Cuidados de sa\u00fade<\/a><\/h4>\n\t\t\t\t<a href=\"\/pt\/recursos\/cuidados-de-saude\/\"  target=\"_self\" itemprop=\"url\">\n\t\t\t\t<img decoding=\"async\" src=\"https:\/\/211md.org\/wp-content\/uploads\/bb-plugin\/cache\/2025_MdInfoNet_Icon-Sets_Health-Care-square-dee98a0060cbe0e7f27eda253fc12679-.png\" alt=\"2025_MdInfoNet_Conjuntos de \u00edcones_Cuidados de sa\u00fade\" itemprop=\"image\" title=\"2025_MdInfoNet_Conjuntos de \u00edcones_Cuidados de sa\u00fade\" onerror=\"this.style.display='none'\" loading=\"lazy\" \/>\n\t\t\t\t<\/a>\n\t\t<h4><a href=\"\/pt\/recursos\/criancas-familias\/cuidados-de-parentesco\/\" target=\"_self\">Parentesco<\/a><\/h4>\n\t\t\t\t<a href=\"\/pt\/recursos\/criancas-familias\/cuidados-de-parentesco\/\"  target=\"_self\" itemprop=\"url\">\n\t\t\t\t<img decoding=\"async\" src=\"https:\/\/211md.org\/wp-content\/uploads\/bb-plugin\/cache\/2025_211_Icon-Sets_Kinship-square-21d4c353354c53c083c80118abb066f2-.png\" alt=\"\u00cdcone de parentesco\" itemprop=\"image\" title=\"2025_211_Conjuntos de \u00edcones_Parentesco\" onerror=\"this.style.display='none'\" loading=\"lazy\" \/>\n\t\t\t\t<\/a>\n\t\t<h4><a href=\"\/pt\/recursos\/servicos-legais\/\" target=\"_self\">Servi\u00e7os legais<\/a><\/h4>\n\t\t\t\t<a href=\"\/pt\/recursos\/servicos-legais\/\"  target=\"_self\" itemprop=\"url\">\n\t\t\t\t<img decoding=\"async\" src=\"https:\/\/211md.org\/wp-content\/uploads\/bb-plugin\/cache\/2025_MdInfoNet_Icon-Sets_Legal-square-18fdf438feb8435588174d9046463257-.png\" alt=\"2025_MdInfoNet_Conjuntos de \u00edcones_Legal\" itemprop=\"image\" title=\"2025_MdInfoNet_Conjuntos de \u00edcones_Legal\" onerror=\"this.style.display='none'\" loading=\"lazy\" \/>\n\t\t\t\t<\/a>\n\t\t<h4><a href=\"\/pt\/recursos\/saude-mental\/\" target=\"_self\">Sa\u00fade mental<\/a><\/h4>\n\t\t\t\t<a href=\"\/pt\/recursos\/saude-mental\/\"  target=\"_self\" itemprop=\"url\">\n\t\t\t\t<img decoding=\"async\" src=\"https:\/\/211md.org\/wp-content\/uploads\/bb-plugin\/cache\/2025_MdInfoNet_Icon-Sets_Mental-Health-square-c59b38c4a993a947d4c9280fbe2d2fee-.png\" alt=\"2025_MdInfoNet_Conjuntos de \u00edcones_Sa\u00fade mental\" itemprop=\"image\" title=\"2025_MdInfoNet_Conjuntos de \u00edcones_Sa\u00fade mental\" onerror=\"this.style.display='none'\" loading=\"lazy\" \/>\n\t\t\t\t<\/a>\n\t\t<h4><a href=\"\/pt\/recursos\/mdreentry\/\" target=\"_self\">Reentrada<\/a><\/h4>\n\t\t\t\t<a href=\"\/pt\/recursos\/mdreentry\/\"  target=\"_self\" itemprop=\"url\">\n\t\t\t\t<img decoding=\"async\" src=\"https:\/\/211md.org\/wp-content\/uploads\/bb-plugin\/cache\/2025_211_Icon-Sets_Reentry-square-f36b65d903a62fd4c3819ff05988ca60-.png\" alt=\"\u00cdcone de reentrada\" itemprop=\"image\" title=\"2025_211_Conjuntos de \u00edcones_Reentrada\" onerror=\"this.style.display='none'\" loading=\"lazy\" \/>\n\t\t\t\t<\/a>\n\t\t<h4><a href=\"\/pt\/recursos\/uso-de-substancias\/\" target=\"_self\">Uso de subst\u00e2ncias<\/a><\/h4>\n\t\t\t\t<a href=\"\/pt\/recursos\/uso-de-substancias\/\"  target=\"_self\" itemprop=\"url\">\n\t\t\t\t<img decoding=\"async\" src=\"https:\/\/211md.org\/wp-content\/uploads\/bb-plugin\/cache\/2025_MdInfoNet_Icon-Sets_Substance-Abuse-square-9022fec9d18a64118ad685c101885b55-.png\" alt=\"2025_MdInfoNet_Conjuntos de \u00edcones_Abuso de subst\u00e2ncias\" itemprop=\"image\" title=\"2025_MdInfoNet_Conjuntos de \u00edcones_Abuso de subst\u00e2ncias\" onerror=\"this.style.display='none'\" loading=\"lazy\" \/>\n\t\t\t\t<\/a>\n\t\t<h4><a href=\"\/pt\/recursos\/veteranos\/\" target=\"_self\">veteranos<\/a><\/h4>\n\t\t\t\t<a href=\"\/pt\/recursos\/veteranos\/\"  target=\"_self\" itemprop=\"url\">\n\t\t\t\t<img decoding=\"async\" src=\"https:\/\/211md.org\/wp-content\/uploads\/bb-plugin\/cache\/2025_MdInfoNet_Icon-Sets_Rating-square-6e60d00cce4faa8e0a6d4ad7366aa733-.png\" alt=\"2025_MdInfoNet_Conjuntos de \u00edcones_Classifica\u00e7\u00e3o\" itemprop=\"image\" title=\"2025_MdInfoNet_Conjuntos de \u00edcones_Classifica\u00e7\u00e3o\" onerror=\"this.style.display='none'\" loading=\"lazy\" \/>\n\t\t\t\t<\/a>","protected":false},"excerpt":{"rendered":"<p>T\u00edtulo da p\u00e1gina padr\u00e3o Quando a sa\u00fade mental de um adolescente \u00e9 forte, ele consegue lidar com os altos e baixos emocionais que acompanham a explora\u00e7\u00e3o do seu mundo. H\u00e1 ajuda dispon\u00edvel para problemas de sa\u00fade mental. Aprenda a apoiar os adolescentes em sua vida. Comece a encontrar ajuda para a sa\u00fade mental de adolescentes. O apoio certo na hora certa pode...<\/p>","protected":false},"author":7,"featured_media":4018,"parent":836,"menu_order":0,"comment_status":"closed","ping_status":"closed","template":"","meta":{"footnotes":""},"class_list":["post-3758","page","type-page","status-publish","has-post-thumbnail","hentry"],"_links":{"self":[{"href":"https:\/\/211md.org\/pt\/wp-json\/wp\/v2\/pages\/3758","targetHints":{"allow":["GET"]}}],"collection":[{"href":"https:\/\/211md.org\/pt\/wp-json\/wp\/v2\/pages"}],"about":[{"href":"https:\/\/211md.org\/pt\/wp-json\/wp\/v2\/types\/page"}],"author":[{"embeddable":true,"href":"https:\/\/211md.org\/pt\/wp-json\/wp\/v2\/users\/7"}],"replies":[{"embeddable":true,"href":"https:\/\/211md.org\/pt\/wp-json\/wp\/v2\/comments?post=3758"}],"version-history":[{"count":4,"href":"https:\/\/211md.org\/pt\/wp-json\/wp\/v2\/pages\/3758\/revisions"}],"predecessor-version":[{"id":33832,"href":"https:\/\/211md.org\/pt\/wp-json\/wp\/v2\/pages\/3758\/revisions\/33832"}],"up":[{"embeddable":true,"href":"https:\/\/211md.org\/pt\/wp-json\/wp\/v2\/pages\/836"}],"wp:featuredmedia":[{"embeddable":true,"href":"https:\/\/211md.org\/pt\/wp-json\/wp\/v2\/media\/4018"}],"wp:attachment":[{"href":"https:\/\/211md.org\/pt\/wp-json\/wp\/v2\/media?parent=3758"}],"curies":[{"name":"wp","href":"https:\/\/api.w.org\/{rel}","templated":true}]}}