{"id":3838,"date":"2023-09-06T19:59:51","date_gmt":"2023-09-06T23:59:51","guid":{"rendered":"https:\/\/211md.org\/?page_id=3838"},"modified":"2023-10-31T16:26:11","modified_gmt":"2023-10-31T20:26:11","slug":"formulario-de-feedback-do-aplicativo-de-pesquisa","status":"publish","type":"page","link":"https:\/\/211md.org\/pt\/search-app-feedback-form\/","title":{"rendered":"Formul\u00e1rio de feedback do aplicativo de pesquisa"},"content":{"rendered":"<p>Este formul\u00e1rio \u00e9 para fornecer feedback aos desenvolvedores do aplicativo de pesquisa do 211 Maryland para que possamos continuar melhorando a experi\u00eancia de pesquisa.<\/p>\n<p><strong>*Se voc\u00ea estiver procurando ajuda ou recursos,&nbsp;<a href=\"\/pt\/contate-nos\/\">Preencha este formul\u00e1rio<\/a> em vez de.<\/strong><\/p>","protected":false},"excerpt":{"rendered":"<p>Este formul\u00e1rio \u00e9 para fornecer feedback aos desenvolvedores do aplicativo de pesquisa do 211 Maryland para que possamos continuar melhorando a experi\u00eancia de pesquisa. *Se voc\u00ea estiver procurando ajuda ou recursos, preencha este formul\u00e1rio.<\/p>","protected":false},"author":13,"featured_media":0,"parent":0,"menu_order":0,"comment_status":"closed","ping_status":"closed","template":"","meta":{"footnotes":""},"class_list":["post-3838","page","type-page","status-publish","hentry"],"_links":{"self":[{"href":"https:\/\/211md.org\/pt\/wp-json\/wp\/v2\/pages\/3838","targetHints":{"allow":["GET"]}}],"collection":[{"href":"https:\/\/211md.org\/pt\/wp-json\/wp\/v2\/pages"}],"about":[{"href":"https:\/\/211md.org\/pt\/wp-json\/wp\/v2\/types\/page"}],"author":[{"embeddable":true,"href":"https:\/\/211md.org\/pt\/wp-json\/wp\/v2\/users\/13"}],"replies":[{"embeddable":true,"href":"https:\/\/211md.org\/pt\/wp-json\/wp\/v2\/comments?post=3838"}],"version-history":[{"count":0,"href":"https:\/\/211md.org\/pt\/wp-json\/wp\/v2\/pages\/3838\/revisions"}],"wp:attachment":[{"href":"https:\/\/211md.org\/pt\/wp-json\/wp\/v2\/media?parent=3838"}],"curies":[{"name":"wp","href":"https:\/\/api.w.org\/{rel}","templated":true}]}}