{"id":4075,"date":"2024-06-17T08:03:13","date_gmt":"2024-06-17T12:03:13","guid":{"rendered":"https:\/\/211md.org\/?page_id=4075"},"modified":"2026-01-21T13:08:57","modified_gmt":"2026-01-21T18:08:57","slug":"mdreentry","status":"publish","type":"page","link":"https:\/\/211md.org\/pt\/resources\/mdreentry\/","title":{"rendered":"Reentrada em Maryland"},"content":{"rendered":"<h2>Conecte-se aos recursos de reentrada<\/h2>\n<p>Bem-vindo \u00e0 nova p\u00e1gina de recursos completos de Maryland para ajudar os encarcerados e ex-encarcerados e suas fam\u00edlias. Encontre as informa\u00e7\u00f5es e os recursos que voc\u00ea precisa e merece.<\/p>\n<p>&nbsp;<\/p>\n\t\t<h3>\t\n\tReentrada de texto para 898-211<\/h3><p>Inscreva-se para receber mensagens de texto com informa\u00e7\u00f5es de reentrada, servi\u00e7os, programas e eventos.<\/p>\n<p><em>Os usu\u00e1rios m\u00f3veis tamb\u00e9m podem clicar no bot\u00e3o abaixo para se inscrever por mensagem de texto.*<\/em><\/p>\n\t\t\t<a href=\"sms:\/\/898-211;?&#038;body=Reentry\"  target=\"_self\">\n\t\t\t\t\t\t\tInscrever-se\n\t\t\t\t\t<\/a>\n\t<p><em>*A Maryland Information Network 211 Maryland Inc. oferece programas de alerta por mensagem de texto que fornecem informa\u00e7\u00f5es sobre recursos espec\u00edficos da regi\u00e3o ou alertas de desastres. Tarifas de mensagens e dados podem ser aplicadas e a frequ\u00eancia das mensagens pode variar. Para obter ajuda, envie HELP. Para cancelar, envie STOP para o mesmo n\u00famero. Termos completos de SMS em <a href=\"https:\/\/211md.org\/pt\/sms\/\">https:\/\/211md.org\/sms\/<\/a> tamb\u00e9m se aplicar\u00e1.\u00a0<\/em><\/p>\n<figure itemscope itemtype=\"https:\/\/schema.org\/ImageObject\">\n\t\t\t\t<img decoding=\"async\" src=\"http:\/\/211md.org\/wp-content\/uploads\/2024\/06\/Department-of-Public-Safety-and-Corrections.png\" alt=\"Departamento de Seguran\u00e7a P\u00fablica e Corre\u00e7\u00f5es\" title=\"Departamento de Seguran\u00e7a P\u00fablica e Corre\u00e7\u00f5es\" onerror=\"this.style.display='none'\" loading=\"lazy\" \/>\n\t<\/figure>\n<figure itemscope itemtype=\"https:\/\/schema.org\/ImageObject\">\n\t\t\t\t<img decoding=\"async\" src=\"http:\/\/211md.org\/wp-content\/uploads\/2025\/05\/211-MIN_Logo-rgb.svg\" alt=\"211 Cor do logotipo MIN\" height=\"310\" width=\"1366\" title=\"211-MIN_Logo-rgb\" onerror=\"this.style.display='none'\" loading=\"lazy\" \/>\n\t<\/figure>\n\t<h2>Busca por recursos de reentrada<\/h2>\n<h3><em>Primeiro banco de dados estadual de reentrada de recursos em Maryland<\/em><\/h3>\n\tEncontre recursos de reentrada por c\u00f3digo postal.<br \/>\nEsses recursos s\u00e3o selecionados por organiza\u00e7\u00f5es confi\u00e1veis que visam aumentar a seguran\u00e7a e o bem-estar p\u00fablico, reduzindo a reincid\u00eancia.\n\t\t\t<a href=\"https:\/\/search.211md.org\/search?filters%5Bspecial_populations%5D%5B0%5D=Justice%20Involvement\"  target=\"_blank\" rel=\"noopener\">\n\t\t\t\t\t\t\tProcurar\n\t\t\t\t\t<\/a>\n\t\t<h2>\t\n\tDisque 211<\/h2><p>Conecte-se ao emprego e aos recursos da comunidade 24 horas por dia, 7 dias por semana, 365 dias por ano.<\/p>\n\t<h2>Emprego para Envolvidos na Justi\u00e7a<\/h2>\n<p>Organiza\u00e7\u00f5es de Maryland est\u00e3o prontas para ajudar pessoas envolvidas com a justi\u00e7a a encontrar um emprego para que possam alcan\u00e7ar independ\u00eancia e sucesso para si e suas fam\u00edlias. Algumas empresas est\u00e3o comprometidas em dar uma segunda chance a ex-presidi\u00e1rios, contratando-os.<\/p>\n<p>Conhe\u00e7a os programas dispon\u00edveis para ajudar ex-presidi\u00e1rios.<\/p>\n<h3>Navegador de reentrada<\/h3>\n<p>Como parte de um programa de liberta\u00e7\u00e3o da pris\u00e3o, voc\u00ea pode ter conhecido um Navegador de Reentrada. Voc\u00ea pode acessar um Navegador de Reentrada antes, durante ou depois de sua libera\u00e7\u00e3o.<\/p>\n<p>Eles podem ajudar com informa\u00e7\u00f5es e recursos para:<\/p>\n<ul>\n<li>oportunidades de emprego<\/li>\n<li>habilidades de trabalho<\/li>\n<li>aconselhamento de carreira<\/li>\n<li>oficinas de expurgo<\/li>\n<li>suporte da comunidade<\/li>\n<\/ul>\n<p>Eles tamb\u00e9m podem conect\u00e1-lo a um American Job Center e seus servi\u00e7os de suporte.<\/p>\n<p>Esses navegadores est\u00e3o dispon\u00edveis em todo Maryland. Encontre um <a href=\"https:\/\/www.dllr.state.md.us\/employment\/reentry.shtml\" target=\"_blank\" rel=\"noopener\">Navegador de reentrada<\/a> perto de voc\u00ea.<\/p>\n<figure itemscope itemtype=\"https:\/\/schema.org\/ImageObject\">\n\t\t\t\t<img decoding=\"async\" src=\"https:\/\/211md.org\/wp-content\/plugins\/bb-plugin\/img\/pixel.png\" alt=\"\" onerror=\"this.style.display='none'\" loading=\"lazy\" \/>\n\t<\/figure>\n<figure itemscope itemtype=\"https:\/\/schema.org\/ImageObject\">\n\t\t\t\t<img decoding=\"async\" src=\"http:\/\/211md.org\/wp-content\/uploads\/2024\/06\/Job-training-in-a-warehouse.jpg\" alt=\"Treinamento profissional em um armaz\u00e9m\" title=\"Treinamento profissional em um armaz\u00e9m\" onerror=\"this.style.display='none'\" loading=\"lazy\" \/>\n\t<\/figure>\n\t<h3>Centros de Emprego Americanos de Maryland<\/h3>\n<p>A ajuda tamb\u00e9m est\u00e1 dispon\u00edvel em todos os American Job Centers de Maryland. Eles podem fornecer assist\u00eancia gratuita com servi\u00e7os relacionados ao emprego, como:<\/p>\n<ul>\n<li>explora\u00e7\u00e3o de carreira<\/li>\n<li>encaminhamentos para programas de treinamento<\/li>\n<li>servi\u00e7os de coloca\u00e7\u00e3o<\/li>\n<li>retomar a prepara\u00e7\u00e3o<\/li>\n<li>oficinas de habilidades profissionais<\/li>\n<li>prontid\u00e3o para o trabalho<\/li>\n<\/ul>\n<p><a href=\"https:\/\/www.dllr.state.md.us\/county\/\" target=\"_blank\" rel=\"noopener\">Encontre um perto de voc\u00ea<\/a>!<\/p>\n\t<h2>Encontrar um emprego com antecedentes criminais<\/h2>\n<p>Al\u00e9m dos Centros de Emprego Americanos, o <a href=\"https:\/\/mwejobs.maryland.gov\/vosnet\/default.aspx\" target=\"_blank\" rel=\"noopener\">Interc\u00e2mbio de For\u00e7a de Trabalho de Maryland<\/a> (MWE) pode ajudar com as necessidades relacionadas ao trabalho de um ex-presidi\u00e1rio que reingressa no mercado de trabalho.<\/p>\n<p>MWE \u00e9 um recurso central para listas de empregos em Maryland, mas tamb\u00e9m pode ajudar com estes servi\u00e7os de emprego:<\/p>\n<ul>\n<li><a href=\"https:\/\/mwejobs.maryland.gov\/vosnet\/JobBanks\/JobSearchCriteriaQuick.aspx\" target=\"_blank\" rel=\"noopener\">Procure por empregos<\/a><\/li>\n<li><a href=\"https:\/\/mwejobs.maryland.gov\/vosnet\/loginintro.aspx?action=resumes&amp;plang=E\" target=\"_blank\" rel=\"noopener\">criar um curr\u00edculo<\/a><\/li>\n<li><a href=\"https:\/\/mwejobs.maryland.gov\/vosnet\/MenuLandingPage.aspx?enc=+7ijYqb\/pbmrM\/FoEheZYzKCHV+pK2S8fEZwdY+SZUI=\" target=\"_blank\" rel=\"noopener\">usar servi\u00e7os de carreira<\/a><\/li>\n<li><a href=\"https:\/\/mwejobs.maryland.gov\/vosnet\/default.aspx\" target=\"_blank\" rel=\"noopener\">encontre cursos e treinamentos educacionais<\/a><\/li>\n<\/ul>\n<p>Use as ferramentas MWE se voc\u00ea estiver qualificado e \u201cpronto para o emprego\u201d. MWE conecta funcion\u00e1rios e empregadores que desejam contratar ex-infratores que est\u00e3o em busca de emprego.<\/p>\n<p>Saiba mais sobre outros programas de prepara\u00e7\u00e3o para o trabalho em <a href=\"https:\/\/211md.org\/pt\/recursos\/procura-de-emprego\/\">P\u00e1gina geral de empregos do 211<\/a>.<\/p>\n<h3>Empresas comprometidas com segundas chances<\/h3>\n<p>Indiv\u00edduos anteriormente encarcerados tamb\u00e9m podem procurar oportunidades em empresas que desejam oferecer uma segunda chance aos indiv\u00edduos envolvidos na justi\u00e7a. <a href=\"https:\/\/secondchancebusinesscoalition.org\/about\" target=\"_blank\" rel=\"noopener\">Esta \u00e9 uma lista de membros da Second Chance Business Coalition<\/a>. Grandes empresas do setor privado oferecem contrata\u00e7\u00f5es de segunda oportunidade. Os ex-infratores podem verificar se alguma das empresas tem alguma oportunidade de emprego.<\/p>\n<p>Em Maryland, <a href=\"https:\/\/secondchancebusinesscoalition.org\/find-partners?production_partnerOrganization%5Bmenu%5D%5Blocation.state%5D=Maryland\" target=\"_blank\" rel=\"noopener\">esta \u00e9 uma lista<\/a> dos parceiros da Second Chance Business Coalition.<\/p>\n<p>Return Home Baltimore\u00ae tamb\u00e9m oferece um <a href=\"https:\/\/returnhome.org\/services\/job-opportunities\" target=\"_blank\" rel=\"noopener\">lista de oportunidades de emprego<\/a> pelo retorno dos residentes de Baltimore.<\/p>\n<h3>Para empregadores<\/h3>\n<p>Existem tamb\u00e9m programas para ajudar empregadores interessados em contratar ex-presidi\u00e1rios, como o\u00a0<a href=\"https:\/\/www.dllr.state.md.us\/employment\/wotc.shtml\" target=\"_blank\" rel=\"noopener\">Cr\u00e9dito fiscal para oportunidades de trabalho<\/a> e a\u00a0<a href=\"https:\/\/www.unicor.gov\/Inmate_Bonding.aspx\" target=\"_blank\" rel=\"noopener\">programa de t\u00edtulos de fidelidade federal<\/a> pela contrata\u00e7\u00e3o de ex-presidi\u00e1rios federais.<\/p>\n<h2>Ajuda para expurgo<\/h2>\n<p>Advogados podem ajudar indiv\u00edduos anteriormente encarcerados com um expurgo. Este \u00e9 um processo legal em que voc\u00ea solicita que registros anteriores sejam lacrados ou destru\u00eddos.<\/p>\n<p>O Maryland Legal Aid organiza cl\u00ednicas semanais e mensais em todo o estado para ajudar indiv\u00edduos qualificados com v\u00e1rios problemas legais, incluindo expurgo. As cl\u00ednicas s\u00e3o gratuitas e contam com a equipe do Maryland Legal Aid, advogados pro bono, paralegais, equipe administrativa e estudantes de direito.\u00a0 <a href=\"https:\/\/www.mdlab.org\/free-legal-clinics\/\" target=\"_blank\" rel=\"noopener\">Verifique se h\u00e1 uma cl\u00ednica pr\u00f3xima em sua \u00e1rea<\/a>. Algumas dessas cl\u00ednicas s\u00e3o focadas somente na elimina\u00e7\u00e3o de casos, e outras vezes, trata-se de uma variedade de quest\u00f5es legais, das quais a elimina\u00e7\u00e3o pode ser uma delas.<\/p>\n\t<h2>Suporte da comunidade<\/h2>\n\t<p>Departamento de Seguran\u00e7a P\u00fablica e Servi\u00e7os Correcionais (DPSCS) \u2013 <a href=\"https:\/\/www.dpscs.state.md.us\/index.shtml\" target=\"_blank\" rel=\"noopener\">Todos os programas<\/a><\/p>\n<p>DPSCS \u2013 <a href=\"https:\/\/www.dpscs.state.md.us\/agencies\/ci.shtml\" target=\"_blank\" rel=\"noopener\">Programas de Investimento Comunit\u00e1rio<\/a> (como Reentrada)<\/p>\n<p><a href=\"https:\/\/search.211md.org\/search?query=DPSCS&amp;query_label=Reentry%20Services&amp;query_type=taxonomy\" target=\"_blank\" rel=\"noopener\">211 Recursos de Reentrada<\/a><\/p>\n<p><a href=\"https:\/\/returnhome.org\/\" target=\"_blank\" rel=\"noopener\">Voltar para casa em Baltimore<\/a><\/p>\n<p><a href=\"https:\/\/www.princegeorgescountymd.gov\/community\/health--human-services\/health-services\/programs--services\/behavioral-health\/the-bridge-center-at-adams-house\" target=\"_blank\" rel=\"noopener\">Centro da Ponte na Casa de Adam<\/a> (Condado do Pr\u00edncipe George)<\/p>\n<p>&nbsp;<\/p>\n\t\t<h4><a href=\"\/pt\/recursos\/envelhecimento-incapacidade\/?utm_source=Home&#038;utm_medium=Referral&#038;utm_campaign=211Resources&#038;utm_content=Aging\" target=\"_self\">Envelhecimento e Defici\u00eancia<\/a><\/h4><figure itemscope itemtype=\"https:\/\/schema.org\/ImageObject\">\n\t\t\t\t<a href=\"\/pt\/recursos\/envelhecimento-incapacidade\/?utm_source=Home&#038;utm_medium=Referral&#038;utm_campaign=211Resources&#038;utm_content=Aging\"  target=\"_self\" itemprop=\"url\">\n\t\t\t\t<img decoding=\"async\" src=\"https:\/\/211md.org\/wp-content\/uploads\/bb-plugin\/cache\/2025_MdInfoNet_Icon-Sets_Aging-disability-square-c466727102cae71e5f27b8539bb51945-.png\" alt=\"\" onerror=\"this.style.display='none'\" loading=\"lazy\" \/>\n\t\t\t\t<\/a>\n\t<\/figure>\n\t\t<h4><a href=\"\/pt\/recursos\/criancas-familias\/?utm_source=Home&#038;utm_medium=Referral&#038;utm_campaign=211Resources&#038;utm_content=Children\" target=\"_self\">Crian\u00e7as e Fam\u00edlias<\/a><\/h4><figure itemscope itemtype=\"https:\/\/schema.org\/ImageObject\">\n\t\t\t\t<a href=\"\/pt\/recursos\/criancas-familias\/?utm_source=Home&#038;utm_medium=Referral&#038;utm_campaign=211Resources&#038;utm_content=Children\"  target=\"_self\" itemprop=\"url\">\n\t\t\t\t<img decoding=\"async\" src=\"https:\/\/211md.org\/wp-content\/uploads\/bb-plugin\/cache\/2025_211_Icon-Sets_Child-care-square-f3b0d4edab3dcc467fadb5f55f4064c6-.png\" alt=\"parent and child icon for child care\" height=\"417\" width=\"417\" title=\"2025_211_Conjuntos de \u00edcones_Cuidados infantis\" onerror=\"this.style.display='none'\" loading=\"lazy\" \/>\n\t\t\t\t<\/a>\n\t<\/figure>\n\t\t<h4><a href=\"\/pt\/recursos\/violencia-domestica-familiar\/?utm_source=Home&#038;utm_medium=Referral&#038;utm_campaign=211Resources&#038;utm_content=Domestic\" target=\"_self\">Viol\u00eancia dom\u00e9stica<\/a><\/h4><figure itemscope itemtype=\"https:\/\/schema.org\/ImageObject\">\n\t\t\t\t<a href=\"\/pt\/recursos\/violencia-domestica-familiar\/?utm_source=Home&#038;utm_medium=Referral&#038;utm_campaign=211Resources&#038;utm_content=Domestic\"  target=\"_self\" itemprop=\"url\">\n\t\t\t\t<img decoding=\"async\" src=\"https:\/\/211md.org\/wp-content\/uploads\/bb-plugin\/cache\/2025_211_Icon-Sets_Domestic-Violence-square-7b597694a6f05fe90cdc376aa573bc63-.png\" alt=\"House with a heart in the middle icon\" height=\"417\" width=\"417\" title=\"2025_211_Conjuntos de \u00edcones_Viol\u00eancia dom\u00e9stica\" onerror=\"this.style.display='none'\" loading=\"lazy\" \/>\n\t\t\t\t<\/a>\n\t<\/figure>\n\t\t<h4><a href=\"\/pt\/recursos\/procura-de-emprego\/?utm_source=Home&#038;utm_medium=Referral&#038;utm_campaign=211Resources&#038;utm_content=Employment\" target=\"_self\">Emprego<\/a><\/h4><figure itemscope itemtype=\"https:\/\/schema.org\/ImageObject\">\n\t\t\t\t<a href=\"\/pt\/recursos\/procura-de-emprego\/?utm_source=Home&#038;utm_medium=Referral&#038;utm_campaign=211Resources&#038;utm_content=Employment\"  target=\"_self\" itemprop=\"url\">\n\t\t\t\t<img decoding=\"async\" src=\"https:\/\/211md.org\/wp-content\/uploads\/bb-plugin\/cache\/2025_MdInfoNet_Icon-Sets_Employment-square-44707bd410e4df10a470bf130ebcea86-.png\" alt=\"\" onerror=\"this.style.display='none'\" loading=\"lazy\" \/>\n\t\t\t\t<\/a>\n\t<\/figure>\n\t\t<h4><a href=\"\/pt\/recursos\/cuidados-de-saude\/?utm_source=Home&#038;utm_medium=Referral&#038;utm_campaign=211Resources&#038;utm_content=Health%20Care\" target=\"_self\">Cuidados de sa\u00fade<\/a><\/h4><figure itemscope itemtype=\"https:\/\/schema.org\/ImageObject\">\n\t\t\t\t<a href=\"\/pt\/recursos\/cuidados-de-saude\/?utm_source=Home&#038;utm_medium=Referral&#038;utm_campaign=211Resources&#038;utm_content=Health%20Care\"  target=\"_self\" itemprop=\"url\">\n\t\t\t\t<img decoding=\"async\" src=\"https:\/\/211md.org\/wp-content\/uploads\/bb-plugin\/cache\/2025_MdInfoNet_Icon-Sets_Health-Care-square-dee98a0060cbe0e7f27eda253fc12679-.png\" alt=\"\" onerror=\"this.style.display='none'\" loading=\"lazy\" \/>\n\t\t\t\t<\/a>\n\t<\/figure>\n\t\t<h4><a href=\"\/pt\/recursos\/criancas-familias\/cuidados-de-parentesco\/?utm_source=Home&#038;utm_medium=Referral&#038;utm_campaign=211Resources&#038;utm_content=Kinship\" target=\"_self\">Parentesco<\/a><\/h4><figure itemscope itemtype=\"https:\/\/schema.org\/ImageObject\">\n\t\t\t\t<a href=\"\/pt\/recursos\/criancas-familias\/cuidados-de-parentesco\/?utm_source=Home&#038;utm_medium=Referral&#038;utm_campaign=211Resources&#038;utm_content=Kinship\"  target=\"_self\" itemprop=\"url\">\n\t\t\t\t<img decoding=\"async\" src=\"https:\/\/211md.org\/wp-content\/uploads\/bb-plugin\/cache\/2025_211_Icon-Sets_Kinship-square-45bdf872866f5735f842c32071109267-.png\" alt=\"\u00cdcone de parentesco\" height=\"417\" width=\"417\" title=\"2025_211_Conjuntos de \u00edcones_Parentesco\" onerror=\"this.style.display='none'\" loading=\"lazy\" \/>\n\t\t\t\t<\/a>\n\t<\/figure>\n\t\t<h4><a href=\"\/pt\/recursos\/servicos-legais\/?utm_source=Home&#038;utm_medium=Referral&#038;utm_campaign=211Resources&#038;utm_content=Legal\" target=\"_self\">Servi\u00e7os legais<\/a><\/h4><figure itemscope itemtype=\"https:\/\/schema.org\/ImageObject\">\n\t\t\t\t<a href=\"\/pt\/recursos\/servicos-legais\/?utm_source=Home&#038;utm_medium=Referral&#038;utm_campaign=211Resources&#038;utm_content=Legal\"  target=\"_self\" itemprop=\"url\">\n\t\t\t\t<img decoding=\"async\" src=\"https:\/\/211md.org\/wp-content\/uploads\/bb-plugin\/cache\/2025_MdInfoNet_Icon-Sets_Legal-square-18fdf438feb8435588174d9046463257-.png\" alt=\"\" onerror=\"this.style.display='none'\" loading=\"lazy\" \/>\n\t\t\t\t<\/a>\n\t<\/figure>\n\t\t<h4><a href=\"\/pt\/recursos\/saude-mental\/?utm_source=Home&#038;utm_medium=Referral&#038;utm_campaign=211Resources&#038;utm_content=Mental\" target=\"_self\">Sa\u00fade mental<\/a><\/h4><figure itemscope itemtype=\"https:\/\/schema.org\/ImageObject\">\n\t\t\t\t<a href=\"\/pt\/recursos\/saude-mental\/?utm_source=Home&#038;utm_medium=Referral&#038;utm_campaign=211Resources&#038;utm_content=Mental\"  target=\"_self\" itemprop=\"url\">\n\t\t\t\t<img decoding=\"async\" src=\"https:\/\/211md.org\/wp-content\/uploads\/bb-plugin\/cache\/2025_MdInfoNet_Icon-Sets_Mental-Health-square-c59b38c4a993a947d4c9280fbe2d2fee-.png\" alt=\"\" onerror=\"this.style.display='none'\" loading=\"lazy\" \/>\n\t\t\t\t<\/a>\n\t<\/figure>\n\t\t<h4><a href=\"\/pt\/recursos\/mdreentry\/?utm_source=Home&#038;utm_medium=Referral&#038;utm_campaign=211Resources&#038;utm_content=Reentry\" target=\"_self\">Reentrada<\/a><\/h4><figure itemscope itemtype=\"https:\/\/schema.org\/ImageObject\">\n\t\t\t\t<a href=\"\/pt\/recursos\/mdreentry\/?utm_source=Home&#038;utm_medium=Referral&#038;utm_campaign=211Resources&#038;utm_content=Reentry\"  target=\"_self\" itemprop=\"url\">\n\t\t\t\t<img decoding=\"async\" src=\"https:\/\/211md.org\/wp-content\/uploads\/bb-plugin\/cache\/2025_211_Icon-Sets_Reentry-square-8676fea38abd920a832f45642fe31cca-.png\" alt=\"\u00cdcone de reentrada\" height=\"417\" width=\"417\" title=\"2025_211_Conjuntos de \u00edcones_Reentrada\" onerror=\"this.style.display='none'\" loading=\"lazy\" \/>\n\t\t\t\t<\/a>\n\t<\/figure>\n\t\t<h4><a href=\"\/pt\/recursos\/uso-de-substancias\/?utm_source=Home&#038;utm_medium=Referral&#038;utm_campaign=211Resources&#038;utm_content=Substance\" target=\"_self\">Uso de subst\u00e2ncias<\/a><\/h4><figure itemscope itemtype=\"https:\/\/schema.org\/ImageObject\">\n\t\t\t\t<a href=\"\/pt\/recursos\/uso-de-substancias\/?utm_source=Home&#038;utm_medium=Referral&#038;utm_campaign=211Resources&#038;utm_content=Substance\"  target=\"_self\" itemprop=\"url\">\n\t\t\t\t<img decoding=\"async\" src=\"https:\/\/211md.org\/wp-content\/uploads\/bb-plugin\/cache\/2025_MdInfoNet_Icon-Sets_Substance-Abuse-square-9022fec9d18a64118ad685c101885b55-.png\" alt=\"\" onerror=\"this.style.display='none'\" loading=\"lazy\" \/>\n\t\t\t\t<\/a>\n\t<\/figure>\n\t\t<h4><a href=\"\/pt\/recursos\/veteranos\/?utm_source=Home&#038;utm_medium=Referral&#038;utm_campaign=211Resources&#038;utm_content=Veterans\" target=\"_self\">veteranos<\/a><\/h4><figure itemscope itemtype=\"https:\/\/schema.org\/ImageObject\">\n\t\t\t\t<a href=\"\/pt\/recursos\/veteranos\/?utm_source=Home&#038;utm_medium=Referral&#038;utm_campaign=211Resources&#038;utm_content=Veterans\"  target=\"_self\" itemprop=\"url\">\n\t\t\t\t<img decoding=\"async\" src=\"https:\/\/211md.org\/wp-content\/uploads\/bb-plugin\/cache\/2025_MdInfoNet_Icon-Sets_Rating-square-6e60d00cce4faa8e0a6d4ad7366aa733-.png\" alt=\"\" onerror=\"this.style.display='none'\" loading=\"lazy\" \/>\n\t\t\t\t<\/a>\n\t<\/figure>","protected":false},"excerpt":{"rendered":"<p>Conecte-se aos recursos de reentrada Bem-vindo \u00e0 nova p\u00e1gina de recursos completos de Maryland para ajudar os encarcerados e ex-encarcerados e suas fam\u00edlias. Encontre as informa\u00e7\u00f5es e os recursos que voc\u00ea precisa e merece.  Reentrada de texto para 898-211 Inscreva-se para receber mensagens de texto com informa\u00e7\u00f5es de reentrada, servi\u00e7os, programas e eventos. Os usu\u00e1rios m\u00f3veis tamb\u00e9m podem clicar no bot\u00e3o\u2026<\/p>","protected":false},"author":7,"featured_media":4087,"parent":930,"menu_order":0,"comment_status":"closed","ping_status":"closed","template":"","meta":{"footnotes":""},"class_list":["post-4075","page","type-page","status-publish","has-post-thumbnail","hentry"],"_links":{"self":[{"href":"https:\/\/211md.org\/pt\/wp-json\/wp\/v2\/pages\/4075","targetHints":{"allow":["GET"]}}],"collection":[{"href":"https:\/\/211md.org\/pt\/wp-json\/wp\/v2\/pages"}],"about":[{"href":"https:\/\/211md.org\/pt\/wp-json\/wp\/v2\/types\/page"}],"author":[{"embeddable":true,"href":"https:\/\/211md.org\/pt\/wp-json\/wp\/v2\/users\/7"}],"replies":[{"embeddable":true,"href":"https:\/\/211md.org\/pt\/wp-json\/wp\/v2\/comments?post=4075"}],"version-history":[{"count":9,"href":"https:\/\/211md.org\/pt\/wp-json\/wp\/v2\/pages\/4075\/revisions"}],"predecessor-version":[{"id":33660,"href":"https:\/\/211md.org\/pt\/wp-json\/wp\/v2\/pages\/4075\/revisions\/33660"}],"up":[{"embeddable":true,"href":"https:\/\/211md.org\/pt\/wp-json\/wp\/v2\/pages\/930"}],"wp:featuredmedia":[{"embeddable":true,"href":"https:\/\/211md.org\/pt\/wp-json\/wp\/v2\/media\/4087"}],"wp:attachment":[{"href":"https:\/\/211md.org\/pt\/wp-json\/wp\/v2\/media?parent=4075"}],"curies":[{"name":"wp","href":"https:\/\/api.w.org\/{rel}","templated":true}]}}