{"id":486,"date":"2021-03-29T16:04:06","date_gmt":"2021-03-29T16:04:06","guid":{"rendered":"https:\/\/211md.org\/?page_id=486"},"modified":"2026-01-08T08:51:22","modified_gmt":"2026-01-08T13:51:22","slug":"parceiro","status":"publish","type":"page","link":"https:\/\/211md.org\/pt\/partner\/","title":{"rendered":"Provedores de servi\u00e7os comunit\u00e1rios"},"content":{"rendered":"<img decoding=\"async\" src=\"https:\/\/stg-maryland211-staging.kinsta.cloud\/wp-content\/uploads\/2025\/08\/5-1-scaled.png\" alt=\"5\" itemprop=\"image\" height=\"692\" width=\"2560\" title=\"5\" onerror=\"this.style.display='none'\" loading=\"lazy\" \/>\n\t\t<p>Trabalhamos com provedores comunit\u00e1rios para conectar os moradores de Maryland a servi\u00e7os essenciais. Como administradora autorizada pelo estado para os servi\u00e7os do 211, a Maryland Information Network tamb\u00e9m facilita o acesso \u00e0 informa\u00e7\u00e3o. <\/p>\n<p>Se voc\u00ea estiver ajudando as pessoas afetadas pela paralisa\u00e7\u00e3o do governo federal, conte-nos sobre isso em <a href=\"https:\/\/bit.ly\/211-food-help\" target=\"_blank\" rel=\"noopener\">este formul\u00e1rio<\/a> para que possamos informar o p\u00fablico sobre os recursos dispon\u00edveis nas proximidades.<\/p>\n\t\t\t<a href=\"#start\" target=\"_self\">\n\t\t\t\t\t\tCome\u00e7ar\n\t\t\t\t\t<\/a>\n\t\t\t\t<img decoding=\"async\" src=\"https:\/\/211md.org\/wp-content\/plugins\/bb-plugin\/img\/pixel.png\" alt=\"\" itemprop=\"image\" onerror=\"this.style.display='none'\" loading=\"lazy\" \/>\n\t\t\t\t<img decoding=\"async\" src=\"https:\/\/211md.org\/wp-content\/uploads\/2023\/01\/211-database.png\" alt=\"211 banco de dados de recursos pesquis\u00e1veis\" itemprop=\"image\" height=\"564\" width=\"1024\" title=\"banco de dados 211\" onerror=\"this.style.display='none'\" loading=\"lazy\" \/>\n\t\t<h2>Adicione seu recurso comunit\u00e1rio ao nosso banco de dados<\/h2>\n\t\t<p>Com mais de 8.500 recursos comunit\u00e1rios, nosso banco de dados \u00e9 o mais completo do estado para necessidades essenciais.<\/p>\n<p><a href=\"https:\/\/211md.org\/pt\/politica-de-inclusao\/\" rel=\"noopener\">Ler<\/a> Nossa pol\u00edtica de inclus\u00e3o. Se sua ag\u00eancia atender aos crit\u00e9rios, <a href=\"http:\/\/search.211md.org\" target=\"_blank\" rel=\"noopener\">verificar<\/a> Para verificar se voc\u00ea j\u00e1 est\u00e1 cadastrado.<\/p>\n<p>N\u00e3o encontrou seu lugar na lista? Informe-nos que deseja participar do Banco de Dados de Recursos da Comunidade.<\/p>\n\t\t\t<a href=\"https:\/\/docs.google.com\/forms\/d\/e\/1FAIpQLSdP1V4oqiAOGr2uK9rkCIxzTpexnlyuDmDkqfJ0CjtIbmWV0A\/viewform\" target=\"_blank\" rel=\"noopener\">\n\t\t\t\t\t\t\tAdicionar recurso\n\t\t\t\t\t<\/a>\n\t<h3>Atualize sua listagem de recursos<\/h3>\n<p>A programa\u00e7\u00e3o da sua ag\u00eancia ou o seu hor\u00e1rio de funcionamento mudaram? Se precisar atualizar a sua lista de recursos, envie um e-mail para: <a href=\"mailto:resources@211md.org\" target=\"_blank\" rel=\"noopener\">resources@211md.org<\/a>.<\/p>\n\t\t\t\t<img decoding=\"async\" src=\"https:\/\/211md.org\/wp-content\/uploads\/2023\/01\/2022_MIN_Logo_White.png\" alt=\"MIN Logo Branco\" itemprop=\"image\" height=\"446\" width=\"1272\" title=\"2022_MIN_Logo_White\" onerror=\"this.style.display='none'\" loading=\"lazy\" \/>\n\t\t\n\t\t<h3><strong>Desde 2010, <\/strong><strong>Rede de informa\u00e7\u00f5es de Maryland<br \/>\nalimentou o sistema 211 em Maryland.<\/strong><\/h3>\n\t\t\t<a href=\"https:\/\/mdinfonet.org\/\" target=\"_blank\" rel=\"noopener\">\n\t\t\t\t\t\tSaber mais\n\t\t\t\t\t<\/a>\n\t\t\t\t<img decoding=\"async\" src=\"https:\/\/211md.org\/wp-content\/uploads\/2023\/01\/211-MD_Logo-white-400x273.png\" alt=\"211 Maryland Logo white\" itemprop=\"image\" height=\"273\" width=\"400\" title=\"211-MD_Logo-white\" onerror=\"this.style.display='none'\" loading=\"lazy\" \/>\n\t<h2>Deixe que outras pessoas saibam sobre 211<\/h2>\n<h4><em>Baixe e use o kit de ferramentas de marketing 211<\/em><\/h4>\n<p>Agradecemos sua ajuda para conectar os habitantes de Maryland ao 211. Baixe materiais de marketing digital ou solicite materiais prontos para impress\u00e3o para compartilhar com sua comunidade.<\/p>\n\t\t\t<a href=\"https:\/\/211md.org\/pt\/kit-de-ferramentas-de-marketing\/\" target=\"_blank\" rel=\"noopener\">\n\t\t\t\t\t\t\tObtenha materiais de marketing\n\t\t\t\t\t<\/a>\n\t\t\t\t<img decoding=\"async\" src=\"http:\/\/211md.org\/wp-content\/uploads\/2021\/05\/Top-View-Postcard-Mockup-scaled.jpg\" alt=\"211 cart\u00f5es Maryland Outreach\" itemprop=\"image\" title=\"Modelo de cart\u00e3o postal com vista superior\" onerror=\"this.style.display='none'\" loading=\"lazy\" \/>\n\t\t<h2>Tem alguma d\u00favida sobre o 211?<\/h2>\n\t\t<p>Leia nossas Perguntas Frequentes (FAQs) ou\u00a0<strong><a href=\"\/pt\/contate-nos\/\">Contate-nos<\/a>.<\/strong><\/p>\n\t\t\t<a href=\"\/pt\/about\/perguntas-frequentes\/\" target=\"_self\">\n\t\t\t\t\t\t\tLeia nossas perguntas frequentes\n\t\t\t\t\t<\/a>\n<h2>\n\t\t\tParcerias tornam as comunidades mais fortes\t<\/h2>\n\t<p>Em tempos de grande necessidade, as ag\u00eancias estaduais e locais nos procuram para conectar os habitantes de Maryland.<\/p>\n\t\t\t\t<img decoding=\"async\" src=\"http:\/\/211md.org\/wp-content\/uploads\/2022\/04\/Group-333.svg\" alt=\"Logotipo do Gabinete de Assuntos de Imigrantes do Governador de Maryland\" itemprop=\"image\" height=\"215\" width=\"245\" title=\"Logotipo do Gabinete de Assuntos de Imigrantes do Governador de Maryland\" onerror=\"this.style.display='none'\" loading=\"lazy\" \/>\n<h3>MDStopHate<\/h3><p>Denuncie \u00f3dio, discrimina\u00e7\u00e3o ou bullying.<\/p>\n<p>O 211 tamb\u00e9m \u00e9 um recurso completo para imigrantes e novos americanos, fornecendo suporte multil\u00edngue em mais de 150 idiomas.<\/p>\n<p>&nbsp;<\/p>\n\t\t\t\t<img decoding=\"async\" src=\"http:\/\/211md.org\/wp-content\/uploads\/2021\/05\/Health-DoL_primary_rgb_300ppi-1@2x.png\" alt=\"Logotipo do Departamento de Sa\u00fade de Maryland\" itemprop=\"image\" title=\"Sa\u00fade DoL_primary_rgb_300ppi (1)@2x\" onerror=\"this.style.display='none'\" loading=\"lazy\" \/>\n<h3>211 Coordena\u00e7\u00e3o de Aten\u00e7\u00e3o \u00e0 Sa\u00fade Comportamental<\/h3><p>Esses programas conectam funcion\u00e1rios e pacientes do hospital a servi\u00e7os de sa\u00fade comportamental baseados na comunidade. Eles tamb\u00e9m fecham o ciclo com os pacientes e planejadores de alta.<\/p>\n<p>&nbsp;<\/p>\n<h2>\n\t\t\tNossos Parceiros\t<\/h2>\n\t\t\t\t<img decoding=\"async\" src=\"https:\/\/211md.org\/wp-content\/uploads\/2021\/04\/NAMI-Md@2x.png\" alt=\"logotipo NAMI Maryland\" itemprop=\"image\" height=\"38\" width=\"210\" title=\"NAMI Md@2x\" onerror=\"this.style.display='none'\" loading=\"lazy\" \/>\n\t\t\t\t<img decoding=\"async\" src=\"http:\/\/211md.org\/wp-content\/uploads\/2021\/06\/DOH-Logo.svg\" alt=\"Logotipo do Departamento de Sa\u00fade de Maryland\" itemprop=\"image\" height=\"95\" width=\"118\" title=\"DOH Logo\" onerror=\"this.style.display='none'\" loading=\"lazy\" \/>\n\t\t\t\t<img decoding=\"async\" src=\"http:\/\/211md.org\/wp-content\/uploads\/2024\/01\/Mid-Shore-Health-Improvement-Coalition-logo.png\" alt=\"Logotipo da Coaliz\u00e3o para Melhoria da Sa\u00fade de Mid Shore\" itemprop=\"image\" title=\"Logotipo da Coaliz\u00e3o para Melhoria da Sa\u00fade de Mid Shore\" onerror=\"this.style.display='none'\" loading=\"lazy\" \/>\n\t\t\t\t<img decoding=\"async\" src=\"https:\/\/211md.org\/wp-content\/uploads\/2021\/05\/Aging-DoL_primary_rgb_300ppi-3@2x.png\" alt=\"Logotipo do Departamento de Envelhecimento de Maryland\" itemprop=\"image\" height=\"213\" width=\"260\" title=\"Envelhecimento DoL_primary_rgb_300ppi (3) @ 2x\" onerror=\"this.style.display='none'\" loading=\"lazy\" \/>\n\t\t\t\t<img decoding=\"async\" src=\"http:\/\/211md.org\/wp-content\/uploads\/2024\/06\/Department-of-Public-Safety-and-Corrections.png\" alt=\"Departamento de Seguran\u00e7a P\u00fablica e Corre\u00e7\u00f5es\" itemprop=\"image\" title=\"Departamento de Seguran\u00e7a P\u00fablica e Corre\u00e7\u00f5es\" onerror=\"this.style.display='none'\" loading=\"lazy\" \/>\n\t\t\t\t<img decoding=\"async\" src=\"https:\/\/211md.org\/wp-content\/uploads\/2021\/06\/DoL_juvenile-logo.svg\" alt=\"Logotipo do Departamento de Servi\u00e7os Juvenis de Maryland\" itemprop=\"image\" height=\"103\" width=\"118\" title=\"logotipo DoL_juvenil\" onerror=\"this.style.display='none'\" loading=\"lazy\" \/>\n\t\t\t\t<img decoding=\"async\" src=\"https:\/\/211md.org\/wp-content\/uploads\/2021\/05\/RALI-Logo.svg\" alt=\"logotipo RALI\" itemprop=\"image\" height=\"111\" width=\"236\" title=\"logotipo RALI\" onerror=\"this.style.display='none'\" loading=\"lazy\" \/>\n\t\t\t\t<img decoding=\"async\" src=\"https:\/\/211md.org\/wp-content\/uploads\/2023\/01\/MDEM-primary-black-logo.png\" alt=\"logotipo preto prim\u00e1rio do MDEM\" itemprop=\"image\" height=\"233\" width=\"266\" title=\"logotipo preto prim\u00e1rio do MDEM\" onerror=\"this.style.display='none'\" loading=\"lazy\" \/>\n\t\t\t\t<img decoding=\"async\" src=\"https:\/\/211md.org\/wp-content\/uploads\/2021\/06\/MDH-logo.svg\" alt=\"Logotipo do Escrit\u00f3rio de Prepara\u00e7\u00e3o e Resposta do Departamento de Sa\u00fade de Maryland\" itemprop=\"image\" height=\"101\" width=\"172\" title=\"logo MDH\" onerror=\"this.style.display='none'\" loading=\"lazy\" \/>\n\t\t\t<a href=\"https:\/\/211md.org\/pt\/contate-nos\/\" target=\"_self\">\n\t\t\t\t\t\t\tVamos fazer parceria\n\t\t\t\t\t<\/a>\n\t<h2>Perguntas frequentes para parceiros<\/h2>\n\t\t\t\t\t<h3 id=\"fl-accordion--label-0\" tabindex=\"0\" aria-controls=\"fl-accordion--panel-0\">O que \u00e9 211 Maryland?<\/h3>\n\t\t\t\t\t\t\t\t\t\t\t<a href=\"#\" id=\"fl-accordion--icon-0\"  tabindex=\"0\"><i title=\"Colapso\">Colapso<\/i><\/a>\n\t\t\t\t\t<p>O 211 Maryland \u00e9 o Sistema de Informa\u00e7\u00e3o e Encaminhamento de Sa\u00fade e Servi\u00e7os Humanos mais completo do estado. Com mais de 7.500 recursos, pessoas com necessidades essenciais podem se conectar com ajuda local 24 horas por dia, 7 dias por semana, 365 dias por ano. O 211 Maryland \u00e9 um servi\u00e7o gratuito e confidencial, com tradu\u00e7\u00e3o dispon\u00edvel em mais de 150 idiomas.<\/p>\n<p>o<a href=\"https:\/\/mdinfonet.org\/\" target=\"_blank\" rel=\"noopener\">\u00a0Rede de informa\u00e7\u00f5es de Maryland<\/a>\u00a0(MdInfoNet), uma organiza\u00e7\u00e3o sem fins lucrativos 501(c)3, \u00e9 a administradora designada pelo estado do sistema 211 em Maryland.<\/p>\n\t\t\t\t\t<h3 id=\"fl-accordion--label-1\" tabindex=\"0\" aria-controls=\"fl-accordion--panel-1\">Como voc\u00ea mant\u00e9m seu banco de dados de recursos atualizado?<\/h3>\n\t\t\t\t\t\t\t\t\t\t\t<a href=\"#\" id=\"fl-accordion--icon-1\"  tabindex=\"0\"><i title=\"Expandir\">Expandir<\/i><\/a>\n\t\t\t\t\t<p>O banco de dados abrangente de mais de 7.500 recursos estaduais \u00e9 atualizado pelo menos uma vez por ano e, muitas vezes, com mais frequ\u00eancia. Contamos com nossa verifica\u00e7\u00e3o anual, atualiza\u00e7\u00f5es de ag\u00eancias e feedback de chamadores para conectar os moradores de Maryland com os melhores recursos para sua localiza\u00e7\u00e3o e as \u00faltimas qualifica\u00e7\u00f5es de programa no momento de sua necessidade.<\/p>\n<p><a href=\"https:\/\/211md.org\/pt\/parceiro\/\">Verifique sua organiza\u00e7\u00e3o no banco de dados 211 Maryland<\/a>, e atualize-o.<\/p>\n\t\t\t\t\t<h3 id=\"fl-accordion--label-2\" tabindex=\"0\" aria-controls=\"fl-accordion--panel-2\">Como adiciono minha ag\u00eancia ao banco de dados?<\/h3>\n\t\t\t\t\t\t\t\t\t\t\t<a href=\"#\" id=\"fl-accordion--icon-2\"  tabindex=\"0\"><i title=\"Expandir\">Expandir<\/i><\/a>\n\t\t\t\t\t<p>Como conector central para Maryland, damos as boas-vindas a novas organiza\u00e7\u00f5es em nosso banco de dados. Aceitamos solicita\u00e7\u00f5es dos seguintes grupos sem fins lucrativos e com fins lucrativos:<\/p>\n<ul>\n<li>sem fins lucrativos\u00a0<u>e<\/u>\u00a0organiza\u00e7\u00f5es cr\u00edticas com fins lucrativos e ag\u00eancias e funcion\u00e1rios governamentais que prestam servi\u00e7os de sa\u00fade, servi\u00e7os sociais, educacionais, bibliotec\u00e1rios, trabalhistas, jur\u00eddicos, recreativos e outros servi\u00e7os humanos.<\/li>\n<li>Organiza\u00e7\u00f5es sem fins lucrativos, como grupos religiosos, clubes sociais e associa\u00e7\u00f5es comunit\u00e1rias, que oferecem servi\u00e7os \u00e0 comunidade em geral, n\u00e3o apenas a seus pr\u00f3prios membros.<\/li>\n<li>Grupos de apoio de autoajuda sem fins lucrativos (um \u201cgrupo de autoajuda\u201d \u00e9 uma reuni\u00e3o volunt\u00e1ria de pessoas que compartilham um problema, condi\u00e7\u00e3o ou hist\u00f3ria semelhante).<\/li>\n<li>sem fins lucrativos\u00a0<u>e<\/u>\u00a0organiza\u00e7\u00f5es cr\u00edticas com fins lucrativos, multi-estaduais ou nacionais n\u00e3o localizadas em Maryland que fornecem sa\u00fade e servi\u00e7os humanos aos residentes de Maryland.<\/li>\n<li>Organiza\u00e7\u00f5es sem fins lucrativos que defendem programas e pol\u00edticas de servi\u00e7os humanos que ap\u00f3iam um ambiente saud\u00e1vel.<\/li>\n<\/ul>\n<p>Para mais informa\u00e7\u00f5es e para iniciar o processo de candidatura,\u00a0<a href=\"https:\/\/211md.org\/pt\/parceiro\/\">v\u00e1 aqui.<\/a><\/p>\n\t\t\t\t\t<h3 id=\"fl-accordion--label-3\" tabindex=\"0\" aria-controls=\"fl-accordion--panel-3\">Os especialistas em chamadas do 211 Maryland s\u00e3o treinados ou certificados?<\/h3>\n\t\t\t\t\t\t\t\t\t\t\t<a href=\"#\" id=\"fl-accordion--icon-3\"  tabindex=\"0\"><i title=\"Expandir\">Expandir<\/i><\/a>\n\t\t\t\t\t<p>A equipe do call center \u00e9 certificada e credenciada pela Alliance of Information and Referral Systems (AIRS) e pela American Association of Suicidology (AAS). Ambas s\u00e3o organiza\u00e7\u00f5es profissionais nacionais.<\/p>\n<p>Os especialistas em informa\u00e7\u00e3o e refer\u00eancia tamb\u00e9m s\u00e3o formados e experientes em recursos de sa\u00fade e servi\u00e7os humanos. Eles possuem bacharelado ou mestrado em servi\u00e7o social, servi\u00e7os humanos, aconselhamento ou \u00e1reas afins, al\u00e9m de pelo menos um ano de experi\u00eancia.<\/p>\n\t\t\t\t\t<h3 id=\"fl-accordion--label-4\" tabindex=\"0\" aria-controls=\"fl-accordion--panel-4\">Que tipos de chamadas voc\u00ea atende?<\/h3>\n\t\t\t\t\t\t\t\t\t\t\t<a href=\"#\" id=\"fl-accordion--icon-4\"  tabindex=\"0\"><i title=\"Expandir\">Expandir<\/i><\/a>\n\t\t\t\t\t<p>211 Maryland pode servir como conector central para as seguintes necessidades essenciais de sa\u00fade e servi\u00e7os humanos:<\/p>\n<ul>\n<li>Comida<\/li>\n<li>Habita\u00e7\u00e3o<\/li>\n<li>Abrigos de emerg\u00eancia<\/li>\n<li>Assist\u00eancia utilit\u00e1ria<\/li>\n<li>Assist\u00eancia financeira<\/li>\n<li>Abuso de subst\u00e2ncias<\/li>\n<li>Sa\u00fade mental<\/li>\n<li>Suic\u00eddio e Interven\u00e7\u00e3o em Crise<\/li>\n<li>Cuidados de sa\u00fade<\/li>\n<li>Crian\u00e7as e fam\u00edlias (cuidados infantis, apoio aos pais, suprimentos e roupas, prontid\u00e3o escolar)<\/li>\n<li>Informa\u00e7\u00f5es fiscais e assist\u00eancia na prepara\u00e7\u00e3o<\/li>\n<li>Envelhecimento e defici\u00eancia<\/li>\n<li>Servi\u00e7os legais<\/li>\n<li>Viol\u00eancia dom\u00e9stica, abrigo e apoio<\/li>\n<li>Emprego<\/li>\n<li>veteranos<\/li>\n<li>Transporte<\/li>\n<\/ul>\n\t\t\t\t\t<h3 id=\"fl-accordion--label-5\" tabindex=\"0\" aria-controls=\"fl-accordion--panel-5\">Qual \u00e9 a diferen\u00e7a entre o 211 Maryland United Way Helpline e o 211 Maryland?<\/h3>\n\t\t\t\t\t\t\t\t\t\t\t<a href=\"#\" id=\"fl-accordion--icon-5\"  tabindex=\"0\"><i title=\"Expandir\">Expandir<\/i><\/a>\n\t\t\t\t\t<p>Criada por meio de legisla\u00e7\u00e3o estadual, a Maryland Information Network (MdInfoNet) \u00e9 a administradora designada pelo estado do sistema 211 em Maryland. A MdInfoNet supervisiona e mant\u00e9m uma rede de servi\u00e7os de informa\u00e7\u00e3o e encaminhamento dispon\u00edvel a todos os residentes de Maryland. Para conectar os moradores de Maryland em todas as regi\u00f5es do estado, contamos com uma rede de call centers.<\/p>\n<p>A United Way of Central Maryland fornece cobertura para uma \u00e1rea do estado. A 211 Maryland utiliza outros call centers estrategicamente posicionados para alcan\u00e7ar os moradores de Maryland em todas as regi\u00f5es do estado.<\/p>\n\t\t\t\t\t<h3 id=\"fl-accordion--label-6\" tabindex=\"0\" aria-controls=\"fl-accordion--panel-6\">Como posso informar outras pessoas sobre a 211 Maryland e seus programas?<\/h3>\n\t\t\t\t\t\t\t\t\t\t\t<a href=\"#\" id=\"fl-accordion--icon-6\"  tabindex=\"0\"><i title=\"Expandir\">Expandir<\/i><\/a>\n\t\t\t\t\t<p>Agradecemos por informar os moradores de Maryland sobre os programas e servi\u00e7os da 211 Maryland. Voc\u00ea pode usar nossos cart\u00f5es de divulga\u00e7\u00e3o e fichas t\u00e9cnicas do programa.\u00a0<a href=\"https:\/\/211md.org\/pt\/kit-de-ferramentas-de-marketing\/\" target=\"_blank\" rel=\"noopener\">Baixe as ferramentas de marketing.<\/a><\/p>\n\t\t\t\t\t<h3 id=\"fl-accordion--label-7\" tabindex=\"0\" aria-controls=\"fl-accordion--panel-7\">Como o 211 Maryland \u00e9 financiado?<\/h3>\n\t\t\t\t\t\t\t\t\t\t\t<a href=\"#\" id=\"fl-accordion--icon-7\"  tabindex=\"0\"><i title=\"Expandir\">Expandir<\/i><\/a>\n\t\t\t\t\t<p>O sistema 211 em Maryland \u00e9 alimentado pela\u00a0<a href=\"https:\/\/mdinfonet.org\/\" target=\"_blank\" rel=\"noopener\">Rede de informa\u00e7\u00f5es de Maryland<\/a>, uma organiza\u00e7\u00e3o sem fins lucrativos 501(c)(3). Os recursos s\u00e3o recebidos do setor p\u00fablico e privado.<\/p>\n\t\t\t\t\t<h3 id=\"fl-accordion--label-8\" tabindex=\"0\" aria-controls=\"fl-accordion--panel-8\">As doa\u00e7\u00f5es s\u00e3o dedut\u00edveis de impostos?<\/h3>\n\t\t\t\t\t\t\t\t\t\t\t<a href=\"#\" id=\"fl-accordion--icon-8\"  tabindex=\"0\"><i title=\"Expandir\">Expandir<\/i><\/a>\n\t\t\t\t\t<p>Sim.\u00a0<a href=\"https:\/\/211md.org\/pt\/doar\/\">As doa\u00e7\u00f5es s\u00e3o dedut\u00edveis de impostos<\/a>.<\/p>\n\t\t\t\t\t<h3 id=\"fl-accordion--label-9\" tabindex=\"0\" aria-controls=\"fl-accordion--panel-9\">Como entro em contato com o sistema 211 em Maryland?<\/h3>\n\t\t\t\t\t\t\t\t\t\t\t<a href=\"#\" id=\"fl-accordion--icon-9\"  tabindex=\"0\"><i title=\"Expandir\">Expandir<\/i><\/a>\n\t\t\t\t\t<p><strong>O email:\u00a0<\/strong><a href=\"mailto:info@211md.org\">info@211md.org<\/a><\/p>\n<p><strong>Correspond\u00eancia:<\/strong>\u00a09770 Patuxent Woods Drive, Suite 334, Columbia, MD 21046<\/p>","protected":false},"excerpt":{"rendered":"<p>Trabalhamos com provedores comunit\u00e1rios para conectar os moradores de Maryland a servi\u00e7os essenciais. Como administradora autorizada pelo estado para os servi\u00e7os do 211, a Maryland Information Network tamb\u00e9m facilita o acesso \u00e0 informa\u00e7\u00e3o. Se voc\u00ea estiver ajudando pessoas afetadas pela paralisa\u00e7\u00e3o do governo federal, informe-nos neste formul\u00e1rio para que possamos divulgar os recursos dispon\u00edveis nas proximidades. Comece agora.<\/p>","protected":false},"author":8,"featured_media":33780,"parent":0,"menu_order":0,"comment_status":"closed","ping_status":"closed","template":"","meta":{"footnotes":""},"class_list":["post-486","page","type-page","status-publish","has-post-thumbnail","hentry"],"_links":{"self":[{"href":"https:\/\/211md.org\/pt\/wp-json\/wp\/v2\/pages\/486","targetHints":{"allow":["GET"]}}],"collection":[{"href":"https:\/\/211md.org\/pt\/wp-json\/wp\/v2\/pages"}],"about":[{"href":"https:\/\/211md.org\/pt\/wp-json\/wp\/v2\/types\/page"}],"author":[{"embeddable":true,"href":"https:\/\/211md.org\/pt\/wp-json\/wp\/v2\/users\/8"}],"replies":[{"embeddable":true,"href":"https:\/\/211md.org\/pt\/wp-json\/wp\/v2\/comments?post=486"}],"version-history":[{"count":11,"href":"https:\/\/211md.org\/pt\/wp-json\/wp\/v2\/pages\/486\/revisions"}],"predecessor-version":[{"id":34166,"href":"https:\/\/211md.org\/pt\/wp-json\/wp\/v2\/pages\/486\/revisions\/34166"}],"wp:featuredmedia":[{"embeddable":true,"href":"https:\/\/211md.org\/pt\/wp-json\/wp\/v2\/media\/33780"}],"wp:attachment":[{"href":"https:\/\/211md.org\/pt\/wp-json\/wp\/v2\/media?parent=486"}],"curies":[{"name":"wp","href":"https:\/\/api.w.org\/{rel}","templated":true}]}}