{"id":4932,"date":"2025-08-18T17:21:52","date_gmt":"2025-08-18T21:21:52","guid":{"rendered":"https:\/\/211md.org\/?page_id=4932"},"modified":"2025-10-14T19:36:17","modified_gmt":"2025-10-14T23:36:17","slug":"porto-seguro","status":"publish","type":"page","link":"https:\/\/211md.org\/pt\/resources\/children-families\/safe-haven\/","title":{"rendered":"Safe Haven: Ajuda para novos pais que n\u00e3o podem cuidar de uma crian\u00e7a"},"content":{"rendered":"<img decoding=\"async\" src=\"http:\/\/211md.org\/wp-content\/uploads\/2025\/07\/Pregnant-mom-looking-out-window.jpg\" alt=\"M\u00e3e gr\u00e1vida olhando pela janela\" itemprop=\"image\" title=\"M\u00e3e gr\u00e1vida olhando pela janela\" onerror=\"this.style.display='none'\" loading=\"lazy\" \/>\n\t<p>H\u00e1 ajuda dispon\u00edvel para mulheres gr\u00e1vidas ou que tiveram um beb\u00ea recentemente e n\u00e3o est\u00e3o prontas para serem m\u00e3es ou constituir fam\u00edlia.<\/p>\n<h2>O que \u00e9 Safe Haven?<\/h2>\n<p>O Safe Haven oferece uma alternativa legal e segura para os pais entregarem anonimamente um beb\u00ea ileso de at\u00e9 60 dias de idade.<\/p>\n<p>N\u00e3o h\u00e1 consequ\u00eancias legais pelo uso do programa se o beb\u00ea tiver sido cuidado at\u00e9 esse momento.<\/p>\n<p>Voc\u00ea n\u00e3o precisa responder nenhuma pergunta.<\/p>\n<p>O objetivo \u00e9 dar aos pais uma alternativa segura e proporcionar aos beb\u00eas um come\u00e7o saud\u00e1vel.<\/p>\n\t<h2>Como funciona<\/h2>\n<p>Os pais ou outro adulto maior de 18 anos podem entregar o beb\u00ea em um local designado.<\/p>\n<p>Isso inclui quart\u00e9is de bombeiros, delegacias de pol\u00edcia ou um consult\u00f3rio m\u00e9dico designado.<\/p>\n<p>Tudo o que precisa ser dito \u00e9: &quot;Este \u00e9 um beb\u00ea Safe Haven&quot;.<\/p>\n<p>Como parceira do Safe Haven, a 211 pode conectar os moradores de Maryland aos locais do Safe Haven.<\/p>\n<p>Ligue para 211 e fale com uma pessoa atenciosa e compassiva que lhe dar\u00e1 suporte confi\u00e1vel e claro.<\/p>\n\t\t\t\t<img decoding=\"async\" src=\"https:\/\/211md.org\/wp-content\/uploads\/2025\/08\/Safe-Haven-logo-400x279.png\" alt=\"Logotipo do Safe Haven\" itemprop=\"image\" height=\"279\" width=\"400\" title=\"Logotipo do Safe Haven\" onerror=\"this.style.display='none'\" loading=\"lazy\" \/>\n\t\t<h3>Encontre um local seguro<\/h3>\n\t\t<p>Os pais tamb\u00e9m podem pesquisar locais em Maryland por c\u00f3digo postal.<\/p>\n<p>Quando o indiv\u00edduo chegar com o beb\u00ea ileso, diga: \u201cEste \u00e9 um beb\u00ea Safe Haven\u201d.<\/p>\n\t\t\t<a href=\"https:\/\/search.211md.org\/search?query=LJ-5000.8000&#038;query_label=Safe+Havens+for+Abandoned+Newborns&#038;query_type=taxonomy\" target=\"_blank\" rel=\"noopener\">\n\t\t\t\t\t\t\tEncontre um local de ref\u00fagio seguro\n\t\t\t\t\t<\/a>\n\t<h3>perguntas frequentes<\/h3>\n<p>Tem d\u00favidas? Obtenha respostas ou ligue para 211 para obter ajuda.<\/p>\n<h3>O que \u00e9 Safe Haven?<\/h3>\n<p>Um programa criado para proteger o rec\u00e9m-nascido de perigos ou morte e para proteger voc\u00ea de a\u00e7\u00f5es legais.<\/p>\n<p>A crian\u00e7a pode ser entregue sem pris\u00e3o ou processo judicial dentro de 60 dias ap\u00f3s o nascimento.<\/p>\n<h3>O que voc\u00ea quer dizer com ileso?<\/h3>\n<p>Isso significa que a crian\u00e7a n\u00e3o sofre abuso ou neglig\u00eancia, e que n\u00e3o h\u00e1 evid\u00eancias de danos f\u00edsicos ou falha em cuidar dela.<\/p>\n<h3>Onde os beb\u00eas podem ser entregues com seguran\u00e7a?<\/h3>\n<p>Os beb\u00eas podem ser entregues anonimamente em um hospital de Maryland, consult\u00f3rio m\u00e9dico designado, delegacia de pol\u00edcia ou quartel de bombeiros. <a href=\"https:\/\/search.211md.org\/search?query=LJ-5000.8000&amp;query_label=Safe+Havens+for+Abandoned+Newborns&amp;query_type=taxonomy\" target=\"_blank\" rel=\"noopener\">Procurar<\/a> para um local Safe Haven pelo c\u00f3digo postal ou disque 211.<\/p>\n<h3>O que algu\u00e9m deve dizer durante a transfer\u00eancia?<\/h3>\n<p>Basta dizer: &quot;Este \u00e9 um beb\u00ea Safe Haven&quot; e ir embora.<\/p>\n<p>Podem ser feitas perguntas sobre a sa\u00fade do beb\u00ea e o hist\u00f3rico de sa\u00fade da fam\u00edlia para que os cuidadores possam oferecer melhores cuidados ao beb\u00ea, mas n\u00e3o h\u00e1 obriga\u00e7\u00e3o de responder a essas perguntas.<\/p>\n<h3>Estou com medo. Algu\u00e9m pode fazer a transfer\u00eancia para mim?<\/h3>\n<p>Sim, desde que sejam maiores de 18 anos. N\u00e3o \u00e9 necess\u00e1rio responder a perguntas.<\/p>\n<p>Basta dizer: &quot;Este \u00e9 um beb\u00ea Safe Haven&quot;.<\/p>\n<h3>O que acontecer\u00e1 com o beb\u00ea?<\/h3>\n<p>A crian\u00e7a receber\u00e1 toda a aten\u00e7\u00e3o m\u00e9dica necess\u00e1ria e ent\u00e3o ser\u00e1 entregue ao Departamento de Servi\u00e7os Sociais local e colocada para ado\u00e7\u00e3o.<\/p>\n<h3>E se eu mudar de ideia?<\/h3>\n<p>O objetivo \u00e9 colocar o beb\u00ea em um lar permanente, seguro e est\u00e1vel. No entanto, os indiv\u00edduos podem entrar em contato com o Departamento de Servi\u00e7os Sociais local.<\/p>\n<h3>Onde os pais podem receber assist\u00eancia m\u00e9dica?<\/h3>\n<p>Se voc\u00ea estiver sentindo dor, sangramento intenso ou febre, v\u00e1 ao pronto-socorro mais pr\u00f3ximo ou entre em contato com um m\u00e9dico para obter ajuda.<\/p>\n<p>Lembre-se, entregar um beb\u00ea ao Safe Haven \u00e9 legal e voc\u00ea n\u00e3o enfrentar\u00e1 consequ\u00eancias.<\/p>\n<h3>Tem outras perguntas?<\/h3>\n<p>Ligue para 211, para o Departamento de Servi\u00e7os Humanos em 1-800-332-6347 ou para um <a href=\"https:\/\/dhs.maryland.gov\/local-offices\/\" target=\"_blank\" rel=\"noopener\">local<\/a> Departamento de Servi\u00e7os Sociais. As liga\u00e7\u00f5es s\u00e3o an\u00f4nimas. Pe\u00e7a para falar com algu\u00e9m da Safe Haven.<\/p>\n<p>&nbsp;<\/p>","protected":false},"excerpt":{"rendered":"<p>H\u00e1 ajuda dispon\u00edvel para gestantes ou rec\u00e9m-nascidas que ainda n\u00e3o est\u00e3o prontas para serem m\u00e3es ou constituir fam\u00edlia. O que \u00e9 o Safe Haven? O Safe Haven oferece uma alternativa legal e segura para que os pais entreguem anonimamente um beb\u00ea ileso de at\u00e9 60 dias de vida. N\u00e3o h\u00e1\u2026<\/p>","protected":false},"author":7,"featured_media":4934,"parent":839,"menu_order":0,"comment_status":"closed","ping_status":"closed","template":"","meta":{"footnotes":""},"class_list":["post-4932","page","type-page","status-publish","has-post-thumbnail","hentry"],"_links":{"self":[{"href":"https:\/\/211md.org\/pt\/wp-json\/wp\/v2\/pages\/4932","targetHints":{"allow":["GET"]}}],"collection":[{"href":"https:\/\/211md.org\/pt\/wp-json\/wp\/v2\/pages"}],"about":[{"href":"https:\/\/211md.org\/pt\/wp-json\/wp\/v2\/types\/page"}],"author":[{"embeddable":true,"href":"https:\/\/211md.org\/pt\/wp-json\/wp\/v2\/users\/7"}],"replies":[{"embeddable":true,"href":"https:\/\/211md.org\/pt\/wp-json\/wp\/v2\/comments?post=4932"}],"version-history":[{"count":6,"href":"https:\/\/211md.org\/pt\/wp-json\/wp\/v2\/pages\/4932\/revisions"}],"predecessor-version":[{"id":4985,"href":"https:\/\/211md.org\/pt\/wp-json\/wp\/v2\/pages\/4932\/revisions\/4985"}],"up":[{"embeddable":true,"href":"https:\/\/211md.org\/pt\/wp-json\/wp\/v2\/pages\/839"}],"wp:featuredmedia":[{"embeddable":true,"href":"https:\/\/211md.org\/pt\/wp-json\/wp\/v2\/media\/4934"}],"wp:attachment":[{"href":"https:\/\/211md.org\/pt\/wp-json\/wp\/v2\/media?parent=4932"}],"curies":[{"name":"wp","href":"https:\/\/api.w.org\/{rel}","templated":true}]}}